{"id":1002,"date":"2024-05-18T02:29:46","date_gmt":"2024-05-18T00:29:46","guid":{"rendered":"https:\/\/www.artisanlocal.ch\/c\/vos-experts-en-plomberie-a-villeneuve\/"},"modified":"2025-08-26T19:27:45","modified_gmt":"2025-08-26T17:27:45","slug":"vos-experts-en-plomberie-a-villeneuve","status":"publish","type":"page","link":"https:\/\/www.artisanlocal.ch\/c\/vos-experts-en-plomberie-a-villeneuve\/","title":{"rendered":"Vos experts en plomberie \u00e0 Villeneuve VD"},"content":{"rendered":"<p>Si vous \u00eates un habitant de Villeneuve VD, en cas d&rsquo;urgence, nos plombiers professionnels se d\u00e9placent \u00e0 votre logement.<\/p>\n\r\n<div class=\"box\">\r\n    <h2 class=\"text-dark\">Nous cherchons un <em class=\"text-primary\">Sanitaire<\/em> dans la r\u00e9gion de <em class=\"text-primary\">Villeneuve VD<\/em>  en exclusivit\u00e9, afin de proposer vos services \u00e0 nos clients propri\u00e9taires.<\/h2>\r\n    <p>Une opportunit\u00e9 unique pour booster votre activit\u00e9 \u00e0 <strong>Villeneuve VD<\/strong> et aux alentours dans votre domaine (Sanitaire).<\/p>\r\n    <p>Nous travaillons en exclusivit\u00e9 avec qu'une soci\u00e9t\u00e9 par m\u00e9tier et par r\u00e9gion. <br>Votre entreprise est pr\u00e9sente sur tous les documents immobiliers. Afin d'\u00eatre mieux vu sur le net, vous \u00eates \u00e9galement visible sur nos deux sites et sur les pages de r\u00e9f\u00e9rencement de votre r\u00e9gion.<\/p>\r\n    <a href=\"\/contact\" class=\"wp-block-button__link has-accent-background-color has-text-align-center wp-element-button\">R\u00e9server<\/a>\r\n<\/div>\n<h2>Pourquoi faire appel \u00e0 Artisanlocal \u00e0 Villeneuve VD ?<\/h2>\n<ul>\n<li>Nos plombiers sont joignables tous les jours et les jours f\u00e9ri\u00e9s.<\/li>\n<li>Nos devis sont gratuits.<\/li>\n<li>Nous utilisons les derni\u00e8res m\u00e9thodes de pointes.<\/li>\n<li>Notre entreprise est \u00e9tabli \u00e0 Villeneuve VD ce qui nous permet d&rsquo;intervenir en urgence \u00e0 votre logement.<\/li>\n<li>Nos prix sont comp\u00e9titifs.<\/li>\n<li>Tous nos artisans plombiers sont qualifi\u00e9s et poss\u00e8dent les comp\u00e9tences n\u00e9cessaires.<\/li>\n<li>Avant toute intervention, nous examinons votre installation de plomberie.<\/li>\n<li>Nous g\u00e9rons tous les travaux de plomberie possibles.<\/li>\n<\/ul>\n<h2>Quels sont les prestations propos\u00e9es par Artisanlocal ?<\/h2>\n<ul>\n<li>Nous localisons les fuites et ensuite, nous r\u00e9parons vos canalisations.<\/li>\n<li>Le remplacement de votre \u00e9quipement sanitaire.<\/li>\n<li>La restauration de votre sanitaire.<\/li>\n<li>Les travaux de plomberie, comme : l\u2019installation de robinet, \u00e9vier, lavabo et de la tuyauterie.<\/li>\n<li>La pose de chaudi\u00e8res ou de ballons d&rsquo;eau chaude.<\/li>\n<li>Nous accomplissons le d\u00e9bouchage et l&rsquo;assainissement de vos canalisations.<\/li>\n<li>Nous restaurons enti\u00e8rement les salles de bain.<\/li>\n<li>La vidange de fosse septique.<\/li>\n<\/ul>\n<h2>Comment fonctionne Artisanlocal ?<\/h2>\n<ol>\n<li>Une fois que vous nous avez contact\u00e9s par t\u00e9l\u00e9phone ou email, nous rentrons en contact avec vous pour \u00e9valuer votre probl\u00e8me.<\/li>\n<li>Ensuite, nous vous donnons un devis gratuit. Vous ne d\u00e9penserez aucuns frais additionnels, sauf si vous ayez besoin de pi\u00e8ces de remplacement ou de gros travaux.<\/li>\n<li>Apr\u00e8s avoir donn\u00e9 votre accord pour l&rsquo;estimation, nous d\u00e9ciderons ensemble du jour de l&rsquo;intervention \u00e0 votre domicile.<\/li>\n<\/ol>\n<h2>Entreprise de plomberie pour les particuliers \u00e0 Villeneuve VD<\/h2>\n<p>Si votre plomberie est d\u00e9fectueuse, votre eau peut-\u00eatre pollu\u00e9e et vous pouvez mettre en danger la sant\u00e9 vos proches, c&rsquo;est pour cela que le plombier qui op\u00e8re \u00e0 votre logement r\u00e9alise :<\/p>\n<ul>\n<li>La r\u00e9paration de fuites.<\/li>\n<li>L&rsquo;entretien et le d\u00e9bouchage de vos tuyaux.<\/li>\n<li>La maintenance de votre chauffe-eau.<\/li>\n<li>Le contr\u00f4le de vos canalisations.<\/li>\n<li>La r\u00e9novation de vos tuyaux de canalisations.<\/li>\n<li>Le nettoyage apr\u00e8s les d\u00e9g\u00e2ts des eaux.<\/li>\n<\/ul>\n<h2>Artisanlocal aux services des entreprises \u00e0 Villeneuve VD<\/h2>\n<p>\u00c0 Villeneuve VD, il y a des boutiques de vente au d\u00e9tail, PME et restaurants. Les robinets qui coulent, les \u00e9vacuations qui refoulent et les chauffe-eau qui marchent mal sont des probl\u00e8mes qui peuvent provoquer une chute de productivit\u00e9 ou encore ab\u00eemer vos bureaux. Notre soci\u00e9t\u00e9 propose des prestations de plomberie pour votre entreprise \u00e0 Villeneuve VD, comme :<\/p>\n<ul>\n<li>Le d\u00e9gorgement de vos \u00e9viers et le changement de vos mitigeurs de cuisine.<\/li>\n<li>L&rsquo;inspection et la r\u00e9paration de vos tuyaux.<\/li>\n<li>Le nettoyage par jet d&rsquo;eau de vos tuyaux de canalisations.<\/li>\n<li>La mise en place de nouveaux dispositifs de plomberie.<\/li>\n<li>Le nettoyage, le changement ou la remise en \u00e9tat de bac \u00e0 graisse.<\/li>\n<li>La mise en place, la r\u00e9paration et l&rsquo;entretien de votre chauffe-eau ou chauffage.<\/li>\n<li>La r\u00e9novation de vos tuyaux de canalisations.<\/li>\n<li>Le service de d\u00e9pannage de vos appareils sanitaires.<\/li>\n<li>L&rsquo;examen de vos tuyaux par cam\u00e9ra vid\u00e9o.<\/li>\n<\/ul>\n<h2>Service d&rsquo;entretien de vos tuyaux de canalisations \u00e0 Villeneuve VD en urgence<\/h2>\n<p>Nos artisans assainissent vos canalisations \u00e0 Villeneuve VD en urgence pour vous \u00e9viter des probl\u00e8mes d\u2019\u00e9coulement de vos eaux us\u00e9es, des remont\u00e9es de mauvaises odeurs ou encore du d\u00e9bordement de vos toilettes, \u00e9viers ou baignoires, de plus, nos plombiers interviennent rapidement pour vos :<\/p>\n<ul>\n<li>Lavabos.<\/li>\n<li>Toilettes.<\/li>\n<li>Toits (goutti\u00e8res).<\/li>\n<li>\u00c9gouts.<\/li>\n<li>Canalisations. <\/li>\n<\/ul>\n<h2>Nettoyage et entretien des r\u00e9seaux d&rsquo;\u00e9gouts \u00e0 Villeneuve VD<\/h2>\n<p>Les \u00e9gouts constituent le syst\u00e8me central de la plomberie. Il \u00e9vacue les eaux us\u00e9es des toilettes, des lavabos et des autres appareils sanitaires. Si votre \u00e9gout est bouch\u00e9 ou que l&rsquo;eau remonte, cela peut causer des d\u00e9g\u00e2ts dans votre domicile, et compromettre votre s\u00e9curit\u00e9.<\/p>\n<p>L&rsquo;entretien fr\u00e9quent de votre \u00e9gout permet d&rsquo;\u00e9viter la formation de bouchons et les refoulements dans les canalisations. Nos plombiers professionnels \u00e0 Villeneuve VD utilisent les derni\u00e8res technologies pour v\u00e9rifier, assainir et garantir le d\u00e9bit de l&rsquo;eau dans vos canalisations.<\/p>\n<p>Notre soci\u00e9t\u00e9 remplace les conduits de votre syst\u00e8me d&rsquo;\u00e9gout en cas de d\u00e9g\u00e2ts. Notre soci\u00e9t\u00e9 offre aussi le nettoyage de votre entreprise ou de votre h\u00e9bergement \u00e0 la suite d&rsquo;un d\u00e9g\u00e2t des eaux. Nous s\u00e9chons et d\u00e9shumidifions les zones touch\u00e9es dans le but de minimiser les risques d&rsquo;apparition de moisissures.<\/p>\n<h2>Services de d\u00e9pannage et d&rsquo;installation de chauffe-eau \u00e0 Villeneuve VD<\/h2>\n<p>Il n&rsquo;y a que de l&rsquo;eau froide dans votre domicile ? Il est probable que vous ayez des probl\u00e8mes avec votre cumulus. Artisanlocal effectue la remise en \u00e9tat de votre chauffe-eau en urgence. Voici les indices qui indiquent des probl\u00e8mes :<\/p>\n<ul>\n<li>La baisse du d\u00e9bit de l\u2019eau chaude : cela peut-\u00eatre d\u00fb \u00e0 une fuite d&rsquo;eau dans votre chauffe-eau, ou un \u00e9l\u00e9ment chauffant d\u00e9fectueux ou l&rsquo;accumulation de s\u00e9diments au fond du r\u00e9servoir.<\/li>\n<li>De l&rsquo;eau \u00e0 proximit\u00e9 de votre r\u00e9servoir : une flaque d&rsquo;eau au pied du cumulus peut-\u00eatre l&rsquo;indication d&rsquo;un dysfonctionnement, ou possiblement d&rsquo;une fissure dans le r\u00e9servoir.<\/li>\n<li>Vous percevez des bruits \u00e9tranges qui proviennent du chauffe-eau : des bruits bizarres peuvent r\u00e9v\u00e9ler un d\u00e9p\u00f4t de s\u00e9diments, une fuite ou une panne de l&rsquo;\u00e9l\u00e9ment chauffant.<\/li>\n<li>L&rsquo;eau est d\u00e9color\u00e9e : cela peut \u00eatre d\u00fb \u00e0 la rouille ou \u00e0 d&rsquo;autres contaminants pr\u00e9sents dans le chauffe-eau.<\/li>\n<li>Le chauffe-eau est sans cesse en marche : si vous constatez que votre chauffe-eau est sans cesse en marche, il est possible que votre chauffe-eau \u00e0 une panne.<\/li>\n<\/ul>\n<p>En faisant appel \u00e0 Artisanlocal d\u00e8s le premier signal d&rsquo;alerte, vous pouvez \u00e9viter des r\u00e9parations hors de prix.<\/p>\n<h2>Services de nettoyage apr\u00e8s un d\u00e9g\u00e2t des eaux<\/h2>\n<p>Nos plombiers professionnels nettoient votre domicile suite \u00e0 un d\u00e9g\u00e2t des eaux \u00e0 Villeneuve VD, nous sommes disponibles pour vous aider en cas de caves submerg\u00e9es, de fortes pr\u00e9cipitations, de ruptures de tuyaux, de refoulements d&rsquo;\u00e9gouts, et de d\u00e9bordements de toilettes et de baignoires et d&rsquo;autres soucis de plomberie li\u00e9s \u00e0 un dommages caus\u00e9s par l&rsquo;eau.<\/p>\n<h2>Questions fr\u00e9quemment pos\u00e9es<\/h2>\n<h3>Quel tarif pour faire intervenir un plombier \u00e0 Villeneuve VD ?<\/h3>\n<p>Apr\u00e8s \u00e9tude de votre probl\u00e8me de plomberie, notre entreprise vous offre un devis gratuit. Les montants suivants de nos services sont fournis \u00e0 titre indicatif \u00e0 Villeneuve VD :<\/p>\n<table border=\"1\">\n<tbody>\n<tr>\n<th>Services<\/th>\n<th>Prix CHF<\/th>\n<\/tr>\n<tr>\n<td>Mise en place d\u2019un lavabo<\/td>\n<td>280.00<\/td>\n<\/tr>\n<tr>\n<td>Tarif horaire : mise en place sanitaire<\/td>\n<td>110.00 \u00e0 129.00<\/td>\n<\/tr>\n<tr>\n<td>Pose et raccordement, d\u2019un siphon \u00e0 un \u00e9vier<\/td>\n<td>70.00<\/td>\n<\/tr>\n<tr>\n<td>Montage mobilier de salle d&rsquo;eau<\/td>\n<td>95.00<\/td>\n<\/tr>\n<tr>\n<td>Mise en place et raccord, d\u2019une douche \u00e0 la robinetterie<\/td>\n<td>86.00<\/td>\n<\/tr>\n<tr>\n<td>Installation d\u2019un r\u00e9servoir de toilette<\/td>\n<td>112.00<\/td>\n<\/tr>\n<tr>\n<td>Fixation d\u2019accessoires de salle d&rsquo;eau<\/td>\n<td>60.00<\/td>\n<\/tr>\n<tr>\n<td>Pose d\u2019un toilette suspendu<\/td>\n<td>170.00<\/td>\n<\/tr>\n<tr>\n<td>D\u00e9placement du plombier aller-retour<\/td>\n<td>100.00<\/td>\n<\/tr>\n<\/tbody>\n<\/table>\n<h3>Votre soci\u00e9t\u00e9 \u00e0 Villeneuve VD est ouverte le samedi et le dimanche ?<\/h3>\n<p>Notre prestation de plomberie est joignable 24h\/24, 7j\/7 et m\u00eame durant les jours f\u00e9ri\u00e9s.<\/p>\n<h3>Les artisans plombiers d&rsquo;Artisanlocal effectuent des interventions \u00e0 Villeneuve VD et dans les communes voisines ?<\/h3>\n<p>Oui, les plombiers de notre entreprise interviennent \u00e0 Villeneuve VD, \u00e9galement dans les communes aux environs, comme : La Tine, Rossini\u00e8re, Flendruz, Rougemont, Ch\u00e2teau-d'Oex, L'Etivaz, La L\u00e9cherette, Les Moulins, Noville, Chessel, Rennaz, Roche VD, Yvorne, Leysin, Corbeyrier, Aigle, La Comballaz, Les Mosses, Le S\u00e9pey, Vers-l'Eglise, Les Diablerets, La Forclaz VD, Ollon VD, Panex, St-Triphon, Bex, Fenalet-sur-Bex, Freni\u00e8res-sur-Bex, Les Plans-sur-Bex, Gryon, Les Posses-sur-Bex, Arveyes, Hu\u00e9moz, Villars-sur-Ollon, Chesi\u00e8res, Lavey-les-Bains, Lavey-Village.<\/p>\n","protected":false},"excerpt":{"rendered":"<p>Si vous \u00eates un habitant de Villeneuve VD, en cas d&rsquo;urgence, nos plombiers professionnels se d\u00e9placent \u00e0 votre logement. Pourquoi faire appel \u00e0 Artisanlocal \u00e0 Villeneuve VD ? Nos plombiers sont joignables tous les jours et les jours f\u00e9ri\u00e9s. Nos devis sont gratuits. Nous utilisons les derni\u00e8res m\u00e9thodes de pointes. Notre entreprise est \u00e9tabli \u00e0 [&hellip;]<\/p>\n","protected":false},"author":4,"featured_media":2758,"parent":0,"menu_order":0,"comment_status":"closed","ping_status":"closed","template":"","meta":{"footnotes":""},"profession":[123],"location":[6],"canton":[113],"class_list":["post-1002","page","type-page","status-publish","has-post-thumbnail","hentry","profession-sanitaire","location-villeneuve-vd","canton-vd"],"yoast_head":"<!-- This site is optimized with the Yoast SEO Premium plugin v25.7.1 (Yoast SEO v27.4) - https:\/\/yoast.com\/product\/yoast-seo-premium-wordpress\/ -->\n<title>Vos experts en plomberie \u00e0 Villeneuve VD - Artisanlocal<\/title>\n<meta name=\"robots\" content=\"index, follow, max-snippet:-1, max-image-preview:large, max-video-preview:-1\" \/>\n<link rel=\"canonical\" href=\"https:\/\/www.artisanlocal.ch\/c\/vos-experts-en-plomberie-a-villeneuve\/\" \/>\n<meta property=\"og:locale\" content=\"fr_FR\" \/>\n<meta property=\"og:type\" content=\"article\" \/>\n<meta property=\"og:title\" content=\"Vos experts en plomberie \u00e0 Villeneuve VD\" \/>\n<meta property=\"og:description\" content=\"Si vous \u00eates un habitant de Villeneuve VD, en cas d&rsquo;urgence, nos plombiers professionnels se d\u00e9placent \u00e0 votre logement. Pourquoi faire appel \u00e0 Artisanlocal \u00e0 Villeneuve VD ? Nos plombiers sont joignables tous les jours et les jours f\u00e9ri\u00e9s. Nos devis sont gratuits. Nous utilisons les derni\u00e8res m\u00e9thodes de pointes. Notre entreprise est \u00e9tabli \u00e0 [&hellip;]\" \/>\n<meta property=\"og:url\" content=\"https:\/\/www.artisanlocal.ch\/c\/vos-experts-en-plomberie-a-villeneuve\/\" \/>\n<meta property=\"og:site_name\" content=\"Artisanlocal\" \/>\n<meta property=\"article:modified_time\" content=\"2025-08-26T17:27:45+00:00\" \/>\n<meta property=\"og:image\" content=\"https:\/\/www.artisanlocal.ch\/c\/wp-content\/uploads\/2024\/10\/plombier.jpg\" \/>\n\t<meta property=\"og:image:width\" content=\"1920\" \/>\n\t<meta property=\"og:image:height\" content=\"300\" \/>\n\t<meta property=\"og:image:type\" content=\"image\/jpeg\" \/>\n<meta name=\"twitter:card\" content=\"summary_large_image\" \/>\n<meta name=\"twitter:label1\" content=\"Dur\u00e9e de lecture estim\u00e9e\" \/>\n\t<meta name=\"twitter:data1\" content=\"6 minutes\" \/>\n<script type=\"application\/ld+json\" class=\"yoast-schema-graph\">{\"@context\":\"https:\\\/\\\/schema.org\",\"@graph\":[{\"@type\":\"WebPage\",\"@id\":\"https:\\\/\\\/www.artisanlocal.ch\\\/c\\\/vos-experts-en-plomberie-a-villeneuve\\\/\",\"url\":\"https:\\\/\\\/www.artisanlocal.ch\\\/c\\\/vos-experts-en-plomberie-a-villeneuve\\\/\",\"name\":\"Vos experts en plomberie \u00e0 Villeneuve VD - Artisanlocal\",\"isPartOf\":{\"@id\":\"https:\\\/\\\/www.artisanlocal.ch\\\/c\\\/#website\"},\"primaryImageOfPage\":{\"@id\":\"https:\\\/\\\/www.artisanlocal.ch\\\/c\\\/vos-experts-en-plomberie-a-villeneuve\\\/#primaryimage\"},\"image\":{\"@id\":\"https:\\\/\\\/www.artisanlocal.ch\\\/c\\\/vos-experts-en-plomberie-a-villeneuve\\\/#primaryimage\"},\"thumbnailUrl\":\"https:\\\/\\\/www.artisanlocal.ch\\\/c\\\/wp-content\\\/uploads\\\/2024\\\/10\\\/plombier.jpg\",\"datePublished\":\"2024-05-18T00:29:46+00:00\",\"dateModified\":\"2025-08-26T17:27:45+00:00\",\"breadcrumb\":{\"@id\":\"https:\\\/\\\/www.artisanlocal.ch\\\/c\\\/vos-experts-en-plomberie-a-villeneuve\\\/#breadcrumb\"},\"inLanguage\":\"fr-FR\",\"potentialAction\":[{\"@type\":\"ReadAction\",\"target\":[\"https:\\\/\\\/www.artisanlocal.ch\\\/c\\\/vos-experts-en-plomberie-a-villeneuve\\\/\"]}]},{\"@type\":\"ImageObject\",\"inLanguage\":\"fr-FR\",\"@id\":\"https:\\\/\\\/www.artisanlocal.ch\\\/c\\\/vos-experts-en-plomberie-a-villeneuve\\\/#primaryimage\",\"url\":\"https:\\\/\\\/www.artisanlocal.ch\\\/c\\\/wp-content\\\/uploads\\\/2024\\\/10\\\/plombier.jpg\",\"contentUrl\":\"https:\\\/\\\/www.artisanlocal.ch\\\/c\\\/wp-content\\\/uploads\\\/2024\\\/10\\\/plombier.jpg\",\"width\":1920,\"height\":300},{\"@type\":\"BreadcrumbList\",\"@id\":\"https:\\\/\\\/www.artisanlocal.ch\\\/c\\\/vos-experts-en-plomberie-a-villeneuve\\\/#breadcrumb\",\"itemListElement\":[{\"@type\":\"ListItem\",\"position\":1,\"name\":\"Accueil\",\"item\":\"https:\\\/\\\/www.artisanlocal.ch\\\/c\\\/\"},{\"@type\":\"ListItem\",\"position\":2,\"name\":\"Vos experts en plomberie \u00e0 Villeneuve\"}]},{\"@type\":\"WebSite\",\"@id\":\"https:\\\/\\\/www.artisanlocal.ch\\\/c\\\/#website\",\"url\":\"https:\\\/\\\/www.artisanlocal.ch\\\/c\\\/\",\"name\":\"Artisanlocal\",\"description\":\"\",\"publisher\":{\"@id\":\"https:\\\/\\\/www.artisanlocal.ch\\\/c\\\/#organization\"},\"potentialAction\":[{\"@type\":\"SearchAction\",\"target\":{\"@type\":\"EntryPoint\",\"urlTemplate\":\"https:\\\/\\\/www.artisanlocal.ch\\\/c\\\/?s={search_term_string}\"},\"query-input\":{\"@type\":\"PropertyValueSpecification\",\"valueRequired\":true,\"valueName\":\"search_term_string\"}}],\"inLanguage\":\"fr-FR\"},{\"@type\":\"Organization\",\"@id\":\"https:\\\/\\\/www.artisanlocal.ch\\\/c\\\/#organization\",\"name\":\"Artisanlocal\",\"url\":\"https:\\\/\\\/www.artisanlocal.ch\\\/c\\\/\",\"logo\":{\"@type\":\"ImageObject\",\"inLanguage\":\"fr-FR\",\"@id\":\"https:\\\/\\\/www.artisanlocal.ch\\\/c\\\/#\\\/schema\\\/logo\\\/image\\\/\",\"url\":\"https:\\\/\\\/www.artisanlocal.ch\\\/c\\\/wp-content\\\/uploads\\\/2024\\\/02\\\/logo-artisanlocal-h.svg\",\"contentUrl\":\"https:\\\/\\\/www.artisanlocal.ch\\\/c\\\/wp-content\\\/uploads\\\/2024\\\/02\\\/logo-artisanlocal-h.svg\",\"caption\":\"Artisanlocal\"},\"image\":{\"@id\":\"https:\\\/\\\/www.artisanlocal.ch\\\/c\\\/#\\\/schema\\\/logo\\\/image\\\/\"}}]}<\/script>\n<!-- \/ Yoast SEO Premium plugin. -->","yoast_head_json":{"title":"Vos experts en plomberie \u00e0 Villeneuve VD - Artisanlocal","robots":{"index":"index","follow":"follow","max-snippet":"max-snippet:-1","max-image-preview":"max-image-preview:large","max-video-preview":"max-video-preview:-1"},"canonical":"https:\/\/www.artisanlocal.ch\/c\/vos-experts-en-plomberie-a-villeneuve\/","og_locale":"fr_FR","og_type":"article","og_title":"Vos experts en plomberie \u00e0 Villeneuve VD","og_description":"Si vous \u00eates un habitant de Villeneuve VD, en cas d&rsquo;urgence, nos plombiers professionnels se d\u00e9placent \u00e0 votre logement. Pourquoi faire appel \u00e0 Artisanlocal \u00e0 Villeneuve VD ? Nos plombiers sont joignables tous les jours et les jours f\u00e9ri\u00e9s. Nos devis sont gratuits. Nous utilisons les derni\u00e8res m\u00e9thodes de pointes. Notre entreprise est \u00e9tabli \u00e0 [&hellip;]","og_url":"https:\/\/www.artisanlocal.ch\/c\/vos-experts-en-plomberie-a-villeneuve\/","og_site_name":"Artisanlocal","article_modified_time":"2025-08-26T17:27:45+00:00","og_image":[{"width":1920,"height":300,"url":"https:\/\/www.artisanlocal.ch\/c\/wp-content\/uploads\/2024\/10\/plombier.jpg","type":"image\/jpeg"}],"twitter_card":"summary_large_image","twitter_misc":{"Dur\u00e9e de lecture estim\u00e9e":"6 minutes"},"schema":{"@context":"https:\/\/schema.org","@graph":[{"@type":"WebPage","@id":"https:\/\/www.artisanlocal.ch\/c\/vos-experts-en-plomberie-a-villeneuve\/","url":"https:\/\/www.artisanlocal.ch\/c\/vos-experts-en-plomberie-a-villeneuve\/","name":"Vos experts en plomberie \u00e0 Villeneuve VD - Artisanlocal","isPartOf":{"@id":"https:\/\/www.artisanlocal.ch\/c\/#website"},"primaryImageOfPage":{"@id":"https:\/\/www.artisanlocal.ch\/c\/vos-experts-en-plomberie-a-villeneuve\/#primaryimage"},"image":{"@id":"https:\/\/www.artisanlocal.ch\/c\/vos-experts-en-plomberie-a-villeneuve\/#primaryimage"},"thumbnailUrl":"https:\/\/www.artisanlocal.ch\/c\/wp-content\/uploads\/2024\/10\/plombier.jpg","datePublished":"2024-05-18T00:29:46+00:00","dateModified":"2025-08-26T17:27:45+00:00","breadcrumb":{"@id":"https:\/\/www.artisanlocal.ch\/c\/vos-experts-en-plomberie-a-villeneuve\/#breadcrumb"},"inLanguage":"fr-FR","potentialAction":[{"@type":"ReadAction","target":["https:\/\/www.artisanlocal.ch\/c\/vos-experts-en-plomberie-a-villeneuve\/"]}]},{"@type":"ImageObject","inLanguage":"fr-FR","@id":"https:\/\/www.artisanlocal.ch\/c\/vos-experts-en-plomberie-a-villeneuve\/#primaryimage","url":"https:\/\/www.artisanlocal.ch\/c\/wp-content\/uploads\/2024\/10\/plombier.jpg","contentUrl":"https:\/\/www.artisanlocal.ch\/c\/wp-content\/uploads\/2024\/10\/plombier.jpg","width":1920,"height":300},{"@type":"BreadcrumbList","@id":"https:\/\/www.artisanlocal.ch\/c\/vos-experts-en-plomberie-a-villeneuve\/#breadcrumb","itemListElement":[{"@type":"ListItem","position":1,"name":"Accueil","item":"https:\/\/www.artisanlocal.ch\/c\/"},{"@type":"ListItem","position":2,"name":"Vos experts en plomberie \u00e0 Villeneuve"}]},{"@type":"WebSite","@id":"https:\/\/www.artisanlocal.ch\/c\/#website","url":"https:\/\/www.artisanlocal.ch\/c\/","name":"Artisanlocal","description":"","publisher":{"@id":"https:\/\/www.artisanlocal.ch\/c\/#organization"},"potentialAction":[{"@type":"SearchAction","target":{"@type":"EntryPoint","urlTemplate":"https:\/\/www.artisanlocal.ch\/c\/?s={search_term_string}"},"query-input":{"@type":"PropertyValueSpecification","valueRequired":true,"valueName":"search_term_string"}}],"inLanguage":"fr-FR"},{"@type":"Organization","@id":"https:\/\/www.artisanlocal.ch\/c\/#organization","name":"Artisanlocal","url":"https:\/\/www.artisanlocal.ch\/c\/","logo":{"@type":"ImageObject","inLanguage":"fr-FR","@id":"https:\/\/www.artisanlocal.ch\/c\/#\/schema\/logo\/image\/","url":"https:\/\/www.artisanlocal.ch\/c\/wp-content\/uploads\/2024\/02\/logo-artisanlocal-h.svg","contentUrl":"https:\/\/www.artisanlocal.ch\/c\/wp-content\/uploads\/2024\/02\/logo-artisanlocal-h.svg","caption":"Artisanlocal"},"image":{"@id":"https:\/\/www.artisanlocal.ch\/c\/#\/schema\/logo\/image\/"}}]}},"_links":{"self":[{"href":"https:\/\/www.artisanlocal.ch\/c\/wp-json\/wp\/v2\/pages\/1002","targetHints":{"allow":["GET"]}}],"collection":[{"href":"https:\/\/www.artisanlocal.ch\/c\/wp-json\/wp\/v2\/pages"}],"about":[{"href":"https:\/\/www.artisanlocal.ch\/c\/wp-json\/wp\/v2\/types\/page"}],"author":[{"embeddable":true,"href":"https:\/\/www.artisanlocal.ch\/c\/wp-json\/wp\/v2\/users\/4"}],"replies":[{"embeddable":true,"href":"https:\/\/www.artisanlocal.ch\/c\/wp-json\/wp\/v2\/comments?post=1002"}],"version-history":[{"count":0,"href":"https:\/\/www.artisanlocal.ch\/c\/wp-json\/wp\/v2\/pages\/1002\/revisions"}],"wp:featuredmedia":[{"embeddable":true,"href":"https:\/\/www.artisanlocal.ch\/c\/wp-json\/wp\/v2\/media\/2758"}],"wp:attachment":[{"href":"https:\/\/www.artisanlocal.ch\/c\/wp-json\/wp\/v2\/media?parent=1002"}],"wp:term":[{"taxonomy":"profession","embeddable":true,"href":"https:\/\/www.artisanlocal.ch\/c\/wp-json\/wp\/v2\/profession?post=1002"},{"taxonomy":"location","embeddable":true,"href":"https:\/\/www.artisanlocal.ch\/c\/wp-json\/wp\/v2\/location?post=1002"},{"taxonomy":"canton","embeddable":true,"href":"https:\/\/www.artisanlocal.ch\/c\/wp-json\/wp\/v2\/canton?post=1002"}],"curies":[{"name":"wp","href":"https:\/\/api.w.org\/{rel}","templated":true}]}}