{"id":1005,"date":"2024-05-18T06:57:45","date_gmt":"2024-05-18T04:57:45","guid":{"rendered":"https:\/\/www.artisanlocal.ch\/c\/artisan-plombier-a-grandson\/"},"modified":"2025-08-26T19:27:39","modified_gmt":"2025-08-26T17:27:39","slug":"artisan-plombier-a-grandson","status":"publish","type":"page","link":"https:\/\/www.artisanlocal.ch\/c\/artisan-plombier-a-grandson\/","title":{"rendered":"Artisan plombier \u00e0 Grandson"},"content":{"rendered":"<p>Si vous \u00eates un Grandsonnois, nos plombiers professionnels se d\u00e9placent \u00e0 votre logement.<\/p>\n\r\n<div class=\"box\">\r\n    <h2 class=\"text-dark\">Nous cherchons un <em class=\"text-primary\">Sanitaire<\/em> dans la r\u00e9gion de <em class=\"text-primary\">Grandson<\/em>  en exclusivit\u00e9, afin de proposer vos services \u00e0 nos clients propri\u00e9taires.<\/h2>\r\n    <p>Une opportunit\u00e9 unique pour booster votre activit\u00e9 \u00e0 <strong>Grandson<\/strong> et aux alentours dans votre domaine (Sanitaire).<\/p>\r\n    <p>Nous travaillons en exclusivit\u00e9 avec qu'une soci\u00e9t\u00e9 par m\u00e9tier et par r\u00e9gion. <br>Votre entreprise est pr\u00e9sente sur tous les documents immobiliers. Afin d'\u00eatre mieux vu sur le net, vous \u00eates \u00e9galement visible sur nos deux sites et sur les pages de r\u00e9f\u00e9rencement de votre r\u00e9gion.<\/p>\r\n    <a href=\"\/contact\" class=\"wp-block-button__link has-accent-background-color has-text-align-center wp-element-button\">R\u00e9server<\/a>\r\n<\/div>\n<h2>Quels sont les avantages de choisir Artisanlocal \u00e0 Grandson ?<\/h2>\n<ul>\n<li>Nous sommes ouverts 7 jours sur 7, y compris les jours f\u00e9ri\u00e9s.<\/li>\n<li>Nous fournissons des estimations gratuites.<\/li>\n<li>Nous employons les derni\u00e8res techniques de pointes.<\/li>\n<li>Notre entreprise est situ\u00e9e \u00e0 Grandson ce qui nous permet d&rsquo;intervenir rapidement \u00e0 votre logement.<\/li>\n<li>Nos tarifs sont comp\u00e9titifs.<\/li>\n<li>Nos artisans plombiers sont exp\u00e9riment\u00e9s et assur\u00e9s.<\/li>\n<li>Nous contr\u00f4lons votre r\u00e9seau de plomberie avant les r\u00e9parations.<\/li>\n<li>Nous r\u00e9alisons tous les travaux de plomberie possibles.<\/li>\n<\/ul>\n<h2>Quels sont les prestations propos\u00e9es par Artisanlocal ?<\/h2>\n<ul>\n<li>Notre entreprise est sp\u00e9cialis\u00e9e dans la localisation des fuites et la r\u00e9paration de vos tuyaux.<\/li>\n<li>Nos artisans changent vos \u00e9quipements sanitaires.<\/li>\n<li>Nos artisans plombiers r\u00e9parent tous vos sanitaires.<\/li>\n<li>Les travaux de plomberie, pour : l\u2019installation de lavabo, d&rsquo;\u00e9vier, de la tuyauterie et de robinet.<\/li>\n<li>Nous posons les chauffes-eau et les chaudi\u00e8res.<\/li>\n<li>Nous effectuons le d\u00e9bouchage et l&rsquo;assainissement de vos canalisations.<\/li>\n<li>La restauration totale de votre salle d&rsquo;eau.<\/li>\n<li>Nous pouvons aussi r\u00e9aliser aussi la vidange de votre fosse septique.<\/li>\n<\/ul>\n<h2>Quel est le fonctionnement d&rsquo;Artisanlocal \u00e0 Grandson ?<\/h2>\n<ol>\n<li>Suite \u00e0 votre demande d&rsquo;informations par email ou t\u00e9l\u00e9phone, un de nos plombiers vous contacte pour analyser l&rsquo;ampleur de votre probl\u00e8me de plomberie.<\/li>\n<li>Apr\u00e8s cela, vous recevrez une \u00e9valuation gratuite pour vos travaux. Vous ne d\u00e9penserez aucuns frais suppl\u00e9mentaires, sauf si vous ayez besoin de pi\u00e8ces de rechange ou de gros travaux.<\/li>\n<li>Apr\u00e8s avoir donn\u00e9 votre accord pour le devis, nous d\u00e9ciderons ensemble du jour de l&rsquo;intervention \u00e0 votre foyer.<\/li>\n<\/ol>\n<h2>Services de plomberie pour les particuliers \u00e0 Grandson<\/h2>\n<p>Si votre syst\u00e8me de plomberie est d\u00e9fectueux, votre eau peut-\u00eatre pollu\u00e9e et vous pouvez mettre en p\u00e9ril la sant\u00e9 vos proches, c\u2019est la raison pour laquelle le plombier qui se d\u00e9place \u00e0 votre logement effectue :<\/p>\n<ul>\n<li>La r\u00e9paration de fuites.<\/li>\n<li>Le d\u00e9bouchage et l&rsquo;entretien de vos canalisations.<\/li>\n<li>L\u2019entretien de votre chauffe-eau.<\/li>\n<li>L\u2019Inspection de vos canalisations.<\/li>\n<li>La r\u00e9novation de vos tuyaux de canalisations.<\/li>\n<li>La remise en \u00e9tat apr\u00e8s un d\u00e9g\u00e2t des eaux.<\/li>\n<\/ul>\n<h2>Artisanlocal aux services des entreprises \u00e0 Grandson<\/h2>\n<p>\u00c0 Grandson, il y a des entreprises, commerces de d\u00e9tail et restaurants. Les robinets qui coulent, les tuyaux de canalisations qui refoulent et les chauffe-eau qui marchent mal sont des probl\u00e8mes qui peuvent entra\u00eener une baisse de productivit\u00e9 de vos salari\u00e9s ou encore ab\u00eemer vos installations. Artisanlocal aide votre entreprise pour :<\/p>\n<ul>\n<li>L&rsquo;\u00e9limination des bouchons dans vos lavabos et l&rsquo;installation d&rsquo;une nouvelle robinetterie.<\/li>\n<li>La r\u00e9novation et la v\u00e9rification de vos tuyaux.<\/li>\n<li>Le service nettoyage de tuyaux canalisations avec de l&rsquo;eau \u00e0 haute pression (hydrocurage).<\/li>\n<li>La mise en place de nouveaux dispositifs dans votre syst\u00e8me de plomberie.<\/li>\n<li>La maintenance et la remise en \u00e9tat de votre bac \u00e0 graisse.<\/li>\n<li>La mise en place, la remise en \u00e9tat et l&rsquo;entretien de votre chauffage ou chauffe-eau.<\/li>\n<li>La r\u00e9paration de votre r\u00e9seau de tuyaux.<\/li>\n<li>Le service de d\u00e9pannage de vos appareils sanitaires.<\/li>\n<li>L\u2019inspection de vos tuyaux par cam\u00e9ra vid\u00e9o.<\/li>\n<\/ul>\n<h2>Service d&rsquo;entretien de vos canalisations \u00e0 Grandson en urgence<\/h2>\n<p>Si vous \u00eates un Grandsonnois, Artisanlocal intervient en urgence pour d\u00e9boucher vos tuyaux de canalisations ou pour r\u00e9soudre vos probl\u00e8mes de refoulement de vos WC, \u00e9viers ou douches, de plus, nos artisans interviennent d\u00e8s que possible sur vos :<\/p>\n<ul>\n<li>\u00c9viers.<\/li>\n<li>Toilettes.<\/li>\n<li>Toitures.<\/li>\n<li>\u00c9gouts.<\/li>\n<li>Canalisations. <\/li>\n<\/ul>\n<h2>Service de nettoyage d&rsquo;\u00e9gouts \u00e0 Grandson<\/h2>\n<p>Les \u00e9gouts constituent le syst\u00e8me central de la plomberie. Il \u00e9vacue les eaux us\u00e9es des toilettes, des \u00e9viers et des autres \u00e9quipements sanitaires. Si votre \u00e9gout est plein ou que l&rsquo;eau remonte, cela peut d\u00e9grader votre r\u00e9sidence, et compromettre votre s\u00e9curit\u00e9.<\/p>\n<p>L&rsquo;entretien fr\u00e9quent permet d&#8217;emp\u00eacher les refoulements et la cr\u00e9ation de bouchons. Nos plombiers \u00e0 Grandson utilisent les derni\u00e8res techniques pour inspecter, \u00e9liminer et restaurer le bon \u00e9coulement des eaux dans vos tuyaux de canalisations.<\/p>\n<p>Notre entreprise peut aussi remplacer votre conduite d&rsquo;\u00e9gout si elle est trop d\u00e9t\u00e9rior\u00e9e. Notre soci\u00e9t\u00e9 offre aussi le nettoyage de votre soci\u00e9t\u00e9 ou de votre h\u00e9bergement \u00e0 la suite d&rsquo;un dommage provoqu\u00e9 par l&rsquo;eau. Nous d\u00e9shumidifions et s\u00e9chons les espaces endommag\u00e9s afin de diminuer les dangers de d\u00e9veloppement de moisissures.<\/p>\n<h2>Services de d\u00e9pannage et d&rsquo;installation de chauffe-eau \u00e0 Grandson<\/h2>\n<p>Il n&rsquo;y a que de l&rsquo;eau froide dans votre h\u00e9bergement ? Votre cumulus peut avoir des soucis. Artisanlocal r\u00e9alise la remise en \u00e9tat de votre chauffe-eau en urgence. Voici les signes qui montrent des soucis :<\/p>\n<ul>\n<li>La diminution de la pression de l\u2019eau chaude : vous avez peut-\u00eatre une fuite d&rsquo;eau dans votre cumulus, ou un \u00e9l\u00e9ment chauffant qui ne marche pas ou les d\u00e9p\u00f4ts de s\u00e9diments dans votre r\u00e9servoir.<\/li>\n<li>De l&rsquo;eau pr\u00e8s de votre chauffe-eau : une flaque d&rsquo;eau \u00e0 la base du chauffe-eau est l&rsquo;indication d&rsquo;un probl\u00e8me important, ou la pr\u00e9sence d&rsquo;une fissure dans votre cumulus.<\/li>\n<li>Des bruits \u00e9tranges sortent du chauffe-eau : des bruits bizarres peuvent r\u00e9v\u00e9ler un d\u00e9p\u00f4t de s\u00e9diments, une d\u00e9faillance de l&rsquo;\u00e9l\u00e9ment chauffant ou d\u2019une fuite d&rsquo;eau.<\/li>\n<li>La d\u00e9coloration de l&rsquo;eau : cela peut \u00eatre caus\u00e9 par la rouille ou \u00e0 d&rsquo;autres contaminants pr\u00e9sents dans le cumulus.<\/li>\n<li>Le chauffe-eau est constamment en fonctionnement : si vous remarquez que votre chauffe-eau est toujours en marche, cela peut \u00eatre d\u00fb \u00e0 une panne.<\/li>\n<\/ul>\n<p>En choisissant nos artisans plombiers d\u00e8s les premiers signaux d&rsquo;alerte, vous pouvez \u00e9chapper \u00e0 des travaux de r\u00e9parations hors de prix.<\/p>\n<h2>Nettoyage apr\u00e8s un d\u00e9g\u00e2t des eaux<\/h2>\n<p>Nos \u00e9quipes peuvent nettoyer votre habitat apr\u00e8s une inondation \u00e0 Grandson, notre entreprise vous assiste, en cas de caves submerg\u00e9es, de ruptures de tuyaux de canalisations, de d\u00e9bordements de toilettes et de douches, de fortes pluies, de refoulements d&rsquo;\u00e9gouts et d&rsquo;autres soucis de canalisation qui peuvent occasionner des d\u00e9g\u00e2ts des eaux.<\/p>\n<h2>FAQ<\/h2>\n<h3>Quel est le tarif d\u2019un plombier \u00e0 Grandson ?<\/h3>\n<p>Apr\u00e8s avoir \u00e9valu\u00e9 votre probl\u00e8me de plomberie, les plombiers d&rsquo;Artisanlocal estiment le co\u00fbt de l&rsquo;intervention. Les montants de nos services sont donn\u00e9s \u00e0 titre indicatif \u00e0 Grandson :<\/p>\n<table border=\"1\">\n<tbody>\n<tr>\n<th>Services<\/th>\n<th>Prix CHF<\/th>\n<\/tr>\n<tr>\n<td>Mise en place d\u2019un lavabo<\/td>\n<td>280.00<\/td>\n<\/tr>\n<tr>\n<td>Taux horaire : installation sanitaire<\/td>\n<td>110.00 \u00e0 129.00<\/td>\n<\/tr>\n<tr>\n<td>Mise en place et raccord, d\u2019un siphon \u00e0 un lavabo<\/td>\n<td>70.00<\/td>\n<\/tr>\n<tr>\n<td>Montage mobilier de salle de bain<\/td>\n<td>95.00<\/td>\n<\/tr>\n<tr>\n<td>Installation et raccordement, d\u2019une douche \u00e0 la tuyauterie<\/td>\n<td>86.00<\/td>\n<\/tr>\n<tr>\n<td>Mise en place d\u2019un r\u00e9servoir de toilette<\/td>\n<td>112.00<\/td>\n<\/tr>\n<tr>\n<td>Fixation d\u2019accessoires de salle d&rsquo;eau<\/td>\n<td>60.00<\/td>\n<\/tr>\n<tr>\n<td>Pose d\u2019un toilette suspendu<\/td>\n<td>170.00<\/td>\n<\/tr>\n<tr>\n<td>D\u00e9placement aller-retour<\/td>\n<td>100.00<\/td>\n<\/tr>\n<\/tbody>\n<\/table>\n<h3>Votre entreprise de plomberie \u00e0 Grandson est ouverte le dimanche et le samedi ?<\/h3>\n<p>Artisanlocal propose un service de plomberie 24 heures sur 24 et 7 jours sur 7 et les jours f\u00e9ri\u00e9s.<\/p>\n<h3>Nos professionnels interviennent \u00e0 Grandson et dans les villes alentours ?<\/h3>\n<p>Oui, les plombiers de notre soci\u00e9t\u00e9 interviennent \u00e0 Grandson, \u00e9galement dans les villes aux alentours, comme : Fiez, Fontaines-sur-Grandson, Grandevent, Fontanezier, Romairon, Vaugondry, Villars-Burquin, Champagne, Onnens VD, Concise, Corcelles-pr\u00e8s-Concise, Bonvillars, Mutrux, Provence, Giez, Orges, Novalles, Vugelles-La Mothe, Vuiteboeuf, La Sagne (Ste-croix), Le Ch\u00e2teau-de-Ste-Croix, Ste-Croix, Les Rasses, Bullet, Mauborget, L'Auberson, La Vraconnaz.<\/p>\n","protected":false},"excerpt":{"rendered":"<p>Si vous \u00eates un Grandsonnois, nos plombiers professionnels se d\u00e9placent \u00e0 votre logement. Quels sont les avantages de choisir Artisanlocal \u00e0 Grandson ? Nous sommes ouverts 7 jours sur 7, y compris les jours f\u00e9ri\u00e9s. Nous fournissons des estimations gratuites. Nous employons les derni\u00e8res techniques de pointes. Notre entreprise est situ\u00e9e \u00e0 Grandson ce qui [&hellip;]<\/p>\n","protected":false},"author":4,"featured_media":2758,"parent":0,"menu_order":0,"comment_status":"closed","ping_status":"closed","template":"","meta":{"footnotes":""},"profession":[123],"location":[66],"canton":[113],"class_list":["post-1005","page","type-page","status-publish","has-post-thumbnail","hentry","profession-sanitaire","location-grandson","canton-vd"],"yoast_head":"<!-- This site is optimized with the Yoast SEO Premium plugin v25.7.1 (Yoast SEO v27.3) - https:\/\/yoast.com\/product\/yoast-seo-premium-wordpress\/ -->\n<title>Artisan plombier \u00e0 Grandson - Artisanlocal<\/title>\n<meta name=\"robots\" content=\"index, follow, max-snippet:-1, max-image-preview:large, max-video-preview:-1\" \/>\n<link rel=\"canonical\" href=\"https:\/\/www.artisanlocal.ch\/c\/artisan-plombier-a-grandson\/\" \/>\n<meta property=\"og:locale\" content=\"fr_FR\" \/>\n<meta property=\"og:type\" content=\"article\" \/>\n<meta property=\"og:title\" content=\"Artisan plombier \u00e0 Grandson\" \/>\n<meta property=\"og:description\" content=\"Si vous \u00eates un Grandsonnois, nos plombiers professionnels se d\u00e9placent \u00e0 votre logement. Quels sont les avantages de choisir Artisanlocal \u00e0 Grandson ? Nous sommes ouverts 7 jours sur 7, y compris les jours f\u00e9ri\u00e9s. Nous fournissons des estimations gratuites. Nous employons les derni\u00e8res techniques de pointes. Notre entreprise est situ\u00e9e \u00e0 Grandson ce qui [&hellip;]\" \/>\n<meta property=\"og:url\" content=\"https:\/\/www.artisanlocal.ch\/c\/artisan-plombier-a-grandson\/\" \/>\n<meta property=\"og:site_name\" content=\"Artisanlocal\" \/>\n<meta property=\"article:modified_time\" content=\"2025-08-26T17:27:39+00:00\" \/>\n<meta property=\"og:image\" content=\"https:\/\/www.artisanlocal.ch\/c\/wp-content\/uploads\/2024\/10\/plombier.jpg\" \/>\n\t<meta property=\"og:image:width\" content=\"1920\" \/>\n\t<meta property=\"og:image:height\" content=\"300\" \/>\n\t<meta property=\"og:image:type\" content=\"image\/jpeg\" \/>\n<meta name=\"twitter:card\" content=\"summary_large_image\" \/>\n<meta name=\"twitter:label1\" content=\"Dur\u00e9e de lecture estim\u00e9e\" \/>\n\t<meta name=\"twitter:data1\" content=\"6 minutes\" \/>\n<script type=\"application\/ld+json\" class=\"yoast-schema-graph\">{\"@context\":\"https:\\\/\\\/schema.org\",\"@graph\":[{\"@type\":\"WebPage\",\"@id\":\"https:\\\/\\\/www.artisanlocal.ch\\\/c\\\/artisan-plombier-a-grandson\\\/\",\"url\":\"https:\\\/\\\/www.artisanlocal.ch\\\/c\\\/artisan-plombier-a-grandson\\\/\",\"name\":\"Artisan plombier \u00e0 Grandson - Artisanlocal\",\"isPartOf\":{\"@id\":\"https:\\\/\\\/www.artisanlocal.ch\\\/c\\\/#website\"},\"primaryImageOfPage\":{\"@id\":\"https:\\\/\\\/www.artisanlocal.ch\\\/c\\\/artisan-plombier-a-grandson\\\/#primaryimage\"},\"image\":{\"@id\":\"https:\\\/\\\/www.artisanlocal.ch\\\/c\\\/artisan-plombier-a-grandson\\\/#primaryimage\"},\"thumbnailUrl\":\"https:\\\/\\\/www.artisanlocal.ch\\\/c\\\/wp-content\\\/uploads\\\/2024\\\/10\\\/plombier.jpg\",\"datePublished\":\"2024-05-18T04:57:45+00:00\",\"dateModified\":\"2025-08-26T17:27:39+00:00\",\"breadcrumb\":{\"@id\":\"https:\\\/\\\/www.artisanlocal.ch\\\/c\\\/artisan-plombier-a-grandson\\\/#breadcrumb\"},\"inLanguage\":\"fr-FR\",\"potentialAction\":[{\"@type\":\"ReadAction\",\"target\":[\"https:\\\/\\\/www.artisanlocal.ch\\\/c\\\/artisan-plombier-a-grandson\\\/\"]}]},{\"@type\":\"ImageObject\",\"inLanguage\":\"fr-FR\",\"@id\":\"https:\\\/\\\/www.artisanlocal.ch\\\/c\\\/artisan-plombier-a-grandson\\\/#primaryimage\",\"url\":\"https:\\\/\\\/www.artisanlocal.ch\\\/c\\\/wp-content\\\/uploads\\\/2024\\\/10\\\/plombier.jpg\",\"contentUrl\":\"https:\\\/\\\/www.artisanlocal.ch\\\/c\\\/wp-content\\\/uploads\\\/2024\\\/10\\\/plombier.jpg\",\"width\":1920,\"height\":300},{\"@type\":\"BreadcrumbList\",\"@id\":\"https:\\\/\\\/www.artisanlocal.ch\\\/c\\\/artisan-plombier-a-grandson\\\/#breadcrumb\",\"itemListElement\":[{\"@type\":\"ListItem\",\"position\":1,\"name\":\"Accueil\",\"item\":\"https:\\\/\\\/www.artisanlocal.ch\\\/c\\\/\"},{\"@type\":\"ListItem\",\"position\":2,\"name\":\"Artisan plombier \u00e0 Grandson\"}]},{\"@type\":\"WebSite\",\"@id\":\"https:\\\/\\\/www.artisanlocal.ch\\\/c\\\/#website\",\"url\":\"https:\\\/\\\/www.artisanlocal.ch\\\/c\\\/\",\"name\":\"Artisanlocal\",\"description\":\"\",\"publisher\":{\"@id\":\"https:\\\/\\\/www.artisanlocal.ch\\\/c\\\/#organization\"},\"potentialAction\":[{\"@type\":\"SearchAction\",\"target\":{\"@type\":\"EntryPoint\",\"urlTemplate\":\"https:\\\/\\\/www.artisanlocal.ch\\\/c\\\/?s={search_term_string}\"},\"query-input\":{\"@type\":\"PropertyValueSpecification\",\"valueRequired\":true,\"valueName\":\"search_term_string\"}}],\"inLanguage\":\"fr-FR\"},{\"@type\":\"Organization\",\"@id\":\"https:\\\/\\\/www.artisanlocal.ch\\\/c\\\/#organization\",\"name\":\"Artisanlocal\",\"url\":\"https:\\\/\\\/www.artisanlocal.ch\\\/c\\\/\",\"logo\":{\"@type\":\"ImageObject\",\"inLanguage\":\"fr-FR\",\"@id\":\"https:\\\/\\\/www.artisanlocal.ch\\\/c\\\/#\\\/schema\\\/logo\\\/image\\\/\",\"url\":\"https:\\\/\\\/www.artisanlocal.ch\\\/c\\\/wp-content\\\/uploads\\\/2024\\\/02\\\/logo-artisanlocal-h.svg\",\"contentUrl\":\"https:\\\/\\\/www.artisanlocal.ch\\\/c\\\/wp-content\\\/uploads\\\/2024\\\/02\\\/logo-artisanlocal-h.svg\",\"caption\":\"Artisanlocal\"},\"image\":{\"@id\":\"https:\\\/\\\/www.artisanlocal.ch\\\/c\\\/#\\\/schema\\\/logo\\\/image\\\/\"}}]}<\/script>\n<!-- \/ Yoast SEO Premium plugin. -->","yoast_head_json":{"title":"Artisan plombier \u00e0 Grandson - Artisanlocal","robots":{"index":"index","follow":"follow","max-snippet":"max-snippet:-1","max-image-preview":"max-image-preview:large","max-video-preview":"max-video-preview:-1"},"canonical":"https:\/\/www.artisanlocal.ch\/c\/artisan-plombier-a-grandson\/","og_locale":"fr_FR","og_type":"article","og_title":"Artisan plombier \u00e0 Grandson","og_description":"Si vous \u00eates un Grandsonnois, nos plombiers professionnels se d\u00e9placent \u00e0 votre logement. Quels sont les avantages de choisir Artisanlocal \u00e0 Grandson ? Nous sommes ouverts 7 jours sur 7, y compris les jours f\u00e9ri\u00e9s. Nous fournissons des estimations gratuites. Nous employons les derni\u00e8res techniques de pointes. Notre entreprise est situ\u00e9e \u00e0 Grandson ce qui [&hellip;]","og_url":"https:\/\/www.artisanlocal.ch\/c\/artisan-plombier-a-grandson\/","og_site_name":"Artisanlocal","article_modified_time":"2025-08-26T17:27:39+00:00","og_image":[{"width":1920,"height":300,"url":"https:\/\/www.artisanlocal.ch\/c\/wp-content\/uploads\/2024\/10\/plombier.jpg","type":"image\/jpeg"}],"twitter_card":"summary_large_image","twitter_misc":{"Dur\u00e9e de lecture estim\u00e9e":"6 minutes"},"schema":{"@context":"https:\/\/schema.org","@graph":[{"@type":"WebPage","@id":"https:\/\/www.artisanlocal.ch\/c\/artisan-plombier-a-grandson\/","url":"https:\/\/www.artisanlocal.ch\/c\/artisan-plombier-a-grandson\/","name":"Artisan plombier \u00e0 Grandson - Artisanlocal","isPartOf":{"@id":"https:\/\/www.artisanlocal.ch\/c\/#website"},"primaryImageOfPage":{"@id":"https:\/\/www.artisanlocal.ch\/c\/artisan-plombier-a-grandson\/#primaryimage"},"image":{"@id":"https:\/\/www.artisanlocal.ch\/c\/artisan-plombier-a-grandson\/#primaryimage"},"thumbnailUrl":"https:\/\/www.artisanlocal.ch\/c\/wp-content\/uploads\/2024\/10\/plombier.jpg","datePublished":"2024-05-18T04:57:45+00:00","dateModified":"2025-08-26T17:27:39+00:00","breadcrumb":{"@id":"https:\/\/www.artisanlocal.ch\/c\/artisan-plombier-a-grandson\/#breadcrumb"},"inLanguage":"fr-FR","potentialAction":[{"@type":"ReadAction","target":["https:\/\/www.artisanlocal.ch\/c\/artisan-plombier-a-grandson\/"]}]},{"@type":"ImageObject","inLanguage":"fr-FR","@id":"https:\/\/www.artisanlocal.ch\/c\/artisan-plombier-a-grandson\/#primaryimage","url":"https:\/\/www.artisanlocal.ch\/c\/wp-content\/uploads\/2024\/10\/plombier.jpg","contentUrl":"https:\/\/www.artisanlocal.ch\/c\/wp-content\/uploads\/2024\/10\/plombier.jpg","width":1920,"height":300},{"@type":"BreadcrumbList","@id":"https:\/\/www.artisanlocal.ch\/c\/artisan-plombier-a-grandson\/#breadcrumb","itemListElement":[{"@type":"ListItem","position":1,"name":"Accueil","item":"https:\/\/www.artisanlocal.ch\/c\/"},{"@type":"ListItem","position":2,"name":"Artisan plombier \u00e0 Grandson"}]},{"@type":"WebSite","@id":"https:\/\/www.artisanlocal.ch\/c\/#website","url":"https:\/\/www.artisanlocal.ch\/c\/","name":"Artisanlocal","description":"","publisher":{"@id":"https:\/\/www.artisanlocal.ch\/c\/#organization"},"potentialAction":[{"@type":"SearchAction","target":{"@type":"EntryPoint","urlTemplate":"https:\/\/www.artisanlocal.ch\/c\/?s={search_term_string}"},"query-input":{"@type":"PropertyValueSpecification","valueRequired":true,"valueName":"search_term_string"}}],"inLanguage":"fr-FR"},{"@type":"Organization","@id":"https:\/\/www.artisanlocal.ch\/c\/#organization","name":"Artisanlocal","url":"https:\/\/www.artisanlocal.ch\/c\/","logo":{"@type":"ImageObject","inLanguage":"fr-FR","@id":"https:\/\/www.artisanlocal.ch\/c\/#\/schema\/logo\/image\/","url":"https:\/\/www.artisanlocal.ch\/c\/wp-content\/uploads\/2024\/02\/logo-artisanlocal-h.svg","contentUrl":"https:\/\/www.artisanlocal.ch\/c\/wp-content\/uploads\/2024\/02\/logo-artisanlocal-h.svg","caption":"Artisanlocal"},"image":{"@id":"https:\/\/www.artisanlocal.ch\/c\/#\/schema\/logo\/image\/"}}]}},"_links":{"self":[{"href":"https:\/\/www.artisanlocal.ch\/c\/wp-json\/wp\/v2\/pages\/1005","targetHints":{"allow":["GET"]}}],"collection":[{"href":"https:\/\/www.artisanlocal.ch\/c\/wp-json\/wp\/v2\/pages"}],"about":[{"href":"https:\/\/www.artisanlocal.ch\/c\/wp-json\/wp\/v2\/types\/page"}],"author":[{"embeddable":true,"href":"https:\/\/www.artisanlocal.ch\/c\/wp-json\/wp\/v2\/users\/4"}],"replies":[{"embeddable":true,"href":"https:\/\/www.artisanlocal.ch\/c\/wp-json\/wp\/v2\/comments?post=1005"}],"version-history":[{"count":0,"href":"https:\/\/www.artisanlocal.ch\/c\/wp-json\/wp\/v2\/pages\/1005\/revisions"}],"wp:featuredmedia":[{"embeddable":true,"href":"https:\/\/www.artisanlocal.ch\/c\/wp-json\/wp\/v2\/media\/2758"}],"wp:attachment":[{"href":"https:\/\/www.artisanlocal.ch\/c\/wp-json\/wp\/v2\/media?parent=1005"}],"wp:term":[{"taxonomy":"profession","embeddable":true,"href":"https:\/\/www.artisanlocal.ch\/c\/wp-json\/wp\/v2\/profession?post=1005"},{"taxonomy":"location","embeddable":true,"href":"https:\/\/www.artisanlocal.ch\/c\/wp-json\/wp\/v2\/location?post=1005"},{"taxonomy":"canton","embeddable":true,"href":"https:\/\/www.artisanlocal.ch\/c\/wp-json\/wp\/v2\/canton?post=1005"}],"curies":[{"name":"wp","href":"https:\/\/api.w.org\/{rel}","templated":true}]}}