{"id":1006,"date":"2024-05-18T21:41:35","date_gmt":"2024-05-18T19:41:35","guid":{"rendered":"https:\/\/www.artisanlocal.ch\/c\/plombier-epalinges\/"},"modified":"2025-08-26T19:27:25","modified_gmt":"2025-08-26T17:27:25","slug":"plombier-epalinges","status":"publish","type":"page","link":"https:\/\/www.artisanlocal.ch\/c\/plombier-epalinges\/","title":{"rendered":"Plombier Epalinges"},"content":{"rendered":"<p>Si vous \u00eates un Palinzard, en cas d&rsquo;urgence, nos artisans plombiers se d\u00e9placent \u00e0 votre logement.<\/p>\n\r\n<div class=\"box\">\r\n            <div class=\"company-info\">\r\n            <img decoding=\"async\" class=\"company-info__logo\" src=\"https:\/\/www.artisanlocal.ch\/media\/cache\/thumb\/images\/companies\/66ba07c40d56d611449523.png\" alt=\"Logo\">\r\n            <h2 class=\"company-info__name\">Sani-Ther S\u00e0rl<\/h2>\r\n            <p class=\"company-info__business\">Installation sanitaire - chauffage - Entretien - D\u00e9pannage 24\/7<\/p>\r\n        <\/div>\r\n        <div class=\"company-contact\">\r\n            <p class=\"company-info__address\">Chemin de Maillefer 103<\/p>\r\n                            <div class=\"links\">\r\n                                            <a class=\"btn has-accent-background-color js-phoneNumber\" href=\"tel:0793321018\" title=\"Appelez\" data-id=\"25214\" data-type=\"11\">079 332 10 18<\/a>\r\n                                                                <a class=\"btn has-accent-background-color\" href=\"http:\/\/www.sani-ther.ch\" target=\"_blank\" title=\"Voir le site internet\" data-id=\"25214\" data-type=\"20\">Site internet<\/a>\r\n                                    <\/div>\r\n                    <\/div>\r\n    \r\n            \r\n<form action=\"https:\/\/www.artisanlocal.ch\/c\/wp-admin\/admin-ajax.php\" method=\"post\" class=\"form-contact\" id=\"artisan_form_contact_company_inline\">\r\n    <div><input type=\"hidden\" name=\"action\" value=\"company_contact\"><\/div>\r\n    <div><input type=\"hidden\" name=\"nonce\" value=\"52a81db700\"><\/div>\r\n    <div><input type=\"hidden\" name=\"company_id\" value=\"25214\"><\/div>\r\n    <div><input type=\"hidden\" name=\"form_id\" value=\"artisan_form_contact_company_inline\"><\/div>\r\n    <div class=\"gglcptch gglcptch_v3 gglcptch_custom\"><input type=\"hidden\" id=\"g-recaptcha-response\" name=\"g-recaptcha-response\" \/><br \/><div class=\"gglcptch_error_text\">La p\u00e9riode de v\u00e9rification reCAPTCHA a expir\u00e9. Veuillez recharger la page.<\/div><\/div>    <div class=\"form-content\">\r\n        <div class=\"form-group\">\r\n            <label for=\"contact_firstName\" class=\"required\">Pr\u00e9nom<\/label>\r\n            <input type=\"text\" name=\"firstName\" class=\"form-control\" required>\r\n        <\/div>\r\n        <div class=\"form-group\">\r\n            <label for=\"contact_lastName\" class=\"required\">Nom<\/label>\r\n            <input type=\"text\" name=\"lastName\" class=\"form-control\" required>\r\n        <\/div>\r\n        <div class=\"form-group\">\r\n            <label for=\"contact_email\" class=\"required\">Email<\/label>\r\n            <input type=\"email\" name=\"email\" class=\"form-control\" required>\r\n        <\/div>\r\n        <div class=\"form-group\">\r\n            <label for=\"contact_phone\" class=\"required\">Num\u00e9ro de t\u00e9l\u00e9phone<\/label>\r\n            <input type=\"tel\" name=\"phone\" class=\"form-control\" placeholder=\"0787117165\" pattern=\"^[0-9]{10}$\" required>\r\n        <\/div>\r\n        <div class=\"form-group\">\r\n            <label for=\"contact_postalCode\" class=\"required\">Code postal et localit\u00e9<\/label>\r\n            <input type=\"text\" name=\"postalCode\" class=\"form-control\" required>\r\n        <\/div>\r\n        <div class=\"form-group\">\r\n            <label for=\"contact_address\" class=\"required\">Adresse<\/label>\r\n            <input type=\"text\" name=\"address\" class=\"form-control\" required>\r\n        <\/div>\r\n        <div class=\"full-width topic\">\r\n            <p class=\"required\">Je souhaite \u00eatre contact\u00e9 pour :<\/p>\r\n            <div class=\"form-check\">\r\n                <input type=\"radio\" name=\"topic\" value=\"D\u00e9pannage\" class=\"form-control\" required>\r\n                <label for=\"d\u00e9pannage\">D\u00e9pannage<\/label>\r\n            <\/div>\r\n            <div class=\"form-check\">\r\n                <input type=\"radio\" name=\"topic\" value=\"Entretien\" class=\"form-control\" required>\r\n                <label for=\"entretien\">Entretien<\/label>\r\n            <\/div>\r\n            <div class=\"form-check\">\r\n                <input type=\"radio\" name=\"topic\" value=\"R\u00e9novation\" class=\"form-control\" required>\r\n                <label for=\"r\u00e9novation\">R\u00e9novation<\/label>\r\n            <\/div>\r\n            <div class=\"form-check\">\r\n                <input type=\"radio\" name=\"topic\" value=\"Autre\" class=\"form-control\" required>\r\n                <label for=\"autre\">Autre<\/label>\r\n            <\/div>\r\n        <\/div>\r\n        <div class=\"form-group full-width\">\r\n            <label for=\"contact_message\">Message<\/label>\r\n            <textarea name=\"message\" rows=\"3\" class=\"form-control\"><\/textarea>\r\n        <\/div>\r\n    <\/div>\r\n    <div class=\"form-actions\">\r\n        <button class=\"wp-block-button__link has-accent-background-color\">Contacter<\/button>\r\n    <\/div>\r\n<\/form>\r\n<div class=\"form-feedback\"><\/div>    <\/div>\n<h2>Pourquoi faire appel \u00e0 Artisanlocal \u00e0 Epalinges ?<\/h2>\n<ul>\n<li>Nos plombiers se d\u00e9placent tous les jours.<\/li>\n<li>Nos devis sont sans frais.<\/li>\n<li>Nous employons les derni\u00e8res techniques de pointes.<\/li>\n<li>Nous sommes situ\u00e9s \u00e0 Epalinges ce qui nous permet d&rsquo;intervenir en urgence \u00e0 votre foyer.<\/li>\n<li>Nous avons des tarifs comp\u00e9titifs.<\/li>\n<li>Nos plombiers sont exp\u00e9riment\u00e9s et assur\u00e9s.<\/li>\n<li>Nous contr\u00f4lons votre r\u00e9seau de plomberie avant les r\u00e9parations.<\/li>\n<li>Aucun probl\u00e8me est insurmontable pour notre \u00e9quipe d&rsquo;artisan, nous r\u00e9alisons tous types d\u2019interventions.<\/li>\n<\/ul>\n<h2>Les services que nous r\u00e9alisons \u00e0 Epalinges<\/h2>\n<ul>\n<li>Nous proposons la d\u00e9tection des fuites et la r\u00e9paration de vos tuyauteries.<\/li>\n<li>Nos artisans changent vos \u00e9quipements sanitaires.<\/li>\n<li>La restauration de votre sanitaire.<\/li>\n<li>Nous effectuons tous vos travaux de plomberie tels que l&rsquo;installation des : robinets, \u00e9viers, lavabos et tuyauteries.<\/li>\n<li>Nous posons les chauffes-eau et les chaudi\u00e8res.<\/li>\n<li>Le d\u00e9bouchage et l\u2019assainissement de vos canalisations.<\/li>\n<li>La restauration int\u00e9grale de votre salle d&rsquo;eau.<\/li>\n<li>La vidange de votre fosse septique.<\/li>\n<\/ul>\n<h2>Quel est le fonctionnement d&rsquo;Artisanlocal \u00e0 Epalinges ?<\/h2>\n<ol>\n<li>Une fois que vous nous avez contact\u00e9s par t\u00e9l\u00e9phone ou email, nous rentrons en contact avec vous pour \u00e9valuer votre probl\u00e8me.<\/li>\n<li>Apr\u00e8s cela, vous obtiendrez de notre part une estimation gratuite pour vos travaux. Vous ne paierez aucuns frais suppl\u00e9mentaires, sauf s&rsquo;il y a des travaux importants ou que vous avez besoin de changer des pi\u00e8ces de votre plomberie.<\/li>\n<li>Une fois que vous avez valid\u00e9 notre devis, notre artisan plombier fixe avec vous une date d\u2019intervention.<\/li>\n<\/ol>\n<h2>Entreprise de plomberie pour les particuliers \u00e0 Epalinges<\/h2>\n<p>Si votre syst\u00e8me de plomberie est d\u00e9fectueux, votre eau peut-\u00eatre pollu\u00e9e et vous pouvez mettre en p\u00e9ril la sant\u00e9 vos proches, c\u2019est la raison pour laquelle l&rsquo;artisan qui se d\u00e9place \u00e0 votre logement effectue :<\/p>\n<ul>\n<li>La d\u00e9tection et la remise en \u00e9tat de vos tuyaux.<\/li>\n<li>Le d\u00e9bouchage et le nettoyage de vos canalisations.<\/li>\n<li>La r\u00e9vision de votre chauffe-eau.<\/li>\n<li>L\u2019Inspection de vos tuyaux de canalisations.<\/li>\n<li>La r\u00e9novation de vos canalisations.<\/li>\n<li>Le nettoyage de votre habitation apr\u00e8s les d\u00e9g\u00e2ts des eaux.<\/li>\n<\/ul>\n<h2>Plombier pour les entreprises \u00e0 Epalinges<\/h2>\n<p>\u00c0 Epalinges, il y a des commerces de d\u00e9tail, PME et restaurants. Les robinets qui coulent, les canalisations qui refoulent et les chauffe-eau qui marchent mal sont des probl\u00e8mes qui peuvent conduire \u00e0 une perte de productivit\u00e9 ou encore endommager vos installations. Notre soci\u00e9t\u00e9 offre des services de plomberie pour votre entreprise \u00e0 Epalinges, comme :<\/p>\n<ul>\n<li>L&rsquo;\u00e9limination des blocages dans vos \u00e9viers et la mise en place de nouveaux robinets.<\/li>\n<li>La r\u00e9novation et la v\u00e9rification de vos tuyaux.<\/li>\n<li>L\u2019hydrocurage (jet d&rsquo;eau \u00e0 haute pression) de vos tuyaux de canalisations.<\/li>\n<li>L&rsquo;installation de nouveaux dispositifs de plomberie.<\/li>\n<li>L\u2019entretien et la r\u00e9paration de votre bac \u00e0 graisse.<\/li>\n<li>L\u2019installation, l\u2019entretien et la r\u00e9paration de votre chauffage ou chauffe-eau.<\/li>\n<li>La r\u00e9novation de vos tuyaux de canalisations.<\/li>\n<li>Le service de d\u00e9pannage de vos appareils sanitaires.<\/li>\n<li>L&rsquo;inspection de vos canalisations par cam\u00e9ra.<\/li>\n<\/ul>\n<h2>Nettoyage de votre tuyauterie en urgence \u00e0 Epalinges<\/h2>\n<p>Nos plombiers artisans assainissent vos canalisations \u00e0 Epalinges en urgence afin de vous \u00e9pargner des probl\u00e8mes d\u2019\u00e9coulement de vos eaux us\u00e9es, des remont\u00e9es d\u2019odeurs d\u00e9sagr\u00e9ables ou encore du d\u00e9bordement de vos baignoires, toilettes ou \u00e9viers, d&rsquo;autre part, nos plombiers op\u00e8rent rapidement pour vos :<\/p>\n<ul>\n<li>\u00c9viers.<\/li>\n<li>WC.<\/li>\n<li>Toits (goutti\u00e8res).<\/li>\n<li>Syst\u00e8mes d&rsquo;\u00e9gouts.<\/li>\n<li>Tuyauteries. <\/li>\n<\/ul>\n<h2>Nettoyage et entretien des r\u00e9seaux d&rsquo;\u00e9gouts \u00e0 Epalinges<\/h2>\n<p>Les \u00e9gouts constituent le syst\u00e8me central de la plomberie. Il \u00e9vacue les eaux us\u00e9es des WC, des \u00e9viers et des autres installations sanitaires. Lorsque l\u2019\u00e9gout est plein ou \u00e0 des fuites, cela peut causer des dommages dans votre appartement, et mettre en p\u00e9ril votre s\u00e9curit\u00e9 et celle de votre famille.<\/p>\n<p>L&rsquo;entretien fr\u00e9quent de votre \u00e9gout permet de pr\u00e9venir les remont\u00e9es d&rsquo;eau ou encore la formation de bouchons. Nos plombiers professionnels \u00e0 Epalinges associent les technologies de pointes et les techniques standards pour contr\u00f4ler, nettoyer et garantir le d\u00e9bit de l&rsquo;eau dans vos conduits.<\/p>\n<p>Notre soci\u00e9t\u00e9 r\u00e9nove les conduits de vos \u00e9gouts en cas de dommage important. Artisanlocal peut aussi nettoyer rapidement tout dommage caus\u00e9 par les eaux us\u00e9es dans votre propri\u00e9t\u00e9 ou soci\u00e9t\u00e9. Pour \u00e9viter la formation de moisissures, nous d\u00e9shumidifions et s\u00e9chons les zones \u00e0 risques.<\/p>\n<h2>Installations et r\u00e9parations de chauffe-eau<\/h2>\n<p>Tout ce que vous avez, c&rsquo;est de l\u2019eau froide dans vos conduits ? Votre chauffe-eau peut rencontrer des soucis. Artisanlocal effectue la r\u00e9paration de votre chauffe-eau en urgence. Voici les indices qui indiquent des probl\u00e8mes :<\/p>\n<ul>\n<li>La diminution de la pression de l\u2019eau chaude : cela peut-\u00eatre caus\u00e9 par une fuite d&rsquo;eau dans votre chauffe-eau, ou un \u00e9l\u00e9ment chauffant qui ne marche pas ou l&rsquo;accumulation de s\u00e9diments au fond de votre r\u00e9servoir.<\/li>\n<li>De l&rsquo;eau autour de votre cumulus : la pr\u00e9sence d&rsquo;eau au pied du chauffe-eau peut-\u00eatre l&rsquo;indication d&rsquo;un probl\u00e8me important, ou potentiellement d&rsquo;une fissure dans le r\u00e9servoir.<\/li>\n<li>Vous entendez des bruits anormaux qui proviennent du chauffe-eau : des bruits \u00e9tranges peuvent r\u00e9v\u00e9ler un d\u00e9p\u00f4t de s\u00e9diments, d\u2019une fuite, ou d&rsquo;une panne de l&rsquo;\u00e9l\u00e9ment chauffant.<\/li>\n<li>L&rsquo;eau est d\u00e9color\u00e9e : cela peut \u00eatre provoqu\u00e9 par la rouille ou \u00e0 d&rsquo;autres contaminants pr\u00e9sents dans le chauffe-eau.<\/li>\n<li>Le cumulus reste en marche : si vous constatez que votre chauffe-eau est sans cesse en marche, cela peut \u00eatre d\u00fb \u00e0 un probl\u00e8me.<\/li>\n<\/ul>\n<p>En choisissant nos artisans plombiers d\u00e8s les premiers signes, vous pouvez \u00e9chapper \u00e0 des travaux de r\u00e9parations hors de prix.<\/p>\n<h2>Services de nettoyage apr\u00e8s un d\u00e9g\u00e2t des eaux<\/h2>\n<p>Nos plombiers nettoient votre logement suite \u00e0 une inondation \u00e0 Epalinges, notre entreprise vous assiste, en cas de caves inond\u00e9es, de fortes pluies, de ruptures de tuyaux, de refoulements d&rsquo;\u00e9gouts, et de d\u00e9bordements de w.c. Et de douches et d&rsquo;autres probl\u00e8mes de canalisation qui peuvent occasionner des d\u00e9g\u00e2ts des eaux.<\/p>\n<h2>Foire aux questions<\/h2>\n<h3>Quel tarif pour faire intervenir un plombier \u00e0 Epalinges ?<\/h3>\n<p>Apr\u00e8s avoir examin\u00e9 votre souci de plomberie, les artisans plombiers d&rsquo;Artisanlocal \u00e9valuent le prix des travaux. Voici les tarifs \u00e0 titre informatif \u00e0 Epalinges :<\/p>\n<table border=\"1\">\n<tbody>\n<tr>\n<th>Prestations<\/th>\n<th>Prix CHF<\/th>\n<\/tr>\n<tr>\n<td>Mise en place d\u2019un lavabo<\/td>\n<td>280.00<\/td>\n<\/tr>\n<tr>\n<td>Taux horaire : installation sanitaire<\/td>\n<td>110.00 \u00e0 129.00<\/td>\n<\/tr>\n<tr>\n<td>Mise en place et raccordement, d\u2019un siphon \u00e0 un \u00e9vier<\/td>\n<td>70.00<\/td>\n<\/tr>\n<tr>\n<td>Montage mobilier de salle d&rsquo;eau<\/td>\n<td>95.00<\/td>\n<\/tr>\n<tr>\n<td>Mise en place et raccordement, d\u2019une douche \u00e0 la robinetterie<\/td>\n<td>86.00<\/td>\n<\/tr>\n<tr>\n<td>Installation d\u2019un r\u00e9servoir ind\u00e9pendant de toilette<\/td>\n<td>112.00<\/td>\n<\/tr>\n<tr>\n<td>Fixation d\u2019accessoires de salle d&rsquo;eau<\/td>\n<td>60.00<\/td>\n<\/tr>\n<tr>\n<td>Pose d\u2019un toilette suspendu<\/td>\n<td>170.00<\/td>\n<\/tr>\n<tr>\n<td>D\u00e9placement du plombier aller-retour<\/td>\n<td>100.00<\/td>\n<\/tr>\n<\/tbody>\n<\/table>\n<h3>L&rsquo;entreprise Artisanlocal est-elle ouverte les samedis et dimanches ?<\/h3>\n<p>Notre entreprise offre un service de plomberie en urgence en continu, 24\/7 et m\u00eame pendant les jours f\u00e9ri\u00e9s.<\/p>\n<h3>Nos artisans plombiers interviennent \u00e0 Epalinges et dans les villes aux environs ?<\/h3>\n<p>Oui, les plombiers de notre soci\u00e9t\u00e9 interviennent \u00e0 Epalinges, aussi dans les localit\u00e9s aux environs, telles que : Romanel-sur-Lausanne, Cheseaux-sur-Lausanne, Le Mont-sur-Lausanne, Bretigny-sur-Morrens, Cugy VD, Morrens VD, Froideville.<\/p>\n","protected":false},"excerpt":{"rendered":"<p>Si vous \u00eates un Palinzard, en cas d&rsquo;urgence, nos artisans plombiers se d\u00e9placent \u00e0 votre logement. Pourquoi faire appel \u00e0 Artisanlocal \u00e0 Epalinges ? Nos plombiers se d\u00e9placent tous les jours. Nos devis sont sans frais. Nous employons les derni\u00e8res techniques de pointes. Nous sommes situ\u00e9s \u00e0 Epalinges ce qui nous permet d&rsquo;intervenir en urgence [&hellip;]<\/p>\n","protected":false},"author":4,"featured_media":2758,"parent":0,"menu_order":0,"comment_status":"closed","ping_status":"closed","template":"","meta":{"footnotes":""},"profession":[123],"location":[74],"canton":[113],"class_list":["post-1006","page","type-page","status-publish","has-post-thumbnail","hentry","profession-sanitaire","location-epalinges","canton-vd"],"yoast_head":"<!-- This site is optimized with the Yoast SEO Premium plugin v25.7.1 (Yoast SEO v27.3) - https:\/\/yoast.com\/product\/yoast-seo-premium-wordpress\/ -->\n<title>Plombier Epalinges - Artisanlocal<\/title>\n<meta name=\"robots\" content=\"index, follow, max-snippet:-1, max-image-preview:large, max-video-preview:-1\" \/>\n<link rel=\"canonical\" href=\"https:\/\/www.artisanlocal.ch\/c\/plombier-epalinges\/\" \/>\n<meta property=\"og:locale\" content=\"fr_FR\" \/>\n<meta property=\"og:type\" content=\"article\" \/>\n<meta property=\"og:title\" content=\"Plombier Epalinges\" \/>\n<meta property=\"og:description\" content=\"Si vous \u00eates un Palinzard, en cas d&rsquo;urgence, nos artisans plombiers se d\u00e9placent \u00e0 votre logement. Pourquoi faire appel \u00e0 Artisanlocal \u00e0 Epalinges ? Nos plombiers se d\u00e9placent tous les jours. Nos devis sont sans frais. Nous employons les derni\u00e8res techniques de pointes. Nous sommes situ\u00e9s \u00e0 Epalinges ce qui nous permet d&rsquo;intervenir en urgence [&hellip;]\" \/>\n<meta property=\"og:url\" content=\"https:\/\/www.artisanlocal.ch\/c\/plombier-epalinges\/\" \/>\n<meta property=\"og:site_name\" content=\"Artisanlocal\" \/>\n<meta property=\"article:modified_time\" content=\"2025-08-26T17:27:25+00:00\" \/>\n<meta property=\"og:image\" content=\"https:\/\/www.artisanlocal.ch\/c\/wp-content\/uploads\/2024\/10\/plombier.jpg\" \/>\n\t<meta property=\"og:image:width\" content=\"1920\" \/>\n\t<meta property=\"og:image:height\" content=\"300\" \/>\n\t<meta property=\"og:image:type\" content=\"image\/jpeg\" \/>\n<meta name=\"twitter:card\" content=\"summary_large_image\" \/>\n<meta name=\"twitter:label1\" content=\"Dur\u00e9e de lecture estim\u00e9e\" \/>\n\t<meta name=\"twitter:data1\" content=\"6 minutes\" \/>\n<script type=\"application\/ld+json\" class=\"yoast-schema-graph\">{\"@context\":\"https:\\\/\\\/schema.org\",\"@graph\":[{\"@type\":\"WebPage\",\"@id\":\"https:\\\/\\\/www.artisanlocal.ch\\\/c\\\/plombier-epalinges\\\/\",\"url\":\"https:\\\/\\\/www.artisanlocal.ch\\\/c\\\/plombier-epalinges\\\/\",\"name\":\"Plombier Epalinges - Artisanlocal\",\"isPartOf\":{\"@id\":\"https:\\\/\\\/www.artisanlocal.ch\\\/c\\\/#website\"},\"primaryImageOfPage\":{\"@id\":\"https:\\\/\\\/www.artisanlocal.ch\\\/c\\\/plombier-epalinges\\\/#primaryimage\"},\"image\":{\"@id\":\"https:\\\/\\\/www.artisanlocal.ch\\\/c\\\/plombier-epalinges\\\/#primaryimage\"},\"thumbnailUrl\":\"https:\\\/\\\/www.artisanlocal.ch\\\/c\\\/wp-content\\\/uploads\\\/2024\\\/10\\\/plombier.jpg\",\"datePublished\":\"2024-05-18T19:41:35+00:00\",\"dateModified\":\"2025-08-26T17:27:25+00:00\",\"breadcrumb\":{\"@id\":\"https:\\\/\\\/www.artisanlocal.ch\\\/c\\\/plombier-epalinges\\\/#breadcrumb\"},\"inLanguage\":\"fr-FR\",\"potentialAction\":[{\"@type\":\"ReadAction\",\"target\":[\"https:\\\/\\\/www.artisanlocal.ch\\\/c\\\/plombier-epalinges\\\/\"]}]},{\"@type\":\"ImageObject\",\"inLanguage\":\"fr-FR\",\"@id\":\"https:\\\/\\\/www.artisanlocal.ch\\\/c\\\/plombier-epalinges\\\/#primaryimage\",\"url\":\"https:\\\/\\\/www.artisanlocal.ch\\\/c\\\/wp-content\\\/uploads\\\/2024\\\/10\\\/plombier.jpg\",\"contentUrl\":\"https:\\\/\\\/www.artisanlocal.ch\\\/c\\\/wp-content\\\/uploads\\\/2024\\\/10\\\/plombier.jpg\",\"width\":1920,\"height\":300},{\"@type\":\"BreadcrumbList\",\"@id\":\"https:\\\/\\\/www.artisanlocal.ch\\\/c\\\/plombier-epalinges\\\/#breadcrumb\",\"itemListElement\":[{\"@type\":\"ListItem\",\"position\":1,\"name\":\"Accueil\",\"item\":\"https:\\\/\\\/www.artisanlocal.ch\\\/c\\\/\"},{\"@type\":\"ListItem\",\"position\":2,\"name\":\"Plombier Epalinges\"}]},{\"@type\":\"WebSite\",\"@id\":\"https:\\\/\\\/www.artisanlocal.ch\\\/c\\\/#website\",\"url\":\"https:\\\/\\\/www.artisanlocal.ch\\\/c\\\/\",\"name\":\"Artisanlocal\",\"description\":\"\",\"publisher\":{\"@id\":\"https:\\\/\\\/www.artisanlocal.ch\\\/c\\\/#organization\"},\"potentialAction\":[{\"@type\":\"SearchAction\",\"target\":{\"@type\":\"EntryPoint\",\"urlTemplate\":\"https:\\\/\\\/www.artisanlocal.ch\\\/c\\\/?s={search_term_string}\"},\"query-input\":{\"@type\":\"PropertyValueSpecification\",\"valueRequired\":true,\"valueName\":\"search_term_string\"}}],\"inLanguage\":\"fr-FR\"},{\"@type\":\"Organization\",\"@id\":\"https:\\\/\\\/www.artisanlocal.ch\\\/c\\\/#organization\",\"name\":\"Artisanlocal\",\"url\":\"https:\\\/\\\/www.artisanlocal.ch\\\/c\\\/\",\"logo\":{\"@type\":\"ImageObject\",\"inLanguage\":\"fr-FR\",\"@id\":\"https:\\\/\\\/www.artisanlocal.ch\\\/c\\\/#\\\/schema\\\/logo\\\/image\\\/\",\"url\":\"https:\\\/\\\/www.artisanlocal.ch\\\/c\\\/wp-content\\\/uploads\\\/2024\\\/02\\\/logo-artisanlocal-h.svg\",\"contentUrl\":\"https:\\\/\\\/www.artisanlocal.ch\\\/c\\\/wp-content\\\/uploads\\\/2024\\\/02\\\/logo-artisanlocal-h.svg\",\"caption\":\"Artisanlocal\"},\"image\":{\"@id\":\"https:\\\/\\\/www.artisanlocal.ch\\\/c\\\/#\\\/schema\\\/logo\\\/image\\\/\"}}]}<\/script>\n<!-- \/ Yoast SEO Premium plugin. -->","yoast_head_json":{"title":"Plombier Epalinges - Artisanlocal","robots":{"index":"index","follow":"follow","max-snippet":"max-snippet:-1","max-image-preview":"max-image-preview:large","max-video-preview":"max-video-preview:-1"},"canonical":"https:\/\/www.artisanlocal.ch\/c\/plombier-epalinges\/","og_locale":"fr_FR","og_type":"article","og_title":"Plombier Epalinges","og_description":"Si vous \u00eates un Palinzard, en cas d&rsquo;urgence, nos artisans plombiers se d\u00e9placent \u00e0 votre logement. Pourquoi faire appel \u00e0 Artisanlocal \u00e0 Epalinges ? Nos plombiers se d\u00e9placent tous les jours. Nos devis sont sans frais. Nous employons les derni\u00e8res techniques de pointes. Nous sommes situ\u00e9s \u00e0 Epalinges ce qui nous permet d&rsquo;intervenir en urgence [&hellip;]","og_url":"https:\/\/www.artisanlocal.ch\/c\/plombier-epalinges\/","og_site_name":"Artisanlocal","article_modified_time":"2025-08-26T17:27:25+00:00","og_image":[{"width":1920,"height":300,"url":"https:\/\/www.artisanlocal.ch\/c\/wp-content\/uploads\/2024\/10\/plombier.jpg","type":"image\/jpeg"}],"twitter_card":"summary_large_image","twitter_misc":{"Dur\u00e9e de lecture estim\u00e9e":"6 minutes"},"schema":{"@context":"https:\/\/schema.org","@graph":[{"@type":"WebPage","@id":"https:\/\/www.artisanlocal.ch\/c\/plombier-epalinges\/","url":"https:\/\/www.artisanlocal.ch\/c\/plombier-epalinges\/","name":"Plombier Epalinges - Artisanlocal","isPartOf":{"@id":"https:\/\/www.artisanlocal.ch\/c\/#website"},"primaryImageOfPage":{"@id":"https:\/\/www.artisanlocal.ch\/c\/plombier-epalinges\/#primaryimage"},"image":{"@id":"https:\/\/www.artisanlocal.ch\/c\/plombier-epalinges\/#primaryimage"},"thumbnailUrl":"https:\/\/www.artisanlocal.ch\/c\/wp-content\/uploads\/2024\/10\/plombier.jpg","datePublished":"2024-05-18T19:41:35+00:00","dateModified":"2025-08-26T17:27:25+00:00","breadcrumb":{"@id":"https:\/\/www.artisanlocal.ch\/c\/plombier-epalinges\/#breadcrumb"},"inLanguage":"fr-FR","potentialAction":[{"@type":"ReadAction","target":["https:\/\/www.artisanlocal.ch\/c\/plombier-epalinges\/"]}]},{"@type":"ImageObject","inLanguage":"fr-FR","@id":"https:\/\/www.artisanlocal.ch\/c\/plombier-epalinges\/#primaryimage","url":"https:\/\/www.artisanlocal.ch\/c\/wp-content\/uploads\/2024\/10\/plombier.jpg","contentUrl":"https:\/\/www.artisanlocal.ch\/c\/wp-content\/uploads\/2024\/10\/plombier.jpg","width":1920,"height":300},{"@type":"BreadcrumbList","@id":"https:\/\/www.artisanlocal.ch\/c\/plombier-epalinges\/#breadcrumb","itemListElement":[{"@type":"ListItem","position":1,"name":"Accueil","item":"https:\/\/www.artisanlocal.ch\/c\/"},{"@type":"ListItem","position":2,"name":"Plombier Epalinges"}]},{"@type":"WebSite","@id":"https:\/\/www.artisanlocal.ch\/c\/#website","url":"https:\/\/www.artisanlocal.ch\/c\/","name":"Artisanlocal","description":"","publisher":{"@id":"https:\/\/www.artisanlocal.ch\/c\/#organization"},"potentialAction":[{"@type":"SearchAction","target":{"@type":"EntryPoint","urlTemplate":"https:\/\/www.artisanlocal.ch\/c\/?s={search_term_string}"},"query-input":{"@type":"PropertyValueSpecification","valueRequired":true,"valueName":"search_term_string"}}],"inLanguage":"fr-FR"},{"@type":"Organization","@id":"https:\/\/www.artisanlocal.ch\/c\/#organization","name":"Artisanlocal","url":"https:\/\/www.artisanlocal.ch\/c\/","logo":{"@type":"ImageObject","inLanguage":"fr-FR","@id":"https:\/\/www.artisanlocal.ch\/c\/#\/schema\/logo\/image\/","url":"https:\/\/www.artisanlocal.ch\/c\/wp-content\/uploads\/2024\/02\/logo-artisanlocal-h.svg","contentUrl":"https:\/\/www.artisanlocal.ch\/c\/wp-content\/uploads\/2024\/02\/logo-artisanlocal-h.svg","caption":"Artisanlocal"},"image":{"@id":"https:\/\/www.artisanlocal.ch\/c\/#\/schema\/logo\/image\/"}}]}},"_links":{"self":[{"href":"https:\/\/www.artisanlocal.ch\/c\/wp-json\/wp\/v2\/pages\/1006","targetHints":{"allow":["GET"]}}],"collection":[{"href":"https:\/\/www.artisanlocal.ch\/c\/wp-json\/wp\/v2\/pages"}],"about":[{"href":"https:\/\/www.artisanlocal.ch\/c\/wp-json\/wp\/v2\/types\/page"}],"author":[{"embeddable":true,"href":"https:\/\/www.artisanlocal.ch\/c\/wp-json\/wp\/v2\/users\/4"}],"replies":[{"embeddable":true,"href":"https:\/\/www.artisanlocal.ch\/c\/wp-json\/wp\/v2\/comments?post=1006"}],"version-history":[{"count":0,"href":"https:\/\/www.artisanlocal.ch\/c\/wp-json\/wp\/v2\/pages\/1006\/revisions"}],"wp:featuredmedia":[{"embeddable":true,"href":"https:\/\/www.artisanlocal.ch\/c\/wp-json\/wp\/v2\/media\/2758"}],"wp:attachment":[{"href":"https:\/\/www.artisanlocal.ch\/c\/wp-json\/wp\/v2\/media?parent=1006"}],"wp:term":[{"taxonomy":"profession","embeddable":true,"href":"https:\/\/www.artisanlocal.ch\/c\/wp-json\/wp\/v2\/profession?post=1006"},{"taxonomy":"location","embeddable":true,"href":"https:\/\/www.artisanlocal.ch\/c\/wp-json\/wp\/v2\/location?post=1006"},{"taxonomy":"canton","embeddable":true,"href":"https:\/\/www.artisanlocal.ch\/c\/wp-json\/wp\/v2\/canton?post=1006"}],"curies":[{"name":"wp","href":"https:\/\/api.w.org\/{rel}","templated":true}]}}