{"id":1007,"date":"2024-05-19T20:01:09","date_gmt":"2024-05-19T18:01:09","guid":{"rendered":"https:\/\/www.artisanlocal.ch\/c\/plombier-a-pully\/"},"modified":"2025-11-12T14:16:42","modified_gmt":"2025-11-12T13:16:42","slug":"plombier-a-pully","status":"publish","type":"page","link":"https:\/\/www.artisanlocal.ch\/c\/plombier-a-pully\/","title":{"rendered":"Plombier \u00e0 Pully"},"content":{"rendered":"<p>Besoin d&rsquo;un plombier \u00e0 Pully ? Artisanlocal.ch intervient rapidement chez vous et dans les villes proches.<br \/>\n\r\n<div class=\"box\">\r\n            <div class=\"company-info\">\r\n            <img decoding=\"async\" class=\"company-info__logo\" src=\"https:\/\/www.artisanlocal.ch\/media\/cache\/thumb\/images\/companies\/df-sanitaire.jpg\" alt=\"Logo\">\r\n            <h2 class=\"company-info__name\">DF Sanitaire SA<\/h2>\r\n            <p class=\"company-info__business\">Installations sanitaires - Chauffages - Ventilation - Salle de bain - D\u00e9pannage - Entretien - Installation - R\u00e9novation<\/p>\r\n        <\/div>\r\n        <div class=\"company-contact\">\r\n            <p class=\"company-info__address\">Route des Chaffeises 3<\/p>\r\n                            <div class=\"links\">\r\n                                            <a class=\"btn has-accent-background-color js-phoneNumber\" href=\"tel:0786573852\" title=\"Appelez\" data-id=\"741\" data-type=\"11\">078 657 38 52<\/a>\r\n                                                                <a class=\"btn has-accent-background-color\" href=\"http:\/\/www.dfsanitaire.ch\/\" target=\"_blank\" title=\"Voir le site internet\" data-id=\"741\" data-type=\"20\">Site internet<\/a>\r\n                                    <\/div>\r\n                    <\/div>\r\n    \r\n            \r\n<form action=\"https:\/\/www.artisanlocal.ch\/c\/wp-admin\/admin-ajax.php\" method=\"post\" class=\"form-contact\" id=\"artisan_form_contact_company_inline\">\r\n    <div><input type=\"hidden\" name=\"action\" value=\"company_contact\"><\/div>\r\n    <div><input type=\"hidden\" name=\"nonce\" value=\"7d2c549a98\"><\/div>\r\n    <div><input type=\"hidden\" name=\"company_id\" value=\"741\"><\/div>\r\n    <div><input type=\"hidden\" name=\"form_id\" value=\"artisan_form_contact_company_inline\"><\/div>\r\n    <div class=\"gglcptch gglcptch_v3 gglcptch_custom\"><input type=\"hidden\" id=\"g-recaptcha-response\" name=\"g-recaptcha-response\" \/><br \/><div class=\"gglcptch_error_text\">La p\u00e9riode de v\u00e9rification reCAPTCHA a expir\u00e9. Veuillez recharger la page.<\/div><\/div>    <div class=\"form-content\">\r\n        <div class=\"form-group\">\r\n            <label for=\"contact_firstName\" class=\"required\">Pr\u00e9nom<\/label>\r\n            <input type=\"text\" name=\"firstName\" class=\"form-control\" required>\r\n        <\/div>\r\n        <div class=\"form-group\">\r\n            <label for=\"contact_lastName\" class=\"required\">Nom<\/label>\r\n            <input type=\"text\" name=\"lastName\" class=\"form-control\" required>\r\n        <\/div>\r\n        <div class=\"form-group\">\r\n            <label for=\"contact_email\" class=\"required\">Email<\/label>\r\n            <input type=\"email\" name=\"email\" class=\"form-control\" required>\r\n        <\/div>\r\n        <div class=\"form-group\">\r\n            <label for=\"contact_phone\" class=\"required\">Num\u00e9ro de t\u00e9l\u00e9phone<\/label>\r\n            <input type=\"tel\" name=\"phone\" class=\"form-control\" placeholder=\"0787117165\" pattern=\"^[0-9]{10}$\" required>\r\n        <\/div>\r\n        <div class=\"form-group\">\r\n            <label for=\"contact_postalCode\" class=\"required\">Code postal et localit\u00e9<\/label>\r\n            <input type=\"text\" name=\"postalCode\" class=\"form-control\" required>\r\n        <\/div>\r\n        <div class=\"form-group\">\r\n            <label for=\"contact_address\" class=\"required\">Adresse<\/label>\r\n            <input type=\"text\" name=\"address\" class=\"form-control\" required>\r\n        <\/div>\r\n        <div class=\"full-width topic\">\r\n            <p class=\"required\">Je souhaite \u00eatre contact\u00e9 pour :<\/p>\r\n            <div class=\"form-check\">\r\n                <input type=\"radio\" name=\"topic\" value=\"D\u00e9pannage\" class=\"form-control\" required>\r\n                <label for=\"d\u00e9pannage\">D\u00e9pannage<\/label>\r\n            <\/div>\r\n            <div class=\"form-check\">\r\n                <input type=\"radio\" name=\"topic\" value=\"Entretien\" class=\"form-control\" required>\r\n                <label for=\"entretien\">Entretien<\/label>\r\n            <\/div>\r\n            <div class=\"form-check\">\r\n                <input type=\"radio\" name=\"topic\" value=\"R\u00e9novation\" class=\"form-control\" required>\r\n                <label for=\"r\u00e9novation\">R\u00e9novation<\/label>\r\n            <\/div>\r\n            <div class=\"form-check\">\r\n                <input type=\"radio\" name=\"topic\" value=\"Autre\" class=\"form-control\" required>\r\n                <label for=\"autre\">Autre<\/label>\r\n            <\/div>\r\n        <\/div>\r\n        <div class=\"form-group full-width\">\r\n            <label for=\"contact_message\">Message<\/label>\r\n            <textarea name=\"message\" rows=\"3\" class=\"form-control\"><\/textarea>\r\n        <\/div>\r\n    <\/div>\r\n    <div class=\"form-actions\">\r\n        <button class=\"wp-block-button__link has-accent-background-color\">Contacter<\/button>\r\n    <\/div>\r\n<\/form>\r\n<div class=\"form-feedback\"><\/div>    <\/div><\/p>\n<h2>Pourquoi choisir Artisanlocal \u00e0 Pully ?<\/h2>\n<ul>\n<li>Plombiers disponibles 7 jours sur 7, y compris les jours f\u00e9ri\u00e9s.<\/li>\n<li>Devis gratuits.<\/li>\n<li>Plombiers exp\u00e9riment\u00e9s qui utilisent les derni\u00e8res techniques.<\/li>\n<li>Entreprise situ\u00e9e \u00e0 Pully pour intervenir rapidement chez vous.<\/li>\n<li>Des tarifs attractifs.<\/li>\n<li>Nous inspectons de mani\u00e8re non intrusive votre plomberie avant d&rsquo;intervenir.<\/li>\n<\/ul>\n<h2>Nos services \u00e0 Pully<\/h2>\n<ul>\n<li>D\u00e9tection des fuites et r\u00e9paration de vos tuyauteries.<\/li>\n<li>Remplacement et r\u00e9novation de vos sanitaires.<\/li>\n<li>Installation : de robinet, d&rsquo;\u00e9vier, de lavabo et de tuyauterie.<\/li>\n<li>Installation de chaudi\u00e8res et de ballons d&rsquo;eau chaude.<\/li>\n<li>D\u00e9bouchage et assainissement de vos tuyaux.<\/li>\n<li>R\u00e9novation de salle de bain.<\/li>\n<li>Vidange de fosse septique.<\/li>\n<\/ul>\n<h2>Comment fonctionne Artisanlocal ?<\/h2>\n<ol>\n<li>Vous devez prendre contact avec nous par t\u00e9l\u00e9phone ou mail, ensuite un plombier vous contacte pour analyser votre projet.<\/li>\n<li>Apr\u00e8s cela, vous obtiendrez un devis. Avec Artisanlocal.ch, il n&rsquo;y a aucun frais suppl\u00e9mentaire, sauf s&rsquo;il y a des travaux importants ou qu&rsquo;il est n\u00e9cessaire de remplacer certaines pi\u00e8ces de votre plomberie.<\/li>\n<li>Une fois que vous avez valid\u00e9 notre devis, l&rsquo;artisan fixe avec vous le jour de l&rsquo;intervention.<\/li>\n<\/ol>\n<h2>Plombier pour les particuliers \u00e0 Pully<\/h2>\n<p>En cas de probl\u00e8me avec votre plomberie, vous pouvez contaminer l&rsquo;eau de votre foyer, ce qui peut mettre votre famille en danger, c&rsquo;est pour cela que le plombier qui intervient chez vous :<\/p>\n<ul>\n<li>D\u00e9tecte et r\u00e9pare les fuites dans vos canalisations.<\/li>\n<li>D\u00e9bouche vos canalisations.<\/li>\n<li>R\u00e9alise la maintenance de votre chauffe-eau.<\/li>\n<li>R\u00e9nove vos canalisations.<\/li>\n<\/ul>\n<h2>Plombier pour les entreprises \u00e0 Pully<\/h2>\n<p>Une fuite dans un robinet, un reflux dans une canalisation ou encore un probl\u00e8me de chauffe-eau sont des probl\u00e8mes courants qui peuvent diminuer la productivit\u00e9 de vos employ\u00e9s. Artisanlocal, vous aide pour :<\/p>\n<ul>\n<li>Enlever les bouchons pr\u00e9sents dans vos tuyaux.<\/li>\n<li>Installer de nouveaux robinets.<\/li>\n<li>R\u00e9aliser l&rsquo;inspection par vid\u00e9o de vos tuyaux.<\/li>\n<li>R\u00e9aliser le nettoyage de vos tuyaux avec de l&rsquo;eau \u00e0 haute pression (hydrocurage).<\/li>\n<li>Installer votre nouvelle plomberie.<\/li>\n<li>R\u00e9aliser la maintenance et la r\u00e9paration de votre bac \u00e0 graisse.<\/li>\n<li>Installer, r\u00e9nover et entretenir votre chauffage ou chauffe-eau.<\/li>\n<li>R\u00e9nover vos canalisations.<\/li>\n<li>D\u00e9panner vos appareils sanitaires.<\/li>\n<li>Inspecter vos conduits par cam\u00e9ra vid\u00e9o.<\/li>\n<\/ul>\n<h2>D\u00e9pannage en urgence \u00e0 Pully<\/h2>\n<p>Si vous habitez \u00e0 Pully ou une ville proche, notre entreprise peut intervenir rapidement chez vous pour d\u00e9boucher vos tuyaux.<\/p>\n<h2>Nettoyage et entretien des \u00e9gouts \u00e0 Pully<\/h2>\n<p>L&rsquo;\u00e9gout est le syst\u00e8me central de la plomberie. Il assure l&rsquo;\u00e9vacuation des eaux us\u00e9es des lavabos et des w.c. Lorsque l\u2019\u00e9gout est bouch\u00e9 ou d\u00e9borde, cela peut provoquer des dommages et compromettre votre s\u00e9curit\u00e9 (en contaminant l&rsquo;eau potable).<\/p>\n<p>Un entretien fr\u00e9quent de votre \u00e9gout permet de pr\u00e9venir l&rsquo;apparition de bouchons et les remont\u00e9es dans vos canalisations. Nos artisans plombiers \u00e0 Pully utilisent des techniques pour \u00e9liminer, inspecter et r\u00e9tablir l&rsquo;\u00e9coulement des eaux us\u00e9es dans vos canalisations.<\/p>\n<h2>R\u00e9parations et installations de chauffe-eau<\/h2>\n<p>Il n&rsquo;y a que de l&rsquo;eau froide qui sort de vos robinets ? Votre chauffe-eau peut rencontrer des probl\u00e8mes. Notre soci\u00e9t\u00e9 r\u00e9pare votre cumulus. Voici les indices qui montrent des probl\u00e8mes :<\/p>\n<ul>\n<li>La diminution de la pression ou de l\u2019eau chaude.<\/li>\n<li>Une flaque d&rsquo;eau pr\u00e8s de votre chauffe-eau.<\/li>\n<li>Des bruits \u00e9tranges sortent du cumulus.<\/li>\n<li>L&rsquo;eau est d\u00e9color\u00e9e.<\/li>\n<li>Le cumulus fonctionne en continu.<\/li>\n<\/ul>\n<h2>Service de nettoyage apr\u00e8s un d\u00e9g\u00e2t des eaux<\/h2>\n<p>Nos plombiers peuvent nettoyer votre int\u00e9rieur apr\u00e8s un d\u00e9g\u00e2t des eaux, nous vous aidons, en cas de caves submerg\u00e9es, de ruptures de canalisations, de d\u00e9bordements de w.c, de reflux d&rsquo;\u00e9gouts et d&rsquo;autres soucis de canalisation.<\/p>\n<h2>Questions habituellement pos\u00e9es<\/h2>\n<h3>Quel prix pour faire intervenir un plombier \u00e0 Pully ?<\/h3>\n<p>Les tarifs suivants de nos services sont donn\u00e9s \u00e0 titre indicatif \u00e0 Pully :<\/p>\n<table border=\"1\">\n<tbody>\n<tr>\n<th>Services<\/th>\n<th>Prix CHF<\/th>\n<\/tr>\n<tr>\n<td>Mise en place d\u2019un lavabo<\/td>\n<td>280.00<\/td>\n<\/tr>\n<tr>\n<td>Taux horaire : installation sanitaire<\/td>\n<td>110.00 \u00e0 129.00<\/td>\n<\/tr>\n<tr>\n<td>Pose et raccordement, d\u2019un siphon \u00e0 un \u00e9vier<\/td>\n<td>70.00<\/td>\n<\/tr>\n<tr>\n<td>Assemblage meuble de salle d&rsquo;eau<\/td>\n<td>95.00<\/td>\n<\/tr>\n<tr>\n<td>Installation et raccordement, d\u2019une douche \u00e0 la tuyauterie<\/td>\n<td>86.00<\/td>\n<\/tr>\n<tr>\n<td>Installation d\u2019un r\u00e9servoir ind\u00e9pendant de WC<\/td>\n<td>112.00<\/td>\n<\/tr>\n<tr>\n<td>Fixation d\u2019accessoires de salle de bain<\/td>\n<td>60.00<\/td>\n<\/tr>\n<tr>\n<td>Mise en place d\u2019un toilette suspendu<\/td>\n<td>170.00<\/td>\n<\/tr>\n<tr>\n<td>D\u00e9placement aller-retour<\/td>\n<td>100.00<\/td>\n<\/tr>\n<\/tbody>\n<\/table>\n<h3>Votre soci\u00e9t\u00e9 \u00e0 Pully est ouverte le samedi et le dimanche ?<\/h3>\n<p>Oui, nos plombiers sont joignables 24h\/24, 7j\/7 et m\u00eame durant les jours f\u00e9ri\u00e9s.<\/p>\n<h3>Nos plombiers interviennent \u00e0 Pully et dans les villes proches ?<\/h3>\n<p>Oui, nos plombiers interviennent \u00e0 Pully, et dans les villes aux alentours, telles que : Les Monts-de-Pully, La Croix (Lutry), Belmont-sur-Lausanne, La Conversion, Paudex, Lutry.<\/p>\n","protected":false},"excerpt":{"rendered":"<p>Besoin d&rsquo;un plombier \u00e0 Pully ? Artisanlocal.ch intervient rapidement chez vous et dans les villes proches. Pourquoi choisir Artisanlocal \u00e0 Pully ? Plombiers disponibles 7 jours sur 7, y compris les jours f\u00e9ri\u00e9s. Devis gratuits. Plombiers exp\u00e9riment\u00e9s qui utilisent les derni\u00e8res techniques. Entreprise situ\u00e9e \u00e0 Pully pour intervenir rapidement chez vous. Des tarifs attractifs. Nous [&hellip;]<\/p>\n","protected":false},"author":4,"featured_media":2758,"parent":0,"menu_order":0,"comment_status":"closed","ping_status":"closed","template":"","meta":{"footnotes":""},"profession":[123],"location":[80],"canton":[113],"class_list":["post-1007","page","type-page","status-publish","has-post-thumbnail","hentry","profession-sanitaire","location-pully","canton-vd"],"yoast_head":"<!-- This site is optimized with the Yoast SEO Premium plugin v25.7.1 (Yoast SEO v27.3) - https:\/\/yoast.com\/product\/yoast-seo-premium-wordpress\/ -->\n<title>Plombier \u00e0 Pully - Artisanlocal<\/title>\n<meta name=\"robots\" content=\"index, follow, max-snippet:-1, max-image-preview:large, max-video-preview:-1\" \/>\n<link rel=\"canonical\" href=\"https:\/\/www.artisanlocal.ch\/c\/plombier-a-pully\/\" \/>\n<meta property=\"og:locale\" content=\"fr_FR\" \/>\n<meta property=\"og:type\" content=\"article\" \/>\n<meta property=\"og:title\" content=\"Plombier \u00e0 Pully\" \/>\n<meta property=\"og:description\" content=\"Besoin d&rsquo;un plombier \u00e0 Pully ? Artisanlocal.ch intervient rapidement chez vous et dans les villes proches. Pourquoi choisir Artisanlocal \u00e0 Pully ? Plombiers disponibles 7 jours sur 7, y compris les jours f\u00e9ri\u00e9s. Devis gratuits. Plombiers exp\u00e9riment\u00e9s qui utilisent les derni\u00e8res techniques. Entreprise situ\u00e9e \u00e0 Pully pour intervenir rapidement chez vous. Des tarifs attractifs. Nous [&hellip;]\" \/>\n<meta property=\"og:url\" content=\"https:\/\/www.artisanlocal.ch\/c\/plombier-a-pully\/\" \/>\n<meta property=\"og:site_name\" content=\"Artisanlocal\" \/>\n<meta property=\"article:modified_time\" content=\"2025-11-12T13:16:42+00:00\" \/>\n<meta property=\"og:image\" content=\"https:\/\/www.artisanlocal.ch\/c\/wp-content\/uploads\/2024\/10\/plombier.jpg\" \/>\n\t<meta property=\"og:image:width\" content=\"1920\" \/>\n\t<meta property=\"og:image:height\" content=\"300\" \/>\n\t<meta property=\"og:image:type\" content=\"image\/jpeg\" \/>\n<meta name=\"twitter:card\" content=\"summary_large_image\" \/>\n<meta name=\"twitter:label1\" content=\"Dur\u00e9e de lecture estim\u00e9e\" \/>\n\t<meta name=\"twitter:data1\" content=\"4 minutes\" \/>\n<script type=\"application\/ld+json\" class=\"yoast-schema-graph\">{\"@context\":\"https:\\\/\\\/schema.org\",\"@graph\":[{\"@type\":\"WebPage\",\"@id\":\"https:\\\/\\\/www.artisanlocal.ch\\\/c\\\/plombier-a-pully\\\/\",\"url\":\"https:\\\/\\\/www.artisanlocal.ch\\\/c\\\/plombier-a-pully\\\/\",\"name\":\"Plombier \u00e0 Pully - Artisanlocal\",\"isPartOf\":{\"@id\":\"https:\\\/\\\/www.artisanlocal.ch\\\/c\\\/#website\"},\"primaryImageOfPage\":{\"@id\":\"https:\\\/\\\/www.artisanlocal.ch\\\/c\\\/plombier-a-pully\\\/#primaryimage\"},\"image\":{\"@id\":\"https:\\\/\\\/www.artisanlocal.ch\\\/c\\\/plombier-a-pully\\\/#primaryimage\"},\"thumbnailUrl\":\"https:\\\/\\\/www.artisanlocal.ch\\\/c\\\/wp-content\\\/uploads\\\/2024\\\/10\\\/plombier.jpg\",\"datePublished\":\"2024-05-19T18:01:09+00:00\",\"dateModified\":\"2025-11-12T13:16:42+00:00\",\"breadcrumb\":{\"@id\":\"https:\\\/\\\/www.artisanlocal.ch\\\/c\\\/plombier-a-pully\\\/#breadcrumb\"},\"inLanguage\":\"fr-FR\",\"potentialAction\":[{\"@type\":\"ReadAction\",\"target\":[\"https:\\\/\\\/www.artisanlocal.ch\\\/c\\\/plombier-a-pully\\\/\"]}]},{\"@type\":\"ImageObject\",\"inLanguage\":\"fr-FR\",\"@id\":\"https:\\\/\\\/www.artisanlocal.ch\\\/c\\\/plombier-a-pully\\\/#primaryimage\",\"url\":\"https:\\\/\\\/www.artisanlocal.ch\\\/c\\\/wp-content\\\/uploads\\\/2024\\\/10\\\/plombier.jpg\",\"contentUrl\":\"https:\\\/\\\/www.artisanlocal.ch\\\/c\\\/wp-content\\\/uploads\\\/2024\\\/10\\\/plombier.jpg\",\"width\":1920,\"height\":300},{\"@type\":\"BreadcrumbList\",\"@id\":\"https:\\\/\\\/www.artisanlocal.ch\\\/c\\\/plombier-a-pully\\\/#breadcrumb\",\"itemListElement\":[{\"@type\":\"ListItem\",\"position\":1,\"name\":\"Accueil\",\"item\":\"https:\\\/\\\/www.artisanlocal.ch\\\/c\\\/\"},{\"@type\":\"ListItem\",\"position\":2,\"name\":\"Plombier \u00e0 Pully\"}]},{\"@type\":\"WebSite\",\"@id\":\"https:\\\/\\\/www.artisanlocal.ch\\\/c\\\/#website\",\"url\":\"https:\\\/\\\/www.artisanlocal.ch\\\/c\\\/\",\"name\":\"Artisanlocal\",\"description\":\"\",\"publisher\":{\"@id\":\"https:\\\/\\\/www.artisanlocal.ch\\\/c\\\/#organization\"},\"potentialAction\":[{\"@type\":\"SearchAction\",\"target\":{\"@type\":\"EntryPoint\",\"urlTemplate\":\"https:\\\/\\\/www.artisanlocal.ch\\\/c\\\/?s={search_term_string}\"},\"query-input\":{\"@type\":\"PropertyValueSpecification\",\"valueRequired\":true,\"valueName\":\"search_term_string\"}}],\"inLanguage\":\"fr-FR\"},{\"@type\":\"Organization\",\"@id\":\"https:\\\/\\\/www.artisanlocal.ch\\\/c\\\/#organization\",\"name\":\"Artisanlocal\",\"url\":\"https:\\\/\\\/www.artisanlocal.ch\\\/c\\\/\",\"logo\":{\"@type\":\"ImageObject\",\"inLanguage\":\"fr-FR\",\"@id\":\"https:\\\/\\\/www.artisanlocal.ch\\\/c\\\/#\\\/schema\\\/logo\\\/image\\\/\",\"url\":\"https:\\\/\\\/www.artisanlocal.ch\\\/c\\\/wp-content\\\/uploads\\\/2024\\\/02\\\/logo-artisanlocal-h.svg\",\"contentUrl\":\"https:\\\/\\\/www.artisanlocal.ch\\\/c\\\/wp-content\\\/uploads\\\/2024\\\/02\\\/logo-artisanlocal-h.svg\",\"caption\":\"Artisanlocal\"},\"image\":{\"@id\":\"https:\\\/\\\/www.artisanlocal.ch\\\/c\\\/#\\\/schema\\\/logo\\\/image\\\/\"}}]}<\/script>\n<!-- \/ Yoast SEO Premium plugin. -->","yoast_head_json":{"title":"Plombier \u00e0 Pully - Artisanlocal","robots":{"index":"index","follow":"follow","max-snippet":"max-snippet:-1","max-image-preview":"max-image-preview:large","max-video-preview":"max-video-preview:-1"},"canonical":"https:\/\/www.artisanlocal.ch\/c\/plombier-a-pully\/","og_locale":"fr_FR","og_type":"article","og_title":"Plombier \u00e0 Pully","og_description":"Besoin d&rsquo;un plombier \u00e0 Pully ? Artisanlocal.ch intervient rapidement chez vous et dans les villes proches. Pourquoi choisir Artisanlocal \u00e0 Pully ? Plombiers disponibles 7 jours sur 7, y compris les jours f\u00e9ri\u00e9s. Devis gratuits. Plombiers exp\u00e9riment\u00e9s qui utilisent les derni\u00e8res techniques. Entreprise situ\u00e9e \u00e0 Pully pour intervenir rapidement chez vous. Des tarifs attractifs. Nous [&hellip;]","og_url":"https:\/\/www.artisanlocal.ch\/c\/plombier-a-pully\/","og_site_name":"Artisanlocal","article_modified_time":"2025-11-12T13:16:42+00:00","og_image":[{"width":1920,"height":300,"url":"https:\/\/www.artisanlocal.ch\/c\/wp-content\/uploads\/2024\/10\/plombier.jpg","type":"image\/jpeg"}],"twitter_card":"summary_large_image","twitter_misc":{"Dur\u00e9e de lecture estim\u00e9e":"4 minutes"},"schema":{"@context":"https:\/\/schema.org","@graph":[{"@type":"WebPage","@id":"https:\/\/www.artisanlocal.ch\/c\/plombier-a-pully\/","url":"https:\/\/www.artisanlocal.ch\/c\/plombier-a-pully\/","name":"Plombier \u00e0 Pully - Artisanlocal","isPartOf":{"@id":"https:\/\/www.artisanlocal.ch\/c\/#website"},"primaryImageOfPage":{"@id":"https:\/\/www.artisanlocal.ch\/c\/plombier-a-pully\/#primaryimage"},"image":{"@id":"https:\/\/www.artisanlocal.ch\/c\/plombier-a-pully\/#primaryimage"},"thumbnailUrl":"https:\/\/www.artisanlocal.ch\/c\/wp-content\/uploads\/2024\/10\/plombier.jpg","datePublished":"2024-05-19T18:01:09+00:00","dateModified":"2025-11-12T13:16:42+00:00","breadcrumb":{"@id":"https:\/\/www.artisanlocal.ch\/c\/plombier-a-pully\/#breadcrumb"},"inLanguage":"fr-FR","potentialAction":[{"@type":"ReadAction","target":["https:\/\/www.artisanlocal.ch\/c\/plombier-a-pully\/"]}]},{"@type":"ImageObject","inLanguage":"fr-FR","@id":"https:\/\/www.artisanlocal.ch\/c\/plombier-a-pully\/#primaryimage","url":"https:\/\/www.artisanlocal.ch\/c\/wp-content\/uploads\/2024\/10\/plombier.jpg","contentUrl":"https:\/\/www.artisanlocal.ch\/c\/wp-content\/uploads\/2024\/10\/plombier.jpg","width":1920,"height":300},{"@type":"BreadcrumbList","@id":"https:\/\/www.artisanlocal.ch\/c\/plombier-a-pully\/#breadcrumb","itemListElement":[{"@type":"ListItem","position":1,"name":"Accueil","item":"https:\/\/www.artisanlocal.ch\/c\/"},{"@type":"ListItem","position":2,"name":"Plombier \u00e0 Pully"}]},{"@type":"WebSite","@id":"https:\/\/www.artisanlocal.ch\/c\/#website","url":"https:\/\/www.artisanlocal.ch\/c\/","name":"Artisanlocal","description":"","publisher":{"@id":"https:\/\/www.artisanlocal.ch\/c\/#organization"},"potentialAction":[{"@type":"SearchAction","target":{"@type":"EntryPoint","urlTemplate":"https:\/\/www.artisanlocal.ch\/c\/?s={search_term_string}"},"query-input":{"@type":"PropertyValueSpecification","valueRequired":true,"valueName":"search_term_string"}}],"inLanguage":"fr-FR"},{"@type":"Organization","@id":"https:\/\/www.artisanlocal.ch\/c\/#organization","name":"Artisanlocal","url":"https:\/\/www.artisanlocal.ch\/c\/","logo":{"@type":"ImageObject","inLanguage":"fr-FR","@id":"https:\/\/www.artisanlocal.ch\/c\/#\/schema\/logo\/image\/","url":"https:\/\/www.artisanlocal.ch\/c\/wp-content\/uploads\/2024\/02\/logo-artisanlocal-h.svg","contentUrl":"https:\/\/www.artisanlocal.ch\/c\/wp-content\/uploads\/2024\/02\/logo-artisanlocal-h.svg","caption":"Artisanlocal"},"image":{"@id":"https:\/\/www.artisanlocal.ch\/c\/#\/schema\/logo\/image\/"}}]}},"_links":{"self":[{"href":"https:\/\/www.artisanlocal.ch\/c\/wp-json\/wp\/v2\/pages\/1007","targetHints":{"allow":["GET"]}}],"collection":[{"href":"https:\/\/www.artisanlocal.ch\/c\/wp-json\/wp\/v2\/pages"}],"about":[{"href":"https:\/\/www.artisanlocal.ch\/c\/wp-json\/wp\/v2\/types\/page"}],"author":[{"embeddable":true,"href":"https:\/\/www.artisanlocal.ch\/c\/wp-json\/wp\/v2\/users\/4"}],"replies":[{"embeddable":true,"href":"https:\/\/www.artisanlocal.ch\/c\/wp-json\/wp\/v2\/comments?post=1007"}],"version-history":[{"count":0,"href":"https:\/\/www.artisanlocal.ch\/c\/wp-json\/wp\/v2\/pages\/1007\/revisions"}],"wp:featuredmedia":[{"embeddable":true,"href":"https:\/\/www.artisanlocal.ch\/c\/wp-json\/wp\/v2\/media\/2758"}],"wp:attachment":[{"href":"https:\/\/www.artisanlocal.ch\/c\/wp-json\/wp\/v2\/media?parent=1007"}],"wp:term":[{"taxonomy":"profession","embeddable":true,"href":"https:\/\/www.artisanlocal.ch\/c\/wp-json\/wp\/v2\/profession?post=1007"},{"taxonomy":"location","embeddable":true,"href":"https:\/\/www.artisanlocal.ch\/c\/wp-json\/wp\/v2\/location?post=1007"},{"taxonomy":"canton","embeddable":true,"href":"https:\/\/www.artisanlocal.ch\/c\/wp-json\/wp\/v2\/canton?post=1007"}],"curies":[{"name":"wp","href":"https:\/\/api.w.org\/{rel}","templated":true}]}}