{"id":1008,"date":"2024-05-19T12:26:16","date_gmt":"2024-05-19T10:26:16","guid":{"rendered":"https:\/\/www.artisanlocal.ch\/c\/plombier-a-prilly\/"},"modified":"2025-08-26T19:27:07","modified_gmt":"2025-08-26T17:27:07","slug":"plombier-a-prilly","status":"publish","type":"page","link":"https:\/\/www.artisanlocal.ch\/c\/plombier-a-prilly\/","title":{"rendered":"Plombier \u00e0 Prilly"},"content":{"rendered":"<p>Si vous \u00eates un habitant de Prilly, Artisanlocal intervient dans votre foyer en urgence.<\/p>\n\r\n<div class=\"box\">\r\n            <div class=\"company-info\">\r\n            <img decoding=\"async\" class=\"company-info__logo\" src=\"https:\/\/www.artisanlocal.ch\/media\/cache\/thumb\/images\/companies\/644f84e1e36c1671667738.png\" alt=\"Logo\">\r\n            <h2 class=\"company-info__name\">Inter-Sanitaire S\u00e0rl<\/h2>\r\n            <p class=\"company-info__business\">Installations sanitaires - Chauffages - Energies renouvelables<\/p>\r\n        <\/div>\r\n        <div class=\"company-contact\">\r\n            <p class=\"company-info__address\">Chemin de la Sib\u00e9rie 2<\/p>\r\n                            <div class=\"links\">\r\n                                            <a class=\"btn has-accent-background-color js-phoneNumber\" href=\"tel:0796064957\" title=\"Appelez\" data-id=\"504\" data-type=\"11\">079 606 49 57<\/a>\r\n                                                                <a class=\"btn has-accent-background-color\" href=\"https:\/\/www.inter-sanitaire.ch\/\" target=\"_blank\" title=\"Voir le site internet\" data-id=\"504\" data-type=\"20\">Site internet<\/a>\r\n                                    <\/div>\r\n                    <\/div>\r\n    \r\n            \r\n<form action=\"https:\/\/www.artisanlocal.ch\/c\/wp-admin\/admin-ajax.php\" method=\"post\" class=\"form-contact\" id=\"artisan_form_contact_company_inline\">\r\n    <div><input type=\"hidden\" name=\"action\" value=\"company_contact\"><\/div>\r\n    <div><input type=\"hidden\" name=\"nonce\" value=\"1046d5a4e8\"><\/div>\r\n    <div><input type=\"hidden\" name=\"company_id\" value=\"504\"><\/div>\r\n    <div><input type=\"hidden\" name=\"form_id\" value=\"artisan_form_contact_company_inline\"><\/div>\r\n    <div class=\"gglcptch gglcptch_v3 gglcptch_custom\"><input type=\"hidden\" id=\"g-recaptcha-response\" name=\"g-recaptcha-response\" \/><br \/><div class=\"gglcptch_error_text\">La p\u00e9riode de v\u00e9rification reCAPTCHA a expir\u00e9. Veuillez recharger la page.<\/div><\/div>    <div class=\"form-content\">\r\n        <div class=\"form-group\">\r\n            <label for=\"contact_firstName\" class=\"required\">Pr\u00e9nom<\/label>\r\n            <input type=\"text\" name=\"firstName\" class=\"form-control\" required>\r\n        <\/div>\r\n        <div class=\"form-group\">\r\n            <label for=\"contact_lastName\" class=\"required\">Nom<\/label>\r\n            <input type=\"text\" name=\"lastName\" class=\"form-control\" required>\r\n        <\/div>\r\n        <div class=\"form-group\">\r\n            <label for=\"contact_email\" class=\"required\">Email<\/label>\r\n            <input type=\"email\" name=\"email\" class=\"form-control\" required>\r\n        <\/div>\r\n        <div class=\"form-group\">\r\n            <label for=\"contact_phone\" class=\"required\">Num\u00e9ro de t\u00e9l\u00e9phone<\/label>\r\n            <input type=\"tel\" name=\"phone\" class=\"form-control\" placeholder=\"0787117165\" pattern=\"^[0-9]{10}$\" required>\r\n        <\/div>\r\n        <div class=\"form-group\">\r\n            <label for=\"contact_postalCode\" class=\"required\">Code postal et localit\u00e9<\/label>\r\n            <input type=\"text\" name=\"postalCode\" class=\"form-control\" required>\r\n        <\/div>\r\n        <div class=\"form-group\">\r\n            <label for=\"contact_address\" class=\"required\">Adresse<\/label>\r\n            <input type=\"text\" name=\"address\" class=\"form-control\" required>\r\n        <\/div>\r\n        <div class=\"full-width topic\">\r\n            <p class=\"required\">Je souhaite \u00eatre contact\u00e9 pour :<\/p>\r\n            <div class=\"form-check\">\r\n                <input type=\"radio\" name=\"topic\" value=\"D\u00e9pannage\" class=\"form-control\" required>\r\n                <label for=\"d\u00e9pannage\">D\u00e9pannage<\/label>\r\n            <\/div>\r\n            <div class=\"form-check\">\r\n                <input type=\"radio\" name=\"topic\" value=\"Entretien\" class=\"form-control\" required>\r\n                <label for=\"entretien\">Entretien<\/label>\r\n            <\/div>\r\n            <div class=\"form-check\">\r\n                <input type=\"radio\" name=\"topic\" value=\"R\u00e9novation\" class=\"form-control\" required>\r\n                <label for=\"r\u00e9novation\">R\u00e9novation<\/label>\r\n            <\/div>\r\n            <div class=\"form-check\">\r\n                <input type=\"radio\" name=\"topic\" value=\"Autre\" class=\"form-control\" required>\r\n                <label for=\"autre\">Autre<\/label>\r\n            <\/div>\r\n        <\/div>\r\n        <div class=\"form-group full-width\">\r\n            <label for=\"contact_message\">Message<\/label>\r\n            <textarea name=\"message\" rows=\"3\" class=\"form-control\"><\/textarea>\r\n        <\/div>\r\n    <\/div>\r\n    <div class=\"form-actions\">\r\n        <button class=\"wp-block-button__link has-accent-background-color\">Contacter<\/button>\r\n    <\/div>\r\n<\/form>\r\n<div class=\"form-feedback\"><\/div>    <\/div>\n<h2>Quels sont les avantages de choisir Artisanlocal \u00e0 Prilly ?<\/h2>\n<ul>\n<li>Nos artisans plombiers se d\u00e9placent tous les jours et les jours f\u00e9ri\u00e9s.<\/li>\n<li>Nous offrons des estimations gratuites.<\/li>\n<li>Nos plombiers emploient les derni\u00e8res techniques et technologies.<\/li>\n<li>Notre entreprise est localis\u00e9e \u00e0 Prilly ce qui nous permet d&rsquo;intervenir rapidement \u00e0 votre foyer.<\/li>\n<li>Nous proposons des tarifs comp\u00e9titifs.<\/li>\n<li>Nos plombiers sont assur\u00e9s et exp\u00e9riment\u00e9s.<\/li>\n<li>Avant de d\u00e9buter notre travail, nous contr\u00f4lons votre installation de plomberie.<\/li>\n<li>Nous g\u00e9rons tous les travaux de plomberie possibles.<\/li>\n<\/ul>\n<h2>Les services que nous proposons \u00e0 Prilly<\/h2>\n<ul>\n<li>Notre soci\u00e9t\u00e9 est sp\u00e9cialis\u00e9e dans la localisation des fuites et la r\u00e9paration de vos conduits.<\/li>\n<li>Le remplacement de votre \u00e9quipement sanitaire.<\/li>\n<li>Nos artisans r\u00e9novent tous vos sanitaires.<\/li>\n<li>Nous r\u00e9alisons tous vos travaux de plomberie tels que l&rsquo;installation des : tuyauteries, lavabos, robinets et \u00e9viers.<\/li>\n<li>Nous installons les chauffes-eau et les chaudi\u00e8res.<\/li>\n<li>Nous accomplissons l&rsquo;assainissement et le d\u00e9bouchage de vos canalisations.<\/li>\n<li>Nous restaurons int\u00e9gralement les salles d&rsquo;eau.<\/li>\n<li>Notre entreprise r\u00e9alise aussi la vidange de votre fosse septique.<\/li>\n<\/ul>\n<h2>Comment fonctionne Artisanlocal ?<\/h2>\n<ol>\n<li>Une fois que vous nous avez contact\u00e9s par email ou par t\u00e9l\u00e9phone, nous vous contactons pour \u00e9valuer vos besoins.<\/li>\n<li>Ensuite, nous vous donnons un devis d\u00e9taill\u00e9 et gratuit. Vous ne r\u00e8glerez aucuns frais suppl\u00e9mentaires, sauf s&rsquo;il y a des travaux importants ou que vous avez besoin de changer certaines pi\u00e8ces de votre \u00e9quipement de plomberie.<\/li>\n<li>Apr\u00e8s avoir donn\u00e9 votre accord pour le devis, nous d\u00e9ciderons ensemble du jour de l&rsquo;intervention \u00e0 votre domicile.<\/li>\n<\/ol>\n<h2>Travaux de plomberie pour les particuliers \u00e0 Prilly<\/h2>\n<p>En cas de souci avec votre plomberie, il y a un risque que vous contaminiez l&rsquo;eau de votre foyer, ce qui peut entra\u00eener un danger pour votre famille, c\u2019est la raison pour laquelle l&rsquo;artisan qui se d\u00e9place chez vous effectue :<\/p>\n<ul>\n<li>La d\u00e9tection et la r\u00e9paration de fuites dans vos tuyaux.<\/li>\n<li>Le d\u00e9bouchage et le nettoyage de vos tuyaux.<\/li>\n<li>La maintenance de votre chauffe-eau.<\/li>\n<li>Le contr\u00f4le de vos tuyaux de canalisations.<\/li>\n<li>La restauration de vos canalisations.<\/li>\n<li>Le nettoyage de votre r\u00e9sidence apr\u00e8s les d\u00e9g\u00e2ts des eaux.<\/li>\n<\/ul>\n<h2>Artisanlocal aux services des entreprises \u00e0 Prilly<\/h2>\n<p>\u00c0 Prilly, il y a des soci\u00e9t\u00e9s, commerces de d\u00e9tail et restaurants. Une fuite dans un robinet, un reflux dans une canalisation ou encore un probl\u00e8me de chauffe-eau sont des incidents r\u00e9pandus qui peuvent baisser l&rsquo;efficacit\u00e9 de vos employ\u00e9s. Artisanlocal aide votre soci\u00e9t\u00e9 pour :<\/p>\n<ul>\n<li>Le d\u00e9gorgement de vos \u00e9viers et le remplacement de vos mitigeurs de cuisine.<\/li>\n<li>L&rsquo;inspection par vid\u00e9o et la r\u00e9paration de vos tuyaux.<\/li>\n<li>Le nettoyage par jet d&rsquo;eau de vos canalisations.<\/li>\n<li>La pose de nouveaux dispositifs dans votre syst\u00e8me de plomberie.<\/li>\n<li>La vidange, le nettoyage, le changement ou la r\u00e9paration de bac d\u00e9graisseur.<\/li>\n<li>L\u2019installation, l\u2019entretien et la r\u00e9paration de votre chauffage ou chauffe-eau.<\/li>\n<li>La r\u00e9paration de vos canalisations.<\/li>\n<li>Le d\u00e9pannage de vos appareils sanitaires.<\/li>\n<li>La v\u00e9rification de vos canalisations par cam\u00e9ra.<\/li>\n<\/ul>\n<h2>Nettoyage de canalisations en urgence \u00e0 Prilly<\/h2>\n<p>Nos plombiers artisans assainissent vos tuyaux de canalisations \u00e0 Prilly en urgence afin de vous \u00e9viter des difficult\u00e9s d\u2019\u00e9vacuation de vos eaux us\u00e9es, des remont\u00e9es d\u2019odeurs d\u00e9sagr\u00e9ables ou encore du d\u00e9bordement de vos baignoires, toilettes ou \u00e9viers, d&rsquo;autre part, nos plombiers op\u00e8rent rapidement pour vos :<\/p>\n<ul>\n<li>Lavabos.<\/li>\n<li>WC.<\/li>\n<li>Toits (goutti\u00e8res).<\/li>\n<li>Syst\u00e8mes d&rsquo;\u00e9gouts.<\/li>\n<li>Canalisations. <\/li>\n<\/ul>\n<h2>Nettoyage et entretien des r\u00e9seaux d&rsquo;\u00e9gouts \u00e0 Prilly<\/h2>\n<p>Les \u00e9gouts constituent le syst\u00e8me central de la plomberie. Il \u00e9vacue les eaux us\u00e9es des lavabos, des w.c. Et des autres syst\u00e8mes sanitaires. Si votre \u00e9gout est bouch\u00e9 ou d\u00e9borde, cela peut occasionner des d\u00e9g\u00e2ts dans votre domicile, et compromettre votre s\u00e9curit\u00e9.<\/p>\n<p>Le nettoyage r\u00e9gulier de votre \u00e9gout permet d&rsquo;\u00e9viter l&rsquo;apparition de bouchons et les remont\u00e9es dans les canalisations. Nos plombiers professionnels \u00e0 Prilly associent les techniques classiques et les nouvelles technologies pour contr\u00f4ler, nettoyer et garantir l&rsquo;\u00e9coulement de l&rsquo;eau dans vos canalisations.<\/p>\n<p>Notre entreprise r\u00e9nove les canalisations de votre syst\u00e8me d&rsquo;\u00e9gout en cas de dommages. Notre \u00e9quipe propose aussi le nettoyage de votre soci\u00e9t\u00e9 ou de votre appartement \u00e0 la suite d&rsquo;un dommage caus\u00e9 par l&rsquo;eau. Nous s\u00e9chons et d\u00e9shumidifions les espaces endommag\u00e9s dans le but de diminuer les risques d&rsquo;apparition de champignons.<\/p>\n<h2>R\u00e9parations et installations de cumulus<\/h2>\n<p>Il n&rsquo;y a que de l&rsquo;eau froide dans votre logement ? Il se peut que vous ayez des probl\u00e8mes avec votre cumulus. Artisanlocal r\u00e9alise la r\u00e9paration de votre chauffe-eau en urgence. Voici les signes qui indiquent des soucis :<\/p>\n<ul>\n<li>La diminution de la pression de l\u2019eau chaude : \u00e7a peut-\u00eatre d\u00fb \u00e0 une fuite d&rsquo;eau dans votre cumulus, ou un syst\u00e8me chauffant d\u00e9fectueux ou l&rsquo;accumulation de s\u00e9diments dans votre r\u00e9servoir.<\/li>\n<li>Une flaque d&rsquo;eau \u00e0 proximit\u00e9 de votre r\u00e9servoir : la pr\u00e9sence d&rsquo;humidit\u00e9 \u00e0 la base du r\u00e9servoir peut signaler un probl\u00e8me, ou la pr\u00e9sence d&rsquo;un trou dans votre cumulus.<\/li>\n<li>Des bruits \u00e9tranges sortent du chauffe-eau : si vous entendez des sons \u00e9tranges, cela peut \u00eatre d\u00fb \u00e0 la pr\u00e9sence de s\u00e9diments, d\u2019une fuite, ou d&rsquo;une panne de l&rsquo;\u00e9l\u00e9ment chauffant.<\/li>\n<li>La d\u00e9coloration de l&rsquo;eau : cela peut \u00eatre provoqu\u00e9 par la rouille ou \u00e0 d&rsquo;autres contaminants pr\u00e9sents dans le cumulus.<\/li>\n<li>Le cumulus reste en fonctionnement : si vous remarquez que votre chauffe-eau est toujours en marche, cela peut \u00eatre d\u00fb \u00e0 une panne.<\/li>\n<\/ul>\n<p>En faisant appel \u00e0 un professionnel comme Artisanlocal d\u00e8s le premier signal d&rsquo;alerte, vous pouvez \u00e9viter des travaux de r\u00e9parations on\u00e9reuses.<\/p>\n<h2>Assistance de nettoyage apr\u00e8s des dommages caus\u00e9s par l&rsquo;eau<\/h2>\n<p>Nos plombiers ont la capacit\u00e9 de nettoyer votre habitat apr\u00e8s un d\u00e9g\u00e2t des eaux \u00e0 Prilly, nous sommes disponibles pour vous apporter une assistance en cas de caves inond\u00e9es, de ruptures de canalisations, de d\u00e9bordements de toilettes et de douches, d&rsquo;importantes pr\u00e9cipitations, de reflux d&rsquo;\u00e9gouts et d&rsquo;autres soucis de canalisation qui peuvent occasionner des d\u00e9g\u00e2ts des eaux.<\/p>\n<h2>Questions souvent pos\u00e9es<\/h2>\n<h3>Quel est le tarif d\u2019un plombier \u00e0 Prilly ?<\/h3>\n<p>Apr\u00e8s analyse de votre probl\u00e8me de plomberie, notre entreprise vous fournit un devis gratuit. Les tarifs suivants de nos services sont fournis \u00e0 titre indicatif \u00e0 Prilly :<\/p>\n<table border=\"1\">\n<tbody>\n<tr>\n<th>Services<\/th>\n<th>Prix CHF<\/th>\n<\/tr>\n<tr>\n<td>Mise en place d\u2019un lavabo<\/td>\n<td>280.00<\/td>\n<\/tr>\n<tr>\n<td>Tarif horaire : mise en place sanitaire<\/td>\n<td>110.00 \u00e0 129.00<\/td>\n<\/tr>\n<tr>\n<td>Mise en place et raccord, d\u2019un siphon \u00e0 un \u00e9vier<\/td>\n<td>70.00<\/td>\n<\/tr>\n<tr>\n<td>Montage meuble de salle de bain<\/td>\n<td>95.00<\/td>\n<\/tr>\n<tr>\n<td>Installation et raccordement, d\u2019une douche \u00e0 la tuyauterie<\/td>\n<td>86.00<\/td>\n<\/tr>\n<tr>\n<td>Pose d\u2019un r\u00e9servoir de WC<\/td>\n<td>112.00<\/td>\n<\/tr>\n<tr>\n<td>Pose d\u2019accessoires de salle d&rsquo;eau<\/td>\n<td>60.00<\/td>\n<\/tr>\n<tr>\n<td>Mise en place d\u2019un WC suspendu<\/td>\n<td>170.00<\/td>\n<\/tr>\n<tr>\n<td>D\u00e9placement du plombier aller-retour<\/td>\n<td>100.00<\/td>\n<\/tr>\n<\/tbody>\n<\/table>\n<h3>Votre entreprise de plomberie \u00e0 Prilly est ouverte le dimanche et le samedi ?<\/h3>\n<p>Notre soci\u00e9t\u00e9 propose un service de plomberie en urgence en continu, 24\/7 et m\u00eame pendant les jours f\u00e9ri\u00e9s.<\/p>\n<h3>Les artisans plombiers r\u00e9alisent des interventions \u00e0 Prilly et dans les communes proches ?<\/h3>\n<p>Oui, les plombiers de notre soci\u00e9t\u00e9 interviennent \u00e0 Prilly, \u00e9galement dans les localit\u00e9s aux environs, telles que : Jouxtens-M\u00e9zery, Renens VD, Crissier.<\/p>\n","protected":false},"excerpt":{"rendered":"<p>Si vous \u00eates un habitant de Prilly, Artisanlocal intervient dans votre foyer en urgence. Quels sont les avantages de choisir Artisanlocal \u00e0 Prilly ? Nos artisans plombiers se d\u00e9placent tous les jours et les jours f\u00e9ri\u00e9s. Nous offrons des estimations gratuites. Nos plombiers emploient les derni\u00e8res techniques et technologies. Notre entreprise est localis\u00e9e \u00e0 Prilly [&hellip;]<\/p>\n","protected":false},"author":4,"featured_media":2758,"parent":0,"menu_order":0,"comment_status":"closed","ping_status":"closed","template":"","meta":{"footnotes":""},"profession":[123],"location":[68],"canton":[113],"class_list":["post-1008","page","type-page","status-publish","has-post-thumbnail","hentry","profession-sanitaire","location-prilly","canton-vd"],"yoast_head":"<!-- This site is optimized with the Yoast SEO Premium plugin v25.7.1 (Yoast SEO v27.4) - https:\/\/yoast.com\/product\/yoast-seo-premium-wordpress\/ -->\n<title>Plombier \u00e0 Prilly - Artisanlocal<\/title>\n<meta name=\"robots\" content=\"index, follow, max-snippet:-1, max-image-preview:large, max-video-preview:-1\" \/>\n<link rel=\"canonical\" href=\"https:\/\/www.artisanlocal.ch\/c\/plombier-a-prilly\/\" \/>\n<meta property=\"og:locale\" content=\"fr_FR\" \/>\n<meta property=\"og:type\" content=\"article\" \/>\n<meta property=\"og:title\" content=\"Plombier \u00e0 Prilly\" \/>\n<meta property=\"og:description\" content=\"Si vous \u00eates un habitant de Prilly, Artisanlocal intervient dans votre foyer en urgence. Quels sont les avantages de choisir Artisanlocal \u00e0 Prilly ? Nos artisans plombiers se d\u00e9placent tous les jours et les jours f\u00e9ri\u00e9s. Nous offrons des estimations gratuites. Nos plombiers emploient les derni\u00e8res techniques et technologies. Notre entreprise est localis\u00e9e \u00e0 Prilly [&hellip;]\" \/>\n<meta property=\"og:url\" content=\"https:\/\/www.artisanlocal.ch\/c\/plombier-a-prilly\/\" \/>\n<meta property=\"og:site_name\" content=\"Artisanlocal\" \/>\n<meta property=\"article:modified_time\" content=\"2025-08-26T17:27:07+00:00\" \/>\n<meta property=\"og:image\" content=\"https:\/\/www.artisanlocal.ch\/c\/wp-content\/uploads\/2024\/10\/plombier.jpg\" \/>\n\t<meta property=\"og:image:width\" content=\"1920\" \/>\n\t<meta property=\"og:image:height\" content=\"300\" \/>\n\t<meta property=\"og:image:type\" content=\"image\/jpeg\" \/>\n<meta name=\"twitter:card\" content=\"summary_large_image\" \/>\n<meta name=\"twitter:label1\" content=\"Dur\u00e9e de lecture estim\u00e9e\" \/>\n\t<meta name=\"twitter:data1\" content=\"6 minutes\" \/>\n<script type=\"application\/ld+json\" class=\"yoast-schema-graph\">{\"@context\":\"https:\\\/\\\/schema.org\",\"@graph\":[{\"@type\":\"WebPage\",\"@id\":\"https:\\\/\\\/www.artisanlocal.ch\\\/c\\\/plombier-a-prilly\\\/\",\"url\":\"https:\\\/\\\/www.artisanlocal.ch\\\/c\\\/plombier-a-prilly\\\/\",\"name\":\"Plombier \u00e0 Prilly - Artisanlocal\",\"isPartOf\":{\"@id\":\"https:\\\/\\\/www.artisanlocal.ch\\\/c\\\/#website\"},\"primaryImageOfPage\":{\"@id\":\"https:\\\/\\\/www.artisanlocal.ch\\\/c\\\/plombier-a-prilly\\\/#primaryimage\"},\"image\":{\"@id\":\"https:\\\/\\\/www.artisanlocal.ch\\\/c\\\/plombier-a-prilly\\\/#primaryimage\"},\"thumbnailUrl\":\"https:\\\/\\\/www.artisanlocal.ch\\\/c\\\/wp-content\\\/uploads\\\/2024\\\/10\\\/plombier.jpg\",\"datePublished\":\"2024-05-19T10:26:16+00:00\",\"dateModified\":\"2025-08-26T17:27:07+00:00\",\"breadcrumb\":{\"@id\":\"https:\\\/\\\/www.artisanlocal.ch\\\/c\\\/plombier-a-prilly\\\/#breadcrumb\"},\"inLanguage\":\"fr-FR\",\"potentialAction\":[{\"@type\":\"ReadAction\",\"target\":[\"https:\\\/\\\/www.artisanlocal.ch\\\/c\\\/plombier-a-prilly\\\/\"]}]},{\"@type\":\"ImageObject\",\"inLanguage\":\"fr-FR\",\"@id\":\"https:\\\/\\\/www.artisanlocal.ch\\\/c\\\/plombier-a-prilly\\\/#primaryimage\",\"url\":\"https:\\\/\\\/www.artisanlocal.ch\\\/c\\\/wp-content\\\/uploads\\\/2024\\\/10\\\/plombier.jpg\",\"contentUrl\":\"https:\\\/\\\/www.artisanlocal.ch\\\/c\\\/wp-content\\\/uploads\\\/2024\\\/10\\\/plombier.jpg\",\"width\":1920,\"height\":300},{\"@type\":\"BreadcrumbList\",\"@id\":\"https:\\\/\\\/www.artisanlocal.ch\\\/c\\\/plombier-a-prilly\\\/#breadcrumb\",\"itemListElement\":[{\"@type\":\"ListItem\",\"position\":1,\"name\":\"Accueil\",\"item\":\"https:\\\/\\\/www.artisanlocal.ch\\\/c\\\/\"},{\"@type\":\"ListItem\",\"position\":2,\"name\":\"Plombier \u00e0 Prilly\"}]},{\"@type\":\"WebSite\",\"@id\":\"https:\\\/\\\/www.artisanlocal.ch\\\/c\\\/#website\",\"url\":\"https:\\\/\\\/www.artisanlocal.ch\\\/c\\\/\",\"name\":\"Artisanlocal\",\"description\":\"\",\"publisher\":{\"@id\":\"https:\\\/\\\/www.artisanlocal.ch\\\/c\\\/#organization\"},\"potentialAction\":[{\"@type\":\"SearchAction\",\"target\":{\"@type\":\"EntryPoint\",\"urlTemplate\":\"https:\\\/\\\/www.artisanlocal.ch\\\/c\\\/?s={search_term_string}\"},\"query-input\":{\"@type\":\"PropertyValueSpecification\",\"valueRequired\":true,\"valueName\":\"search_term_string\"}}],\"inLanguage\":\"fr-FR\"},{\"@type\":\"Organization\",\"@id\":\"https:\\\/\\\/www.artisanlocal.ch\\\/c\\\/#organization\",\"name\":\"Artisanlocal\",\"url\":\"https:\\\/\\\/www.artisanlocal.ch\\\/c\\\/\",\"logo\":{\"@type\":\"ImageObject\",\"inLanguage\":\"fr-FR\",\"@id\":\"https:\\\/\\\/www.artisanlocal.ch\\\/c\\\/#\\\/schema\\\/logo\\\/image\\\/\",\"url\":\"https:\\\/\\\/www.artisanlocal.ch\\\/c\\\/wp-content\\\/uploads\\\/2024\\\/02\\\/logo-artisanlocal-h.svg\",\"contentUrl\":\"https:\\\/\\\/www.artisanlocal.ch\\\/c\\\/wp-content\\\/uploads\\\/2024\\\/02\\\/logo-artisanlocal-h.svg\",\"caption\":\"Artisanlocal\"},\"image\":{\"@id\":\"https:\\\/\\\/www.artisanlocal.ch\\\/c\\\/#\\\/schema\\\/logo\\\/image\\\/\"}}]}<\/script>\n<!-- \/ Yoast SEO Premium plugin. -->","yoast_head_json":{"title":"Plombier \u00e0 Prilly - Artisanlocal","robots":{"index":"index","follow":"follow","max-snippet":"max-snippet:-1","max-image-preview":"max-image-preview:large","max-video-preview":"max-video-preview:-1"},"canonical":"https:\/\/www.artisanlocal.ch\/c\/plombier-a-prilly\/","og_locale":"fr_FR","og_type":"article","og_title":"Plombier \u00e0 Prilly","og_description":"Si vous \u00eates un habitant de Prilly, Artisanlocal intervient dans votre foyer en urgence. Quels sont les avantages de choisir Artisanlocal \u00e0 Prilly ? Nos artisans plombiers se d\u00e9placent tous les jours et les jours f\u00e9ri\u00e9s. Nous offrons des estimations gratuites. Nos plombiers emploient les derni\u00e8res techniques et technologies. Notre entreprise est localis\u00e9e \u00e0 Prilly [&hellip;]","og_url":"https:\/\/www.artisanlocal.ch\/c\/plombier-a-prilly\/","og_site_name":"Artisanlocal","article_modified_time":"2025-08-26T17:27:07+00:00","og_image":[{"width":1920,"height":300,"url":"https:\/\/www.artisanlocal.ch\/c\/wp-content\/uploads\/2024\/10\/plombier.jpg","type":"image\/jpeg"}],"twitter_card":"summary_large_image","twitter_misc":{"Dur\u00e9e de lecture estim\u00e9e":"6 minutes"},"schema":{"@context":"https:\/\/schema.org","@graph":[{"@type":"WebPage","@id":"https:\/\/www.artisanlocal.ch\/c\/plombier-a-prilly\/","url":"https:\/\/www.artisanlocal.ch\/c\/plombier-a-prilly\/","name":"Plombier \u00e0 Prilly - Artisanlocal","isPartOf":{"@id":"https:\/\/www.artisanlocal.ch\/c\/#website"},"primaryImageOfPage":{"@id":"https:\/\/www.artisanlocal.ch\/c\/plombier-a-prilly\/#primaryimage"},"image":{"@id":"https:\/\/www.artisanlocal.ch\/c\/plombier-a-prilly\/#primaryimage"},"thumbnailUrl":"https:\/\/www.artisanlocal.ch\/c\/wp-content\/uploads\/2024\/10\/plombier.jpg","datePublished":"2024-05-19T10:26:16+00:00","dateModified":"2025-08-26T17:27:07+00:00","breadcrumb":{"@id":"https:\/\/www.artisanlocal.ch\/c\/plombier-a-prilly\/#breadcrumb"},"inLanguage":"fr-FR","potentialAction":[{"@type":"ReadAction","target":["https:\/\/www.artisanlocal.ch\/c\/plombier-a-prilly\/"]}]},{"@type":"ImageObject","inLanguage":"fr-FR","@id":"https:\/\/www.artisanlocal.ch\/c\/plombier-a-prilly\/#primaryimage","url":"https:\/\/www.artisanlocal.ch\/c\/wp-content\/uploads\/2024\/10\/plombier.jpg","contentUrl":"https:\/\/www.artisanlocal.ch\/c\/wp-content\/uploads\/2024\/10\/plombier.jpg","width":1920,"height":300},{"@type":"BreadcrumbList","@id":"https:\/\/www.artisanlocal.ch\/c\/plombier-a-prilly\/#breadcrumb","itemListElement":[{"@type":"ListItem","position":1,"name":"Accueil","item":"https:\/\/www.artisanlocal.ch\/c\/"},{"@type":"ListItem","position":2,"name":"Plombier \u00e0 Prilly"}]},{"@type":"WebSite","@id":"https:\/\/www.artisanlocal.ch\/c\/#website","url":"https:\/\/www.artisanlocal.ch\/c\/","name":"Artisanlocal","description":"","publisher":{"@id":"https:\/\/www.artisanlocal.ch\/c\/#organization"},"potentialAction":[{"@type":"SearchAction","target":{"@type":"EntryPoint","urlTemplate":"https:\/\/www.artisanlocal.ch\/c\/?s={search_term_string}"},"query-input":{"@type":"PropertyValueSpecification","valueRequired":true,"valueName":"search_term_string"}}],"inLanguage":"fr-FR"},{"@type":"Organization","@id":"https:\/\/www.artisanlocal.ch\/c\/#organization","name":"Artisanlocal","url":"https:\/\/www.artisanlocal.ch\/c\/","logo":{"@type":"ImageObject","inLanguage":"fr-FR","@id":"https:\/\/www.artisanlocal.ch\/c\/#\/schema\/logo\/image\/","url":"https:\/\/www.artisanlocal.ch\/c\/wp-content\/uploads\/2024\/02\/logo-artisanlocal-h.svg","contentUrl":"https:\/\/www.artisanlocal.ch\/c\/wp-content\/uploads\/2024\/02\/logo-artisanlocal-h.svg","caption":"Artisanlocal"},"image":{"@id":"https:\/\/www.artisanlocal.ch\/c\/#\/schema\/logo\/image\/"}}]}},"_links":{"self":[{"href":"https:\/\/www.artisanlocal.ch\/c\/wp-json\/wp\/v2\/pages\/1008","targetHints":{"allow":["GET"]}}],"collection":[{"href":"https:\/\/www.artisanlocal.ch\/c\/wp-json\/wp\/v2\/pages"}],"about":[{"href":"https:\/\/www.artisanlocal.ch\/c\/wp-json\/wp\/v2\/types\/page"}],"author":[{"embeddable":true,"href":"https:\/\/www.artisanlocal.ch\/c\/wp-json\/wp\/v2\/users\/4"}],"replies":[{"embeddable":true,"href":"https:\/\/www.artisanlocal.ch\/c\/wp-json\/wp\/v2\/comments?post=1008"}],"version-history":[{"count":0,"href":"https:\/\/www.artisanlocal.ch\/c\/wp-json\/wp\/v2\/pages\/1008\/revisions"}],"wp:featuredmedia":[{"embeddable":true,"href":"https:\/\/www.artisanlocal.ch\/c\/wp-json\/wp\/v2\/media\/2758"}],"wp:attachment":[{"href":"https:\/\/www.artisanlocal.ch\/c\/wp-json\/wp\/v2\/media?parent=1008"}],"wp:term":[{"taxonomy":"profession","embeddable":true,"href":"https:\/\/www.artisanlocal.ch\/c\/wp-json\/wp\/v2\/profession?post=1008"},{"taxonomy":"location","embeddable":true,"href":"https:\/\/www.artisanlocal.ch\/c\/wp-json\/wp\/v2\/location?post=1008"},{"taxonomy":"canton","embeddable":true,"href":"https:\/\/www.artisanlocal.ch\/c\/wp-json\/wp\/v2\/canton?post=1008"}],"curies":[{"name":"wp","href":"https:\/\/api.w.org\/{rel}","templated":true}]}}