{"id":1009,"date":"2024-05-18T02:12:53","date_gmt":"2024-05-18T00:12:53","guid":{"rendered":"https:\/\/www.artisanlocal.ch\/c\/plombier-bussigny-pres-lausanne\/"},"modified":"2025-08-26T19:27:46","modified_gmt":"2025-08-26T17:27:46","slug":"plombier-bussigny-pres-lausanne","status":"publish","type":"page","link":"https:\/\/www.artisanlocal.ch\/c\/plombier-bussigny-pres-lausanne\/","title":{"rendered":"Plombier Bussigny"},"content":{"rendered":"<p>Si vous \u00eates domicili\u00e9 \u00e0 Bussigny, Artisanlocal intervient chez vous rapidement.<\/p>\n\r\n<div class=\"box\">\r\n            <div class=\"company-info\">\r\n            <img decoding=\"async\" class=\"company-info__logo\" src=\"https:\/\/www.artisanlocal.ch\/media\/cache\/thumb\/images\/companies\/6936e5545e7dc220691055.png\" alt=\"Logo\">\r\n            <h2 class=\"company-info__name\">FJ Sanitaire S\u00e0rl<\/h2>\r\n            <p class=\"company-info__business\">Sanitaire - Chauffages - Gaz - D\u00e9pannage - Entretien - Installation - R\u00e9novation de salles de bains<\/p>\r\n        <\/div>\r\n        <div class=\"company-contact\">\r\n            <p class=\"company-info__address\">Route de Thierrens 23<\/p>\r\n                            <div class=\"links\">\r\n                                            <a class=\"btn has-accent-background-color js-phoneNumber\" href=\"tel:0782609799\" title=\"Appelez\" data-id=\"38846\" data-type=\"11\">078 260 97 99<\/a>\r\n                                                                <a class=\"btn has-accent-background-color\" href=\"http:\/\/fjsanitaire.ch\/\" target=\"_blank\" title=\"Voir le site internet\" data-id=\"38846\" data-type=\"20\">Site internet<\/a>\r\n                                    <\/div>\r\n                    <\/div>\r\n    \r\n            \r\n<form action=\"https:\/\/www.artisanlocal.ch\/c\/wp-admin\/admin-ajax.php\" method=\"post\" class=\"form-contact\" id=\"artisan_form_contact_company_inline\">\r\n    <div><input type=\"hidden\" name=\"action\" value=\"company_contact\"><\/div>\r\n    <div><input type=\"hidden\" name=\"nonce\" value=\"09754e6304\"><\/div>\r\n    <div><input type=\"hidden\" name=\"company_id\" value=\"38846\"><\/div>\r\n    <div><input type=\"hidden\" name=\"form_id\" value=\"artisan_form_contact_company_inline\"><\/div>\r\n    <div class=\"gglcptch gglcptch_v3 gglcptch_custom\"><input type=\"hidden\" id=\"g-recaptcha-response\" name=\"g-recaptcha-response\" \/><br \/><div class=\"gglcptch_error_text\">La p\u00e9riode de v\u00e9rification reCAPTCHA a expir\u00e9. Veuillez recharger la page.<\/div><\/div>    <div class=\"form-content\">\r\n        <div class=\"form-group\">\r\n            <label for=\"contact_firstName\" class=\"required\">Pr\u00e9nom<\/label>\r\n            <input type=\"text\" name=\"firstName\" class=\"form-control\" required>\r\n        <\/div>\r\n        <div class=\"form-group\">\r\n            <label for=\"contact_lastName\" class=\"required\">Nom<\/label>\r\n            <input type=\"text\" name=\"lastName\" class=\"form-control\" required>\r\n        <\/div>\r\n        <div class=\"form-group\">\r\n            <label for=\"contact_email\" class=\"required\">Email<\/label>\r\n            <input type=\"email\" name=\"email\" class=\"form-control\" required>\r\n        <\/div>\r\n        <div class=\"form-group\">\r\n            <label for=\"contact_phone\" class=\"required\">Num\u00e9ro de t\u00e9l\u00e9phone<\/label>\r\n            <input type=\"tel\" name=\"phone\" class=\"form-control\" placeholder=\"0787117165\" pattern=\"^[0-9]{10}$\" required>\r\n        <\/div>\r\n        <div class=\"form-group\">\r\n            <label for=\"contact_postalCode\" class=\"required\">Code postal et localit\u00e9<\/label>\r\n            <input type=\"text\" name=\"postalCode\" class=\"form-control\" required>\r\n        <\/div>\r\n        <div class=\"form-group\">\r\n            <label for=\"contact_address\" class=\"required\">Adresse<\/label>\r\n            <input type=\"text\" name=\"address\" class=\"form-control\" required>\r\n        <\/div>\r\n        <div class=\"full-width topic\">\r\n            <p class=\"required\">Je souhaite \u00eatre contact\u00e9 pour :<\/p>\r\n            <div class=\"form-check\">\r\n                <input type=\"radio\" name=\"topic\" value=\"D\u00e9pannage\" class=\"form-control\" required>\r\n                <label for=\"d\u00e9pannage\">D\u00e9pannage<\/label>\r\n            <\/div>\r\n            <div class=\"form-check\">\r\n                <input type=\"radio\" name=\"topic\" value=\"Entretien\" class=\"form-control\" required>\r\n                <label for=\"entretien\">Entretien<\/label>\r\n            <\/div>\r\n            <div class=\"form-check\">\r\n                <input type=\"radio\" name=\"topic\" value=\"R\u00e9novation\" class=\"form-control\" required>\r\n                <label for=\"r\u00e9novation\">R\u00e9novation<\/label>\r\n            <\/div>\r\n            <div class=\"form-check\">\r\n                <input type=\"radio\" name=\"topic\" value=\"Autre\" class=\"form-control\" required>\r\n                <label for=\"autre\">Autre<\/label>\r\n            <\/div>\r\n        <\/div>\r\n        <div class=\"form-group full-width\">\r\n            <label for=\"contact_message\">Message<\/label>\r\n            <textarea name=\"message\" rows=\"3\" class=\"form-control\"><\/textarea>\r\n        <\/div>\r\n    <\/div>\r\n    <div class=\"form-actions\">\r\n        <button class=\"wp-block-button__link has-accent-background-color\">Contacter<\/button>\r\n    <\/div>\r\n<\/form>\r\n<div class=\"form-feedback\"><\/div>    <\/div>\n<h2>Pourquoi faire appel \u00e0 notre entreprise de plombier \u00e0 Bussigny ?<\/h2>\n<ul>\n<li>Nous sommes ouverts 24 heures sur 24, tous les jours de la semaine, y compris les jours f\u00e9ri\u00e9s.<\/li>\n<li>Nous fournissons des estimations gratuites.<\/li>\n<li>Nous employons les derni\u00e8res m\u00e9thodes de pointes.<\/li>\n<li>Nous sommes implant\u00e9s \u00e0 Bussigny ce qui nous permet d&rsquo;intervenir rapidement \u00e0 votre logement.<\/li>\n<li>Nous avons des tarifs comp\u00e9titifs.<\/li>\n<li>Nos plombiers sont assur\u00e9s et exp\u00e9riment\u00e9s.<\/li>\n<li>Avant de commencer notre travail, nous examinons votre plomberie.<\/li>\n<li>Nous r\u00e9alisons tous les travaux de plomberie possibles.<\/li>\n<\/ul>\n<h2>Les services que nous proposons \u00e0 Bussigny<\/h2>\n<ul>\n<li>Nous localisons les fuites et ensuite, nous r\u00e9parons vos tuyauteries.<\/li>\n<li>Le remplacement de votre installation sanitaire.<\/li>\n<li>La restauration de votre sanitaire.<\/li>\n<li>Les services de plomberie, pour : l\u2019installation de lavabo, d&rsquo;\u00e9vier, de la tuyauterie et de robinet.<\/li>\n<li>La pose de ballons d&rsquo;eau chaude ou de chaudi\u00e8res.<\/li>\n<li>L\u2019assainissement et le d\u00e9bouchage de vos canalisations.<\/li>\n<li>La restauration totale de votre salle d&rsquo;eau.<\/li>\n<li>Nous pouvons aussi r\u00e9aliser aussi la vidange de votre fosse septique.<\/li>\n<\/ul>\n<h2>Comment fonctionne Artisanlocal ?<\/h2>\n<ol>\n<li>Suite \u00e0 votre prise de contact par email ou t\u00e9l\u00e9phone, un de nos plombiers vous contacte pour \u00e9tudier l&rsquo;ampleur de votre probl\u00e8me.<\/li>\n<li>Apr\u00e8s cela, vous obtiendrez de notre part une \u00e9valuation gratuite pour vos travaux de plomberie. Vous ne d\u00e9penserez aucuns frais additionnels, \u00e0 moins que vous ayez besoin d&rsquo;\u00e9l\u00e9ments de rechange ou de travaux importants.<\/li>\n<li>Apr\u00e8s avoir donn\u00e9 votre accord pour l&rsquo;estimation, nous conviendrons ensemble d&rsquo;une date d&rsquo;intervention \u00e0 votre domicile.<\/li>\n<\/ol>\n<h2>Services de plomberie pour les particuliers \u00e0 Bussigny<\/h2>\n<p>Si votre syst\u00e8me de plomberie est d\u00e9fectueux, votre eau peut-\u00eatre contamin\u00e9e et vous pouvez mettre en danger vos proches, c&rsquo;est pour cela que le plombier qui intervient \u00e0 votre logement r\u00e9alise :<\/p>\n<ul>\n<li>La d\u00e9tection et la remise en \u00e9tat de vos tuyaux.<\/li>\n<li>Le d\u00e9bouchage et le nettoyage de vos canalisations.<\/li>\n<li>L\u2019entretien de votre chauffe-eau.<\/li>\n<li>Le contr\u00f4le de vos tuyaux de canalisations.<\/li>\n<li>La r\u00e9paration de vos tuyaux de canalisations.<\/li>\n<li>La remise en \u00e9tat apr\u00e8s un d\u00e9g\u00e2t des eaux.<\/li>\n<\/ul>\n<h2>Service de plombier pour les entreprises \u00e0 Bussigny<\/h2>\n<p>\u00c0 Bussigny, il y a des commerces de d\u00e9tail, petites entreprises et restaurants. Une petite fuite dans un robinet ou un joint d\u00e9fectueux, un refoulement dans un tuyau de canalisation ou encore une panne de chauffe-eau sont des probl\u00e8mes fr\u00e9quents qui peuvent r\u00e9duire l&rsquo;efficacit\u00e9 de vos employ\u00e9s. Notre entreprise propose des services de plomberie pour votre entreprise \u00e0 Bussigny, comme :<\/p>\n<ul>\n<li>L&rsquo;\u00e9limination des blocages dans vos \u00e9viers et la mise en place de nouveaux robinets.<\/li>\n<li>La r\u00e9paration et la v\u00e9rification de vos tuyaux.<\/li>\n<li>Le nettoyage par jet d&rsquo;eau de vos canalisations.<\/li>\n<li>La pose de nouveaux dispositifs dans votre installation de plomberie.<\/li>\n<li>La vidange, le nettoyage, le changement ou la remise en \u00e9tat de bac \u00e0 graisse.<\/li>\n<li>L\u2019installation, la remise en \u00e9tat et l&rsquo;entretien de votre chauffage ou chauffe-eau.<\/li>\n<li>La restauration de vos tuyaux de canalisations.<\/li>\n<li>Le service de d\u00e9pannage de vos \u00e9quipements sanitaires.<\/li>\n<li>L&rsquo;inspection de vos canalisations par cam\u00e9ra.<\/li>\n<\/ul>\n<h2>Nettoyage de canalisations en urgence \u00e0 Bussigny<\/h2>\n<p>Si vous \u00eates un Bussignolais, notre entreprise intervient rapidement chez vous pour le d\u00e9bouchage vos tuyaux de canalisations ou pour r\u00e9soudre vos probl\u00e8mes de refoulement de vos WC, \u00e9viers ou douches, de plus, nos artisans plombiers interviennent d\u00e8s que possible sur vos :<\/p>\n<ul>\n<li>Lavabos.<\/li>\n<li>WC.<\/li>\n<li>Toits (goutti\u00e8res).<\/li>\n<li>Syst\u00e8mes d&rsquo;\u00e9gouts.<\/li>\n<li>Tuyauteries. <\/li>\n<\/ul>\n<h2>Nettoyage et entretien des r\u00e9seaux d&rsquo;\u00e9gouts \u00e0 Bussigny<\/h2>\n<p>Le r\u00e9seau d&rsquo;\u00e9gouts constitue l&rsquo;\u00e9l\u00e9ment central de la plomberie. Il \u00e9vacue les eaux us\u00e9es des WC, des lavabos et des autres syst\u00e8mes sanitaires. Si votre \u00e9gout est bouch\u00e9 ou fuit, cela peut causer des d\u00e9g\u00e2ts dans votre domicile, et compromettre votre s\u00e9curit\u00e9.<\/p>\n<p>L&rsquo;entretien r\u00e9gulier permet d&rsquo;\u00e9viter les refoulements et la cr\u00e9ation de bouchons. Nos plombiers \u00e0 Bussigny utilisent les derni\u00e8res techniques pour \u00e9liminer, inspecter et r\u00e9tablir l&rsquo;\u00e9coulement des eaux us\u00e9es dans vos tuyaux de canalisations.<\/p>\n<p>Notre soci\u00e9t\u00e9 r\u00e9nove les tuyaux de canalisations de vos \u00e9gouts en cas de d\u00e9g\u00e2t important. Artisanlocal peut aussi nettoyer en urgence tout dommage caus\u00e9 par les eaux us\u00e9es dans votre habitation ou entreprise. Pour \u00e9viter la formation de moisissures, nous s\u00e9chons et d\u00e9shumidifions les zones de votre h\u00e9bergement \u00e0 risques.<\/p>\n<h2>R\u00e9parations et installations de chauffe-eau<\/h2>\n<p>Il n&rsquo;y a que de l&rsquo;eau froide dans votre logement ? Votre chauffe-eau peut avoir des probl\u00e8mes. Notre entreprise remet en \u00e9tat votre chauffe-eau en urgence. Voici les signaux qui montrent des soucis :<\/p>\n<ul>\n<li>La baisse de la pression de l\u2019eau chaude : vous avez peut-\u00eatre une fuite dans votre cumulus, ou un syst\u00e8me chauffant d\u00e9fectueux ou l&rsquo;accumulation de s\u00e9diments au fond du r\u00e9servoir.<\/li>\n<li>Une flaque d&rsquo;eau \u00e0 proximit\u00e9 de votre cumulus : la pr\u00e9sence d&rsquo;eau au pied du r\u00e9servoir est l&rsquo;indication d&rsquo;un dysfonctionnement, ou la pr\u00e9sence d&rsquo;un trou dans votre cumulus.<\/li>\n<li>Des bruits \u00e9tranges proviennent du cumulus : des bruits bizarres peuvent indiquer un d\u00e9p\u00f4t de s\u00e9diments, une fuite d&rsquo;eau ou un probl\u00e8me de l&rsquo;\u00e9l\u00e9ment chauffant.<\/li>\n<li>La d\u00e9coloration de l&rsquo;eau : c&rsquo;est occasionner par l&rsquo;existence de substances nocives et de rouille dans votre chauffe-eau.<\/li>\n<li>Le chauffe-eau reste en marche : si vous constatez que votre cumulus est sans cesse en marche, cela peut \u00eatre d\u00fb \u00e0 un probl\u00e8me.<\/li>\n<\/ul>\n<p>En choisissant nos artisans plombiers d\u00e8s les premiers signaux d&rsquo;alerte, vous pouvez \u00e9viter des travaux de r\u00e9parations on\u00e9reuses.<\/p>\n<h2>Assistance de nettoyage apr\u00e8s des d\u00e9g\u00e2ts des eaux<\/h2>\n<p>Nos plombiers ont la capacit\u00e9 de nettoyer votre appartement apr\u00e8s un d\u00e9g\u00e2t des eaux \u00e0 Bussigny, nos plombiers sont disponibles pour vous apporter une assistance en cas de caves inond\u00e9es, de fortes pluies, d&rsquo;\u00e9clatements de canalisations, de reflux d&rsquo;\u00e9gouts, et de d\u00e9bordements de w.c. Et de baignoires et d&rsquo;autres soucis de canalisation qui peuvent occasionner des d\u00e9g\u00e2ts des eaux.<\/p>\n<h2>Questions fr\u00e9quemment pos\u00e9es<\/h2>\n<h3>Quel est le montant d\u2019un plombier \u00e0 Bussigny ?<\/h3>\n<p>Apr\u00e8s \u00e9tude de votre probl\u00e8me de plomberie, notre soci\u00e9t\u00e9 vous offre un devis gratuit. Les tarifs suivants de nos services sont donn\u00e9s \u00e0 titre indicatif \u00e0 Bussigny :<\/p>\n<table border=\"1\">\n<tbody>\n<tr>\n<th>Prestations<\/th>\n<th>Prix CHF<\/th>\n<\/tr>\n<tr>\n<td>Mise en place d\u2019un lavabo<\/td>\n<td>280.00<\/td>\n<\/tr>\n<tr>\n<td>Taux horaire : installation sanitaire<\/td>\n<td>110.00 \u00e0 129.00<\/td>\n<\/tr>\n<tr>\n<td>Installation et raccord, d\u2019un siphon \u00e0 un \u00e9vier<\/td>\n<td>70.00<\/td>\n<\/tr>\n<tr>\n<td>Montage meuble de salle de bain<\/td>\n<td>95.00<\/td>\n<\/tr>\n<tr>\n<td>Mise en place et raccord, d\u2019une douche \u00e0 la tuyauterie<\/td>\n<td>86.00<\/td>\n<\/tr>\n<tr>\n<td>Mise en place d\u2019un r\u00e9servoir ind\u00e9pendant de toilette<\/td>\n<td>112.00<\/td>\n<\/tr>\n<tr>\n<td>Pose d\u2019accessoires de salle de bain<\/td>\n<td>60.00<\/td>\n<\/tr>\n<tr>\n<td>Mise en place d\u2019un WC suspendu<\/td>\n<td>170.00<\/td>\n<\/tr>\n<tr>\n<td>D\u00e9placement du plombier aller-retour<\/td>\n<td>100.00<\/td>\n<\/tr>\n<\/tbody>\n<\/table>\n<h3>La soci\u00e9t\u00e9 Artisanlocal est-elle ouverte les samedis et dimanches ?<\/h3>\n<p>Artisanlocal offre un service de plomberie en continu, 24\/7 et m\u00eame pendant les jours f\u00e9ri\u00e9s.<\/p>\n<h3>Les artisans plombiers d&rsquo;Artisanlocal r\u00e9alisent des interventions \u00e0 Bussigny et dans les villes voisines ?<\/h3>\n<p>Oui, les plombiers de notre entreprise interviennent \u00e0 Bussigny, \u00e9galement dans les villes aux alentours, telles que : Chavannes-pr\u00e8s-Renens, Ecublens VD, St-Sulpice VD, Denges, Echandens, Lonay, Pr\u00e9verenges, Villars-Ste-Croix, Morges, Echichens, St-Saphorin-sur-Morges, Colombier VD, Vullierens, Bremblens, Romanel-sur-Morges, Aclens, Monnaz, Vaux-sur-Morges, Clarmont, Reverolle, Tolochenaz, Lully VD, Chigny, Vufflens-le-Ch\u00e2teau, Denens, Bussy-Chardonney, St-Prex, Lussy-sur-Morges.<\/p>\n","protected":false},"excerpt":{"rendered":"<p>Si vous \u00eates domicili\u00e9 \u00e0 Bussigny, Artisanlocal intervient chez vous rapidement. Pourquoi faire appel \u00e0 notre entreprise de plombier \u00e0 Bussigny ? Nous sommes ouverts 24 heures sur 24, tous les jours de la semaine, y compris les jours f\u00e9ri\u00e9s. Nous fournissons des estimations gratuites. Nous employons les derni\u00e8res m\u00e9thodes de pointes. Nous sommes implant\u00e9s [&hellip;]<\/p>\n","protected":false},"author":4,"featured_media":2758,"parent":0,"menu_order":0,"comment_status":"closed","ping_status":"closed","template":"","meta":{"footnotes":""},"profession":[123],"location":[5],"canton":[113],"class_list":["post-1009","page","type-page","status-publish","has-post-thumbnail","hentry","profession-sanitaire","location-bussigny","canton-vd"],"yoast_head":"<!-- This site is optimized with the Yoast SEO Premium plugin v25.7.1 (Yoast SEO v27.4) - https:\/\/yoast.com\/product\/yoast-seo-premium-wordpress\/ -->\n<title>Plombier Bussigny - Artisanlocal<\/title>\n<meta name=\"robots\" content=\"index, follow, max-snippet:-1, max-image-preview:large, max-video-preview:-1\" \/>\n<link rel=\"canonical\" href=\"https:\/\/www.artisanlocal.ch\/c\/plombier-bussigny-pres-lausanne\/\" \/>\n<meta property=\"og:locale\" content=\"fr_FR\" \/>\n<meta property=\"og:type\" content=\"article\" \/>\n<meta property=\"og:title\" content=\"Plombier Bussigny\" \/>\n<meta property=\"og:description\" content=\"Si vous \u00eates domicili\u00e9 \u00e0 Bussigny, Artisanlocal intervient chez vous rapidement. Pourquoi faire appel \u00e0 notre entreprise de plombier \u00e0 Bussigny ? Nous sommes ouverts 24 heures sur 24, tous les jours de la semaine, y compris les jours f\u00e9ri\u00e9s. Nous fournissons des estimations gratuites. Nous employons les derni\u00e8res m\u00e9thodes de pointes. Nous sommes implant\u00e9s [&hellip;]\" \/>\n<meta property=\"og:url\" content=\"https:\/\/www.artisanlocal.ch\/c\/plombier-bussigny-pres-lausanne\/\" \/>\n<meta property=\"og:site_name\" content=\"Artisanlocal\" \/>\n<meta property=\"article:modified_time\" content=\"2025-08-26T17:27:46+00:00\" \/>\n<meta property=\"og:image\" content=\"https:\/\/www.artisanlocal.ch\/c\/wp-content\/uploads\/2024\/10\/plombier.jpg\" \/>\n\t<meta property=\"og:image:width\" content=\"1920\" \/>\n\t<meta property=\"og:image:height\" content=\"300\" \/>\n\t<meta property=\"og:image:type\" content=\"image\/jpeg\" \/>\n<meta name=\"twitter:card\" content=\"summary_large_image\" \/>\n<meta name=\"twitter:label1\" content=\"Dur\u00e9e de lecture estim\u00e9e\" \/>\n\t<meta name=\"twitter:data1\" content=\"6 minutes\" \/>\n<script type=\"application\/ld+json\" class=\"yoast-schema-graph\">{\"@context\":\"https:\\\/\\\/schema.org\",\"@graph\":[{\"@type\":\"WebPage\",\"@id\":\"https:\\\/\\\/www.artisanlocal.ch\\\/c\\\/plombier-bussigny-pres-lausanne\\\/\",\"url\":\"https:\\\/\\\/www.artisanlocal.ch\\\/c\\\/plombier-bussigny-pres-lausanne\\\/\",\"name\":\"Plombier Bussigny - Artisanlocal\",\"isPartOf\":{\"@id\":\"https:\\\/\\\/www.artisanlocal.ch\\\/c\\\/#website\"},\"primaryImageOfPage\":{\"@id\":\"https:\\\/\\\/www.artisanlocal.ch\\\/c\\\/plombier-bussigny-pres-lausanne\\\/#primaryimage\"},\"image\":{\"@id\":\"https:\\\/\\\/www.artisanlocal.ch\\\/c\\\/plombier-bussigny-pres-lausanne\\\/#primaryimage\"},\"thumbnailUrl\":\"https:\\\/\\\/www.artisanlocal.ch\\\/c\\\/wp-content\\\/uploads\\\/2024\\\/10\\\/plombier.jpg\",\"datePublished\":\"2024-05-18T00:12:53+00:00\",\"dateModified\":\"2025-08-26T17:27:46+00:00\",\"breadcrumb\":{\"@id\":\"https:\\\/\\\/www.artisanlocal.ch\\\/c\\\/plombier-bussigny-pres-lausanne\\\/#breadcrumb\"},\"inLanguage\":\"fr-FR\",\"potentialAction\":[{\"@type\":\"ReadAction\",\"target\":[\"https:\\\/\\\/www.artisanlocal.ch\\\/c\\\/plombier-bussigny-pres-lausanne\\\/\"]}]},{\"@type\":\"ImageObject\",\"inLanguage\":\"fr-FR\",\"@id\":\"https:\\\/\\\/www.artisanlocal.ch\\\/c\\\/plombier-bussigny-pres-lausanne\\\/#primaryimage\",\"url\":\"https:\\\/\\\/www.artisanlocal.ch\\\/c\\\/wp-content\\\/uploads\\\/2024\\\/10\\\/plombier.jpg\",\"contentUrl\":\"https:\\\/\\\/www.artisanlocal.ch\\\/c\\\/wp-content\\\/uploads\\\/2024\\\/10\\\/plombier.jpg\",\"width\":1920,\"height\":300},{\"@type\":\"BreadcrumbList\",\"@id\":\"https:\\\/\\\/www.artisanlocal.ch\\\/c\\\/plombier-bussigny-pres-lausanne\\\/#breadcrumb\",\"itemListElement\":[{\"@type\":\"ListItem\",\"position\":1,\"name\":\"Accueil\",\"item\":\"https:\\\/\\\/www.artisanlocal.ch\\\/c\\\/\"},{\"@type\":\"ListItem\",\"position\":2,\"name\":\"Plombier Bussigny-pr\u00e8s-Lausanne\"}]},{\"@type\":\"WebSite\",\"@id\":\"https:\\\/\\\/www.artisanlocal.ch\\\/c\\\/#website\",\"url\":\"https:\\\/\\\/www.artisanlocal.ch\\\/c\\\/\",\"name\":\"Artisanlocal\",\"description\":\"\",\"publisher\":{\"@id\":\"https:\\\/\\\/www.artisanlocal.ch\\\/c\\\/#organization\"},\"potentialAction\":[{\"@type\":\"SearchAction\",\"target\":{\"@type\":\"EntryPoint\",\"urlTemplate\":\"https:\\\/\\\/www.artisanlocal.ch\\\/c\\\/?s={search_term_string}\"},\"query-input\":{\"@type\":\"PropertyValueSpecification\",\"valueRequired\":true,\"valueName\":\"search_term_string\"}}],\"inLanguage\":\"fr-FR\"},{\"@type\":\"Organization\",\"@id\":\"https:\\\/\\\/www.artisanlocal.ch\\\/c\\\/#organization\",\"name\":\"Artisanlocal\",\"url\":\"https:\\\/\\\/www.artisanlocal.ch\\\/c\\\/\",\"logo\":{\"@type\":\"ImageObject\",\"inLanguage\":\"fr-FR\",\"@id\":\"https:\\\/\\\/www.artisanlocal.ch\\\/c\\\/#\\\/schema\\\/logo\\\/image\\\/\",\"url\":\"https:\\\/\\\/www.artisanlocal.ch\\\/c\\\/wp-content\\\/uploads\\\/2024\\\/02\\\/logo-artisanlocal-h.svg\",\"contentUrl\":\"https:\\\/\\\/www.artisanlocal.ch\\\/c\\\/wp-content\\\/uploads\\\/2024\\\/02\\\/logo-artisanlocal-h.svg\",\"caption\":\"Artisanlocal\"},\"image\":{\"@id\":\"https:\\\/\\\/www.artisanlocal.ch\\\/c\\\/#\\\/schema\\\/logo\\\/image\\\/\"}}]}<\/script>\n<!-- \/ Yoast SEO Premium plugin. -->","yoast_head_json":{"title":"Plombier Bussigny - Artisanlocal","robots":{"index":"index","follow":"follow","max-snippet":"max-snippet:-1","max-image-preview":"max-image-preview:large","max-video-preview":"max-video-preview:-1"},"canonical":"https:\/\/www.artisanlocal.ch\/c\/plombier-bussigny-pres-lausanne\/","og_locale":"fr_FR","og_type":"article","og_title":"Plombier Bussigny","og_description":"Si vous \u00eates domicili\u00e9 \u00e0 Bussigny, Artisanlocal intervient chez vous rapidement. Pourquoi faire appel \u00e0 notre entreprise de plombier \u00e0 Bussigny ? Nous sommes ouverts 24 heures sur 24, tous les jours de la semaine, y compris les jours f\u00e9ri\u00e9s. Nous fournissons des estimations gratuites. Nous employons les derni\u00e8res m\u00e9thodes de pointes. Nous sommes implant\u00e9s [&hellip;]","og_url":"https:\/\/www.artisanlocal.ch\/c\/plombier-bussigny-pres-lausanne\/","og_site_name":"Artisanlocal","article_modified_time":"2025-08-26T17:27:46+00:00","og_image":[{"width":1920,"height":300,"url":"https:\/\/www.artisanlocal.ch\/c\/wp-content\/uploads\/2024\/10\/plombier.jpg","type":"image\/jpeg"}],"twitter_card":"summary_large_image","twitter_misc":{"Dur\u00e9e de lecture estim\u00e9e":"6 minutes"},"schema":{"@context":"https:\/\/schema.org","@graph":[{"@type":"WebPage","@id":"https:\/\/www.artisanlocal.ch\/c\/plombier-bussigny-pres-lausanne\/","url":"https:\/\/www.artisanlocal.ch\/c\/plombier-bussigny-pres-lausanne\/","name":"Plombier Bussigny - Artisanlocal","isPartOf":{"@id":"https:\/\/www.artisanlocal.ch\/c\/#website"},"primaryImageOfPage":{"@id":"https:\/\/www.artisanlocal.ch\/c\/plombier-bussigny-pres-lausanne\/#primaryimage"},"image":{"@id":"https:\/\/www.artisanlocal.ch\/c\/plombier-bussigny-pres-lausanne\/#primaryimage"},"thumbnailUrl":"https:\/\/www.artisanlocal.ch\/c\/wp-content\/uploads\/2024\/10\/plombier.jpg","datePublished":"2024-05-18T00:12:53+00:00","dateModified":"2025-08-26T17:27:46+00:00","breadcrumb":{"@id":"https:\/\/www.artisanlocal.ch\/c\/plombier-bussigny-pres-lausanne\/#breadcrumb"},"inLanguage":"fr-FR","potentialAction":[{"@type":"ReadAction","target":["https:\/\/www.artisanlocal.ch\/c\/plombier-bussigny-pres-lausanne\/"]}]},{"@type":"ImageObject","inLanguage":"fr-FR","@id":"https:\/\/www.artisanlocal.ch\/c\/plombier-bussigny-pres-lausanne\/#primaryimage","url":"https:\/\/www.artisanlocal.ch\/c\/wp-content\/uploads\/2024\/10\/plombier.jpg","contentUrl":"https:\/\/www.artisanlocal.ch\/c\/wp-content\/uploads\/2024\/10\/plombier.jpg","width":1920,"height":300},{"@type":"BreadcrumbList","@id":"https:\/\/www.artisanlocal.ch\/c\/plombier-bussigny-pres-lausanne\/#breadcrumb","itemListElement":[{"@type":"ListItem","position":1,"name":"Accueil","item":"https:\/\/www.artisanlocal.ch\/c\/"},{"@type":"ListItem","position":2,"name":"Plombier Bussigny-pr\u00e8s-Lausanne"}]},{"@type":"WebSite","@id":"https:\/\/www.artisanlocal.ch\/c\/#website","url":"https:\/\/www.artisanlocal.ch\/c\/","name":"Artisanlocal","description":"","publisher":{"@id":"https:\/\/www.artisanlocal.ch\/c\/#organization"},"potentialAction":[{"@type":"SearchAction","target":{"@type":"EntryPoint","urlTemplate":"https:\/\/www.artisanlocal.ch\/c\/?s={search_term_string}"},"query-input":{"@type":"PropertyValueSpecification","valueRequired":true,"valueName":"search_term_string"}}],"inLanguage":"fr-FR"},{"@type":"Organization","@id":"https:\/\/www.artisanlocal.ch\/c\/#organization","name":"Artisanlocal","url":"https:\/\/www.artisanlocal.ch\/c\/","logo":{"@type":"ImageObject","inLanguage":"fr-FR","@id":"https:\/\/www.artisanlocal.ch\/c\/#\/schema\/logo\/image\/","url":"https:\/\/www.artisanlocal.ch\/c\/wp-content\/uploads\/2024\/02\/logo-artisanlocal-h.svg","contentUrl":"https:\/\/www.artisanlocal.ch\/c\/wp-content\/uploads\/2024\/02\/logo-artisanlocal-h.svg","caption":"Artisanlocal"},"image":{"@id":"https:\/\/www.artisanlocal.ch\/c\/#\/schema\/logo\/image\/"}}]}},"_links":{"self":[{"href":"https:\/\/www.artisanlocal.ch\/c\/wp-json\/wp\/v2\/pages\/1009","targetHints":{"allow":["GET"]}}],"collection":[{"href":"https:\/\/www.artisanlocal.ch\/c\/wp-json\/wp\/v2\/pages"}],"about":[{"href":"https:\/\/www.artisanlocal.ch\/c\/wp-json\/wp\/v2\/types\/page"}],"author":[{"embeddable":true,"href":"https:\/\/www.artisanlocal.ch\/c\/wp-json\/wp\/v2\/users\/4"}],"replies":[{"embeddable":true,"href":"https:\/\/www.artisanlocal.ch\/c\/wp-json\/wp\/v2\/comments?post=1009"}],"version-history":[{"count":0,"href":"https:\/\/www.artisanlocal.ch\/c\/wp-json\/wp\/v2\/pages\/1009\/revisions"}],"wp:featuredmedia":[{"embeddable":true,"href":"https:\/\/www.artisanlocal.ch\/c\/wp-json\/wp\/v2\/media\/2758"}],"wp:attachment":[{"href":"https:\/\/www.artisanlocal.ch\/c\/wp-json\/wp\/v2\/media?parent=1009"}],"wp:term":[{"taxonomy":"profession","embeddable":true,"href":"https:\/\/www.artisanlocal.ch\/c\/wp-json\/wp\/v2\/profession?post=1009"},{"taxonomy":"location","embeddable":true,"href":"https:\/\/www.artisanlocal.ch\/c\/wp-json\/wp\/v2\/location?post=1009"},{"taxonomy":"canton","embeddable":true,"href":"https:\/\/www.artisanlocal.ch\/c\/wp-json\/wp\/v2\/canton?post=1009"}],"curies":[{"name":"wp","href":"https:\/\/api.w.org\/{rel}","templated":true}]}}