{"id":1010,"date":"2024-05-18T03:17:03","date_gmt":"2024-05-18T01:17:03","guid":{"rendered":"https:\/\/www.artisanlocal.ch\/c\/artisan-plombier-a-gland\/"},"modified":"2025-08-26T19:27:43","modified_gmt":"2025-08-26T17:27:43","slug":"artisan-plombier-a-gland","status":"publish","type":"page","link":"https:\/\/www.artisanlocal.ch\/c\/artisan-plombier-a-gland\/","title":{"rendered":"Artisan plombier \u00e0 Gland"},"content":{"rendered":"<p>Si vous \u00eates un Glandois, en cas d&rsquo;urgence, nos plombiers se d\u00e9placent \u00e0 votre domicile.<\/p>\n\r\n<div class=\"box\">\r\n    <h2 class=\"text-dark\">Nous cherchons un <em class=\"text-primary\">Sanitaire<\/em> dans la r\u00e9gion de <em class=\"text-primary\">Gland<\/em>  en exclusivit\u00e9, afin de proposer vos services \u00e0 nos clients propri\u00e9taires.<\/h2>\r\n    <p>Une opportunit\u00e9 unique pour booster votre activit\u00e9 \u00e0 <strong>Gland<\/strong> et aux alentours dans votre domaine (Sanitaire).<\/p>\r\n    <p>Nous travaillons en exclusivit\u00e9 avec qu'une soci\u00e9t\u00e9 par m\u00e9tier et par r\u00e9gion. <br>Votre entreprise est pr\u00e9sente sur tous les documents immobiliers. Afin d'\u00eatre mieux vu sur le net, vous \u00eates \u00e9galement visible sur nos deux sites et sur les pages de r\u00e9f\u00e9rencement de votre r\u00e9gion.<\/p>\r\n    <a href=\"\/contact\" class=\"wp-block-button__link has-accent-background-color has-text-align-center wp-element-button\">R\u00e9server<\/a>\r\n<\/div>\n<h2>Quels sont les avantages de choisir Artisanlocal \u00e0 Gland ?<\/h2>\n<ul>\n<li>Nous sommes ouverts 24 heures sur 24, tous les jours de la semaine, y compris les jours f\u00e9ri\u00e9s.<\/li>\n<li>Nos devis sont gratuits.<\/li>\n<li>Nos artisans plombiers utilisent les derni\u00e8res techniques et technologies.<\/li>\n<li>Notre soci\u00e9t\u00e9 est implant\u00e9e \u00e0 Gland ce qui nous permet d&rsquo;intervenir rapidement \u00e0 votre domicile.<\/li>\n<li>Nos tarifs sont comp\u00e9titifs.<\/li>\n<li>Nos plombiers sont exp\u00e9riment\u00e9s et assur\u00e9s.<\/li>\n<li>Nous contr\u00f4lons votre syst\u00e8me de plomberie avant les travaux.<\/li>\n<li>Nous r\u00e9novons tous les types de plomberie.<\/li>\n<\/ul>\n<h2>Les prestations que nous proposons \u00e0 Gland<\/h2>\n<ul>\n<li>Nous proposons la d\u00e9tection des fuites et la r\u00e9paration de vos canalisations.<\/li>\n<li>Le remplacement de votre \u00e9quipement sanitaire.<\/li>\n<li>La remise en \u00e9tat de votre sanitaire.<\/li>\n<li>Les travaux de plomberie, pour : l\u2019installation de robinet, \u00e9vier, lavabo et de la tuyauterie.<\/li>\n<li>Nous installons les chaudi\u00e8res et les chauffes-eau.<\/li>\n<li>Nous effectuons l&rsquo;assainissement et le d\u00e9bouchage de vos canalisations.<\/li>\n<li>La r\u00e9novation compl\u00e8te de votre salle d&rsquo;eau.<\/li>\n<li>La vidange de votre fosse septique.<\/li>\n<\/ul>\n<h2>Comment fonctionne Artisanlocal ?<\/h2>\n<ol>\n<li>Une fois que vous nous avez contact\u00e9s par t\u00e9l\u00e9phone ou email, nous rentrons en contact avec vous pour estimer votre probl\u00e8me.<\/li>\n<li>Par la suite, nous vous offrons un devis gratuit et d\u00e9taill\u00e9. Avec notre entreprise, il n&rsquo;y a pas de frais dissimul\u00e9s, \u00e0 moins que vous ayez besoin d&rsquo;\u00e9l\u00e9ments de remplacement ou de gros travaux.<\/li>\n<li>Apr\u00e8s votre accord pour l&rsquo;estimation, nous conviendrons ensemble d&rsquo;une date d&rsquo;intervention \u00e0 votre foyer.<\/li>\n<\/ol>\n<h2>Travaux de plomberie pour les particuliers \u00e0 Gland<\/h2>\n<p>En cas de souci avec votre installation sanitaire, il y a un risque de contamination de l&rsquo;eau, ce qui peut entra\u00eener un risque pour votre famille, c\u2019est la raison pour laquelle le plombier qui se d\u00e9place \u00e0 votre logement effectue :<\/p>\n<ul>\n<li>La r\u00e9paration de fuites.<\/li>\n<li>Le nettoyage et le d\u00e9bouchage de vos tuyaux.<\/li>\n<li>La r\u00e9vision de votre chauffe-eau.<\/li>\n<li>Le contr\u00f4le de vos tuyaux de canalisations.<\/li>\n<li>La r\u00e9novation de vos tuyaux de canalisations.<\/li>\n<li>Le nettoyage apr\u00e8s les d\u00e9g\u00e2ts des eaux.<\/li>\n<\/ul>\n<h2>Plombier pour les entreprises \u00e0 Gland<\/h2>\n<p>\u00c0 Gland, il y a des boutiques de vente au d\u00e9tail, petites entreprises et restaurants. Une fuite dans un robinet, un refoulement dans un tuyau de canalisation ou encore une panne de chauffe-eau sont des probl\u00e8mes r\u00e9pandus qui peuvent r\u00e9duire l&rsquo;efficacit\u00e9 de vos collaborateurs. Artisanlocal soutiens votre soci\u00e9t\u00e9 pour :<\/p>\n<ul>\n<li>La suppression des bouchons dans les lavabos et la mise en place d&rsquo;une nouvelle robinetterie.<\/li>\n<li>L&rsquo;inspection par vid\u00e9o et la remise en \u00e9tat de vos tuyaux.<\/li>\n<li>Le nettoyage par jet d&rsquo;eau de vos canalisations.<\/li>\n<li>La pose de nouveaux dispositifs de plomberie.<\/li>\n<li>La maintenance et la remise en \u00e9tat de votre bac \u00e0 graisse.<\/li>\n<li>La mise en place, la remise en \u00e9tat et l&rsquo;entretien de votre chauffe-eau ou chauffage.<\/li>\n<li>La restauration de votre r\u00e9seau de tuyaux.<\/li>\n<li>Le d\u00e9pannage de vos appareils sanitaires.<\/li>\n<li>La v\u00e9rification de vos tuyaux par cam\u00e9ra.<\/li>\n<\/ul>\n<h2>Service de nettoyage de vos tuyaux de canalisations \u00e0 Gland en urgence<\/h2>\n<p>Nos artisans nettoient vos canalisations \u00e0 Gland en urgence afin de vous \u00e9pargner des difficult\u00e9s d\u2019\u00e9coulement de vos eaux us\u00e9es, des remont\u00e9es d\u2019odeurs d\u00e9sagr\u00e9ables ou encore du d\u00e9bordement de vos toilettes, \u00e9viers ou baignoires, de plus, nos plombiers interviennent rapidement sur vos :<\/p>\n<ul>\n<li>\u00c9viers.<\/li>\n<li>Toilettes.<\/li>\n<li>Toits (goutti\u00e8res).<\/li>\n<li>\u00c9gouts.<\/li>\n<li>Tuyauteries. <\/li>\n<\/ul>\n<h2>Nettoyage et entretien des r\u00e9seaux d&rsquo;\u00e9gouts \u00e0 Gland<\/h2>\n<p>Les \u00e9gouts sont le r\u00e9seau principal de la plomberie. Il transporte les eaux us\u00e9es des WC, des \u00e9viers et des autres appareils sanitaires. Si votre \u00e9gout est plein ou que l&rsquo;eau remonte, cela peut d\u00e9grader votre maison, et mettre en p\u00e9ril votre s\u00e9curit\u00e9 et celle de votre famille.<\/p>\n<p>Le nettoyage fr\u00e9quent permet d&rsquo;\u00e9viter les refoulements et la cr\u00e9ation de bouchons. Nos artisans plombiers \u00e0 Gland emploient les derni\u00e8res technologies pour contr\u00f4ler, nettoyer et assurer le d\u00e9bit de l&rsquo;eau dans vos canalisations.<\/p>\n<p>Notre soci\u00e9t\u00e9 r\u00e9nove les tuyaux de canalisations de vos \u00e9gouts en cas de d\u00e9g\u00e2t important. Notre \u00e9quipe peut aussi nettoyer en urgence tout dommage provoqu\u00e9 par les eaux us\u00e9es dans votre habitation ou soci\u00e9t\u00e9. Pour \u00e9viter le d\u00e9veloppement de moisissures, nous s\u00e9chons et d\u00e9shumidifions les zones de votre h\u00e9bergement \u00e0 risques.<\/p>\n<h2>Installations et r\u00e9parations de chauffe-eau<\/h2>\n<p>Il n&rsquo;y a que de l&rsquo;eau froide dans votre domicile ? Il est probable que vous ayez des probl\u00e8mes avec votre cumulus. Notre entreprise r\u00e9alise la r\u00e9paration de votre chauffe-eau rapidement. Voici les signaux qui montrent des soucis :<\/p>\n<ul>\n<li>Un faible d\u00e9bit d&rsquo;eau chaude : cela peut-\u00eatre d\u00fb \u00e0 une fuite de votre chauffe-eau, ou un syst\u00e8me chauffant qui ne fonctionne pas ou l&rsquo;accumulation de s\u00e9diments au fond de votre r\u00e9servoir.<\/li>\n<li>De l&rsquo;eau pr\u00e8s de votre chauffe-eau : la pr\u00e9sence d&rsquo;humidit\u00e9 au pied du r\u00e9servoir peut indiquer un probl\u00e8me, ou potentiellement d&rsquo;une fissure dans le r\u00e9servoir.<\/li>\n<li>Vous percevez des bruits inhabituels qui viennent du cumulus : des bruits bizarres peuvent r\u00e9v\u00e9ler un d\u00e9p\u00f4t de s\u00e9diments, une fuite d&rsquo;eau ou un probl\u00e8me de l&rsquo;\u00e9l\u00e9ment de chauffage.<\/li>\n<li>La d\u00e9coloration de l&rsquo;eau : c&rsquo;est causer par l&rsquo;existence de substances nocives et de rouille dans votre chauffe-eau.<\/li>\n<li>Le chauffe-eau fonctionne en sans interruption : si vous constatez que votre chauffe-eau est sans cesse en marche, cela peut \u00eatre d\u00fb \u00e0 une panne.<\/li>\n<\/ul>\n<p>En sollicitant nos artisans plombiers d\u00e8s les premiers signes, il est possible d&rsquo;\u00e9viter des co\u00fbts importants pour vos travaux de r\u00e9parations.<\/p>\n<h2>Prestation de nettoyage apr\u00e8s des dommages caus\u00e9s par l&rsquo;eau<\/h2>\n<p>Nos plombiers peuvent nettoyer votre h\u00e9bergement apr\u00e8s un d\u00e9g\u00e2t des eaux \u00e0 Gland, nos plombiers sont disponibles pour vous aider en cas de caves submerg\u00e9es, de fortes pr\u00e9cipitations, de ruptures de canalisations, de reflux d&rsquo;\u00e9gouts, et de d\u00e9bordements de w.c. Et de baignoires et d&rsquo;autres probl\u00e8mes de canalisation li\u00e9s \u00e0 un d\u00e9g\u00e2t des eaux.<\/p>\n<h2>FAQ<\/h2>\n<h3>Quel prix pour faire intervenir un plombier \u00e0 Gland ?<\/h3>\n<p>Apr\u00e8s analyse de votre souci de plomberie, notre entreprise vous fournit une estimation gratuite. Les montants suivants de nos services sont donn\u00e9s \u00e0 titre indicatif \u00e0 Gland :<\/p>\n<table border=\"1\">\n<tbody>\n<tr>\n<th>Prestations<\/th>\n<th>Prix CHF<\/th>\n<\/tr>\n<tr>\n<td>Mise en place d\u2019un lavabo<\/td>\n<td>280.00<\/td>\n<\/tr>\n<tr>\n<td>Tarif horaire : pose sanitaire<\/td>\n<td>110.00 \u00e0 129.00<\/td>\n<\/tr>\n<tr>\n<td>Mise en place et raccordement, d\u2019un siphon \u00e0 un \u00e9vier<\/td>\n<td>70.00<\/td>\n<\/tr>\n<tr>\n<td>Assemblage meuble de salle d&rsquo;eau<\/td>\n<td>95.00<\/td>\n<\/tr>\n<tr>\n<td>Mise en place et raccord, d\u2019une douche \u00e0 la robinetterie<\/td>\n<td>86.00<\/td>\n<\/tr>\n<tr>\n<td>Mise en place d\u2019un r\u00e9servoir de WC<\/td>\n<td>112.00<\/td>\n<\/tr>\n<tr>\n<td>Pose d\u2019accessoires de salle d&rsquo;eau<\/td>\n<td>60.00<\/td>\n<\/tr>\n<tr>\n<td>Mise en place d\u2019un WC suspendu<\/td>\n<td>170.00<\/td>\n<\/tr>\n<tr>\n<td>D\u00e9placement du plombier aller-retour<\/td>\n<td>100.00<\/td>\n<\/tr>\n<\/tbody>\n<\/table>\n<h3>L&rsquo;entreprise Artisanlocal est-elle ouverte les samedis et dimanches ?<\/h3>\n<p>Artisanlocal propose un service de plomberie en continu, 24\/7 et m\u00eame pendant les jours f\u00e9ri\u00e9s.<\/p>\n<h3>Les plombiers r\u00e9alisent des interventions \u00e0 Gland et dans les communes voisines ?<\/h3>\n<p>Oui, les professionnels de notre soci\u00e9t\u00e9 interviennent \u00e0 Gland, \u00e9galement dans les villes aux environs, telles que : Prangins, Nyon, Le Vaud, Eysins, Crassier, St-Cergue, La Cure, Duillier, Coinsins, Vich, Begnins, Bassins, Tr\u00e9lex, Givrins, Genolier, Arzier-Le Muids, Grens, Signy, Ch\u00e9serex, Gingins, Arnex-sur-Nyon, Borex, La Rippe, Crans VD.<\/p>\n","protected":false},"excerpt":{"rendered":"<p>Si vous \u00eates un Glandois, en cas d&rsquo;urgence, nos plombiers se d\u00e9placent \u00e0 votre domicile. Quels sont les avantages de choisir Artisanlocal \u00e0 Gland ? Nous sommes ouverts 24 heures sur 24, tous les jours de la semaine, y compris les jours f\u00e9ri\u00e9s. Nos devis sont gratuits. Nos artisans plombiers utilisent les derni\u00e8res techniques et [&hellip;]<\/p>\n","protected":false},"author":4,"featured_media":2758,"parent":0,"menu_order":0,"comment_status":"closed","ping_status":"closed","template":"","meta":{"footnotes":""},"profession":[123],"location":[19],"canton":[113],"class_list":["post-1010","page","type-page","status-publish","has-post-thumbnail","hentry","profession-sanitaire","location-gland","canton-vd"],"yoast_head":"<!-- This site is optimized with the Yoast SEO Premium plugin v25.7.1 (Yoast SEO v27.4) - https:\/\/yoast.com\/product\/yoast-seo-premium-wordpress\/ -->\n<title>Artisan plombier \u00e0 Gland - Artisanlocal<\/title>\n<meta name=\"robots\" content=\"index, follow, max-snippet:-1, max-image-preview:large, max-video-preview:-1\" \/>\n<link rel=\"canonical\" href=\"https:\/\/www.artisanlocal.ch\/c\/artisan-plombier-a-gland\/\" \/>\n<meta property=\"og:locale\" content=\"fr_FR\" \/>\n<meta property=\"og:type\" content=\"article\" \/>\n<meta property=\"og:title\" content=\"Artisan plombier \u00e0 Gland\" \/>\n<meta property=\"og:description\" content=\"Si vous \u00eates un Glandois, en cas d&rsquo;urgence, nos plombiers se d\u00e9placent \u00e0 votre domicile. Quels sont les avantages de choisir Artisanlocal \u00e0 Gland ? Nous sommes ouverts 24 heures sur 24, tous les jours de la semaine, y compris les jours f\u00e9ri\u00e9s. Nos devis sont gratuits. Nos artisans plombiers utilisent les derni\u00e8res techniques et [&hellip;]\" \/>\n<meta property=\"og:url\" content=\"https:\/\/www.artisanlocal.ch\/c\/artisan-plombier-a-gland\/\" \/>\n<meta property=\"og:site_name\" content=\"Artisanlocal\" \/>\n<meta property=\"article:modified_time\" content=\"2025-08-26T17:27:43+00:00\" \/>\n<meta property=\"og:image\" content=\"https:\/\/www.artisanlocal.ch\/c\/wp-content\/uploads\/2024\/10\/plombier.jpg\" \/>\n\t<meta property=\"og:image:width\" content=\"1920\" \/>\n\t<meta property=\"og:image:height\" content=\"300\" \/>\n\t<meta property=\"og:image:type\" content=\"image\/jpeg\" \/>\n<meta name=\"twitter:card\" content=\"summary_large_image\" \/>\n<meta name=\"twitter:label1\" content=\"Dur\u00e9e de lecture estim\u00e9e\" \/>\n\t<meta name=\"twitter:data1\" content=\"6 minutes\" \/>\n<script type=\"application\/ld+json\" class=\"yoast-schema-graph\">{\"@context\":\"https:\\\/\\\/schema.org\",\"@graph\":[{\"@type\":\"WebPage\",\"@id\":\"https:\\\/\\\/www.artisanlocal.ch\\\/c\\\/artisan-plombier-a-gland\\\/\",\"url\":\"https:\\\/\\\/www.artisanlocal.ch\\\/c\\\/artisan-plombier-a-gland\\\/\",\"name\":\"Artisan plombier \u00e0 Gland - Artisanlocal\",\"isPartOf\":{\"@id\":\"https:\\\/\\\/www.artisanlocal.ch\\\/c\\\/#website\"},\"primaryImageOfPage\":{\"@id\":\"https:\\\/\\\/www.artisanlocal.ch\\\/c\\\/artisan-plombier-a-gland\\\/#primaryimage\"},\"image\":{\"@id\":\"https:\\\/\\\/www.artisanlocal.ch\\\/c\\\/artisan-plombier-a-gland\\\/#primaryimage\"},\"thumbnailUrl\":\"https:\\\/\\\/www.artisanlocal.ch\\\/c\\\/wp-content\\\/uploads\\\/2024\\\/10\\\/plombier.jpg\",\"datePublished\":\"2024-05-18T01:17:03+00:00\",\"dateModified\":\"2025-08-26T17:27:43+00:00\",\"breadcrumb\":{\"@id\":\"https:\\\/\\\/www.artisanlocal.ch\\\/c\\\/artisan-plombier-a-gland\\\/#breadcrumb\"},\"inLanguage\":\"fr-FR\",\"potentialAction\":[{\"@type\":\"ReadAction\",\"target\":[\"https:\\\/\\\/www.artisanlocal.ch\\\/c\\\/artisan-plombier-a-gland\\\/\"]}]},{\"@type\":\"ImageObject\",\"inLanguage\":\"fr-FR\",\"@id\":\"https:\\\/\\\/www.artisanlocal.ch\\\/c\\\/artisan-plombier-a-gland\\\/#primaryimage\",\"url\":\"https:\\\/\\\/www.artisanlocal.ch\\\/c\\\/wp-content\\\/uploads\\\/2024\\\/10\\\/plombier.jpg\",\"contentUrl\":\"https:\\\/\\\/www.artisanlocal.ch\\\/c\\\/wp-content\\\/uploads\\\/2024\\\/10\\\/plombier.jpg\",\"width\":1920,\"height\":300},{\"@type\":\"BreadcrumbList\",\"@id\":\"https:\\\/\\\/www.artisanlocal.ch\\\/c\\\/artisan-plombier-a-gland\\\/#breadcrumb\",\"itemListElement\":[{\"@type\":\"ListItem\",\"position\":1,\"name\":\"Accueil\",\"item\":\"https:\\\/\\\/www.artisanlocal.ch\\\/c\\\/\"},{\"@type\":\"ListItem\",\"position\":2,\"name\":\"Artisan plombier \u00e0 Gland\"}]},{\"@type\":\"WebSite\",\"@id\":\"https:\\\/\\\/www.artisanlocal.ch\\\/c\\\/#website\",\"url\":\"https:\\\/\\\/www.artisanlocal.ch\\\/c\\\/\",\"name\":\"Artisanlocal\",\"description\":\"\",\"publisher\":{\"@id\":\"https:\\\/\\\/www.artisanlocal.ch\\\/c\\\/#organization\"},\"potentialAction\":[{\"@type\":\"SearchAction\",\"target\":{\"@type\":\"EntryPoint\",\"urlTemplate\":\"https:\\\/\\\/www.artisanlocal.ch\\\/c\\\/?s={search_term_string}\"},\"query-input\":{\"@type\":\"PropertyValueSpecification\",\"valueRequired\":true,\"valueName\":\"search_term_string\"}}],\"inLanguage\":\"fr-FR\"},{\"@type\":\"Organization\",\"@id\":\"https:\\\/\\\/www.artisanlocal.ch\\\/c\\\/#organization\",\"name\":\"Artisanlocal\",\"url\":\"https:\\\/\\\/www.artisanlocal.ch\\\/c\\\/\",\"logo\":{\"@type\":\"ImageObject\",\"inLanguage\":\"fr-FR\",\"@id\":\"https:\\\/\\\/www.artisanlocal.ch\\\/c\\\/#\\\/schema\\\/logo\\\/image\\\/\",\"url\":\"https:\\\/\\\/www.artisanlocal.ch\\\/c\\\/wp-content\\\/uploads\\\/2024\\\/02\\\/logo-artisanlocal-h.svg\",\"contentUrl\":\"https:\\\/\\\/www.artisanlocal.ch\\\/c\\\/wp-content\\\/uploads\\\/2024\\\/02\\\/logo-artisanlocal-h.svg\",\"caption\":\"Artisanlocal\"},\"image\":{\"@id\":\"https:\\\/\\\/www.artisanlocal.ch\\\/c\\\/#\\\/schema\\\/logo\\\/image\\\/\"}}]}<\/script>\n<!-- \/ Yoast SEO Premium plugin. -->","yoast_head_json":{"title":"Artisan plombier \u00e0 Gland - Artisanlocal","robots":{"index":"index","follow":"follow","max-snippet":"max-snippet:-1","max-image-preview":"max-image-preview:large","max-video-preview":"max-video-preview:-1"},"canonical":"https:\/\/www.artisanlocal.ch\/c\/artisan-plombier-a-gland\/","og_locale":"fr_FR","og_type":"article","og_title":"Artisan plombier \u00e0 Gland","og_description":"Si vous \u00eates un Glandois, en cas d&rsquo;urgence, nos plombiers se d\u00e9placent \u00e0 votre domicile. Quels sont les avantages de choisir Artisanlocal \u00e0 Gland ? Nous sommes ouverts 24 heures sur 24, tous les jours de la semaine, y compris les jours f\u00e9ri\u00e9s. Nos devis sont gratuits. Nos artisans plombiers utilisent les derni\u00e8res techniques et [&hellip;]","og_url":"https:\/\/www.artisanlocal.ch\/c\/artisan-plombier-a-gland\/","og_site_name":"Artisanlocal","article_modified_time":"2025-08-26T17:27:43+00:00","og_image":[{"width":1920,"height":300,"url":"https:\/\/www.artisanlocal.ch\/c\/wp-content\/uploads\/2024\/10\/plombier.jpg","type":"image\/jpeg"}],"twitter_card":"summary_large_image","twitter_misc":{"Dur\u00e9e de lecture estim\u00e9e":"6 minutes"},"schema":{"@context":"https:\/\/schema.org","@graph":[{"@type":"WebPage","@id":"https:\/\/www.artisanlocal.ch\/c\/artisan-plombier-a-gland\/","url":"https:\/\/www.artisanlocal.ch\/c\/artisan-plombier-a-gland\/","name":"Artisan plombier \u00e0 Gland - Artisanlocal","isPartOf":{"@id":"https:\/\/www.artisanlocal.ch\/c\/#website"},"primaryImageOfPage":{"@id":"https:\/\/www.artisanlocal.ch\/c\/artisan-plombier-a-gland\/#primaryimage"},"image":{"@id":"https:\/\/www.artisanlocal.ch\/c\/artisan-plombier-a-gland\/#primaryimage"},"thumbnailUrl":"https:\/\/www.artisanlocal.ch\/c\/wp-content\/uploads\/2024\/10\/plombier.jpg","datePublished":"2024-05-18T01:17:03+00:00","dateModified":"2025-08-26T17:27:43+00:00","breadcrumb":{"@id":"https:\/\/www.artisanlocal.ch\/c\/artisan-plombier-a-gland\/#breadcrumb"},"inLanguage":"fr-FR","potentialAction":[{"@type":"ReadAction","target":["https:\/\/www.artisanlocal.ch\/c\/artisan-plombier-a-gland\/"]}]},{"@type":"ImageObject","inLanguage":"fr-FR","@id":"https:\/\/www.artisanlocal.ch\/c\/artisan-plombier-a-gland\/#primaryimage","url":"https:\/\/www.artisanlocal.ch\/c\/wp-content\/uploads\/2024\/10\/plombier.jpg","contentUrl":"https:\/\/www.artisanlocal.ch\/c\/wp-content\/uploads\/2024\/10\/plombier.jpg","width":1920,"height":300},{"@type":"BreadcrumbList","@id":"https:\/\/www.artisanlocal.ch\/c\/artisan-plombier-a-gland\/#breadcrumb","itemListElement":[{"@type":"ListItem","position":1,"name":"Accueil","item":"https:\/\/www.artisanlocal.ch\/c\/"},{"@type":"ListItem","position":2,"name":"Artisan plombier \u00e0 Gland"}]},{"@type":"WebSite","@id":"https:\/\/www.artisanlocal.ch\/c\/#website","url":"https:\/\/www.artisanlocal.ch\/c\/","name":"Artisanlocal","description":"","publisher":{"@id":"https:\/\/www.artisanlocal.ch\/c\/#organization"},"potentialAction":[{"@type":"SearchAction","target":{"@type":"EntryPoint","urlTemplate":"https:\/\/www.artisanlocal.ch\/c\/?s={search_term_string}"},"query-input":{"@type":"PropertyValueSpecification","valueRequired":true,"valueName":"search_term_string"}}],"inLanguage":"fr-FR"},{"@type":"Organization","@id":"https:\/\/www.artisanlocal.ch\/c\/#organization","name":"Artisanlocal","url":"https:\/\/www.artisanlocal.ch\/c\/","logo":{"@type":"ImageObject","inLanguage":"fr-FR","@id":"https:\/\/www.artisanlocal.ch\/c\/#\/schema\/logo\/image\/","url":"https:\/\/www.artisanlocal.ch\/c\/wp-content\/uploads\/2024\/02\/logo-artisanlocal-h.svg","contentUrl":"https:\/\/www.artisanlocal.ch\/c\/wp-content\/uploads\/2024\/02\/logo-artisanlocal-h.svg","caption":"Artisanlocal"},"image":{"@id":"https:\/\/www.artisanlocal.ch\/c\/#\/schema\/logo\/image\/"}}]}},"_links":{"self":[{"href":"https:\/\/www.artisanlocal.ch\/c\/wp-json\/wp\/v2\/pages\/1010","targetHints":{"allow":["GET"]}}],"collection":[{"href":"https:\/\/www.artisanlocal.ch\/c\/wp-json\/wp\/v2\/pages"}],"about":[{"href":"https:\/\/www.artisanlocal.ch\/c\/wp-json\/wp\/v2\/types\/page"}],"author":[{"embeddable":true,"href":"https:\/\/www.artisanlocal.ch\/c\/wp-json\/wp\/v2\/users\/4"}],"replies":[{"embeddable":true,"href":"https:\/\/www.artisanlocal.ch\/c\/wp-json\/wp\/v2\/comments?post=1010"}],"version-history":[{"count":0,"href":"https:\/\/www.artisanlocal.ch\/c\/wp-json\/wp\/v2\/pages\/1010\/revisions"}],"wp:featuredmedia":[{"embeddable":true,"href":"https:\/\/www.artisanlocal.ch\/c\/wp-json\/wp\/v2\/media\/2758"}],"wp:attachment":[{"href":"https:\/\/www.artisanlocal.ch\/c\/wp-json\/wp\/v2\/media?parent=1010"}],"wp:term":[{"taxonomy":"profession","embeddable":true,"href":"https:\/\/www.artisanlocal.ch\/c\/wp-json\/wp\/v2\/profession?post=1010"},{"taxonomy":"location","embeddable":true,"href":"https:\/\/www.artisanlocal.ch\/c\/wp-json\/wp\/v2\/location?post=1010"},{"taxonomy":"canton","embeddable":true,"href":"https:\/\/www.artisanlocal.ch\/c\/wp-json\/wp\/v2\/canton?post=1010"}],"curies":[{"name":"wp","href":"https:\/\/api.w.org\/{rel}","templated":true}]}}