{"id":1011,"date":"2024-05-18T21:36:31","date_gmt":"2024-05-18T19:36:31","guid":{"rendered":"https:\/\/www.artisanlocal.ch\/c\/plombier-a-chavornay\/"},"modified":"2025-08-26T19:27:26","modified_gmt":"2025-08-26T17:27:26","slug":"plombier-a-chavornay","status":"publish","type":"page","link":"https:\/\/www.artisanlocal.ch\/c\/plombier-a-chavornay\/","title":{"rendered":"Plombier \u00e0 Chavornay"},"content":{"rendered":"<p>Si vous \u00eates un habitant de Chavornay, nos artisans plombiers se d\u00e9placent \u00e0 votre domicile.<\/p>\n\r\n<div class=\"box\">\r\n            <div class=\"company-info\">\r\n            <img decoding=\"async\" class=\"company-info__logo\" src=\"https:\/\/www.artisanlocal.ch\/media\/cache\/thumb\/images\/companies\/6936e5545e7dc220691055.png\" alt=\"Logo\">\r\n            <h2 class=\"company-info__name\">FJ Sanitaire S\u00e0rl<\/h2>\r\n            <p class=\"company-info__business\">Sanitaire - Chauffages - Gaz - D\u00e9pannage - Entretien - Installation - R\u00e9novation de salles de bains<\/p>\r\n        <\/div>\r\n        <div class=\"company-contact\">\r\n            <p class=\"company-info__address\">Route de Thierrens 23<\/p>\r\n                            <div class=\"links\">\r\n                                            <a class=\"btn has-accent-background-color js-phoneNumber\" href=\"tel:0782609799\" title=\"Appelez\" data-id=\"38846\" data-type=\"11\">078 260 97 99<\/a>\r\n                                                                <a class=\"btn has-accent-background-color\" href=\"http:\/\/fjsanitaire.ch\/\" target=\"_blank\" title=\"Voir le site internet\" data-id=\"38846\" data-type=\"20\">Site internet<\/a>\r\n                                    <\/div>\r\n                    <\/div>\r\n    \r\n            \r\n<form action=\"https:\/\/www.artisanlocal.ch\/c\/wp-admin\/admin-ajax.php\" method=\"post\" class=\"form-contact\" id=\"artisan_form_contact_company_inline\">\r\n    <div><input type=\"hidden\" name=\"action\" value=\"company_contact\"><\/div>\r\n    <div><input type=\"hidden\" name=\"nonce\" value=\"1dbf28e6f0\"><\/div>\r\n    <div><input type=\"hidden\" name=\"company_id\" value=\"38846\"><\/div>\r\n    <div><input type=\"hidden\" name=\"form_id\" value=\"artisan_form_contact_company_inline\"><\/div>\r\n    <div class=\"gglcptch gglcptch_v3 gglcptch_custom\"><input type=\"hidden\" id=\"g-recaptcha-response\" name=\"g-recaptcha-response\" \/><br \/><div class=\"gglcptch_error_text\">La p\u00e9riode de v\u00e9rification reCAPTCHA a expir\u00e9. Veuillez recharger la page.<\/div><\/div>    <div class=\"form-content\">\r\n        <div class=\"form-group\">\r\n            <label for=\"contact_firstName\" class=\"required\">Pr\u00e9nom<\/label>\r\n            <input type=\"text\" name=\"firstName\" class=\"form-control\" required>\r\n        <\/div>\r\n        <div class=\"form-group\">\r\n            <label for=\"contact_lastName\" class=\"required\">Nom<\/label>\r\n            <input type=\"text\" name=\"lastName\" class=\"form-control\" required>\r\n        <\/div>\r\n        <div class=\"form-group\">\r\n            <label for=\"contact_email\" class=\"required\">Email<\/label>\r\n            <input type=\"email\" name=\"email\" class=\"form-control\" required>\r\n        <\/div>\r\n        <div class=\"form-group\">\r\n            <label for=\"contact_phone\" class=\"required\">Num\u00e9ro de t\u00e9l\u00e9phone<\/label>\r\n            <input type=\"tel\" name=\"phone\" class=\"form-control\" placeholder=\"0787117165\" pattern=\"^[0-9]{10}$\" required>\r\n        <\/div>\r\n        <div class=\"form-group\">\r\n            <label for=\"contact_postalCode\" class=\"required\">Code postal et localit\u00e9<\/label>\r\n            <input type=\"text\" name=\"postalCode\" class=\"form-control\" required>\r\n        <\/div>\r\n        <div class=\"form-group\">\r\n            <label for=\"contact_address\" class=\"required\">Adresse<\/label>\r\n            <input type=\"text\" name=\"address\" class=\"form-control\" required>\r\n        <\/div>\r\n        <div class=\"full-width topic\">\r\n            <p class=\"required\">Je souhaite \u00eatre contact\u00e9 pour :<\/p>\r\n            <div class=\"form-check\">\r\n                <input type=\"radio\" name=\"topic\" value=\"D\u00e9pannage\" class=\"form-control\" required>\r\n                <label for=\"d\u00e9pannage\">D\u00e9pannage<\/label>\r\n            <\/div>\r\n            <div class=\"form-check\">\r\n                <input type=\"radio\" name=\"topic\" value=\"Entretien\" class=\"form-control\" required>\r\n                <label for=\"entretien\">Entretien<\/label>\r\n            <\/div>\r\n            <div class=\"form-check\">\r\n                <input type=\"radio\" name=\"topic\" value=\"R\u00e9novation\" class=\"form-control\" required>\r\n                <label for=\"r\u00e9novation\">R\u00e9novation<\/label>\r\n            <\/div>\r\n            <div class=\"form-check\">\r\n                <input type=\"radio\" name=\"topic\" value=\"Autre\" class=\"form-control\" required>\r\n                <label for=\"autre\">Autre<\/label>\r\n            <\/div>\r\n        <\/div>\r\n        <div class=\"form-group full-width\">\r\n            <label for=\"contact_message\">Message<\/label>\r\n            <textarea name=\"message\" rows=\"3\" class=\"form-control\"><\/textarea>\r\n        <\/div>\r\n    <\/div>\r\n    <div class=\"form-actions\">\r\n        <button class=\"wp-block-button__link has-accent-background-color\">Contacter<\/button>\r\n    <\/div>\r\n<\/form>\r\n<div class=\"form-feedback\"><\/div>    <\/div>\n<h2>Pourquoi choisir Artisanlocal \u00e0 Chavornay ?<\/h2>\n<ul>\n<li>Nos plombiers sont disponibles tous les jours de la semaine et les jours f\u00e9ri\u00e9s.<\/li>\n<li>Nos devis sont gratuits.<\/li>\n<li>Nos artisans plombiers utilisent les derni\u00e8res technologies et techniques.<\/li>\n<li>Nous sommes localis\u00e9s \u00e0 Chavornay ce qui nous permet d&rsquo;intervenir en urgence \u00e0 votre foyer.<\/li>\n<li>Nous proposons des tarifs comp\u00e9titifs.<\/li>\n<li>Tous nos artisans plombiers sont qualifi\u00e9s et poss\u00e8dent les comp\u00e9tences n\u00e9cessaires.<\/li>\n<li>Nous inspectons votre plomberie avant les r\u00e9parations.<\/li>\n<li>Nous r\u00e9alisons tous les travaux de plomberie possibles.<\/li>\n<\/ul>\n<h2>Les prestations que nous proposons \u00e0 Chavornay<\/h2>\n<ul>\n<li>Nous sommes sp\u00e9cialis\u00e9s dans la d\u00e9tection des fuites et la r\u00e9paration de vos conduits.<\/li>\n<li>Le changement de votre \u00e9quipement sanitaire.<\/li>\n<li>La r\u00e9paration de votre sanitaire.<\/li>\n<li>Les travaux de plomberie, comme : l\u2019installation de lavabo, d&rsquo;\u00e9vier, de la tuyauterie et de robinet.<\/li>\n<li>Nous installons les chaudi\u00e8res et les chauffes-eau.<\/li>\n<li>Le d\u00e9bouchage et l\u2019assainissement de vos tuyaux.<\/li>\n<li>Nous r\u00e9novons totalement les salles d&rsquo;eau.<\/li>\n<li>Notre soci\u00e9t\u00e9 r\u00e9alise aussi la vidange de votre fosse septique.<\/li>\n<\/ul>\n<h2>Quel est le fonctionnement d&rsquo;Artisanlocal \u00e0 Chavornay ?<\/h2>\n<ol>\n<li>Suite \u00e0 votre prise de contact par email ou t\u00e9l\u00e9phone, un de nos artisans vous contacte pour analyser l&rsquo;ampleur de votre probl\u00e8me.<\/li>\n<li>Apr\u00e8s cela, vous recevrez une \u00e9valuation gratuite pour vos travaux. Avec notre entreprise, il n&rsquo;y a aucuns frais cach\u00e9s, sauf s&rsquo;il y a des travaux importants ou que vous avez besoin de changer des \u00e9l\u00e9ments de votre \u00e9quipement de plomberie.<\/li>\n<li>Apr\u00e8s votre accord pour le devis, nous d\u00e9ciderons ensemble du jour de l&rsquo;intervention \u00e0 votre logement.<\/li>\n<\/ol>\n<h2>Travaux de plomberie pour les particuliers \u00e0 Chavornay<\/h2>\n<p>Si votre plomberie est d\u00e9fectueuse, il y a un risque de contamination de l&rsquo;eau, ce qui peut mettre votre famille en danger, c\u2019est la raison pour laquelle l&rsquo;artisan qui se d\u00e9place chez vous effectue :<\/p>\n<ul>\n<li>La localisation et la r\u00e9paration de fuites dans vos tuyaux.<\/li>\n<li>Le d\u00e9bouchage et le nettoyage de vos canalisations.<\/li>\n<li>L\u2019entretien de votre chauffe-eau.<\/li>\n<li>L\u2019Inspection de vos tuyaux de canalisations.<\/li>\n<li>La r\u00e9novation de vos canalisations.<\/li>\n<li>La remise en \u00e9tat apr\u00e8s un d\u00e9g\u00e2t des eaux.<\/li>\n<\/ul>\n<h2>Artisanlocal aux services des entreprises \u00e0 Chavornay<\/h2>\n<p>\u00c0 Chavornay, il y a des commerces de d\u00e9tail, PME et restaurants. Les robinets qui coulent, les \u00e9vacuations bouch\u00e9es et les chauffe-eau qui fonctionnent mal sont autant de probl\u00e8mes qui peuvent entra\u00eener une perte de productivit\u00e9 ou encore ab\u00eemer vos installations. Notre soci\u00e9t\u00e9 propose des prestations de plomberie pour votre entreprise \u00e0 Chavornay, comme :<\/p>\n<ul>\n<li>Le d\u00e9gorgement de vos \u00e9viers et le changement de vos mitigeurs de cuisine.<\/li>\n<li>L&rsquo;inspection et la r\u00e9paration de vos tuyaux d&rsquo;\u00e9vacuations.<\/li>\n<li>Le service nettoyage de canalisations avec de l&rsquo;eau \u00e0 haute pression (hydrocurage).<\/li>\n<li>La pose de nouveaux dispositifs de plomberie.<\/li>\n<li>Le nettoyage, le remplacement ou la r\u00e9paration de bac \u00e0 graisse.<\/li>\n<li>La mise en place, la r\u00e9paration et l&rsquo;entretien de votre chauffe-eau ou syst\u00e8me de chauffage.<\/li>\n<li>La restauration de vos canalisations.<\/li>\n<li>Le service de d\u00e9pannage de vos appareils sanitaires.<\/li>\n<li>L\u2019inspection de vos tuyaux par cam\u00e9ra vid\u00e9o.<\/li>\n<\/ul>\n<h2>Service d&rsquo;entretien de vos canalisations \u00e0 Chavornay en urgence<\/h2>\n<p>Si vous \u00eates un Chavornaysan, notre entreprise op\u00e8re en urgence pour d\u00e9boucher vos canalisations ou pour r\u00e9soudre vos probl\u00e8mes de refoulement de vos WC, \u00e9viers ou douches, de plus, nos artisans interviennent rapidement sur vos :<\/p>\n<ul>\n<li>\u00c9viers.<\/li>\n<li>Toilettes.<\/li>\n<li>Toits (goutti\u00e8res).<\/li>\n<li>Syst\u00e8mes d&rsquo;\u00e9gouts.<\/li>\n<li>Canalisations. <\/li>\n<\/ul>\n<h2>Service de nettoyage d&rsquo;\u00e9gouts \u00e0 Chavornay<\/h2>\n<p>Les \u00e9gouts sont le r\u00e9seau principal de la plomberie. Il \u00e9vacue les eaux us\u00e9es des toilettes, des lavabos et des autres syst\u00e8mes sanitaires. Si votre \u00e9gout est bouch\u00e9 ou d\u00e9borde, cela peut endommager votre propri\u00e9t\u00e9, et compromettre votre s\u00e9curit\u00e9.<\/p>\n<p>Le nettoyage r\u00e9gulier de votre \u00e9gout permet de pr\u00e9venir les refoulements ou encore la formation de bouchons. Nos artisans plombiers \u00e0 Chavornay combinent les technologies de pointes et les techniques standards pour contr\u00f4ler, nettoyer et garantir le d\u00e9bit de l&rsquo;eau dans vos conduits.<\/p>\n<p>Artisanlocal peut aussi remplacer votre canalisation d&rsquo;\u00e9gout si elle est trop d\u00e9t\u00e9rior\u00e9e. Artisanlocal peut aussi nettoyer rapidement tout dommage caus\u00e9 par les eaux us\u00e9es dans votre propri\u00e9t\u00e9 ou soci\u00e9t\u00e9. Pour \u00e9viter la formation de moisissures, nous s\u00e9chons et d\u00e9shumidifions les zones \u00e0 risques.<\/p>\n<h2>R\u00e9parations et installations de chauffe-eau<\/h2>\n<p>Il n&rsquo;y a que de l&rsquo;eau froide dans votre domicile ? Il se peut que vous ayez des soucis avec votre cumulus. Notre entreprise r\u00e9pare votre chauffe-eau rapidement. Voici les indices qui montrent des probl\u00e8mes :<\/p>\n<ul>\n<li>La baisse du d\u00e9bit de l\u2019eau chaude : vous avez potentiellement une fuite dans votre cumulus, ou un syst\u00e8me chauffant qui ne marche pas ou l&rsquo;accumulation de s\u00e9diments au fond du r\u00e9servoir.<\/li>\n<li>Une flaque d&rsquo;eau pr\u00e8s de votre cumulus : la pr\u00e9sence d&rsquo;eau \u00e0 la base du chauffe-eau peut-\u00eatre le signe d&rsquo;un dysfonctionnement, ou possiblement d&rsquo;une fissure dans le r\u00e9servoir.<\/li>\n<li>Des bruits \u00e9tranges sortent du chauffe-eau : si vous entendez des sons anormaux, cela peut \u00eatre d\u00fb \u00e0 la grande quantit\u00e9 de s\u00e9diments, une fuite ou une panne de l&rsquo;\u00e9l\u00e9ment chauffant.<\/li>\n<li>La d\u00e9coloration de l&rsquo;eau : c&rsquo;est occasionner par l&rsquo;existence de substances nocives et de rouille dans votre chauffe-eau.<\/li>\n<li>Le cumulus est sans cesse en fonctionnement : si vous remarquez que votre cumulus est tout le temps en marche, cela peut \u00eatre d\u00fb \u00e0 un probl\u00e8me.<\/li>\n<\/ul>\n<p>En sollicitant nos artisans plombiers d\u00e8s les premiers signaux d&rsquo;alerte, il est possible d&rsquo;\u00e9viter des frais importants pour vos travaux de r\u00e9parations.<\/p>\n<h2>Prestation de nettoyage apr\u00e8s des dommages caus\u00e9s par l&rsquo;eau<\/h2>\n<p>Nos plombiers professionnels nettoient votre logement suite \u00e0 une inondation \u00e0 Chavornay, nos plombiers sont disponibles pour vous aider en cas de caves submerg\u00e9es, de fortes pluies, d&rsquo;\u00e9clatements de canalisations, de reflux d&rsquo;\u00e9gouts, et de d\u00e9bordements de w.c. Et de baignoires et d&rsquo;autres soucis de plomberie li\u00e9s \u00e0 un d\u00e9g\u00e2t des eaux.<\/p>\n<h2>R\u00e9ponses aux interrogations courantes<\/h2>\n<h3>Quel est le montant d\u2019un plombier \u00e0 Chavornay ?<\/h3>\n<p>Apr\u00e8s \u00e9tude de votre probl\u00e8me de plomberie, notre entreprise vous fournit un devis gratuit. Les montants suivants de nos services sont fournis \u00e0 titre indicatif \u00e0 Chavornay :<\/p>\n<table border=\"1\">\n<tbody>\n<tr>\n<th>Services<\/th>\n<th>Prix CHF<\/th>\n<\/tr>\n<tr>\n<td>Mise en place d\u2019un lavabo<\/td>\n<td>280.00<\/td>\n<\/tr>\n<tr>\n<td>Tarif horaire : mise en place sanitaire<\/td>\n<td>110.00 \u00e0 129.00<\/td>\n<\/tr>\n<tr>\n<td>Mise en place et raccordement, d\u2019un siphon \u00e0 un \u00e9vier<\/td>\n<td>70.00<\/td>\n<\/tr>\n<tr>\n<td>Assemblage mobilier de salle d&rsquo;eau<\/td>\n<td>95.00<\/td>\n<\/tr>\n<tr>\n<td>Installation et raccordement, d\u2019une douche \u00e0 la robinetterie<\/td>\n<td>86.00<\/td>\n<\/tr>\n<tr>\n<td>Mise en place d\u2019un r\u00e9servoir ind\u00e9pendant de toilette<\/td>\n<td>112.00<\/td>\n<\/tr>\n<tr>\n<td>Fixation d\u2019accessoires de salle d&rsquo;eau<\/td>\n<td>60.00<\/td>\n<\/tr>\n<tr>\n<td>Mise en place d\u2019un WC suspendu<\/td>\n<td>170.00<\/td>\n<\/tr>\n<tr>\n<td>D\u00e9placement du plombier aller-retour<\/td>\n<td>100.00<\/td>\n<\/tr>\n<\/tbody>\n<\/table>\n<h3>La soci\u00e9t\u00e9 Artisanlocal est-elle ouverte les samedis et dimanches ?<\/h3>\n<p>Notre prestation de plomberie est joignable 24h\/24, 7j\/7 et m\u00eame durant les jours f\u00e9ri\u00e9s.<\/p>\n<h3>Nos artisans plombiers op\u00e8rent \u00e0 Chavornay et dans les villes alentours ?<\/h3>\n<p>Nos plombiers interviennent \u00e0 Chavornay, \u00e9galement dans les villes \u00e0 proximit\u00e9, comme : La Praz, Arnex-sur-Orbe, Croy, Romainm\u00f4tier, Premier, Vaulion, Juriens, Bretonni\u00e8res, Vallorbe, Ballaigues, Orbe, Agiez, Bofflens, Montcherand, L'Abergement, Sergey, La Russille, Les Cl\u00e9es, Lignerolle, Valeyres-sous-Rances, Bavois, Corcelles-sur-Chavornay, Rances, Baulmes.<\/p>\n","protected":false},"excerpt":{"rendered":"<p>Si vous \u00eates un habitant de Chavornay, nos artisans plombiers se d\u00e9placent \u00e0 votre domicile. Pourquoi choisir Artisanlocal \u00e0 Chavornay ? Nos plombiers sont disponibles tous les jours de la semaine et les jours f\u00e9ri\u00e9s. Nos devis sont gratuits. Nos artisans plombiers utilisent les derni\u00e8res technologies et techniques. Nous sommes localis\u00e9s \u00e0 Chavornay ce qui [&hellip;]<\/p>\n","protected":false},"author":4,"featured_media":2758,"parent":0,"menu_order":0,"comment_status":"closed","ping_status":"closed","template":"","meta":{"footnotes":""},"profession":[123],"location":[86],"canton":[113],"class_list":["post-1011","page","type-page","status-publish","has-post-thumbnail","hentry","profession-sanitaire","location-chavornay","canton-vd"],"yoast_head":"<!-- This site is optimized with the Yoast SEO Premium plugin v25.7.1 (Yoast SEO v27.3) - https:\/\/yoast.com\/product\/yoast-seo-premium-wordpress\/ -->\n<title>Plombier \u00e0 Chavornay - Artisanlocal<\/title>\n<meta name=\"robots\" content=\"index, follow, max-snippet:-1, max-image-preview:large, max-video-preview:-1\" \/>\n<link rel=\"canonical\" href=\"https:\/\/www.artisanlocal.ch\/c\/plombier-a-chavornay\/\" \/>\n<meta property=\"og:locale\" content=\"fr_FR\" \/>\n<meta property=\"og:type\" content=\"article\" \/>\n<meta property=\"og:title\" content=\"Plombier \u00e0 Chavornay\" \/>\n<meta property=\"og:description\" content=\"Si vous \u00eates un habitant de Chavornay, nos artisans plombiers se d\u00e9placent \u00e0 votre domicile. Pourquoi choisir Artisanlocal \u00e0 Chavornay ? Nos plombiers sont disponibles tous les jours de la semaine et les jours f\u00e9ri\u00e9s. Nos devis sont gratuits. Nos artisans plombiers utilisent les derni\u00e8res technologies et techniques. Nous sommes localis\u00e9s \u00e0 Chavornay ce qui [&hellip;]\" \/>\n<meta property=\"og:url\" content=\"https:\/\/www.artisanlocal.ch\/c\/plombier-a-chavornay\/\" \/>\n<meta property=\"og:site_name\" content=\"Artisanlocal\" \/>\n<meta property=\"article:modified_time\" content=\"2025-08-26T17:27:26+00:00\" \/>\n<meta property=\"og:image\" content=\"https:\/\/www.artisanlocal.ch\/c\/wp-content\/uploads\/2024\/10\/plombier.jpg\" \/>\n\t<meta property=\"og:image:width\" content=\"1920\" \/>\n\t<meta property=\"og:image:height\" content=\"300\" \/>\n\t<meta property=\"og:image:type\" content=\"image\/jpeg\" \/>\n<meta name=\"twitter:card\" content=\"summary_large_image\" \/>\n<meta name=\"twitter:label1\" content=\"Dur\u00e9e de lecture estim\u00e9e\" \/>\n\t<meta name=\"twitter:data1\" content=\"6 minutes\" \/>\n<script type=\"application\/ld+json\" class=\"yoast-schema-graph\">{\"@context\":\"https:\\\/\\\/schema.org\",\"@graph\":[{\"@type\":\"WebPage\",\"@id\":\"https:\\\/\\\/www.artisanlocal.ch\\\/c\\\/plombier-a-chavornay\\\/\",\"url\":\"https:\\\/\\\/www.artisanlocal.ch\\\/c\\\/plombier-a-chavornay\\\/\",\"name\":\"Plombier \u00e0 Chavornay - Artisanlocal\",\"isPartOf\":{\"@id\":\"https:\\\/\\\/www.artisanlocal.ch\\\/c\\\/#website\"},\"primaryImageOfPage\":{\"@id\":\"https:\\\/\\\/www.artisanlocal.ch\\\/c\\\/plombier-a-chavornay\\\/#primaryimage\"},\"image\":{\"@id\":\"https:\\\/\\\/www.artisanlocal.ch\\\/c\\\/plombier-a-chavornay\\\/#primaryimage\"},\"thumbnailUrl\":\"https:\\\/\\\/www.artisanlocal.ch\\\/c\\\/wp-content\\\/uploads\\\/2024\\\/10\\\/plombier.jpg\",\"datePublished\":\"2024-05-18T19:36:31+00:00\",\"dateModified\":\"2025-08-26T17:27:26+00:00\",\"breadcrumb\":{\"@id\":\"https:\\\/\\\/www.artisanlocal.ch\\\/c\\\/plombier-a-chavornay\\\/#breadcrumb\"},\"inLanguage\":\"fr-FR\",\"potentialAction\":[{\"@type\":\"ReadAction\",\"target\":[\"https:\\\/\\\/www.artisanlocal.ch\\\/c\\\/plombier-a-chavornay\\\/\"]}]},{\"@type\":\"ImageObject\",\"inLanguage\":\"fr-FR\",\"@id\":\"https:\\\/\\\/www.artisanlocal.ch\\\/c\\\/plombier-a-chavornay\\\/#primaryimage\",\"url\":\"https:\\\/\\\/www.artisanlocal.ch\\\/c\\\/wp-content\\\/uploads\\\/2024\\\/10\\\/plombier.jpg\",\"contentUrl\":\"https:\\\/\\\/www.artisanlocal.ch\\\/c\\\/wp-content\\\/uploads\\\/2024\\\/10\\\/plombier.jpg\",\"width\":1920,\"height\":300},{\"@type\":\"BreadcrumbList\",\"@id\":\"https:\\\/\\\/www.artisanlocal.ch\\\/c\\\/plombier-a-chavornay\\\/#breadcrumb\",\"itemListElement\":[{\"@type\":\"ListItem\",\"position\":1,\"name\":\"Accueil\",\"item\":\"https:\\\/\\\/www.artisanlocal.ch\\\/c\\\/\"},{\"@type\":\"ListItem\",\"position\":2,\"name\":\"Plombier \u00e0 Chavornay\"}]},{\"@type\":\"WebSite\",\"@id\":\"https:\\\/\\\/www.artisanlocal.ch\\\/c\\\/#website\",\"url\":\"https:\\\/\\\/www.artisanlocal.ch\\\/c\\\/\",\"name\":\"Artisanlocal\",\"description\":\"\",\"publisher\":{\"@id\":\"https:\\\/\\\/www.artisanlocal.ch\\\/c\\\/#organization\"},\"potentialAction\":[{\"@type\":\"SearchAction\",\"target\":{\"@type\":\"EntryPoint\",\"urlTemplate\":\"https:\\\/\\\/www.artisanlocal.ch\\\/c\\\/?s={search_term_string}\"},\"query-input\":{\"@type\":\"PropertyValueSpecification\",\"valueRequired\":true,\"valueName\":\"search_term_string\"}}],\"inLanguage\":\"fr-FR\"},{\"@type\":\"Organization\",\"@id\":\"https:\\\/\\\/www.artisanlocal.ch\\\/c\\\/#organization\",\"name\":\"Artisanlocal\",\"url\":\"https:\\\/\\\/www.artisanlocal.ch\\\/c\\\/\",\"logo\":{\"@type\":\"ImageObject\",\"inLanguage\":\"fr-FR\",\"@id\":\"https:\\\/\\\/www.artisanlocal.ch\\\/c\\\/#\\\/schema\\\/logo\\\/image\\\/\",\"url\":\"https:\\\/\\\/www.artisanlocal.ch\\\/c\\\/wp-content\\\/uploads\\\/2024\\\/02\\\/logo-artisanlocal-h.svg\",\"contentUrl\":\"https:\\\/\\\/www.artisanlocal.ch\\\/c\\\/wp-content\\\/uploads\\\/2024\\\/02\\\/logo-artisanlocal-h.svg\",\"caption\":\"Artisanlocal\"},\"image\":{\"@id\":\"https:\\\/\\\/www.artisanlocal.ch\\\/c\\\/#\\\/schema\\\/logo\\\/image\\\/\"}}]}<\/script>\n<!-- \/ Yoast SEO Premium plugin. -->","yoast_head_json":{"title":"Plombier \u00e0 Chavornay - Artisanlocal","robots":{"index":"index","follow":"follow","max-snippet":"max-snippet:-1","max-image-preview":"max-image-preview:large","max-video-preview":"max-video-preview:-1"},"canonical":"https:\/\/www.artisanlocal.ch\/c\/plombier-a-chavornay\/","og_locale":"fr_FR","og_type":"article","og_title":"Plombier \u00e0 Chavornay","og_description":"Si vous \u00eates un habitant de Chavornay, nos artisans plombiers se d\u00e9placent \u00e0 votre domicile. Pourquoi choisir Artisanlocal \u00e0 Chavornay ? Nos plombiers sont disponibles tous les jours de la semaine et les jours f\u00e9ri\u00e9s. Nos devis sont gratuits. Nos artisans plombiers utilisent les derni\u00e8res technologies et techniques. Nous sommes localis\u00e9s \u00e0 Chavornay ce qui [&hellip;]","og_url":"https:\/\/www.artisanlocal.ch\/c\/plombier-a-chavornay\/","og_site_name":"Artisanlocal","article_modified_time":"2025-08-26T17:27:26+00:00","og_image":[{"width":1920,"height":300,"url":"https:\/\/www.artisanlocal.ch\/c\/wp-content\/uploads\/2024\/10\/plombier.jpg","type":"image\/jpeg"}],"twitter_card":"summary_large_image","twitter_misc":{"Dur\u00e9e de lecture estim\u00e9e":"6 minutes"},"schema":{"@context":"https:\/\/schema.org","@graph":[{"@type":"WebPage","@id":"https:\/\/www.artisanlocal.ch\/c\/plombier-a-chavornay\/","url":"https:\/\/www.artisanlocal.ch\/c\/plombier-a-chavornay\/","name":"Plombier \u00e0 Chavornay - Artisanlocal","isPartOf":{"@id":"https:\/\/www.artisanlocal.ch\/c\/#website"},"primaryImageOfPage":{"@id":"https:\/\/www.artisanlocal.ch\/c\/plombier-a-chavornay\/#primaryimage"},"image":{"@id":"https:\/\/www.artisanlocal.ch\/c\/plombier-a-chavornay\/#primaryimage"},"thumbnailUrl":"https:\/\/www.artisanlocal.ch\/c\/wp-content\/uploads\/2024\/10\/plombier.jpg","datePublished":"2024-05-18T19:36:31+00:00","dateModified":"2025-08-26T17:27:26+00:00","breadcrumb":{"@id":"https:\/\/www.artisanlocal.ch\/c\/plombier-a-chavornay\/#breadcrumb"},"inLanguage":"fr-FR","potentialAction":[{"@type":"ReadAction","target":["https:\/\/www.artisanlocal.ch\/c\/plombier-a-chavornay\/"]}]},{"@type":"ImageObject","inLanguage":"fr-FR","@id":"https:\/\/www.artisanlocal.ch\/c\/plombier-a-chavornay\/#primaryimage","url":"https:\/\/www.artisanlocal.ch\/c\/wp-content\/uploads\/2024\/10\/plombier.jpg","contentUrl":"https:\/\/www.artisanlocal.ch\/c\/wp-content\/uploads\/2024\/10\/plombier.jpg","width":1920,"height":300},{"@type":"BreadcrumbList","@id":"https:\/\/www.artisanlocal.ch\/c\/plombier-a-chavornay\/#breadcrumb","itemListElement":[{"@type":"ListItem","position":1,"name":"Accueil","item":"https:\/\/www.artisanlocal.ch\/c\/"},{"@type":"ListItem","position":2,"name":"Plombier \u00e0 Chavornay"}]},{"@type":"WebSite","@id":"https:\/\/www.artisanlocal.ch\/c\/#website","url":"https:\/\/www.artisanlocal.ch\/c\/","name":"Artisanlocal","description":"","publisher":{"@id":"https:\/\/www.artisanlocal.ch\/c\/#organization"},"potentialAction":[{"@type":"SearchAction","target":{"@type":"EntryPoint","urlTemplate":"https:\/\/www.artisanlocal.ch\/c\/?s={search_term_string}"},"query-input":{"@type":"PropertyValueSpecification","valueRequired":true,"valueName":"search_term_string"}}],"inLanguage":"fr-FR"},{"@type":"Organization","@id":"https:\/\/www.artisanlocal.ch\/c\/#organization","name":"Artisanlocal","url":"https:\/\/www.artisanlocal.ch\/c\/","logo":{"@type":"ImageObject","inLanguage":"fr-FR","@id":"https:\/\/www.artisanlocal.ch\/c\/#\/schema\/logo\/image\/","url":"https:\/\/www.artisanlocal.ch\/c\/wp-content\/uploads\/2024\/02\/logo-artisanlocal-h.svg","contentUrl":"https:\/\/www.artisanlocal.ch\/c\/wp-content\/uploads\/2024\/02\/logo-artisanlocal-h.svg","caption":"Artisanlocal"},"image":{"@id":"https:\/\/www.artisanlocal.ch\/c\/#\/schema\/logo\/image\/"}}]}},"_links":{"self":[{"href":"https:\/\/www.artisanlocal.ch\/c\/wp-json\/wp\/v2\/pages\/1011","targetHints":{"allow":["GET"]}}],"collection":[{"href":"https:\/\/www.artisanlocal.ch\/c\/wp-json\/wp\/v2\/pages"}],"about":[{"href":"https:\/\/www.artisanlocal.ch\/c\/wp-json\/wp\/v2\/types\/page"}],"author":[{"embeddable":true,"href":"https:\/\/www.artisanlocal.ch\/c\/wp-json\/wp\/v2\/users\/4"}],"replies":[{"embeddable":true,"href":"https:\/\/www.artisanlocal.ch\/c\/wp-json\/wp\/v2\/comments?post=1011"}],"version-history":[{"count":0,"href":"https:\/\/www.artisanlocal.ch\/c\/wp-json\/wp\/v2\/pages\/1011\/revisions"}],"wp:featuredmedia":[{"embeddable":true,"href":"https:\/\/www.artisanlocal.ch\/c\/wp-json\/wp\/v2\/media\/2758"}],"wp:attachment":[{"href":"https:\/\/www.artisanlocal.ch\/c\/wp-json\/wp\/v2\/media?parent=1011"}],"wp:term":[{"taxonomy":"profession","embeddable":true,"href":"https:\/\/www.artisanlocal.ch\/c\/wp-json\/wp\/v2\/profession?post=1011"},{"taxonomy":"location","embeddable":true,"href":"https:\/\/www.artisanlocal.ch\/c\/wp-json\/wp\/v2\/location?post=1011"},{"taxonomy":"canton","embeddable":true,"href":"https:\/\/www.artisanlocal.ch\/c\/wp-json\/wp\/v2\/canton?post=1011"}],"curies":[{"name":"wp","href":"https:\/\/api.w.org\/{rel}","templated":true}]}}