{"id":1012,"date":"2024-05-18T05:47:49","date_gmt":"2024-05-18T03:47:49","guid":{"rendered":"https:\/\/www.artisanlocal.ch\/c\/vos-experts-en-plomberie-a-savigny\/"},"modified":"2025-08-26T19:27:41","modified_gmt":"2025-08-26T17:27:41","slug":"vos-experts-en-plomberie-a-savigny","status":"publish","type":"page","link":"https:\/\/www.artisanlocal.ch\/c\/vos-experts-en-plomberie-a-savigny\/","title":{"rendered":"Vos experts en plomberie \u00e0 Savigny"},"content":{"rendered":"<p>Si vous \u00eates un Savignolan, Artisanlocal se d\u00e9place dans votre foyer rapidement.<\/p>\n\r\n<div class=\"box\">\r\n    <h2 class=\"text-dark\">Nous cherchons un <em class=\"text-primary\">Sanitaire<\/em> dans la r\u00e9gion de <em class=\"text-primary\">Savigny<\/em>  en exclusivit\u00e9, afin de proposer vos services \u00e0 nos clients propri\u00e9taires.<\/h2>\r\n    <p>Une opportunit\u00e9 unique pour booster votre activit\u00e9 \u00e0 <strong>Savigny<\/strong> et aux alentours dans votre domaine (Sanitaire).<\/p>\r\n    <p>Nous travaillons en exclusivit\u00e9 avec qu'une soci\u00e9t\u00e9 par m\u00e9tier et par r\u00e9gion. <br>Votre entreprise est pr\u00e9sente sur tous les documents immobiliers. Afin d'\u00eatre mieux vu sur le net, vous \u00eates \u00e9galement visible sur nos deux sites et sur les pages de r\u00e9f\u00e9rencement de votre r\u00e9gion.<\/p>\r\n    <a href=\"\/contact\" class=\"wp-block-button__link has-accent-background-color has-text-align-center wp-element-button\">R\u00e9server<\/a>\r\n<\/div>\n<h2>Pourquoi faire appel \u00e0 Artisanlocal \u00e0 Savigny ?<\/h2>\n<ul>\n<li>Nous sommes ouverts 24 heures sur 24, tous les jours de la semaine, y compris les jours f\u00e9ri\u00e9s.<\/li>\n<li>Nos devis sont sans frais.<\/li>\n<li>Nous utilisons les derni\u00e8res techniques de pointes.<\/li>\n<li>Notre entreprise est \u00e9tabli \u00e0 Savigny ce qui nous permet d&rsquo;intervenir en urgence \u00e0 votre logement.<\/li>\n<li>Nous avons des tarifs comp\u00e9titifs.<\/li>\n<li>Tous nos artisans plombiers sont qualifi\u00e9s et poss\u00e8dent les comp\u00e9tences n\u00e9cessaires.<\/li>\n<li>Avant toute r\u00e9paration, nous examinons votre plomberie.<\/li>\n<li>Nous g\u00e9rons tous types de travaux de plomberie.<\/li>\n<\/ul>\n<h2>Quels sont les services propos\u00e9s par Artisanlocal ?<\/h2>\n<ul>\n<li>Nous d\u00e9tectons les fuites et ensuite, nous r\u00e9novons vos canalisations.<\/li>\n<li>Le changement de votre installation sanitaire.<\/li>\n<li>La remise en \u00e9tat de votre sanitaire.<\/li>\n<li>Nous r\u00e9alisons tous vos services de plomberie tels que l&rsquo;installation des : robinets, \u00e9viers, lavabos et tuyauteries.<\/li>\n<li>Nous posons les chaudi\u00e8res et les chauffes-eau.<\/li>\n<li>Nous r\u00e9alisons l&rsquo;assainissement et le d\u00e9bouchage de vos canalisations.<\/li>\n<li>La restauration totale de votre salle d&rsquo;eau.<\/li>\n<li>La vidange de votre fosse septique.<\/li>\n<\/ul>\n<h2>Comment fonctionne Artisanlocal ?<\/h2>\n<ol>\n<li>Suite \u00e0 votre prise de contact par email ou t\u00e9l\u00e9phone, un de nos artisans plombiers vous contacte pour examiner l&rsquo;\u00e9tendue de votre probl\u00e8me.<\/li>\n<li>Apr\u00e8s cela, vous recevrez une estimation gratuite pour vos travaux de plomberie. Avec notre soci\u00e9t\u00e9, il n&rsquo;y a aucuns frais dissimul\u00e9s, sauf si vous ayez besoin de pi\u00e8ces de remplacement ou de travaux importants.<\/li>\n<li>Une fois que vous avez valid\u00e9 notre devis, notre artisan d\u00e9termine avec vous une date d\u2019intervention.<\/li>\n<\/ol>\n<h2>Travaux de plomberie pour les particuliers \u00e0 Savigny<\/h2>\n<p>En cas de souci avec votre plomberie, il y a une possibilit\u00e9 que votre eau soit pollu\u00e9e et vous pouvez mettre en danger votre famille, c\u2019est la raison pour laquelle le plombier qui se d\u00e9place \u00e0 votre domicile effectue :<\/p>\n<ul>\n<li>La d\u00e9tection et la remise en \u00e9tat de vos tuyaux.<\/li>\n<li>L&rsquo;entretien et le d\u00e9bouchage de vos canalisations.<\/li>\n<li>L\u2019entretien de votre chauffe-eau.<\/li>\n<li>L\u2019Inspection de vos canalisations.<\/li>\n<li>La restauration de vos canalisations.<\/li>\n<li>La remise en \u00e9tat apr\u00e8s un d\u00e9g\u00e2t des eaux.<\/li>\n<\/ul>\n<h2>Service de plombier pour les entreprises \u00e0 Savigny<\/h2>\n<p>\u00c0 Savigny, il y a des commerces de d\u00e9tail, PME et restaurants. Une petite fuite dans un robinet ou un joint d\u00e9fectueux, un refoulement dans une canalisation ou encore une panne de chauffe-eau sont des incidents courants qui peuvent diminuer l&rsquo;efficacit\u00e9 de vos salari\u00e9s. Notre soci\u00e9t\u00e9 offre des travaux de plomberie pour votre entreprise \u00e0 Savigny, comme :<\/p>\n<ul>\n<li>La suppression des blocages dans vos lavabos et la pose d&rsquo;une nouvelle robinetterie.<\/li>\n<li>La r\u00e9paration et la v\u00e9rification de vos tuyaux.<\/li>\n<li>L\u2019hydrocurage de vos tuyaux de canalisations.<\/li>\n<li>La pose de nouveaux dispositifs dans votre syst\u00e8me de plomberie.<\/li>\n<li>Le nettoyage, le remplacement ou la r\u00e9paration de bac d\u00e9graisseur.<\/li>\n<li>La mise en place, la remise en \u00e9tat et l&rsquo;entretien de votre chauffe-eau ou chauffage.<\/li>\n<li>La restauration de vos tuyaux de canalisations.<\/li>\n<li>Le d\u00e9pannage de vos appareils sanitaires.<\/li>\n<li>L\u2019inspection de vos tuyaux par cam\u00e9ra vid\u00e9o.<\/li>\n<\/ul>\n<h2>Entretien de canalisations en urgence \u00e0 Savigny<\/h2>\n<p>Nos artisans assainissent vos tuyaux de canalisations \u00e0 Savigny en urgence dans le but de vous \u00e9pargner des probl\u00e8mes d\u2019\u00e9vacuation de vos eaux us\u00e9es, des remont\u00e9es de mauvaises odeurs ou encore du d\u00e9bordement de vos baignoires, toilettes ou \u00e9viers, d&rsquo;autre part, nos artisans plombiers interviennent rapidement sur vos :<\/p>\n<ul>\n<li>\u00c9viers.<\/li>\n<li>WC.<\/li>\n<li>Toitures.<\/li>\n<li>\u00c9gouts.<\/li>\n<li>Canalisations. <\/li>\n<\/ul>\n<h2>Service de nettoyage d&rsquo;\u00e9gouts \u00e0 Savigny<\/h2>\n<p>Le syst\u00e8me d&rsquo;\u00e9gouts repr\u00e9sente le c\u0153ur de la plomberie. Il assure l&rsquo;\u00e9vacuation des eaux us\u00e9es des WC, des lavabos et des autres appareils sanitaires. Si votre \u00e9gout est plein ou que l&rsquo;eau remonte, cela peut provoquer des d\u00e9g\u00e2ts dans votre appartement, et mettre votre s\u00e9curit\u00e9 en jeu.<\/p>\n<p>Le nettoyage r\u00e9gulier de votre \u00e9gout permet de pr\u00e9venir les refoulements dans les canalisations et la formation de bouchons. Nos plombiers professionnels \u00e0 Savigny utilisent les derni\u00e8res techniques pour inspecter, \u00e9liminer et r\u00e9tablir le bon \u00e9coulement des eaux us\u00e9es dans vos tuyaux de canalisations.<\/p>\n<p>Artisanlocal change les conduits de votre syst\u00e8me d&rsquo;\u00e9gout en cas de dommages. Artisanlocal propose aussi le nettoyage de votre soci\u00e9t\u00e9 ou de votre logement \u00e0 la suite d&rsquo;un dommage caus\u00e9 par l&rsquo;eau. Pour \u00e9viter le d\u00e9veloppement de moisissures, nous d\u00e9shumidifions et s\u00e9chons les zones \u00e0 risques.<\/p>\n<h2>Installations et r\u00e9parations de cumulus<\/h2>\n<p>Tout ce que vous avez, c&rsquo;est de l\u2019eau froide dans vos conduits ? Votre chauffe-eau peut rencontrer des soucis. Artisanlocal r\u00e9pare votre cumulus en urgence. Voici les signes qui indiquent des soucis :<\/p>\n<ul>\n<li>Un d\u00e9bit r\u00e9duit d&rsquo;eau chaude : cela peut-\u00eatre caus\u00e9 par une fuite d&rsquo;eau dans votre cumulus, ou un syst\u00e8me chauffant en panne ou la pr\u00e9sence de s\u00e9diments dans votre r\u00e9servoir.<\/li>\n<li>De l&rsquo;eau autour de votre chauffe-eau : la pr\u00e9sence d&rsquo;eau au pied du cumulus est l&rsquo;indication d&rsquo;un probl\u00e8me grave, ou potentiellement d&rsquo;un trou dans le chauffe-eau.<\/li>\n<li>Vous percevez des bruits inhabituels qui proviennent du cumulus : si vous entendez des bruits \u00e9tranges, cela peut \u00eatre d\u00fb \u00e0 l&rsquo;accumulation de s\u00e9diments, d\u2019une fuite, ou d&rsquo;un dysfonctionnement de l&rsquo;\u00e9l\u00e9ment chauffant.<\/li>\n<li>L&rsquo;eau est d\u00e9color\u00e9e : cela peut \u00eatre provoqu\u00e9 par des contaminants et par la rouille pr\u00e9sents dans le chauffe-eau.<\/li>\n<li>Le cumulus fonctionne en continu : si vous remarquez que votre chauffe-eau marche tr\u00e8s fr\u00e9quemment, c&rsquo;est peut-\u00eatre que votre chauffe-eau \u00e0 un probl\u00e8me.<\/li>\n<\/ul>\n<p>En engageant Artisanlocal au premier signe d\u2019alerte, vous pouvez \u00e9viter des travaux de r\u00e9parations hors de prix.<\/p>\n<h2>Prestation de nettoyage apr\u00e8s des d\u00e9g\u00e2ts des eaux<\/h2>\n<p>Nos artisans plombiers nettoient votre domicile suite \u00e0 un d\u00e9g\u00e2t des eaux \u00e0 Savigny, Artisanlocal vous aide, en cas de caves submerg\u00e9es, de ruptures de canalisations, de d\u00e9bordements de toilettes et de baignoires, d&rsquo;importantes pr\u00e9cipitations, de refoulements d&rsquo;\u00e9gouts et d&rsquo;autres soucis de plomberie qui peuvent provoquer des dommages.<\/p>\n<h2>FAQ<\/h2>\n<h3>Quel est le montant d\u2019un plombier \u00e0 Savigny ?<\/h3>\n<p>Apr\u00e8s analyse de votre souci de plomberie, notre soci\u00e9t\u00e9 vous fournit une estimation gratuite. Les prix suivants de nos services sont donn\u00e9s \u00e0 titre indicatif \u00e0 Savigny :<\/p>\n<table border=\"1\">\n<tbody>\n<tr>\n<th>Prestations<\/th>\n<th>Prix CHF<\/th>\n<\/tr>\n<tr>\n<td>Installation d\u2019un lavabo<\/td>\n<td>280.00<\/td>\n<\/tr>\n<tr>\n<td>Taux horaire : pose sanitaire<\/td>\n<td>110.00 \u00e0 129.00<\/td>\n<\/tr>\n<tr>\n<td>Mise en place et raccord, d\u2019un siphon \u00e0 un \u00e9vier<\/td>\n<td>70.00<\/td>\n<\/tr>\n<tr>\n<td>Montage meuble de salle de bain<\/td>\n<td>95.00<\/td>\n<\/tr>\n<tr>\n<td>Mise en place et raccordement, d\u2019une douche \u00e0 la robinetterie<\/td>\n<td>86.00<\/td>\n<\/tr>\n<tr>\n<td>Pose d\u2019un r\u00e9servoir de WC<\/td>\n<td>112.00<\/td>\n<\/tr>\n<tr>\n<td>Pose d\u2019accessoires de salle de bain<\/td>\n<td>60.00<\/td>\n<\/tr>\n<tr>\n<td>Pose d\u2019un toilette suspendu<\/td>\n<td>170.00<\/td>\n<\/tr>\n<tr>\n<td>D\u00e9placement du plombier aller-retour<\/td>\n<td>100.00<\/td>\n<\/tr>\n<\/tbody>\n<\/table>\n<h3>La soci\u00e9t\u00e9 Artisanlocal est-elle ouverte les dimanches et samedis ?<\/h3>\n<p>Notre prestation de plomberie est joignable 24h\/24, 7j\/7 et m\u00eame durant les jours f\u00e9ri\u00e9s.<\/p>\n<h3>Nos artisans plombiers interviennent \u00e0 Savigny et dans les villes aux environs ?<\/h3>\n<p>Oui, les professionnels de notre soci\u00e9t\u00e9 op\u00e8rent \u00e0 Savigny, \u00e9galement dans les communes aux alentours, comme : Peney-le-Jorat, Forel (Lavaux), Mollie-Margot, Ferlens VD, Servion, Essertes, Les Cullayes, Montpreveyres, Corcelles-le-Jorat, M\u00e9zi\u00e8res VD, Carrouge VD, Vulliens, Ropraz, Les Tavernes, Les Thioleyres, Pal\u00e9zieux, Pal\u00e9zieux-Village, Oron-le-Ch\u00e2tel, Chapelle (Gl\u00e2ne), Bussigny-sur-Oron, Chesalles-sur-Oron, Ch\u00e2tillens, Oron-la-Ville, Vuibroye, Le Cr\u00eat-pr\u00e8s-Semsales, Ecoteaux, Maracon.<\/p>\n","protected":false},"excerpt":{"rendered":"<p>Si vous \u00eates un Savignolan, Artisanlocal se d\u00e9place dans votre foyer rapidement. Pourquoi faire appel \u00e0 Artisanlocal \u00e0 Savigny ? Nous sommes ouverts 24 heures sur 24, tous les jours de la semaine, y compris les jours f\u00e9ri\u00e9s. Nos devis sont sans frais. Nous utilisons les derni\u00e8res techniques de pointes. Notre entreprise est \u00e9tabli \u00e0 [&hellip;]<\/p>\n","protected":false},"author":4,"featured_media":2758,"parent":0,"menu_order":0,"comment_status":"closed","ping_status":"closed","template":"","meta":{"footnotes":""},"profession":[123],"location":[94],"canton":[113],"class_list":["post-1012","page","type-page","status-publish","has-post-thumbnail","hentry","profession-sanitaire","location-savigny","canton-vd"],"yoast_head":"<!-- This site is optimized with the Yoast SEO Premium plugin v25.7.1 (Yoast SEO v27.4) - https:\/\/yoast.com\/product\/yoast-seo-premium-wordpress\/ -->\n<title>Vos experts en plomberie \u00e0 Savigny - Artisanlocal<\/title>\n<meta name=\"robots\" content=\"index, follow, max-snippet:-1, max-image-preview:large, max-video-preview:-1\" \/>\n<link rel=\"canonical\" href=\"https:\/\/www.artisanlocal.ch\/c\/vos-experts-en-plomberie-a-savigny\/\" \/>\n<meta property=\"og:locale\" content=\"fr_FR\" \/>\n<meta property=\"og:type\" content=\"article\" \/>\n<meta property=\"og:title\" content=\"Vos experts en plomberie \u00e0 Savigny\" \/>\n<meta property=\"og:description\" content=\"Si vous \u00eates un Savignolan, Artisanlocal se d\u00e9place dans votre foyer rapidement. Pourquoi faire appel \u00e0 Artisanlocal \u00e0 Savigny ? Nous sommes ouverts 24 heures sur 24, tous les jours de la semaine, y compris les jours f\u00e9ri\u00e9s. Nos devis sont sans frais. Nous utilisons les derni\u00e8res techniques de pointes. Notre entreprise est \u00e9tabli \u00e0 [&hellip;]\" \/>\n<meta property=\"og:url\" content=\"https:\/\/www.artisanlocal.ch\/c\/vos-experts-en-plomberie-a-savigny\/\" \/>\n<meta property=\"og:site_name\" content=\"Artisanlocal\" \/>\n<meta property=\"article:modified_time\" content=\"2025-08-26T17:27:41+00:00\" \/>\n<meta property=\"og:image\" content=\"https:\/\/www.artisanlocal.ch\/c\/wp-content\/uploads\/2024\/10\/plombier.jpg\" \/>\n\t<meta property=\"og:image:width\" content=\"1920\" \/>\n\t<meta property=\"og:image:height\" content=\"300\" \/>\n\t<meta property=\"og:image:type\" content=\"image\/jpeg\" \/>\n<meta name=\"twitter:card\" content=\"summary_large_image\" \/>\n<meta name=\"twitter:label1\" content=\"Dur\u00e9e de lecture estim\u00e9e\" \/>\n\t<meta name=\"twitter:data1\" content=\"6 minutes\" \/>\n<script type=\"application\/ld+json\" class=\"yoast-schema-graph\">{\"@context\":\"https:\\\/\\\/schema.org\",\"@graph\":[{\"@type\":\"WebPage\",\"@id\":\"https:\\\/\\\/www.artisanlocal.ch\\\/c\\\/vos-experts-en-plomberie-a-savigny\\\/\",\"url\":\"https:\\\/\\\/www.artisanlocal.ch\\\/c\\\/vos-experts-en-plomberie-a-savigny\\\/\",\"name\":\"Vos experts en plomberie \u00e0 Savigny - Artisanlocal\",\"isPartOf\":{\"@id\":\"https:\\\/\\\/www.artisanlocal.ch\\\/c\\\/#website\"},\"primaryImageOfPage\":{\"@id\":\"https:\\\/\\\/www.artisanlocal.ch\\\/c\\\/vos-experts-en-plomberie-a-savigny\\\/#primaryimage\"},\"image\":{\"@id\":\"https:\\\/\\\/www.artisanlocal.ch\\\/c\\\/vos-experts-en-plomberie-a-savigny\\\/#primaryimage\"},\"thumbnailUrl\":\"https:\\\/\\\/www.artisanlocal.ch\\\/c\\\/wp-content\\\/uploads\\\/2024\\\/10\\\/plombier.jpg\",\"datePublished\":\"2024-05-18T03:47:49+00:00\",\"dateModified\":\"2025-08-26T17:27:41+00:00\",\"breadcrumb\":{\"@id\":\"https:\\\/\\\/www.artisanlocal.ch\\\/c\\\/vos-experts-en-plomberie-a-savigny\\\/#breadcrumb\"},\"inLanguage\":\"fr-FR\",\"potentialAction\":[{\"@type\":\"ReadAction\",\"target\":[\"https:\\\/\\\/www.artisanlocal.ch\\\/c\\\/vos-experts-en-plomberie-a-savigny\\\/\"]}]},{\"@type\":\"ImageObject\",\"inLanguage\":\"fr-FR\",\"@id\":\"https:\\\/\\\/www.artisanlocal.ch\\\/c\\\/vos-experts-en-plomberie-a-savigny\\\/#primaryimage\",\"url\":\"https:\\\/\\\/www.artisanlocal.ch\\\/c\\\/wp-content\\\/uploads\\\/2024\\\/10\\\/plombier.jpg\",\"contentUrl\":\"https:\\\/\\\/www.artisanlocal.ch\\\/c\\\/wp-content\\\/uploads\\\/2024\\\/10\\\/plombier.jpg\",\"width\":1920,\"height\":300},{\"@type\":\"BreadcrumbList\",\"@id\":\"https:\\\/\\\/www.artisanlocal.ch\\\/c\\\/vos-experts-en-plomberie-a-savigny\\\/#breadcrumb\",\"itemListElement\":[{\"@type\":\"ListItem\",\"position\":1,\"name\":\"Accueil\",\"item\":\"https:\\\/\\\/www.artisanlocal.ch\\\/c\\\/\"},{\"@type\":\"ListItem\",\"position\":2,\"name\":\"Vos experts en plomberie \u00e0 Savigny\"}]},{\"@type\":\"WebSite\",\"@id\":\"https:\\\/\\\/www.artisanlocal.ch\\\/c\\\/#website\",\"url\":\"https:\\\/\\\/www.artisanlocal.ch\\\/c\\\/\",\"name\":\"Artisanlocal\",\"description\":\"\",\"publisher\":{\"@id\":\"https:\\\/\\\/www.artisanlocal.ch\\\/c\\\/#organization\"},\"potentialAction\":[{\"@type\":\"SearchAction\",\"target\":{\"@type\":\"EntryPoint\",\"urlTemplate\":\"https:\\\/\\\/www.artisanlocal.ch\\\/c\\\/?s={search_term_string}\"},\"query-input\":{\"@type\":\"PropertyValueSpecification\",\"valueRequired\":true,\"valueName\":\"search_term_string\"}}],\"inLanguage\":\"fr-FR\"},{\"@type\":\"Organization\",\"@id\":\"https:\\\/\\\/www.artisanlocal.ch\\\/c\\\/#organization\",\"name\":\"Artisanlocal\",\"url\":\"https:\\\/\\\/www.artisanlocal.ch\\\/c\\\/\",\"logo\":{\"@type\":\"ImageObject\",\"inLanguage\":\"fr-FR\",\"@id\":\"https:\\\/\\\/www.artisanlocal.ch\\\/c\\\/#\\\/schema\\\/logo\\\/image\\\/\",\"url\":\"https:\\\/\\\/www.artisanlocal.ch\\\/c\\\/wp-content\\\/uploads\\\/2024\\\/02\\\/logo-artisanlocal-h.svg\",\"contentUrl\":\"https:\\\/\\\/www.artisanlocal.ch\\\/c\\\/wp-content\\\/uploads\\\/2024\\\/02\\\/logo-artisanlocal-h.svg\",\"caption\":\"Artisanlocal\"},\"image\":{\"@id\":\"https:\\\/\\\/www.artisanlocal.ch\\\/c\\\/#\\\/schema\\\/logo\\\/image\\\/\"}}]}<\/script>\n<!-- \/ Yoast SEO Premium plugin. -->","yoast_head_json":{"title":"Vos experts en plomberie \u00e0 Savigny - Artisanlocal","robots":{"index":"index","follow":"follow","max-snippet":"max-snippet:-1","max-image-preview":"max-image-preview:large","max-video-preview":"max-video-preview:-1"},"canonical":"https:\/\/www.artisanlocal.ch\/c\/vos-experts-en-plomberie-a-savigny\/","og_locale":"fr_FR","og_type":"article","og_title":"Vos experts en plomberie \u00e0 Savigny","og_description":"Si vous \u00eates un Savignolan, Artisanlocal se d\u00e9place dans votre foyer rapidement. Pourquoi faire appel \u00e0 Artisanlocal \u00e0 Savigny ? Nous sommes ouverts 24 heures sur 24, tous les jours de la semaine, y compris les jours f\u00e9ri\u00e9s. Nos devis sont sans frais. Nous utilisons les derni\u00e8res techniques de pointes. Notre entreprise est \u00e9tabli \u00e0 [&hellip;]","og_url":"https:\/\/www.artisanlocal.ch\/c\/vos-experts-en-plomberie-a-savigny\/","og_site_name":"Artisanlocal","article_modified_time":"2025-08-26T17:27:41+00:00","og_image":[{"width":1920,"height":300,"url":"https:\/\/www.artisanlocal.ch\/c\/wp-content\/uploads\/2024\/10\/plombier.jpg","type":"image\/jpeg"}],"twitter_card":"summary_large_image","twitter_misc":{"Dur\u00e9e de lecture estim\u00e9e":"6 minutes"},"schema":{"@context":"https:\/\/schema.org","@graph":[{"@type":"WebPage","@id":"https:\/\/www.artisanlocal.ch\/c\/vos-experts-en-plomberie-a-savigny\/","url":"https:\/\/www.artisanlocal.ch\/c\/vos-experts-en-plomberie-a-savigny\/","name":"Vos experts en plomberie \u00e0 Savigny - Artisanlocal","isPartOf":{"@id":"https:\/\/www.artisanlocal.ch\/c\/#website"},"primaryImageOfPage":{"@id":"https:\/\/www.artisanlocal.ch\/c\/vos-experts-en-plomberie-a-savigny\/#primaryimage"},"image":{"@id":"https:\/\/www.artisanlocal.ch\/c\/vos-experts-en-plomberie-a-savigny\/#primaryimage"},"thumbnailUrl":"https:\/\/www.artisanlocal.ch\/c\/wp-content\/uploads\/2024\/10\/plombier.jpg","datePublished":"2024-05-18T03:47:49+00:00","dateModified":"2025-08-26T17:27:41+00:00","breadcrumb":{"@id":"https:\/\/www.artisanlocal.ch\/c\/vos-experts-en-plomberie-a-savigny\/#breadcrumb"},"inLanguage":"fr-FR","potentialAction":[{"@type":"ReadAction","target":["https:\/\/www.artisanlocal.ch\/c\/vos-experts-en-plomberie-a-savigny\/"]}]},{"@type":"ImageObject","inLanguage":"fr-FR","@id":"https:\/\/www.artisanlocal.ch\/c\/vos-experts-en-plomberie-a-savigny\/#primaryimage","url":"https:\/\/www.artisanlocal.ch\/c\/wp-content\/uploads\/2024\/10\/plombier.jpg","contentUrl":"https:\/\/www.artisanlocal.ch\/c\/wp-content\/uploads\/2024\/10\/plombier.jpg","width":1920,"height":300},{"@type":"BreadcrumbList","@id":"https:\/\/www.artisanlocal.ch\/c\/vos-experts-en-plomberie-a-savigny\/#breadcrumb","itemListElement":[{"@type":"ListItem","position":1,"name":"Accueil","item":"https:\/\/www.artisanlocal.ch\/c\/"},{"@type":"ListItem","position":2,"name":"Vos experts en plomberie \u00e0 Savigny"}]},{"@type":"WebSite","@id":"https:\/\/www.artisanlocal.ch\/c\/#website","url":"https:\/\/www.artisanlocal.ch\/c\/","name":"Artisanlocal","description":"","publisher":{"@id":"https:\/\/www.artisanlocal.ch\/c\/#organization"},"potentialAction":[{"@type":"SearchAction","target":{"@type":"EntryPoint","urlTemplate":"https:\/\/www.artisanlocal.ch\/c\/?s={search_term_string}"},"query-input":{"@type":"PropertyValueSpecification","valueRequired":true,"valueName":"search_term_string"}}],"inLanguage":"fr-FR"},{"@type":"Organization","@id":"https:\/\/www.artisanlocal.ch\/c\/#organization","name":"Artisanlocal","url":"https:\/\/www.artisanlocal.ch\/c\/","logo":{"@type":"ImageObject","inLanguage":"fr-FR","@id":"https:\/\/www.artisanlocal.ch\/c\/#\/schema\/logo\/image\/","url":"https:\/\/www.artisanlocal.ch\/c\/wp-content\/uploads\/2024\/02\/logo-artisanlocal-h.svg","contentUrl":"https:\/\/www.artisanlocal.ch\/c\/wp-content\/uploads\/2024\/02\/logo-artisanlocal-h.svg","caption":"Artisanlocal"},"image":{"@id":"https:\/\/www.artisanlocal.ch\/c\/#\/schema\/logo\/image\/"}}]}},"_links":{"self":[{"href":"https:\/\/www.artisanlocal.ch\/c\/wp-json\/wp\/v2\/pages\/1012","targetHints":{"allow":["GET"]}}],"collection":[{"href":"https:\/\/www.artisanlocal.ch\/c\/wp-json\/wp\/v2\/pages"}],"about":[{"href":"https:\/\/www.artisanlocal.ch\/c\/wp-json\/wp\/v2\/types\/page"}],"author":[{"embeddable":true,"href":"https:\/\/www.artisanlocal.ch\/c\/wp-json\/wp\/v2\/users\/4"}],"replies":[{"embeddable":true,"href":"https:\/\/www.artisanlocal.ch\/c\/wp-json\/wp\/v2\/comments?post=1012"}],"version-history":[{"count":0,"href":"https:\/\/www.artisanlocal.ch\/c\/wp-json\/wp\/v2\/pages\/1012\/revisions"}],"wp:featuredmedia":[{"embeddable":true,"href":"https:\/\/www.artisanlocal.ch\/c\/wp-json\/wp\/v2\/media\/2758"}],"wp:attachment":[{"href":"https:\/\/www.artisanlocal.ch\/c\/wp-json\/wp\/v2\/media?parent=1012"}],"wp:term":[{"taxonomy":"profession","embeddable":true,"href":"https:\/\/www.artisanlocal.ch\/c\/wp-json\/wp\/v2\/profession?post=1012"},{"taxonomy":"location","embeddable":true,"href":"https:\/\/www.artisanlocal.ch\/c\/wp-json\/wp\/v2\/location?post=1012"},{"taxonomy":"canton","embeddable":true,"href":"https:\/\/www.artisanlocal.ch\/c\/wp-json\/wp\/v2\/canton?post=1012"}],"curies":[{"name":"wp","href":"https:\/\/api.w.org\/{rel}","templated":true}]}}