{"id":1014,"date":"2024-05-19T08:43:41","date_gmt":"2024-05-19T06:43:41","guid":{"rendered":"https:\/\/www.artisanlocal.ch\/c\/vos-experts-en-plomberie-a-chexbres\/"},"modified":"2025-08-26T19:27:13","modified_gmt":"2025-08-26T17:27:13","slug":"vos-experts-en-plomberie-a-chexbres","status":"publish","type":"page","link":"https:\/\/www.artisanlocal.ch\/c\/vos-experts-en-plomberie-a-chexbres\/","title":{"rendered":"Vos experts en plomberie \u00e0 Chexbres"},"content":{"rendered":"<p>Si vous \u00eates un Chexbrien, en cas d&rsquo;urgence, nos artisans plombiers se d\u00e9placent \u00e0 votre logement.<\/p>\n\r\n<div class=\"box\">\r\n            <div class=\"company-info\">\r\n            <img decoding=\"async\" class=\"company-info__logo\" src=\"https:\/\/www.artisanlocal.ch\/media\/cache\/thumb\/images\/companies\/66b4d2c278fc5222103775.png\" alt=\"Logo\">\r\n            <h2 class=\"company-info__name\">Muller S\u00e0rl Chauffage-Sanitaire<\/h2>\r\n            <p class=\"company-info__business\">Installations sanitaires - Chauffages - Pompe \u00e0 chaleur - D\u00e9pannages - Entretien - R\u00e9novation  - Conseils<\/p>\r\n        <\/div>\r\n        <div class=\"company-contact\">\r\n            <p class=\"company-info__address\">Chemin des \u00e9coliers 1<\/p>\r\n                            <div class=\"links\">\r\n                                            <a class=\"btn has-accent-background-color js-phoneNumber\" href=\"tel:0794542628\" title=\"Appelez\" data-id=\"25207\" data-type=\"11\">079 454 26 28<\/a>\r\n                                                                <a class=\"btn has-accent-background-color\" href=\"https:\/\/www.mullersarl.ch\/\" target=\"_blank\" title=\"Voir le site internet\" data-id=\"25207\" data-type=\"20\">Site internet<\/a>\r\n                                    <\/div>\r\n                    <\/div>\r\n    \r\n            \r\n<form action=\"https:\/\/www.artisanlocal.ch\/c\/wp-admin\/admin-ajax.php\" method=\"post\" class=\"form-contact\" id=\"artisan_form_contact_company_inline\">\r\n    <div><input type=\"hidden\" name=\"action\" value=\"company_contact\"><\/div>\r\n    <div><input type=\"hidden\" name=\"nonce\" value=\"866548ef48\"><\/div>\r\n    <div><input type=\"hidden\" name=\"company_id\" value=\"25207\"><\/div>\r\n    <div><input type=\"hidden\" name=\"form_id\" value=\"artisan_form_contact_company_inline\"><\/div>\r\n    <div class=\"gglcptch gglcptch_v3 gglcptch_custom\"><input type=\"hidden\" id=\"g-recaptcha-response\" name=\"g-recaptcha-response\" \/><br \/><div class=\"gglcptch_error_text\">La p\u00e9riode de v\u00e9rification reCAPTCHA a expir\u00e9. Veuillez recharger la page.<\/div><\/div>    <div class=\"form-content\">\r\n        <div class=\"form-group\">\r\n            <label for=\"contact_firstName\" class=\"required\">Pr\u00e9nom<\/label>\r\n            <input type=\"text\" name=\"firstName\" class=\"form-control\" required>\r\n        <\/div>\r\n        <div class=\"form-group\">\r\n            <label for=\"contact_lastName\" class=\"required\">Nom<\/label>\r\n            <input type=\"text\" name=\"lastName\" class=\"form-control\" required>\r\n        <\/div>\r\n        <div class=\"form-group\">\r\n            <label for=\"contact_email\" class=\"required\">Email<\/label>\r\n            <input type=\"email\" name=\"email\" class=\"form-control\" required>\r\n        <\/div>\r\n        <div class=\"form-group\">\r\n            <label for=\"contact_phone\" class=\"required\">Num\u00e9ro de t\u00e9l\u00e9phone<\/label>\r\n            <input type=\"tel\" name=\"phone\" class=\"form-control\" placeholder=\"0787117165\" pattern=\"^[0-9]{10}$\" required>\r\n        <\/div>\r\n        <div class=\"form-group\">\r\n            <label for=\"contact_postalCode\" class=\"required\">Code postal et localit\u00e9<\/label>\r\n            <input type=\"text\" name=\"postalCode\" class=\"form-control\" required>\r\n        <\/div>\r\n        <div class=\"form-group\">\r\n            <label for=\"contact_address\" class=\"required\">Adresse<\/label>\r\n            <input type=\"text\" name=\"address\" class=\"form-control\" required>\r\n        <\/div>\r\n        <div class=\"full-width topic\">\r\n            <p class=\"required\">Je souhaite \u00eatre contact\u00e9 pour :<\/p>\r\n            <div class=\"form-check\">\r\n                <input type=\"radio\" name=\"topic\" value=\"D\u00e9pannage\" class=\"form-control\" required>\r\n                <label for=\"d\u00e9pannage\">D\u00e9pannage<\/label>\r\n            <\/div>\r\n            <div class=\"form-check\">\r\n                <input type=\"radio\" name=\"topic\" value=\"Entretien\" class=\"form-control\" required>\r\n                <label for=\"entretien\">Entretien<\/label>\r\n            <\/div>\r\n            <div class=\"form-check\">\r\n                <input type=\"radio\" name=\"topic\" value=\"R\u00e9novation\" class=\"form-control\" required>\r\n                <label for=\"r\u00e9novation\">R\u00e9novation<\/label>\r\n            <\/div>\r\n            <div class=\"form-check\">\r\n                <input type=\"radio\" name=\"topic\" value=\"Autre\" class=\"form-control\" required>\r\n                <label for=\"autre\">Autre<\/label>\r\n            <\/div>\r\n        <\/div>\r\n        <div class=\"form-group full-width\">\r\n            <label for=\"contact_message\">Message<\/label>\r\n            <textarea name=\"message\" rows=\"3\" class=\"form-control\"><\/textarea>\r\n        <\/div>\r\n    <\/div>\r\n    <div class=\"form-actions\">\r\n        <button class=\"wp-block-button__link has-accent-background-color\">Contacter<\/button>\r\n    <\/div>\r\n<\/form>\r\n<div class=\"form-feedback\"><\/div>    <\/div>\n<h2>Quels sont les avantages de choisir Artisanlocal \u00e0 Chexbres ?<\/h2>\n<ul>\n<li>Nos plombiers se d\u00e9placent tous les jours.<\/li>\n<li>Nos devis sont sans frais.<\/li>\n<li>Nos artisans emploient les derni\u00e8res technologies et techniques.<\/li>\n<li>Notre entreprise est implant\u00e9e \u00e0 Chexbres permettant \u00e0 nos artisans d&rsquo;intervenir rapidement dans votre foyer.<\/li>\n<li>Nos prix sont comp\u00e9titifs.<\/li>\n<li>Nos plombiers sont exp\u00e9riment\u00e9s et assur\u00e9s.<\/li>\n<li>Nous inspectons votre r\u00e9seau de plomberie avant les r\u00e9parations.<\/li>\n<li>Nous r\u00e9novons tous les types de plomberie.<\/li>\n<\/ul>\n<h2>Les prestations que nous proposons \u00e0 Chexbres<\/h2>\n<ul>\n<li>Nous sommes sp\u00e9cialis\u00e9s dans la d\u00e9tection des fuites et la remise en \u00e9tat de vos conduits.<\/li>\n<li>Nos artisans plombiers changent vos installations sanitaires.<\/li>\n<li>Nos artisans plombiers r\u00e9novent tous vos sanitaires.<\/li>\n<li>Nous r\u00e9alisons tous vos travaux de plomberie tels que l&rsquo;installation des : robinets, \u00e9viers, lavabos et tuyauteries.<\/li>\n<li>La pose de ballons d&rsquo;eau chaude ou de chaudi\u00e8res.<\/li>\n<li>Le d\u00e9bouchage et l&rsquo;assainissement de vos tuyaux.<\/li>\n<li>La restauration int\u00e9grale de votre salle de bain.<\/li>\n<li>Nous pouvons aussi r\u00e9aliser aussi la vidange de votre fosse septique.<\/li>\n<\/ul>\n<h2>Quel est le fonctionnement d&rsquo;Artisanlocal \u00e0 Chexbres ?<\/h2>\n<ol>\n<li>Suite \u00e0 votre demande d&rsquo;informations par email ou t\u00e9l\u00e9phone, un de nos artisans plombiers vous contacte pour examiner l&rsquo;\u00e9tendue de votre probl\u00e8me de plomberie.<\/li>\n<li>Apr\u00e8s cela, vous obtiendrez de notre part une estimation gratuite pour vos travaux de plomberie. Vous ne d\u00e9penserez aucuns frais additionnels, sauf s&rsquo;il y a de gros travaux ou qu&rsquo;il est n\u00e9cessaire de remplacer des \u00e9l\u00e9ments de votre syst\u00e8me de plomberie.<\/li>\n<li>Apr\u00e8s votre accord pour l&rsquo;estimation, nous conviendrons ensemble d&rsquo;une date d&rsquo;intervention \u00e0 votre domicile.<\/li>\n<\/ol>\n<h2>Services de plomberie pour les particuliers \u00e0 Chexbres<\/h2>\n<p>Si votre syst\u00e8me de plomberie est d\u00e9fectueux, il y a une possibilit\u00e9 que votre eau soit pollu\u00e9e et vous pouvez mettre en danger vos proches, c\u2019est la raison pour laquelle le plombier qui se d\u00e9place \u00e0 votre logement effectue :<\/p>\n<ul>\n<li>La d\u00e9tection et la remise en \u00e9tat de vos tuyaux.<\/li>\n<li>Le d\u00e9bouchage et le nettoyage de vos canalisations.<\/li>\n<li>L\u2019entretien de votre chauffe-eau.<\/li>\n<li>L\u2019Inspection de vos canalisations.<\/li>\n<li>La restauration de vos tuyaux de canalisations.<\/li>\n<li>La remise en \u00e9tat apr\u00e8s un d\u00e9g\u00e2t des eaux.<\/li>\n<\/ul>\n<h2>Service de plombier pour les entreprises \u00e0 Chexbres<\/h2>\n<p>\u00c0 Chexbres, il y a des entreprises, restaurants et commerces de d\u00e9tail. Les robinets qui fuient, les \u00e9vacuations qui refoulent et les chauffe-eau qui marchent mal sont autant de probl\u00e8mes qui peuvent entra\u00eener une baisse de productivit\u00e9 de vos employ\u00e9s ou encore d\u00e9t\u00e9riorer vos locaux. Notre soci\u00e9t\u00e9 offre des prestations de plomberie pour votre soci\u00e9t\u00e9 \u00e0 Chexbres, comme :<\/p>\n<ul>\n<li>Le d\u00e9bouchage de vos lavabos et le remplacement de vos mitigeurs de cuisine.<\/li>\n<li>L&rsquo;inspection par vid\u00e9o et la r\u00e9paration de vos tuyaux d&rsquo;\u00e9vacuations.<\/li>\n<li>Le service nettoyage de canalisations avec un jet d&rsquo;eau \u00e0 haute pression.<\/li>\n<li>La mise en place de nouveaux \u00e9quipements de plomberie.<\/li>\n<li>La vidange, le nettoyage, le changement ou la remise en \u00e9tat de bac \u00e0 graisse.<\/li>\n<li>L\u2019installation, l\u2019entretien et la r\u00e9paration de votre chauffe-eau ou chauffage.<\/li>\n<li>La r\u00e9novation de votre tuyauterie.<\/li>\n<li>Le d\u00e9pannage de vos \u00e9quipements sanitaires.<\/li>\n<li>L&rsquo;inspection de vos tuyaux par cam\u00e9ra.<\/li>\n<\/ul>\n<h2>Entretien de canalisations en urgence \u00e0 Chexbres<\/h2>\n<p>Si vous \u00eates un Chexbrien, Artisanlocal op\u00e8re en urgence pour le d\u00e9bouchage vos tuyaux de canalisations ou pour r\u00e9gler vos soucis d&rsquo;\u00e9coulement de vos \u00e9viers, douches ou WC, d&rsquo;autre part, nos artisans plombiers interviennent d\u00e8s que possible sur vos :<\/p>\n<ul>\n<li>Lavabos.<\/li>\n<li>WC.<\/li>\n<li>Toitures.<\/li>\n<li>\u00c9gouts.<\/li>\n<li>Canalisations. <\/li>\n<\/ul>\n<h2>Service de nettoyage d&rsquo;\u00e9gouts \u00e0 Chexbres<\/h2>\n<p>Les \u00e9gouts constituent le r\u00e9seau principal de la plomberie. Il assure l&rsquo;\u00e9vacuation des eaux us\u00e9es des \u00e9viers, des w.c. Et des autres \u00e9quipements sanitaires. Lorsque l\u2019\u00e9gout est plein ou \u00e0 des fuites, cela peut occasionner des dommages dans votre domicile, et compromettre votre s\u00e9curit\u00e9.<\/p>\n<p>Le nettoyage fr\u00e9quent de votre \u00e9gout permet de pr\u00e9venir la formation de bouchons et les remont\u00e9es dans les canalisations. Nos plombiers \u00e0 Chexbres utilisent les derni\u00e8res technologies pour \u00e9liminer, inspecter et restaurer l&rsquo;\u00e9coulement des eaux us\u00e9es dans vos canalisations.<\/p>\n<p>Notre entreprise peut aussi changer votre conduite d&rsquo;\u00e9gout si elle est trop d\u00e9t\u00e9rior\u00e9e. Artisanlocal peut aussi nettoyer en urgence tout dommage provoqu\u00e9 par les eaux us\u00e9es dans votre r\u00e9sidence ou soci\u00e9t\u00e9. Pour \u00e9viter la formation de moisissures, nous d\u00e9shumidifions et s\u00e9chons les zones de votre domicile \u00e0 risques.<\/p>\n<h2>Services de d\u00e9pannage et d&rsquo;installation de chauffe-eau \u00e0 Chexbres<\/h2>\n<p>Il n&rsquo;y a que de l&rsquo;eau froide dans votre logement ? Il est probable que vous ayez des probl\u00e8mes avec votre cumulus. Artisanlocal effectue la r\u00e9paration de votre chauffe-eau en urgence. Voici les signaux qui montrent des soucis :<\/p>\n<ul>\n<li>La baisse de la pression de l\u2019eau chaude : \u00e7a peut-\u00eatre caus\u00e9 par une fuite de votre cumulus, ou un \u00e9l\u00e9ment chauffant qui ne marche pas ou la pr\u00e9sence de s\u00e9diments au fond du r\u00e9servoir.<\/li>\n<li>Une flaque d&rsquo;eau \u00e0 proximit\u00e9 de votre r\u00e9servoir : la pr\u00e9sence d&rsquo;eau \u00e0 la base du cumulus peut signaler une panne, ou potentiellement d&rsquo;un trou dans le r\u00e9servoir.<\/li>\n<li>Vous entendez des bruits inhabituels qui viennent du chauffe-eau : si vous entendez des sons anormaux, cela peut \u00eatre d\u00fb \u00e0 la grande quantit\u00e9 de s\u00e9diments, un dysfonctionnement de l&rsquo;\u00e9l\u00e9ment chauffant ou d\u2019une fuite d&rsquo;eau.<\/li>\n<li>La d\u00e9coloration de l&rsquo;eau : c&rsquo;est occasionner par l&rsquo;existence de rouille ou d&rsquo;autres substances nocives dans votre chauffe-eau.<\/li>\n<li>Le cumulus reste en marche : si vous constatez que votre cumulus fonctionne continuellement, cela peut \u00eatre d\u00fb \u00e0 un probl\u00e8me.<\/li>\n<\/ul>\n<p>En contactant nos artisans plombiers d\u00e8s les premiers signaux d&rsquo;alerte, vous pouvez \u00e9viter des travaux de r\u00e9parations co\u00fbteuses.<\/p>\n<h2>Assistance de nettoyage apr\u00e8s des d\u00e9g\u00e2ts des eaux<\/h2>\n<p>Nos plombiers peuvent nettoyer votre domicile apr\u00e8s un d\u00e9g\u00e2t des eaux \u00e0 Chexbres, Artisanlocal vous assiste, en cas de caves inond\u00e9es, de fortes pluies, de ruptures de tuyaux, de reflux d&rsquo;\u00e9gouts, et de d\u00e9bordements de toilettes et de douches et d&rsquo;autres probl\u00e8mes de canalisation li\u00e9s \u00e0 un d\u00e9g\u00e2t des eaux.<\/p>\n<h2>FAQ<\/h2>\n<h3>Quel prix pour faire intervenir un plombier \u00e0 Chexbres ?<\/h3>\n<p>Apr\u00e8s \u00e9tude de votre souci de plomberie, Artisanlocal vous fournit un devis gratuit. Les montants de nos services sont donn\u00e9s \u00e0 titre indicatif \u00e0 Chexbres :<\/p>\n<table border=\"1\">\n<tbody>\n<tr>\n<th>Services<\/th>\n<th>Prix CHF<\/th>\n<\/tr>\n<tr>\n<td>Mise en place d\u2019un lavabo<\/td>\n<td>280.00<\/td>\n<\/tr>\n<tr>\n<td>Tarif horaire : pose sanitaire<\/td>\n<td>110.00 \u00e0 129.00<\/td>\n<\/tr>\n<tr>\n<td>Mise en place et raccordement, d\u2019un siphon \u00e0 un \u00e9vier<\/td>\n<td>70.00<\/td>\n<\/tr>\n<tr>\n<td>Assemblage meuble de salle d&rsquo;eau<\/td>\n<td>95.00<\/td>\n<\/tr>\n<tr>\n<td>Installation et raccordement, d\u2019une douche \u00e0 la robinetterie<\/td>\n<td>86.00<\/td>\n<\/tr>\n<tr>\n<td>Pose d\u2019un r\u00e9servoir de WC<\/td>\n<td>112.00<\/td>\n<\/tr>\n<tr>\n<td>Pose d\u2019accessoires de salle de bain<\/td>\n<td>60.00<\/td>\n<\/tr>\n<tr>\n<td>Pose d\u2019un WC suspendu<\/td>\n<td>170.00<\/td>\n<\/tr>\n<tr>\n<td>D\u00e9placement aller-retour<\/td>\n<td>100.00<\/td>\n<\/tr>\n<\/tbody>\n<\/table>\n<h3>Votre entreprise de plomberie \u00e0 Chexbres est ouverte le dimanche et le samedi ?<\/h3>\n<p>Artisanlocal offre un service de plomberie en urgence en continu, 24\/7 et m\u00eame pendant les jours f\u00e9ri\u00e9s.<\/p>\n<h3>Les plombiers r\u00e9alisent des interventions \u00e0 Chexbres et dans les localit\u00e9s voisines ?<\/h3>\n<p>Nos artisans plombiers interviennent \u00e0 Chexbres, \u00e9galement dans les communes \u00e0 proximit\u00e9, comme : Puidoux, Rivaz, St-Saphorin (Lavaux), Aran, Chenaux, Grandvaux, Cully, Villette (Lavaux), Riex, Epesses, Vevey, Le Mont-P\u00e8lerin, Corseaux, Chardonne, Corsier-sur-Vevey, Jongny, St-L\u00e9gier-La Chi\u00e9saz, Blonay, Les Monts-de-Corsier, Fenil-sur-Corsier, La Tour-de-Peilz, Clarens, Chailly-Montreux, Brent, Montreux, Territet, Veytaux, Chernex, Glion, Caux, Chamby, Villard-sur-Chamby, Les Avants.<\/p>\n","protected":false},"excerpt":{"rendered":"<p>Si vous \u00eates un Chexbrien, en cas d&rsquo;urgence, nos artisans plombiers se d\u00e9placent \u00e0 votre logement. Quels sont les avantages de choisir Artisanlocal \u00e0 Chexbres ? Nos plombiers se d\u00e9placent tous les jours. Nos devis sont sans frais. Nos artisans emploient les derni\u00e8res technologies et techniques. Notre entreprise est implant\u00e9e \u00e0 Chexbres permettant \u00e0 nos [&hellip;]<\/p>\n","protected":false},"author":4,"featured_media":2758,"parent":0,"menu_order":0,"comment_status":"closed","ping_status":"closed","template":"","meta":{"footnotes":""},"profession":[123],"location":[38],"canton":[113],"class_list":["post-1014","page","type-page","status-publish","has-post-thumbnail","hentry","profession-sanitaire","location-chexbres","canton-vd"],"yoast_head":"<!-- This site is optimized with the Yoast SEO Premium plugin v25.7.1 (Yoast SEO v27.4) - https:\/\/yoast.com\/product\/yoast-seo-premium-wordpress\/ -->\n<title>Vos experts en plomberie \u00e0 Chexbres - Artisanlocal<\/title>\n<meta name=\"robots\" content=\"index, follow, max-snippet:-1, max-image-preview:large, max-video-preview:-1\" \/>\n<link rel=\"canonical\" href=\"https:\/\/www.artisanlocal.ch\/c\/vos-experts-en-plomberie-a-chexbres\/\" \/>\n<meta property=\"og:locale\" content=\"fr_FR\" \/>\n<meta property=\"og:type\" content=\"article\" \/>\n<meta property=\"og:title\" content=\"Vos experts en plomberie \u00e0 Chexbres\" \/>\n<meta property=\"og:description\" content=\"Si vous \u00eates un Chexbrien, en cas d&rsquo;urgence, nos artisans plombiers se d\u00e9placent \u00e0 votre logement. Quels sont les avantages de choisir Artisanlocal \u00e0 Chexbres ? Nos plombiers se d\u00e9placent tous les jours. Nos devis sont sans frais. Nos artisans emploient les derni\u00e8res technologies et techniques. Notre entreprise est implant\u00e9e \u00e0 Chexbres permettant \u00e0 nos [&hellip;]\" \/>\n<meta property=\"og:url\" content=\"https:\/\/www.artisanlocal.ch\/c\/vos-experts-en-plomberie-a-chexbres\/\" \/>\n<meta property=\"og:site_name\" content=\"Artisanlocal\" \/>\n<meta property=\"article:modified_time\" content=\"2025-08-26T17:27:13+00:00\" \/>\n<meta property=\"og:image\" content=\"https:\/\/www.artisanlocal.ch\/c\/wp-content\/uploads\/2024\/10\/plombier.jpg\" \/>\n\t<meta property=\"og:image:width\" content=\"1920\" \/>\n\t<meta property=\"og:image:height\" content=\"300\" \/>\n\t<meta property=\"og:image:type\" content=\"image\/jpeg\" \/>\n<meta name=\"twitter:card\" content=\"summary_large_image\" \/>\n<meta name=\"twitter:label1\" content=\"Dur\u00e9e de lecture estim\u00e9e\" \/>\n\t<meta name=\"twitter:data1\" content=\"6 minutes\" \/>\n<script type=\"application\/ld+json\" class=\"yoast-schema-graph\">{\"@context\":\"https:\\\/\\\/schema.org\",\"@graph\":[{\"@type\":\"WebPage\",\"@id\":\"https:\\\/\\\/www.artisanlocal.ch\\\/c\\\/vos-experts-en-plomberie-a-chexbres\\\/\",\"url\":\"https:\\\/\\\/www.artisanlocal.ch\\\/c\\\/vos-experts-en-plomberie-a-chexbres\\\/\",\"name\":\"Vos experts en plomberie \u00e0 Chexbres - Artisanlocal\",\"isPartOf\":{\"@id\":\"https:\\\/\\\/www.artisanlocal.ch\\\/c\\\/#website\"},\"primaryImageOfPage\":{\"@id\":\"https:\\\/\\\/www.artisanlocal.ch\\\/c\\\/vos-experts-en-plomberie-a-chexbres\\\/#primaryimage\"},\"image\":{\"@id\":\"https:\\\/\\\/www.artisanlocal.ch\\\/c\\\/vos-experts-en-plomberie-a-chexbres\\\/#primaryimage\"},\"thumbnailUrl\":\"https:\\\/\\\/www.artisanlocal.ch\\\/c\\\/wp-content\\\/uploads\\\/2024\\\/10\\\/plombier.jpg\",\"datePublished\":\"2024-05-19T06:43:41+00:00\",\"dateModified\":\"2025-08-26T17:27:13+00:00\",\"breadcrumb\":{\"@id\":\"https:\\\/\\\/www.artisanlocal.ch\\\/c\\\/vos-experts-en-plomberie-a-chexbres\\\/#breadcrumb\"},\"inLanguage\":\"fr-FR\",\"potentialAction\":[{\"@type\":\"ReadAction\",\"target\":[\"https:\\\/\\\/www.artisanlocal.ch\\\/c\\\/vos-experts-en-plomberie-a-chexbres\\\/\"]}]},{\"@type\":\"ImageObject\",\"inLanguage\":\"fr-FR\",\"@id\":\"https:\\\/\\\/www.artisanlocal.ch\\\/c\\\/vos-experts-en-plomberie-a-chexbres\\\/#primaryimage\",\"url\":\"https:\\\/\\\/www.artisanlocal.ch\\\/c\\\/wp-content\\\/uploads\\\/2024\\\/10\\\/plombier.jpg\",\"contentUrl\":\"https:\\\/\\\/www.artisanlocal.ch\\\/c\\\/wp-content\\\/uploads\\\/2024\\\/10\\\/plombier.jpg\",\"width\":1920,\"height\":300},{\"@type\":\"BreadcrumbList\",\"@id\":\"https:\\\/\\\/www.artisanlocal.ch\\\/c\\\/vos-experts-en-plomberie-a-chexbres\\\/#breadcrumb\",\"itemListElement\":[{\"@type\":\"ListItem\",\"position\":1,\"name\":\"Accueil\",\"item\":\"https:\\\/\\\/www.artisanlocal.ch\\\/c\\\/\"},{\"@type\":\"ListItem\",\"position\":2,\"name\":\"Vos experts en plomberie \u00e0 Chexbres\"}]},{\"@type\":\"WebSite\",\"@id\":\"https:\\\/\\\/www.artisanlocal.ch\\\/c\\\/#website\",\"url\":\"https:\\\/\\\/www.artisanlocal.ch\\\/c\\\/\",\"name\":\"Artisanlocal\",\"description\":\"\",\"publisher\":{\"@id\":\"https:\\\/\\\/www.artisanlocal.ch\\\/c\\\/#organization\"},\"potentialAction\":[{\"@type\":\"SearchAction\",\"target\":{\"@type\":\"EntryPoint\",\"urlTemplate\":\"https:\\\/\\\/www.artisanlocal.ch\\\/c\\\/?s={search_term_string}\"},\"query-input\":{\"@type\":\"PropertyValueSpecification\",\"valueRequired\":true,\"valueName\":\"search_term_string\"}}],\"inLanguage\":\"fr-FR\"},{\"@type\":\"Organization\",\"@id\":\"https:\\\/\\\/www.artisanlocal.ch\\\/c\\\/#organization\",\"name\":\"Artisanlocal\",\"url\":\"https:\\\/\\\/www.artisanlocal.ch\\\/c\\\/\",\"logo\":{\"@type\":\"ImageObject\",\"inLanguage\":\"fr-FR\",\"@id\":\"https:\\\/\\\/www.artisanlocal.ch\\\/c\\\/#\\\/schema\\\/logo\\\/image\\\/\",\"url\":\"https:\\\/\\\/www.artisanlocal.ch\\\/c\\\/wp-content\\\/uploads\\\/2024\\\/02\\\/logo-artisanlocal-h.svg\",\"contentUrl\":\"https:\\\/\\\/www.artisanlocal.ch\\\/c\\\/wp-content\\\/uploads\\\/2024\\\/02\\\/logo-artisanlocal-h.svg\",\"caption\":\"Artisanlocal\"},\"image\":{\"@id\":\"https:\\\/\\\/www.artisanlocal.ch\\\/c\\\/#\\\/schema\\\/logo\\\/image\\\/\"}}]}<\/script>\n<!-- \/ Yoast SEO Premium plugin. -->","yoast_head_json":{"title":"Vos experts en plomberie \u00e0 Chexbres - Artisanlocal","robots":{"index":"index","follow":"follow","max-snippet":"max-snippet:-1","max-image-preview":"max-image-preview:large","max-video-preview":"max-video-preview:-1"},"canonical":"https:\/\/www.artisanlocal.ch\/c\/vos-experts-en-plomberie-a-chexbres\/","og_locale":"fr_FR","og_type":"article","og_title":"Vos experts en plomberie \u00e0 Chexbres","og_description":"Si vous \u00eates un Chexbrien, en cas d&rsquo;urgence, nos artisans plombiers se d\u00e9placent \u00e0 votre logement. Quels sont les avantages de choisir Artisanlocal \u00e0 Chexbres ? Nos plombiers se d\u00e9placent tous les jours. Nos devis sont sans frais. Nos artisans emploient les derni\u00e8res technologies et techniques. Notre entreprise est implant\u00e9e \u00e0 Chexbres permettant \u00e0 nos [&hellip;]","og_url":"https:\/\/www.artisanlocal.ch\/c\/vos-experts-en-plomberie-a-chexbres\/","og_site_name":"Artisanlocal","article_modified_time":"2025-08-26T17:27:13+00:00","og_image":[{"width":1920,"height":300,"url":"https:\/\/www.artisanlocal.ch\/c\/wp-content\/uploads\/2024\/10\/plombier.jpg","type":"image\/jpeg"}],"twitter_card":"summary_large_image","twitter_misc":{"Dur\u00e9e de lecture estim\u00e9e":"6 minutes"},"schema":{"@context":"https:\/\/schema.org","@graph":[{"@type":"WebPage","@id":"https:\/\/www.artisanlocal.ch\/c\/vos-experts-en-plomberie-a-chexbres\/","url":"https:\/\/www.artisanlocal.ch\/c\/vos-experts-en-plomberie-a-chexbres\/","name":"Vos experts en plomberie \u00e0 Chexbres - Artisanlocal","isPartOf":{"@id":"https:\/\/www.artisanlocal.ch\/c\/#website"},"primaryImageOfPage":{"@id":"https:\/\/www.artisanlocal.ch\/c\/vos-experts-en-plomberie-a-chexbres\/#primaryimage"},"image":{"@id":"https:\/\/www.artisanlocal.ch\/c\/vos-experts-en-plomberie-a-chexbres\/#primaryimage"},"thumbnailUrl":"https:\/\/www.artisanlocal.ch\/c\/wp-content\/uploads\/2024\/10\/plombier.jpg","datePublished":"2024-05-19T06:43:41+00:00","dateModified":"2025-08-26T17:27:13+00:00","breadcrumb":{"@id":"https:\/\/www.artisanlocal.ch\/c\/vos-experts-en-plomberie-a-chexbres\/#breadcrumb"},"inLanguage":"fr-FR","potentialAction":[{"@type":"ReadAction","target":["https:\/\/www.artisanlocal.ch\/c\/vos-experts-en-plomberie-a-chexbres\/"]}]},{"@type":"ImageObject","inLanguage":"fr-FR","@id":"https:\/\/www.artisanlocal.ch\/c\/vos-experts-en-plomberie-a-chexbres\/#primaryimage","url":"https:\/\/www.artisanlocal.ch\/c\/wp-content\/uploads\/2024\/10\/plombier.jpg","contentUrl":"https:\/\/www.artisanlocal.ch\/c\/wp-content\/uploads\/2024\/10\/plombier.jpg","width":1920,"height":300},{"@type":"BreadcrumbList","@id":"https:\/\/www.artisanlocal.ch\/c\/vos-experts-en-plomberie-a-chexbres\/#breadcrumb","itemListElement":[{"@type":"ListItem","position":1,"name":"Accueil","item":"https:\/\/www.artisanlocal.ch\/c\/"},{"@type":"ListItem","position":2,"name":"Vos experts en plomberie \u00e0 Chexbres"}]},{"@type":"WebSite","@id":"https:\/\/www.artisanlocal.ch\/c\/#website","url":"https:\/\/www.artisanlocal.ch\/c\/","name":"Artisanlocal","description":"","publisher":{"@id":"https:\/\/www.artisanlocal.ch\/c\/#organization"},"potentialAction":[{"@type":"SearchAction","target":{"@type":"EntryPoint","urlTemplate":"https:\/\/www.artisanlocal.ch\/c\/?s={search_term_string}"},"query-input":{"@type":"PropertyValueSpecification","valueRequired":true,"valueName":"search_term_string"}}],"inLanguage":"fr-FR"},{"@type":"Organization","@id":"https:\/\/www.artisanlocal.ch\/c\/#organization","name":"Artisanlocal","url":"https:\/\/www.artisanlocal.ch\/c\/","logo":{"@type":"ImageObject","inLanguage":"fr-FR","@id":"https:\/\/www.artisanlocal.ch\/c\/#\/schema\/logo\/image\/","url":"https:\/\/www.artisanlocal.ch\/c\/wp-content\/uploads\/2024\/02\/logo-artisanlocal-h.svg","contentUrl":"https:\/\/www.artisanlocal.ch\/c\/wp-content\/uploads\/2024\/02\/logo-artisanlocal-h.svg","caption":"Artisanlocal"},"image":{"@id":"https:\/\/www.artisanlocal.ch\/c\/#\/schema\/logo\/image\/"}}]}},"_links":{"self":[{"href":"https:\/\/www.artisanlocal.ch\/c\/wp-json\/wp\/v2\/pages\/1014","targetHints":{"allow":["GET"]}}],"collection":[{"href":"https:\/\/www.artisanlocal.ch\/c\/wp-json\/wp\/v2\/pages"}],"about":[{"href":"https:\/\/www.artisanlocal.ch\/c\/wp-json\/wp\/v2\/types\/page"}],"author":[{"embeddable":true,"href":"https:\/\/www.artisanlocal.ch\/c\/wp-json\/wp\/v2\/users\/4"}],"replies":[{"embeddable":true,"href":"https:\/\/www.artisanlocal.ch\/c\/wp-json\/wp\/v2\/comments?post=1014"}],"version-history":[{"count":0,"href":"https:\/\/www.artisanlocal.ch\/c\/wp-json\/wp\/v2\/pages\/1014\/revisions"}],"wp:featuredmedia":[{"embeddable":true,"href":"https:\/\/www.artisanlocal.ch\/c\/wp-json\/wp\/v2\/media\/2758"}],"wp:attachment":[{"href":"https:\/\/www.artisanlocal.ch\/c\/wp-json\/wp\/v2\/media?parent=1014"}],"wp:term":[{"taxonomy":"profession","embeddable":true,"href":"https:\/\/www.artisanlocal.ch\/c\/wp-json\/wp\/v2\/profession?post=1014"},{"taxonomy":"location","embeddable":true,"href":"https:\/\/www.artisanlocal.ch\/c\/wp-json\/wp\/v2\/location?post=1014"},{"taxonomy":"canton","embeddable":true,"href":"https:\/\/www.artisanlocal.ch\/c\/wp-json\/wp\/v2\/canton?post=1014"}],"curies":[{"name":"wp","href":"https:\/\/api.w.org\/{rel}","templated":true}]}}