{"id":1015,"date":"2024-05-18T07:11:33","date_gmt":"2024-05-18T05:11:33","guid":{"rendered":"https:\/\/www.artisanlocal.ch\/c\/artisan-plombier-a-saxon\/"},"modified":"2025-08-26T19:27:38","modified_gmt":"2025-08-26T17:27:38","slug":"artisan-plombier-a-saxon","status":"publish","type":"page","link":"https:\/\/www.artisanlocal.ch\/c\/artisan-plombier-a-saxon\/","title":{"rendered":"Artisan plombier \u00e0 Saxon"},"content":{"rendered":"<p>Si vous \u00eates domicili\u00e9 \u00e0 Saxon, en cas d&rsquo;urgence, nos plombiers professionnels se d\u00e9placent \u00e0 votre domicile.<\/p>\n\r\n<div class=\"box\">\r\n            <div class=\"company-info\">\r\n            <img decoding=\"async\" class=\"company-info__logo\" src=\"https:\/\/www.artisanlocal.ch\/media\/cache\/thumb\/images\/companies\/6994410e41add050636702.png\" alt=\"Logo\">\r\n            <h2 class=\"company-info__name\">ARBERIA S\u00e0rl - D\u00e9pannage Sanitaire Chauffage<\/h2>\r\n            <p class=\"company-info__business\">Sanitaire - Chauffage - D\u00e9pannage - R\u00e9novation<\/p>\r\n        <\/div>\r\n        <div class=\"company-contact\">\r\n            <p class=\"company-info__address\">Ruelle du Mont-Chemin 5<\/p>\r\n                            <div class=\"links\">\r\n                                            <a class=\"btn has-accent-background-color js-phoneNumber\" href=\"tel:0787753600\" title=\"Appelez\" data-id=\"26347\" data-type=\"11\">078 775 36 00<\/a>\r\n                                                                <a class=\"btn has-accent-background-color\" href=\"https:\/\/www.arberia.ch\/\" target=\"_blank\" title=\"Voir le site internet\" data-id=\"26347\" data-type=\"20\">Site internet<\/a>\r\n                                    <\/div>\r\n                    <\/div>\r\n    \r\n            \r\n<form action=\"https:\/\/www.artisanlocal.ch\/c\/wp-admin\/admin-ajax.php\" method=\"post\" class=\"form-contact\" id=\"artisan_form_contact_company_inline\">\r\n    <div><input type=\"hidden\" name=\"action\" value=\"company_contact\"><\/div>\r\n    <div><input type=\"hidden\" name=\"nonce\" value=\"f071462bb9\"><\/div>\r\n    <div><input type=\"hidden\" name=\"company_id\" value=\"26347\"><\/div>\r\n    <div><input type=\"hidden\" name=\"form_id\" value=\"artisan_form_contact_company_inline\"><\/div>\r\n    <div class=\"gglcptch gglcptch_v3 gglcptch_custom\"><input type=\"hidden\" id=\"g-recaptcha-response\" name=\"g-recaptcha-response\" \/><br \/><div class=\"gglcptch_error_text\">La p\u00e9riode de v\u00e9rification reCAPTCHA a expir\u00e9. Veuillez recharger la page.<\/div><\/div>    <div class=\"form-content\">\r\n        <div class=\"form-group\">\r\n            <label for=\"contact_firstName\" class=\"required\">Pr\u00e9nom<\/label>\r\n            <input type=\"text\" name=\"firstName\" class=\"form-control\" required>\r\n        <\/div>\r\n        <div class=\"form-group\">\r\n            <label for=\"contact_lastName\" class=\"required\">Nom<\/label>\r\n            <input type=\"text\" name=\"lastName\" class=\"form-control\" required>\r\n        <\/div>\r\n        <div class=\"form-group\">\r\n            <label for=\"contact_email\" class=\"required\">Email<\/label>\r\n            <input type=\"email\" name=\"email\" class=\"form-control\" required>\r\n        <\/div>\r\n        <div class=\"form-group\">\r\n            <label for=\"contact_phone\" class=\"required\">Num\u00e9ro de t\u00e9l\u00e9phone<\/label>\r\n            <input type=\"tel\" name=\"phone\" class=\"form-control\" placeholder=\"0787117165\" pattern=\"^[0-9]{10}$\" required>\r\n        <\/div>\r\n        <div class=\"form-group\">\r\n            <label for=\"contact_postalCode\" class=\"required\">Code postal et localit\u00e9<\/label>\r\n            <input type=\"text\" name=\"postalCode\" class=\"form-control\" required>\r\n        <\/div>\r\n        <div class=\"form-group\">\r\n            <label for=\"contact_address\" class=\"required\">Adresse<\/label>\r\n            <input type=\"text\" name=\"address\" class=\"form-control\" required>\r\n        <\/div>\r\n        <div class=\"full-width topic\">\r\n            <p class=\"required\">Je souhaite \u00eatre contact\u00e9 pour :<\/p>\r\n            <div class=\"form-check\">\r\n                <input type=\"radio\" name=\"topic\" value=\"D\u00e9pannage\" class=\"form-control\" required>\r\n                <label for=\"d\u00e9pannage\">D\u00e9pannage<\/label>\r\n            <\/div>\r\n            <div class=\"form-check\">\r\n                <input type=\"radio\" name=\"topic\" value=\"Entretien\" class=\"form-control\" required>\r\n                <label for=\"entretien\">Entretien<\/label>\r\n            <\/div>\r\n            <div class=\"form-check\">\r\n                <input type=\"radio\" name=\"topic\" value=\"R\u00e9novation\" class=\"form-control\" required>\r\n                <label for=\"r\u00e9novation\">R\u00e9novation<\/label>\r\n            <\/div>\r\n            <div class=\"form-check\">\r\n                <input type=\"radio\" name=\"topic\" value=\"Autre\" class=\"form-control\" required>\r\n                <label for=\"autre\">Autre<\/label>\r\n            <\/div>\r\n        <\/div>\r\n        <div class=\"form-group full-width\">\r\n            <label for=\"contact_message\">Message<\/label>\r\n            <textarea name=\"message\" rows=\"3\" class=\"form-control\"><\/textarea>\r\n        <\/div>\r\n    <\/div>\r\n    <div class=\"form-actions\">\r\n        <button class=\"wp-block-button__link has-accent-background-color\">Contacter<\/button>\r\n    <\/div>\r\n<\/form>\r\n<div class=\"form-feedback\"><\/div>    <\/div>\n<h2>Pourquoi choisir Artisanlocal \u00e0 Saxon ?<\/h2>\n<ul>\n<li>Nos artisans plombiers sont disponibles tous les jours et les jours f\u00e9ri\u00e9s.<\/li>\n<li>Nos devis sont sans frais.<\/li>\n<li>Nous employons les derni\u00e8res m\u00e9thodes.<\/li>\n<li>Notre soci\u00e9t\u00e9 est localis\u00e9e \u00e0 Saxon nous permettant d&rsquo;intervenir rapidement dans votre foyer.<\/li>\n<li>Nous avons des tarifs comp\u00e9titifs.<\/li>\n<li>Nos plombiers sont exp\u00e9riment\u00e9s et assur\u00e9s.<\/li>\n<li>Nous examinons votre plomberie avant les r\u00e9parations.<\/li>\n<li>Nous g\u00e9rons tous les travaux de plomberie possibles.<\/li>\n<\/ul>\n<h2>Quels sont les services propos\u00e9s par Artisanlocal ?<\/h2>\n<ul>\n<li>Nous sommes sp\u00e9cialis\u00e9s dans la d\u00e9tection des fuites et la r\u00e9paration de vos conduits.<\/li>\n<li>Le remplacement de votre installation sanitaire.<\/li>\n<li>La restauration de votre sanitaire.<\/li>\n<li>Les travaux de plomberie, comme : l&rsquo;installation de robinet, \u00e9vier, lavabo et de la tuyauterie.<\/li>\n<li>Nous posons les chaudi\u00e8res et les chauffes-eau.<\/li>\n<li>Nous effectuons le d\u00e9bouchage et l&rsquo;assainissement de vos canalisations.<\/li>\n<li>La restauration int\u00e9grale de votre salle de bain.<\/li>\n<li>Notre entreprise r\u00e9alise aussi la vidange de votre fosse septique.<\/li>\n<\/ul>\n<h2>Quel est le fonctionnement d&rsquo;Artisanlocal \u00e0 Saxon ?<\/h2>\n<ol>\n<li>Une fois que vous nous avez contact\u00e9s par email ou par t\u00e9l\u00e9phone, nous rentrons en contact avec vous pour estimer votre probl\u00e8me.<\/li>\n<li>Ensuite, nous vous donnons un devis d\u00e9taill\u00e9 et gratuit. Vous ne r\u00e8glerez aucuns frais additionnels, sauf s&rsquo;il y a des travaux importants ou que vous avez besoin de remplacer des pi\u00e8ces de votre plomberie.<\/li>\n<li>Apr\u00e8s votre accord pour l&rsquo;estimation, nous d\u00e9ciderons ensemble du jour de l&rsquo;intervention \u00e0 votre foyer.<\/li>\n<\/ol>\n<h2>Entreprise de plomberie pour les particuliers \u00e0 Saxon<\/h2>\n<p>En cas de souci avec votre installation sanitaire, votre eau peut-\u00eatre contamin\u00e9e et vous pouvez mettre en danger votre famille, c&rsquo;est pour cela que le plombier qui intervient chez vous r\u00e9alise :<\/p>\n<ul>\n<li>La localisation et la remise en \u00e9tat de vos tuyaux.<\/li>\n<li>Le d\u00e9bouchage et l&rsquo;entretien de vos canalisations.<\/li>\n<li>La maintenance de votre chauffe-eau.<\/li>\n<li>Le contr\u00f4le de vos canalisations.<\/li>\n<li>La r\u00e9paration de vos tuyaux de canalisations.<\/li>\n<li>La remise en \u00e9tat apr\u00e8s un d\u00e9g\u00e2t des eaux.<\/li>\n<\/ul>\n<h2>Artisanlocal aux services des entreprises \u00e0 Saxon<\/h2>\n<p>\u00c0 Saxon, il y a des entreprises, commerces de d\u00e9tail et restaurants. Une petite fuite dans un robinet, un refoulement dans un tuyau de canalisation ou encore un probl\u00e8me de chauffe-eau sont des incidents r\u00e9pandus qui peuvent r\u00e9duire la productivit\u00e9 de vos collaborateurs. Artisanlocal offre des travaux de plomberie pour votre soci\u00e9t\u00e9 \u00e0 Saxon, comme :<\/p>\n<ul>\n<li>La suppression des blocages dans les \u00e9viers et l&rsquo;installation de nouveaux robinets.<\/li>\n<li>L&rsquo;inspection par vid\u00e9o et la r\u00e9paration de vos tuyaux d&rsquo;\u00e9vacuations.<\/li>\n<li>L\u2019hydrocurage de vos tuyaux de canalisations.<\/li>\n<li>L\u2019installation de nouveaux dispositifs dans votre installation de plomberie.<\/li>\n<li>L\u2019entretien et la remise en \u00e9tat de votre bac \u00e0 graisse.<\/li>\n<li>L\u2019installation, l\u2019entretien et la r\u00e9paration de votre chauffage ou chauffe-eau.<\/li>\n<li>La restauration de vos tuyaux de canalisations.<\/li>\n<li>Le d\u00e9pannage de vos appareils sanitaires.<\/li>\n<li>La v\u00e9rification de vos canalisations par cam\u00e9ra.<\/li>\n<\/ul>\n<h2>Service de nettoyage de vos canalisations \u00e0 Saxon en urgence<\/h2>\n<p>Nos artisans assainissent vos tuyaux de canalisations \u00e0 Saxon en urgence dans le but de vous \u00e9pargner des difficult\u00e9s d\u2019\u00e9vacuation de vos eaux us\u00e9es, des remont\u00e9es de mauvaises odeurs ou encore du d\u00e9bordement de vos baignoires, toilettes ou \u00e9viers, d&rsquo;autre part, nos artisans interviennent d\u00e8s que possible sur vos :<\/p>\n<ul>\n<li>Lavabos.<\/li>\n<li>Toilettes.<\/li>\n<li>Toitures.<\/li>\n<li>Syst\u00e8mes d&rsquo;\u00e9gouts.<\/li>\n<li>Canalisations. <\/li>\n<\/ul>\n<h2>Nettoyage et entretien des r\u00e9seaux d&rsquo;\u00e9gouts \u00e0 Saxon<\/h2>\n<p>Le syst\u00e8me d&rsquo;\u00e9gouts constitue le c\u0153ur de la plomberie. Il transporte les eaux us\u00e9es des \u00e9viers, des toilettes et des autres installations sanitaires. Si votre \u00e9gout est plein ou d\u00e9borde, cela peut d\u00e9grader votre r\u00e9sidence, et mettre en p\u00e9ril votre s\u00e9curit\u00e9 et celle de votre famille.<\/p>\n<p>Le nettoyage r\u00e9gulier de votre \u00e9gout permet d&rsquo;\u00e9viter les refoulements dans les canalisations et la formation de bouchons. Nos plombiers \u00e0 Saxon utilisent les derni\u00e8res technologies pour inspecter, \u00e9liminer et r\u00e9tablir le bon \u00e9coulement des eaux dans vos tuyaux de canalisations.<\/p>\n<p>Notre soci\u00e9t\u00e9 r\u00e9nove les tuyaux de canalisations de vos \u00e9gouts en cas de dommage important. Artisanlocal peut aussi nettoyer en urgence tout dommage provoqu\u00e9 par les eaux us\u00e9es dans votre r\u00e9sidence ou entreprise. Pour \u00e9viter la formation de moisissures, nous s\u00e9chons et d\u00e9shumidifions les zones de votre domicile \u00e0 risques.<\/p>\n<h2>Installations et r\u00e9parations de chauffe-eau<\/h2>\n<p>Vous n&rsquo;avez que de l\u2019eau froide dans vos conduits ? Votre chauffe-eau peut avoir des soucis. Notre soci\u00e9t\u00e9 remet en \u00e9tat votre chauffe-eau rapidement. Voici les signaux qui montrent des soucis :<\/p>\n<ul>\n<li>La diminution de la pression de l\u2019eau chaude : vous avez possiblement une fuite dans votre cumulus, ou un \u00e9l\u00e9ment chauffant en panne ou les d\u00e9p\u00f4ts de s\u00e9diments dans votre r\u00e9servoir.<\/li>\n<li>De l&rsquo;eau autour de votre r\u00e9servoir : la pr\u00e9sence d&rsquo;humidit\u00e9 au pied du cumulus peut signaler un probl\u00e8me, ou potentiellement d&rsquo;une fissure dans le r\u00e9servoir.<\/li>\n<li>Vous entendez des bruits \u00e9tranges qui viennent du chauffe-eau : des bruits bizarres peuvent r\u00e9v\u00e9ler une accumulation de s\u00e9diments, une fuite ou un probl\u00e8me de l&rsquo;\u00e9l\u00e9ment de chauffage.<\/li>\n<li>L&rsquo;eau est d\u00e9color\u00e9e : c&rsquo;est occasionner par la pr\u00e9sence de rouille ou d&rsquo;autres substances nocives dans votre cumulus.<\/li>\n<li>Le chauffe-eau fonctionne en sans interruption : si vous constatez que votre chauffe-eau marche tr\u00e8s fr\u00e9quemment, il est possible que votre chauffe-eau \u00e0 une panne.<\/li>\n<\/ul>\n<p>En engageant notre entreprise au premier signe d\u2019alerte, il est possible d&rsquo;\u00e9viter des frais importants pour vos r\u00e9parations.<\/p>\n<h2>Assistance de nettoyage apr\u00e8s des dommages caus\u00e9s par l&rsquo;eau<\/h2>\n<p>Nos plombiers peuvent nettoyer votre logement apr\u00e8s une inondation \u00e0 Saxon, nos plombiers sont disponibles pour vous aider en cas de caves inond\u00e9es, de ruptures de tuyaux de canalisations, de d\u00e9bordements de toilettes et de baignoires, de fortes pluies, de refoulements d&rsquo;\u00e9gouts et d&rsquo;autres soucis de plomberie li\u00e9s \u00e0 un dommages engendr\u00e9s par l&rsquo;eau.<\/p>\n<h2>Foire aux questions<\/h2>\n<h3>Quel tarif pour faire intervenir un plombier \u00e0 Saxon ?<\/h3>\n<p>Apr\u00e8s avoir analys\u00e9 votre probl\u00e8me de tuyauterie, les artisans plombiers d&rsquo;Artisanlocal \u00e9valuent le prix des travaux. Les tarifs de nos services sont donn\u00e9s \u00e0 titre indicatif \u00e0 Saxon :<\/p>\n<table border=\"1\">\n<tbody>\n<tr>\n<th>Prestations<\/th>\n<th>Prix CHF<\/th>\n<\/tr>\n<tr>\n<td>Installation d\u2019un lavabo<\/td>\n<td>280.00<\/td>\n<\/tr>\n<tr>\n<td>Tarif horaire : pose sanitaire<\/td>\n<td>110.00 \u00e0 129.00<\/td>\n<\/tr>\n<tr>\n<td>Installation et raccord, d\u2019un siphon \u00e0 un lavabo<\/td>\n<td>70.00<\/td>\n<\/tr>\n<tr>\n<td>Montage meuble de salle de bain<\/td>\n<td>95.00<\/td>\n<\/tr>\n<tr>\n<td>Mise en place et raccordement, d\u2019une douche \u00e0 la tuyauterie<\/td>\n<td>86.00<\/td>\n<\/tr>\n<tr>\n<td>Installation d\u2019un r\u00e9servoir de toilette<\/td>\n<td>112.00<\/td>\n<\/tr>\n<tr>\n<td>Fixation d\u2019accessoires de salle d&rsquo;eau<\/td>\n<td>60.00<\/td>\n<\/tr>\n<tr>\n<td>Pose d\u2019un WC suspendu<\/td>\n<td>170.00<\/td>\n<\/tr>\n<tr>\n<td>D\u00e9placement aller-retour<\/td>\n<td>100.00<\/td>\n<\/tr>\n<\/tbody>\n<\/table>\n<h3>L&rsquo;entreprise Artisanlocal est-elle ouverte les dimanches et samedis ?<\/h3>\n<p>Artisanlocal propose un service de plomberie en continu, 24\/7 et m\u00eame pendant les jours f\u00e9ri\u00e9s.<\/p>\n<h3>Les plombiers d&rsquo;Artisanlocal r\u00e9alisent des interventions \u00e0 Saxon et dans les communes proches ?<\/h3>\n<p>Oui, les plombiers de notre entreprise op\u00e8rent \u00e0 Saxon, aussi dans les villes aux alentours, telles que : Charrat, Riddes, Dugny (Leytron), Leytron, Montagnon (Leytron), Produit (Leytron), Saillon, Is\u00e9rables, Auddes-sur-Riddes, La Tzoumaz, Martigny, Martigny-Croix, Fully, Chemin, Ravoire, Trient, Bovernier, Les Valettes (Bovernier), Chamoille (Sembrancher), La Garde (Sembrancher), Sembrancher, Vens (Sembrancher), Bruson, Le Ch\u00e2ble VS, Verbier, Orsi\u00e8res, Champex-Lac, Cries (Voll\u00e8ges), Voll\u00e8ges, Levron, Praz-de-Fort, La Fouly VS, Chandonne (Liddes), Chez Petit (Liddes), Dranse (Liddes), Fontaine Dessous (Liddes), Fontaine Dessus (Liddes), Fornex (Liddes), Les Moulins VS (Liddes), Liddes, Palasuit (Liddes), Petit Vich\u00e8res (Liddes), Rive Haute (Liddes), Vich\u00e8res (Liddes), Bourg-St-Pierre, Champsec, Verseg\u00e8res, Fionnay, Lourtier, Sarreyer, Mayens-de-Chamoson, Ovronnaz.<\/p>\n","protected":false},"excerpt":{"rendered":"<p>Si vous \u00eates domicili\u00e9 \u00e0 Saxon, en cas d&rsquo;urgence, nos plombiers professionnels se d\u00e9placent \u00e0 votre domicile. Pourquoi choisir Artisanlocal \u00e0 Saxon ? Nos artisans plombiers sont disponibles tous les jours et les jours f\u00e9ri\u00e9s. Nos devis sont sans frais. Nous employons les derni\u00e8res m\u00e9thodes. Notre soci\u00e9t\u00e9 est localis\u00e9e \u00e0 Saxon nous permettant d&rsquo;intervenir rapidement [&hellip;]<\/p>\n","protected":false},"author":4,"featured_media":2758,"parent":0,"menu_order":0,"comment_status":"closed","ping_status":"closed","template":"","meta":{"footnotes":""},"profession":[123],"location":[39],"canton":[110],"class_list":["post-1015","page","type-page","status-publish","has-post-thumbnail","hentry","profession-sanitaire","location-saxon","canton-vs"],"yoast_head":"<!-- This site is optimized with the Yoast SEO Premium plugin v25.7.1 (Yoast SEO v27.4) - https:\/\/yoast.com\/product\/yoast-seo-premium-wordpress\/ -->\n<title>Artisan plombier \u00e0 Saxon - Artisanlocal<\/title>\n<meta name=\"robots\" content=\"index, follow, max-snippet:-1, max-image-preview:large, max-video-preview:-1\" \/>\n<link rel=\"canonical\" href=\"https:\/\/www.artisanlocal.ch\/c\/artisan-plombier-a-saxon\/\" \/>\n<meta property=\"og:locale\" content=\"fr_FR\" \/>\n<meta property=\"og:type\" content=\"article\" \/>\n<meta property=\"og:title\" content=\"Artisan plombier \u00e0 Saxon\" \/>\n<meta property=\"og:description\" content=\"Si vous \u00eates domicili\u00e9 \u00e0 Saxon, en cas d&rsquo;urgence, nos plombiers professionnels se d\u00e9placent \u00e0 votre domicile. Pourquoi choisir Artisanlocal \u00e0 Saxon ? Nos artisans plombiers sont disponibles tous les jours et les jours f\u00e9ri\u00e9s. Nos devis sont sans frais. Nous employons les derni\u00e8res m\u00e9thodes. Notre soci\u00e9t\u00e9 est localis\u00e9e \u00e0 Saxon nous permettant d&rsquo;intervenir rapidement [&hellip;]\" \/>\n<meta property=\"og:url\" content=\"https:\/\/www.artisanlocal.ch\/c\/artisan-plombier-a-saxon\/\" \/>\n<meta property=\"og:site_name\" content=\"Artisanlocal\" \/>\n<meta property=\"article:modified_time\" content=\"2025-08-26T17:27:38+00:00\" \/>\n<meta property=\"og:image\" content=\"https:\/\/www.artisanlocal.ch\/c\/wp-content\/uploads\/2024\/10\/plombier.jpg\" \/>\n\t<meta property=\"og:image:width\" content=\"1920\" \/>\n\t<meta property=\"og:image:height\" content=\"300\" \/>\n\t<meta property=\"og:image:type\" content=\"image\/jpeg\" \/>\n<meta name=\"twitter:card\" content=\"summary_large_image\" \/>\n<meta name=\"twitter:label1\" content=\"Dur\u00e9e de lecture estim\u00e9e\" \/>\n\t<meta name=\"twitter:data1\" content=\"6 minutes\" \/>\n<script type=\"application\/ld+json\" class=\"yoast-schema-graph\">{\"@context\":\"https:\\\/\\\/schema.org\",\"@graph\":[{\"@type\":\"WebPage\",\"@id\":\"https:\\\/\\\/www.artisanlocal.ch\\\/c\\\/artisan-plombier-a-saxon\\\/\",\"url\":\"https:\\\/\\\/www.artisanlocal.ch\\\/c\\\/artisan-plombier-a-saxon\\\/\",\"name\":\"Artisan plombier \u00e0 Saxon - Artisanlocal\",\"isPartOf\":{\"@id\":\"https:\\\/\\\/www.artisanlocal.ch\\\/c\\\/#website\"},\"primaryImageOfPage\":{\"@id\":\"https:\\\/\\\/www.artisanlocal.ch\\\/c\\\/artisan-plombier-a-saxon\\\/#primaryimage\"},\"image\":{\"@id\":\"https:\\\/\\\/www.artisanlocal.ch\\\/c\\\/artisan-plombier-a-saxon\\\/#primaryimage\"},\"thumbnailUrl\":\"https:\\\/\\\/www.artisanlocal.ch\\\/c\\\/wp-content\\\/uploads\\\/2024\\\/10\\\/plombier.jpg\",\"datePublished\":\"2024-05-18T05:11:33+00:00\",\"dateModified\":\"2025-08-26T17:27:38+00:00\",\"breadcrumb\":{\"@id\":\"https:\\\/\\\/www.artisanlocal.ch\\\/c\\\/artisan-plombier-a-saxon\\\/#breadcrumb\"},\"inLanguage\":\"fr-FR\",\"potentialAction\":[{\"@type\":\"ReadAction\",\"target\":[\"https:\\\/\\\/www.artisanlocal.ch\\\/c\\\/artisan-plombier-a-saxon\\\/\"]}]},{\"@type\":\"ImageObject\",\"inLanguage\":\"fr-FR\",\"@id\":\"https:\\\/\\\/www.artisanlocal.ch\\\/c\\\/artisan-plombier-a-saxon\\\/#primaryimage\",\"url\":\"https:\\\/\\\/www.artisanlocal.ch\\\/c\\\/wp-content\\\/uploads\\\/2024\\\/10\\\/plombier.jpg\",\"contentUrl\":\"https:\\\/\\\/www.artisanlocal.ch\\\/c\\\/wp-content\\\/uploads\\\/2024\\\/10\\\/plombier.jpg\",\"width\":1920,\"height\":300},{\"@type\":\"BreadcrumbList\",\"@id\":\"https:\\\/\\\/www.artisanlocal.ch\\\/c\\\/artisan-plombier-a-saxon\\\/#breadcrumb\",\"itemListElement\":[{\"@type\":\"ListItem\",\"position\":1,\"name\":\"Accueil\",\"item\":\"https:\\\/\\\/www.artisanlocal.ch\\\/c\\\/\"},{\"@type\":\"ListItem\",\"position\":2,\"name\":\"Artisan plombier \u00e0 Saxon\"}]},{\"@type\":\"WebSite\",\"@id\":\"https:\\\/\\\/www.artisanlocal.ch\\\/c\\\/#website\",\"url\":\"https:\\\/\\\/www.artisanlocal.ch\\\/c\\\/\",\"name\":\"Artisanlocal\",\"description\":\"\",\"publisher\":{\"@id\":\"https:\\\/\\\/www.artisanlocal.ch\\\/c\\\/#organization\"},\"potentialAction\":[{\"@type\":\"SearchAction\",\"target\":{\"@type\":\"EntryPoint\",\"urlTemplate\":\"https:\\\/\\\/www.artisanlocal.ch\\\/c\\\/?s={search_term_string}\"},\"query-input\":{\"@type\":\"PropertyValueSpecification\",\"valueRequired\":true,\"valueName\":\"search_term_string\"}}],\"inLanguage\":\"fr-FR\"},{\"@type\":\"Organization\",\"@id\":\"https:\\\/\\\/www.artisanlocal.ch\\\/c\\\/#organization\",\"name\":\"Artisanlocal\",\"url\":\"https:\\\/\\\/www.artisanlocal.ch\\\/c\\\/\",\"logo\":{\"@type\":\"ImageObject\",\"inLanguage\":\"fr-FR\",\"@id\":\"https:\\\/\\\/www.artisanlocal.ch\\\/c\\\/#\\\/schema\\\/logo\\\/image\\\/\",\"url\":\"https:\\\/\\\/www.artisanlocal.ch\\\/c\\\/wp-content\\\/uploads\\\/2024\\\/02\\\/logo-artisanlocal-h.svg\",\"contentUrl\":\"https:\\\/\\\/www.artisanlocal.ch\\\/c\\\/wp-content\\\/uploads\\\/2024\\\/02\\\/logo-artisanlocal-h.svg\",\"caption\":\"Artisanlocal\"},\"image\":{\"@id\":\"https:\\\/\\\/www.artisanlocal.ch\\\/c\\\/#\\\/schema\\\/logo\\\/image\\\/\"}}]}<\/script>\n<!-- \/ Yoast SEO Premium plugin. -->","yoast_head_json":{"title":"Artisan plombier \u00e0 Saxon - Artisanlocal","robots":{"index":"index","follow":"follow","max-snippet":"max-snippet:-1","max-image-preview":"max-image-preview:large","max-video-preview":"max-video-preview:-1"},"canonical":"https:\/\/www.artisanlocal.ch\/c\/artisan-plombier-a-saxon\/","og_locale":"fr_FR","og_type":"article","og_title":"Artisan plombier \u00e0 Saxon","og_description":"Si vous \u00eates domicili\u00e9 \u00e0 Saxon, en cas d&rsquo;urgence, nos plombiers professionnels se d\u00e9placent \u00e0 votre domicile. Pourquoi choisir Artisanlocal \u00e0 Saxon ? Nos artisans plombiers sont disponibles tous les jours et les jours f\u00e9ri\u00e9s. Nos devis sont sans frais. Nous employons les derni\u00e8res m\u00e9thodes. Notre soci\u00e9t\u00e9 est localis\u00e9e \u00e0 Saxon nous permettant d&rsquo;intervenir rapidement [&hellip;]","og_url":"https:\/\/www.artisanlocal.ch\/c\/artisan-plombier-a-saxon\/","og_site_name":"Artisanlocal","article_modified_time":"2025-08-26T17:27:38+00:00","og_image":[{"width":1920,"height":300,"url":"https:\/\/www.artisanlocal.ch\/c\/wp-content\/uploads\/2024\/10\/plombier.jpg","type":"image\/jpeg"}],"twitter_card":"summary_large_image","twitter_misc":{"Dur\u00e9e de lecture estim\u00e9e":"6 minutes"},"schema":{"@context":"https:\/\/schema.org","@graph":[{"@type":"WebPage","@id":"https:\/\/www.artisanlocal.ch\/c\/artisan-plombier-a-saxon\/","url":"https:\/\/www.artisanlocal.ch\/c\/artisan-plombier-a-saxon\/","name":"Artisan plombier \u00e0 Saxon - Artisanlocal","isPartOf":{"@id":"https:\/\/www.artisanlocal.ch\/c\/#website"},"primaryImageOfPage":{"@id":"https:\/\/www.artisanlocal.ch\/c\/artisan-plombier-a-saxon\/#primaryimage"},"image":{"@id":"https:\/\/www.artisanlocal.ch\/c\/artisan-plombier-a-saxon\/#primaryimage"},"thumbnailUrl":"https:\/\/www.artisanlocal.ch\/c\/wp-content\/uploads\/2024\/10\/plombier.jpg","datePublished":"2024-05-18T05:11:33+00:00","dateModified":"2025-08-26T17:27:38+00:00","breadcrumb":{"@id":"https:\/\/www.artisanlocal.ch\/c\/artisan-plombier-a-saxon\/#breadcrumb"},"inLanguage":"fr-FR","potentialAction":[{"@type":"ReadAction","target":["https:\/\/www.artisanlocal.ch\/c\/artisan-plombier-a-saxon\/"]}]},{"@type":"ImageObject","inLanguage":"fr-FR","@id":"https:\/\/www.artisanlocal.ch\/c\/artisan-plombier-a-saxon\/#primaryimage","url":"https:\/\/www.artisanlocal.ch\/c\/wp-content\/uploads\/2024\/10\/plombier.jpg","contentUrl":"https:\/\/www.artisanlocal.ch\/c\/wp-content\/uploads\/2024\/10\/plombier.jpg","width":1920,"height":300},{"@type":"BreadcrumbList","@id":"https:\/\/www.artisanlocal.ch\/c\/artisan-plombier-a-saxon\/#breadcrumb","itemListElement":[{"@type":"ListItem","position":1,"name":"Accueil","item":"https:\/\/www.artisanlocal.ch\/c\/"},{"@type":"ListItem","position":2,"name":"Artisan plombier \u00e0 Saxon"}]},{"@type":"WebSite","@id":"https:\/\/www.artisanlocal.ch\/c\/#website","url":"https:\/\/www.artisanlocal.ch\/c\/","name":"Artisanlocal","description":"","publisher":{"@id":"https:\/\/www.artisanlocal.ch\/c\/#organization"},"potentialAction":[{"@type":"SearchAction","target":{"@type":"EntryPoint","urlTemplate":"https:\/\/www.artisanlocal.ch\/c\/?s={search_term_string}"},"query-input":{"@type":"PropertyValueSpecification","valueRequired":true,"valueName":"search_term_string"}}],"inLanguage":"fr-FR"},{"@type":"Organization","@id":"https:\/\/www.artisanlocal.ch\/c\/#organization","name":"Artisanlocal","url":"https:\/\/www.artisanlocal.ch\/c\/","logo":{"@type":"ImageObject","inLanguage":"fr-FR","@id":"https:\/\/www.artisanlocal.ch\/c\/#\/schema\/logo\/image\/","url":"https:\/\/www.artisanlocal.ch\/c\/wp-content\/uploads\/2024\/02\/logo-artisanlocal-h.svg","contentUrl":"https:\/\/www.artisanlocal.ch\/c\/wp-content\/uploads\/2024\/02\/logo-artisanlocal-h.svg","caption":"Artisanlocal"},"image":{"@id":"https:\/\/www.artisanlocal.ch\/c\/#\/schema\/logo\/image\/"}}]}},"_links":{"self":[{"href":"https:\/\/www.artisanlocal.ch\/c\/wp-json\/wp\/v2\/pages\/1015","targetHints":{"allow":["GET"]}}],"collection":[{"href":"https:\/\/www.artisanlocal.ch\/c\/wp-json\/wp\/v2\/pages"}],"about":[{"href":"https:\/\/www.artisanlocal.ch\/c\/wp-json\/wp\/v2\/types\/page"}],"author":[{"embeddable":true,"href":"https:\/\/www.artisanlocal.ch\/c\/wp-json\/wp\/v2\/users\/4"}],"replies":[{"embeddable":true,"href":"https:\/\/www.artisanlocal.ch\/c\/wp-json\/wp\/v2\/comments?post=1015"}],"version-history":[{"count":0,"href":"https:\/\/www.artisanlocal.ch\/c\/wp-json\/wp\/v2\/pages\/1015\/revisions"}],"wp:featuredmedia":[{"embeddable":true,"href":"https:\/\/www.artisanlocal.ch\/c\/wp-json\/wp\/v2\/media\/2758"}],"wp:attachment":[{"href":"https:\/\/www.artisanlocal.ch\/c\/wp-json\/wp\/v2\/media?parent=1015"}],"wp:term":[{"taxonomy":"profession","embeddable":true,"href":"https:\/\/www.artisanlocal.ch\/c\/wp-json\/wp\/v2\/profession?post=1015"},{"taxonomy":"location","embeddable":true,"href":"https:\/\/www.artisanlocal.ch\/c\/wp-json\/wp\/v2\/location?post=1015"},{"taxonomy":"canton","embeddable":true,"href":"https:\/\/www.artisanlocal.ch\/c\/wp-json\/wp\/v2\/canton?post=1015"}],"curies":[{"name":"wp","href":"https:\/\/api.w.org\/{rel}","templated":true}]}}