{"id":1016,"date":"2024-05-18T15:34:24","date_gmt":"2024-05-18T13:34:24","guid":{"rendered":"https:\/\/www.artisanlocal.ch\/c\/plombier-a-bex\/"},"modified":"2025-08-26T19:27:32","modified_gmt":"2025-08-26T17:27:32","slug":"plombier-a-bex","status":"publish","type":"page","link":"https:\/\/www.artisanlocal.ch\/c\/plombier-a-bex\/","title":{"rendered":"Plombier \u00e0 Bex"},"content":{"rendered":"<p>Si vous \u00eates un habitant de Bex, Artisanlocal intervient dans votre foyer en urgence.<\/p>\n\r\n<div class=\"box\">\r\n    <h2 class=\"text-dark\">Nous cherchons un <em class=\"text-primary\">Sanitaire<\/em> dans la r\u00e9gion de <em class=\"text-primary\">Bex<\/em>  en exclusivit\u00e9, afin de proposer vos services \u00e0 nos clients propri\u00e9taires.<\/h2>\r\n    <p>Une opportunit\u00e9 unique pour booster votre activit\u00e9 \u00e0 <strong>Bex<\/strong> et aux alentours dans votre domaine (Sanitaire).<\/p>\r\n    <p>Nous travaillons en exclusivit\u00e9 avec qu'une soci\u00e9t\u00e9 par m\u00e9tier et par r\u00e9gion. <br>Votre entreprise est pr\u00e9sente sur tous les documents immobiliers. Afin d'\u00eatre mieux vu sur le net, vous \u00eates \u00e9galement visible sur nos deux sites et sur les pages de r\u00e9f\u00e9rencement de votre r\u00e9gion.<\/p>\r\n    <a href=\"\/contact\" class=\"wp-block-button__link has-accent-background-color has-text-align-center wp-element-button\">R\u00e9server<\/a>\r\n<\/div>\n<h2>Pourquoi choisir Artisanlocal \u00e0 Bex ?<\/h2>\n<ul>\n<li>Nous sommes ouverts tous les jours de la semaine, y compris les jours f\u00e9ri\u00e9s.<\/li>\n<li>Nos devis sont gratuits.<\/li>\n<li>Nos artisans utilisent les derni\u00e8res techniques et technologies.<\/li>\n<li>Notre soci\u00e9t\u00e9 est situ\u00e9e \u00e0 Bex nous permettant d&rsquo;intervenir en urgence dans votre domicile.<\/li>\n<li>Nous proposons des tarifs comp\u00e9titifs.<\/li>\n<li>Nos plombiers sont assur\u00e9s et exp\u00e9riment\u00e9s.<\/li>\n<li>Nous examinons votre syst\u00e8me de plomberie avant les r\u00e9parations.<\/li>\n<li>Nous r\u00e9novons tous les types de plomberie.<\/li>\n<\/ul>\n<h2>Quels sont les prestations propos\u00e9es par Artisanlocal ?<\/h2>\n<ul>\n<li>Notre soci\u00e9t\u00e9 est sp\u00e9cialis\u00e9e dans la d\u00e9tection des fuites et la remise en \u00e9tat de vos tuyaux.<\/li>\n<li>Nos artisans plombiers changent vos installations sanitaires.<\/li>\n<li>La r\u00e9paration de votre sanitaire.<\/li>\n<li>Nous r\u00e9alisons tous vos travaux de plomberie tels que l&rsquo;installation des : tuyauteries, lavabos, robinets et \u00e9viers.<\/li>\n<li>Nous posons les chauffes-eau et les chaudi\u00e8res.<\/li>\n<li>Nous r\u00e9alisons l&rsquo;assainissement et le d\u00e9bouchage de vos canalisations.<\/li>\n<li>Nous restaurons enti\u00e8rement les salles de bain.<\/li>\n<li>Nous pouvons aussi r\u00e9aliser aussi la vidange de votre fosse septique.<\/li>\n<\/ul>\n<h2>Comment fonctionne Artisanlocal ?<\/h2>\n<ol>\n<li>Suite \u00e0 votre prise de contact par email ou t\u00e9l\u00e9phone, un de nos artisans plombiers vous contacte pour \u00e9tudier l&rsquo;ampleur de votre probl\u00e8me de plomberie.<\/li>\n<li>Ensuite, nous vous offrons un devis d\u00e9taill\u00e9 et gratuit. Vous ne paierez aucuns frais suppl\u00e9mentaires, \u00e0 moins que vous ayez besoin de pi\u00e8ces de remplacement ou de travaux importants.<\/li>\n<li>Apr\u00e8s votre accord pour le devis, nous conviendrons ensemble du jour de l&rsquo;intervention \u00e0 votre logement.<\/li>\n<\/ol>\n<h2>Plombier pour les particuliers \u00e0 Bex<\/h2>\n<p>En cas de probl\u00e8me avec votre plomberie, il y a un risque de contamination de l&rsquo;eau, ce qui peut mettre votre famille en danger, c&rsquo;est pour cela que l&rsquo;artisan plombier qui op\u00e8re chez vous r\u00e9alise :<\/p>\n<ul>\n<li>La d\u00e9tection et la remise en \u00e9tat de vos tuyaux.<\/li>\n<li>Le d\u00e9bouchage et l&rsquo;entretien de vos canalisations.<\/li>\n<li>La r\u00e9vision de votre chauffe-eau.<\/li>\n<li>L&rsquo;Inspection de vos tuyaux.<\/li>\n<li>La r\u00e9novation de vos tuyaux de canalisations.<\/li>\n<li>Le nettoyage de votre propri\u00e9t\u00e9 apr\u00e8s les d\u00e9g\u00e2ts des eaux.<\/li>\n<\/ul>\n<h2>Plombier pour les entreprises \u00e0 Bex<\/h2>\n<p>\u00c0 Bex, il y a des entreprises, commerces de d\u00e9tail et restaurants. Les robinets qui fuient, les tuyaux de canalisations bouch\u00e9es et les chauffe-eau qui fonctionnent mal sont des probl\u00e8mes qui peuvent entra\u00eener une baisse de productivit\u00e9 de vos salari\u00e9s ou encore d\u00e9t\u00e9riorer vos locaux. Artisanlocal assiste votre entreprise pour :<\/p>\n<ul>\n<li>Le d\u00e9bouchage de vos lavabos et le remplacement de vos robinets.<\/li>\n<li>La r\u00e9novation et la v\u00e9rification de vos tuyaux.<\/li>\n<li>Le nettoyage de canalisations avec de l&rsquo;eau \u00e0 haute pression (hydrocurage).<\/li>\n<li>L&rsquo;installation de nouveaux dispositifs de plomberie.<\/li>\n<li>L\u2019entretien et la r\u00e9paration de votre bac \u00e0 graisse.<\/li>\n<li>La mise en place, l\u2019entretien et la r\u00e9paration de votre chauffage ou chauffe-eau.<\/li>\n<li>La r\u00e9novation de vos canalisations.<\/li>\n<li>Le d\u00e9pannage de vos \u00e9quipements sanitaires.<\/li>\n<li>L&rsquo;inspection de vos canalisations par cam\u00e9ra.<\/li>\n<\/ul>\n<h2>Service d&rsquo;entretien de vos tuyaux de canalisations \u00e0 Bex en urgence<\/h2>\n<p>Si vous \u00eates un Bellerin, notre soci\u00e9t\u00e9 op\u00e8re rapidement chez vous pour le d\u00e9bouchage vos tuyaux de canalisations ou pour r\u00e9gler vos soucis d&rsquo;\u00e9coulement de vos \u00e9viers, douches ou WC, d&rsquo;autre part, nos plombiers op\u00e8rent d\u00e8s que possible sur vos :<\/p>\n<ul>\n<li>\u00c9viers.<\/li>\n<li>WC.<\/li>\n<li>Toitures.<\/li>\n<li>Syst\u00e8mes d&rsquo;\u00e9gouts.<\/li>\n<li>Canalisations. <\/li>\n<\/ul>\n<h2>Service de nettoyage d&rsquo;\u00e9gouts \u00e0 Bex<\/h2>\n<p>Les \u00e9gouts sont le syst\u00e8me central de la plomberie. Il transporte les eaux us\u00e9es des lavabos, des toilettes et des autres installations sanitaires. Si votre \u00e9gout est bouch\u00e9 ou d\u00e9borde, cela peut endommager votre habitation, et compromettre votre s\u00e9curit\u00e9.<\/p>\n<p>L&rsquo;entretien fr\u00e9quent permet d&#8217;emp\u00eacher les refoulements et la cr\u00e9ation de bouchons. Nos plombiers professionnels \u00e0 Bex utilisent les derni\u00e8res techniques pour inspecter, nettoyer et assurer l&rsquo;\u00e9coulement de l&rsquo;eau dans vos tuyaux.<\/p>\n<p>Artisanlocal peut aussi remplacer votre tuyauterie si elle est trop d\u00e9t\u00e9rior\u00e9e. Notre \u00e9quipe peut aussi nettoyer en urgence tout dommage caus\u00e9 par les eaux us\u00e9es dans votre r\u00e9sidence ou soci\u00e9t\u00e9. Nous s\u00e9chons et d\u00e9shumidifions les zones touch\u00e9es afin de minimiser les dangers d&rsquo;apparition de champignons.<\/p>\n<h2>Services de d\u00e9pannage et de pose de chauffe-eau \u00e0 Bex<\/h2>\n<p>Vous n&rsquo;avez que de l\u2019eau froide dans vos tuyaux ? Il se peut que vous ayez des probl\u00e8mes de chauffe-eau. Notre entreprise r\u00e9pare votre cumulus rapidement. Voici les indices qui indiquent des probl\u00e8mes :<\/p>\n<ul>\n<li>Un faible d\u00e9bit d&rsquo;eau chaude : \u00e7a peut-\u00eatre d\u00fb \u00e0 une fuite d&rsquo;eau dans votre chauffe-eau, ou un syst\u00e8me chauffant en panne ou l&rsquo;accumulation de s\u00e9diments dans votre r\u00e9servoir.<\/li>\n<li>La pr\u00e9sence d&rsquo;eau \u00e0 proximit\u00e9 de votre cumulus : une flaque d&rsquo;eau \u00e0 la base du r\u00e9servoir est l&rsquo;indication d&rsquo;un probl\u00e8me important, ou potentiellement d&rsquo;un trou dans le r\u00e9servoir.<\/li>\n<li>Des bruits bizarres proviennent du chauffe-eau : des bruits \u00e9tranges peuvent indiquer une accumulation de s\u00e9diments, une d\u00e9faillance de l&rsquo;\u00e9l\u00e9ment chauffant ou d\u2019une fuite d&rsquo;eau.<\/li>\n<li>L&rsquo;eau est d\u00e9color\u00e9e : c&rsquo;est causer par la pr\u00e9sence de rouille ou d&rsquo;autres substances nocives dans votre chauffe-eau.<\/li>\n<li>Le cumulus est constamment en marche : si vous remarquez que votre cumulus fonctionne tr\u00e8s fr\u00e9quemment, c&rsquo;est peut-\u00eatre que votre cumulus \u00e0 un probl\u00e8me.<\/li>\n<\/ul>\n<p>En appelant nos artisans plombiers d\u00e8s les premiers signes, vous pouvez \u00e9chapper \u00e0 des r\u00e9parations hors de prix.<\/p>\n<h2>Assistance de nettoyage apr\u00e8s des dommages caus\u00e9s par l&rsquo;eau<\/h2>\n<p>Nos artisans plombiers nettoient votre logement suite \u00e0 un d\u00e9g\u00e2t des eaux \u00e0 Bex, notre entreprise vous aide, en cas de caves submerg\u00e9es, de fortes pr\u00e9cipitations, de ruptures de canalisations, de reflux d&rsquo;\u00e9gouts, et de d\u00e9bordements de toilettes et de baignoires et d&rsquo;autres soucis de plomberie qui peuvent occasionner des dommages.<\/p>\n<h2>Foire aux questions<\/h2>\n<h3>Quel est le montant d\u2019un plombier \u00e0 Bex ?<\/h3>\n<p>Apr\u00e8s avoir \u00e9valu\u00e9 votre souci de tuyauterie, les plombiers professionnels d&rsquo;Artisanlocal estiment le prix de l&rsquo;intervention. Voici les montants \u00e0 titre informatif \u00e0 Bex :<\/p>\n<table border=\"1\">\n<tbody>\n<tr>\n<th>Prestations<\/th>\n<th>Prix CHF<\/th>\n<\/tr>\n<tr>\n<td>Installation d\u2019un lavabo<\/td>\n<td>280.00<\/td>\n<\/tr>\n<tr>\n<td>Taux horaire : pose sanitaire<\/td>\n<td>110.00 \u00e0 129.00<\/td>\n<\/tr>\n<tr>\n<td>Mise en place et raccord, d\u2019un siphon \u00e0 un \u00e9vier<\/td>\n<td>70.00<\/td>\n<\/tr>\n<tr>\n<td>Assemblage meuble de salle d&rsquo;eau<\/td>\n<td>95.00<\/td>\n<\/tr>\n<tr>\n<td>Installation et raccord, d\u2019une douche \u00e0 la robinetterie<\/td>\n<td>86.00<\/td>\n<\/tr>\n<tr>\n<td>Mise en place d\u2019un r\u00e9servoir de toilette<\/td>\n<td>112.00<\/td>\n<\/tr>\n<tr>\n<td>Pose d\u2019accessoires de salle d&rsquo;eau<\/td>\n<td>60.00<\/td>\n<\/tr>\n<tr>\n<td>Mise en place d\u2019un toilette suspendu<\/td>\n<td>170.00<\/td>\n<\/tr>\n<tr>\n<td>D\u00e9placement du plombier aller-retour<\/td>\n<td>100.00<\/td>\n<\/tr>\n<\/tbody>\n<\/table>\n<h3>Votre entreprise de plomberie \u00e0 Bex est ouverte le samedi et le dimanche ?<\/h3>\n<p>Artisanlocal offre un service de plomberie en continu, 24\/7 et m\u00eame pendant les jours f\u00e9ri\u00e9s.<\/p>\n<h3>Les artisans plombiers r\u00e9alisent des interventions \u00e0 Bex et dans les villes voisines ?<\/h3>\n<p>Oui, les plombiers de notre entreprise interviennent \u00e0 Bex, \u00e9galement dans les villes aux environs, comme : La Tine, Rossini\u00e8re, Flendruz, Rougemont, Ch\u00e2teau-d'Oex, L'Etivaz, La L\u00e9cherette, Les Moulins, Villeneuve VD, Noville, Chessel, Rennaz, Roche VD, Yvorne, Leysin, Corbeyrier, Aigle, La Comballaz, Les Mosses, Le S\u00e9pey, Vers-l'Eglise, Les Diablerets, La Forclaz VD, Ollon VD, Panex, St-Triphon, Fenalet-sur-Bex, Freni\u00e8res-sur-Bex, Les Plans-sur-Bex, Gryon, Les Posses-sur-Bex, Arveyes, Hu\u00e9moz, Villars-sur-Ollon, Chesi\u00e8res, Lavey-les-Bains, Lavey-Village.<\/p>\n","protected":false},"excerpt":{"rendered":"<p>Si vous \u00eates un habitant de Bex, Artisanlocal intervient dans votre foyer en urgence. Pourquoi choisir Artisanlocal \u00e0 Bex ? Nous sommes ouverts tous les jours de la semaine, y compris les jours f\u00e9ri\u00e9s. Nos devis sont gratuits. Nos artisans utilisent les derni\u00e8res techniques et technologies. Notre soci\u00e9t\u00e9 est situ\u00e9e \u00e0 Bex nous permettant d&rsquo;intervenir [&hellip;]<\/p>\n","protected":false},"author":4,"featured_media":2758,"parent":0,"menu_order":0,"comment_status":"closed","ping_status":"closed","template":"","meta":{"footnotes":""},"profession":[123],"location":[84],"canton":[113],"class_list":["post-1016","page","type-page","status-publish","has-post-thumbnail","hentry","profession-sanitaire","location-bex","canton-vd"],"yoast_head":"<!-- This site is optimized with the Yoast SEO Premium plugin v25.7.1 (Yoast SEO v27.4) - https:\/\/yoast.com\/product\/yoast-seo-premium-wordpress\/ -->\n<title>Plombier \u00e0 Bex - Artisanlocal<\/title>\n<meta name=\"robots\" content=\"index, follow, max-snippet:-1, max-image-preview:large, max-video-preview:-1\" \/>\n<link rel=\"canonical\" href=\"https:\/\/www.artisanlocal.ch\/c\/plombier-a-bex\/\" \/>\n<meta property=\"og:locale\" content=\"fr_FR\" \/>\n<meta property=\"og:type\" content=\"article\" \/>\n<meta property=\"og:title\" content=\"Plombier \u00e0 Bex\" \/>\n<meta property=\"og:description\" content=\"Si vous \u00eates un habitant de Bex, Artisanlocal intervient dans votre foyer en urgence. Pourquoi choisir Artisanlocal \u00e0 Bex ? Nous sommes ouverts tous les jours de la semaine, y compris les jours f\u00e9ri\u00e9s. Nos devis sont gratuits. Nos artisans utilisent les derni\u00e8res techniques et technologies. Notre soci\u00e9t\u00e9 est situ\u00e9e \u00e0 Bex nous permettant d&rsquo;intervenir [&hellip;]\" \/>\n<meta property=\"og:url\" content=\"https:\/\/www.artisanlocal.ch\/c\/plombier-a-bex\/\" \/>\n<meta property=\"og:site_name\" content=\"Artisanlocal\" \/>\n<meta property=\"article:modified_time\" content=\"2025-08-26T17:27:32+00:00\" \/>\n<meta property=\"og:image\" content=\"https:\/\/www.artisanlocal.ch\/c\/wp-content\/uploads\/2024\/10\/plombier.jpg\" \/>\n\t<meta property=\"og:image:width\" content=\"1920\" \/>\n\t<meta property=\"og:image:height\" content=\"300\" \/>\n\t<meta property=\"og:image:type\" content=\"image\/jpeg\" \/>\n<meta name=\"twitter:card\" content=\"summary_large_image\" \/>\n<meta name=\"twitter:label1\" content=\"Dur\u00e9e de lecture estim\u00e9e\" \/>\n\t<meta name=\"twitter:data1\" content=\"6 minutes\" \/>\n<script type=\"application\/ld+json\" class=\"yoast-schema-graph\">{\"@context\":\"https:\\\/\\\/schema.org\",\"@graph\":[{\"@type\":\"WebPage\",\"@id\":\"https:\\\/\\\/www.artisanlocal.ch\\\/c\\\/plombier-a-bex\\\/\",\"url\":\"https:\\\/\\\/www.artisanlocal.ch\\\/c\\\/plombier-a-bex\\\/\",\"name\":\"Plombier \u00e0 Bex - Artisanlocal\",\"isPartOf\":{\"@id\":\"https:\\\/\\\/www.artisanlocal.ch\\\/c\\\/#website\"},\"primaryImageOfPage\":{\"@id\":\"https:\\\/\\\/www.artisanlocal.ch\\\/c\\\/plombier-a-bex\\\/#primaryimage\"},\"image\":{\"@id\":\"https:\\\/\\\/www.artisanlocal.ch\\\/c\\\/plombier-a-bex\\\/#primaryimage\"},\"thumbnailUrl\":\"https:\\\/\\\/www.artisanlocal.ch\\\/c\\\/wp-content\\\/uploads\\\/2024\\\/10\\\/plombier.jpg\",\"datePublished\":\"2024-05-18T13:34:24+00:00\",\"dateModified\":\"2025-08-26T17:27:32+00:00\",\"breadcrumb\":{\"@id\":\"https:\\\/\\\/www.artisanlocal.ch\\\/c\\\/plombier-a-bex\\\/#breadcrumb\"},\"inLanguage\":\"fr-FR\",\"potentialAction\":[{\"@type\":\"ReadAction\",\"target\":[\"https:\\\/\\\/www.artisanlocal.ch\\\/c\\\/plombier-a-bex\\\/\"]}]},{\"@type\":\"ImageObject\",\"inLanguage\":\"fr-FR\",\"@id\":\"https:\\\/\\\/www.artisanlocal.ch\\\/c\\\/plombier-a-bex\\\/#primaryimage\",\"url\":\"https:\\\/\\\/www.artisanlocal.ch\\\/c\\\/wp-content\\\/uploads\\\/2024\\\/10\\\/plombier.jpg\",\"contentUrl\":\"https:\\\/\\\/www.artisanlocal.ch\\\/c\\\/wp-content\\\/uploads\\\/2024\\\/10\\\/plombier.jpg\",\"width\":1920,\"height\":300},{\"@type\":\"BreadcrumbList\",\"@id\":\"https:\\\/\\\/www.artisanlocal.ch\\\/c\\\/plombier-a-bex\\\/#breadcrumb\",\"itemListElement\":[{\"@type\":\"ListItem\",\"position\":1,\"name\":\"Accueil\",\"item\":\"https:\\\/\\\/www.artisanlocal.ch\\\/c\\\/\"},{\"@type\":\"ListItem\",\"position\":2,\"name\":\"Plombier \u00e0 Bex\"}]},{\"@type\":\"WebSite\",\"@id\":\"https:\\\/\\\/www.artisanlocal.ch\\\/c\\\/#website\",\"url\":\"https:\\\/\\\/www.artisanlocal.ch\\\/c\\\/\",\"name\":\"Artisanlocal\",\"description\":\"\",\"publisher\":{\"@id\":\"https:\\\/\\\/www.artisanlocal.ch\\\/c\\\/#organization\"},\"potentialAction\":[{\"@type\":\"SearchAction\",\"target\":{\"@type\":\"EntryPoint\",\"urlTemplate\":\"https:\\\/\\\/www.artisanlocal.ch\\\/c\\\/?s={search_term_string}\"},\"query-input\":{\"@type\":\"PropertyValueSpecification\",\"valueRequired\":true,\"valueName\":\"search_term_string\"}}],\"inLanguage\":\"fr-FR\"},{\"@type\":\"Organization\",\"@id\":\"https:\\\/\\\/www.artisanlocal.ch\\\/c\\\/#organization\",\"name\":\"Artisanlocal\",\"url\":\"https:\\\/\\\/www.artisanlocal.ch\\\/c\\\/\",\"logo\":{\"@type\":\"ImageObject\",\"inLanguage\":\"fr-FR\",\"@id\":\"https:\\\/\\\/www.artisanlocal.ch\\\/c\\\/#\\\/schema\\\/logo\\\/image\\\/\",\"url\":\"https:\\\/\\\/www.artisanlocal.ch\\\/c\\\/wp-content\\\/uploads\\\/2024\\\/02\\\/logo-artisanlocal-h.svg\",\"contentUrl\":\"https:\\\/\\\/www.artisanlocal.ch\\\/c\\\/wp-content\\\/uploads\\\/2024\\\/02\\\/logo-artisanlocal-h.svg\",\"caption\":\"Artisanlocal\"},\"image\":{\"@id\":\"https:\\\/\\\/www.artisanlocal.ch\\\/c\\\/#\\\/schema\\\/logo\\\/image\\\/\"}}]}<\/script>\n<!-- \/ Yoast SEO Premium plugin. -->","yoast_head_json":{"title":"Plombier \u00e0 Bex - Artisanlocal","robots":{"index":"index","follow":"follow","max-snippet":"max-snippet:-1","max-image-preview":"max-image-preview:large","max-video-preview":"max-video-preview:-1"},"canonical":"https:\/\/www.artisanlocal.ch\/c\/plombier-a-bex\/","og_locale":"fr_FR","og_type":"article","og_title":"Plombier \u00e0 Bex","og_description":"Si vous \u00eates un habitant de Bex, Artisanlocal intervient dans votre foyer en urgence. Pourquoi choisir Artisanlocal \u00e0 Bex ? Nous sommes ouverts tous les jours de la semaine, y compris les jours f\u00e9ri\u00e9s. Nos devis sont gratuits. Nos artisans utilisent les derni\u00e8res techniques et technologies. Notre soci\u00e9t\u00e9 est situ\u00e9e \u00e0 Bex nous permettant d&rsquo;intervenir [&hellip;]","og_url":"https:\/\/www.artisanlocal.ch\/c\/plombier-a-bex\/","og_site_name":"Artisanlocal","article_modified_time":"2025-08-26T17:27:32+00:00","og_image":[{"width":1920,"height":300,"url":"https:\/\/www.artisanlocal.ch\/c\/wp-content\/uploads\/2024\/10\/plombier.jpg","type":"image\/jpeg"}],"twitter_card":"summary_large_image","twitter_misc":{"Dur\u00e9e de lecture estim\u00e9e":"6 minutes"},"schema":{"@context":"https:\/\/schema.org","@graph":[{"@type":"WebPage","@id":"https:\/\/www.artisanlocal.ch\/c\/plombier-a-bex\/","url":"https:\/\/www.artisanlocal.ch\/c\/plombier-a-bex\/","name":"Plombier \u00e0 Bex - Artisanlocal","isPartOf":{"@id":"https:\/\/www.artisanlocal.ch\/c\/#website"},"primaryImageOfPage":{"@id":"https:\/\/www.artisanlocal.ch\/c\/plombier-a-bex\/#primaryimage"},"image":{"@id":"https:\/\/www.artisanlocal.ch\/c\/plombier-a-bex\/#primaryimage"},"thumbnailUrl":"https:\/\/www.artisanlocal.ch\/c\/wp-content\/uploads\/2024\/10\/plombier.jpg","datePublished":"2024-05-18T13:34:24+00:00","dateModified":"2025-08-26T17:27:32+00:00","breadcrumb":{"@id":"https:\/\/www.artisanlocal.ch\/c\/plombier-a-bex\/#breadcrumb"},"inLanguage":"fr-FR","potentialAction":[{"@type":"ReadAction","target":["https:\/\/www.artisanlocal.ch\/c\/plombier-a-bex\/"]}]},{"@type":"ImageObject","inLanguage":"fr-FR","@id":"https:\/\/www.artisanlocal.ch\/c\/plombier-a-bex\/#primaryimage","url":"https:\/\/www.artisanlocal.ch\/c\/wp-content\/uploads\/2024\/10\/plombier.jpg","contentUrl":"https:\/\/www.artisanlocal.ch\/c\/wp-content\/uploads\/2024\/10\/plombier.jpg","width":1920,"height":300},{"@type":"BreadcrumbList","@id":"https:\/\/www.artisanlocal.ch\/c\/plombier-a-bex\/#breadcrumb","itemListElement":[{"@type":"ListItem","position":1,"name":"Accueil","item":"https:\/\/www.artisanlocal.ch\/c\/"},{"@type":"ListItem","position":2,"name":"Plombier \u00e0 Bex"}]},{"@type":"WebSite","@id":"https:\/\/www.artisanlocal.ch\/c\/#website","url":"https:\/\/www.artisanlocal.ch\/c\/","name":"Artisanlocal","description":"","publisher":{"@id":"https:\/\/www.artisanlocal.ch\/c\/#organization"},"potentialAction":[{"@type":"SearchAction","target":{"@type":"EntryPoint","urlTemplate":"https:\/\/www.artisanlocal.ch\/c\/?s={search_term_string}"},"query-input":{"@type":"PropertyValueSpecification","valueRequired":true,"valueName":"search_term_string"}}],"inLanguage":"fr-FR"},{"@type":"Organization","@id":"https:\/\/www.artisanlocal.ch\/c\/#organization","name":"Artisanlocal","url":"https:\/\/www.artisanlocal.ch\/c\/","logo":{"@type":"ImageObject","inLanguage":"fr-FR","@id":"https:\/\/www.artisanlocal.ch\/c\/#\/schema\/logo\/image\/","url":"https:\/\/www.artisanlocal.ch\/c\/wp-content\/uploads\/2024\/02\/logo-artisanlocal-h.svg","contentUrl":"https:\/\/www.artisanlocal.ch\/c\/wp-content\/uploads\/2024\/02\/logo-artisanlocal-h.svg","caption":"Artisanlocal"},"image":{"@id":"https:\/\/www.artisanlocal.ch\/c\/#\/schema\/logo\/image\/"}}]}},"_links":{"self":[{"href":"https:\/\/www.artisanlocal.ch\/c\/wp-json\/wp\/v2\/pages\/1016","targetHints":{"allow":["GET"]}}],"collection":[{"href":"https:\/\/www.artisanlocal.ch\/c\/wp-json\/wp\/v2\/pages"}],"about":[{"href":"https:\/\/www.artisanlocal.ch\/c\/wp-json\/wp\/v2\/types\/page"}],"author":[{"embeddable":true,"href":"https:\/\/www.artisanlocal.ch\/c\/wp-json\/wp\/v2\/users\/4"}],"replies":[{"embeddable":true,"href":"https:\/\/www.artisanlocal.ch\/c\/wp-json\/wp\/v2\/comments?post=1016"}],"version-history":[{"count":0,"href":"https:\/\/www.artisanlocal.ch\/c\/wp-json\/wp\/v2\/pages\/1016\/revisions"}],"wp:featuredmedia":[{"embeddable":true,"href":"https:\/\/www.artisanlocal.ch\/c\/wp-json\/wp\/v2\/media\/2758"}],"wp:attachment":[{"href":"https:\/\/www.artisanlocal.ch\/c\/wp-json\/wp\/v2\/media?parent=1016"}],"wp:term":[{"taxonomy":"profession","embeddable":true,"href":"https:\/\/www.artisanlocal.ch\/c\/wp-json\/wp\/v2\/profession?post=1016"},{"taxonomy":"location","embeddable":true,"href":"https:\/\/www.artisanlocal.ch\/c\/wp-json\/wp\/v2\/location?post=1016"},{"taxonomy":"canton","embeddable":true,"href":"https:\/\/www.artisanlocal.ch\/c\/wp-json\/wp\/v2\/canton?post=1016"}],"curies":[{"name":"wp","href":"https:\/\/api.w.org\/{rel}","templated":true}]}}