{"id":1017,"date":"2024-05-19T22:41:04","date_gmt":"2024-05-19T20:41:04","guid":{"rendered":"https:\/\/www.artisanlocal.ch\/c\/vos-experts-en-plomberie-a-romanel-sur-lausanne\/"},"modified":"2025-08-26T19:26:54","modified_gmt":"2025-08-26T17:26:54","slug":"vos-experts-en-plomberie-a-romanel-sur-lausanne","status":"publish","type":"page","link":"https:\/\/www.artisanlocal.ch\/c\/vos-experts-en-plomberie-a-romanel-sur-lausanne\/","title":{"rendered":"Vos experts en plomberie \u00e0 Romanel-sur-Lausanne"},"content":{"rendered":"<p>Si vous \u00eates un habitant de Romanel-sur-Lausanne, nos plombiers se d\u00e9placent \u00e0 votre logement.<\/p>\n\r\n<div class=\"box\">\r\n            <div class=\"company-info\">\r\n            <img decoding=\"async\" class=\"company-info__logo\" src=\"https:\/\/www.artisanlocal.ch\/media\/cache\/thumb\/images\/companies\/66ba07c40d56d611449523.png\" alt=\"Logo\">\r\n            <h2 class=\"company-info__name\">Sani-Ther S\u00e0rl<\/h2>\r\n            <p class=\"company-info__business\">Installation sanitaire - chauffage - Entretien - D\u00e9pannage 24\/7<\/p>\r\n        <\/div>\r\n        <div class=\"company-contact\">\r\n            <p class=\"company-info__address\">Chemin de Maillefer 103<\/p>\r\n                            <div class=\"links\">\r\n                                            <a class=\"btn has-accent-background-color js-phoneNumber\" href=\"tel:0793321018\" title=\"Appelez\" data-id=\"25214\" data-type=\"11\">079 332 10 18<\/a>\r\n                                                                <a class=\"btn has-accent-background-color\" href=\"http:\/\/www.sani-ther.ch\" target=\"_blank\" title=\"Voir le site internet\" data-id=\"25214\" data-type=\"20\">Site internet<\/a>\r\n                                    <\/div>\r\n                    <\/div>\r\n    \r\n            \r\n<form action=\"https:\/\/www.artisanlocal.ch\/c\/wp-admin\/admin-ajax.php\" method=\"post\" class=\"form-contact\" id=\"artisan_form_contact_company_inline\">\r\n    <div><input type=\"hidden\" name=\"action\" value=\"company_contact\"><\/div>\r\n    <div><input type=\"hidden\" name=\"nonce\" value=\"cd17951345\"><\/div>\r\n    <div><input type=\"hidden\" name=\"company_id\" value=\"25214\"><\/div>\r\n    <div><input type=\"hidden\" name=\"form_id\" value=\"artisan_form_contact_company_inline\"><\/div>\r\n    <div class=\"gglcptch gglcptch_v3 gglcptch_custom\"><input type=\"hidden\" id=\"g-recaptcha-response\" name=\"g-recaptcha-response\" \/><br \/><div class=\"gglcptch_error_text\">La p\u00e9riode de v\u00e9rification reCAPTCHA a expir\u00e9. Veuillez recharger la page.<\/div><\/div>    <div class=\"form-content\">\r\n        <div class=\"form-group\">\r\n            <label for=\"contact_firstName\" class=\"required\">Pr\u00e9nom<\/label>\r\n            <input type=\"text\" name=\"firstName\" class=\"form-control\" required>\r\n        <\/div>\r\n        <div class=\"form-group\">\r\n            <label for=\"contact_lastName\" class=\"required\">Nom<\/label>\r\n            <input type=\"text\" name=\"lastName\" class=\"form-control\" required>\r\n        <\/div>\r\n        <div class=\"form-group\">\r\n            <label for=\"contact_email\" class=\"required\">Email<\/label>\r\n            <input type=\"email\" name=\"email\" class=\"form-control\" required>\r\n        <\/div>\r\n        <div class=\"form-group\">\r\n            <label for=\"contact_phone\" class=\"required\">Num\u00e9ro de t\u00e9l\u00e9phone<\/label>\r\n            <input type=\"tel\" name=\"phone\" class=\"form-control\" placeholder=\"0787117165\" pattern=\"^[0-9]{10}$\" required>\r\n        <\/div>\r\n        <div class=\"form-group\">\r\n            <label for=\"contact_postalCode\" class=\"required\">Code postal et localit\u00e9<\/label>\r\n            <input type=\"text\" name=\"postalCode\" class=\"form-control\" required>\r\n        <\/div>\r\n        <div class=\"form-group\">\r\n            <label for=\"contact_address\" class=\"required\">Adresse<\/label>\r\n            <input type=\"text\" name=\"address\" class=\"form-control\" required>\r\n        <\/div>\r\n        <div class=\"full-width topic\">\r\n            <p class=\"required\">Je souhaite \u00eatre contact\u00e9 pour :<\/p>\r\n            <div class=\"form-check\">\r\n                <input type=\"radio\" name=\"topic\" value=\"D\u00e9pannage\" class=\"form-control\" required>\r\n                <label for=\"d\u00e9pannage\">D\u00e9pannage<\/label>\r\n            <\/div>\r\n            <div class=\"form-check\">\r\n                <input type=\"radio\" name=\"topic\" value=\"Entretien\" class=\"form-control\" required>\r\n                <label for=\"entretien\">Entretien<\/label>\r\n            <\/div>\r\n            <div class=\"form-check\">\r\n                <input type=\"radio\" name=\"topic\" value=\"R\u00e9novation\" class=\"form-control\" required>\r\n                <label for=\"r\u00e9novation\">R\u00e9novation<\/label>\r\n            <\/div>\r\n            <div class=\"form-check\">\r\n                <input type=\"radio\" name=\"topic\" value=\"Autre\" class=\"form-control\" required>\r\n                <label for=\"autre\">Autre<\/label>\r\n            <\/div>\r\n        <\/div>\r\n        <div class=\"form-group full-width\">\r\n            <label for=\"contact_message\">Message<\/label>\r\n            <textarea name=\"message\" rows=\"3\" class=\"form-control\"><\/textarea>\r\n        <\/div>\r\n    <\/div>\r\n    <div class=\"form-actions\">\r\n        <button class=\"wp-block-button__link has-accent-background-color\">Contacter<\/button>\r\n    <\/div>\r\n<\/form>\r\n<div class=\"form-feedback\"><\/div>    <\/div>\n<h2>Quels sont les avantages de choisir Artisanlocal \u00e0 Romanel-sur-Lausanne ?<\/h2>\n<ul>\n<li>Nous sommes ouverts 24 heures sur 24, 7 jours sur 7, y compris les jours f\u00e9ri\u00e9s.<\/li>\n<li>Nos devis sont gratuits.<\/li>\n<li>Nos artisans emploient les derni\u00e8res technologies et techniques.<\/li>\n<li>Nous sommes situ\u00e9s \u00e0 Romanel-sur-Lausanne permettant \u00e0 nos artisans d&rsquo;intervenir rapidement dans votre domicile.<\/li>\n<li>Nos prix sont attractifs.<\/li>\n<li>Tous nos plombiers sont qualifi\u00e9s et poss\u00e8dent les comp\u00e9tences n\u00e9cessaires.<\/li>\n<li>Nous inspectons votre syst\u00e8me de plomberie avant les r\u00e9parations.<\/li>\n<li>Aucun probl\u00e8me est insurmontable pour notre \u00e9quipe d&rsquo;artisan, nous r\u00e9alisons tous types d&rsquo;interventions.<\/li>\n<\/ul>\n<h2>Les services que nous proposons \u00e0 Romanel-sur-Lausanne<\/h2>\n<ul>\n<li>Nous localisons les fuites et ensuite, nous r\u00e9parons vos canalisations.<\/li>\n<li>Nos artisans plombiers changent vos installations sanitaires.<\/li>\n<li>Nos artisans r\u00e9novent tous vos sanitaires.<\/li>\n<li>Les services de plomberie, comme : l\u2019installation de robinet, \u00e9vier, lavabo et de la tuyauterie.<\/li>\n<li>La pose de chaudi\u00e8res ou de ballons d&rsquo;eau chaude.<\/li>\n<li>Le d\u00e9bouchage et l\u2019assainissement de vos tuyaux.<\/li>\n<li>Nous restaurons compl\u00e8tement les salles de bain.<\/li>\n<li>Nous pouvons aussi r\u00e9aliser aussi la vidange de votre fosse septique.<\/li>\n<\/ul>\n<h2>Comment fonctionne Artisanlocal ?<\/h2>\n<ol>\n<li>Apr\u00e8s avoir pris contact avec nous par email ou par t\u00e9l\u00e9phone, nous rentrons en contact avec vous pour \u00e9valuer votre probl\u00e8me.<\/li>\n<li>Par la suite, nous vous donnons un devis d\u00e9taill\u00e9 et gratuit. Vous ne r\u00e8glerez aucuns frais additionnels, sauf s&rsquo;il y a de gros travaux ou que vous avez besoin de changer des \u00e9l\u00e9ments de votre syst\u00e8me de plomberie.<\/li>\n<li>Apr\u00e8s avoir donn\u00e9 votre accord pour l&rsquo;estimation, nous conviendrons ensemble du jour de l&rsquo;intervention \u00e0 votre foyer.<\/li>\n<\/ol>\n<h2>Entreprise de plomberie pour les particuliers \u00e0 Romanel-sur-Lausanne<\/h2>\n<p>Si votre plomberie est d\u00e9fectueuse, il y a un risque que vous contaminiez l&rsquo;eau de votre foyer, ce qui peut entra\u00eener un risque pour votre famille, c&rsquo;est pour cela que l&rsquo;artisan plombier qui op\u00e8re \u00e0 votre domicile r\u00e9alise :<\/p>\n<ul>\n<li>La r\u00e9paration de fuites.<\/li>\n<li>Le d\u00e9bouchage et le nettoyage de vos canalisations.<\/li>\n<li>La maintenance de votre chauffe-eau.<\/li>\n<li>Le contr\u00f4le de vos tuyaux de canalisations.<\/li>\n<li>La r\u00e9paration de vos canalisations.<\/li>\n<li>La remise en \u00e9tat apr\u00e8s un sinistre.<\/li>\n<\/ul>\n<h2>Artisanlocal aux services des entreprises \u00e0 Romanel-sur-Lausanne<\/h2>\n<p>\u00c0 Romanel-sur-Lausanne, il y a des entreprises, restaurants et commerces de d\u00e9tail. Les robinets qui fuient, les \u00e9vacuations qui refoulent et les chauffe-eau qui fonctionnent mal sont des probl\u00e8mes qui peuvent entra\u00eener une chute de productivit\u00e9 de vos salari\u00e9s ou encore endommager vos installations. Artisanlocal soutiens votre soci\u00e9t\u00e9 pour :<\/p>\n<ul>\n<li>Le d\u00e9gorgement de vos lavabos et le changement de vos robinets.<\/li>\n<li>L&rsquo;inspection par vid\u00e9o et la r\u00e9paration de vos tuyaux d&rsquo;\u00e9vacuations.<\/li>\n<li>Le nettoyage de canalisations avec de l&rsquo;eau \u00e0 haute pression (hydrocurage).<\/li>\n<li>L\u2019installation de nouveaux dispositifs dans votre installation de plomberie.<\/li>\n<li>Le nettoyage, le remplacement ou la remise en \u00e9tat de bac \u00e0 graisse.<\/li>\n<li>La mise en place, la remise en \u00e9tat et l&rsquo;entretien de votre chauffage ou chauffe-eau.<\/li>\n<li>La restauration de vos tuyaux de canalisations.<\/li>\n<li>Le service de d\u00e9pannage de vos \u00e9quipements sanitaires.<\/li>\n<li>L&rsquo;inspection de vos tuyaux par cam\u00e9ra.<\/li>\n<\/ul>\n<h2>Service de nettoyage de vos tuyaux de canalisations \u00e0 Romanel-sur-Lausanne en urgence<\/h2>\n<p>Nos artisans nettoient vos tuyaux de canalisations \u00e0 Romanel-sur-Lausanne en urgence pour vous pr\u00e9server des difficult\u00e9s d\u2019\u00e9coulement de vos eaux us\u00e9es, des remont\u00e9es d\u2019odeurs d\u00e9sagr\u00e9ables ou encore du d\u00e9bordement de vos toilettes, \u00e9viers ou baignoires, de plus, nos artisans plombiers interviennent en urgence pour vos :<\/p>\n<ul>\n<li>\u00c9viers.<\/li>\n<li>WC.<\/li>\n<li>Toits (goutti\u00e8res).<\/li>\n<li>\u00c9gouts.<\/li>\n<li>Tuyauteries. <\/li>\n<\/ul>\n<h2>Nettoyage et entretien des r\u00e9seaux d&rsquo;\u00e9gouts \u00e0 Romanel-sur-Lausanne<\/h2>\n<p>Le r\u00e9seau d&rsquo;\u00e9gouts constitue le c\u0153ur de la plomberie. Il transporte les eaux us\u00e9es des \u00e9viers, des toilettes et des autres \u00e9quipements sanitaires. Lorsque l\u2019\u00e9gout est plein ou \u00e0 des fuites, cela peut endommager votre maison, et mettre votre s\u00e9curit\u00e9 en jeu.<\/p>\n<p>L&rsquo;entretien r\u00e9gulier de votre \u00e9gout permet d&rsquo;\u00e9viter les remont\u00e9es d&rsquo;eau ou encore la cr\u00e9ation de bouchons. Nos artisans plombiers \u00e0 Romanel-sur-Lausanne emploient les derni\u00e8res techniques pour \u00e9liminer, inspecter et restaurer le bon \u00e9coulement des eaux dans vos canalisations.<\/p>\n<p>Artisanlocal peut aussi remplacer votre canalisation d&rsquo;\u00e9gout si elle est trop ab\u00eem\u00e9e. Notre entreprise offre aussi le nettoyage de votre entreprise ou de votre logement \u00e0 la suite d&rsquo;un d\u00e9g\u00e2t des eaux. Pour \u00e9viter la formation de moisissures, nous s\u00e9chons et d\u00e9shumidifions les zones \u00e0 risques.<\/p>\n<h2>R\u00e9parations et installations de chauffe-eau<\/h2>\n<p>Il n&rsquo;y a que de l&rsquo;eau froide dans votre h\u00e9bergement ? Votre cumulus peut rencontrer des probl\u00e8mes. Artisanlocal r\u00e9pare votre chauffe-eau rapidement. Voici les signaux qui indiquent des probl\u00e8mes :<\/p>\n<ul>\n<li>Un faible d\u00e9bit d&rsquo;eau chaude : vous avez peut-\u00eatre une fuite d&rsquo;eau dans votre chauffe-eau, ou un \u00e9l\u00e9ment chauffant en panne ou l&rsquo;accumulation de s\u00e9diments au fond de votre r\u00e9servoir.<\/li>\n<li>Une flaque d&rsquo;eau \u00e0 proximit\u00e9 de votre r\u00e9servoir : la pr\u00e9sence d&rsquo;eau \u00e0 la base du chauffe-eau est le signe d&rsquo;un probl\u00e8me grave, ou la pr\u00e9sence d&rsquo;une fissure dans le r\u00e9servoir.<\/li>\n<li>Des bruits bizarres sortent du cumulus : si vous entendez des sons bizarres, cela peut \u00eatre d\u00fb \u00e0 la grande quantit\u00e9 de s\u00e9diments, un dysfonctionnement de l&rsquo;\u00e9l\u00e9ment chauffant ou d\u2019une fuite d&rsquo;eau.<\/li>\n<li>L&rsquo;eau est d\u00e9color\u00e9e : c&rsquo;est causer par la pr\u00e9sence de substances nocives et de rouille dans votre chauffe-eau.<\/li>\n<li>Le chauffe-eau reste en marche : si vous remarquez que votre cumulus marche tout le temps, cela peut \u00eatre d\u00fb \u00e0 une panne.<\/li>\n<\/ul>\n<p>En contactant nos plombiers d\u00e8s les premiers signaux d&rsquo;alerte, il est possible d&rsquo;\u00e9viter des co\u00fbts \u00e9lev\u00e9s pour vos travaux de r\u00e9parations.<\/p>\n<h2>Prestation de nettoyage apr\u00e8s des d\u00e9g\u00e2ts des eaux<\/h2>\n<p>Nos plombiers peuvent nettoyer votre logement apr\u00e8s un d\u00e9g\u00e2t des eaux \u00e0 Romanel-sur-Lausanne, nos plombiers sont disponibles pour vous aider en cas de caves inond\u00e9es, de fortes pr\u00e9cipitations, d&rsquo;\u00e9clatements de tuyaux, de refoulements d&rsquo;\u00e9gouts, et de d\u00e9bordements de baignoires et de toilettes et d&rsquo;autres probl\u00e8mes de canalisation li\u00e9s \u00e0 un d\u00e9g\u00e2t des eaux.<\/p>\n<h2>Foire aux questions<\/h2>\n<h3>Quel montant pour faire intervenir un plombier \u00e0 Romanel-sur-Lausanne ?<\/h3>\n<p>Apr\u00e8s avoir analys\u00e9 votre souci de plomberie, les artisans plombiers d&rsquo;Artisanlocal calculent le prix de l&rsquo;intervention. Les tarifs de nos services sont donn\u00e9s \u00e0 titre indicatif \u00e0 Romanel-sur-Lausanne :<\/p>\n<table border=\"1\">\n<tbody>\n<tr>\n<th>Prestations<\/th>\n<th>Prix CHF<\/th>\n<\/tr>\n<tr>\n<td>Mise en place d\u2019un lavabo<\/td>\n<td>280.00<\/td>\n<\/tr>\n<tr>\n<td>Taux horaire : installation sanitaire<\/td>\n<td>110.00 \u00e0 129.00<\/td>\n<\/tr>\n<tr>\n<td>Mise en place et raccordement, d\u2019un siphon \u00e0 un \u00e9vier<\/td>\n<td>70.00<\/td>\n<\/tr>\n<tr>\n<td>Montage mobilier de salle de bain<\/td>\n<td>95.00<\/td>\n<\/tr>\n<tr>\n<td>Pose et raccord, d\u2019une douche \u00e0 la tuyauterie<\/td>\n<td>86.00<\/td>\n<\/tr>\n<tr>\n<td>Installation d\u2019un r\u00e9servoir de toilette<\/td>\n<td>112.00<\/td>\n<\/tr>\n<tr>\n<td>Pose d\u2019accessoires de salle de bain<\/td>\n<td>60.00<\/td>\n<\/tr>\n<tr>\n<td>Mise en place d\u2019un toilette suspendu<\/td>\n<td>170.00<\/td>\n<\/tr>\n<tr>\n<td>D\u00e9placement du plombier aller-retour<\/td>\n<td>100.00<\/td>\n<\/tr>\n<\/tbody>\n<\/table>\n<h3>Votre entreprise de plomberie \u00e0 Romanel-sur-Lausanne est ouverte le dimanche et le samedi ?<\/h3>\n<p>Notre prestation de plomberie est disponible 24h\/24, 7j\/7 et m\u00eame les jours f\u00e9ri\u00e9s.<\/p>\n<h3>Les artisans plombiers effectuent des interventions \u00e0 Romanel-sur-Lausanne et dans les communes voisines ?<\/h3>\n<p>Nos artisans plombiers se d\u00e9placent \u00e0 Romanel-sur-Lausanne, comme dans les communes aux environs, telles que : Cheseaux-sur-Lausanne, Le Mont-sur-Lausanne, Bretigny-sur-Morrens, Cugy VD, Morrens VD, Froideville, Epalinges.<\/p>\n","protected":false},"excerpt":{"rendered":"<p>Si vous \u00eates un habitant de Romanel-sur-Lausanne, nos plombiers se d\u00e9placent \u00e0 votre logement. Quels sont les avantages de choisir Artisanlocal \u00e0 Romanel-sur-Lausanne ? Nous sommes ouverts 24 heures sur 24, 7 jours sur 7, y compris les jours f\u00e9ri\u00e9s. Nos devis sont gratuits. Nos artisans emploient les derni\u00e8res technologies et techniques. Nous sommes situ\u00e9s [&hellip;]<\/p>\n","protected":false},"author":4,"featured_media":2758,"parent":0,"menu_order":0,"comment_status":"closed","ping_status":"closed","template":"","meta":{"footnotes":""},"profession":[123],"location":[90],"canton":[113],"class_list":["post-1017","page","type-page","status-publish","has-post-thumbnail","hentry","profession-sanitaire","location-romanel-sur-lausanne","canton-vd"],"yoast_head":"<!-- This site is optimized with the Yoast SEO Premium plugin v25.7.1 (Yoast SEO v27.3) - https:\/\/yoast.com\/product\/yoast-seo-premium-wordpress\/ -->\n<title>Vos experts en plomberie \u00e0 Romanel-sur-Lausanne - Artisanlocal<\/title>\n<meta name=\"robots\" content=\"index, follow, max-snippet:-1, max-image-preview:large, max-video-preview:-1\" \/>\n<link rel=\"canonical\" href=\"https:\/\/www.artisanlocal.ch\/c\/vos-experts-en-plomberie-a-romanel-sur-lausanne\/\" \/>\n<meta property=\"og:locale\" content=\"fr_FR\" \/>\n<meta property=\"og:type\" content=\"article\" \/>\n<meta property=\"og:title\" content=\"Vos experts en plomberie \u00e0 Romanel-sur-Lausanne\" \/>\n<meta property=\"og:description\" content=\"Si vous \u00eates un habitant de Romanel-sur-Lausanne, nos plombiers se d\u00e9placent \u00e0 votre logement. Quels sont les avantages de choisir Artisanlocal \u00e0 Romanel-sur-Lausanne ? Nous sommes ouverts 24 heures sur 24, 7 jours sur 7, y compris les jours f\u00e9ri\u00e9s. Nos devis sont gratuits. Nos artisans emploient les derni\u00e8res technologies et techniques. Nous sommes situ\u00e9s [&hellip;]\" \/>\n<meta property=\"og:url\" content=\"https:\/\/www.artisanlocal.ch\/c\/vos-experts-en-plomberie-a-romanel-sur-lausanne\/\" \/>\n<meta property=\"og:site_name\" content=\"Artisanlocal\" \/>\n<meta property=\"article:modified_time\" content=\"2025-08-26T17:26:54+00:00\" \/>\n<meta property=\"og:image\" content=\"https:\/\/www.artisanlocal.ch\/c\/wp-content\/uploads\/2024\/10\/plombier.jpg\" \/>\n\t<meta property=\"og:image:width\" content=\"1920\" \/>\n\t<meta property=\"og:image:height\" content=\"300\" \/>\n\t<meta property=\"og:image:type\" content=\"image\/jpeg\" \/>\n<meta name=\"twitter:card\" content=\"summary_large_image\" \/>\n<meta name=\"twitter:label1\" content=\"Dur\u00e9e de lecture estim\u00e9e\" \/>\n\t<meta name=\"twitter:data1\" content=\"6 minutes\" \/>\n<script type=\"application\/ld+json\" class=\"yoast-schema-graph\">{\"@context\":\"https:\\\/\\\/schema.org\",\"@graph\":[{\"@type\":\"WebPage\",\"@id\":\"https:\\\/\\\/www.artisanlocal.ch\\\/c\\\/vos-experts-en-plomberie-a-romanel-sur-lausanne\\\/\",\"url\":\"https:\\\/\\\/www.artisanlocal.ch\\\/c\\\/vos-experts-en-plomberie-a-romanel-sur-lausanne\\\/\",\"name\":\"Vos experts en plomberie \u00e0 Romanel-sur-Lausanne - Artisanlocal\",\"isPartOf\":{\"@id\":\"https:\\\/\\\/www.artisanlocal.ch\\\/c\\\/#website\"},\"primaryImageOfPage\":{\"@id\":\"https:\\\/\\\/www.artisanlocal.ch\\\/c\\\/vos-experts-en-plomberie-a-romanel-sur-lausanne\\\/#primaryimage\"},\"image\":{\"@id\":\"https:\\\/\\\/www.artisanlocal.ch\\\/c\\\/vos-experts-en-plomberie-a-romanel-sur-lausanne\\\/#primaryimage\"},\"thumbnailUrl\":\"https:\\\/\\\/www.artisanlocal.ch\\\/c\\\/wp-content\\\/uploads\\\/2024\\\/10\\\/plombier.jpg\",\"datePublished\":\"2024-05-19T20:41:04+00:00\",\"dateModified\":\"2025-08-26T17:26:54+00:00\",\"breadcrumb\":{\"@id\":\"https:\\\/\\\/www.artisanlocal.ch\\\/c\\\/vos-experts-en-plomberie-a-romanel-sur-lausanne\\\/#breadcrumb\"},\"inLanguage\":\"fr-FR\",\"potentialAction\":[{\"@type\":\"ReadAction\",\"target\":[\"https:\\\/\\\/www.artisanlocal.ch\\\/c\\\/vos-experts-en-plomberie-a-romanel-sur-lausanne\\\/\"]}]},{\"@type\":\"ImageObject\",\"inLanguage\":\"fr-FR\",\"@id\":\"https:\\\/\\\/www.artisanlocal.ch\\\/c\\\/vos-experts-en-plomberie-a-romanel-sur-lausanne\\\/#primaryimage\",\"url\":\"https:\\\/\\\/www.artisanlocal.ch\\\/c\\\/wp-content\\\/uploads\\\/2024\\\/10\\\/plombier.jpg\",\"contentUrl\":\"https:\\\/\\\/www.artisanlocal.ch\\\/c\\\/wp-content\\\/uploads\\\/2024\\\/10\\\/plombier.jpg\",\"width\":1920,\"height\":300},{\"@type\":\"BreadcrumbList\",\"@id\":\"https:\\\/\\\/www.artisanlocal.ch\\\/c\\\/vos-experts-en-plomberie-a-romanel-sur-lausanne\\\/#breadcrumb\",\"itemListElement\":[{\"@type\":\"ListItem\",\"position\":1,\"name\":\"Accueil\",\"item\":\"https:\\\/\\\/www.artisanlocal.ch\\\/c\\\/\"},{\"@type\":\"ListItem\",\"position\":2,\"name\":\"Vos experts en plomberie \u00e0 Romanel-sur-Lausanne\"}]},{\"@type\":\"WebSite\",\"@id\":\"https:\\\/\\\/www.artisanlocal.ch\\\/c\\\/#website\",\"url\":\"https:\\\/\\\/www.artisanlocal.ch\\\/c\\\/\",\"name\":\"Artisanlocal\",\"description\":\"\",\"publisher\":{\"@id\":\"https:\\\/\\\/www.artisanlocal.ch\\\/c\\\/#organization\"},\"potentialAction\":[{\"@type\":\"SearchAction\",\"target\":{\"@type\":\"EntryPoint\",\"urlTemplate\":\"https:\\\/\\\/www.artisanlocal.ch\\\/c\\\/?s={search_term_string}\"},\"query-input\":{\"@type\":\"PropertyValueSpecification\",\"valueRequired\":true,\"valueName\":\"search_term_string\"}}],\"inLanguage\":\"fr-FR\"},{\"@type\":\"Organization\",\"@id\":\"https:\\\/\\\/www.artisanlocal.ch\\\/c\\\/#organization\",\"name\":\"Artisanlocal\",\"url\":\"https:\\\/\\\/www.artisanlocal.ch\\\/c\\\/\",\"logo\":{\"@type\":\"ImageObject\",\"inLanguage\":\"fr-FR\",\"@id\":\"https:\\\/\\\/www.artisanlocal.ch\\\/c\\\/#\\\/schema\\\/logo\\\/image\\\/\",\"url\":\"https:\\\/\\\/www.artisanlocal.ch\\\/c\\\/wp-content\\\/uploads\\\/2024\\\/02\\\/logo-artisanlocal-h.svg\",\"contentUrl\":\"https:\\\/\\\/www.artisanlocal.ch\\\/c\\\/wp-content\\\/uploads\\\/2024\\\/02\\\/logo-artisanlocal-h.svg\",\"caption\":\"Artisanlocal\"},\"image\":{\"@id\":\"https:\\\/\\\/www.artisanlocal.ch\\\/c\\\/#\\\/schema\\\/logo\\\/image\\\/\"}}]}<\/script>\n<!-- \/ Yoast SEO Premium plugin. -->","yoast_head_json":{"title":"Vos experts en plomberie \u00e0 Romanel-sur-Lausanne - Artisanlocal","robots":{"index":"index","follow":"follow","max-snippet":"max-snippet:-1","max-image-preview":"max-image-preview:large","max-video-preview":"max-video-preview:-1"},"canonical":"https:\/\/www.artisanlocal.ch\/c\/vos-experts-en-plomberie-a-romanel-sur-lausanne\/","og_locale":"fr_FR","og_type":"article","og_title":"Vos experts en plomberie \u00e0 Romanel-sur-Lausanne","og_description":"Si vous \u00eates un habitant de Romanel-sur-Lausanne, nos plombiers se d\u00e9placent \u00e0 votre logement. Quels sont les avantages de choisir Artisanlocal \u00e0 Romanel-sur-Lausanne ? Nous sommes ouverts 24 heures sur 24, 7 jours sur 7, y compris les jours f\u00e9ri\u00e9s. Nos devis sont gratuits. Nos artisans emploient les derni\u00e8res technologies et techniques. Nous sommes situ\u00e9s [&hellip;]","og_url":"https:\/\/www.artisanlocal.ch\/c\/vos-experts-en-plomberie-a-romanel-sur-lausanne\/","og_site_name":"Artisanlocal","article_modified_time":"2025-08-26T17:26:54+00:00","og_image":[{"width":1920,"height":300,"url":"https:\/\/www.artisanlocal.ch\/c\/wp-content\/uploads\/2024\/10\/plombier.jpg","type":"image\/jpeg"}],"twitter_card":"summary_large_image","twitter_misc":{"Dur\u00e9e de lecture estim\u00e9e":"6 minutes"},"schema":{"@context":"https:\/\/schema.org","@graph":[{"@type":"WebPage","@id":"https:\/\/www.artisanlocal.ch\/c\/vos-experts-en-plomberie-a-romanel-sur-lausanne\/","url":"https:\/\/www.artisanlocal.ch\/c\/vos-experts-en-plomberie-a-romanel-sur-lausanne\/","name":"Vos experts en plomberie \u00e0 Romanel-sur-Lausanne - Artisanlocal","isPartOf":{"@id":"https:\/\/www.artisanlocal.ch\/c\/#website"},"primaryImageOfPage":{"@id":"https:\/\/www.artisanlocal.ch\/c\/vos-experts-en-plomberie-a-romanel-sur-lausanne\/#primaryimage"},"image":{"@id":"https:\/\/www.artisanlocal.ch\/c\/vos-experts-en-plomberie-a-romanel-sur-lausanne\/#primaryimage"},"thumbnailUrl":"https:\/\/www.artisanlocal.ch\/c\/wp-content\/uploads\/2024\/10\/plombier.jpg","datePublished":"2024-05-19T20:41:04+00:00","dateModified":"2025-08-26T17:26:54+00:00","breadcrumb":{"@id":"https:\/\/www.artisanlocal.ch\/c\/vos-experts-en-plomberie-a-romanel-sur-lausanne\/#breadcrumb"},"inLanguage":"fr-FR","potentialAction":[{"@type":"ReadAction","target":["https:\/\/www.artisanlocal.ch\/c\/vos-experts-en-plomberie-a-romanel-sur-lausanne\/"]}]},{"@type":"ImageObject","inLanguage":"fr-FR","@id":"https:\/\/www.artisanlocal.ch\/c\/vos-experts-en-plomberie-a-romanel-sur-lausanne\/#primaryimage","url":"https:\/\/www.artisanlocal.ch\/c\/wp-content\/uploads\/2024\/10\/plombier.jpg","contentUrl":"https:\/\/www.artisanlocal.ch\/c\/wp-content\/uploads\/2024\/10\/plombier.jpg","width":1920,"height":300},{"@type":"BreadcrumbList","@id":"https:\/\/www.artisanlocal.ch\/c\/vos-experts-en-plomberie-a-romanel-sur-lausanne\/#breadcrumb","itemListElement":[{"@type":"ListItem","position":1,"name":"Accueil","item":"https:\/\/www.artisanlocal.ch\/c\/"},{"@type":"ListItem","position":2,"name":"Vos experts en plomberie \u00e0 Romanel-sur-Lausanne"}]},{"@type":"WebSite","@id":"https:\/\/www.artisanlocal.ch\/c\/#website","url":"https:\/\/www.artisanlocal.ch\/c\/","name":"Artisanlocal","description":"","publisher":{"@id":"https:\/\/www.artisanlocal.ch\/c\/#organization"},"potentialAction":[{"@type":"SearchAction","target":{"@type":"EntryPoint","urlTemplate":"https:\/\/www.artisanlocal.ch\/c\/?s={search_term_string}"},"query-input":{"@type":"PropertyValueSpecification","valueRequired":true,"valueName":"search_term_string"}}],"inLanguage":"fr-FR"},{"@type":"Organization","@id":"https:\/\/www.artisanlocal.ch\/c\/#organization","name":"Artisanlocal","url":"https:\/\/www.artisanlocal.ch\/c\/","logo":{"@type":"ImageObject","inLanguage":"fr-FR","@id":"https:\/\/www.artisanlocal.ch\/c\/#\/schema\/logo\/image\/","url":"https:\/\/www.artisanlocal.ch\/c\/wp-content\/uploads\/2024\/02\/logo-artisanlocal-h.svg","contentUrl":"https:\/\/www.artisanlocal.ch\/c\/wp-content\/uploads\/2024\/02\/logo-artisanlocal-h.svg","caption":"Artisanlocal"},"image":{"@id":"https:\/\/www.artisanlocal.ch\/c\/#\/schema\/logo\/image\/"}}]}},"_links":{"self":[{"href":"https:\/\/www.artisanlocal.ch\/c\/wp-json\/wp\/v2\/pages\/1017","targetHints":{"allow":["GET"]}}],"collection":[{"href":"https:\/\/www.artisanlocal.ch\/c\/wp-json\/wp\/v2\/pages"}],"about":[{"href":"https:\/\/www.artisanlocal.ch\/c\/wp-json\/wp\/v2\/types\/page"}],"author":[{"embeddable":true,"href":"https:\/\/www.artisanlocal.ch\/c\/wp-json\/wp\/v2\/users\/4"}],"replies":[{"embeddable":true,"href":"https:\/\/www.artisanlocal.ch\/c\/wp-json\/wp\/v2\/comments?post=1017"}],"version-history":[{"count":0,"href":"https:\/\/www.artisanlocal.ch\/c\/wp-json\/wp\/v2\/pages\/1017\/revisions"}],"wp:featuredmedia":[{"embeddable":true,"href":"https:\/\/www.artisanlocal.ch\/c\/wp-json\/wp\/v2\/media\/2758"}],"wp:attachment":[{"href":"https:\/\/www.artisanlocal.ch\/c\/wp-json\/wp\/v2\/media?parent=1017"}],"wp:term":[{"taxonomy":"profession","embeddable":true,"href":"https:\/\/www.artisanlocal.ch\/c\/wp-json\/wp\/v2\/profession?post=1017"},{"taxonomy":"location","embeddable":true,"href":"https:\/\/www.artisanlocal.ch\/c\/wp-json\/wp\/v2\/location?post=1017"},{"taxonomy":"canton","embeddable":true,"href":"https:\/\/www.artisanlocal.ch\/c\/wp-json\/wp\/v2\/canton?post=1017"}],"curies":[{"name":"wp","href":"https:\/\/api.w.org\/{rel}","templated":true}]}}