{"id":1018,"date":"2024-05-19T20:51:45","date_gmt":"2024-05-19T18:51:45","guid":{"rendered":"https:\/\/www.artisanlocal.ch\/c\/plombier-lutry\/"},"modified":"2025-11-12T12:34:00","modified_gmt":"2025-11-12T11:34:00","slug":"plombier-lutry","status":"publish","type":"page","link":"https:\/\/www.artisanlocal.ch\/c\/plombier-lutry\/","title":{"rendered":"Plombier Lutry"},"content":{"rendered":"<p>Besoin d&rsquo;un plombier \u00e0 Lutry ? Nos plombiers interviennent en urgence \u00e0 Lutry et dans les villes proches<\/p>\n\r\n<div class=\"box\">\r\n            <div class=\"company-info\">\r\n            <img decoding=\"async\" class=\"company-info__logo\" src=\"https:\/\/www.artisanlocal.ch\/media\/cache\/thumb\/images\/companies\/df-sanitaire.jpg\" alt=\"Logo\">\r\n            <h2 class=\"company-info__name\">DF Sanitaire SA<\/h2>\r\n            <p class=\"company-info__business\">Installations sanitaires - Chauffages - Ventilation - Salle de bain - D\u00e9pannage - Entretien - Installation - R\u00e9novation<\/p>\r\n        <\/div>\r\n        <div class=\"company-contact\">\r\n            <p class=\"company-info__address\">Route des Chaffeises 3<\/p>\r\n                            <div class=\"links\">\r\n                                            <a class=\"btn has-accent-background-color js-phoneNumber\" href=\"tel:0786573852\" title=\"Appelez\" data-id=\"741\" data-type=\"11\">078 657 38 52<\/a>\r\n                                                                <a class=\"btn has-accent-background-color\" href=\"http:\/\/www.dfsanitaire.ch\/\" target=\"_blank\" title=\"Voir le site internet\" data-id=\"741\" data-type=\"20\">Site internet<\/a>\r\n                                    <\/div>\r\n                    <\/div>\r\n    \r\n            \r\n<form action=\"https:\/\/www.artisanlocal.ch\/c\/wp-admin\/admin-ajax.php\" method=\"post\" class=\"form-contact\" id=\"artisan_form_contact_company_inline\">\r\n    <div><input type=\"hidden\" name=\"action\" value=\"company_contact\"><\/div>\r\n    <div><input type=\"hidden\" name=\"nonce\" value=\"1046d5a4e8\"><\/div>\r\n    <div><input type=\"hidden\" name=\"company_id\" value=\"741\"><\/div>\r\n    <div><input type=\"hidden\" name=\"form_id\" value=\"artisan_form_contact_company_inline\"><\/div>\r\n    <div class=\"gglcptch gglcptch_v3 gglcptch_custom\"><input type=\"hidden\" id=\"g-recaptcha-response\" name=\"g-recaptcha-response\" \/><br \/><div class=\"gglcptch_error_text\">La p\u00e9riode de v\u00e9rification reCAPTCHA a expir\u00e9. Veuillez recharger la page.<\/div><\/div>    <div class=\"form-content\">\r\n        <div class=\"form-group\">\r\n            <label for=\"contact_firstName\" class=\"required\">Pr\u00e9nom<\/label>\r\n            <input type=\"text\" name=\"firstName\" class=\"form-control\" required>\r\n        <\/div>\r\n        <div class=\"form-group\">\r\n            <label for=\"contact_lastName\" class=\"required\">Nom<\/label>\r\n            <input type=\"text\" name=\"lastName\" class=\"form-control\" required>\r\n        <\/div>\r\n        <div class=\"form-group\">\r\n            <label for=\"contact_email\" class=\"required\">Email<\/label>\r\n            <input type=\"email\" name=\"email\" class=\"form-control\" required>\r\n        <\/div>\r\n        <div class=\"form-group\">\r\n            <label for=\"contact_phone\" class=\"required\">Num\u00e9ro de t\u00e9l\u00e9phone<\/label>\r\n            <input type=\"tel\" name=\"phone\" class=\"form-control\" placeholder=\"0787117165\" pattern=\"^[0-9]{10}$\" required>\r\n        <\/div>\r\n        <div class=\"form-group\">\r\n            <label for=\"contact_postalCode\" class=\"required\">Code postal et localit\u00e9<\/label>\r\n            <input type=\"text\" name=\"postalCode\" class=\"form-control\" required>\r\n        <\/div>\r\n        <div class=\"form-group\">\r\n            <label for=\"contact_address\" class=\"required\">Adresse<\/label>\r\n            <input type=\"text\" name=\"address\" class=\"form-control\" required>\r\n        <\/div>\r\n        <div class=\"full-width topic\">\r\n            <p class=\"required\">Je souhaite \u00eatre contact\u00e9 pour :<\/p>\r\n            <div class=\"form-check\">\r\n                <input type=\"radio\" name=\"topic\" value=\"D\u00e9pannage\" class=\"form-control\" required>\r\n                <label for=\"d\u00e9pannage\">D\u00e9pannage<\/label>\r\n            <\/div>\r\n            <div class=\"form-check\">\r\n                <input type=\"radio\" name=\"topic\" value=\"Entretien\" class=\"form-control\" required>\r\n                <label for=\"entretien\">Entretien<\/label>\r\n            <\/div>\r\n            <div class=\"form-check\">\r\n                <input type=\"radio\" name=\"topic\" value=\"R\u00e9novation\" class=\"form-control\" required>\r\n                <label for=\"r\u00e9novation\">R\u00e9novation<\/label>\r\n            <\/div>\r\n            <div class=\"form-check\">\r\n                <input type=\"radio\" name=\"topic\" value=\"Autre\" class=\"form-control\" required>\r\n                <label for=\"autre\">Autre<\/label>\r\n            <\/div>\r\n        <\/div>\r\n        <div class=\"form-group full-width\">\r\n            <label for=\"contact_message\">Message<\/label>\r\n            <textarea name=\"message\" rows=\"3\" class=\"form-control\"><\/textarea>\r\n        <\/div>\r\n    <\/div>\r\n    <div class=\"form-actions\">\r\n        <button class=\"wp-block-button__link has-accent-background-color\">Contacter<\/button>\r\n    <\/div>\r\n<\/form>\r\n<div class=\"form-feedback\"><\/div>    <\/div>\n<h2>Pourquoi choisir Artisanlocal \u00e0 Lutry ?<\/h2>\n<ul>\n<li>Ouvert 24 heures sur 24, 7 jours sur 7, y compris les jours f\u00e9ri\u00e9s.<\/li>\n<li>Devis gratuits.<\/li>\n<li>Utilisation des derni\u00e8res techniques.<\/li>\n<li>Entreprise situ\u00e9e \u00e0 Lutry permettant \u00e0 nos artisans d&rsquo;intervenir rapidement.<\/li>\n<li>Des tarifs comp\u00e9titifs.<\/li>\n<li>Inspection de la plomberie avant les travaux.<\/li>\n<li>Nous d\u00e9bouchons et r\u00e9novons tous types de tuyaux.<\/li>\n<\/ul>\n<h2>Les services que nous proposons \u00e0 Lutry<\/h2>\n<ul>\n<li>Localisation de fuites et r\u00e9paration de tuyaux.<\/li>\n<li>Remplacement de sanitaire.<\/li>\n<li>R\u00e9paration de sanitaires.<\/li>\n<li>Installation de : lavabo, \u00e9vier, tuyauterie et robinet.<\/li>\n<li>Installation de ballon d&rsquo;eau chaude et de chaudi\u00e8re.<\/li>\n<li>D\u00e9bouchage et assainissement de canalisation.<\/li>\n<li>R\u00e9novation de salle d&rsquo;eau.<\/li>\n<li>Vidange de votre fosse septique.<\/li>\n<\/ul>\n<h2>Quel est le fonctionnement d&rsquo;Artisanlocal \u00e0 Lutry ?<\/h2>\n<ol>\n<li>Suite \u00e0 votre prise de contact par t\u00e9l\u00e9phone ou mail, un de nos artisans vous contacte pour \u00e9tudier l&rsquo;\u00e9tendue de votre probl\u00e8me.<\/li>\n<li>Par la suite, nous vous transmettons un devis d\u00e9taill\u00e9 et gratuit. Vous ne paierez aucuns frais additionnels, sauf s&rsquo;il y a de gros travaux ou qu&rsquo;il est n\u00e9cessaire de remplacer des \u00e9l\u00e9ments de votre plomberie.<\/li>\n<li>Une fois que vous avez valid\u00e9 notre devis, notre artisan d\u00e9termine avec vous le jour de l&rsquo;intervention.<\/li>\n<\/ol>\n<h2>Services de plomberie pour les particuliers \u00e0 Lutry<\/h2>\n<p>En cas de probl\u00e8me avec votre plomberie, il y a un risque de contamination de l&rsquo;eau, ce qui peut occasionner un danger pour votre famille, c&rsquo;est pour cela que le plombier qui intervient chez vous pour r\u00e9aliser :<\/p>\n<ul>\n<li>La r\u00e9paration de fuites.<\/li>\n<li>Le nettoyage et le d\u00e9bouchage de vos canalisations.<\/li>\n<li>La r\u00e9vision de votre chauffe-eau.<\/li>\n<li>Le contr\u00f4le de vos canalisations.<\/li>\n<li>La r\u00e9paration de vos tuyaux de canalisations.<\/li>\n<li>La remise en \u00e9tat apr\u00e8s un sinistre.<\/li>\n<\/ul>\n<h2>Plombier pour les entreprises \u00e0 Lutry<\/h2>\n<p>Les \u00e9vacuations bouch\u00e9es ou le chauffe-eau qui ne fonctionne pas correctement sont des probl\u00e8mes qui peuvent baisse de productivit\u00e9 de vos employ\u00e9s ou encore d\u00e9grader vos locaux. Artisanlocal intervient pour :<\/p>\n<ul>\n<li>L&rsquo;\u00e9limination des bouchons et l&rsquo;installation d&rsquo;une nouvelle robinetterie.<\/li>\n<li>L&rsquo;inspection par vid\u00e9o et la r\u00e9paration de vos tuyaux.<\/li>\n<li>L\u2019hydrocurage (jet d&rsquo;eau \u00e0 haute pression) de vos canalisations.<\/li>\n<li>La vidange, le nettoyage, le changement ou la r\u00e9paration de bac d\u00e9graisseur.<\/li>\n<li>L&rsquo;installation, l\u2019entretien et la r\u00e9paration de votre chauffage ou chauffe-eau.<\/li>\n<li>La r\u00e9novation de vos canalisations<\/li>\n<li>La v\u00e9rification de vos canalisations par cam\u00e9ra.<\/li>\n<\/ul>\n<h2>Entretien de canalisations en urgence \u00e0 Lutry<\/h2>\n<p>Si vous \u00eates un Lutryen, Artisanlocal intervient en urgence pour le d\u00e9bouchage vos canalisations ou pour r\u00e9gler vos soucis d&rsquo;\u00e9coulement de vos WC, \u00e9viers ou douches.<\/p>\n<h2>Nettoyage et entretien des r\u00e9seaux d&rsquo;\u00e9gouts \u00e0 Lutry<\/h2>\n<p>Le syst\u00e8me d&rsquo;\u00e9gouts repr\u00e9sente l&rsquo;\u00e9l\u00e9ment central de votre plomberie. Il transporte les eaux us\u00e9es des toilettes, des lavabos et des autres \u00e9quipements sanitaires. Lorsque l\u2019\u00e9gout est bouch\u00e9 ou \u00e0 des fuites, cela peut provoquer des d\u00e9g\u00e2ts dans votre logement, et compromettre votre s\u00e9curit\u00e9.<\/p>\n<p>L&rsquo;entretien fr\u00e9quent de votre \u00e9gout permet d&rsquo;\u00e9viter les remont\u00e9es d&rsquo;eau ou encore la formation de bouchons. Nos artisans plombiers \u00e0 Lutry emploient les derni\u00e8res techniques pour contr\u00f4ler, assainir et assurer l&rsquo;\u00e9coulement de l&rsquo;eau dans vos canalisations.<\/p>\n<p>Nos plombiers remplacent les canalisations en cas de dommage important. Notre soci\u00e9t\u00e9 propose aussi le nettoyage de votre entreprise ou de votre appartement \u00e0 la suite d&rsquo;un dommage provoqu\u00e9 par l&rsquo;eau. Nous s\u00e9chons et d\u00e9shumidifions les zones touch\u00e9es afin de minimiser les dangers d&rsquo;apparition de champignons.<\/p>\n<h2>Services de d\u00e9pannage et d&rsquo;installation de chauffe-eau \u00e0 Lutry<\/h2>\n<p>Il n&rsquo;y a que de l&rsquo;eau froide chez vous ? Il se peut que vous ayez des probl\u00e8mes de chauffe-eau. Notre soci\u00e9t\u00e9 effectue le d\u00e9pannage de votre chauffe-eau en urgence. Voici les signes qui indiquent des probl\u00e8mes :<\/p>\n<ul>\n<li>La diminution du d\u00e9bit de l\u2019eau chaude.<\/li>\n<li>La pr\u00e9sence d&rsquo;eau pr\u00e8s de votre chauffe-eau.<\/li>\n<li>Vous percevez des bruits anormaux qui proviennent du chauffe-eau.<\/li>\n<li>La d\u00e9coloration de l&rsquo;eau.<\/li>\n<li>Le cumulus est toujours en fonctionnement.<\/li>\n<\/ul>\n<p>En engageant Artisanlocal d\u00e8s le premier signal d&rsquo;alerte, vous pouvez \u00e9viter des travaux de r\u00e9parations co\u00fbteuses.<\/p>\n<h2>Assistance de nettoyage apr\u00e8s des dommages caus\u00e9s par l&rsquo;eau<\/h2>\n<p>Nos plombiers sont disponibles pour vous apporter une assistance en cas de caves inond\u00e9es, de fortes pr\u00e9cipitations, de ruptures de canalisations, de refoulements d&rsquo;\u00e9gouts, et de d\u00e9bordements de toilettes et de douches et d&rsquo;autres soucis de plomberie li\u00e9s \u00e0 un dommage provoqu\u00e9 par l&rsquo;eau.<\/p>\n<h2>Questions habituellement pos\u00e9es<\/h2>\n<h3>Quel est le prix d\u2019un plombier \u00e0 Lutry ?<\/h3>\n<p>Apr\u00e8s analyse de votre probl\u00e8me de plomberie, Artisanlocal vous fournit un devis gratuit. Voici les montants \u00e0 titre informatif \u00e0 Lutry :<\/p>\n<table border=\"1\">\n<tbody>\n<tr>\n<th>Prestations<\/th>\n<th>Prix CHF<\/th>\n<\/tr>\n<tr>\n<td>Mise en place d\u2019un lavabo<\/td>\n<td>280.00<\/td>\n<\/tr>\n<tr>\n<td>Tarif horaire : installation sanitaire<\/td>\n<td>110.00 \u00e0 129.00<\/td>\n<\/tr>\n<tr>\n<td>Mise en place et raccord, d\u2019un siphon \u00e0 un lavabo<\/td>\n<td>70.00<\/td>\n<\/tr>\n<tr>\n<td>Assemblage mobilier de salle de bain<\/td>\n<td>95.00<\/td>\n<\/tr>\n<tr>\n<td>Installation et raccord, d\u2019une douche \u00e0 la robinetterie<\/td>\n<td>86.00<\/td>\n<\/tr>\n<tr>\n<td>Installation d\u2019un r\u00e9servoir de WC<\/td>\n<td>112.00<\/td>\n<\/tr>\n<tr>\n<td>Pose d\u2019accessoires de salle d&rsquo;eau<\/td>\n<td>60.00<\/td>\n<\/tr>\n<tr>\n<td>Mise en place d\u2019un WC suspendu<\/td>\n<td>170.00<\/td>\n<\/tr>\n<tr>\n<td>D\u00e9placement du plombier aller-retour<\/td>\n<td>100.00<\/td>\n<\/tr>\n<\/tbody>\n<\/table>\n<h3>Votre entreprise \u00e0 Lutry est ouverte le samedi et le dimanche ?<\/h3>\n<p>Oui, Artisanlocal propose un service de plomberie en urgence 24 heures sur 24 et 7 jours sur 7 et les jours f\u00e9ri\u00e9s.<\/p>\n<h3>Les plombiers interviennent \u00e0 Lutry et dans les villes \u00e0 proximit\u00e9 ?<\/h3>\n<p>Nos plombiers interviennent \u00e0 Lutry, et \u00e9galement dans les villes aux alentours, telles que : Pully, Les Monts-de-Pully, La Croix (Lutry), Belmont-sur-Lausanne, La Conversion, Paudex.<\/p>\n","protected":false},"excerpt":{"rendered":"<p>Besoin d&rsquo;un plombier \u00e0 Lutry ? Nos plombiers interviennent en urgence \u00e0 Lutry et dans les villes proches Pourquoi choisir Artisanlocal \u00e0 Lutry ? Ouvert 24 heures sur 24, 7 jours sur 7, y compris les jours f\u00e9ri\u00e9s. Devis gratuits. Utilisation des derni\u00e8res techniques. Entreprise situ\u00e9e \u00e0 Lutry permettant \u00e0 nos artisans d&rsquo;intervenir rapidement. Des [&hellip;]<\/p>\n","protected":false},"author":4,"featured_media":2758,"parent":0,"menu_order":0,"comment_status":"closed","ping_status":"closed","template":"","meta":{"footnotes":""},"profession":[123],"location":[55],"canton":[113],"class_list":["post-1018","page","type-page","status-publish","has-post-thumbnail","hentry","profession-sanitaire","location-lutry","canton-vd"],"yoast_head":"<!-- This site is optimized with the Yoast SEO Premium plugin v25.7.1 (Yoast SEO v27.4) - https:\/\/yoast.com\/product\/yoast-seo-premium-wordpress\/ -->\n<title>Plombier Lutry - Artisanlocal<\/title>\n<meta name=\"robots\" content=\"index, follow, max-snippet:-1, max-image-preview:large, max-video-preview:-1\" \/>\n<link rel=\"canonical\" href=\"https:\/\/www.artisanlocal.ch\/c\/plombier-lutry\/\" \/>\n<meta property=\"og:locale\" content=\"fr_FR\" \/>\n<meta property=\"og:type\" content=\"article\" \/>\n<meta property=\"og:title\" content=\"Plombier Lutry\" \/>\n<meta property=\"og:description\" content=\"Besoin d&rsquo;un plombier \u00e0 Lutry ? Nos plombiers interviennent en urgence \u00e0 Lutry et dans les villes proches Pourquoi choisir Artisanlocal \u00e0 Lutry ? Ouvert 24 heures sur 24, 7 jours sur 7, y compris les jours f\u00e9ri\u00e9s. Devis gratuits. Utilisation des derni\u00e8res techniques. Entreprise situ\u00e9e \u00e0 Lutry permettant \u00e0 nos artisans d&rsquo;intervenir rapidement. Des [&hellip;]\" \/>\n<meta property=\"og:url\" content=\"https:\/\/www.artisanlocal.ch\/c\/plombier-lutry\/\" \/>\n<meta property=\"og:site_name\" content=\"Artisanlocal\" \/>\n<meta property=\"article:modified_time\" content=\"2025-11-12T11:34:00+00:00\" \/>\n<meta property=\"og:image\" content=\"https:\/\/www.artisanlocal.ch\/c\/wp-content\/uploads\/2024\/10\/plombier.jpg\" \/>\n\t<meta property=\"og:image:width\" content=\"1920\" \/>\n\t<meta property=\"og:image:height\" content=\"300\" \/>\n\t<meta property=\"og:image:type\" content=\"image\/jpeg\" \/>\n<meta name=\"twitter:card\" content=\"summary_large_image\" \/>\n<meta name=\"twitter:label1\" content=\"Dur\u00e9e de lecture estim\u00e9e\" \/>\n\t<meta name=\"twitter:data1\" content=\"5 minutes\" \/>\n<script type=\"application\/ld+json\" class=\"yoast-schema-graph\">{\"@context\":\"https:\\\/\\\/schema.org\",\"@graph\":[{\"@type\":\"WebPage\",\"@id\":\"https:\\\/\\\/www.artisanlocal.ch\\\/c\\\/plombier-lutry\\\/\",\"url\":\"https:\\\/\\\/www.artisanlocal.ch\\\/c\\\/plombier-lutry\\\/\",\"name\":\"Plombier Lutry - Artisanlocal\",\"isPartOf\":{\"@id\":\"https:\\\/\\\/www.artisanlocal.ch\\\/c\\\/#website\"},\"primaryImageOfPage\":{\"@id\":\"https:\\\/\\\/www.artisanlocal.ch\\\/c\\\/plombier-lutry\\\/#primaryimage\"},\"image\":{\"@id\":\"https:\\\/\\\/www.artisanlocal.ch\\\/c\\\/plombier-lutry\\\/#primaryimage\"},\"thumbnailUrl\":\"https:\\\/\\\/www.artisanlocal.ch\\\/c\\\/wp-content\\\/uploads\\\/2024\\\/10\\\/plombier.jpg\",\"datePublished\":\"2024-05-19T18:51:45+00:00\",\"dateModified\":\"2025-11-12T11:34:00+00:00\",\"breadcrumb\":{\"@id\":\"https:\\\/\\\/www.artisanlocal.ch\\\/c\\\/plombier-lutry\\\/#breadcrumb\"},\"inLanguage\":\"fr-FR\",\"potentialAction\":[{\"@type\":\"ReadAction\",\"target\":[\"https:\\\/\\\/www.artisanlocal.ch\\\/c\\\/plombier-lutry\\\/\"]}]},{\"@type\":\"ImageObject\",\"inLanguage\":\"fr-FR\",\"@id\":\"https:\\\/\\\/www.artisanlocal.ch\\\/c\\\/plombier-lutry\\\/#primaryimage\",\"url\":\"https:\\\/\\\/www.artisanlocal.ch\\\/c\\\/wp-content\\\/uploads\\\/2024\\\/10\\\/plombier.jpg\",\"contentUrl\":\"https:\\\/\\\/www.artisanlocal.ch\\\/c\\\/wp-content\\\/uploads\\\/2024\\\/10\\\/plombier.jpg\",\"width\":1920,\"height\":300},{\"@type\":\"BreadcrumbList\",\"@id\":\"https:\\\/\\\/www.artisanlocal.ch\\\/c\\\/plombier-lutry\\\/#breadcrumb\",\"itemListElement\":[{\"@type\":\"ListItem\",\"position\":1,\"name\":\"Accueil\",\"item\":\"https:\\\/\\\/www.artisanlocal.ch\\\/c\\\/\"},{\"@type\":\"ListItem\",\"position\":2,\"name\":\"Plombier Lutry\"}]},{\"@type\":\"WebSite\",\"@id\":\"https:\\\/\\\/www.artisanlocal.ch\\\/c\\\/#website\",\"url\":\"https:\\\/\\\/www.artisanlocal.ch\\\/c\\\/\",\"name\":\"Artisanlocal\",\"description\":\"\",\"publisher\":{\"@id\":\"https:\\\/\\\/www.artisanlocal.ch\\\/c\\\/#organization\"},\"potentialAction\":[{\"@type\":\"SearchAction\",\"target\":{\"@type\":\"EntryPoint\",\"urlTemplate\":\"https:\\\/\\\/www.artisanlocal.ch\\\/c\\\/?s={search_term_string}\"},\"query-input\":{\"@type\":\"PropertyValueSpecification\",\"valueRequired\":true,\"valueName\":\"search_term_string\"}}],\"inLanguage\":\"fr-FR\"},{\"@type\":\"Organization\",\"@id\":\"https:\\\/\\\/www.artisanlocal.ch\\\/c\\\/#organization\",\"name\":\"Artisanlocal\",\"url\":\"https:\\\/\\\/www.artisanlocal.ch\\\/c\\\/\",\"logo\":{\"@type\":\"ImageObject\",\"inLanguage\":\"fr-FR\",\"@id\":\"https:\\\/\\\/www.artisanlocal.ch\\\/c\\\/#\\\/schema\\\/logo\\\/image\\\/\",\"url\":\"https:\\\/\\\/www.artisanlocal.ch\\\/c\\\/wp-content\\\/uploads\\\/2024\\\/02\\\/logo-artisanlocal-h.svg\",\"contentUrl\":\"https:\\\/\\\/www.artisanlocal.ch\\\/c\\\/wp-content\\\/uploads\\\/2024\\\/02\\\/logo-artisanlocal-h.svg\",\"caption\":\"Artisanlocal\"},\"image\":{\"@id\":\"https:\\\/\\\/www.artisanlocal.ch\\\/c\\\/#\\\/schema\\\/logo\\\/image\\\/\"}}]}<\/script>\n<!-- \/ Yoast SEO Premium plugin. -->","yoast_head_json":{"title":"Plombier Lutry - Artisanlocal","robots":{"index":"index","follow":"follow","max-snippet":"max-snippet:-1","max-image-preview":"max-image-preview:large","max-video-preview":"max-video-preview:-1"},"canonical":"https:\/\/www.artisanlocal.ch\/c\/plombier-lutry\/","og_locale":"fr_FR","og_type":"article","og_title":"Plombier Lutry","og_description":"Besoin d&rsquo;un plombier \u00e0 Lutry ? Nos plombiers interviennent en urgence \u00e0 Lutry et dans les villes proches Pourquoi choisir Artisanlocal \u00e0 Lutry ? Ouvert 24 heures sur 24, 7 jours sur 7, y compris les jours f\u00e9ri\u00e9s. Devis gratuits. Utilisation des derni\u00e8res techniques. Entreprise situ\u00e9e \u00e0 Lutry permettant \u00e0 nos artisans d&rsquo;intervenir rapidement. Des [&hellip;]","og_url":"https:\/\/www.artisanlocal.ch\/c\/plombier-lutry\/","og_site_name":"Artisanlocal","article_modified_time":"2025-11-12T11:34:00+00:00","og_image":[{"width":1920,"height":300,"url":"https:\/\/www.artisanlocal.ch\/c\/wp-content\/uploads\/2024\/10\/plombier.jpg","type":"image\/jpeg"}],"twitter_card":"summary_large_image","twitter_misc":{"Dur\u00e9e de lecture estim\u00e9e":"5 minutes"},"schema":{"@context":"https:\/\/schema.org","@graph":[{"@type":"WebPage","@id":"https:\/\/www.artisanlocal.ch\/c\/plombier-lutry\/","url":"https:\/\/www.artisanlocal.ch\/c\/plombier-lutry\/","name":"Plombier Lutry - Artisanlocal","isPartOf":{"@id":"https:\/\/www.artisanlocal.ch\/c\/#website"},"primaryImageOfPage":{"@id":"https:\/\/www.artisanlocal.ch\/c\/plombier-lutry\/#primaryimage"},"image":{"@id":"https:\/\/www.artisanlocal.ch\/c\/plombier-lutry\/#primaryimage"},"thumbnailUrl":"https:\/\/www.artisanlocal.ch\/c\/wp-content\/uploads\/2024\/10\/plombier.jpg","datePublished":"2024-05-19T18:51:45+00:00","dateModified":"2025-11-12T11:34:00+00:00","breadcrumb":{"@id":"https:\/\/www.artisanlocal.ch\/c\/plombier-lutry\/#breadcrumb"},"inLanguage":"fr-FR","potentialAction":[{"@type":"ReadAction","target":["https:\/\/www.artisanlocal.ch\/c\/plombier-lutry\/"]}]},{"@type":"ImageObject","inLanguage":"fr-FR","@id":"https:\/\/www.artisanlocal.ch\/c\/plombier-lutry\/#primaryimage","url":"https:\/\/www.artisanlocal.ch\/c\/wp-content\/uploads\/2024\/10\/plombier.jpg","contentUrl":"https:\/\/www.artisanlocal.ch\/c\/wp-content\/uploads\/2024\/10\/plombier.jpg","width":1920,"height":300},{"@type":"BreadcrumbList","@id":"https:\/\/www.artisanlocal.ch\/c\/plombier-lutry\/#breadcrumb","itemListElement":[{"@type":"ListItem","position":1,"name":"Accueil","item":"https:\/\/www.artisanlocal.ch\/c\/"},{"@type":"ListItem","position":2,"name":"Plombier Lutry"}]},{"@type":"WebSite","@id":"https:\/\/www.artisanlocal.ch\/c\/#website","url":"https:\/\/www.artisanlocal.ch\/c\/","name":"Artisanlocal","description":"","publisher":{"@id":"https:\/\/www.artisanlocal.ch\/c\/#organization"},"potentialAction":[{"@type":"SearchAction","target":{"@type":"EntryPoint","urlTemplate":"https:\/\/www.artisanlocal.ch\/c\/?s={search_term_string}"},"query-input":{"@type":"PropertyValueSpecification","valueRequired":true,"valueName":"search_term_string"}}],"inLanguage":"fr-FR"},{"@type":"Organization","@id":"https:\/\/www.artisanlocal.ch\/c\/#organization","name":"Artisanlocal","url":"https:\/\/www.artisanlocal.ch\/c\/","logo":{"@type":"ImageObject","inLanguage":"fr-FR","@id":"https:\/\/www.artisanlocal.ch\/c\/#\/schema\/logo\/image\/","url":"https:\/\/www.artisanlocal.ch\/c\/wp-content\/uploads\/2024\/02\/logo-artisanlocal-h.svg","contentUrl":"https:\/\/www.artisanlocal.ch\/c\/wp-content\/uploads\/2024\/02\/logo-artisanlocal-h.svg","caption":"Artisanlocal"},"image":{"@id":"https:\/\/www.artisanlocal.ch\/c\/#\/schema\/logo\/image\/"}}]}},"_links":{"self":[{"href":"https:\/\/www.artisanlocal.ch\/c\/wp-json\/wp\/v2\/pages\/1018","targetHints":{"allow":["GET"]}}],"collection":[{"href":"https:\/\/www.artisanlocal.ch\/c\/wp-json\/wp\/v2\/pages"}],"about":[{"href":"https:\/\/www.artisanlocal.ch\/c\/wp-json\/wp\/v2\/types\/page"}],"author":[{"embeddable":true,"href":"https:\/\/www.artisanlocal.ch\/c\/wp-json\/wp\/v2\/users\/4"}],"replies":[{"embeddable":true,"href":"https:\/\/www.artisanlocal.ch\/c\/wp-json\/wp\/v2\/comments?post=1018"}],"version-history":[{"count":0,"href":"https:\/\/www.artisanlocal.ch\/c\/wp-json\/wp\/v2\/pages\/1018\/revisions"}],"wp:featuredmedia":[{"embeddable":true,"href":"https:\/\/www.artisanlocal.ch\/c\/wp-json\/wp\/v2\/media\/2758"}],"wp:attachment":[{"href":"https:\/\/www.artisanlocal.ch\/c\/wp-json\/wp\/v2\/media?parent=1018"}],"wp:term":[{"taxonomy":"profession","embeddable":true,"href":"https:\/\/www.artisanlocal.ch\/c\/wp-json\/wp\/v2\/profession?post=1018"},{"taxonomy":"location","embeddable":true,"href":"https:\/\/www.artisanlocal.ch\/c\/wp-json\/wp\/v2\/location?post=1018"},{"taxonomy":"canton","embeddable":true,"href":"https:\/\/www.artisanlocal.ch\/c\/wp-json\/wp\/v2\/canton?post=1018"}],"curies":[{"name":"wp","href":"https:\/\/api.w.org\/{rel}","templated":true}]}}