{"id":1019,"date":"2024-05-19T21:01:37","date_gmt":"2024-05-19T19:01:37","guid":{"rendered":"https:\/\/www.artisanlocal.ch\/c\/artisan-plombier-a-crissier\/"},"modified":"2025-11-21T11:40:09","modified_gmt":"2025-11-21T10:40:09","slug":"artisan-plombier-a-crissier","status":"publish","type":"page","link":"https:\/\/www.artisanlocal.ch\/c\/artisan-plombier-a-crissier\/","title":{"rendered":"Plombier \u00e0 Crissier"},"content":{"rendered":"<p>Besoin d&rsquo;un plombier \u00e0 Crissier ? Artisanlocal intervient sur rendez-vous ou en urgence pour d\u00e9boucher vos canalisations \u00e0 Crissier et dans les villes proches.<\/p>\n\r\n<div class=\"box\">\r\n            <div class=\"company-info\">\r\n            <img decoding=\"async\" class=\"company-info__logo\" src=\"https:\/\/www.artisanlocal.ch\/media\/cache\/thumb\/images\/companies\/644f84e1e36c1671667738.png\" alt=\"Logo\">\r\n            <h2 class=\"company-info__name\">Inter-Sanitaire S\u00e0rl<\/h2>\r\n            <p class=\"company-info__business\">Installations sanitaires - Chauffages - Energies renouvelables<\/p>\r\n        <\/div>\r\n        <div class=\"company-contact\">\r\n            <p class=\"company-info__address\">Chemin de la Sib\u00e9rie 2<\/p>\r\n                            <div class=\"links\">\r\n                                            <a class=\"btn has-accent-background-color js-phoneNumber\" href=\"tel:0796064957\" title=\"Appelez\" data-id=\"504\" data-type=\"11\">079 606 49 57<\/a>\r\n                                                                <a class=\"btn has-accent-background-color\" href=\"https:\/\/www.inter-sanitaire.ch\/\" target=\"_blank\" title=\"Voir le site internet\" data-id=\"504\" data-type=\"20\">Site internet<\/a>\r\n                                    <\/div>\r\n                    <\/div>\r\n    \r\n            \r\n<form action=\"https:\/\/www.artisanlocal.ch\/c\/wp-admin\/admin-ajax.php\" method=\"post\" class=\"form-contact\" id=\"artisan_form_contact_company_inline\">\r\n    <div><input type=\"hidden\" name=\"action\" value=\"company_contact\"><\/div>\r\n    <div><input type=\"hidden\" name=\"nonce\" value=\"622c770a9c\"><\/div>\r\n    <div><input type=\"hidden\" name=\"company_id\" value=\"504\"><\/div>\r\n    <div><input type=\"hidden\" name=\"form_id\" value=\"artisan_form_contact_company_inline\"><\/div>\r\n    <div class=\"gglcptch gglcptch_v3 gglcptch_custom\"><input type=\"hidden\" id=\"g-recaptcha-response\" name=\"g-recaptcha-response\" \/><br \/><div class=\"gglcptch_error_text\">La p\u00e9riode de v\u00e9rification reCAPTCHA a expir\u00e9. Veuillez recharger la page.<\/div><\/div>    <div class=\"form-content\">\r\n        <div class=\"form-group\">\r\n            <label for=\"contact_firstName\" class=\"required\">Pr\u00e9nom<\/label>\r\n            <input type=\"text\" name=\"firstName\" class=\"form-control\" required>\r\n        <\/div>\r\n        <div class=\"form-group\">\r\n            <label for=\"contact_lastName\" class=\"required\">Nom<\/label>\r\n            <input type=\"text\" name=\"lastName\" class=\"form-control\" required>\r\n        <\/div>\r\n        <div class=\"form-group\">\r\n            <label for=\"contact_email\" class=\"required\">Email<\/label>\r\n            <input type=\"email\" name=\"email\" class=\"form-control\" required>\r\n        <\/div>\r\n        <div class=\"form-group\">\r\n            <label for=\"contact_phone\" class=\"required\">Num\u00e9ro de t\u00e9l\u00e9phone<\/label>\r\n            <input type=\"tel\" name=\"phone\" class=\"form-control\" placeholder=\"0787117165\" pattern=\"^[0-9]{10}$\" required>\r\n        <\/div>\r\n        <div class=\"form-group\">\r\n            <label for=\"contact_postalCode\" class=\"required\">Code postal et localit\u00e9<\/label>\r\n            <input type=\"text\" name=\"postalCode\" class=\"form-control\" required>\r\n        <\/div>\r\n        <div class=\"form-group\">\r\n            <label for=\"contact_address\" class=\"required\">Adresse<\/label>\r\n            <input type=\"text\" name=\"address\" class=\"form-control\" required>\r\n        <\/div>\r\n        <div class=\"full-width topic\">\r\n            <p class=\"required\">Je souhaite \u00eatre contact\u00e9 pour :<\/p>\r\n            <div class=\"form-check\">\r\n                <input type=\"radio\" name=\"topic\" value=\"D\u00e9pannage\" class=\"form-control\" required>\r\n                <label for=\"d\u00e9pannage\">D\u00e9pannage<\/label>\r\n            <\/div>\r\n            <div class=\"form-check\">\r\n                <input type=\"radio\" name=\"topic\" value=\"Entretien\" class=\"form-control\" required>\r\n                <label for=\"entretien\">Entretien<\/label>\r\n            <\/div>\r\n            <div class=\"form-check\">\r\n                <input type=\"radio\" name=\"topic\" value=\"R\u00e9novation\" class=\"form-control\" required>\r\n                <label for=\"r\u00e9novation\">R\u00e9novation<\/label>\r\n            <\/div>\r\n            <div class=\"form-check\">\r\n                <input type=\"radio\" name=\"topic\" value=\"Autre\" class=\"form-control\" required>\r\n                <label for=\"autre\">Autre<\/label>\r\n            <\/div>\r\n        <\/div>\r\n        <div class=\"form-group full-width\">\r\n            <label for=\"contact_message\">Message<\/label>\r\n            <textarea name=\"message\" rows=\"3\" class=\"form-control\"><\/textarea>\r\n        <\/div>\r\n    <\/div>\r\n    <div class=\"form-actions\">\r\n        <button class=\"wp-block-button__link has-accent-background-color\">Contacter<\/button>\r\n    <\/div>\r\n<\/form>\r\n<div class=\"form-feedback\"><\/div>    <\/div>\n<h2>Pourquoi choisir Artisanlocal \u00e0 Crissier ?<\/h2>\n<ul>\n<li>Nous sommes ouverts 7 jours sur 7, y compris les jours f\u00e9ri\u00e9s.<\/li>\n<li>Nos devis sont gratuits.<\/li>\n<li>Nous utilisons les derni\u00e8res techniques et m\u00e9thodes.<\/li>\n<li>Nous sommes implant\u00e9s \u00e0 Crissier pour intervenir rapidement.<\/li>\n<li>Nos tarifs comp\u00e9titifs.<\/li>\n<li>Nos plombiers sont assur\u00e9s et exp\u00e9riment\u00e9s.<\/li>\n<li>Nous contr\u00f4lons votre plomberie avant les travaux.<\/li>\n<li>Nous d\u00e9pannons tous types de travaux de plomberie.<\/li>\n<\/ul>\n<h2>Les services que nous r\u00e9alisons \u00e0 Crissier<\/h2>\n<ul>\n<li>D\u00e9tection des fuites et r\u00e9paration de tuyauterie.<\/li>\n<li>R\u00e9paration et remplacement de sanitaire.<\/li>\n<li>Installation de : tuyauterie, lavabo, robinet et \u00e9vier.<\/li>\n<li>Installation de ballon d&rsquo;eau chaude et de chaudi\u00e8re.<\/li>\n<li>D\u00e9bouchage et assainissement de canalisation.<\/li>\n<li>R\u00e9novation de salle de bain.<\/li>\n<li>Vidange de votre fosse septique.<\/li>\n<\/ul>\n<h2>Comment fonctionne Artisanlocal ?<\/h2>\n<ol>\n<li>Apr\u00e8s avoir pris contact avec nous par email ou par t\u00e9l\u00e9phone, nous rentrons en contact avec vous pour estimer l&rsquo;intervention.<\/li>\n<li>Apr\u00e8s cela, vous recevrez un devis gratuit et d\u00e9taill\u00e9 de vos travaux. Avec notre entreprise, il n&rsquo;y a pas de frais cach\u00e9s.<\/li>\n<li>Apr\u00e8s validation du devis, nous fixons ensemble le jour de l&rsquo;intervention.<\/li>\n<\/ol>\n<h2><span style=\"font-size: revert;\">Artisanlocal aux services des entreprises \u00e0 Crissier<\/span><\/h2>\n<p>Si vous \u00eates un entrepreneur \u00e0 Crissier. Un robinet qui coule, une \u00e9vacuation bouch\u00e9e ou un chauffe-eau qui fonctionne mal sont des probl\u00e8mes qui peuvent provoquer une baisse de productivit\u00e9 de vos salari\u00e9s ou encore endommager vos locaux. Notre soci\u00e9t\u00e9 offre des services de plomberie pour votre soci\u00e9t\u00e9 \u00e0 Crissier, comme :<\/p>\n<ul>\n<li>L&rsquo;\u00e9limination des bouchons dans vos lavabos et l&rsquo;installation d&rsquo;une nouvelle robinetterie.<\/li>\n<li>L&rsquo;inspection et la r\u00e9paration de vos tuyaux d&rsquo;\u00e9vacuations.<\/li>\n<li>Le nettoyage de tuyaux canalisations avec de l&rsquo;eau \u00e0 haute pression (hydrocurage).<\/li>\n<li>L\u2019installation de nouveaux dispositifs dans votre syst\u00e8me de plomberie.<\/li>\n<li>Le nettoyage, le remplacement ou la remise en \u00e9tat de bac d\u00e9graisseur.<\/li>\n<li>L\u2019installation, la remise en \u00e9tat et l&rsquo;entretien de votre chauffe-eau ou chauffage.<\/li>\n<li>La r\u00e9paration de vos tuyaux de canalisations.<\/li>\n<li>Le service de d\u00e9pannage de vos appareils sanitaires.<\/li>\n<li>La v\u00e9rification de vos tuyaux par cam\u00e9ra.<\/li>\n<\/ul>\n<h2>Nettoyage de canalisations en urgence \u00e0 Crissier<\/h2>\n<p>Si vous \u00eates un Crissirois, notre entreprise peut intervenir en urgence pour le d\u00e9bouchage vos canalisations ou pour r\u00e9gler vos soucis d&rsquo;\u00e9coulement de vos WC, \u00e9viers, douches, lavabos, toilettes, toitures, \u00e9gouts et tuyauteries.<\/p>\n<h2>Service de nettoyage d&rsquo;\u00e9gouts \u00e0 Crissier<\/h2>\n<p>Le r\u00e9seau d&rsquo;\u00e9gouts repr\u00e9sente l&rsquo;\u00e9l\u00e9ment central de la plomberie. Il transporte les eaux us\u00e9es des \u00e9viers, des w.c. Et des autres installations sanitaires. Si votre \u00e9gout est plein ou d\u00e9borde, cela peut endommager votre r\u00e9sidence, et mettre en p\u00e9ril votre s\u00e9curit\u00e9 et celle de votre famille.<\/p>\n<p>L&rsquo;entretien r\u00e9gulier de votre \u00e9gout permet de pr\u00e9venir la formation de bouchons et les refoulements dans les canalisations. Nos artisans plombiers \u00e0 Crissier utilisent les derni\u00e8res techniques et technologies pour \u00e9liminer, inspecter et restaurer le bon \u00e9coulement des eaux us\u00e9es dans vos canalisations.<\/p>\n<p>Artisanlocal r\u00e9nove les conduits de votre syst\u00e8me d&rsquo;\u00e9gout en cas de dommages. Notre soci\u00e9t\u00e9 peut aussi nettoyer rapidement tout dommage caus\u00e9 par les eaux us\u00e9es dans votre propri\u00e9t\u00e9 ou soci\u00e9t\u00e9. Nous d\u00e9shumidifions et s\u00e9chons les zones touch\u00e9es pour diminuer les dangers de d\u00e9veloppement de champignons.<\/p>\n<h2>Services de d\u00e9pannage et de pose de chauffe-eau \u00e0 Crissier<\/h2>\n<p>Il n&rsquo;y a que de l&rsquo;eau froide dans votre logement ? Votre chauffe-eau peut avoir des soucis. Notre soci\u00e9t\u00e9 r\u00e9alise la r\u00e9paration de votre chauffe-eau en urgence. Voici les signes qui montrent des soucis :<\/p>\n<ul>\n<li>La diminution de la pression de l\u2019eau chaude.<\/li>\n<li>De l&rsquo;eau pr\u00e8s de votre chauffe-eau.<\/li>\n<li>Des bruits \u00e9tranges proviennent du chauffe-eau.<\/li>\n<li>La d\u00e9coloration de l&rsquo;eau.<\/li>\n<li>Le cumulus reste en marche.<\/li>\n<\/ul>\n<p>En contactant nos artisans plombiers d\u00e8s les premiers signaux d&rsquo;alerte, vous pouvez \u00e9viter des travaux de r\u00e9parations hors de prix.<\/p>\n<h2>Prestation de nettoyage apr\u00e8s des d\u00e9g\u00e2ts des eaux<\/h2>\n<p>Nos plombiers peuvent nettoyer votre logement apr\u00e8s un d\u00e9g\u00e2t des eaux, notre soci\u00e9t\u00e9 vous aide, en cas de caves submerg\u00e9es, de fortes pluies, de ruptures de canalisations, de refoulements d&rsquo;\u00e9gouts, et de d\u00e9bordements de baignoires et de toilettes et d&rsquo;autres probl\u00e8mes de plomberie li\u00e9s \u00e0 un dommage provoqu\u00e9s par l&rsquo;eau.<\/p>\n<h2>Foire aux questions<\/h2>\n<h3>Quel est le prix d\u2019un plombier \u00e0 Crissier ?<\/h3>\n<p>Apr\u00e8s \u00e9tude de votre projet, notre soci\u00e9t\u00e9 vous offre un devis gratuit. Les montants suivants de nos services sont fournis \u00e0 titre indicatif \u00e0 Crissier :<\/p>\n<table border=\"1\">\n<tbody>\n<tr>\n<th>Services<\/th>\n<th>Prix CHF<\/th>\n<\/tr>\n<tr>\n<td>Mise en place d\u2019un lavabo<\/td>\n<td>280.00<\/td>\n<\/tr>\n<tr>\n<td>Tarif horaire : mise en place sanitaire<\/td>\n<td>110.00 \u00e0 129.00<\/td>\n<\/tr>\n<tr>\n<td>Mise en place et raccord, d\u2019un siphon \u00e0 un \u00e9vier<\/td>\n<td>70.00<\/td>\n<\/tr>\n<tr>\n<td>Montage meuble de salle de bain<\/td>\n<td>95.00<\/td>\n<\/tr>\n<tr>\n<td>Installation et raccordement, d\u2019une douche \u00e0 la robinetterie<\/td>\n<td>86.00<\/td>\n<\/tr>\n<tr>\n<td>Mise en place d\u2019un r\u00e9servoir de WC<\/td>\n<td>112.00<\/td>\n<\/tr>\n<tr>\n<td>Fixation d\u2019accessoires de salle d&rsquo;eau<\/td>\n<td>60.00<\/td>\n<\/tr>\n<tr>\n<td>Mise en place d\u2019un toilette suspendu<\/td>\n<td>170.00<\/td>\n<\/tr>\n<tr>\n<td>D\u00e9placement aller-retour<\/td>\n<td>100.00<\/td>\n<\/tr>\n<\/tbody>\n<\/table>\n<h3>L&rsquo;entreprise Artisanlocal est-elle ouverte les dimanches et samedis ?<\/h3>\n<p>Notre service de plomberie est disponible 24h\/24, 7j\/7 et m\u00eame durant les jours f\u00e9ri\u00e9s.<\/p>\n<h3>Vos artisans plombiers effectuent des interventions \u00e0 Crissier et dans les villes proches ?<\/h3>\n<p>Oui, les plombiers de notre entreprise interviennent \u00e0 Crissier, aussi dans les villes aux environs, telles que : Jouxtens-M\u00e9zery, Prilly, Renens VD.<\/p>\n","protected":false},"excerpt":{"rendered":"<p>Besoin d&rsquo;un plombier \u00e0 Crissier ? Artisanlocal intervient sur rendez-vous ou en urgence pour d\u00e9boucher vos canalisations \u00e0 Crissier et dans les villes proches. Pourquoi choisir Artisanlocal \u00e0 Crissier ? Nous sommes ouverts 7 jours sur 7, y compris les jours f\u00e9ri\u00e9s. Nos devis sont gratuits. Nous utilisons les derni\u00e8res techniques et m\u00e9thodes. Nous sommes [&hellip;]<\/p>\n","protected":false},"author":4,"featured_media":2758,"parent":0,"menu_order":0,"comment_status":"closed","ping_status":"closed","template":"","meta":{"footnotes":""},"profession":[123],"location":[65],"canton":[113],"class_list":["post-1019","page","type-page","status-publish","has-post-thumbnail","hentry","profession-sanitaire","location-crissier","canton-vd"],"yoast_head":"<!-- This site is optimized with the Yoast SEO Premium plugin v25.7.1 (Yoast SEO v27.4) - https:\/\/yoast.com\/product\/yoast-seo-premium-wordpress\/ -->\n<title>Plombier \u00e0 Crissier - Artisanlocal<\/title>\n<meta name=\"robots\" content=\"index, follow, max-snippet:-1, max-image-preview:large, max-video-preview:-1\" \/>\n<link rel=\"canonical\" href=\"https:\/\/www.artisanlocal.ch\/c\/artisan-plombier-a-crissier\/\" \/>\n<meta property=\"og:locale\" content=\"fr_FR\" \/>\n<meta property=\"og:type\" content=\"article\" \/>\n<meta property=\"og:title\" content=\"Plombier \u00e0 Crissier\" \/>\n<meta property=\"og:description\" content=\"Besoin d&rsquo;un plombier \u00e0 Crissier ? Artisanlocal intervient sur rendez-vous ou en urgence pour d\u00e9boucher vos canalisations \u00e0 Crissier et dans les villes proches. Pourquoi choisir Artisanlocal \u00e0 Crissier ? Nous sommes ouverts 7 jours sur 7, y compris les jours f\u00e9ri\u00e9s. Nos devis sont gratuits. Nous utilisons les derni\u00e8res techniques et m\u00e9thodes. Nous sommes [&hellip;]\" \/>\n<meta property=\"og:url\" content=\"https:\/\/www.artisanlocal.ch\/c\/artisan-plombier-a-crissier\/\" \/>\n<meta property=\"og:site_name\" content=\"Artisanlocal\" \/>\n<meta property=\"article:modified_time\" content=\"2025-11-21T10:40:09+00:00\" \/>\n<meta property=\"og:image\" content=\"https:\/\/www.artisanlocal.ch\/c\/wp-content\/uploads\/2024\/10\/plombier.jpg\" \/>\n\t<meta property=\"og:image:width\" content=\"1920\" \/>\n\t<meta property=\"og:image:height\" content=\"300\" \/>\n\t<meta property=\"og:image:type\" content=\"image\/jpeg\" \/>\n<meta name=\"twitter:card\" content=\"summary_large_image\" \/>\n<meta name=\"twitter:label1\" content=\"Dur\u00e9e de lecture estim\u00e9e\" \/>\n\t<meta name=\"twitter:data1\" content=\"5 minutes\" \/>\n<script type=\"application\/ld+json\" class=\"yoast-schema-graph\">{\"@context\":\"https:\\\/\\\/schema.org\",\"@graph\":[{\"@type\":\"WebPage\",\"@id\":\"https:\\\/\\\/www.artisanlocal.ch\\\/c\\\/artisan-plombier-a-crissier\\\/\",\"url\":\"https:\\\/\\\/www.artisanlocal.ch\\\/c\\\/artisan-plombier-a-crissier\\\/\",\"name\":\"Plombier \u00e0 Crissier - Artisanlocal\",\"isPartOf\":{\"@id\":\"https:\\\/\\\/www.artisanlocal.ch\\\/c\\\/#website\"},\"primaryImageOfPage\":{\"@id\":\"https:\\\/\\\/www.artisanlocal.ch\\\/c\\\/artisan-plombier-a-crissier\\\/#primaryimage\"},\"image\":{\"@id\":\"https:\\\/\\\/www.artisanlocal.ch\\\/c\\\/artisan-plombier-a-crissier\\\/#primaryimage\"},\"thumbnailUrl\":\"https:\\\/\\\/www.artisanlocal.ch\\\/c\\\/wp-content\\\/uploads\\\/2024\\\/10\\\/plombier.jpg\",\"datePublished\":\"2024-05-19T19:01:37+00:00\",\"dateModified\":\"2025-11-21T10:40:09+00:00\",\"breadcrumb\":{\"@id\":\"https:\\\/\\\/www.artisanlocal.ch\\\/c\\\/artisan-plombier-a-crissier\\\/#breadcrumb\"},\"inLanguage\":\"fr-FR\",\"potentialAction\":[{\"@type\":\"ReadAction\",\"target\":[\"https:\\\/\\\/www.artisanlocal.ch\\\/c\\\/artisan-plombier-a-crissier\\\/\"]}]},{\"@type\":\"ImageObject\",\"inLanguage\":\"fr-FR\",\"@id\":\"https:\\\/\\\/www.artisanlocal.ch\\\/c\\\/artisan-plombier-a-crissier\\\/#primaryimage\",\"url\":\"https:\\\/\\\/www.artisanlocal.ch\\\/c\\\/wp-content\\\/uploads\\\/2024\\\/10\\\/plombier.jpg\",\"contentUrl\":\"https:\\\/\\\/www.artisanlocal.ch\\\/c\\\/wp-content\\\/uploads\\\/2024\\\/10\\\/plombier.jpg\",\"width\":1920,\"height\":300},{\"@type\":\"BreadcrumbList\",\"@id\":\"https:\\\/\\\/www.artisanlocal.ch\\\/c\\\/artisan-plombier-a-crissier\\\/#breadcrumb\",\"itemListElement\":[{\"@type\":\"ListItem\",\"position\":1,\"name\":\"Accueil\",\"item\":\"https:\\\/\\\/www.artisanlocal.ch\\\/c\\\/\"},{\"@type\":\"ListItem\",\"position\":2,\"name\":\"Plombier \u00e0 Crissier\"}]},{\"@type\":\"WebSite\",\"@id\":\"https:\\\/\\\/www.artisanlocal.ch\\\/c\\\/#website\",\"url\":\"https:\\\/\\\/www.artisanlocal.ch\\\/c\\\/\",\"name\":\"Artisanlocal\",\"description\":\"\",\"publisher\":{\"@id\":\"https:\\\/\\\/www.artisanlocal.ch\\\/c\\\/#organization\"},\"potentialAction\":[{\"@type\":\"SearchAction\",\"target\":{\"@type\":\"EntryPoint\",\"urlTemplate\":\"https:\\\/\\\/www.artisanlocal.ch\\\/c\\\/?s={search_term_string}\"},\"query-input\":{\"@type\":\"PropertyValueSpecification\",\"valueRequired\":true,\"valueName\":\"search_term_string\"}}],\"inLanguage\":\"fr-FR\"},{\"@type\":\"Organization\",\"@id\":\"https:\\\/\\\/www.artisanlocal.ch\\\/c\\\/#organization\",\"name\":\"Artisanlocal\",\"url\":\"https:\\\/\\\/www.artisanlocal.ch\\\/c\\\/\",\"logo\":{\"@type\":\"ImageObject\",\"inLanguage\":\"fr-FR\",\"@id\":\"https:\\\/\\\/www.artisanlocal.ch\\\/c\\\/#\\\/schema\\\/logo\\\/image\\\/\",\"url\":\"https:\\\/\\\/www.artisanlocal.ch\\\/c\\\/wp-content\\\/uploads\\\/2024\\\/02\\\/logo-artisanlocal-h.svg\",\"contentUrl\":\"https:\\\/\\\/www.artisanlocal.ch\\\/c\\\/wp-content\\\/uploads\\\/2024\\\/02\\\/logo-artisanlocal-h.svg\",\"caption\":\"Artisanlocal\"},\"image\":{\"@id\":\"https:\\\/\\\/www.artisanlocal.ch\\\/c\\\/#\\\/schema\\\/logo\\\/image\\\/\"}}]}<\/script>\n<!-- \/ Yoast SEO Premium plugin. -->","yoast_head_json":{"title":"Plombier \u00e0 Crissier - Artisanlocal","robots":{"index":"index","follow":"follow","max-snippet":"max-snippet:-1","max-image-preview":"max-image-preview:large","max-video-preview":"max-video-preview:-1"},"canonical":"https:\/\/www.artisanlocal.ch\/c\/artisan-plombier-a-crissier\/","og_locale":"fr_FR","og_type":"article","og_title":"Plombier \u00e0 Crissier","og_description":"Besoin d&rsquo;un plombier \u00e0 Crissier ? Artisanlocal intervient sur rendez-vous ou en urgence pour d\u00e9boucher vos canalisations \u00e0 Crissier et dans les villes proches. Pourquoi choisir Artisanlocal \u00e0 Crissier ? Nous sommes ouverts 7 jours sur 7, y compris les jours f\u00e9ri\u00e9s. Nos devis sont gratuits. Nous utilisons les derni\u00e8res techniques et m\u00e9thodes. Nous sommes [&hellip;]","og_url":"https:\/\/www.artisanlocal.ch\/c\/artisan-plombier-a-crissier\/","og_site_name":"Artisanlocal","article_modified_time":"2025-11-21T10:40:09+00:00","og_image":[{"width":1920,"height":300,"url":"https:\/\/www.artisanlocal.ch\/c\/wp-content\/uploads\/2024\/10\/plombier.jpg","type":"image\/jpeg"}],"twitter_card":"summary_large_image","twitter_misc":{"Dur\u00e9e de lecture estim\u00e9e":"5 minutes"},"schema":{"@context":"https:\/\/schema.org","@graph":[{"@type":"WebPage","@id":"https:\/\/www.artisanlocal.ch\/c\/artisan-plombier-a-crissier\/","url":"https:\/\/www.artisanlocal.ch\/c\/artisan-plombier-a-crissier\/","name":"Plombier \u00e0 Crissier - Artisanlocal","isPartOf":{"@id":"https:\/\/www.artisanlocal.ch\/c\/#website"},"primaryImageOfPage":{"@id":"https:\/\/www.artisanlocal.ch\/c\/artisan-plombier-a-crissier\/#primaryimage"},"image":{"@id":"https:\/\/www.artisanlocal.ch\/c\/artisan-plombier-a-crissier\/#primaryimage"},"thumbnailUrl":"https:\/\/www.artisanlocal.ch\/c\/wp-content\/uploads\/2024\/10\/plombier.jpg","datePublished":"2024-05-19T19:01:37+00:00","dateModified":"2025-11-21T10:40:09+00:00","breadcrumb":{"@id":"https:\/\/www.artisanlocal.ch\/c\/artisan-plombier-a-crissier\/#breadcrumb"},"inLanguage":"fr-FR","potentialAction":[{"@type":"ReadAction","target":["https:\/\/www.artisanlocal.ch\/c\/artisan-plombier-a-crissier\/"]}]},{"@type":"ImageObject","inLanguage":"fr-FR","@id":"https:\/\/www.artisanlocal.ch\/c\/artisan-plombier-a-crissier\/#primaryimage","url":"https:\/\/www.artisanlocal.ch\/c\/wp-content\/uploads\/2024\/10\/plombier.jpg","contentUrl":"https:\/\/www.artisanlocal.ch\/c\/wp-content\/uploads\/2024\/10\/plombier.jpg","width":1920,"height":300},{"@type":"BreadcrumbList","@id":"https:\/\/www.artisanlocal.ch\/c\/artisan-plombier-a-crissier\/#breadcrumb","itemListElement":[{"@type":"ListItem","position":1,"name":"Accueil","item":"https:\/\/www.artisanlocal.ch\/c\/"},{"@type":"ListItem","position":2,"name":"Plombier \u00e0 Crissier"}]},{"@type":"WebSite","@id":"https:\/\/www.artisanlocal.ch\/c\/#website","url":"https:\/\/www.artisanlocal.ch\/c\/","name":"Artisanlocal","description":"","publisher":{"@id":"https:\/\/www.artisanlocal.ch\/c\/#organization"},"potentialAction":[{"@type":"SearchAction","target":{"@type":"EntryPoint","urlTemplate":"https:\/\/www.artisanlocal.ch\/c\/?s={search_term_string}"},"query-input":{"@type":"PropertyValueSpecification","valueRequired":true,"valueName":"search_term_string"}}],"inLanguage":"fr-FR"},{"@type":"Organization","@id":"https:\/\/www.artisanlocal.ch\/c\/#organization","name":"Artisanlocal","url":"https:\/\/www.artisanlocal.ch\/c\/","logo":{"@type":"ImageObject","inLanguage":"fr-FR","@id":"https:\/\/www.artisanlocal.ch\/c\/#\/schema\/logo\/image\/","url":"https:\/\/www.artisanlocal.ch\/c\/wp-content\/uploads\/2024\/02\/logo-artisanlocal-h.svg","contentUrl":"https:\/\/www.artisanlocal.ch\/c\/wp-content\/uploads\/2024\/02\/logo-artisanlocal-h.svg","caption":"Artisanlocal"},"image":{"@id":"https:\/\/www.artisanlocal.ch\/c\/#\/schema\/logo\/image\/"}}]}},"_links":{"self":[{"href":"https:\/\/www.artisanlocal.ch\/c\/wp-json\/wp\/v2\/pages\/1019","targetHints":{"allow":["GET"]}}],"collection":[{"href":"https:\/\/www.artisanlocal.ch\/c\/wp-json\/wp\/v2\/pages"}],"about":[{"href":"https:\/\/www.artisanlocal.ch\/c\/wp-json\/wp\/v2\/types\/page"}],"author":[{"embeddable":true,"href":"https:\/\/www.artisanlocal.ch\/c\/wp-json\/wp\/v2\/users\/4"}],"replies":[{"embeddable":true,"href":"https:\/\/www.artisanlocal.ch\/c\/wp-json\/wp\/v2\/comments?post=1019"}],"version-history":[{"count":0,"href":"https:\/\/www.artisanlocal.ch\/c\/wp-json\/wp\/v2\/pages\/1019\/revisions"}],"wp:featuredmedia":[{"embeddable":true,"href":"https:\/\/www.artisanlocal.ch\/c\/wp-json\/wp\/v2\/media\/2758"}],"wp:attachment":[{"href":"https:\/\/www.artisanlocal.ch\/c\/wp-json\/wp\/v2\/media?parent=1019"}],"wp:term":[{"taxonomy":"profession","embeddable":true,"href":"https:\/\/www.artisanlocal.ch\/c\/wp-json\/wp\/v2\/profession?post=1019"},{"taxonomy":"location","embeddable":true,"href":"https:\/\/www.artisanlocal.ch\/c\/wp-json\/wp\/v2\/location?post=1019"},{"taxonomy":"canton","embeddable":true,"href":"https:\/\/www.artisanlocal.ch\/c\/wp-json\/wp\/v2\/canton?post=1019"}],"curies":[{"name":"wp","href":"https:\/\/api.w.org\/{rel}","templated":true}]}}