{"id":1021,"date":"2024-05-19T14:03:34","date_gmt":"2024-05-19T12:03:34","guid":{"rendered":"https:\/\/www.artisanlocal.ch\/c\/artisan-plombier-a-estavayer-le-lac\/"},"modified":"2025-08-26T19:27:04","modified_gmt":"2025-08-26T17:27:04","slug":"artisan-plombier-a-estavayer-le-lac","status":"publish","type":"page","link":"https:\/\/www.artisanlocal.ch\/c\/artisan-plombier-a-estavayer-le-lac\/","title":{"rendered":"Artisan plombier \u00e0 Estavayer-le-lac"},"content":{"rendered":"<p>Si vous \u00eates un Staviacois, nos plombiers professionnels se d\u00e9placent \u00e0 votre domicile.<\/p>\n\r\n<div class=\"box\">\r\n            <div class=\"company-info\">\r\n            <img decoding=\"async\" class=\"company-info__logo\" src=\"https:\/\/www.artisanlocal.ch\/media\/cache\/thumb\/images\/companies\/646dc6fb5dc75542975225.png\" alt=\"Logo\">\r\n            <h2 class=\"company-info__name\">Sanitherme<\/h2>\r\n            <p class=\"company-info__business\">Installations sanitaires - Chauffages - R\u00e9novation de salle de bain<\/p>\r\n        <\/div>\r\n        <div class=\"company-contact\">\r\n            <p class=\"company-info__address\">Z. I. Champs Cheval 2<\/p>\r\n                            <div class=\"links\">\r\n                                            <a class=\"btn has-accent-background-color js-phoneNumber\" href=\"tel:0265083200\" title=\"Appelez\" data-id=\"1402\" data-type=\"11\">026 508 32 00<\/a>\r\n                                                                <a class=\"btn has-accent-background-color\" href=\"https:\/\/www.sanitherme.ch\/\" target=\"_blank\" title=\"Voir le site internet\" data-id=\"1402\" data-type=\"20\">Site internet<\/a>\r\n                                    <\/div>\r\n                    <\/div>\r\n    \r\n            \r\n<form action=\"https:\/\/www.artisanlocal.ch\/c\/wp-admin\/admin-ajax.php\" method=\"post\" class=\"form-contact\" id=\"artisan_form_contact_company_inline\">\r\n    <div><input type=\"hidden\" name=\"action\" value=\"company_contact\"><\/div>\r\n    <div><input type=\"hidden\" name=\"nonce\" value=\"972bc58192\"><\/div>\r\n    <div><input type=\"hidden\" name=\"company_id\" value=\"1402\"><\/div>\r\n    <div><input type=\"hidden\" name=\"form_id\" value=\"artisan_form_contact_company_inline\"><\/div>\r\n    <div class=\"gglcptch gglcptch_v3 gglcptch_custom\"><input type=\"hidden\" id=\"g-recaptcha-response\" name=\"g-recaptcha-response\" \/><br \/><div class=\"gglcptch_error_text\">La p\u00e9riode de v\u00e9rification reCAPTCHA a expir\u00e9. Veuillez recharger la page.<\/div><\/div>    <div class=\"form-content\">\r\n        <div class=\"form-group\">\r\n            <label for=\"contact_firstName\" class=\"required\">Pr\u00e9nom<\/label>\r\n            <input type=\"text\" name=\"firstName\" class=\"form-control\" required>\r\n        <\/div>\r\n        <div class=\"form-group\">\r\n            <label for=\"contact_lastName\" class=\"required\">Nom<\/label>\r\n            <input type=\"text\" name=\"lastName\" class=\"form-control\" required>\r\n        <\/div>\r\n        <div class=\"form-group\">\r\n            <label for=\"contact_email\" class=\"required\">Email<\/label>\r\n            <input type=\"email\" name=\"email\" class=\"form-control\" required>\r\n        <\/div>\r\n        <div class=\"form-group\">\r\n            <label for=\"contact_phone\" class=\"required\">Num\u00e9ro de t\u00e9l\u00e9phone<\/label>\r\n            <input type=\"tel\" name=\"phone\" class=\"form-control\" placeholder=\"0787117165\" pattern=\"^[0-9]{10}$\" required>\r\n        <\/div>\r\n        <div class=\"form-group\">\r\n            <label for=\"contact_postalCode\" class=\"required\">Code postal et localit\u00e9<\/label>\r\n            <input type=\"text\" name=\"postalCode\" class=\"form-control\" required>\r\n        <\/div>\r\n        <div class=\"form-group\">\r\n            <label for=\"contact_address\" class=\"required\">Adresse<\/label>\r\n            <input type=\"text\" name=\"address\" class=\"form-control\" required>\r\n        <\/div>\r\n        <div class=\"full-width topic\">\r\n            <p class=\"required\">Je souhaite \u00eatre contact\u00e9 pour :<\/p>\r\n            <div class=\"form-check\">\r\n                <input type=\"radio\" name=\"topic\" value=\"D\u00e9pannage\" class=\"form-control\" required>\r\n                <label for=\"d\u00e9pannage\">D\u00e9pannage<\/label>\r\n            <\/div>\r\n            <div class=\"form-check\">\r\n                <input type=\"radio\" name=\"topic\" value=\"Entretien\" class=\"form-control\" required>\r\n                <label for=\"entretien\">Entretien<\/label>\r\n            <\/div>\r\n            <div class=\"form-check\">\r\n                <input type=\"radio\" name=\"topic\" value=\"R\u00e9novation\" class=\"form-control\" required>\r\n                <label for=\"r\u00e9novation\">R\u00e9novation<\/label>\r\n            <\/div>\r\n            <div class=\"form-check\">\r\n                <input type=\"radio\" name=\"topic\" value=\"Autre\" class=\"form-control\" required>\r\n                <label for=\"autre\">Autre<\/label>\r\n            <\/div>\r\n        <\/div>\r\n        <div class=\"form-group full-width\">\r\n            <label for=\"contact_message\">Message<\/label>\r\n            <textarea name=\"message\" rows=\"3\" class=\"form-control\"><\/textarea>\r\n        <\/div>\r\n    <\/div>\r\n    <div class=\"form-actions\">\r\n        <button class=\"wp-block-button__link has-accent-background-color\">Contacter<\/button>\r\n    <\/div>\r\n<\/form>\r\n<div class=\"form-feedback\"><\/div>    <\/div>\n<h2>Pourquoi faire appel \u00e0 Artisanlocal \u00e0 Estavayer-le-lac ?<\/h2>\n<ul>\n<li>Nos plombiers se d\u00e9placent tous les jours de la semaine et les jours f\u00e9ri\u00e9s.<\/li>\n<li>Nous offrons des estimations gratuites.<\/li>\n<li>Nos artisans utilisent les derni\u00e8res techniques et technologies.<\/li>\n<li>Nous sommes situ\u00e9s \u00e0 Estavayer-le-lac ce qui nous permet d&rsquo;intervenir en urgence \u00e0 votre foyer.<\/li>\n<li>Nos tarifs sont attractifs.<\/li>\n<li>Tous nos plombiers sont qualifi\u00e9s.<\/li>\n<li>Avant de commencer notre travail, nous contr\u00f4lons votre installation de plomberie.<\/li>\n<li>Nous r\u00e9parons tous les types de plomberie.<\/li>\n<\/ul>\n<h2>Les services que nous proposons \u00e0 Estavayer-le-lac<\/h2>\n<ul>\n<li>Nous localisons les fuites et ensuite, nous r\u00e9parons vos canalisations.<\/li>\n<li>Nos artisans changent vos installations sanitaires.<\/li>\n<li>Nos artisans r\u00e9novent tous vos sanitaires.<\/li>\n<li>Les travaux de plomberie, comme : l\u2019installation de robinet, \u00e9vier, lavabo et de la tuyauterie.<\/li>\n<li>La pose de ballons d&rsquo;eau chaude ou de chaudi\u00e8res.<\/li>\n<li>L\u2019assainissement et le d\u00e9bouchage de vos canalisations.<\/li>\n<li>La r\u00e9novation int\u00e9grale de votre salle de bain.<\/li>\n<li>Nous pouvons aussi r\u00e9aliser aussi la vidange de votre fosse septique.<\/li>\n<\/ul>\n<h2>Comment fonctionne Artisanlocal ?<\/h2>\n<ol>\n<li>Apr\u00e8s avoir pris contact avec nous par t\u00e9l\u00e9phone ou email, nous vous contactons pour \u00e9valuer vos besoins.<\/li>\n<li>Par la suite, nous vous donnons un devis d\u00e9taill\u00e9 et gratuit. Vous ne paierez aucuns frais suppl\u00e9mentaires, \u00e0 moins que vous ayez besoin de pi\u00e8ces de rechange ou de travaux importants.<\/li>\n<li>Apr\u00e8s avoir donn\u00e9 votre accord pour le devis, nous d\u00e9ciderons ensemble du jour de l&rsquo;intervention \u00e0 votre foyer.<\/li>\n<\/ol>\n<h2>Plombier pour les particuliers \u00e0 Estavayer-le-lac<\/h2>\n<p>Si votre plomberie est d\u00e9fectueuse, il y a un risque de contamination de l&rsquo;eau, ce qui peut entra\u00eener un risque pour votre famille, c&rsquo;est pour cela que le plombier qui op\u00e8re chez vous r\u00e9alise :<\/p>\n<ul>\n<li>La r\u00e9paration de fuites.<\/li>\n<li>Le nettoyage et le d\u00e9bouchage de vos tuyaux.<\/li>\n<li>La r\u00e9vision de votre chauffe-eau.<\/li>\n<li>Le contr\u00f4le de vos canalisations.<\/li>\n<li>La r\u00e9novation de vos tuyaux de canalisations.<\/li>\n<li>Le nettoyage de votre habitation apr\u00e8s les d\u00e9g\u00e2ts des eaux.<\/li>\n<\/ul>\n<h2>Artisanlocal aux services des entreprises \u00e0 Estavayer-le-lac<\/h2>\n<p>\u00c0 Estavayer-le-lac, il y a des soci\u00e9t\u00e9s, commerces de d\u00e9tail et restaurants. Une petite fuite dans un robinet, un refoulement dans une canalisation ou encore un probl\u00e8me de chauffe-eau sont des probl\u00e8mes r\u00e9pandus qui peuvent baisser l&rsquo;efficacit\u00e9 de vos salari\u00e9s. Notre soci\u00e9t\u00e9 propose des services de plomberie pour votre soci\u00e9t\u00e9 \u00e0 Estavayer-le-lac, comme :<\/p>\n<ul>\n<li>Le d\u00e9bouchage de vos \u00e9viers et le remplacement de vos mitigeurs de cuisine.<\/li>\n<li>L&rsquo;inspection par vid\u00e9o et la r\u00e9paration de vos tuyaux d&rsquo;\u00e9vacuations.<\/li>\n<li>Le nettoyage par jet d&rsquo;eau de vos canalisations.<\/li>\n<li>La pose de nouveaux dispositifs de plomberie.<\/li>\n<li>La vidange, le nettoyage, le changement ou la r\u00e9paration de bac d\u00e9graisseur.<\/li>\n<li>La mise en place, la remise en \u00e9tat et l&rsquo;entretien de votre chauffage ou chauffe-eau.<\/li>\n<li>La r\u00e9paration de votre tuyauterie.<\/li>\n<li>Le d\u00e9pannage de vos installations sanitaires.<\/li>\n<li>La v\u00e9rification de vos canalisations par cam\u00e9ra.<\/li>\n<\/ul>\n<h2>Nettoyage de canalisations en urgence \u00e0 Estavayer-le-lac<\/h2>\n<p>Si vous \u00eates un Staviacois, notre entreprise op\u00e8re rapidement chez vous pour le d\u00e9bouchage vos tuyaux de canalisations ou pour r\u00e9soudre vos probl\u00e8mes de refoulement de vos WC, \u00e9viers ou douches, d&rsquo;autre part, nos artisans plombiers op\u00e8rent rapidement sur vos :<\/p>\n<ul>\n<li>Lavabos.<\/li>\n<li>Toilettes.<\/li>\n<li>Toitures.<\/li>\n<li>Syst\u00e8mes d&rsquo;\u00e9gouts.<\/li>\n<li>Tuyauteries. <\/li>\n<\/ul>\n<h2>Nettoyage et entretien des r\u00e9seaux d&rsquo;\u00e9gouts \u00e0 Estavayer-le-lac<\/h2>\n<p>Le r\u00e9seau d&rsquo;\u00e9gouts repr\u00e9sente l&rsquo;\u00e9l\u00e9ment central de la plomberie. Il transporte les eaux us\u00e9es des \u00e9viers, des w.c. Et des autres installations sanitaires. Lorsque l\u2019\u00e9gout est bouch\u00e9 ou d\u00e9borde, cela peut endommager votre propri\u00e9t\u00e9, et mettre en p\u00e9ril votre s\u00e9curit\u00e9 et celle de votre famille.<\/p>\n<p>Le nettoyage r\u00e9gulier de votre \u00e9gout permet d&rsquo;\u00e9viter l&rsquo;apparition de bouchons et les remont\u00e9es dans vos canalisations. Nos artisans plombiers \u00e0 Estavayer-le-lac combinent les techniques traditionnelles et les nouvelles technologies pour inspecter, \u00e9liminer et r\u00e9tablir le bon \u00e9coulement des eaux us\u00e9es dans vos tuyaux de canalisations.<\/p>\n<p>Artisanlocal peut aussi changer votre conduite d&rsquo;\u00e9gout si elle est trop d\u00e9t\u00e9rior\u00e9e. Artisanlocal peut aussi nettoyer rapidement tout dommage provoqu\u00e9 par les eaux us\u00e9es dans votre propri\u00e9t\u00e9 ou entreprise. Nous s\u00e9chons et d\u00e9shumidifions les espaces endommag\u00e9s afin de diminuer les dangers de d\u00e9veloppement de moisissures.<\/p>\n<h2>Installations et r\u00e9parations de chauffe-eau<\/h2>\n<p>Vous n&rsquo;avez que de l\u2019eau froide dans vos tuyaux ? Il est probable que vous ayez des probl\u00e8mes avec votre cumulus. Artisanlocal effectue la remise en \u00e9tat de votre chauffe-eau rapidement. Voici les indices qui indiquent des soucis :<\/p>\n<ul>\n<li>La baisse de la pression de l\u2019eau chaude : vous avez potentiellement une fuite dans votre cumulus, ou un syst\u00e8me chauffant qui ne marche pas ou l&rsquo;accumulation de s\u00e9diments dans votre r\u00e9servoir.<\/li>\n<li>De l&rsquo;eau pr\u00e8s de votre chauffe-eau : la pr\u00e9sence d&rsquo;eau \u00e0 la base du r\u00e9servoir est l&rsquo;indication d&rsquo;un probl\u00e8me important, ou la pr\u00e9sence d&rsquo;un trou dans le r\u00e9servoir.<\/li>\n<li>Vous entendez des bruits \u00e9tranges qui proviennent du chauffe-eau : des bruits \u00e9tranges peuvent indiquer une accumulation de s\u00e9diments, d\u2019une fuite, ou d&rsquo;un dysfonctionnement de l&rsquo;\u00e9l\u00e9ment chauffant.<\/li>\n<li>L&rsquo;eau est d\u00e9color\u00e9e : cela peut \u00eatre d\u00fb \u00e0 des contaminants et par la rouille pr\u00e9sents dans le chauffe-eau.<\/li>\n<li>Le chauffe-eau est toujours en marche : si vous constatez que votre cumulus fonctionne continuellement, cela peut \u00eatre d\u00fb \u00e0 une panne.<\/li>\n<\/ul>\n<p>En choisissant nos artisans plombiers d\u00e8s les premiers signaux d&rsquo;alerte, il est possible d&rsquo;\u00e9viter des frais \u00e9lev\u00e9s pour vos r\u00e9parations.<\/p>\n<h2>Nettoyage apr\u00e8s un d\u00e9g\u00e2t des eaux<\/h2>\n<p>Nos plombiers professionnels nettoient votre logement suite \u00e0 un d\u00e9g\u00e2t des eaux \u00e0 Estavayer-le-lac, Artisanlocal vous aide, en cas de caves inond\u00e9es, de fortes pluies, de ruptures de canalisations, de refoulements d&rsquo;\u00e9gouts, et de d\u00e9bordements de w.c. Et de baignoires et d&rsquo;autres probl\u00e8mes de canalisation qui peuvent occasionner des dommages.<\/p>\n<h2>Questions souvent pos\u00e9es<\/h2>\n<h3>Quel est le montant d\u2019un plombier \u00e0 Estavayer-le-lac ?<\/h3>\n<p>Apr\u00e8s \u00e9tude de votre souci de plomberie, notre entreprise vous offre un devis gratuit. Voici les montants \u00e0 titre de renseignement \u00e0 Estavayer-le-lac :<\/p>\n<table border=\"1\">\n<tbody>\n<tr>\n<th>Services<\/th>\n<th>Prix CHF<\/th>\n<\/tr>\n<tr>\n<td>Installation d\u2019un lavabo<\/td>\n<td>280.00<\/td>\n<\/tr>\n<tr>\n<td>Taux horaire : mise en place sanitaire<\/td>\n<td>110.00 \u00e0 129.00<\/td>\n<\/tr>\n<tr>\n<td>Pose et raccord, d\u2019un siphon \u00e0 un \u00e9vier<\/td>\n<td>70.00<\/td>\n<\/tr>\n<tr>\n<td>Assemblage mobilier de salle d&rsquo;eau<\/td>\n<td>95.00<\/td>\n<\/tr>\n<tr>\n<td>Pose et raccord, d\u2019une douche \u00e0 la tuyauterie<\/td>\n<td>86.00<\/td>\n<\/tr>\n<tr>\n<td>Installation d\u2019un r\u00e9servoir de WC<\/td>\n<td>112.00<\/td>\n<\/tr>\n<tr>\n<td>Fixation d\u2019accessoires de salle de bain<\/td>\n<td>60.00<\/td>\n<\/tr>\n<tr>\n<td>Pose d\u2019un toilette suspendu<\/td>\n<td>170.00<\/td>\n<\/tr>\n<tr>\n<td>D\u00e9placement du plombier aller-retour<\/td>\n<td>100.00<\/td>\n<\/tr>\n<\/tbody>\n<\/table>\n<h3>Votre entreprise de plomberie \u00e0 Estavayer-le-lac est ouverte le dimanche et le samedi ?<\/h3>\n<p>Notre service de plomberie est disponible 24h\/24, 7j\/7 et m\u00eame durant les jours f\u00e9ri\u00e9s.<\/p>\n<h3>Les artisans plombiers d&rsquo;Artisanlocal effectuent des interventions \u00e0 Estavayer-le-lac et dans les communes proches ?<\/h3>\n<p>Oui, les professionnels de notre soci\u00e9t\u00e9 op\u00e8rent \u00e0 Estavayer-le-lac, mais aussi dans les communes \u00e0 proximit\u00e9, comme : Cheyres, Estavayer-le-Lac, Bollion, Lully FR, Seiry, Ch\u00e2tillon FR, Font, Ch\u00e2bles FR, Autavaux, Forel FR, Montbrelloz, Cugy FR, Vesin, Frasses, Montet (Broye), Aumont, Granges-de-Vesin, Nuvilly, Murist, Payerne, F\u00e9tigny, M\u00e9ni\u00e8res, Treytorrens (Payerne), Bussy FR, Morens FR, S\u00e9vaz, Rueyres-les-Pr\u00e9s, Grandcour, Chevroux, Vers-chez-Perrin, Trey, Ch\u00e2tonnaye, Corcelles-pr\u00e8s-Payerne, Missy, Cerniat FR, Middes, Cousset, Montagny-les-Monts, Grandsivaz, Mannens, Montagny-la-Ville.<\/p>\n","protected":false},"excerpt":{"rendered":"<p>Si vous \u00eates un Staviacois, nos plombiers professionnels se d\u00e9placent \u00e0 votre domicile. Pourquoi faire appel \u00e0 Artisanlocal \u00e0 Estavayer-le-lac ? Nos plombiers se d\u00e9placent tous les jours de la semaine et les jours f\u00e9ri\u00e9s. Nous offrons des estimations gratuites. Nos artisans utilisent les derni\u00e8res techniques et technologies. Nous sommes situ\u00e9s \u00e0 Estavayer-le-lac ce qui [&hellip;]<\/p>\n","protected":false},"author":4,"featured_media":2758,"parent":0,"menu_order":0,"comment_status":"closed","ping_status":"closed","template":"","meta":{"footnotes":""},"profession":[123],"location":[42],"canton":[109],"class_list":["post-1021","page","type-page","status-publish","has-post-thumbnail","hentry","profession-sanitaire","location-estavayer-le-lac","canton-fr"],"yoast_head":"<!-- This site is optimized with the Yoast SEO Premium plugin v25.7.1 (Yoast SEO v27.4) - https:\/\/yoast.com\/product\/yoast-seo-premium-wordpress\/ -->\n<title>Artisan plombier \u00e0 Estavayer-le-lac - Artisanlocal<\/title>\n<meta name=\"robots\" content=\"index, follow, max-snippet:-1, max-image-preview:large, max-video-preview:-1\" \/>\n<link rel=\"canonical\" href=\"https:\/\/www.artisanlocal.ch\/c\/artisan-plombier-a-estavayer-le-lac\/\" \/>\n<meta property=\"og:locale\" content=\"fr_FR\" \/>\n<meta property=\"og:type\" content=\"article\" \/>\n<meta property=\"og:title\" content=\"Artisan plombier \u00e0 Estavayer-le-lac\" \/>\n<meta property=\"og:description\" content=\"Si vous \u00eates un Staviacois, nos plombiers professionnels se d\u00e9placent \u00e0 votre domicile. Pourquoi faire appel \u00e0 Artisanlocal \u00e0 Estavayer-le-lac ? Nos plombiers se d\u00e9placent tous les jours de la semaine et les jours f\u00e9ri\u00e9s. Nous offrons des estimations gratuites. Nos artisans utilisent les derni\u00e8res techniques et technologies. Nous sommes situ\u00e9s \u00e0 Estavayer-le-lac ce qui [&hellip;]\" \/>\n<meta property=\"og:url\" content=\"https:\/\/www.artisanlocal.ch\/c\/artisan-plombier-a-estavayer-le-lac\/\" \/>\n<meta property=\"og:site_name\" content=\"Artisanlocal\" \/>\n<meta property=\"article:modified_time\" content=\"2025-08-26T17:27:04+00:00\" \/>\n<meta property=\"og:image\" content=\"https:\/\/www.artisanlocal.ch\/c\/wp-content\/uploads\/2024\/10\/plombier.jpg\" \/>\n\t<meta property=\"og:image:width\" content=\"1920\" \/>\n\t<meta property=\"og:image:height\" content=\"300\" \/>\n\t<meta property=\"og:image:type\" content=\"image\/jpeg\" \/>\n<meta name=\"twitter:card\" content=\"summary_large_image\" \/>\n<meta name=\"twitter:label1\" content=\"Dur\u00e9e de lecture estim\u00e9e\" \/>\n\t<meta name=\"twitter:data1\" content=\"6 minutes\" \/>\n<script type=\"application\/ld+json\" class=\"yoast-schema-graph\">{\"@context\":\"https:\\\/\\\/schema.org\",\"@graph\":[{\"@type\":\"WebPage\",\"@id\":\"https:\\\/\\\/www.artisanlocal.ch\\\/c\\\/artisan-plombier-a-estavayer-le-lac\\\/\",\"url\":\"https:\\\/\\\/www.artisanlocal.ch\\\/c\\\/artisan-plombier-a-estavayer-le-lac\\\/\",\"name\":\"Artisan plombier \u00e0 Estavayer-le-lac - Artisanlocal\",\"isPartOf\":{\"@id\":\"https:\\\/\\\/www.artisanlocal.ch\\\/c\\\/#website\"},\"primaryImageOfPage\":{\"@id\":\"https:\\\/\\\/www.artisanlocal.ch\\\/c\\\/artisan-plombier-a-estavayer-le-lac\\\/#primaryimage\"},\"image\":{\"@id\":\"https:\\\/\\\/www.artisanlocal.ch\\\/c\\\/artisan-plombier-a-estavayer-le-lac\\\/#primaryimage\"},\"thumbnailUrl\":\"https:\\\/\\\/www.artisanlocal.ch\\\/c\\\/wp-content\\\/uploads\\\/2024\\\/10\\\/plombier.jpg\",\"datePublished\":\"2024-05-19T12:03:34+00:00\",\"dateModified\":\"2025-08-26T17:27:04+00:00\",\"breadcrumb\":{\"@id\":\"https:\\\/\\\/www.artisanlocal.ch\\\/c\\\/artisan-plombier-a-estavayer-le-lac\\\/#breadcrumb\"},\"inLanguage\":\"fr-FR\",\"potentialAction\":[{\"@type\":\"ReadAction\",\"target\":[\"https:\\\/\\\/www.artisanlocal.ch\\\/c\\\/artisan-plombier-a-estavayer-le-lac\\\/\"]}]},{\"@type\":\"ImageObject\",\"inLanguage\":\"fr-FR\",\"@id\":\"https:\\\/\\\/www.artisanlocal.ch\\\/c\\\/artisan-plombier-a-estavayer-le-lac\\\/#primaryimage\",\"url\":\"https:\\\/\\\/www.artisanlocal.ch\\\/c\\\/wp-content\\\/uploads\\\/2024\\\/10\\\/plombier.jpg\",\"contentUrl\":\"https:\\\/\\\/www.artisanlocal.ch\\\/c\\\/wp-content\\\/uploads\\\/2024\\\/10\\\/plombier.jpg\",\"width\":1920,\"height\":300},{\"@type\":\"BreadcrumbList\",\"@id\":\"https:\\\/\\\/www.artisanlocal.ch\\\/c\\\/artisan-plombier-a-estavayer-le-lac\\\/#breadcrumb\",\"itemListElement\":[{\"@type\":\"ListItem\",\"position\":1,\"name\":\"Accueil\",\"item\":\"https:\\\/\\\/www.artisanlocal.ch\\\/c\\\/\"},{\"@type\":\"ListItem\",\"position\":2,\"name\":\"Artisan plombier \u00e0 Estavayer-le-lac\"}]},{\"@type\":\"WebSite\",\"@id\":\"https:\\\/\\\/www.artisanlocal.ch\\\/c\\\/#website\",\"url\":\"https:\\\/\\\/www.artisanlocal.ch\\\/c\\\/\",\"name\":\"Artisanlocal\",\"description\":\"\",\"publisher\":{\"@id\":\"https:\\\/\\\/www.artisanlocal.ch\\\/c\\\/#organization\"},\"potentialAction\":[{\"@type\":\"SearchAction\",\"target\":{\"@type\":\"EntryPoint\",\"urlTemplate\":\"https:\\\/\\\/www.artisanlocal.ch\\\/c\\\/?s={search_term_string}\"},\"query-input\":{\"@type\":\"PropertyValueSpecification\",\"valueRequired\":true,\"valueName\":\"search_term_string\"}}],\"inLanguage\":\"fr-FR\"},{\"@type\":\"Organization\",\"@id\":\"https:\\\/\\\/www.artisanlocal.ch\\\/c\\\/#organization\",\"name\":\"Artisanlocal\",\"url\":\"https:\\\/\\\/www.artisanlocal.ch\\\/c\\\/\",\"logo\":{\"@type\":\"ImageObject\",\"inLanguage\":\"fr-FR\",\"@id\":\"https:\\\/\\\/www.artisanlocal.ch\\\/c\\\/#\\\/schema\\\/logo\\\/image\\\/\",\"url\":\"https:\\\/\\\/www.artisanlocal.ch\\\/c\\\/wp-content\\\/uploads\\\/2024\\\/02\\\/logo-artisanlocal-h.svg\",\"contentUrl\":\"https:\\\/\\\/www.artisanlocal.ch\\\/c\\\/wp-content\\\/uploads\\\/2024\\\/02\\\/logo-artisanlocal-h.svg\",\"caption\":\"Artisanlocal\"},\"image\":{\"@id\":\"https:\\\/\\\/www.artisanlocal.ch\\\/c\\\/#\\\/schema\\\/logo\\\/image\\\/\"}}]}<\/script>\n<!-- \/ Yoast SEO Premium plugin. -->","yoast_head_json":{"title":"Artisan plombier \u00e0 Estavayer-le-lac - Artisanlocal","robots":{"index":"index","follow":"follow","max-snippet":"max-snippet:-1","max-image-preview":"max-image-preview:large","max-video-preview":"max-video-preview:-1"},"canonical":"https:\/\/www.artisanlocal.ch\/c\/artisan-plombier-a-estavayer-le-lac\/","og_locale":"fr_FR","og_type":"article","og_title":"Artisan plombier \u00e0 Estavayer-le-lac","og_description":"Si vous \u00eates un Staviacois, nos plombiers professionnels se d\u00e9placent \u00e0 votre domicile. Pourquoi faire appel \u00e0 Artisanlocal \u00e0 Estavayer-le-lac ? Nos plombiers se d\u00e9placent tous les jours de la semaine et les jours f\u00e9ri\u00e9s. Nous offrons des estimations gratuites. Nos artisans utilisent les derni\u00e8res techniques et technologies. Nous sommes situ\u00e9s \u00e0 Estavayer-le-lac ce qui [&hellip;]","og_url":"https:\/\/www.artisanlocal.ch\/c\/artisan-plombier-a-estavayer-le-lac\/","og_site_name":"Artisanlocal","article_modified_time":"2025-08-26T17:27:04+00:00","og_image":[{"width":1920,"height":300,"url":"https:\/\/www.artisanlocal.ch\/c\/wp-content\/uploads\/2024\/10\/plombier.jpg","type":"image\/jpeg"}],"twitter_card":"summary_large_image","twitter_misc":{"Dur\u00e9e de lecture estim\u00e9e":"6 minutes"},"schema":{"@context":"https:\/\/schema.org","@graph":[{"@type":"WebPage","@id":"https:\/\/www.artisanlocal.ch\/c\/artisan-plombier-a-estavayer-le-lac\/","url":"https:\/\/www.artisanlocal.ch\/c\/artisan-plombier-a-estavayer-le-lac\/","name":"Artisan plombier \u00e0 Estavayer-le-lac - Artisanlocal","isPartOf":{"@id":"https:\/\/www.artisanlocal.ch\/c\/#website"},"primaryImageOfPage":{"@id":"https:\/\/www.artisanlocal.ch\/c\/artisan-plombier-a-estavayer-le-lac\/#primaryimage"},"image":{"@id":"https:\/\/www.artisanlocal.ch\/c\/artisan-plombier-a-estavayer-le-lac\/#primaryimage"},"thumbnailUrl":"https:\/\/www.artisanlocal.ch\/c\/wp-content\/uploads\/2024\/10\/plombier.jpg","datePublished":"2024-05-19T12:03:34+00:00","dateModified":"2025-08-26T17:27:04+00:00","breadcrumb":{"@id":"https:\/\/www.artisanlocal.ch\/c\/artisan-plombier-a-estavayer-le-lac\/#breadcrumb"},"inLanguage":"fr-FR","potentialAction":[{"@type":"ReadAction","target":["https:\/\/www.artisanlocal.ch\/c\/artisan-plombier-a-estavayer-le-lac\/"]}]},{"@type":"ImageObject","inLanguage":"fr-FR","@id":"https:\/\/www.artisanlocal.ch\/c\/artisan-plombier-a-estavayer-le-lac\/#primaryimage","url":"https:\/\/www.artisanlocal.ch\/c\/wp-content\/uploads\/2024\/10\/plombier.jpg","contentUrl":"https:\/\/www.artisanlocal.ch\/c\/wp-content\/uploads\/2024\/10\/plombier.jpg","width":1920,"height":300},{"@type":"BreadcrumbList","@id":"https:\/\/www.artisanlocal.ch\/c\/artisan-plombier-a-estavayer-le-lac\/#breadcrumb","itemListElement":[{"@type":"ListItem","position":1,"name":"Accueil","item":"https:\/\/www.artisanlocal.ch\/c\/"},{"@type":"ListItem","position":2,"name":"Artisan plombier \u00e0 Estavayer-le-lac"}]},{"@type":"WebSite","@id":"https:\/\/www.artisanlocal.ch\/c\/#website","url":"https:\/\/www.artisanlocal.ch\/c\/","name":"Artisanlocal","description":"","publisher":{"@id":"https:\/\/www.artisanlocal.ch\/c\/#organization"},"potentialAction":[{"@type":"SearchAction","target":{"@type":"EntryPoint","urlTemplate":"https:\/\/www.artisanlocal.ch\/c\/?s={search_term_string}"},"query-input":{"@type":"PropertyValueSpecification","valueRequired":true,"valueName":"search_term_string"}}],"inLanguage":"fr-FR"},{"@type":"Organization","@id":"https:\/\/www.artisanlocal.ch\/c\/#organization","name":"Artisanlocal","url":"https:\/\/www.artisanlocal.ch\/c\/","logo":{"@type":"ImageObject","inLanguage":"fr-FR","@id":"https:\/\/www.artisanlocal.ch\/c\/#\/schema\/logo\/image\/","url":"https:\/\/www.artisanlocal.ch\/c\/wp-content\/uploads\/2024\/02\/logo-artisanlocal-h.svg","contentUrl":"https:\/\/www.artisanlocal.ch\/c\/wp-content\/uploads\/2024\/02\/logo-artisanlocal-h.svg","caption":"Artisanlocal"},"image":{"@id":"https:\/\/www.artisanlocal.ch\/c\/#\/schema\/logo\/image\/"}}]}},"_links":{"self":[{"href":"https:\/\/www.artisanlocal.ch\/c\/wp-json\/wp\/v2\/pages\/1021","targetHints":{"allow":["GET"]}}],"collection":[{"href":"https:\/\/www.artisanlocal.ch\/c\/wp-json\/wp\/v2\/pages"}],"about":[{"href":"https:\/\/www.artisanlocal.ch\/c\/wp-json\/wp\/v2\/types\/page"}],"author":[{"embeddable":true,"href":"https:\/\/www.artisanlocal.ch\/c\/wp-json\/wp\/v2\/users\/4"}],"replies":[{"embeddable":true,"href":"https:\/\/www.artisanlocal.ch\/c\/wp-json\/wp\/v2\/comments?post=1021"}],"version-history":[{"count":0,"href":"https:\/\/www.artisanlocal.ch\/c\/wp-json\/wp\/v2\/pages\/1021\/revisions"}],"wp:featuredmedia":[{"embeddable":true,"href":"https:\/\/www.artisanlocal.ch\/c\/wp-json\/wp\/v2\/media\/2758"}],"wp:attachment":[{"href":"https:\/\/www.artisanlocal.ch\/c\/wp-json\/wp\/v2\/media?parent=1021"}],"wp:term":[{"taxonomy":"profession","embeddable":true,"href":"https:\/\/www.artisanlocal.ch\/c\/wp-json\/wp\/v2\/profession?post=1021"},{"taxonomy":"location","embeddable":true,"href":"https:\/\/www.artisanlocal.ch\/c\/wp-json\/wp\/v2\/location?post=1021"},{"taxonomy":"canton","embeddable":true,"href":"https:\/\/www.artisanlocal.ch\/c\/wp-json\/wp\/v2\/canton?post=1021"}],"curies":[{"name":"wp","href":"https:\/\/api.w.org\/{rel}","templated":true}]}}