{"id":1022,"date":"2024-05-18T09:42:40","date_gmt":"2024-05-18T07:42:40","guid":{"rendered":"https:\/\/www.artisanlocal.ch\/c\/plombier-a-chardonne\/"},"modified":"2025-08-26T19:27:36","modified_gmt":"2025-08-26T17:27:36","slug":"plombier-a-chardonne","status":"publish","type":"page","link":"https:\/\/www.artisanlocal.ch\/c\/plombier-a-chardonne\/","title":{"rendered":"Plombier \u00e0 Chardonne"},"content":{"rendered":"<p>Si vous \u00eates un habitant de Chardonne, en cas d&rsquo;urgence, nos artisans plombiers se d\u00e9placent \u00e0 votre logement.<\/p>\n\r\n<div class=\"box\">\r\n            <div class=\"company-info\">\r\n            <img decoding=\"async\" class=\"company-info__logo\" src=\"https:\/\/www.artisanlocal.ch\/media\/cache\/thumb\/images\/companies\/66b4d2c278fc5222103775.png\" alt=\"Logo\">\r\n            <h2 class=\"company-info__name\">Muller S\u00e0rl Chauffage-Sanitaire<\/h2>\r\n            <p class=\"company-info__business\">Installations sanitaires - Chauffages - Pompe \u00e0 chaleur - D\u00e9pannages - Entretien - R\u00e9novation  - Conseils<\/p>\r\n        <\/div>\r\n        <div class=\"company-contact\">\r\n            <p class=\"company-info__address\">Chemin des \u00e9coliers 1<\/p>\r\n                            <div class=\"links\">\r\n                                            <a class=\"btn has-accent-background-color js-phoneNumber\" href=\"tel:0794542628\" title=\"Appelez\" data-id=\"25207\" data-type=\"11\">079 454 26 28<\/a>\r\n                                                                <a class=\"btn has-accent-background-color\" href=\"https:\/\/www.mullersarl.ch\/\" target=\"_blank\" title=\"Voir le site internet\" data-id=\"25207\" data-type=\"20\">Site internet<\/a>\r\n                                    <\/div>\r\n                    <\/div>\r\n    \r\n            \r\n<form action=\"https:\/\/www.artisanlocal.ch\/c\/wp-admin\/admin-ajax.php\" method=\"post\" class=\"form-contact\" id=\"artisan_form_contact_company_inline\">\r\n    <div><input type=\"hidden\" name=\"action\" value=\"company_contact\"><\/div>\r\n    <div><input type=\"hidden\" name=\"nonce\" value=\"83fc32a2a4\"><\/div>\r\n    <div><input type=\"hidden\" name=\"company_id\" value=\"25207\"><\/div>\r\n    <div><input type=\"hidden\" name=\"form_id\" value=\"artisan_form_contact_company_inline\"><\/div>\r\n    <div class=\"gglcptch gglcptch_v3 gglcptch_custom\"><input type=\"hidden\" id=\"g-recaptcha-response\" name=\"g-recaptcha-response\" \/><br \/><div class=\"gglcptch_error_text\">La p\u00e9riode de v\u00e9rification reCAPTCHA a expir\u00e9. Veuillez recharger la page.<\/div><\/div>    <div class=\"form-content\">\r\n        <div class=\"form-group\">\r\n            <label for=\"contact_firstName\" class=\"required\">Pr\u00e9nom<\/label>\r\n            <input type=\"text\" name=\"firstName\" class=\"form-control\" required>\r\n        <\/div>\r\n        <div class=\"form-group\">\r\n            <label for=\"contact_lastName\" class=\"required\">Nom<\/label>\r\n            <input type=\"text\" name=\"lastName\" class=\"form-control\" required>\r\n        <\/div>\r\n        <div class=\"form-group\">\r\n            <label for=\"contact_email\" class=\"required\">Email<\/label>\r\n            <input type=\"email\" name=\"email\" class=\"form-control\" required>\r\n        <\/div>\r\n        <div class=\"form-group\">\r\n            <label for=\"contact_phone\" class=\"required\">Num\u00e9ro de t\u00e9l\u00e9phone<\/label>\r\n            <input type=\"tel\" name=\"phone\" class=\"form-control\" placeholder=\"0787117165\" pattern=\"^[0-9]{10}$\" required>\r\n        <\/div>\r\n        <div class=\"form-group\">\r\n            <label for=\"contact_postalCode\" class=\"required\">Code postal et localit\u00e9<\/label>\r\n            <input type=\"text\" name=\"postalCode\" class=\"form-control\" required>\r\n        <\/div>\r\n        <div class=\"form-group\">\r\n            <label for=\"contact_address\" class=\"required\">Adresse<\/label>\r\n            <input type=\"text\" name=\"address\" class=\"form-control\" required>\r\n        <\/div>\r\n        <div class=\"full-width topic\">\r\n            <p class=\"required\">Je souhaite \u00eatre contact\u00e9 pour :<\/p>\r\n            <div class=\"form-check\">\r\n                <input type=\"radio\" name=\"topic\" value=\"D\u00e9pannage\" class=\"form-control\" required>\r\n                <label for=\"d\u00e9pannage\">D\u00e9pannage<\/label>\r\n            <\/div>\r\n            <div class=\"form-check\">\r\n                <input type=\"radio\" name=\"topic\" value=\"Entretien\" class=\"form-control\" required>\r\n                <label for=\"entretien\">Entretien<\/label>\r\n            <\/div>\r\n            <div class=\"form-check\">\r\n                <input type=\"radio\" name=\"topic\" value=\"R\u00e9novation\" class=\"form-control\" required>\r\n                <label for=\"r\u00e9novation\">R\u00e9novation<\/label>\r\n            <\/div>\r\n            <div class=\"form-check\">\r\n                <input type=\"radio\" name=\"topic\" value=\"Autre\" class=\"form-control\" required>\r\n                <label for=\"autre\">Autre<\/label>\r\n            <\/div>\r\n        <\/div>\r\n        <div class=\"form-group full-width\">\r\n            <label for=\"contact_message\">Message<\/label>\r\n            <textarea name=\"message\" rows=\"3\" class=\"form-control\"><\/textarea>\r\n        <\/div>\r\n    <\/div>\r\n    <div class=\"form-actions\">\r\n        <button class=\"wp-block-button__link has-accent-background-color\">Contacter<\/button>\r\n    <\/div>\r\n<\/form>\r\n<div class=\"form-feedback\"><\/div>    <\/div>\n<h2>Pourquoi faire appel \u00e0 Artisanlocal \u00e0 Chardonne ?<\/h2>\n<ul>\n<li>Nous sommes ouverts 24 heures sur 24, tous les jours de la semaine, y compris les jours f\u00e9ri\u00e9s.<\/li>\n<li>Nous fournissons des estimations gratuites.<\/li>\n<li>Nos artisans plombiers utilisent les derni\u00e8res technologies et techniques.<\/li>\n<li>Notre soci\u00e9t\u00e9 est \u00e9tabli \u00e0 Chardonne ce qui nous permet d&rsquo;intervenir en urgence \u00e0 votre foyer.<\/li>\n<li>Nos tarifs sont comp\u00e9titifs.<\/li>\n<li>Nos plombiers sont assur\u00e9s et exp\u00e9riment\u00e9s.<\/li>\n<li>Nous contr\u00f4lons votre r\u00e9seau de plomberie avant les r\u00e9parations.<\/li>\n<li>Nous r\u00e9novons tous les types de plomberie.<\/li>\n<\/ul>\n<h2>Quels sont les prestations propos\u00e9es par Artisanlocal ?<\/h2>\n<ul>\n<li>Nous proposons la d\u00e9tection des fuites et la r\u00e9paration de vos canalisations.<\/li>\n<li>Nos artisans changent vos installations sanitaires.<\/li>\n<li>Nos artisans r\u00e9parent tous vos \u00e9quipements sanitaires.<\/li>\n<li>Les travaux de plomberie, pour : l\u2019installation de lavabo, d&rsquo;\u00e9vier, de la tuyauterie et de robinet.<\/li>\n<li>La pose de chaudi\u00e8res ou de ballons d&rsquo;eau chaude.<\/li>\n<li>Le d\u00e9bouchage et l\u2019assainissement de vos canalisations.<\/li>\n<li>Nous r\u00e9novons compl\u00e8tement les salles d&rsquo;eau.<\/li>\n<li>La vidange de fosse septique.<\/li>\n<\/ul>\n<h2>Quel est le fonctionnement d&rsquo;Artisanlocal \u00e0 Chardonne ?<\/h2>\n<ol>\n<li>Suite \u00e0 votre prise de contact par t\u00e9l\u00e9phone ou mail, un de nos artisans vous contacte pour examiner l&rsquo;\u00e9tendue de votre probl\u00e8me de plomberie.<\/li>\n<li>Ensuite, nous vous donnons un devis gratuit et d\u00e9taill\u00e9. Vous ne d\u00e9penserez aucuns frais additionnels, sauf s&rsquo;il y a de gros travaux ou qu&rsquo;il est n\u00e9cessaire de remplacer des \u00e9l\u00e9ments de votre syst\u00e8me de plomberie.<\/li>\n<li>Une fois que vous avez valid\u00e9 notre devis, notre artisan fixe avec vous une date d\u2019intervention.<\/li>\n<\/ol>\n<h2>Plombier pour les particuliers \u00e0 Chardonne<\/h2>\n<p>En cas de souci avec votre plomberie, il y a un risque de contamination de l&rsquo;eau, ce qui peut mettre votre famille en danger, c&rsquo;est pour cela que le plombier qui op\u00e8re \u00e0 votre logement r\u00e9alise :<\/p>\n<ul>\n<li>La localisation et la remise en \u00e9tat de vos tuyaux.<\/li>\n<li>Le nettoyage et le d\u00e9bouchage de vos canalisations.<\/li>\n<li>La r\u00e9vision de votre chauffe-eau.<\/li>\n<li>Le contr\u00f4le de vos tuyaux.<\/li>\n<li>La r\u00e9novation de vos tuyaux de canalisations.<\/li>\n<li>La remise en \u00e9tat apr\u00e8s un d\u00e9g\u00e2t des eaux.<\/li>\n<\/ul>\n<h2>Artisanlocal aux services des entreprises \u00e0 Chardonne<\/h2>\n<p>\u00c0 Chardonne, il y a des boutiques de vente au d\u00e9tail, petites entreprises et restaurants. Une fuite dans un robinet, un refoulement dans un tuyau de canalisation ou encore une panne de chauffe-eau sont des incidents fr\u00e9quents qui peuvent diminuer l&rsquo;efficacit\u00e9 de vos collaborateurs. Artisanlocal assiste votre soci\u00e9t\u00e9 pour :<\/p>\n<ul>\n<li>La suppression des blocages dans vos \u00e9viers et l&rsquo;installation d&rsquo;une nouvelle robinetterie.<\/li>\n<li>La r\u00e9paration et l&rsquo;inspection de vos tuyaux.<\/li>\n<li>L\u2019hydrocurage de vos tuyaux de canalisations.<\/li>\n<li>La pose de nouveaux \u00e9quipements de plomberie.<\/li>\n<li>La vidange, le nettoyage, le changement ou la remise en \u00e9tat de bac \u00e0 graisse.<\/li>\n<li>La mise en place, l\u2019entretien et la r\u00e9paration de votre chauffe-eau ou chauffage.<\/li>\n<li>La restauration de votre tuyauterie.<\/li>\n<li>Le service de d\u00e9pannage de vos appareils sanitaires.<\/li>\n<li>L&rsquo;inspection de vos tuyaux par cam\u00e9ra.<\/li>\n<\/ul>\n<h2>Nettoyage de canalisations en urgence \u00e0 Chardonne<\/h2>\n<p>Si vous \u00eates un Chardonneret, notre entreprise intervient rapidement chez vous pour d\u00e9boucher vos tuyaux de canalisations ou pour r\u00e9soudre vos probl\u00e8mes de refoulement de vos WC, \u00e9viers ou douches, d&rsquo;autre part, nos artisans plombiers op\u00e8rent rapidement sur vos :<\/p>\n<ul>\n<li>Lavabos.<\/li>\n<li>Toilettes.<\/li>\n<li>Toits (goutti\u00e8res).<\/li>\n<li>Syst\u00e8mes d&rsquo;\u00e9gouts.<\/li>\n<li>Canalisations. <\/li>\n<\/ul>\n<h2>Service de nettoyage d&rsquo;\u00e9gouts \u00e0 Chardonne<\/h2>\n<p>Les \u00e9gouts constituent le syst\u00e8me principal de la plomberie. Il assure l&rsquo;\u00e9vacuation des eaux us\u00e9es des WC, des lavabos et des autres installations sanitaires. Lorsque l\u2019\u00e9gout est bouch\u00e9 ou \u00e0 des fuites, cela peut causer des d\u00e9g\u00e2ts dans votre logement, et mettre votre s\u00e9curit\u00e9 en jeu.<\/p>\n<p>Le nettoyage fr\u00e9quent de votre \u00e9gout permet de pr\u00e9venir les refoulements dans les canalisations et la formation de bouchons. Nos artisans plombiers \u00e0 Chardonne emploient les derni\u00e8res techniques pour contr\u00f4ler, nettoyer et garantir l&rsquo;\u00e9coulement de l&rsquo;eau dans vos canalisations.<\/p>\n<p>Notre soci\u00e9t\u00e9 remplace les tuyaux de canalisations de votre syst\u00e8me d&rsquo;\u00e9gout en cas de d\u00e9g\u00e2ts. Notre \u00e9quipe peut aussi nettoyer en urgence tout dommage caus\u00e9 par les eaux us\u00e9es dans votre maison ou soci\u00e9t\u00e9. Pour \u00e9viter le d\u00e9veloppement de moisissures, nous d\u00e9shumidifions et s\u00e9chons les zones \u00e0 risques.<\/p>\n<h2>Installations et r\u00e9parations de chauffe-eau<\/h2>\n<p>Il n&rsquo;y a que de l&rsquo;eau froide dans votre h\u00e9bergement ? Votre chauffe-eau peut avoir des probl\u00e8mes techniques. Artisanlocal r\u00e9pare votre cumulus en urgence. Voici les signes qui indiquent des probl\u00e8mes :<\/p>\n<ul>\n<li>Un d\u00e9bit r\u00e9duit d&rsquo;eau chaude : vous avez peut-\u00eatre une fuite d&rsquo;eau dans votre chauffe-eau, ou un \u00e9l\u00e9ment chauffant en panne ou la pr\u00e9sence de s\u00e9diments au fond du r\u00e9servoir.<\/li>\n<li>La pr\u00e9sence d&rsquo;eau \u00e0 proximit\u00e9 de votre chauffe-eau : la pr\u00e9sence d&rsquo;eau \u00e0 la base du r\u00e9servoir peut signaler un probl\u00e8me, ou la pr\u00e9sence d&rsquo;un trou dans votre cumulus.<\/li>\n<li>Des bruits \u00e9tranges proviennent du cumulus : des bruits \u00e9tranges peuvent indiquer un d\u00e9p\u00f4t de s\u00e9diments, d\u2019une fuite, ou d&rsquo;un dysfonctionnement de l&rsquo;\u00e9l\u00e9ment chauffant.<\/li>\n<li>L&rsquo;eau est d\u00e9color\u00e9e : c&rsquo;est causer par la pr\u00e9sence de substances nocives et de rouille dans votre chauffe-eau.<\/li>\n<li>Le cumulus est sans cesse en marche : si vous constatez que votre cumulus marche tr\u00e8s fr\u00e9quemment, c&rsquo;est peut-\u00eatre que votre chauffe-eau \u00e0 une panne.<\/li>\n<\/ul>\n<p>En choisissant nos plombiers d\u00e8s les premiers signaux d&rsquo;alerte, vous pouvez \u00e9chapper \u00e0 des travaux de r\u00e9parations co\u00fbteuses.<\/p>\n<h2>Nettoyage apr\u00e8s un d\u00e9g\u00e2t des eaux<\/h2>\n<p>Nos \u00e9quipes ont la capacit\u00e9 de nettoyer votre h\u00e9bergement apr\u00e8s une inondation \u00e0 Chardonne, notre entreprise vous aide, en cas de caves inond\u00e9es, de ruptures de tuyaux de canalisations, de d\u00e9bordements de w.c. Et de baignoires, de fortes pluies, de reflux d&rsquo;\u00e9gouts et d&rsquo;autres soucis de plomberie qui peuvent entra\u00eener des d\u00e9g\u00e2ts des eaux.<\/p>\n<h2>R\u00e9ponses aux interrogations courantes<\/h2>\n<h3>Quel tarif pour faire intervenir un plombier \u00e0 Chardonne ?<\/h3>\n<p>Apr\u00e8s avoir examin\u00e9 votre souci de tuyauterie, les plombiers d&rsquo;Artisanlocal \u00e9valuent le prix des travaux. Voici les montants \u00e0 titre informatif \u00e0 Chardonne :<\/p>\n<table border=\"1\">\n<tbody>\n<tr>\n<th>Services<\/th>\n<th>Prix CHF<\/th>\n<\/tr>\n<tr>\n<td>Installation d\u2019un lavabo<\/td>\n<td>280.00<\/td>\n<\/tr>\n<tr>\n<td>Taux horaire : installation sanitaire<\/td>\n<td>110.00 \u00e0 129.00<\/td>\n<\/tr>\n<tr>\n<td>Pose et raccord, d\u2019un siphon \u00e0 un lavabo<\/td>\n<td>70.00<\/td>\n<\/tr>\n<tr>\n<td>Assemblage mobilier de salle de bain<\/td>\n<td>95.00<\/td>\n<\/tr>\n<tr>\n<td>Mise en place et raccord, d\u2019une douche \u00e0 la robinetterie<\/td>\n<td>86.00<\/td>\n<\/tr>\n<tr>\n<td>Pose d\u2019un r\u00e9servoir ind\u00e9pendant de WC<\/td>\n<td>112.00<\/td>\n<\/tr>\n<tr>\n<td>Pose d\u2019accessoires de salle de bain<\/td>\n<td>60.00<\/td>\n<\/tr>\n<tr>\n<td>Pose d\u2019un WC suspendu<\/td>\n<td>170.00<\/td>\n<\/tr>\n<tr>\n<td>D\u00e9placement aller-retour<\/td>\n<td>100.00<\/td>\n<\/tr>\n<\/tbody>\n<\/table>\n<h3>La soci\u00e9t\u00e9 Artisanlocal est-elle ouverte les samedis et dimanches ?<\/h3>\n<p>Notre prestation de plomberie est joignable 24h\/24, 7j\/7 et m\u00eame les jours f\u00e9ri\u00e9s.<\/p>\n<h3>Nos professionnels op\u00e8rent \u00e0 Chardonne et dans les communes alentours ?<\/h3>\n<p>Nos plombiers se d\u00e9placent \u00e0 Chardonne, \u00e9galement dans les communes \u00e0 proximit\u00e9, comme : Puidoux, Chexbres, Rivaz, St-Saphorin (Lavaux), Aran, Chenaux, Grandvaux, Cully, Villette (Lavaux), Riex, Epesses, Vevey, Le Mont-P\u00e8lerin, Corseaux, Corsier-sur-Vevey, Jongny, St-L\u00e9gier-La Chi\u00e9saz, Blonay, Les Monts-de-Corsier, Fenil-sur-Corsier, La Tour-de-Peilz, Clarens, Chailly-Montreux, Brent, Montreux, Territet, Veytaux, Chernex, Glion, Caux, Chamby, Villard-sur-Chamby, Les Avants.<\/p>\n","protected":false},"excerpt":{"rendered":"<p>Si vous \u00eates un habitant de Chardonne, en cas d&rsquo;urgence, nos artisans plombiers se d\u00e9placent \u00e0 votre logement. Pourquoi faire appel \u00e0 Artisanlocal \u00e0 Chardonne ? Nous sommes ouverts 24 heures sur 24, tous les jours de la semaine, y compris les jours f\u00e9ri\u00e9s. Nous fournissons des estimations gratuites. Nos artisans plombiers utilisent les derni\u00e8res [&hellip;]<\/p>\n","protected":false},"author":4,"featured_media":2758,"parent":0,"menu_order":0,"comment_status":"closed","ping_status":"closed","template":"","meta":{"footnotes":""},"profession":[123],"location":[54],"canton":[113],"class_list":["post-1022","page","type-page","status-publish","has-post-thumbnail","hentry","profession-sanitaire","location-chardonne","canton-vd"],"yoast_head":"<!-- This site is optimized with the Yoast SEO Premium plugin v25.7.1 (Yoast SEO v27.4) - https:\/\/yoast.com\/product\/yoast-seo-premium-wordpress\/ -->\n<title>Plombier \u00e0 Chardonne - Artisanlocal<\/title>\n<meta name=\"robots\" content=\"index, follow, max-snippet:-1, max-image-preview:large, max-video-preview:-1\" \/>\n<link rel=\"canonical\" href=\"https:\/\/www.artisanlocal.ch\/c\/plombier-a-chardonne\/\" \/>\n<meta property=\"og:locale\" content=\"fr_FR\" \/>\n<meta property=\"og:type\" content=\"article\" \/>\n<meta property=\"og:title\" content=\"Plombier \u00e0 Chardonne\" \/>\n<meta property=\"og:description\" content=\"Si vous \u00eates un habitant de Chardonne, en cas d&rsquo;urgence, nos artisans plombiers se d\u00e9placent \u00e0 votre logement. Pourquoi faire appel \u00e0 Artisanlocal \u00e0 Chardonne ? Nous sommes ouverts 24 heures sur 24, tous les jours de la semaine, y compris les jours f\u00e9ri\u00e9s. Nous fournissons des estimations gratuites. Nos artisans plombiers utilisent les derni\u00e8res [&hellip;]\" \/>\n<meta property=\"og:url\" content=\"https:\/\/www.artisanlocal.ch\/c\/plombier-a-chardonne\/\" \/>\n<meta property=\"og:site_name\" content=\"Artisanlocal\" \/>\n<meta property=\"article:modified_time\" content=\"2025-08-26T17:27:36+00:00\" \/>\n<meta property=\"og:image\" content=\"https:\/\/www.artisanlocal.ch\/c\/wp-content\/uploads\/2024\/10\/plombier.jpg\" \/>\n\t<meta property=\"og:image:width\" content=\"1920\" \/>\n\t<meta property=\"og:image:height\" content=\"300\" \/>\n\t<meta property=\"og:image:type\" content=\"image\/jpeg\" \/>\n<meta name=\"twitter:card\" content=\"summary_large_image\" \/>\n<meta name=\"twitter:label1\" content=\"Dur\u00e9e de lecture estim\u00e9e\" \/>\n\t<meta name=\"twitter:data1\" content=\"6 minutes\" \/>\n<script type=\"application\/ld+json\" class=\"yoast-schema-graph\">{\"@context\":\"https:\\\/\\\/schema.org\",\"@graph\":[{\"@type\":\"WebPage\",\"@id\":\"https:\\\/\\\/www.artisanlocal.ch\\\/c\\\/plombier-a-chardonne\\\/\",\"url\":\"https:\\\/\\\/www.artisanlocal.ch\\\/c\\\/plombier-a-chardonne\\\/\",\"name\":\"Plombier \u00e0 Chardonne - Artisanlocal\",\"isPartOf\":{\"@id\":\"https:\\\/\\\/www.artisanlocal.ch\\\/c\\\/#website\"},\"primaryImageOfPage\":{\"@id\":\"https:\\\/\\\/www.artisanlocal.ch\\\/c\\\/plombier-a-chardonne\\\/#primaryimage\"},\"image\":{\"@id\":\"https:\\\/\\\/www.artisanlocal.ch\\\/c\\\/plombier-a-chardonne\\\/#primaryimage\"},\"thumbnailUrl\":\"https:\\\/\\\/www.artisanlocal.ch\\\/c\\\/wp-content\\\/uploads\\\/2024\\\/10\\\/plombier.jpg\",\"datePublished\":\"2024-05-18T07:42:40+00:00\",\"dateModified\":\"2025-08-26T17:27:36+00:00\",\"breadcrumb\":{\"@id\":\"https:\\\/\\\/www.artisanlocal.ch\\\/c\\\/plombier-a-chardonne\\\/#breadcrumb\"},\"inLanguage\":\"fr-FR\",\"potentialAction\":[{\"@type\":\"ReadAction\",\"target\":[\"https:\\\/\\\/www.artisanlocal.ch\\\/c\\\/plombier-a-chardonne\\\/\"]}]},{\"@type\":\"ImageObject\",\"inLanguage\":\"fr-FR\",\"@id\":\"https:\\\/\\\/www.artisanlocal.ch\\\/c\\\/plombier-a-chardonne\\\/#primaryimage\",\"url\":\"https:\\\/\\\/www.artisanlocal.ch\\\/c\\\/wp-content\\\/uploads\\\/2024\\\/10\\\/plombier.jpg\",\"contentUrl\":\"https:\\\/\\\/www.artisanlocal.ch\\\/c\\\/wp-content\\\/uploads\\\/2024\\\/10\\\/plombier.jpg\",\"width\":1920,\"height\":300},{\"@type\":\"BreadcrumbList\",\"@id\":\"https:\\\/\\\/www.artisanlocal.ch\\\/c\\\/plombier-a-chardonne\\\/#breadcrumb\",\"itemListElement\":[{\"@type\":\"ListItem\",\"position\":1,\"name\":\"Accueil\",\"item\":\"https:\\\/\\\/www.artisanlocal.ch\\\/c\\\/\"},{\"@type\":\"ListItem\",\"position\":2,\"name\":\"Plombier \u00e0 Chardonne\"}]},{\"@type\":\"WebSite\",\"@id\":\"https:\\\/\\\/www.artisanlocal.ch\\\/c\\\/#website\",\"url\":\"https:\\\/\\\/www.artisanlocal.ch\\\/c\\\/\",\"name\":\"Artisanlocal\",\"description\":\"\",\"publisher\":{\"@id\":\"https:\\\/\\\/www.artisanlocal.ch\\\/c\\\/#organization\"},\"potentialAction\":[{\"@type\":\"SearchAction\",\"target\":{\"@type\":\"EntryPoint\",\"urlTemplate\":\"https:\\\/\\\/www.artisanlocal.ch\\\/c\\\/?s={search_term_string}\"},\"query-input\":{\"@type\":\"PropertyValueSpecification\",\"valueRequired\":true,\"valueName\":\"search_term_string\"}}],\"inLanguage\":\"fr-FR\"},{\"@type\":\"Organization\",\"@id\":\"https:\\\/\\\/www.artisanlocal.ch\\\/c\\\/#organization\",\"name\":\"Artisanlocal\",\"url\":\"https:\\\/\\\/www.artisanlocal.ch\\\/c\\\/\",\"logo\":{\"@type\":\"ImageObject\",\"inLanguage\":\"fr-FR\",\"@id\":\"https:\\\/\\\/www.artisanlocal.ch\\\/c\\\/#\\\/schema\\\/logo\\\/image\\\/\",\"url\":\"https:\\\/\\\/www.artisanlocal.ch\\\/c\\\/wp-content\\\/uploads\\\/2024\\\/02\\\/logo-artisanlocal-h.svg\",\"contentUrl\":\"https:\\\/\\\/www.artisanlocal.ch\\\/c\\\/wp-content\\\/uploads\\\/2024\\\/02\\\/logo-artisanlocal-h.svg\",\"caption\":\"Artisanlocal\"},\"image\":{\"@id\":\"https:\\\/\\\/www.artisanlocal.ch\\\/c\\\/#\\\/schema\\\/logo\\\/image\\\/\"}}]}<\/script>\n<!-- \/ Yoast SEO Premium plugin. -->","yoast_head_json":{"title":"Plombier \u00e0 Chardonne - Artisanlocal","robots":{"index":"index","follow":"follow","max-snippet":"max-snippet:-1","max-image-preview":"max-image-preview:large","max-video-preview":"max-video-preview:-1"},"canonical":"https:\/\/www.artisanlocal.ch\/c\/plombier-a-chardonne\/","og_locale":"fr_FR","og_type":"article","og_title":"Plombier \u00e0 Chardonne","og_description":"Si vous \u00eates un habitant de Chardonne, en cas d&rsquo;urgence, nos artisans plombiers se d\u00e9placent \u00e0 votre logement. Pourquoi faire appel \u00e0 Artisanlocal \u00e0 Chardonne ? Nous sommes ouverts 24 heures sur 24, tous les jours de la semaine, y compris les jours f\u00e9ri\u00e9s. Nous fournissons des estimations gratuites. Nos artisans plombiers utilisent les derni\u00e8res [&hellip;]","og_url":"https:\/\/www.artisanlocal.ch\/c\/plombier-a-chardonne\/","og_site_name":"Artisanlocal","article_modified_time":"2025-08-26T17:27:36+00:00","og_image":[{"width":1920,"height":300,"url":"https:\/\/www.artisanlocal.ch\/c\/wp-content\/uploads\/2024\/10\/plombier.jpg","type":"image\/jpeg"}],"twitter_card":"summary_large_image","twitter_misc":{"Dur\u00e9e de lecture estim\u00e9e":"6 minutes"},"schema":{"@context":"https:\/\/schema.org","@graph":[{"@type":"WebPage","@id":"https:\/\/www.artisanlocal.ch\/c\/plombier-a-chardonne\/","url":"https:\/\/www.artisanlocal.ch\/c\/plombier-a-chardonne\/","name":"Plombier \u00e0 Chardonne - Artisanlocal","isPartOf":{"@id":"https:\/\/www.artisanlocal.ch\/c\/#website"},"primaryImageOfPage":{"@id":"https:\/\/www.artisanlocal.ch\/c\/plombier-a-chardonne\/#primaryimage"},"image":{"@id":"https:\/\/www.artisanlocal.ch\/c\/plombier-a-chardonne\/#primaryimage"},"thumbnailUrl":"https:\/\/www.artisanlocal.ch\/c\/wp-content\/uploads\/2024\/10\/plombier.jpg","datePublished":"2024-05-18T07:42:40+00:00","dateModified":"2025-08-26T17:27:36+00:00","breadcrumb":{"@id":"https:\/\/www.artisanlocal.ch\/c\/plombier-a-chardonne\/#breadcrumb"},"inLanguage":"fr-FR","potentialAction":[{"@type":"ReadAction","target":["https:\/\/www.artisanlocal.ch\/c\/plombier-a-chardonne\/"]}]},{"@type":"ImageObject","inLanguage":"fr-FR","@id":"https:\/\/www.artisanlocal.ch\/c\/plombier-a-chardonne\/#primaryimage","url":"https:\/\/www.artisanlocal.ch\/c\/wp-content\/uploads\/2024\/10\/plombier.jpg","contentUrl":"https:\/\/www.artisanlocal.ch\/c\/wp-content\/uploads\/2024\/10\/plombier.jpg","width":1920,"height":300},{"@type":"BreadcrumbList","@id":"https:\/\/www.artisanlocal.ch\/c\/plombier-a-chardonne\/#breadcrumb","itemListElement":[{"@type":"ListItem","position":1,"name":"Accueil","item":"https:\/\/www.artisanlocal.ch\/c\/"},{"@type":"ListItem","position":2,"name":"Plombier \u00e0 Chardonne"}]},{"@type":"WebSite","@id":"https:\/\/www.artisanlocal.ch\/c\/#website","url":"https:\/\/www.artisanlocal.ch\/c\/","name":"Artisanlocal","description":"","publisher":{"@id":"https:\/\/www.artisanlocal.ch\/c\/#organization"},"potentialAction":[{"@type":"SearchAction","target":{"@type":"EntryPoint","urlTemplate":"https:\/\/www.artisanlocal.ch\/c\/?s={search_term_string}"},"query-input":{"@type":"PropertyValueSpecification","valueRequired":true,"valueName":"search_term_string"}}],"inLanguage":"fr-FR"},{"@type":"Organization","@id":"https:\/\/www.artisanlocal.ch\/c\/#organization","name":"Artisanlocal","url":"https:\/\/www.artisanlocal.ch\/c\/","logo":{"@type":"ImageObject","inLanguage":"fr-FR","@id":"https:\/\/www.artisanlocal.ch\/c\/#\/schema\/logo\/image\/","url":"https:\/\/www.artisanlocal.ch\/c\/wp-content\/uploads\/2024\/02\/logo-artisanlocal-h.svg","contentUrl":"https:\/\/www.artisanlocal.ch\/c\/wp-content\/uploads\/2024\/02\/logo-artisanlocal-h.svg","caption":"Artisanlocal"},"image":{"@id":"https:\/\/www.artisanlocal.ch\/c\/#\/schema\/logo\/image\/"}}]}},"_links":{"self":[{"href":"https:\/\/www.artisanlocal.ch\/c\/wp-json\/wp\/v2\/pages\/1022","targetHints":{"allow":["GET"]}}],"collection":[{"href":"https:\/\/www.artisanlocal.ch\/c\/wp-json\/wp\/v2\/pages"}],"about":[{"href":"https:\/\/www.artisanlocal.ch\/c\/wp-json\/wp\/v2\/types\/page"}],"author":[{"embeddable":true,"href":"https:\/\/www.artisanlocal.ch\/c\/wp-json\/wp\/v2\/users\/4"}],"replies":[{"embeddable":true,"href":"https:\/\/www.artisanlocal.ch\/c\/wp-json\/wp\/v2\/comments?post=1022"}],"version-history":[{"count":0,"href":"https:\/\/www.artisanlocal.ch\/c\/wp-json\/wp\/v2\/pages\/1022\/revisions"}],"wp:featuredmedia":[{"embeddable":true,"href":"https:\/\/www.artisanlocal.ch\/c\/wp-json\/wp\/v2\/media\/2758"}],"wp:attachment":[{"href":"https:\/\/www.artisanlocal.ch\/c\/wp-json\/wp\/v2\/media?parent=1022"}],"wp:term":[{"taxonomy":"profession","embeddable":true,"href":"https:\/\/www.artisanlocal.ch\/c\/wp-json\/wp\/v2\/profession?post=1022"},{"taxonomy":"location","embeddable":true,"href":"https:\/\/www.artisanlocal.ch\/c\/wp-json\/wp\/v2\/location?post=1022"},{"taxonomy":"canton","embeddable":true,"href":"https:\/\/www.artisanlocal.ch\/c\/wp-json\/wp\/v2\/canton?post=1022"}],"curies":[{"name":"wp","href":"https:\/\/api.w.org\/{rel}","templated":true}]}}