{"id":1023,"date":"2024-05-19T09:02:01","date_gmt":"2024-05-19T07:02:01","guid":{"rendered":"https:\/\/www.artisanlocal.ch\/c\/artisan-plombier-a-renens\/"},"modified":"2025-08-26T19:27:12","modified_gmt":"2025-08-26T17:27:12","slug":"artisan-plombier-a-renens","status":"publish","type":"page","link":"https:\/\/www.artisanlocal.ch\/c\/artisan-plombier-a-renens\/","title":{"rendered":"Artisan plombier \u00e0 Renens VD"},"content":{"rendered":"<p>Si vous \u00eates un Renanais, en cas d&rsquo;urgence, nos plombiers professionnels se d\u00e9placent \u00e0 votre domicile.<\/p>\n\r\n<div class=\"box\">\r\n            <div class=\"company-info\">\r\n            <img decoding=\"async\" class=\"company-info__logo\" src=\"https:\/\/www.artisanlocal.ch\/media\/cache\/thumb\/images\/companies\/644f84e1e36c1671667738.png\" alt=\"Logo\">\r\n            <h2 class=\"company-info__name\">Inter-Sanitaire S\u00e0rl<\/h2>\r\n            <p class=\"company-info__business\">Installations sanitaires - Chauffages - Energies renouvelables<\/p>\r\n        <\/div>\r\n        <div class=\"company-contact\">\r\n            <p class=\"company-info__address\">Chemin de la Sib\u00e9rie 2<\/p>\r\n                            <div class=\"links\">\r\n                                            <a class=\"btn has-accent-background-color js-phoneNumber\" href=\"tel:0796064957\" title=\"Appelez\" data-id=\"504\" data-type=\"11\">079 606 49 57<\/a>\r\n                                                                <a class=\"btn has-accent-background-color\" href=\"https:\/\/www.inter-sanitaire.ch\/\" target=\"_blank\" title=\"Voir le site internet\" data-id=\"504\" data-type=\"20\">Site internet<\/a>\r\n                                    <\/div>\r\n                    <\/div>\r\n    \r\n            \r\n<form action=\"https:\/\/www.artisanlocal.ch\/c\/wp-admin\/admin-ajax.php\" method=\"post\" class=\"form-contact\" id=\"artisan_form_contact_company_inline\">\r\n    <div><input type=\"hidden\" name=\"action\" value=\"company_contact\"><\/div>\r\n    <div><input type=\"hidden\" name=\"nonce\" value=\"52a81db700\"><\/div>\r\n    <div><input type=\"hidden\" name=\"company_id\" value=\"504\"><\/div>\r\n    <div><input type=\"hidden\" name=\"form_id\" value=\"artisan_form_contact_company_inline\"><\/div>\r\n    <div class=\"gglcptch gglcptch_v3 gglcptch_custom\"><input type=\"hidden\" id=\"g-recaptcha-response\" name=\"g-recaptcha-response\" \/><br \/><div class=\"gglcptch_error_text\">La p\u00e9riode de v\u00e9rification reCAPTCHA a expir\u00e9. Veuillez recharger la page.<\/div><\/div>    <div class=\"form-content\">\r\n        <div class=\"form-group\">\r\n            <label for=\"contact_firstName\" class=\"required\">Pr\u00e9nom<\/label>\r\n            <input type=\"text\" name=\"firstName\" class=\"form-control\" required>\r\n        <\/div>\r\n        <div class=\"form-group\">\r\n            <label for=\"contact_lastName\" class=\"required\">Nom<\/label>\r\n            <input type=\"text\" name=\"lastName\" class=\"form-control\" required>\r\n        <\/div>\r\n        <div class=\"form-group\">\r\n            <label for=\"contact_email\" class=\"required\">Email<\/label>\r\n            <input type=\"email\" name=\"email\" class=\"form-control\" required>\r\n        <\/div>\r\n        <div class=\"form-group\">\r\n            <label for=\"contact_phone\" class=\"required\">Num\u00e9ro de t\u00e9l\u00e9phone<\/label>\r\n            <input type=\"tel\" name=\"phone\" class=\"form-control\" placeholder=\"0787117165\" pattern=\"^[0-9]{10}$\" required>\r\n        <\/div>\r\n        <div class=\"form-group\">\r\n            <label for=\"contact_postalCode\" class=\"required\">Code postal et localit\u00e9<\/label>\r\n            <input type=\"text\" name=\"postalCode\" class=\"form-control\" required>\r\n        <\/div>\r\n        <div class=\"form-group\">\r\n            <label for=\"contact_address\" class=\"required\">Adresse<\/label>\r\n            <input type=\"text\" name=\"address\" class=\"form-control\" required>\r\n        <\/div>\r\n        <div class=\"full-width topic\">\r\n            <p class=\"required\">Je souhaite \u00eatre contact\u00e9 pour :<\/p>\r\n            <div class=\"form-check\">\r\n                <input type=\"radio\" name=\"topic\" value=\"D\u00e9pannage\" class=\"form-control\" required>\r\n                <label for=\"d\u00e9pannage\">D\u00e9pannage<\/label>\r\n            <\/div>\r\n            <div class=\"form-check\">\r\n                <input type=\"radio\" name=\"topic\" value=\"Entretien\" class=\"form-control\" required>\r\n                <label for=\"entretien\">Entretien<\/label>\r\n            <\/div>\r\n            <div class=\"form-check\">\r\n                <input type=\"radio\" name=\"topic\" value=\"R\u00e9novation\" class=\"form-control\" required>\r\n                <label for=\"r\u00e9novation\">R\u00e9novation<\/label>\r\n            <\/div>\r\n            <div class=\"form-check\">\r\n                <input type=\"radio\" name=\"topic\" value=\"Autre\" class=\"form-control\" required>\r\n                <label for=\"autre\">Autre<\/label>\r\n            <\/div>\r\n        <\/div>\r\n        <div class=\"form-group full-width\">\r\n            <label for=\"contact_message\">Message<\/label>\r\n            <textarea name=\"message\" rows=\"3\" class=\"form-control\"><\/textarea>\r\n        <\/div>\r\n    <\/div>\r\n    <div class=\"form-actions\">\r\n        <button class=\"wp-block-button__link has-accent-background-color\">Contacter<\/button>\r\n    <\/div>\r\n<\/form>\r\n<div class=\"form-feedback\"><\/div>    <\/div>\n<h2>Pourquoi choisir Artisanlocal \u00e0 Renens VD ?<\/h2>\n<ul>\n<li>Nos plombiers sont disponibles tous les jours de la semaine.<\/li>\n<li>Nous fournissons des estimations gratuites.<\/li>\n<li>Nous utilisons les derni\u00e8res m\u00e9thodes de pointes.<\/li>\n<li>Notre entreprise est localis\u00e9e \u00e0 Renens VD ce qui nous permet d&rsquo;intervenir rapidement \u00e0 votre foyer.<\/li>\n<li>Nous proposons des tarifs comp\u00e9titifs.<\/li>\n<li>Nos plombiers sont assur\u00e9s et exp\u00e9riment\u00e9s.<\/li>\n<li>Avant toute intervention, nous contr\u00f4lons votre installation de plomberie.<\/li>\n<li>Aucun probl\u00e8me n&rsquo;est trop grand ou trop petit, nous r\u00e9alisons tous types d\u2019interventions.<\/li>\n<\/ul>\n<h2>Les prestations que nous proposons \u00e0 Renens VD<\/h2>\n<ul>\n<li>Nous localisons les fuites et ensuite, nous r\u00e9novons vos canalisations.<\/li>\n<li>Le changement de votre installation sanitaire.<\/li>\n<li>La remise en \u00e9tat de votre sanitaire.<\/li>\n<li>Les travaux de plomberie, comme : l\u2019installation de lavabo, d&rsquo;\u00e9vier, de la tuyauterie et de robinet.<\/li>\n<li>Nous posons les chauffes-eau et les chaudi\u00e8res.<\/li>\n<li>Nous r\u00e9alisons le d\u00e9bouchage et l&rsquo;assainissement de vos canalisations.<\/li>\n<li>Nous r\u00e9novons int\u00e9gralement les salles d&rsquo;eau.<\/li>\n<li>La vidange de votre fosse septique.<\/li>\n<\/ul>\n<h2>Quel est le fonctionnement d&rsquo;Artisanlocal \u00e0 Renens VD ?<\/h2>\n<ol>\n<li>Suite \u00e0 votre prise de contact par t\u00e9l\u00e9phone ou mail, un de nos artisans plombiers vous contacte pour examiner l&rsquo;\u00e9tendue de votre probl\u00e8me de plomberie.<\/li>\n<li>Ensuite, nous vous donnons un devis d\u00e9taill\u00e9 et gratuit. Avec Artisanlocal, il n&rsquo;y a pas de frais dissimul\u00e9s, \u00e0 moins que vous ayez besoin d&rsquo;\u00e9l\u00e9ments de rechange ou de gros travaux.<\/li>\n<li>Apr\u00e8s votre accord pour le devis, nous d\u00e9ciderons ensemble du jour de l&rsquo;intervention \u00e0 votre foyer.<\/li>\n<\/ol>\n<h2>Services de plomberie pour les particuliers \u00e0 Renens VD<\/h2>\n<p>En cas de souci avec votre plomberie, il y a un risque que vous contaminiez l&rsquo;eau de votre foyer, ce qui peut mettre votre famille en danger, c\u2019est la raison pour laquelle le plombier qui se d\u00e9place chez vous effectue :<\/p>\n<ul>\n<li>La r\u00e9paration de fuites.<\/li>\n<li>Le d\u00e9bouchage et le nettoyage de vos canalisations.<\/li>\n<li>La r\u00e9vision de votre chauffe-eau.<\/li>\n<li>Le contr\u00f4le de vos tuyaux.<\/li>\n<li>La r\u00e9novation de vos tuyaux de canalisations.<\/li>\n<li>Le nettoyage apr\u00e8s les d\u00e9g\u00e2ts des eaux.<\/li>\n<\/ul>\n<h2>Service de plombier pour les entreprises \u00e0 Renens VD<\/h2>\n<p>\u00c0 Renens VD, il y a des commerces de d\u00e9tail, petites entreprises et restaurants. Les robinets qui fuient, les \u00e9vacuations bouch\u00e9es et les chauffe-eau qui fonctionnent mal sont autant de probl\u00e8mes qui peuvent provoquer une perte de productivit\u00e9 de vos employ\u00e9s ou encore endommager vos locaux. Notre entreprise propose des services de plomberie pour votre entreprise \u00e0 Renens VD, comme :<\/p>\n<ul>\n<li>Le d\u00e9bouchage de vos \u00e9viers et le remplacement de vos mitigeurs de cuisine.<\/li>\n<li>La r\u00e9paration et la v\u00e9rification de vos tuyaux.<\/li>\n<li>L\u2019hydrocurage (jet d&rsquo;eau \u00e0 haute pression) de vos canalisations.<\/li>\n<li>La mise en place de nouveaux appareils dans votre syst\u00e8me de plomberie.<\/li>\n<li>La vidange, le nettoyage, le changement ou la remise en \u00e9tat de bac d\u00e9graisseur.<\/li>\n<li>L\u2019installation, la r\u00e9paration et l&rsquo;entretien de votre chauffage ou chauffe-eau.<\/li>\n<li>La restauration de votre tuyauterie.<\/li>\n<li>Le service de d\u00e9pannage de vos appareils sanitaires.<\/li>\n<li>La v\u00e9rification de vos canalisations par cam\u00e9ra.<\/li>\n<\/ul>\n<h2>Service d&rsquo;entretien de vos tuyaux de canalisations \u00e0 Renens VD en urgence<\/h2>\n<p>Si vous \u00eates un Renanais, Artisanlocal intervient en urgence pour le d\u00e9bouchage vos tuyaux de canalisations ou pour r\u00e9gler vos soucis d&rsquo;\u00e9coulement de vos \u00e9viers, douches ou WC, de plus, nos artisans plombiers op\u00e8rent en urgence pour vos :<\/p>\n<ul>\n<li>Lavabos.<\/li>\n<li>Toilettes.<\/li>\n<li>Toits (goutti\u00e8res).<\/li>\n<li>\u00c9gouts.<\/li>\n<li>Canalisations. <\/li>\n<\/ul>\n<h2>Service de nettoyage d&rsquo;\u00e9gouts \u00e0 Renens VD<\/h2>\n<p>Les \u00e9gouts constituent le syst\u00e8me principal de la plomberie. Il assure l&rsquo;\u00e9vacuation des eaux us\u00e9es des WC, des \u00e9viers et des autres appareils sanitaires. Lorsque l\u2019\u00e9gout est bouch\u00e9 ou \u00e0 des fuites, cela peut d\u00e9grader votre r\u00e9sidence, et vous mettre en danger.<\/p>\n<p>L&rsquo;entretien fr\u00e9quent de votre \u00e9gout permet de pr\u00e9venir les refoulements dans les canalisations et la formation de bouchons. Nos plombiers \u00e0 Renens VD utilisent les derni\u00e8res technologies pour inspecter, \u00e9liminer et r\u00e9tablir l&rsquo;\u00e9coulement des eaux us\u00e9es dans vos canalisations.<\/p>\n<p>Artisanlocal remplace les tuyaux de canalisations de vos \u00e9gouts en cas de dommage important. Notre soci\u00e9t\u00e9 offre aussi le nettoyage de votre entreprise ou de votre h\u00e9bergement \u00e0 la suite d&rsquo;un dommage provoqu\u00e9 par l&rsquo;eau. Nous s\u00e9chons et d\u00e9shumidifions les zones touch\u00e9es afin de minimiser les risques de d\u00e9veloppement de champignons.<\/p>\n<h2>R\u00e9parations et installations de chauffe-eau<\/h2>\n<p>Tout ce que vous avez, c&rsquo;est de l\u2019eau froide dans vos tuyaux ? Il se peut que vous ayez des soucis avec votre cumulus. Artisanlocal effectue la remise en \u00e9tat de votre chauffe-eau en express. Voici les signaux qui indiquent des soucis :<\/p>\n<ul>\n<li>Un faible d\u00e9bit d&rsquo;eau chaude : \u00e7a peut-\u00eatre d\u00fb \u00e0 une fuite d&rsquo;eau dans votre cumulus, ou un syst\u00e8me chauffant d\u00e9fectueux ou l&rsquo;accumulation de s\u00e9diments au fond de votre r\u00e9servoir.<\/li>\n<li>De l&rsquo;eau autour de votre cumulus : une flaque d&rsquo;eau \u00e0 la base du chauffe-eau peut-\u00eatre le signe d&rsquo;un probl\u00e8me important, ou la pr\u00e9sence d&rsquo;un trou dans votre cumulus.<\/li>\n<li>Des bruits \u00e9tranges proviennent du cumulus : des bruits \u00e9tranges peuvent indiquer une accumulation de s\u00e9diments, une fuite ou une panne de l&rsquo;\u00e9l\u00e9ment de chauffage.<\/li>\n<li>L&rsquo;eau est d\u00e9color\u00e9e : cela peut \u00eatre d\u00fb \u00e0 des contaminants et par la rouille pr\u00e9sents dans le cumulus.<\/li>\n<li>Le cumulus est tout le temps en marche : si vous constatez que votre cumulus marche sans cesse, c&rsquo;est peut-\u00eatre que votre cumulus \u00e0 un probl\u00e8me.<\/li>\n<\/ul>\n<p>En sollicitant nos artisans plombiers d\u00e8s les premiers signaux d&rsquo;alerte, vous pouvez \u00e9viter des r\u00e9parations co\u00fbteuses.<\/p>\n<h2>Nettoyage apr\u00e8s un d\u00e9g\u00e2t des eaux<\/h2>\n<p>Nos plombiers ont la capacit\u00e9 de nettoyer votre appartement apr\u00e8s un d\u00e9g\u00e2t des eaux \u00e0 Renens VD, notre entreprise vous assiste, en cas de caves inond\u00e9es, de ruptures de canalisations, de d\u00e9bordements de w.c. Et de baignoires, d&rsquo;importantes pr\u00e9cipitations, de refoulements d&rsquo;\u00e9gouts et d&rsquo;autres probl\u00e8mes de plomberie qui peuvent causer des dommages.<\/p>\n<h2>Questions souvent pos\u00e9es<\/h2>\n<h3>Quel est le tarif d\u2019un plombier \u00e0 Renens VD ?<\/h3>\n<p>Apr\u00e8s avoir \u00e9valu\u00e9 votre souci de plomberie, les artisans plombiers d&rsquo;Artisanlocal \u00e9valuent le montant de l&rsquo;intervention. Voici les prix \u00e0 titre informatif \u00e0 Renens VD :<\/p>\n<table border=\"1\">\n<tbody>\n<tr>\n<th>Services<\/th>\n<th>Prix CHF<\/th>\n<\/tr>\n<tr>\n<td>Installation d\u2019un lavabo<\/td>\n<td>280.00<\/td>\n<\/tr>\n<tr>\n<td>Tarif horaire : installation sanitaire<\/td>\n<td>110.00 \u00e0 129.00<\/td>\n<\/tr>\n<tr>\n<td>Installation et raccordement, d\u2019un siphon \u00e0 un lavabo<\/td>\n<td>70.00<\/td>\n<\/tr>\n<tr>\n<td>Montage meuble de salle de bain<\/td>\n<td>95.00<\/td>\n<\/tr>\n<tr>\n<td>Installation et raccord, d\u2019une douche \u00e0 la robinetterie<\/td>\n<td>86.00<\/td>\n<\/tr>\n<tr>\n<td>Installation d\u2019un r\u00e9servoir ind\u00e9pendant de toilette<\/td>\n<td>112.00<\/td>\n<\/tr>\n<tr>\n<td>Pose d\u2019accessoires de salle de bain<\/td>\n<td>60.00<\/td>\n<\/tr>\n<tr>\n<td>Mise en place d\u2019un toilette suspendu<\/td>\n<td>170.00<\/td>\n<\/tr>\n<tr>\n<td>D\u00e9placement aller-retour<\/td>\n<td>100.00<\/td>\n<\/tr>\n<\/tbody>\n<\/table>\n<h3>La soci\u00e9t\u00e9 Artisanlocal est-elle ouverte les samedis et dimanches ?<\/h3>\n<p>Notre prestation de plomberie est disponible 24h\/24, 7j\/7 et m\u00eame les jours f\u00e9ri\u00e9s.<\/p>\n<h3>Nos plombiers interviennent \u00e0 Renens VD et dans les localit\u00e9s alentours ?<\/h3>\n<p>Oui, les professionnels de notre entreprise op\u00e8rent \u00e0 Renens VD, mais aussi dans les villes aux alentours, comme : Jouxtens-M\u00e9zery, Prilly, Crissier.<\/p>\n","protected":false},"excerpt":{"rendered":"<p>Si vous \u00eates un Renanais, en cas d&rsquo;urgence, nos plombiers professionnels se d\u00e9placent \u00e0 votre domicile. Pourquoi choisir Artisanlocal \u00e0 Renens VD ? Nos plombiers sont disponibles tous les jours de la semaine. Nous fournissons des estimations gratuites. Nous utilisons les derni\u00e8res m\u00e9thodes de pointes. Notre entreprise est localis\u00e9e \u00e0 Renens VD ce qui nous [&hellip;]<\/p>\n","protected":false},"author":4,"featured_media":2758,"parent":0,"menu_order":0,"comment_status":"closed","ping_status":"closed","template":"","meta":{"footnotes":""},"profession":[123],"location":[53],"canton":[113],"class_list":["post-1023","page","type-page","status-publish","has-post-thumbnail","hentry","profession-sanitaire","location-renens-vd","canton-vd"],"yoast_head":"<!-- This site is optimized with the Yoast SEO Premium plugin v25.7.1 (Yoast SEO v27.3) - https:\/\/yoast.com\/product\/yoast-seo-premium-wordpress\/ -->\n<title>Artisan plombier \u00e0 Renens VD - Artisanlocal<\/title>\n<meta name=\"robots\" content=\"index, follow, max-snippet:-1, max-image-preview:large, max-video-preview:-1\" \/>\n<link rel=\"canonical\" href=\"https:\/\/www.artisanlocal.ch\/c\/artisan-plombier-a-renens\/\" \/>\n<meta property=\"og:locale\" content=\"fr_FR\" \/>\n<meta property=\"og:type\" content=\"article\" \/>\n<meta property=\"og:title\" content=\"Artisan plombier \u00e0 Renens VD\" \/>\n<meta property=\"og:description\" content=\"Si vous \u00eates un Renanais, en cas d&rsquo;urgence, nos plombiers professionnels se d\u00e9placent \u00e0 votre domicile. Pourquoi choisir Artisanlocal \u00e0 Renens VD ? Nos plombiers sont disponibles tous les jours de la semaine. Nous fournissons des estimations gratuites. Nous utilisons les derni\u00e8res m\u00e9thodes de pointes. Notre entreprise est localis\u00e9e \u00e0 Renens VD ce qui nous [&hellip;]\" \/>\n<meta property=\"og:url\" content=\"https:\/\/www.artisanlocal.ch\/c\/artisan-plombier-a-renens\/\" \/>\n<meta property=\"og:site_name\" content=\"Artisanlocal\" \/>\n<meta property=\"article:modified_time\" content=\"2025-08-26T17:27:12+00:00\" \/>\n<meta property=\"og:image\" content=\"https:\/\/www.artisanlocal.ch\/c\/wp-content\/uploads\/2024\/10\/plombier.jpg\" \/>\n\t<meta property=\"og:image:width\" content=\"1920\" \/>\n\t<meta property=\"og:image:height\" content=\"300\" \/>\n\t<meta property=\"og:image:type\" content=\"image\/jpeg\" \/>\n<meta name=\"twitter:card\" content=\"summary_large_image\" \/>\n<meta name=\"twitter:label1\" content=\"Dur\u00e9e de lecture estim\u00e9e\" \/>\n\t<meta name=\"twitter:data1\" content=\"6 minutes\" \/>\n<script type=\"application\/ld+json\" class=\"yoast-schema-graph\">{\"@context\":\"https:\\\/\\\/schema.org\",\"@graph\":[{\"@type\":\"WebPage\",\"@id\":\"https:\\\/\\\/www.artisanlocal.ch\\\/c\\\/artisan-plombier-a-renens\\\/\",\"url\":\"https:\\\/\\\/www.artisanlocal.ch\\\/c\\\/artisan-plombier-a-renens\\\/\",\"name\":\"Artisan plombier \u00e0 Renens VD - Artisanlocal\",\"isPartOf\":{\"@id\":\"https:\\\/\\\/www.artisanlocal.ch\\\/c\\\/#website\"},\"primaryImageOfPage\":{\"@id\":\"https:\\\/\\\/www.artisanlocal.ch\\\/c\\\/artisan-plombier-a-renens\\\/#primaryimage\"},\"image\":{\"@id\":\"https:\\\/\\\/www.artisanlocal.ch\\\/c\\\/artisan-plombier-a-renens\\\/#primaryimage\"},\"thumbnailUrl\":\"https:\\\/\\\/www.artisanlocal.ch\\\/c\\\/wp-content\\\/uploads\\\/2024\\\/10\\\/plombier.jpg\",\"datePublished\":\"2024-05-19T07:02:01+00:00\",\"dateModified\":\"2025-08-26T17:27:12+00:00\",\"breadcrumb\":{\"@id\":\"https:\\\/\\\/www.artisanlocal.ch\\\/c\\\/artisan-plombier-a-renens\\\/#breadcrumb\"},\"inLanguage\":\"fr-FR\",\"potentialAction\":[{\"@type\":\"ReadAction\",\"target\":[\"https:\\\/\\\/www.artisanlocal.ch\\\/c\\\/artisan-plombier-a-renens\\\/\"]}]},{\"@type\":\"ImageObject\",\"inLanguage\":\"fr-FR\",\"@id\":\"https:\\\/\\\/www.artisanlocal.ch\\\/c\\\/artisan-plombier-a-renens\\\/#primaryimage\",\"url\":\"https:\\\/\\\/www.artisanlocal.ch\\\/c\\\/wp-content\\\/uploads\\\/2024\\\/10\\\/plombier.jpg\",\"contentUrl\":\"https:\\\/\\\/www.artisanlocal.ch\\\/c\\\/wp-content\\\/uploads\\\/2024\\\/10\\\/plombier.jpg\",\"width\":1920,\"height\":300},{\"@type\":\"BreadcrumbList\",\"@id\":\"https:\\\/\\\/www.artisanlocal.ch\\\/c\\\/artisan-plombier-a-renens\\\/#breadcrumb\",\"itemListElement\":[{\"@type\":\"ListItem\",\"position\":1,\"name\":\"Accueil\",\"item\":\"https:\\\/\\\/www.artisanlocal.ch\\\/c\\\/\"},{\"@type\":\"ListItem\",\"position\":2,\"name\":\"Artisan plombier \u00e0 Renens\"}]},{\"@type\":\"WebSite\",\"@id\":\"https:\\\/\\\/www.artisanlocal.ch\\\/c\\\/#website\",\"url\":\"https:\\\/\\\/www.artisanlocal.ch\\\/c\\\/\",\"name\":\"Artisanlocal\",\"description\":\"\",\"publisher\":{\"@id\":\"https:\\\/\\\/www.artisanlocal.ch\\\/c\\\/#organization\"},\"potentialAction\":[{\"@type\":\"SearchAction\",\"target\":{\"@type\":\"EntryPoint\",\"urlTemplate\":\"https:\\\/\\\/www.artisanlocal.ch\\\/c\\\/?s={search_term_string}\"},\"query-input\":{\"@type\":\"PropertyValueSpecification\",\"valueRequired\":true,\"valueName\":\"search_term_string\"}}],\"inLanguage\":\"fr-FR\"},{\"@type\":\"Organization\",\"@id\":\"https:\\\/\\\/www.artisanlocal.ch\\\/c\\\/#organization\",\"name\":\"Artisanlocal\",\"url\":\"https:\\\/\\\/www.artisanlocal.ch\\\/c\\\/\",\"logo\":{\"@type\":\"ImageObject\",\"inLanguage\":\"fr-FR\",\"@id\":\"https:\\\/\\\/www.artisanlocal.ch\\\/c\\\/#\\\/schema\\\/logo\\\/image\\\/\",\"url\":\"https:\\\/\\\/www.artisanlocal.ch\\\/c\\\/wp-content\\\/uploads\\\/2024\\\/02\\\/logo-artisanlocal-h.svg\",\"contentUrl\":\"https:\\\/\\\/www.artisanlocal.ch\\\/c\\\/wp-content\\\/uploads\\\/2024\\\/02\\\/logo-artisanlocal-h.svg\",\"caption\":\"Artisanlocal\"},\"image\":{\"@id\":\"https:\\\/\\\/www.artisanlocal.ch\\\/c\\\/#\\\/schema\\\/logo\\\/image\\\/\"}}]}<\/script>\n<!-- \/ Yoast SEO Premium plugin. -->","yoast_head_json":{"title":"Artisan plombier \u00e0 Renens VD - Artisanlocal","robots":{"index":"index","follow":"follow","max-snippet":"max-snippet:-1","max-image-preview":"max-image-preview:large","max-video-preview":"max-video-preview:-1"},"canonical":"https:\/\/www.artisanlocal.ch\/c\/artisan-plombier-a-renens\/","og_locale":"fr_FR","og_type":"article","og_title":"Artisan plombier \u00e0 Renens VD","og_description":"Si vous \u00eates un Renanais, en cas d&rsquo;urgence, nos plombiers professionnels se d\u00e9placent \u00e0 votre domicile. Pourquoi choisir Artisanlocal \u00e0 Renens VD ? Nos plombiers sont disponibles tous les jours de la semaine. Nous fournissons des estimations gratuites. Nous utilisons les derni\u00e8res m\u00e9thodes de pointes. Notre entreprise est localis\u00e9e \u00e0 Renens VD ce qui nous [&hellip;]","og_url":"https:\/\/www.artisanlocal.ch\/c\/artisan-plombier-a-renens\/","og_site_name":"Artisanlocal","article_modified_time":"2025-08-26T17:27:12+00:00","og_image":[{"width":1920,"height":300,"url":"https:\/\/www.artisanlocal.ch\/c\/wp-content\/uploads\/2024\/10\/plombier.jpg","type":"image\/jpeg"}],"twitter_card":"summary_large_image","twitter_misc":{"Dur\u00e9e de lecture estim\u00e9e":"6 minutes"},"schema":{"@context":"https:\/\/schema.org","@graph":[{"@type":"WebPage","@id":"https:\/\/www.artisanlocal.ch\/c\/artisan-plombier-a-renens\/","url":"https:\/\/www.artisanlocal.ch\/c\/artisan-plombier-a-renens\/","name":"Artisan plombier \u00e0 Renens VD - Artisanlocal","isPartOf":{"@id":"https:\/\/www.artisanlocal.ch\/c\/#website"},"primaryImageOfPage":{"@id":"https:\/\/www.artisanlocal.ch\/c\/artisan-plombier-a-renens\/#primaryimage"},"image":{"@id":"https:\/\/www.artisanlocal.ch\/c\/artisan-plombier-a-renens\/#primaryimage"},"thumbnailUrl":"https:\/\/www.artisanlocal.ch\/c\/wp-content\/uploads\/2024\/10\/plombier.jpg","datePublished":"2024-05-19T07:02:01+00:00","dateModified":"2025-08-26T17:27:12+00:00","breadcrumb":{"@id":"https:\/\/www.artisanlocal.ch\/c\/artisan-plombier-a-renens\/#breadcrumb"},"inLanguage":"fr-FR","potentialAction":[{"@type":"ReadAction","target":["https:\/\/www.artisanlocal.ch\/c\/artisan-plombier-a-renens\/"]}]},{"@type":"ImageObject","inLanguage":"fr-FR","@id":"https:\/\/www.artisanlocal.ch\/c\/artisan-plombier-a-renens\/#primaryimage","url":"https:\/\/www.artisanlocal.ch\/c\/wp-content\/uploads\/2024\/10\/plombier.jpg","contentUrl":"https:\/\/www.artisanlocal.ch\/c\/wp-content\/uploads\/2024\/10\/plombier.jpg","width":1920,"height":300},{"@type":"BreadcrumbList","@id":"https:\/\/www.artisanlocal.ch\/c\/artisan-plombier-a-renens\/#breadcrumb","itemListElement":[{"@type":"ListItem","position":1,"name":"Accueil","item":"https:\/\/www.artisanlocal.ch\/c\/"},{"@type":"ListItem","position":2,"name":"Artisan plombier \u00e0 Renens"}]},{"@type":"WebSite","@id":"https:\/\/www.artisanlocal.ch\/c\/#website","url":"https:\/\/www.artisanlocal.ch\/c\/","name":"Artisanlocal","description":"","publisher":{"@id":"https:\/\/www.artisanlocal.ch\/c\/#organization"},"potentialAction":[{"@type":"SearchAction","target":{"@type":"EntryPoint","urlTemplate":"https:\/\/www.artisanlocal.ch\/c\/?s={search_term_string}"},"query-input":{"@type":"PropertyValueSpecification","valueRequired":true,"valueName":"search_term_string"}}],"inLanguage":"fr-FR"},{"@type":"Organization","@id":"https:\/\/www.artisanlocal.ch\/c\/#organization","name":"Artisanlocal","url":"https:\/\/www.artisanlocal.ch\/c\/","logo":{"@type":"ImageObject","inLanguage":"fr-FR","@id":"https:\/\/www.artisanlocal.ch\/c\/#\/schema\/logo\/image\/","url":"https:\/\/www.artisanlocal.ch\/c\/wp-content\/uploads\/2024\/02\/logo-artisanlocal-h.svg","contentUrl":"https:\/\/www.artisanlocal.ch\/c\/wp-content\/uploads\/2024\/02\/logo-artisanlocal-h.svg","caption":"Artisanlocal"},"image":{"@id":"https:\/\/www.artisanlocal.ch\/c\/#\/schema\/logo\/image\/"}}]}},"_links":{"self":[{"href":"https:\/\/www.artisanlocal.ch\/c\/wp-json\/wp\/v2\/pages\/1023","targetHints":{"allow":["GET"]}}],"collection":[{"href":"https:\/\/www.artisanlocal.ch\/c\/wp-json\/wp\/v2\/pages"}],"about":[{"href":"https:\/\/www.artisanlocal.ch\/c\/wp-json\/wp\/v2\/types\/page"}],"author":[{"embeddable":true,"href":"https:\/\/www.artisanlocal.ch\/c\/wp-json\/wp\/v2\/users\/4"}],"replies":[{"embeddable":true,"href":"https:\/\/www.artisanlocal.ch\/c\/wp-json\/wp\/v2\/comments?post=1023"}],"version-history":[{"count":0,"href":"https:\/\/www.artisanlocal.ch\/c\/wp-json\/wp\/v2\/pages\/1023\/revisions"}],"wp:featuredmedia":[{"embeddable":true,"href":"https:\/\/www.artisanlocal.ch\/c\/wp-json\/wp\/v2\/media\/2758"}],"wp:attachment":[{"href":"https:\/\/www.artisanlocal.ch\/c\/wp-json\/wp\/v2\/media?parent=1023"}],"wp:term":[{"taxonomy":"profession","embeddable":true,"href":"https:\/\/www.artisanlocal.ch\/c\/wp-json\/wp\/v2\/profession?post=1023"},{"taxonomy":"location","embeddable":true,"href":"https:\/\/www.artisanlocal.ch\/c\/wp-json\/wp\/v2\/location?post=1023"},{"taxonomy":"canton","embeddable":true,"href":"https:\/\/www.artisanlocal.ch\/c\/wp-json\/wp\/v2\/canton?post=1023"}],"curies":[{"name":"wp","href":"https:\/\/api.w.org\/{rel}","templated":true}]}}