{"id":1024,"date":"2024-05-19T12:28:04","date_gmt":"2024-05-19T10:28:04","guid":{"rendered":"https:\/\/www.artisanlocal.ch\/c\/artisan-plombier-a-mezieres\/"},"modified":"2025-08-26T19:27:06","modified_gmt":"2025-08-26T17:27:06","slug":"artisan-plombier-a-mezieres","status":"publish","type":"page","link":"https:\/\/www.artisanlocal.ch\/c\/artisan-plombier-a-mezieres\/","title":{"rendered":"Artisan plombier \u00e0 M\u00e9zi\u00e8res VD"},"content":{"rendered":"<p>Si vous \u00eates un M\u00e9zi\u00e9rois, en cas d&rsquo;urgence, nos artisans plombiers se d\u00e9placent \u00e0 votre domicile.<\/p>\n\r\n<div class=\"box\">\r\n    <h2 class=\"text-dark\">Nous cherchons un <em class=\"text-primary\">Sanitaire<\/em> dans la r\u00e9gion de <em class=\"text-primary\">M\u00e9zi\u00e8res VD<\/em>  en exclusivit\u00e9, afin de proposer vos services \u00e0 nos clients propri\u00e9taires.<\/h2>\r\n    <p>Une opportunit\u00e9 unique pour booster votre activit\u00e9 \u00e0 <strong>M\u00e9zi\u00e8res VD<\/strong> et aux alentours dans votre domaine (Sanitaire).<\/p>\r\n    <p>Nous travaillons en exclusivit\u00e9 avec qu'une soci\u00e9t\u00e9 par m\u00e9tier et par r\u00e9gion. <br>Votre entreprise est pr\u00e9sente sur tous les documents immobiliers. Afin d'\u00eatre mieux vu sur le net, vous \u00eates \u00e9galement visible sur nos deux sites et sur les pages de r\u00e9f\u00e9rencement de votre r\u00e9gion.<\/p>\r\n    <a href=\"\/contact\" class=\"wp-block-button__link has-accent-background-color has-text-align-center wp-element-button\">R\u00e9server<\/a>\r\n<\/div>\n<h2>Quels sont les avantages de choisir Artisanlocal \u00e0 M\u00e9zi\u00e8res VD ?<\/h2>\n<ul>\n<li>Nous sommes ouverts tous les jours de la semaine, y compris les jours f\u00e9ri\u00e9s.<\/li>\n<li>Nos devis sont gratuits.<\/li>\n<li>Nous utilisons les derni\u00e8res m\u00e9thodes.<\/li>\n<li>Nous sommes implant\u00e9s \u00e0 M\u00e9zi\u00e8res VD permettant \u00e0 nos artisans d&rsquo;intervenir rapidement dans votre foyer.<\/li>\n<li>Nos prix sont attractifs.<\/li>\n<li>Tous nos artisans plombiers sont qualifi\u00e9s et poss\u00e8dent les comp\u00e9tences n\u00e9cessaires.<\/li>\n<li>Nous examinons votre plomberie avant les r\u00e9parations.<\/li>\n<li>Nous r\u00e9alisons tous types de travaux de plomberie.<\/li>\n<\/ul>\n<h2>Quels sont les services propos\u00e9s par Artisanlocal ?<\/h2>\n<ul>\n<li>Nous proposons la d\u00e9tection des fuites et la r\u00e9paration de vos canalisations.<\/li>\n<li>Nos artisans remplacent vos \u00e9quipements sanitaires.<\/li>\n<li>Nos artisans r\u00e9parent tous vos sanitaires.<\/li>\n<li>Les travaux de plomberie, tel que : l&rsquo;installation de robinet, \u00e9vier, lavabo et de la tuyauterie.<\/li>\n<li>La pose de chaudi\u00e8res ou de ballons d&rsquo;eau chaude.<\/li>\n<li>Nous r\u00e9alisons l&rsquo;assainissement et le d\u00e9bouchage de vos canalisations.<\/li>\n<li>Nous restaurons compl\u00e8tement les salles d&rsquo;eau.<\/li>\n<li>Notre entreprise r\u00e9alise aussi la vidange de votre fosse septique.<\/li>\n<\/ul>\n<h2>Quel est le fonctionnement d&rsquo;Artisanlocal \u00e0 M\u00e9zi\u00e8res VD ?<\/h2>\n<ol>\n<li>Apr\u00e8s avoir pris contact avec nous par email ou par t\u00e9l\u00e9phone, nous rentrons en contact avec vous pour estimer vos besoins.<\/li>\n<li>Apr\u00e8s cela, vous recevrez une estimation gratuite pour vos travaux. Avec Artisanlocal, il n&rsquo;y a pas de frais cach\u00e9s, \u00e0 moins que vous ayez besoin d&rsquo;\u00e9l\u00e9ments de rechange ou de gros travaux.<\/li>\n<li>Apr\u00e8s votre accord pour le devis, nous d\u00e9ciderons ensemble d&rsquo;une date d&rsquo;intervention \u00e0 votre foyer.<\/li>\n<\/ol>\n<h2>Services de plomberie pour les particuliers \u00e0 M\u00e9zi\u00e8res VD<\/h2>\n<p>Si votre syst\u00e8me de plomberie est d\u00e9fectueux, il y a un risque de contamination de l&rsquo;eau, ce qui peut entra\u00eener un danger pour votre famille, c\u2019est la raison pour laquelle le plombier qui se d\u00e9place \u00e0 votre domicile effectue :<\/p>\n<ul>\n<li>La d\u00e9tection et la remise en \u00e9tat de vos tuyaux.<\/li>\n<li>Le d\u00e9bouchage et le nettoyage de vos tuyaux.<\/li>\n<li>La r\u00e9vision de votre chauffe-eau.<\/li>\n<li>Le contr\u00f4le de vos tuyaux de canalisations.<\/li>\n<li>La r\u00e9paration de vos canalisations.<\/li>\n<li>La remise en \u00e9tat apr\u00e8s un sinistre.<\/li>\n<\/ul>\n<h2>Artisanlocal aux services des entreprises \u00e0 M\u00e9zi\u00e8res VD<\/h2>\n<p>\u00c0 M\u00e9zi\u00e8res VD, il y a des soci\u00e9t\u00e9s, restaurants et commerces de d\u00e9tail. Une petite fuite dans un robinet ou un joint d\u00e9fectueux, un reflux dans un tuyau de canalisation ou encore une panne de chauffe-eau sont des probl\u00e8mes fr\u00e9quents qui peuvent diminuer l&rsquo;efficacit\u00e9 de vos collaborateurs. Artisanlocal offre des travaux de plomberie pour votre soci\u00e9t\u00e9 \u00e0 M\u00e9zi\u00e8res VD, comme :<\/p>\n<ul>\n<li>Le d\u00e9gorgement de vos lavabos et le changement de vos robinets.<\/li>\n<li>L&rsquo;inspection par vid\u00e9o et la r\u00e9paration de vos tuyaux.<\/li>\n<li>Le nettoyage de canalisations avec de l&rsquo;eau \u00e0 haute pression (hydrocurage).<\/li>\n<li>L\u2019installation de nouveaux dispositifs dans votre installation de plomberie.<\/li>\n<li>La maintenance et la remise en \u00e9tat de votre bac \u00e0 graisse.<\/li>\n<li>La mise en place, la remise en \u00e9tat et l&rsquo;entretien de votre chauffe-eau ou chauffage.<\/li>\n<li>La r\u00e9novation de votre tuyauterie.<\/li>\n<li>Le service de d\u00e9pannage de vos \u00e9quipements sanitaires.<\/li>\n<li>L&rsquo;examen de vos conduits par cam\u00e9ra vid\u00e9o.<\/li>\n<\/ul>\n<h2>Service de nettoyage de vos canalisations \u00e0 M\u00e9zi\u00e8res VD en urgence<\/h2>\n<p>Nos artisans nettoient vos canalisations \u00e0 M\u00e9zi\u00e8res VD en urgence afin de vous \u00e9pargner des probl\u00e8mes d\u2019\u00e9coulement de vos eaux us\u00e9es, des remont\u00e9es de mauvaises odeurs ou encore du d\u00e9bordement de vos baignoires, toilettes ou \u00e9viers, d&rsquo;autre part, nos artisans op\u00e8rent d\u00e8s que possible sur vos :<\/p>\n<ul>\n<li>\u00c9viers.<\/li>\n<li>Toilettes.<\/li>\n<li>Toitures.<\/li>\n<li>\u00c9gouts.<\/li>\n<li>Canalisations. <\/li>\n<\/ul>\n<h2>Service de nettoyage d&rsquo;\u00e9gouts \u00e0 M\u00e9zi\u00e8res VD<\/h2>\n<p>Les \u00e9gouts constituent le syst\u00e8me central de la plomberie. Il assure l&rsquo;\u00e9vacuation des eaux us\u00e9es des WC, des \u00e9viers et des autres syst\u00e8mes sanitaires. Si votre \u00e9gout est bouch\u00e9 ou fuit, cela peut d\u00e9grader votre habitation, et compromettre votre s\u00e9curit\u00e9.<\/p>\n<p>Le nettoyage fr\u00e9quent permet d&rsquo;\u00e9viter les refoulements et la cr\u00e9ation de bouchons. Nos artisans plombiers \u00e0 M\u00e9zi\u00e8res VD associent les techniques classiques et les nouvelles technologies pour inspecter, assainir et garantir le d\u00e9bit de l&rsquo;eau dans vos canalisations.<\/p>\n<p>Artisanlocal remplace les conduits de vos \u00e9gouts en cas de dommage important. Notre soci\u00e9t\u00e9 peut aussi nettoyer rapidement tout dommage caus\u00e9 par les eaux us\u00e9es dans votre maison ou soci\u00e9t\u00e9. Nous s\u00e9chons et d\u00e9shumidifions les zones touch\u00e9es pour diminuer les risques de d\u00e9veloppement de moisissures.<\/p>\n<h2>Services de d\u00e9pannage et de pose de chauffe-eau \u00e0 M\u00e9zi\u00e8res VD<\/h2>\n<p>Il n&rsquo;y a que de l&rsquo;eau froide dans votre logement ? Votre cumulus peut avoir des probl\u00e8mes techniques. Notre soci\u00e9t\u00e9 effectue la remise en \u00e9tat de votre chauffe-eau en express. Voici les signes qui montrent des soucis :<\/p>\n<ul>\n<li>Un faible d\u00e9bit d&rsquo;eau chaude : vous avez possiblement une fuite dans votre cumulus, ou un syst\u00e8me chauffant d\u00e9fectueux ou l&rsquo;accumulation de s\u00e9diments au fond du r\u00e9servoir.<\/li>\n<li>Une flaque d&rsquo;eau \u00e0 proximit\u00e9 de votre chauffe-eau : la pr\u00e9sence d&rsquo;eau \u00e0 la base du chauffe-eau peut signaler un probl\u00e8me, ou possiblement d&rsquo;un trou dans le chauffe-eau.<\/li>\n<li>Vous entendez des bruits \u00e9tranges qui proviennent du cumulus : des bruits \u00e9tranges peuvent r\u00e9v\u00e9ler un d\u00e9p\u00f4t de s\u00e9diments, un dysfonctionnement de l&rsquo;\u00e9l\u00e9ment chauffant ou d\u2019une fuite d&rsquo;eau.<\/li>\n<li>La d\u00e9coloration de l&rsquo;eau : c&rsquo;est provoquer par la pr\u00e9sence de substances nocives et de rouille dans votre cumulus.<\/li>\n<li>Le cumulus fonctionne en continu : si vous remarquez que votre cumulus est toujours en marche, c&rsquo;est peut-\u00eatre que votre chauffe-eau \u00e0 un probl\u00e8me.<\/li>\n<\/ul>\n<p>En faisant appel \u00e0 un professionnel comme Artisanlocal d\u00e8s le premier signal d&rsquo;alerte, vous pouvez \u00e9viter des travaux de r\u00e9parations on\u00e9reuses.<\/p>\n<h2>Nettoyage apr\u00e8s un d\u00e9g\u00e2t des eaux<\/h2>\n<p>Nos plombiers professionnels nettoient votre domicile suite \u00e0 une inondation \u00e0 M\u00e9zi\u00e8res VD, notre entreprise vous assiste, en cas de caves submerg\u00e9es, de fortes pr\u00e9cipitations, de ruptures de tuyaux de canalisations, de refoulements d&rsquo;\u00e9gouts, et de d\u00e9bordements de w.c. Et de baignoires et d&rsquo;autres soucis de canalisation qui peuvent occasionner des dommages.<\/p>\n<h2>FAQ<\/h2>\n<h3>Quel est le co\u00fbt d\u2019un plombier \u00e0 M\u00e9zi\u00e8res VD ?<\/h3>\n<p>Apr\u00e8s \u00e9tude de votre probl\u00e8me de plomberie, notre soci\u00e9t\u00e9 vous fournit un devis gratuit. Les tarifs suivants de nos services sont fournis \u00e0 titre indicatif \u00e0 M\u00e9zi\u00e8res VD :<\/p>\n<table border=\"1\">\n<tbody>\n<tr>\n<th>Prestations<\/th>\n<th>Prix CHF<\/th>\n<\/tr>\n<tr>\n<td>Mise en place d\u2019un lavabo<\/td>\n<td>280.00<\/td>\n<\/tr>\n<tr>\n<td>Taux horaire : pose sanitaire<\/td>\n<td>110.00 \u00e0 129.00<\/td>\n<\/tr>\n<tr>\n<td>Pose et raccord, d\u2019un siphon \u00e0 un lavabo<\/td>\n<td>70.00<\/td>\n<\/tr>\n<tr>\n<td>Montage mobilier de salle de bain<\/td>\n<td>95.00<\/td>\n<\/tr>\n<tr>\n<td>Installation et raccordement, d\u2019une douche \u00e0 la robinetterie<\/td>\n<td>86.00<\/td>\n<\/tr>\n<tr>\n<td>Pose d\u2019un r\u00e9servoir de WC<\/td>\n<td>112.00<\/td>\n<\/tr>\n<tr>\n<td>Pose d\u2019accessoires de salle d&rsquo;eau<\/td>\n<td>60.00<\/td>\n<\/tr>\n<tr>\n<td>Mise en place d\u2019un WC suspendu<\/td>\n<td>170.00<\/td>\n<\/tr>\n<tr>\n<td>D\u00e9placement aller-retour<\/td>\n<td>100.00<\/td>\n<\/tr>\n<\/tbody>\n<\/table>\n<h3>Votre entreprise \u00e0 M\u00e9zi\u00e8res VD est ouverte le dimanche et le samedi ?<\/h3>\n<p>Artisanlocal propose un service de plomberie en continu, 24\/7 et m\u00eame pendant les jours f\u00e9ri\u00e9s.<\/p>\n<h3>Les artisans plombiers d&rsquo;Artisanlocal r\u00e9alisent des interventions \u00e0 M\u00e9zi\u00e8res VD et dans les communes voisines ?<\/h3>\n<p>Oui, les plombiers de notre entreprise op\u00e8rent \u00e0 M\u00e9zi\u00e8res VD, comme dans les localit\u00e9s aux alentours, telles que : Peney-le-Jorat, Forel (Lavaux), Mollie-Margot, Savigny, Ferlens VD, Servion, Essertes, Les Cullayes, Montpreveyres, Corcelles-le-Jorat, Carrouge VD, Vulliens, Ropraz, Les Tavernes, Les Thioleyres, Pal\u00e9zieux, Pal\u00e9zieux-Village, Oron-le-Ch\u00e2tel, Chapelle (Gl\u00e2ne), Bussigny-sur-Oron, Chesalles-sur-Oron, Ch\u00e2tillens, Oron-la-Ville, Vuibroye, Le Cr\u00eat-pr\u00e8s-Semsales, Ecoteaux, Maracon.<\/p>\n","protected":false},"excerpt":{"rendered":"<p>Si vous \u00eates un M\u00e9zi\u00e9rois, en cas d&rsquo;urgence, nos artisans plombiers se d\u00e9placent \u00e0 votre domicile. Quels sont les avantages de choisir Artisanlocal \u00e0 M\u00e9zi\u00e8res VD ? Nous sommes ouverts tous les jours de la semaine, y compris les jours f\u00e9ri\u00e9s. Nos devis sont gratuits. Nous utilisons les derni\u00e8res m\u00e9thodes. Nous sommes implant\u00e9s \u00e0 M\u00e9zi\u00e8res [&hellip;]<\/p>\n","protected":false},"author":4,"featured_media":2758,"parent":0,"menu_order":0,"comment_status":"closed","ping_status":"closed","template":"","meta":{"footnotes":""},"profession":[123],"location":[95],"canton":[113],"class_list":["post-1024","page","type-page","status-publish","has-post-thumbnail","hentry","profession-sanitaire","location-mezieres-vd","canton-vd"],"yoast_head":"<!-- This site is optimized with the Yoast SEO Premium plugin v25.7.1 (Yoast SEO v27.3) - https:\/\/yoast.com\/product\/yoast-seo-premium-wordpress\/ -->\n<title>Artisan plombier \u00e0 M\u00e9zi\u00e8res VD - Artisanlocal<\/title>\n<meta name=\"robots\" content=\"index, follow, max-snippet:-1, max-image-preview:large, max-video-preview:-1\" \/>\n<link rel=\"canonical\" href=\"https:\/\/www.artisanlocal.ch\/c\/artisan-plombier-a-mezieres\/\" \/>\n<meta property=\"og:locale\" content=\"fr_FR\" \/>\n<meta property=\"og:type\" content=\"article\" \/>\n<meta property=\"og:title\" content=\"Artisan plombier \u00e0 M\u00e9zi\u00e8res VD\" \/>\n<meta property=\"og:description\" content=\"Si vous \u00eates un M\u00e9zi\u00e9rois, en cas d&rsquo;urgence, nos artisans plombiers se d\u00e9placent \u00e0 votre domicile. Quels sont les avantages de choisir Artisanlocal \u00e0 M\u00e9zi\u00e8res VD ? Nous sommes ouverts tous les jours de la semaine, y compris les jours f\u00e9ri\u00e9s. Nos devis sont gratuits. Nous utilisons les derni\u00e8res m\u00e9thodes. Nous sommes implant\u00e9s \u00e0 M\u00e9zi\u00e8res [&hellip;]\" \/>\n<meta property=\"og:url\" content=\"https:\/\/www.artisanlocal.ch\/c\/artisan-plombier-a-mezieres\/\" \/>\n<meta property=\"og:site_name\" content=\"Artisanlocal\" \/>\n<meta property=\"article:modified_time\" content=\"2025-08-26T17:27:06+00:00\" \/>\n<meta property=\"og:image\" content=\"https:\/\/www.artisanlocal.ch\/c\/wp-content\/uploads\/2024\/10\/plombier.jpg\" \/>\n\t<meta property=\"og:image:width\" content=\"1920\" \/>\n\t<meta property=\"og:image:height\" content=\"300\" \/>\n\t<meta property=\"og:image:type\" content=\"image\/jpeg\" \/>\n<meta name=\"twitter:card\" content=\"summary_large_image\" \/>\n<meta name=\"twitter:label1\" content=\"Dur\u00e9e de lecture estim\u00e9e\" \/>\n\t<meta name=\"twitter:data1\" content=\"6 minutes\" \/>\n<script type=\"application\/ld+json\" class=\"yoast-schema-graph\">{\"@context\":\"https:\\\/\\\/schema.org\",\"@graph\":[{\"@type\":\"WebPage\",\"@id\":\"https:\\\/\\\/www.artisanlocal.ch\\\/c\\\/artisan-plombier-a-mezieres\\\/\",\"url\":\"https:\\\/\\\/www.artisanlocal.ch\\\/c\\\/artisan-plombier-a-mezieres\\\/\",\"name\":\"Artisan plombier \u00e0 M\u00e9zi\u00e8res VD - Artisanlocal\",\"isPartOf\":{\"@id\":\"https:\\\/\\\/www.artisanlocal.ch\\\/c\\\/#website\"},\"primaryImageOfPage\":{\"@id\":\"https:\\\/\\\/www.artisanlocal.ch\\\/c\\\/artisan-plombier-a-mezieres\\\/#primaryimage\"},\"image\":{\"@id\":\"https:\\\/\\\/www.artisanlocal.ch\\\/c\\\/artisan-plombier-a-mezieres\\\/#primaryimage\"},\"thumbnailUrl\":\"https:\\\/\\\/www.artisanlocal.ch\\\/c\\\/wp-content\\\/uploads\\\/2024\\\/10\\\/plombier.jpg\",\"datePublished\":\"2024-05-19T10:28:04+00:00\",\"dateModified\":\"2025-08-26T17:27:06+00:00\",\"breadcrumb\":{\"@id\":\"https:\\\/\\\/www.artisanlocal.ch\\\/c\\\/artisan-plombier-a-mezieres\\\/#breadcrumb\"},\"inLanguage\":\"fr-FR\",\"potentialAction\":[{\"@type\":\"ReadAction\",\"target\":[\"https:\\\/\\\/www.artisanlocal.ch\\\/c\\\/artisan-plombier-a-mezieres\\\/\"]}]},{\"@type\":\"ImageObject\",\"inLanguage\":\"fr-FR\",\"@id\":\"https:\\\/\\\/www.artisanlocal.ch\\\/c\\\/artisan-plombier-a-mezieres\\\/#primaryimage\",\"url\":\"https:\\\/\\\/www.artisanlocal.ch\\\/c\\\/wp-content\\\/uploads\\\/2024\\\/10\\\/plombier.jpg\",\"contentUrl\":\"https:\\\/\\\/www.artisanlocal.ch\\\/c\\\/wp-content\\\/uploads\\\/2024\\\/10\\\/plombier.jpg\",\"width\":1920,\"height\":300},{\"@type\":\"BreadcrumbList\",\"@id\":\"https:\\\/\\\/www.artisanlocal.ch\\\/c\\\/artisan-plombier-a-mezieres\\\/#breadcrumb\",\"itemListElement\":[{\"@type\":\"ListItem\",\"position\":1,\"name\":\"Accueil\",\"item\":\"https:\\\/\\\/www.artisanlocal.ch\\\/c\\\/\"},{\"@type\":\"ListItem\",\"position\":2,\"name\":\"Artisan plombier \u00e0 M\u00e9zi\u00e8res\"}]},{\"@type\":\"WebSite\",\"@id\":\"https:\\\/\\\/www.artisanlocal.ch\\\/c\\\/#website\",\"url\":\"https:\\\/\\\/www.artisanlocal.ch\\\/c\\\/\",\"name\":\"Artisanlocal\",\"description\":\"\",\"publisher\":{\"@id\":\"https:\\\/\\\/www.artisanlocal.ch\\\/c\\\/#organization\"},\"potentialAction\":[{\"@type\":\"SearchAction\",\"target\":{\"@type\":\"EntryPoint\",\"urlTemplate\":\"https:\\\/\\\/www.artisanlocal.ch\\\/c\\\/?s={search_term_string}\"},\"query-input\":{\"@type\":\"PropertyValueSpecification\",\"valueRequired\":true,\"valueName\":\"search_term_string\"}}],\"inLanguage\":\"fr-FR\"},{\"@type\":\"Organization\",\"@id\":\"https:\\\/\\\/www.artisanlocal.ch\\\/c\\\/#organization\",\"name\":\"Artisanlocal\",\"url\":\"https:\\\/\\\/www.artisanlocal.ch\\\/c\\\/\",\"logo\":{\"@type\":\"ImageObject\",\"inLanguage\":\"fr-FR\",\"@id\":\"https:\\\/\\\/www.artisanlocal.ch\\\/c\\\/#\\\/schema\\\/logo\\\/image\\\/\",\"url\":\"https:\\\/\\\/www.artisanlocal.ch\\\/c\\\/wp-content\\\/uploads\\\/2024\\\/02\\\/logo-artisanlocal-h.svg\",\"contentUrl\":\"https:\\\/\\\/www.artisanlocal.ch\\\/c\\\/wp-content\\\/uploads\\\/2024\\\/02\\\/logo-artisanlocal-h.svg\",\"caption\":\"Artisanlocal\"},\"image\":{\"@id\":\"https:\\\/\\\/www.artisanlocal.ch\\\/c\\\/#\\\/schema\\\/logo\\\/image\\\/\"}}]}<\/script>\n<!-- \/ Yoast SEO Premium plugin. -->","yoast_head_json":{"title":"Artisan plombier \u00e0 M\u00e9zi\u00e8res VD - Artisanlocal","robots":{"index":"index","follow":"follow","max-snippet":"max-snippet:-1","max-image-preview":"max-image-preview:large","max-video-preview":"max-video-preview:-1"},"canonical":"https:\/\/www.artisanlocal.ch\/c\/artisan-plombier-a-mezieres\/","og_locale":"fr_FR","og_type":"article","og_title":"Artisan plombier \u00e0 M\u00e9zi\u00e8res VD","og_description":"Si vous \u00eates un M\u00e9zi\u00e9rois, en cas d&rsquo;urgence, nos artisans plombiers se d\u00e9placent \u00e0 votre domicile. Quels sont les avantages de choisir Artisanlocal \u00e0 M\u00e9zi\u00e8res VD ? Nous sommes ouverts tous les jours de la semaine, y compris les jours f\u00e9ri\u00e9s. Nos devis sont gratuits. Nous utilisons les derni\u00e8res m\u00e9thodes. Nous sommes implant\u00e9s \u00e0 M\u00e9zi\u00e8res [&hellip;]","og_url":"https:\/\/www.artisanlocal.ch\/c\/artisan-plombier-a-mezieres\/","og_site_name":"Artisanlocal","article_modified_time":"2025-08-26T17:27:06+00:00","og_image":[{"width":1920,"height":300,"url":"https:\/\/www.artisanlocal.ch\/c\/wp-content\/uploads\/2024\/10\/plombier.jpg","type":"image\/jpeg"}],"twitter_card":"summary_large_image","twitter_misc":{"Dur\u00e9e de lecture estim\u00e9e":"6 minutes"},"schema":{"@context":"https:\/\/schema.org","@graph":[{"@type":"WebPage","@id":"https:\/\/www.artisanlocal.ch\/c\/artisan-plombier-a-mezieres\/","url":"https:\/\/www.artisanlocal.ch\/c\/artisan-plombier-a-mezieres\/","name":"Artisan plombier \u00e0 M\u00e9zi\u00e8res VD - Artisanlocal","isPartOf":{"@id":"https:\/\/www.artisanlocal.ch\/c\/#website"},"primaryImageOfPage":{"@id":"https:\/\/www.artisanlocal.ch\/c\/artisan-plombier-a-mezieres\/#primaryimage"},"image":{"@id":"https:\/\/www.artisanlocal.ch\/c\/artisan-plombier-a-mezieres\/#primaryimage"},"thumbnailUrl":"https:\/\/www.artisanlocal.ch\/c\/wp-content\/uploads\/2024\/10\/plombier.jpg","datePublished":"2024-05-19T10:28:04+00:00","dateModified":"2025-08-26T17:27:06+00:00","breadcrumb":{"@id":"https:\/\/www.artisanlocal.ch\/c\/artisan-plombier-a-mezieres\/#breadcrumb"},"inLanguage":"fr-FR","potentialAction":[{"@type":"ReadAction","target":["https:\/\/www.artisanlocal.ch\/c\/artisan-plombier-a-mezieres\/"]}]},{"@type":"ImageObject","inLanguage":"fr-FR","@id":"https:\/\/www.artisanlocal.ch\/c\/artisan-plombier-a-mezieres\/#primaryimage","url":"https:\/\/www.artisanlocal.ch\/c\/wp-content\/uploads\/2024\/10\/plombier.jpg","contentUrl":"https:\/\/www.artisanlocal.ch\/c\/wp-content\/uploads\/2024\/10\/plombier.jpg","width":1920,"height":300},{"@type":"BreadcrumbList","@id":"https:\/\/www.artisanlocal.ch\/c\/artisan-plombier-a-mezieres\/#breadcrumb","itemListElement":[{"@type":"ListItem","position":1,"name":"Accueil","item":"https:\/\/www.artisanlocal.ch\/c\/"},{"@type":"ListItem","position":2,"name":"Artisan plombier \u00e0 M\u00e9zi\u00e8res"}]},{"@type":"WebSite","@id":"https:\/\/www.artisanlocal.ch\/c\/#website","url":"https:\/\/www.artisanlocal.ch\/c\/","name":"Artisanlocal","description":"","publisher":{"@id":"https:\/\/www.artisanlocal.ch\/c\/#organization"},"potentialAction":[{"@type":"SearchAction","target":{"@type":"EntryPoint","urlTemplate":"https:\/\/www.artisanlocal.ch\/c\/?s={search_term_string}"},"query-input":{"@type":"PropertyValueSpecification","valueRequired":true,"valueName":"search_term_string"}}],"inLanguage":"fr-FR"},{"@type":"Organization","@id":"https:\/\/www.artisanlocal.ch\/c\/#organization","name":"Artisanlocal","url":"https:\/\/www.artisanlocal.ch\/c\/","logo":{"@type":"ImageObject","inLanguage":"fr-FR","@id":"https:\/\/www.artisanlocal.ch\/c\/#\/schema\/logo\/image\/","url":"https:\/\/www.artisanlocal.ch\/c\/wp-content\/uploads\/2024\/02\/logo-artisanlocal-h.svg","contentUrl":"https:\/\/www.artisanlocal.ch\/c\/wp-content\/uploads\/2024\/02\/logo-artisanlocal-h.svg","caption":"Artisanlocal"},"image":{"@id":"https:\/\/www.artisanlocal.ch\/c\/#\/schema\/logo\/image\/"}}]}},"_links":{"self":[{"href":"https:\/\/www.artisanlocal.ch\/c\/wp-json\/wp\/v2\/pages\/1024","targetHints":{"allow":["GET"]}}],"collection":[{"href":"https:\/\/www.artisanlocal.ch\/c\/wp-json\/wp\/v2\/pages"}],"about":[{"href":"https:\/\/www.artisanlocal.ch\/c\/wp-json\/wp\/v2\/types\/page"}],"author":[{"embeddable":true,"href":"https:\/\/www.artisanlocal.ch\/c\/wp-json\/wp\/v2\/users\/4"}],"replies":[{"embeddable":true,"href":"https:\/\/www.artisanlocal.ch\/c\/wp-json\/wp\/v2\/comments?post=1024"}],"version-history":[{"count":0,"href":"https:\/\/www.artisanlocal.ch\/c\/wp-json\/wp\/v2\/pages\/1024\/revisions"}],"wp:featuredmedia":[{"embeddable":true,"href":"https:\/\/www.artisanlocal.ch\/c\/wp-json\/wp\/v2\/media\/2758"}],"wp:attachment":[{"href":"https:\/\/www.artisanlocal.ch\/c\/wp-json\/wp\/v2\/media?parent=1024"}],"wp:term":[{"taxonomy":"profession","embeddable":true,"href":"https:\/\/www.artisanlocal.ch\/c\/wp-json\/wp\/v2\/profession?post=1024"},{"taxonomy":"location","embeddable":true,"href":"https:\/\/www.artisanlocal.ch\/c\/wp-json\/wp\/v2\/location?post=1024"},{"taxonomy":"canton","embeddable":true,"href":"https:\/\/www.artisanlocal.ch\/c\/wp-json\/wp\/v2\/canton?post=1024"}],"curies":[{"name":"wp","href":"https:\/\/api.w.org\/{rel}","templated":true}]}}