{"id":1025,"date":"2024-05-19T11:27:30","date_gmt":"2024-05-19T09:27:30","guid":{"rendered":"https:\/\/www.artisanlocal.ch\/c\/plombier-a-montreux\/"},"modified":"2025-08-26T19:27:10","modified_gmt":"2025-08-26T17:27:10","slug":"plombier-a-montreux","status":"publish","type":"page","link":"https:\/\/www.artisanlocal.ch\/c\/plombier-a-montreux\/","title":{"rendered":"Plombier \u00e0 Montreux"},"content":{"rendered":"<p>Si vous \u00eates domicili\u00e9 \u00e0 Montreux, Artisanlocal intervient chez vous en urgence.<\/p>\n\r\n<div class=\"box\">\r\n            <div class=\"company-info\">\r\n            <img decoding=\"async\" class=\"company-info__logo\" src=\"https:\/\/www.artisanlocal.ch\/media\/cache\/thumb\/images\/companies\/66b4d2c278fc5222103775.png\" alt=\"Logo\">\r\n            <h2 class=\"company-info__name\">Muller S\u00e0rl Chauffage-Sanitaire<\/h2>\r\n            <p class=\"company-info__business\">Installations sanitaires - Chauffages - Pompe \u00e0 chaleur - D\u00e9pannages - Entretien - R\u00e9novation  - Conseils<\/p>\r\n        <\/div>\r\n        <div class=\"company-contact\">\r\n            <p class=\"company-info__address\">Chemin des \u00e9coliers 1<\/p>\r\n                            <div class=\"links\">\r\n                                            <a class=\"btn has-accent-background-color js-phoneNumber\" href=\"tel:0794542628\" title=\"Appelez\" data-id=\"25207\" data-type=\"11\">079 454 26 28<\/a>\r\n                                                                <a class=\"btn has-accent-background-color\" href=\"https:\/\/www.mullersarl.ch\/\" target=\"_blank\" title=\"Voir le site internet\" data-id=\"25207\" data-type=\"20\">Site internet<\/a>\r\n                                    <\/div>\r\n                    <\/div>\r\n    \r\n            \r\n<form action=\"https:\/\/www.artisanlocal.ch\/c\/wp-admin\/admin-ajax.php\" method=\"post\" class=\"form-contact\" id=\"artisan_form_contact_company_inline\">\r\n    <div><input type=\"hidden\" name=\"action\" value=\"company_contact\"><\/div>\r\n    <div><input type=\"hidden\" name=\"nonce\" value=\"1046d5a4e8\"><\/div>\r\n    <div><input type=\"hidden\" name=\"company_id\" value=\"25207\"><\/div>\r\n    <div><input type=\"hidden\" name=\"form_id\" value=\"artisan_form_contact_company_inline\"><\/div>\r\n    <div class=\"gglcptch gglcptch_v3 gglcptch_custom\"><input type=\"hidden\" id=\"g-recaptcha-response\" name=\"g-recaptcha-response\" \/><br \/><div class=\"gglcptch_error_text\">La p\u00e9riode de v\u00e9rification reCAPTCHA a expir\u00e9. Veuillez recharger la page.<\/div><\/div>    <div class=\"form-content\">\r\n        <div class=\"form-group\">\r\n            <label for=\"contact_firstName\" class=\"required\">Pr\u00e9nom<\/label>\r\n            <input type=\"text\" name=\"firstName\" class=\"form-control\" required>\r\n        <\/div>\r\n        <div class=\"form-group\">\r\n            <label for=\"contact_lastName\" class=\"required\">Nom<\/label>\r\n            <input type=\"text\" name=\"lastName\" class=\"form-control\" required>\r\n        <\/div>\r\n        <div class=\"form-group\">\r\n            <label for=\"contact_email\" class=\"required\">Email<\/label>\r\n            <input type=\"email\" name=\"email\" class=\"form-control\" required>\r\n        <\/div>\r\n        <div class=\"form-group\">\r\n            <label for=\"contact_phone\" class=\"required\">Num\u00e9ro de t\u00e9l\u00e9phone<\/label>\r\n            <input type=\"tel\" name=\"phone\" class=\"form-control\" placeholder=\"0787117165\" pattern=\"^[0-9]{10}$\" required>\r\n        <\/div>\r\n        <div class=\"form-group\">\r\n            <label for=\"contact_postalCode\" class=\"required\">Code postal et localit\u00e9<\/label>\r\n            <input type=\"text\" name=\"postalCode\" class=\"form-control\" required>\r\n        <\/div>\r\n        <div class=\"form-group\">\r\n            <label for=\"contact_address\" class=\"required\">Adresse<\/label>\r\n            <input type=\"text\" name=\"address\" class=\"form-control\" required>\r\n        <\/div>\r\n        <div class=\"full-width topic\">\r\n            <p class=\"required\">Je souhaite \u00eatre contact\u00e9 pour :<\/p>\r\n            <div class=\"form-check\">\r\n                <input type=\"radio\" name=\"topic\" value=\"D\u00e9pannage\" class=\"form-control\" required>\r\n                <label for=\"d\u00e9pannage\">D\u00e9pannage<\/label>\r\n            <\/div>\r\n            <div class=\"form-check\">\r\n                <input type=\"radio\" name=\"topic\" value=\"Entretien\" class=\"form-control\" required>\r\n                <label for=\"entretien\">Entretien<\/label>\r\n            <\/div>\r\n            <div class=\"form-check\">\r\n                <input type=\"radio\" name=\"topic\" value=\"R\u00e9novation\" class=\"form-control\" required>\r\n                <label for=\"r\u00e9novation\">R\u00e9novation<\/label>\r\n            <\/div>\r\n            <div class=\"form-check\">\r\n                <input type=\"radio\" name=\"topic\" value=\"Autre\" class=\"form-control\" required>\r\n                <label for=\"autre\">Autre<\/label>\r\n            <\/div>\r\n        <\/div>\r\n        <div class=\"form-group full-width\">\r\n            <label for=\"contact_message\">Message<\/label>\r\n            <textarea name=\"message\" rows=\"3\" class=\"form-control\"><\/textarea>\r\n        <\/div>\r\n    <\/div>\r\n    <div class=\"form-actions\">\r\n        <button class=\"wp-block-button__link has-accent-background-color\">Contacter<\/button>\r\n    <\/div>\r\n<\/form>\r\n<div class=\"form-feedback\"><\/div>    <\/div>\n<h2>Pourquoi faire appel \u00e0 Artisanlocal \u00e0 Montreux ?<\/h2>\n<ul>\n<li>Nos artisans plombiers se d\u00e9placent tous les jours de la semaine.<\/li>\n<li>Nos devis sont gratuits.<\/li>\n<li>Nos artisans utilisent les derni\u00e8res techniques et technologies.<\/li>\n<li>Nous sommes localis\u00e9s \u00e0 Montreux ce qui nous permet d&rsquo;intervenir en urgence \u00e0 votre logement.<\/li>\n<li>Nous proposons des tarifs comp\u00e9titifs.<\/li>\n<li>Tous nos plombiers sont qualifi\u00e9s.<\/li>\n<li>Avant de d\u00e9buter notre travail, nous inspectons votre plomberie.<\/li>\n<li>Nous r\u00e9alisons tous les travaux de plomberie possibles.<\/li>\n<\/ul>\n<h2>Quels sont les services propos\u00e9s par Artisanlocal ?<\/h2>\n<ul>\n<li>Nous sommes sp\u00e9cialis\u00e9s dans la localisation des fuites et la r\u00e9paration de vos tuyaux.<\/li>\n<li>Nos artisans changent vos \u00e9quipements sanitaires.<\/li>\n<li>La restauration de votre sanitaire.<\/li>\n<li>Nous effectuons tous vos travaux de plomberie tels que l&rsquo;installation des : tuyauteries, lavabos, robinets et \u00e9viers.<\/li>\n<li>La pose de chaudi\u00e8res ou de ballons d&rsquo;eau chaude.<\/li>\n<li>L\u2019assainissement et le d\u00e9bouchage de vos canalisations.<\/li>\n<li>Nous r\u00e9novons totalement les salles de bain.<\/li>\n<li>La vidange de fosse septique.<\/li>\n<\/ul>\n<h2>Comment fonctionne Artisanlocal ?<\/h2>\n<ol>\n<li>Suite \u00e0 votre demande d&rsquo;informations par t\u00e9l\u00e9phone ou mail, un de nos artisans plombiers vous contacte pour examiner l&rsquo;ampleur de votre probl\u00e8me de plomberie.<\/li>\n<li>Apr\u00e8s cela, vous recevrez une estimation gratuite pour vos travaux. Vous ne d\u00e9penserez aucuns frais additionnels, sauf si vous ayez besoin d&rsquo;\u00e9l\u00e9ments de remplacement ou de gros travaux.<\/li>\n<li>Une fois que vous avez valid\u00e9 notre devis, notre artisan d\u00e9termine avec vous le jour de l&rsquo;intervention.<\/li>\n<\/ol>\n<h2>Services de plomberie pour les particuliers \u00e0 Montreux<\/h2>\n<p>En cas de souci avec votre plomberie, votre eau peut-\u00eatre pollu\u00e9e et vous pouvez mettre en p\u00e9ril la sant\u00e9 votre famille, c\u2019est la raison pour laquelle l&rsquo;artisan qui se d\u00e9place \u00e0 votre domicile effectue :<\/p>\n<ul>\n<li>La r\u00e9paration de fuites.<\/li>\n<li>L&rsquo;entretien et le d\u00e9bouchage de vos tuyaux.<\/li>\n<li>La maintenance de votre chauffe-eau.<\/li>\n<li>Le contr\u00f4le de vos canalisations.<\/li>\n<li>La restauration de vos canalisations.<\/li>\n<li>Le nettoyage apr\u00e8s les d\u00e9g\u00e2ts des eaux.<\/li>\n<\/ul>\n<h2>Artisanlocal aux services des entreprises \u00e0 Montreux<\/h2>\n<p>\u00c0 Montreux, il y a des entreprises, restaurants et commerces de d\u00e9tail. Une fuite dans un robinet, un refoulement dans un tuyau de canalisation ou encore un probl\u00e8me de chauffe-eau sont des incidents fr\u00e9quents qui peuvent diminuer l&rsquo;efficacit\u00e9 de vos salari\u00e9s. Notre entreprise propose des services de plomberie pour votre entreprise \u00e0 Montreux, comme :<\/p>\n<ul>\n<li>La suppression des blocages dans vos lavabos et la mise en place de nouveaux robinets.<\/li>\n<li>L&rsquo;inspection par vid\u00e9o et la remise en \u00e9tat de vos tuyaux.<\/li>\n<li>Le service nettoyage de tuyaux canalisations avec un jet d&rsquo;eau \u00e0 haute pression.<\/li>\n<li>L&rsquo;installation de nouveaux dispositifs de plomberie.<\/li>\n<li>Le nettoyage, le remplacement ou la r\u00e9paration de bac \u00e0 graisse.<\/li>\n<li>L\u2019installation, l\u2019entretien et la r\u00e9paration de votre chauffage ou chauffe-eau.<\/li>\n<li>La r\u00e9paration de vos tuyaux de canalisations.<\/li>\n<li>Le d\u00e9pannage de vos appareils sanitaires.<\/li>\n<li>L&rsquo;examen de vos conduits par cam\u00e9ra vid\u00e9o.<\/li>\n<\/ul>\n<h2>Entretien de canalisations en urgence \u00e0 Montreux<\/h2>\n<p>Nos artisans nettoient vos tuyaux de canalisations \u00e0 Montreux en urgence afin de vous \u00e9pargner des probl\u00e8mes d\u2019\u00e9vacuation de vos eaux us\u00e9es, des remont\u00e9es d\u2019odeurs d\u00e9sagr\u00e9ables ou encore du d\u00e9bordement de vos toilettes, \u00e9viers ou baignoires, d&rsquo;autre part, nos plombiers op\u00e8rent d\u00e8s que possible sur vos :<\/p>\n<ul>\n<li>\u00c9viers.<\/li>\n<li>Toilettes.<\/li>\n<li>Toits (goutti\u00e8res).<\/li>\n<li>\u00c9gouts.<\/li>\n<li>Tuyauteries. <\/li>\n<\/ul>\n<h2>Nettoyage et entretien des r\u00e9seaux d&rsquo;\u00e9gouts \u00e0 Montreux<\/h2>\n<p>Les \u00e9gouts constituent le r\u00e9seau principal de la plomberie. Il transporte les eaux us\u00e9es des \u00e9viers, des toilettes et des autres syst\u00e8mes sanitaires. Lorsque l\u2019\u00e9gout est bouch\u00e9 ou d\u00e9borde, cela peut d\u00e9grader votre habitation, et vous mettre en danger.<\/p>\n<p>L&rsquo;entretien fr\u00e9quent de votre \u00e9gout permet de pr\u00e9venir les remont\u00e9es d&rsquo;eau ou encore la cr\u00e9ation de bouchons. Nos plombiers \u00e0 Montreux emploient les derni\u00e8res technologies pour v\u00e9rifier, nettoyer et garantir l&rsquo;\u00e9coulement de l&rsquo;eau dans vos canalisations.<\/p>\n<p>Artisanlocal peut aussi changer votre conduite d&rsquo;\u00e9gout si elle est trop ab\u00eem\u00e9e. Notre soci\u00e9t\u00e9 propose aussi le nettoyage de votre soci\u00e9t\u00e9 ou de votre logement \u00e0 la suite d&rsquo;un dommage occasionn\u00e9 par l&rsquo;eau. Pour \u00e9viter le d\u00e9veloppement de moisissures, nous s\u00e9chons et d\u00e9shumidifions les zones \u00e0 risques.<\/p>\n<h2>Services de r\u00e9paration et d&rsquo;installation de chauffe-eau \u00e0 Montreux<\/h2>\n<p>Vous n&rsquo;avez que de l\u2019eau froide dans vos conduits ? Votre chauffe-eau peut rencontrer des probl\u00e8mes. Notre soci\u00e9t\u00e9 r\u00e9pare votre cumulus rapidement. Voici les signes qui montrent des probl\u00e8mes :<\/p>\n<ul>\n<li>La r\u00e9duction de la pression de l\u2019eau chaude : vous avez possiblement une fuite dans votre cumulus, ou un \u00e9l\u00e9ment chauffant d\u00e9fectueux ou l&rsquo;accumulation de s\u00e9diments au fond de votre r\u00e9servoir.<\/li>\n<li>La pr\u00e9sence d&rsquo;eau pr\u00e8s de votre chauffe-eau : la pr\u00e9sence d&rsquo;eau au pied du r\u00e9servoir peut-\u00eatre le signe d&rsquo;un probl\u00e8me important, ou possiblement d&rsquo;une fissure dans le chauffe-eau.<\/li>\n<li>Vous entendez des bruits \u00e9tranges qui proviennent du cumulus : si vous entendez des bruits bizarres, cela peut \u00eatre d\u00fb \u00e0 l&rsquo;accumulation de s\u00e9diments, d\u2019une fuite, ou d&rsquo;un dysfonctionnement de l&rsquo;\u00e9l\u00e9ment chauffant.<\/li>\n<li>La d\u00e9coloration de l&rsquo;eau : c&rsquo;est provoquer par l&rsquo;existence de substances nocives et de rouille dans votre cumulus.<\/li>\n<li>Le cumulus reste en fonctionnement : si vous remarquez que votre cumulus est tout le temps en marche, c&rsquo;est peut-\u00eatre que votre cumulus \u00e0 une panne.<\/li>\n<\/ul>\n<p>En choisissant nos artisans plombiers d\u00e8s les premiers signaux d&rsquo;alerte, vous pouvez \u00e9viter des r\u00e9parations on\u00e9reuses.<\/p>\n<h2>Services de nettoyage apr\u00e8s un d\u00e9g\u00e2t des eaux<\/h2>\n<p>Nos plombiers ont la capacit\u00e9 de nettoyer votre habitat apr\u00e8s un d\u00e9g\u00e2t des eaux \u00e0 Montreux, notre soci\u00e9t\u00e9 vous aide, en cas de caves inond\u00e9es, de ruptures de canalisations, de d\u00e9bordements de w.c. Et de baignoires, de fortes pluies, de refoulements d&rsquo;\u00e9gouts et d&rsquo;autres probl\u00e8mes de plomberie li\u00e9s \u00e0 un d\u00e9g\u00e2t des eaux.<\/p>\n<h2>Questions souvent pos\u00e9es<\/h2>\n<h3>Quel montant pour faire intervenir un plombier \u00e0 Montreux ?<\/h3>\n<p>Apr\u00e8s avoir examin\u00e9 votre souci de plomberie, les plombiers d&rsquo;Artisanlocal calculent le co\u00fbt des travaux. Voici les tarifs \u00e0 titre informatif \u00e0 Montreux :<\/p>\n<table border=\"1\">\n<tbody>\n<tr>\n<th>Prestations<\/th>\n<th>Prix CHF<\/th>\n<\/tr>\n<tr>\n<td>Mise en place d\u2019un lavabo<\/td>\n<td>280.00<\/td>\n<\/tr>\n<tr>\n<td>Tarif horaire : installation sanitaire<\/td>\n<td>110.00 \u00e0 129.00<\/td>\n<\/tr>\n<tr>\n<td>Installation et raccord, d\u2019un siphon \u00e0 un \u00e9vier<\/td>\n<td>70.00<\/td>\n<\/tr>\n<tr>\n<td>Montage mobilier de salle d&rsquo;eau<\/td>\n<td>95.00<\/td>\n<\/tr>\n<tr>\n<td>Pose et raccord, d\u2019une douche \u00e0 la tuyauterie<\/td>\n<td>86.00<\/td>\n<\/tr>\n<tr>\n<td>Mise en place d\u2019un r\u00e9servoir ind\u00e9pendant de WC<\/td>\n<td>112.00<\/td>\n<\/tr>\n<tr>\n<td>Pose d\u2019accessoires de salle d&rsquo;eau<\/td>\n<td>60.00<\/td>\n<\/tr>\n<tr>\n<td>Mise en place d\u2019un WC suspendu<\/td>\n<td>170.00<\/td>\n<\/tr>\n<tr>\n<td>D\u00e9placement aller-retour<\/td>\n<td>100.00<\/td>\n<\/tr>\n<\/tbody>\n<\/table>\n<h3>La soci\u00e9t\u00e9 Artisanlocal est-elle ouverte les dimanches et samedis ?<\/h3>\n<p>Artisanlocal propose un service de plomberie 24 heures sur 24 et 7 jours sur 7 et les jours f\u00e9ri\u00e9s.<\/p>\n<h3>Les plombiers effectuent des interventions \u00e0 Montreux et dans les villes proches ?<\/h3>\n<p>Oui, les plombiers de notre entreprise op\u00e8rent \u00e0 Montreux, \u00e9galement dans les communes aux environs, comme : Puidoux, Chexbres, Rivaz, St-Saphorin (Lavaux), Aran, Chenaux, Grandvaux, Cully, Villette (Lavaux), Riex, Epesses, Vevey, Le Mont-P\u00e8lerin, Corseaux, Chardonne, Corsier-sur-Vevey, Jongny, St-L\u00e9gier-La Chi\u00e9saz, Blonay, Les Monts-de-Corsier, Fenil-sur-Corsier, La Tour-de-Peilz, Clarens, Chailly-Montreux, Brent, Territet, Veytaux, Chernex, Glion, Caux, Chamby, Villard-sur-Chamby, Les Avants.<\/p>\n","protected":false},"excerpt":{"rendered":"<p>Si vous \u00eates domicili\u00e9 \u00e0 Montreux, Artisanlocal intervient chez vous en urgence. Pourquoi faire appel \u00e0 Artisanlocal \u00e0 Montreux ? Nos artisans plombiers se d\u00e9placent tous les jours de la semaine. Nos devis sont gratuits. Nos artisans utilisent les derni\u00e8res techniques et technologies. Nous sommes localis\u00e9s \u00e0 Montreux ce qui nous permet d&rsquo;intervenir en urgence [&hellip;]<\/p>\n","protected":false},"author":4,"featured_media":2758,"parent":0,"menu_order":0,"comment_status":"closed","ping_status":"closed","template":"","meta":{"footnotes":""},"profession":[123],"location":[17],"canton":[113],"class_list":["post-1025","page","type-page","status-publish","has-post-thumbnail","hentry","profession-sanitaire","location-montreux","canton-vd"],"yoast_head":"<!-- This site is optimized with the Yoast SEO Premium plugin v25.7.1 (Yoast SEO v27.4) - https:\/\/yoast.com\/product\/yoast-seo-premium-wordpress\/ -->\n<title>Plombier \u00e0 Montreux - Artisanlocal<\/title>\n<meta name=\"robots\" content=\"index, follow, max-snippet:-1, max-image-preview:large, max-video-preview:-1\" \/>\n<link rel=\"canonical\" href=\"https:\/\/www.artisanlocal.ch\/c\/plombier-a-montreux\/\" \/>\n<meta property=\"og:locale\" content=\"fr_FR\" \/>\n<meta property=\"og:type\" content=\"article\" \/>\n<meta property=\"og:title\" content=\"Plombier \u00e0 Montreux\" \/>\n<meta property=\"og:description\" content=\"Si vous \u00eates domicili\u00e9 \u00e0 Montreux, Artisanlocal intervient chez vous en urgence. Pourquoi faire appel \u00e0 Artisanlocal \u00e0 Montreux ? Nos artisans plombiers se d\u00e9placent tous les jours de la semaine. Nos devis sont gratuits. Nos artisans utilisent les derni\u00e8res techniques et technologies. Nous sommes localis\u00e9s \u00e0 Montreux ce qui nous permet d&rsquo;intervenir en urgence [&hellip;]\" \/>\n<meta property=\"og:url\" content=\"https:\/\/www.artisanlocal.ch\/c\/plombier-a-montreux\/\" \/>\n<meta property=\"og:site_name\" content=\"Artisanlocal\" \/>\n<meta property=\"article:modified_time\" content=\"2025-08-26T17:27:10+00:00\" \/>\n<meta property=\"og:image\" content=\"https:\/\/www.artisanlocal.ch\/c\/wp-content\/uploads\/2024\/10\/plombier.jpg\" \/>\n\t<meta property=\"og:image:width\" content=\"1920\" \/>\n\t<meta property=\"og:image:height\" content=\"300\" \/>\n\t<meta property=\"og:image:type\" content=\"image\/jpeg\" \/>\n<meta name=\"twitter:card\" content=\"summary_large_image\" \/>\n<meta name=\"twitter:label1\" content=\"Dur\u00e9e de lecture estim\u00e9e\" \/>\n\t<meta name=\"twitter:data1\" content=\"6 minutes\" \/>\n<script type=\"application\/ld+json\" class=\"yoast-schema-graph\">{\"@context\":\"https:\\\/\\\/schema.org\",\"@graph\":[{\"@type\":\"WebPage\",\"@id\":\"https:\\\/\\\/www.artisanlocal.ch\\\/c\\\/plombier-a-montreux\\\/\",\"url\":\"https:\\\/\\\/www.artisanlocal.ch\\\/c\\\/plombier-a-montreux\\\/\",\"name\":\"Plombier \u00e0 Montreux - Artisanlocal\",\"isPartOf\":{\"@id\":\"https:\\\/\\\/www.artisanlocal.ch\\\/c\\\/#website\"},\"primaryImageOfPage\":{\"@id\":\"https:\\\/\\\/www.artisanlocal.ch\\\/c\\\/plombier-a-montreux\\\/#primaryimage\"},\"image\":{\"@id\":\"https:\\\/\\\/www.artisanlocal.ch\\\/c\\\/plombier-a-montreux\\\/#primaryimage\"},\"thumbnailUrl\":\"https:\\\/\\\/www.artisanlocal.ch\\\/c\\\/wp-content\\\/uploads\\\/2024\\\/10\\\/plombier.jpg\",\"datePublished\":\"2024-05-19T09:27:30+00:00\",\"dateModified\":\"2025-08-26T17:27:10+00:00\",\"breadcrumb\":{\"@id\":\"https:\\\/\\\/www.artisanlocal.ch\\\/c\\\/plombier-a-montreux\\\/#breadcrumb\"},\"inLanguage\":\"fr-FR\",\"potentialAction\":[{\"@type\":\"ReadAction\",\"target\":[\"https:\\\/\\\/www.artisanlocal.ch\\\/c\\\/plombier-a-montreux\\\/\"]}]},{\"@type\":\"ImageObject\",\"inLanguage\":\"fr-FR\",\"@id\":\"https:\\\/\\\/www.artisanlocal.ch\\\/c\\\/plombier-a-montreux\\\/#primaryimage\",\"url\":\"https:\\\/\\\/www.artisanlocal.ch\\\/c\\\/wp-content\\\/uploads\\\/2024\\\/10\\\/plombier.jpg\",\"contentUrl\":\"https:\\\/\\\/www.artisanlocal.ch\\\/c\\\/wp-content\\\/uploads\\\/2024\\\/10\\\/plombier.jpg\",\"width\":1920,\"height\":300},{\"@type\":\"BreadcrumbList\",\"@id\":\"https:\\\/\\\/www.artisanlocal.ch\\\/c\\\/plombier-a-montreux\\\/#breadcrumb\",\"itemListElement\":[{\"@type\":\"ListItem\",\"position\":1,\"name\":\"Accueil\",\"item\":\"https:\\\/\\\/www.artisanlocal.ch\\\/c\\\/\"},{\"@type\":\"ListItem\",\"position\":2,\"name\":\"Plombier \u00e0 Montreux\"}]},{\"@type\":\"WebSite\",\"@id\":\"https:\\\/\\\/www.artisanlocal.ch\\\/c\\\/#website\",\"url\":\"https:\\\/\\\/www.artisanlocal.ch\\\/c\\\/\",\"name\":\"Artisanlocal\",\"description\":\"\",\"publisher\":{\"@id\":\"https:\\\/\\\/www.artisanlocal.ch\\\/c\\\/#organization\"},\"potentialAction\":[{\"@type\":\"SearchAction\",\"target\":{\"@type\":\"EntryPoint\",\"urlTemplate\":\"https:\\\/\\\/www.artisanlocal.ch\\\/c\\\/?s={search_term_string}\"},\"query-input\":{\"@type\":\"PropertyValueSpecification\",\"valueRequired\":true,\"valueName\":\"search_term_string\"}}],\"inLanguage\":\"fr-FR\"},{\"@type\":\"Organization\",\"@id\":\"https:\\\/\\\/www.artisanlocal.ch\\\/c\\\/#organization\",\"name\":\"Artisanlocal\",\"url\":\"https:\\\/\\\/www.artisanlocal.ch\\\/c\\\/\",\"logo\":{\"@type\":\"ImageObject\",\"inLanguage\":\"fr-FR\",\"@id\":\"https:\\\/\\\/www.artisanlocal.ch\\\/c\\\/#\\\/schema\\\/logo\\\/image\\\/\",\"url\":\"https:\\\/\\\/www.artisanlocal.ch\\\/c\\\/wp-content\\\/uploads\\\/2024\\\/02\\\/logo-artisanlocal-h.svg\",\"contentUrl\":\"https:\\\/\\\/www.artisanlocal.ch\\\/c\\\/wp-content\\\/uploads\\\/2024\\\/02\\\/logo-artisanlocal-h.svg\",\"caption\":\"Artisanlocal\"},\"image\":{\"@id\":\"https:\\\/\\\/www.artisanlocal.ch\\\/c\\\/#\\\/schema\\\/logo\\\/image\\\/\"}}]}<\/script>\n<!-- \/ Yoast SEO Premium plugin. -->","yoast_head_json":{"title":"Plombier \u00e0 Montreux - Artisanlocal","robots":{"index":"index","follow":"follow","max-snippet":"max-snippet:-1","max-image-preview":"max-image-preview:large","max-video-preview":"max-video-preview:-1"},"canonical":"https:\/\/www.artisanlocal.ch\/c\/plombier-a-montreux\/","og_locale":"fr_FR","og_type":"article","og_title":"Plombier \u00e0 Montreux","og_description":"Si vous \u00eates domicili\u00e9 \u00e0 Montreux, Artisanlocal intervient chez vous en urgence. Pourquoi faire appel \u00e0 Artisanlocal \u00e0 Montreux ? Nos artisans plombiers se d\u00e9placent tous les jours de la semaine. Nos devis sont gratuits. Nos artisans utilisent les derni\u00e8res techniques et technologies. Nous sommes localis\u00e9s \u00e0 Montreux ce qui nous permet d&rsquo;intervenir en urgence [&hellip;]","og_url":"https:\/\/www.artisanlocal.ch\/c\/plombier-a-montreux\/","og_site_name":"Artisanlocal","article_modified_time":"2025-08-26T17:27:10+00:00","og_image":[{"width":1920,"height":300,"url":"https:\/\/www.artisanlocal.ch\/c\/wp-content\/uploads\/2024\/10\/plombier.jpg","type":"image\/jpeg"}],"twitter_card":"summary_large_image","twitter_misc":{"Dur\u00e9e de lecture estim\u00e9e":"6 minutes"},"schema":{"@context":"https:\/\/schema.org","@graph":[{"@type":"WebPage","@id":"https:\/\/www.artisanlocal.ch\/c\/plombier-a-montreux\/","url":"https:\/\/www.artisanlocal.ch\/c\/plombier-a-montreux\/","name":"Plombier \u00e0 Montreux - Artisanlocal","isPartOf":{"@id":"https:\/\/www.artisanlocal.ch\/c\/#website"},"primaryImageOfPage":{"@id":"https:\/\/www.artisanlocal.ch\/c\/plombier-a-montreux\/#primaryimage"},"image":{"@id":"https:\/\/www.artisanlocal.ch\/c\/plombier-a-montreux\/#primaryimage"},"thumbnailUrl":"https:\/\/www.artisanlocal.ch\/c\/wp-content\/uploads\/2024\/10\/plombier.jpg","datePublished":"2024-05-19T09:27:30+00:00","dateModified":"2025-08-26T17:27:10+00:00","breadcrumb":{"@id":"https:\/\/www.artisanlocal.ch\/c\/plombier-a-montreux\/#breadcrumb"},"inLanguage":"fr-FR","potentialAction":[{"@type":"ReadAction","target":["https:\/\/www.artisanlocal.ch\/c\/plombier-a-montreux\/"]}]},{"@type":"ImageObject","inLanguage":"fr-FR","@id":"https:\/\/www.artisanlocal.ch\/c\/plombier-a-montreux\/#primaryimage","url":"https:\/\/www.artisanlocal.ch\/c\/wp-content\/uploads\/2024\/10\/plombier.jpg","contentUrl":"https:\/\/www.artisanlocal.ch\/c\/wp-content\/uploads\/2024\/10\/plombier.jpg","width":1920,"height":300},{"@type":"BreadcrumbList","@id":"https:\/\/www.artisanlocal.ch\/c\/plombier-a-montreux\/#breadcrumb","itemListElement":[{"@type":"ListItem","position":1,"name":"Accueil","item":"https:\/\/www.artisanlocal.ch\/c\/"},{"@type":"ListItem","position":2,"name":"Plombier \u00e0 Montreux"}]},{"@type":"WebSite","@id":"https:\/\/www.artisanlocal.ch\/c\/#website","url":"https:\/\/www.artisanlocal.ch\/c\/","name":"Artisanlocal","description":"","publisher":{"@id":"https:\/\/www.artisanlocal.ch\/c\/#organization"},"potentialAction":[{"@type":"SearchAction","target":{"@type":"EntryPoint","urlTemplate":"https:\/\/www.artisanlocal.ch\/c\/?s={search_term_string}"},"query-input":{"@type":"PropertyValueSpecification","valueRequired":true,"valueName":"search_term_string"}}],"inLanguage":"fr-FR"},{"@type":"Organization","@id":"https:\/\/www.artisanlocal.ch\/c\/#organization","name":"Artisanlocal","url":"https:\/\/www.artisanlocal.ch\/c\/","logo":{"@type":"ImageObject","inLanguage":"fr-FR","@id":"https:\/\/www.artisanlocal.ch\/c\/#\/schema\/logo\/image\/","url":"https:\/\/www.artisanlocal.ch\/c\/wp-content\/uploads\/2024\/02\/logo-artisanlocal-h.svg","contentUrl":"https:\/\/www.artisanlocal.ch\/c\/wp-content\/uploads\/2024\/02\/logo-artisanlocal-h.svg","caption":"Artisanlocal"},"image":{"@id":"https:\/\/www.artisanlocal.ch\/c\/#\/schema\/logo\/image\/"}}]}},"_links":{"self":[{"href":"https:\/\/www.artisanlocal.ch\/c\/wp-json\/wp\/v2\/pages\/1025","targetHints":{"allow":["GET"]}}],"collection":[{"href":"https:\/\/www.artisanlocal.ch\/c\/wp-json\/wp\/v2\/pages"}],"about":[{"href":"https:\/\/www.artisanlocal.ch\/c\/wp-json\/wp\/v2\/types\/page"}],"author":[{"embeddable":true,"href":"https:\/\/www.artisanlocal.ch\/c\/wp-json\/wp\/v2\/users\/4"}],"replies":[{"embeddable":true,"href":"https:\/\/www.artisanlocal.ch\/c\/wp-json\/wp\/v2\/comments?post=1025"}],"version-history":[{"count":0,"href":"https:\/\/www.artisanlocal.ch\/c\/wp-json\/wp\/v2\/pages\/1025\/revisions"}],"wp:featuredmedia":[{"embeddable":true,"href":"https:\/\/www.artisanlocal.ch\/c\/wp-json\/wp\/v2\/media\/2758"}],"wp:attachment":[{"href":"https:\/\/www.artisanlocal.ch\/c\/wp-json\/wp\/v2\/media?parent=1025"}],"wp:term":[{"taxonomy":"profession","embeddable":true,"href":"https:\/\/www.artisanlocal.ch\/c\/wp-json\/wp\/v2\/profession?post=1025"},{"taxonomy":"location","embeddable":true,"href":"https:\/\/www.artisanlocal.ch\/c\/wp-json\/wp\/v2\/location?post=1025"},{"taxonomy":"canton","embeddable":true,"href":"https:\/\/www.artisanlocal.ch\/c\/wp-json\/wp\/v2\/canton?post=1025"}],"curies":[{"name":"wp","href":"https:\/\/api.w.org\/{rel}","templated":true}]}}