{"id":1028,"date":"2024-05-19T21:39:13","date_gmt":"2024-05-19T19:39:13","guid":{"rendered":"https:\/\/www.artisanlocal.ch\/c\/plombier-a-cheseaux-sur-lausanne\/"},"modified":"2025-08-26T19:26:55","modified_gmt":"2025-08-26T17:26:55","slug":"plombier-a-cheseaux-sur-lausanne","status":"publish","type":"page","link":"https:\/\/www.artisanlocal.ch\/c\/plombier-a-cheseaux-sur-lausanne\/","title":{"rendered":"Plombier \u00e0 Cheseaux-sur-Lausanne"},"content":{"rendered":"<p>Si vous \u00eates un Gremaullais, Artisanlocal se d\u00e9place dans votre foyer en urgence.<\/p>\n\r\n<div class=\"box\">\r\n            <div class=\"company-info\">\r\n            <img decoding=\"async\" class=\"company-info__logo\" src=\"https:\/\/www.artisanlocal.ch\/media\/cache\/thumb\/images\/companies\/66ba07c40d56d611449523.png\" alt=\"Logo\">\r\n            <h2 class=\"company-info__name\">Sani-Ther S\u00e0rl<\/h2>\r\n            <p class=\"company-info__business\">Installation sanitaire - chauffage - Entretien - D\u00e9pannage 24\/7<\/p>\r\n        <\/div>\r\n        <div class=\"company-contact\">\r\n            <p class=\"company-info__address\">Chemin de Maillefer 103<\/p>\r\n                            <div class=\"links\">\r\n                                            <a class=\"btn has-accent-background-color js-phoneNumber\" href=\"tel:0793321018\" title=\"Appelez\" data-id=\"25214\" data-type=\"11\">079 332 10 18<\/a>\r\n                                                                <a class=\"btn has-accent-background-color\" href=\"http:\/\/www.sani-ther.ch\" target=\"_blank\" title=\"Voir le site internet\" data-id=\"25214\" data-type=\"20\">Site internet<\/a>\r\n                                    <\/div>\r\n                    <\/div>\r\n    \r\n            \r\n<form action=\"https:\/\/www.artisanlocal.ch\/c\/wp-admin\/admin-ajax.php\" method=\"post\" class=\"form-contact\" id=\"artisan_form_contact_company_inline\">\r\n    <div><input type=\"hidden\" name=\"action\" value=\"company_contact\"><\/div>\r\n    <div><input type=\"hidden\" name=\"nonce\" value=\"bee5a54407\"><\/div>\r\n    <div><input type=\"hidden\" name=\"company_id\" value=\"25214\"><\/div>\r\n    <div><input type=\"hidden\" name=\"form_id\" value=\"artisan_form_contact_company_inline\"><\/div>\r\n    <div class=\"gglcptch gglcptch_v3 gglcptch_custom\"><input type=\"hidden\" id=\"g-recaptcha-response\" name=\"g-recaptcha-response\" \/><br \/><div class=\"gglcptch_error_text\">La p\u00e9riode de v\u00e9rification reCAPTCHA a expir\u00e9. Veuillez recharger la page.<\/div><\/div>    <div class=\"form-content\">\r\n        <div class=\"form-group\">\r\n            <label for=\"contact_firstName\" class=\"required\">Pr\u00e9nom<\/label>\r\n            <input type=\"text\" name=\"firstName\" class=\"form-control\" required>\r\n        <\/div>\r\n        <div class=\"form-group\">\r\n            <label for=\"contact_lastName\" class=\"required\">Nom<\/label>\r\n            <input type=\"text\" name=\"lastName\" class=\"form-control\" required>\r\n        <\/div>\r\n        <div class=\"form-group\">\r\n            <label for=\"contact_email\" class=\"required\">Email<\/label>\r\n            <input type=\"email\" name=\"email\" class=\"form-control\" required>\r\n        <\/div>\r\n        <div class=\"form-group\">\r\n            <label for=\"contact_phone\" class=\"required\">Num\u00e9ro de t\u00e9l\u00e9phone<\/label>\r\n            <input type=\"tel\" name=\"phone\" class=\"form-control\" placeholder=\"0787117165\" pattern=\"^[0-9]{10}$\" required>\r\n        <\/div>\r\n        <div class=\"form-group\">\r\n            <label for=\"contact_postalCode\" class=\"required\">Code postal et localit\u00e9<\/label>\r\n            <input type=\"text\" name=\"postalCode\" class=\"form-control\" required>\r\n        <\/div>\r\n        <div class=\"form-group\">\r\n            <label for=\"contact_address\" class=\"required\">Adresse<\/label>\r\n            <input type=\"text\" name=\"address\" class=\"form-control\" required>\r\n        <\/div>\r\n        <div class=\"full-width topic\">\r\n            <p class=\"required\">Je souhaite \u00eatre contact\u00e9 pour :<\/p>\r\n            <div class=\"form-check\">\r\n                <input type=\"radio\" name=\"topic\" value=\"D\u00e9pannage\" class=\"form-control\" required>\r\n                <label for=\"d\u00e9pannage\">D\u00e9pannage<\/label>\r\n            <\/div>\r\n            <div class=\"form-check\">\r\n                <input type=\"radio\" name=\"topic\" value=\"Entretien\" class=\"form-control\" required>\r\n                <label for=\"entretien\">Entretien<\/label>\r\n            <\/div>\r\n            <div class=\"form-check\">\r\n                <input type=\"radio\" name=\"topic\" value=\"R\u00e9novation\" class=\"form-control\" required>\r\n                <label for=\"r\u00e9novation\">R\u00e9novation<\/label>\r\n            <\/div>\r\n            <div class=\"form-check\">\r\n                <input type=\"radio\" name=\"topic\" value=\"Autre\" class=\"form-control\" required>\r\n                <label for=\"autre\">Autre<\/label>\r\n            <\/div>\r\n        <\/div>\r\n        <div class=\"form-group full-width\">\r\n            <label for=\"contact_message\">Message<\/label>\r\n            <textarea name=\"message\" rows=\"3\" class=\"form-control\"><\/textarea>\r\n        <\/div>\r\n    <\/div>\r\n    <div class=\"form-actions\">\r\n        <button class=\"wp-block-button__link has-accent-background-color\">Contacter<\/button>\r\n    <\/div>\r\n<\/form>\r\n<div class=\"form-feedback\"><\/div>    <\/div>\n<h2>Pourquoi faire appel \u00e0 Artisanlocal \u00e0 Cheseaux-sur-Lausanne ?<\/h2>\n<ul>\n<li>Nos artisans plombiers sont joignables tous les jours.<\/li>\n<li>Nous fournissons des estimations gratuites.<\/li>\n<li>Nos artisans utilisent les derni\u00e8res techniques et technologies.<\/li>\n<li>Notre soci\u00e9t\u00e9 est \u00e9tabli \u00e0 Cheseaux-sur-Lausanne ce qui nous permet d&rsquo;intervenir rapidement \u00e0 votre foyer.<\/li>\n<li>Nos prix sont comp\u00e9titifs.<\/li>\n<li>Tous nos artisans plombiers sont qualifi\u00e9s.<\/li>\n<li>Avant de d\u00e9buter notre travail, nous contr\u00f4lons votre plomberie.<\/li>\n<li>Nous r\u00e9alisons tous types de travaux de plomberie.<\/li>\n<\/ul>\n<h2>Quels sont les prestations propos\u00e9es par Artisanlocal ?<\/h2>\n<ul>\n<li>Nous d\u00e9tectons les fuites et ensuite, nous r\u00e9parons vos canalisations.<\/li>\n<li>Nos artisans plombiers remplacent vos installations sanitaires.<\/li>\n<li>La remise en \u00e9tat de votre sanitaire.<\/li>\n<li>Nous effectuons tous vos travaux de plomberie tels que l&rsquo;installation des : tuyauteries, lavabos, robinets et \u00e9viers.<\/li>\n<li>Nous posons les chaudi\u00e8res et les chauffes-eau.<\/li>\n<li>Nous r\u00e9alisons le d\u00e9bouchage et l&rsquo;assainissement de vos canalisations.<\/li>\n<li>Nous r\u00e9novons compl\u00e8tement les salles de bain.<\/li>\n<li>La vidange de fosse septique.<\/li>\n<\/ul>\n<h2>Quel est le fonctionnement d&rsquo;Artisanlocal \u00e0 Cheseaux-sur-Lausanne ?<\/h2>\n<ol>\n<li>Une fois que vous nous avez contact\u00e9s par t\u00e9l\u00e9phone ou email, nous rentrons en contact avec vous pour \u00e9valuer votre probl\u00e8me.<\/li>\n<li>Ensuite, nous vous fournissons un devis gratuit. Avec Artisanlocal, il n&rsquo;y a aucuns frais cach\u00e9s, sauf s&rsquo;il y a des travaux importants ou que vous avez besoin de remplacer des \u00e9l\u00e9ments de votre plomberie.<\/li>\n<li>Apr\u00e8s la validation de notre estimation, notre artisan plombier d\u00e9termine avec vous une date d\u2019intervention.<\/li>\n<\/ol>\n<h2>Entreprise de plomberie pour les particuliers \u00e0 Cheseaux-sur-Lausanne<\/h2>\n<p>Si votre syst\u00e8me de plomberie est d\u00e9fectueux, votre eau peut-\u00eatre pollu\u00e9e et vous pouvez mettre en danger la sant\u00e9 vos proches, c\u2019est la raison pour laquelle l&rsquo;artisan qui se d\u00e9place chez vous effectue :<\/p>\n<ul>\n<li>La r\u00e9paration de fuites.<\/li>\n<li>Le d\u00e9bouchage et l&rsquo;entretien de vos canalisations.<\/li>\n<li>La r\u00e9vision de votre chauffe-eau.<\/li>\n<li>Le contr\u00f4le de vos canalisations.<\/li>\n<li>La r\u00e9novation de vos canalisations.<\/li>\n<li>Le nettoyage de votre r\u00e9sidence apr\u00e8s les d\u00e9g\u00e2ts des eaux.<\/li>\n<\/ul>\n<h2>Artisanlocal aux services des entreprises \u00e0 Cheseaux-sur-Lausanne<\/h2>\n<p>\u00c0 Cheseaux-sur-Lausanne, il y a des soci\u00e9t\u00e9s, commerces de d\u00e9tail et restaurants. Une petite fuite dans un robinet ou un joint d\u00e9fectueux, un refoulement dans un tuyau de canalisation ou encore un probl\u00e8me de chauffe-eau sont des probl\u00e8mes courants qui peuvent baisser la productivit\u00e9 de vos collaborateurs. Artisanlocal offre des services de plomberie pour votre soci\u00e9t\u00e9 \u00e0 Cheseaux-sur-Lausanne, comme :<\/p>\n<ul>\n<li>L&rsquo;\u00e9limination des blocages dans les lavabos et la mise en place d&rsquo;une nouvelle robinetterie.<\/li>\n<li>La r\u00e9novation et la v\u00e9rification de vos tuyaux.<\/li>\n<li>Le nettoyage de tuyaux canalisations avec de l&rsquo;eau \u00e0 haute pression (hydrocurage).<\/li>\n<li>La pose de nouveaux \u00e9quipements de plomberie.<\/li>\n<li>Le nettoyage, le remplacement ou la remise en \u00e9tat de bac d\u00e9graisseur.<\/li>\n<li>L\u2019installation, l\u2019entretien et la r\u00e9paration de votre chauffe-eau ou syst\u00e8me de chauffage.<\/li>\n<li>La r\u00e9paration de vos tuyaux de canalisations.<\/li>\n<li>Le d\u00e9pannage de vos appareils sanitaires.<\/li>\n<li>L&rsquo;inspection de vos tuyaux par cam\u00e9ra.<\/li>\n<\/ul>\n<h2>Nettoyage de canalisations en urgence \u00e0 Cheseaux-sur-Lausanne<\/h2>\n<p>Nos artisans nettoient vos tuyaux de canalisations \u00e0 Cheseaux-sur-Lausanne en urgence pour vous pr\u00e9server des probl\u00e8mes d\u2019\u00e9coulement de vos eaux us\u00e9es, des remont\u00e9es de mauvaises odeurs ou encore du d\u00e9bordement de vos baignoires, toilettes ou \u00e9viers, d&rsquo;autre part, nos artisans plombiers op\u00e8rent rapidement pour vos :<\/p>\n<ul>\n<li>\u00c9viers.<\/li>\n<li>WC.<\/li>\n<li>Toits (goutti\u00e8res).<\/li>\n<li>\u00c9gouts.<\/li>\n<li>Tuyauteries. <\/li>\n<\/ul>\n<h2>Service de nettoyage d&rsquo;\u00e9gouts \u00e0 Cheseaux-sur-Lausanne<\/h2>\n<p>Le r\u00e9seau d&rsquo;\u00e9gouts constitue l&rsquo;\u00e9l\u00e9ment central de la plomberie. Il \u00e9vacue les eaux us\u00e9es des WC, des \u00e9viers et des autres appareils sanitaires. Si votre \u00e9gout est bouch\u00e9 ou que l&rsquo;eau remonte, cela peut causer des d\u00e9g\u00e2ts dans votre logement, et vous mettre en danger.<\/p>\n<p>L&rsquo;entretien fr\u00e9quent permet d&#8217;emp\u00eacher les refoulements et la formation de bouchons. Nos plombiers professionnels \u00e0 Cheseaux-sur-Lausanne emploient les derni\u00e8res technologies pour \u00e9liminer, inspecter et r\u00e9tablir l&rsquo;\u00e9coulement des eaux us\u00e9es dans vos tuyaux de canalisations.<\/p>\n<p>Artisanlocal peut aussi changer votre canalisation d&rsquo;\u00e9gout si elle est trop d\u00e9t\u00e9rior\u00e9e. Notre \u00e9quipe peut aussi nettoyer rapidement tout dommage caus\u00e9 par les eaux us\u00e9es dans votre maison ou soci\u00e9t\u00e9. Nous d\u00e9shumidifions et s\u00e9chons les espaces ab\u00eem\u00e9s dans le but de diminuer les risques d&rsquo;apparition de moisissures.<\/p>\n<h2>Installations et r\u00e9parations de chauffe-eau<\/h2>\n<p>Il n&rsquo;y a que de l&rsquo;eau froide dans votre logement ? Il se peut que vous ayez des soucis avec votre cumulus. Notre soci\u00e9t\u00e9 r\u00e9alise la remise en \u00e9tat de votre chauffe-eau en express. Voici les signaux qui montrent des soucis :<\/p>\n<ul>\n<li>Un faible d\u00e9bit d&rsquo;eau chaude : vous avez potentiellement une fuite d&rsquo;eau dans votre cumulus, ou un syst\u00e8me chauffant en panne ou l&rsquo;accumulation de s\u00e9diments dans votre r\u00e9servoir.<\/li>\n<li>Une flaque d&rsquo;eau pr\u00e8s de votre chauffe-eau : la pr\u00e9sence d&rsquo;eau \u00e0 la base du chauffe-eau est le signe d&rsquo;un probl\u00e8me important, ou la pr\u00e9sence d&rsquo;un trou dans le r\u00e9servoir.<\/li>\n<li>Vous percevez des bruits \u00e9tranges qui proviennent du chauffe-eau : des bruits \u00e9tranges peuvent r\u00e9v\u00e9ler une accumulation de s\u00e9diments, une fuite d&rsquo;eau ou un probl\u00e8me de l&rsquo;\u00e9l\u00e9ment de chauffage.<\/li>\n<li>La d\u00e9coloration de l&rsquo;eau : c&rsquo;est occasionner par l&rsquo;existence de rouille ou d&rsquo;autres substances nocives dans votre chauffe-eau.<\/li>\n<li>Le chauffe-eau fonctionne en continu : si vous remarquez que votre cumulus est sans cesse en marche, il est possible que votre cumulus \u00e0 une panne.<\/li>\n<\/ul>\n<p>En faisant appel \u00e0 Artisanlocal au premier signe d\u2019alerte, il est possible d&rsquo;\u00e9viter des co\u00fbts \u00e9lev\u00e9s pour vos travaux de r\u00e9parations.<\/p>\n<h2>Nettoyage apr\u00e8s un d\u00e9g\u00e2t des eaux<\/h2>\n<p>Nos plombiers professionnels nettoient votre domicile suite \u00e0 une inondation \u00e0 Cheseaux-sur-Lausanne, nous sommes disponibles pour vous aider en cas de caves inond\u00e9es, de fortes pluies, de ruptures de tuyaux, de reflux d&rsquo;\u00e9gouts, et de d\u00e9bordements de baignoires et de toilettes et d&rsquo;autres soucis de plomberie qui peuvent entra\u00eener des dommages.<\/p>\n<h2>R\u00e9ponses aux questions courantes<\/h2>\n<h3>Quel tarif pour faire intervenir un plombier \u00e0 Cheseaux-sur-Lausanne ?<\/h3>\n<p>Apr\u00e8s analyse de votre probl\u00e8me de plomberie, notre entreprise vous offre un devis gratuit. Les montants de nos services sont fournis \u00e0 titre indicatif \u00e0 Cheseaux-sur-Lausanne :<\/p>\n<table border=\"1\">\n<tbody>\n<tr>\n<th>Services<\/th>\n<th>Prix CHF<\/th>\n<\/tr>\n<tr>\n<td>Mise en place d\u2019un lavabo<\/td>\n<td>280.00<\/td>\n<\/tr>\n<tr>\n<td>Tarif horaire : pose sanitaire<\/td>\n<td>110.00 \u00e0 129.00<\/td>\n<\/tr>\n<tr>\n<td>Mise en place et raccordement, d\u2019un siphon \u00e0 un lavabo<\/td>\n<td>70.00<\/td>\n<\/tr>\n<tr>\n<td>Montage meuble de salle de bain<\/td>\n<td>95.00<\/td>\n<\/tr>\n<tr>\n<td>Mise en place et raccordement, d\u2019une douche \u00e0 la tuyauterie<\/td>\n<td>86.00<\/td>\n<\/tr>\n<tr>\n<td>Installation d\u2019un r\u00e9servoir de toilette<\/td>\n<td>112.00<\/td>\n<\/tr>\n<tr>\n<td>Fixation d\u2019accessoires de salle d&rsquo;eau<\/td>\n<td>60.00<\/td>\n<\/tr>\n<tr>\n<td>Pose d\u2019un WC suspendu<\/td>\n<td>170.00<\/td>\n<\/tr>\n<tr>\n<td>D\u00e9placement aller-retour<\/td>\n<td>100.00<\/td>\n<\/tr>\n<\/tbody>\n<\/table>\n<h3>Votre entreprise de plomberie \u00e0 Cheseaux-sur-Lausanne est ouverte le samedi et le dimanche ?<\/h3>\n<p>Notre prestation de plomberie est disponible 24h\/24, 7j\/7 et m\u00eame durant les jours f\u00e9ri\u00e9s.<\/p>\n<h3>Les plombiers d&rsquo;Artisanlocal r\u00e9alisent des interventions \u00e0 Cheseaux-sur-Lausanne et dans les localit\u00e9s proches ?<\/h3>\n<p>Nos plombiers interviennent \u00e0 Cheseaux-sur-Lausanne, \u00e9galement dans les communes aux alentours, comme : Romanel-sur-Lausanne, Le Mont-sur-Lausanne, Bretigny-sur-Morrens, Cugy VD, Morrens VD, Froideville, Epalinges.<\/p>\n","protected":false},"excerpt":{"rendered":"<p>Si vous \u00eates un Gremaullais, Artisanlocal se d\u00e9place dans votre foyer en urgence. Pourquoi faire appel \u00e0 Artisanlocal \u00e0 Cheseaux-sur-Lausanne ? Nos artisans plombiers sont joignables tous les jours. Nous fournissons des estimations gratuites. Nos artisans utilisent les derni\u00e8res techniques et technologies. Notre soci\u00e9t\u00e9 est \u00e9tabli \u00e0 Cheseaux-sur-Lausanne ce qui nous permet d&rsquo;intervenir rapidement \u00e0 [&hellip;]<\/p>\n","protected":false},"author":4,"featured_media":2758,"parent":0,"menu_order":0,"comment_status":"closed","ping_status":"closed","template":"","meta":{"footnotes":""},"profession":[123],"location":[9],"canton":[113],"class_list":["post-1028","page","type-page","status-publish","has-post-thumbnail","hentry","profession-sanitaire","location-cheseaux-sur-lausanne","canton-vd"],"yoast_head":"<!-- This site is optimized with the Yoast SEO Premium plugin v25.7.1 (Yoast SEO v27.3) - https:\/\/yoast.com\/product\/yoast-seo-premium-wordpress\/ -->\n<title>Plombier \u00e0 Cheseaux-sur-Lausanne - Artisanlocal<\/title>\n<meta name=\"robots\" content=\"index, follow, max-snippet:-1, max-image-preview:large, max-video-preview:-1\" \/>\n<link rel=\"canonical\" href=\"https:\/\/www.artisanlocal.ch\/c\/plombier-a-cheseaux-sur-lausanne\/\" \/>\n<meta property=\"og:locale\" content=\"fr_FR\" \/>\n<meta property=\"og:type\" content=\"article\" \/>\n<meta property=\"og:title\" content=\"Plombier \u00e0 Cheseaux-sur-Lausanne\" \/>\n<meta property=\"og:description\" content=\"Si vous \u00eates un Gremaullais, Artisanlocal se d\u00e9place dans votre foyer en urgence. Pourquoi faire appel \u00e0 Artisanlocal \u00e0 Cheseaux-sur-Lausanne ? Nos artisans plombiers sont joignables tous les jours. Nous fournissons des estimations gratuites. Nos artisans utilisent les derni\u00e8res techniques et technologies. Notre soci\u00e9t\u00e9 est \u00e9tabli \u00e0 Cheseaux-sur-Lausanne ce qui nous permet d&rsquo;intervenir rapidement \u00e0 [&hellip;]\" \/>\n<meta property=\"og:url\" content=\"https:\/\/www.artisanlocal.ch\/c\/plombier-a-cheseaux-sur-lausanne\/\" \/>\n<meta property=\"og:site_name\" content=\"Artisanlocal\" \/>\n<meta property=\"article:modified_time\" content=\"2025-08-26T17:26:55+00:00\" \/>\n<meta property=\"og:image\" content=\"https:\/\/www.artisanlocal.ch\/c\/wp-content\/uploads\/2024\/10\/plombier.jpg\" \/>\n\t<meta property=\"og:image:width\" content=\"1920\" \/>\n\t<meta property=\"og:image:height\" content=\"300\" \/>\n\t<meta property=\"og:image:type\" content=\"image\/jpeg\" \/>\n<meta name=\"twitter:card\" content=\"summary_large_image\" \/>\n<meta name=\"twitter:label1\" content=\"Dur\u00e9e de lecture estim\u00e9e\" \/>\n\t<meta name=\"twitter:data1\" content=\"6 minutes\" \/>\n<script type=\"application\/ld+json\" class=\"yoast-schema-graph\">{\"@context\":\"https:\\\/\\\/schema.org\",\"@graph\":[{\"@type\":\"WebPage\",\"@id\":\"https:\\\/\\\/www.artisanlocal.ch\\\/c\\\/plombier-a-cheseaux-sur-lausanne\\\/\",\"url\":\"https:\\\/\\\/www.artisanlocal.ch\\\/c\\\/plombier-a-cheseaux-sur-lausanne\\\/\",\"name\":\"Plombier \u00e0 Cheseaux-sur-Lausanne - Artisanlocal\",\"isPartOf\":{\"@id\":\"https:\\\/\\\/www.artisanlocal.ch\\\/c\\\/#website\"},\"primaryImageOfPage\":{\"@id\":\"https:\\\/\\\/www.artisanlocal.ch\\\/c\\\/plombier-a-cheseaux-sur-lausanne\\\/#primaryimage\"},\"image\":{\"@id\":\"https:\\\/\\\/www.artisanlocal.ch\\\/c\\\/plombier-a-cheseaux-sur-lausanne\\\/#primaryimage\"},\"thumbnailUrl\":\"https:\\\/\\\/www.artisanlocal.ch\\\/c\\\/wp-content\\\/uploads\\\/2024\\\/10\\\/plombier.jpg\",\"datePublished\":\"2024-05-19T19:39:13+00:00\",\"dateModified\":\"2025-08-26T17:26:55+00:00\",\"breadcrumb\":{\"@id\":\"https:\\\/\\\/www.artisanlocal.ch\\\/c\\\/plombier-a-cheseaux-sur-lausanne\\\/#breadcrumb\"},\"inLanguage\":\"fr-FR\",\"potentialAction\":[{\"@type\":\"ReadAction\",\"target\":[\"https:\\\/\\\/www.artisanlocal.ch\\\/c\\\/plombier-a-cheseaux-sur-lausanne\\\/\"]}]},{\"@type\":\"ImageObject\",\"inLanguage\":\"fr-FR\",\"@id\":\"https:\\\/\\\/www.artisanlocal.ch\\\/c\\\/plombier-a-cheseaux-sur-lausanne\\\/#primaryimage\",\"url\":\"https:\\\/\\\/www.artisanlocal.ch\\\/c\\\/wp-content\\\/uploads\\\/2024\\\/10\\\/plombier.jpg\",\"contentUrl\":\"https:\\\/\\\/www.artisanlocal.ch\\\/c\\\/wp-content\\\/uploads\\\/2024\\\/10\\\/plombier.jpg\",\"width\":1920,\"height\":300},{\"@type\":\"BreadcrumbList\",\"@id\":\"https:\\\/\\\/www.artisanlocal.ch\\\/c\\\/plombier-a-cheseaux-sur-lausanne\\\/#breadcrumb\",\"itemListElement\":[{\"@type\":\"ListItem\",\"position\":1,\"name\":\"Accueil\",\"item\":\"https:\\\/\\\/www.artisanlocal.ch\\\/c\\\/\"},{\"@type\":\"ListItem\",\"position\":2,\"name\":\"Plombier \u00e0 Cheseaux-sur-Lausanne\"}]},{\"@type\":\"WebSite\",\"@id\":\"https:\\\/\\\/www.artisanlocal.ch\\\/c\\\/#website\",\"url\":\"https:\\\/\\\/www.artisanlocal.ch\\\/c\\\/\",\"name\":\"Artisanlocal\",\"description\":\"\",\"publisher\":{\"@id\":\"https:\\\/\\\/www.artisanlocal.ch\\\/c\\\/#organization\"},\"potentialAction\":[{\"@type\":\"SearchAction\",\"target\":{\"@type\":\"EntryPoint\",\"urlTemplate\":\"https:\\\/\\\/www.artisanlocal.ch\\\/c\\\/?s={search_term_string}\"},\"query-input\":{\"@type\":\"PropertyValueSpecification\",\"valueRequired\":true,\"valueName\":\"search_term_string\"}}],\"inLanguage\":\"fr-FR\"},{\"@type\":\"Organization\",\"@id\":\"https:\\\/\\\/www.artisanlocal.ch\\\/c\\\/#organization\",\"name\":\"Artisanlocal\",\"url\":\"https:\\\/\\\/www.artisanlocal.ch\\\/c\\\/\",\"logo\":{\"@type\":\"ImageObject\",\"inLanguage\":\"fr-FR\",\"@id\":\"https:\\\/\\\/www.artisanlocal.ch\\\/c\\\/#\\\/schema\\\/logo\\\/image\\\/\",\"url\":\"https:\\\/\\\/www.artisanlocal.ch\\\/c\\\/wp-content\\\/uploads\\\/2024\\\/02\\\/logo-artisanlocal-h.svg\",\"contentUrl\":\"https:\\\/\\\/www.artisanlocal.ch\\\/c\\\/wp-content\\\/uploads\\\/2024\\\/02\\\/logo-artisanlocal-h.svg\",\"caption\":\"Artisanlocal\"},\"image\":{\"@id\":\"https:\\\/\\\/www.artisanlocal.ch\\\/c\\\/#\\\/schema\\\/logo\\\/image\\\/\"}}]}<\/script>\n<!-- \/ Yoast SEO Premium plugin. -->","yoast_head_json":{"title":"Plombier \u00e0 Cheseaux-sur-Lausanne - Artisanlocal","robots":{"index":"index","follow":"follow","max-snippet":"max-snippet:-1","max-image-preview":"max-image-preview:large","max-video-preview":"max-video-preview:-1"},"canonical":"https:\/\/www.artisanlocal.ch\/c\/plombier-a-cheseaux-sur-lausanne\/","og_locale":"fr_FR","og_type":"article","og_title":"Plombier \u00e0 Cheseaux-sur-Lausanne","og_description":"Si vous \u00eates un Gremaullais, Artisanlocal se d\u00e9place dans votre foyer en urgence. Pourquoi faire appel \u00e0 Artisanlocal \u00e0 Cheseaux-sur-Lausanne ? Nos artisans plombiers sont joignables tous les jours. Nous fournissons des estimations gratuites. Nos artisans utilisent les derni\u00e8res techniques et technologies. Notre soci\u00e9t\u00e9 est \u00e9tabli \u00e0 Cheseaux-sur-Lausanne ce qui nous permet d&rsquo;intervenir rapidement \u00e0 [&hellip;]","og_url":"https:\/\/www.artisanlocal.ch\/c\/plombier-a-cheseaux-sur-lausanne\/","og_site_name":"Artisanlocal","article_modified_time":"2025-08-26T17:26:55+00:00","og_image":[{"width":1920,"height":300,"url":"https:\/\/www.artisanlocal.ch\/c\/wp-content\/uploads\/2024\/10\/plombier.jpg","type":"image\/jpeg"}],"twitter_card":"summary_large_image","twitter_misc":{"Dur\u00e9e de lecture estim\u00e9e":"6 minutes"},"schema":{"@context":"https:\/\/schema.org","@graph":[{"@type":"WebPage","@id":"https:\/\/www.artisanlocal.ch\/c\/plombier-a-cheseaux-sur-lausanne\/","url":"https:\/\/www.artisanlocal.ch\/c\/plombier-a-cheseaux-sur-lausanne\/","name":"Plombier \u00e0 Cheseaux-sur-Lausanne - Artisanlocal","isPartOf":{"@id":"https:\/\/www.artisanlocal.ch\/c\/#website"},"primaryImageOfPage":{"@id":"https:\/\/www.artisanlocal.ch\/c\/plombier-a-cheseaux-sur-lausanne\/#primaryimage"},"image":{"@id":"https:\/\/www.artisanlocal.ch\/c\/plombier-a-cheseaux-sur-lausanne\/#primaryimage"},"thumbnailUrl":"https:\/\/www.artisanlocal.ch\/c\/wp-content\/uploads\/2024\/10\/plombier.jpg","datePublished":"2024-05-19T19:39:13+00:00","dateModified":"2025-08-26T17:26:55+00:00","breadcrumb":{"@id":"https:\/\/www.artisanlocal.ch\/c\/plombier-a-cheseaux-sur-lausanne\/#breadcrumb"},"inLanguage":"fr-FR","potentialAction":[{"@type":"ReadAction","target":["https:\/\/www.artisanlocal.ch\/c\/plombier-a-cheseaux-sur-lausanne\/"]}]},{"@type":"ImageObject","inLanguage":"fr-FR","@id":"https:\/\/www.artisanlocal.ch\/c\/plombier-a-cheseaux-sur-lausanne\/#primaryimage","url":"https:\/\/www.artisanlocal.ch\/c\/wp-content\/uploads\/2024\/10\/plombier.jpg","contentUrl":"https:\/\/www.artisanlocal.ch\/c\/wp-content\/uploads\/2024\/10\/plombier.jpg","width":1920,"height":300},{"@type":"BreadcrumbList","@id":"https:\/\/www.artisanlocal.ch\/c\/plombier-a-cheseaux-sur-lausanne\/#breadcrumb","itemListElement":[{"@type":"ListItem","position":1,"name":"Accueil","item":"https:\/\/www.artisanlocal.ch\/c\/"},{"@type":"ListItem","position":2,"name":"Plombier \u00e0 Cheseaux-sur-Lausanne"}]},{"@type":"WebSite","@id":"https:\/\/www.artisanlocal.ch\/c\/#website","url":"https:\/\/www.artisanlocal.ch\/c\/","name":"Artisanlocal","description":"","publisher":{"@id":"https:\/\/www.artisanlocal.ch\/c\/#organization"},"potentialAction":[{"@type":"SearchAction","target":{"@type":"EntryPoint","urlTemplate":"https:\/\/www.artisanlocal.ch\/c\/?s={search_term_string}"},"query-input":{"@type":"PropertyValueSpecification","valueRequired":true,"valueName":"search_term_string"}}],"inLanguage":"fr-FR"},{"@type":"Organization","@id":"https:\/\/www.artisanlocal.ch\/c\/#organization","name":"Artisanlocal","url":"https:\/\/www.artisanlocal.ch\/c\/","logo":{"@type":"ImageObject","inLanguage":"fr-FR","@id":"https:\/\/www.artisanlocal.ch\/c\/#\/schema\/logo\/image\/","url":"https:\/\/www.artisanlocal.ch\/c\/wp-content\/uploads\/2024\/02\/logo-artisanlocal-h.svg","contentUrl":"https:\/\/www.artisanlocal.ch\/c\/wp-content\/uploads\/2024\/02\/logo-artisanlocal-h.svg","caption":"Artisanlocal"},"image":{"@id":"https:\/\/www.artisanlocal.ch\/c\/#\/schema\/logo\/image\/"}}]}},"_links":{"self":[{"href":"https:\/\/www.artisanlocal.ch\/c\/wp-json\/wp\/v2\/pages\/1028","targetHints":{"allow":["GET"]}}],"collection":[{"href":"https:\/\/www.artisanlocal.ch\/c\/wp-json\/wp\/v2\/pages"}],"about":[{"href":"https:\/\/www.artisanlocal.ch\/c\/wp-json\/wp\/v2\/types\/page"}],"author":[{"embeddable":true,"href":"https:\/\/www.artisanlocal.ch\/c\/wp-json\/wp\/v2\/users\/4"}],"replies":[{"embeddable":true,"href":"https:\/\/www.artisanlocal.ch\/c\/wp-json\/wp\/v2\/comments?post=1028"}],"version-history":[{"count":0,"href":"https:\/\/www.artisanlocal.ch\/c\/wp-json\/wp\/v2\/pages\/1028\/revisions"}],"wp:featuredmedia":[{"embeddable":true,"href":"https:\/\/www.artisanlocal.ch\/c\/wp-json\/wp\/v2\/media\/2758"}],"wp:attachment":[{"href":"https:\/\/www.artisanlocal.ch\/c\/wp-json\/wp\/v2\/media?parent=1028"}],"wp:term":[{"taxonomy":"profession","embeddable":true,"href":"https:\/\/www.artisanlocal.ch\/c\/wp-json\/wp\/v2\/profession?post=1028"},{"taxonomy":"location","embeddable":true,"href":"https:\/\/www.artisanlocal.ch\/c\/wp-json\/wp\/v2\/location?post=1028"},{"taxonomy":"canton","embeddable":true,"href":"https:\/\/www.artisanlocal.ch\/c\/wp-json\/wp\/v2\/canton?post=1028"}],"curies":[{"name":"wp","href":"https:\/\/api.w.org\/{rel}","templated":true}]}}