{"id":1029,"date":"2024-05-19T12:28:47","date_gmt":"2024-05-19T10:28:47","guid":{"rendered":"https:\/\/www.artisanlocal.ch\/c\/plombier-a-delemont\/"},"modified":"2025-08-26T19:27:05","modified_gmt":"2025-08-26T17:27:05","slug":"plombier-a-delemont","status":"publish","type":"page","link":"https:\/\/www.artisanlocal.ch\/c\/plombier-a-delemont\/","title":{"rendered":"Plombier \u00e0 Del\u00e9mont"},"content":{"rendered":"<p>Vous habitez \u00e0 Del\u00e9mont et vous rencontrez des probl\u00e8mes avec votre plomberie ? Nos plombiers interviennent en urgence \u00e0 Del\u00e9mont et dans les villes \u00e0 proximit\u00e9s.<br \/>\n\r\n<div class=\"box\">\r\n            <div class=\"company-info\">\r\n            <img decoding=\"async\" class=\"company-info__logo\" src=\"https:\/\/www.artisanlocal.ch\/media\/cache\/thumb\/images\/companies\/6911caf4ec57f360432960.png\" alt=\"Logo\">\r\n            <h2 class=\"company-info__name\">ICS, Douv\u00e9 Mike<\/h2>\r\n            <p class=\"company-info__business\">Chauffage - Sanitaire - Pompe \u00e0 chaleur - D\u00e9pannage 24\/24 - Entretien - Installation - R\u00e9novation<\/p>\r\n        <\/div>\r\n        <div class=\"company-contact\">\r\n            <p class=\"company-info__address\">Rue de la Vauche 2<\/p>\r\n                            <div class=\"links\">\r\n                                            <a class=\"btn has-accent-background-color js-phoneNumber\" href=\"tel:0796745319\" title=\"Appelez\" data-id=\"25987\" data-type=\"11\">079 674 53 19<\/a>\r\n                                                                <a class=\"btn has-accent-background-color\" href=\"https:\/\/www.sanitaire-jura.ch\/\" target=\"_blank\" title=\"Voir le site internet\" data-id=\"25987\" data-type=\"20\">Site internet<\/a>\r\n                                    <\/div>\r\n                    <\/div>\r\n    \r\n            \r\n<form action=\"https:\/\/www.artisanlocal.ch\/c\/wp-admin\/admin-ajax.php\" method=\"post\" class=\"form-contact\" id=\"artisan_form_contact_company_inline\">\r\n    <div><input type=\"hidden\" name=\"action\" value=\"company_contact\"><\/div>\r\n    <div><input type=\"hidden\" name=\"nonce\" value=\"85ec494698\"><\/div>\r\n    <div><input type=\"hidden\" name=\"company_id\" value=\"25987\"><\/div>\r\n    <div><input type=\"hidden\" name=\"form_id\" value=\"artisan_form_contact_company_inline\"><\/div>\r\n    <div class=\"gglcptch gglcptch_v3 gglcptch_custom\"><input type=\"hidden\" id=\"g-recaptcha-response\" name=\"g-recaptcha-response\" \/><br \/><div class=\"gglcptch_error_text\">La p\u00e9riode de v\u00e9rification reCAPTCHA a expir\u00e9. Veuillez recharger la page.<\/div><\/div>    <div class=\"form-content\">\r\n        <div class=\"form-group\">\r\n            <label for=\"contact_firstName\" class=\"required\">Pr\u00e9nom<\/label>\r\n            <input type=\"text\" name=\"firstName\" class=\"form-control\" required>\r\n        <\/div>\r\n        <div class=\"form-group\">\r\n            <label for=\"contact_lastName\" class=\"required\">Nom<\/label>\r\n            <input type=\"text\" name=\"lastName\" class=\"form-control\" required>\r\n        <\/div>\r\n        <div class=\"form-group\">\r\n            <label for=\"contact_email\" class=\"required\">Email<\/label>\r\n            <input type=\"email\" name=\"email\" class=\"form-control\" required>\r\n        <\/div>\r\n        <div class=\"form-group\">\r\n            <label for=\"contact_phone\" class=\"required\">Num\u00e9ro de t\u00e9l\u00e9phone<\/label>\r\n            <input type=\"tel\" name=\"phone\" class=\"form-control\" placeholder=\"0787117165\" pattern=\"^[0-9]{10}$\" required>\r\n        <\/div>\r\n        <div class=\"form-group\">\r\n            <label for=\"contact_postalCode\" class=\"required\">Code postal et localit\u00e9<\/label>\r\n            <input type=\"text\" name=\"postalCode\" class=\"form-control\" required>\r\n        <\/div>\r\n        <div class=\"form-group\">\r\n            <label for=\"contact_address\" class=\"required\">Adresse<\/label>\r\n            <input type=\"text\" name=\"address\" class=\"form-control\" required>\r\n        <\/div>\r\n        <div class=\"full-width topic\">\r\n            <p class=\"required\">Je souhaite \u00eatre contact\u00e9 pour :<\/p>\r\n            <div class=\"form-check\">\r\n                <input type=\"radio\" name=\"topic\" value=\"D\u00e9pannage\" class=\"form-control\" required>\r\n                <label for=\"d\u00e9pannage\">D\u00e9pannage<\/label>\r\n            <\/div>\r\n            <div class=\"form-check\">\r\n                <input type=\"radio\" name=\"topic\" value=\"Entretien\" class=\"form-control\" required>\r\n                <label for=\"entretien\">Entretien<\/label>\r\n            <\/div>\r\n            <div class=\"form-check\">\r\n                <input type=\"radio\" name=\"topic\" value=\"R\u00e9novation\" class=\"form-control\" required>\r\n                <label for=\"r\u00e9novation\">R\u00e9novation<\/label>\r\n            <\/div>\r\n            <div class=\"form-check\">\r\n                <input type=\"radio\" name=\"topic\" value=\"Autre\" class=\"form-control\" required>\r\n                <label for=\"autre\">Autre<\/label>\r\n            <\/div>\r\n        <\/div>\r\n        <div class=\"form-group full-width\">\r\n            <label for=\"contact_message\">Message<\/label>\r\n            <textarea name=\"message\" rows=\"3\" class=\"form-control\"><\/textarea>\r\n        <\/div>\r\n    <\/div>\r\n    <div class=\"form-actions\">\r\n        <button class=\"wp-block-button__link has-accent-background-color\">Contacter<\/button>\r\n    <\/div>\r\n<\/form>\r\n<div class=\"form-feedback\"><\/div>    <\/div><\/p>\n<h2>Pourquoi faire appel \u00e0 Artisanlocal \u00e0 Del\u00e9mont ?<\/h2>\n<ul>\n<li>Nous sommes ouverts tous les jours de la semaine, y compris les jours f\u00e9ri\u00e9s.<\/li>\n<li>Nos devis sont gratuits.<\/li>\n<li>Nos artisans utilisent les derni\u00e8res techniques et technologies.<\/li>\n<li>Notre entreprise est situ\u00e9e \u00e0 Del\u00e9mont ce qui permet \u00e0 nos artisans d&rsquo;intervenir en urgence dans votre foyer.<\/li>\n<li>Nos prix sont bas.<\/li>\n<li>Tous nos plombiers sont qualifi\u00e9s et poss\u00e8dent les comp\u00e9tences n\u00e9cessaires.<\/li>\n<li>Avant toute intervention, nous inspections votre installation de plomberie.<\/li>\n<li>Aucun probl\u00e8me est insurmontable pour notre \u00e9quipe d&rsquo;artisan, nous effectuons tous types d&rsquo;interventions.<\/li>\n<\/ul>\n<h2>Les prestations que nous r\u00e9alisons \u00e0 Del\u00e9mont<\/h2>\n<ul>\n<li>Nous inspectons vos tuyaux pour d\u00e9tecter les fuites.<\/li>\n<li>Nous r\u00e9alisons la r\u00e9paration de vos canalisations.<\/li>\n<li>Changement de votre \u00e9quipement sanitaire.<\/li>\n<li>R\u00e9novation de vos sanitaires.<\/li>\n<li>Nous effectuons tous vos services de plomberie tels que l&rsquo;installation des : tuyauteries, lavabos, robinets et \u00e9viers.<\/li>\n<li>L&rsquo;installation de chaudi\u00e8res ou de ballons d&rsquo;eau chaude.<\/li>\n<li>L\u2019assainissement et le d\u00e9bouchage de vos canalisations.<\/li>\n<li>Nous restaurons int\u00e9gralement les salles d&rsquo;eau.<\/li>\n<li>La vidange de fosse septique.<\/li>\n<\/ul>\n<h2>Comment fonctionne Artisanlocal ?<\/h2>\n<ol>\n<li>Suite \u00e0 votre demande d&rsquo;informations par email ou t\u00e9l\u00e9phone, un de nos artisans plombiers vous contacte pour \u00e9tudier l&rsquo;ampleur de votre probl\u00e8me.<\/li>\n<li>Par la suite, nous vous donnons un devis d\u00e9taill\u00e9 et gratuit. Vous ne r\u00e8glerez aucuns frais additionnels, sauf s&rsquo;il y a des travaux importants ou qu&rsquo;il est n\u00e9cessaire de remplacer des pi\u00e8ces de votre \u00e9quipement de plomberie.<\/li>\n<li>Apr\u00e8s votre accord pour le devis, nous conviendrons ensemble du jour de l&rsquo;intervention \u00e0 votre domicile.<\/li>\n<\/ol>\n<h2>Services de plomberie pour les particuliers \u00e0 Del\u00e9mont<\/h2>\n<p>Si votre syst\u00e8me de plomberie est d\u00e9fectueux, votre eau potable peut-\u00eatre contamin\u00e9e et vous pouvez mettre en p\u00e9ril la sant\u00e9 vos proches, c\u2019est la raison pour laquelle l&rsquo;artisan qui se d\u00e9place \u00e0 votre logement effectue :<\/p>\n<ul>\n<li>La r\u00e9paration de fuites.<\/li>\n<li>L&rsquo;entretien et le d\u00e9bouchage de vos canalisations.<\/li>\n<li>La r\u00e9vision de votre chauffe-eau.<\/li>\n<li>L\u2019Inspection de vos tuyaux de canalisations.<\/li>\n<li>La r\u00e9paration de vos tuyaux de canalisations.<\/li>\n<li>La remise en \u00e9tat apr\u00e8s un sinistre.<\/li>\n<\/ul>\n<h2>Artisanlocal aux services des entreprises \u00e0 Del\u00e9mont<\/h2>\n<p>Si vous habitez \u00e0 Del\u00e9mont et que vous \u00eates propri\u00e9taires d&rsquo;un commerce de d\u00e9tail ou que vous avez une petite entreprise ou un restaurant. Une fuite de robinet, un refoulement de canalisation ou encore un probl\u00e8me de chauffe-eau sont des incidents fr\u00e9quents qui peuvent baisser votre productivit\u00e9. Artisanlocal propose des prestations de plomberie pour votre entreprise \u00e0 Del\u00e9mont, comme :<\/p>\n<ul>\n<li>L&rsquo;\u00e9limination des bouchons dans les \u00e9viers et la pose de nouveaux robinets.<\/li>\n<li>L&rsquo;inspection et la remise en \u00e9tat de vos tuyaux.<\/li>\n<li>Le nettoyage par jet d&rsquo;eau de vos tuyaux de canalisations.<\/li>\n<li>La mise en place de nouveaux dispositifs dans votre syst\u00e8me de plomberie.<\/li>\n<li>La vidange, le nettoyage, le changement ou la remise en \u00e9tat de bac d\u00e9graisseur.<\/li>\n<li>La mise en place, l\u2019entretien et la r\u00e9paration de votre chauffe-eau ou chauffage.<\/li>\n<li>La r\u00e9novation de vos canalisations.<\/li>\n<li>Le d\u00e9pannage de vos appareils sanitaires.<\/li>\n<li>La v\u00e9rification de vos canalisations par cam\u00e9ra.<\/li>\n<\/ul>\n<h2>Nettoyage de votre tuyauterie en urgence \u00e0 Del\u00e9mont<\/h2>\n<p>Si vous \u00eates un Del\u00e9montain, Artisanlocal intervient en urgence pour d\u00e9boucher vos tuyaux de canalisations, pour enlever les bouchons pr\u00e9sents dans les tuyaux de vos \u00e9viers, douches ou WC, de plus, nos artisans plombiers interviennent rapidement sur vos :<\/p>\n<ul>\n<li>Lavabos.<\/li>\n<li>Toilettes.<\/li>\n<li>Toitures.<\/li>\n<li>\u00c9gouts.<\/li>\n<li>Canalisations.<\/li>\n<\/ul>\n<h2>Service de nettoyage d&rsquo;\u00e9gouts \u00e0 Del\u00e9mont<\/h2>\n<p>Le syst\u00e8me d&rsquo;\u00e9gouts repr\u00e9sente l&rsquo;\u00e9l\u00e9ment central de la plomberie. Il transporte les eaux us\u00e9es des toilettes, des lavabos et des autres installations sanitaires. Lorsque l\u2019\u00e9gout est plein ou d\u00e9borde, cela peut occasionner des d\u00e9g\u00e2ts dans votre logement, et mettre en danger votre famille.<\/p>\n<p>Un entretien fr\u00e9quent permet d&rsquo;\u00e9viter les refoulements et la cr\u00e9ation de bouchons. Nos plombiers \u00e0 Del\u00e9mont combinent les techniques classiques et les nouvelles technologies pour contr\u00f4ler, nettoyer et garantir le d\u00e9bit de l&rsquo;eau dans vos conduits.<\/p>\n<p>Artisanlocal change les tuyaux de canalisations de votre syst\u00e8me d&rsquo;\u00e9gout en cas de d\u00e9g\u00e2ts. Notre entreprise propose aussi le nettoyage de vos locaux ou de votre logement \u00e0 la suite d&rsquo;un dommage occasionn\u00e9 par l&rsquo;eau.<\/p>\n<h2>Services de r\u00e9paration et de mise en place de chauffe-eau \u00e0 Del\u00e9mont<\/h2>\n<p>Il n&rsquo;y a que de l&rsquo;eau froide dans votre domicile ? Il est probable que vous ayez des soucis de chauffe-eau. Artisanlocal r\u00e9alise la r\u00e9paration de votre chauffe-eau en urgence. Voici les signes qui indiquent des probl\u00e8mes :<\/p>\n<ul>\n<li>Un \u00e9coulement r\u00e9duit d&rsquo;eau chaude : vous avez peut-\u00eatre une fuite dans votre cumulus, ou un \u00e9l\u00e9ment chauffant qui ne fonctionne pas ou l&rsquo;accumulation de s\u00e9diments au fond de votre r\u00e9servoir.<\/li>\n<li>La pr\u00e9sence d&rsquo;eau \u00e0 proximit\u00e9 de votre r\u00e9servoir : une flaque d&rsquo;eau \u00e0 la base du chauffe-eau peut \u00eatre l&rsquo;indication d&rsquo;un probl\u00e8me grave, ou possiblement d&rsquo;une fissure dans le r\u00e9servoir.<\/li>\n<li>Des bruits \u00e9tranges proviennent du chauffe-eau : des bruits bizarres peuvent r\u00e9v\u00e9ler un d\u00e9p\u00f4t de s\u00e9diments, une fuite d&rsquo;eau ou un probl\u00e8me de l&rsquo;\u00e9l\u00e9ment de chauffage.<\/li>\n<li>La d\u00e9coloration de l&rsquo;eau : cela peut \u00eatre caus\u00e9 par la rouille ou \u00e0 d&rsquo;autres contaminants pr\u00e9sents dans le chauffe-eau.<\/li>\n<li>Le chauffe-eau marche en sans interruption : si vous remarquez que votre chauffe-eau est tout le temps en marche, cela peut \u00eatre d\u00fb \u00e0 un probl\u00e8me.<\/li>\n<\/ul>\n<p>En choisissant nos plombiers d\u00e8s les premiers signaux d&rsquo;alerte, il est possible d&rsquo;\u00e9viter des co\u00fbts \u00e9lev\u00e9s pour vos r\u00e9parations.<\/p>\n<h2>Nettoyage apr\u00e8s un d\u00e9g\u00e2t des eaux<\/h2>\n<p>Nos \u00e9quipes peuvent nettoyer votre appartement apr\u00e8s un d\u00e9g\u00e2t des eaux \u00e0 Del\u00e9mont, nous sommes disponibles pour vous aider en cas de caves submerg\u00e9es, de fortes pr\u00e9cipitations, de ruptures de canalisations, de reflux d&rsquo;\u00e9gouts, et de d\u00e9bordements de baignoires et de toilettes et d&rsquo;autres soucis de canalisation qui peuvent entra\u00eener des dommages.<\/p>\n<h2>R\u00e9ponses aux questions courantes<\/h2>\n<h3>Quel montant pour faire intervenir un plombier \u00e0 Del\u00e9mont ?<\/h3>\n<p>Apr\u00e8s avoir examin\u00e9 votre probl\u00e8me de plomberie, les plombiers d&rsquo;Artisanlocal \u00e9valuent le prix des travaux. Les montants de nos services sont fournis \u00e0 titre indicatif \u00e0 Del\u00e9mont :<\/p>\n<table border=\"1\">\n<tbody>\n<tr>\n<th>Services<\/th>\n<th>Prix CHF<\/th>\n<\/tr>\n<tr>\n<td>Installation d\u2019un lavabo<\/td>\n<td>280.00<\/td>\n<\/tr>\n<tr>\n<td>Tarif horaire : mise en place sanitaire<\/td>\n<td>110.00 \u00e0 129.00<\/td>\n<\/tr>\n<tr>\n<td>Installation et raccord, d\u2019un siphon \u00e0 un \u00e9vier<\/td>\n<td>70.00<\/td>\n<\/tr>\n<tr>\n<td>Assemblage meuble de salle d&rsquo;eau<\/td>\n<td>95.00<\/td>\n<\/tr>\n<tr>\n<td>Installation et raccord, d\u2019une douche \u00e0 la tuyauterie<\/td>\n<td>86.00<\/td>\n<\/tr>\n<tr>\n<td>Installation d\u2019un r\u00e9servoir ind\u00e9pendant de WC<\/td>\n<td>112.00<\/td>\n<\/tr>\n<tr>\n<td>Pose d\u2019accessoires de salle de bain<\/td>\n<td>60.00<\/td>\n<\/tr>\n<tr>\n<td>Pose d\u2019un WC suspendu<\/td>\n<td>170.00<\/td>\n<\/tr>\n<tr>\n<td>D\u00e9placement aller-retour<\/td>\n<td>100.00<\/td>\n<\/tr>\n<\/tbody>\n<\/table>\n<h3>Votre entreprise \u00e0 Del\u00e9mont est ouverte le dimanche et le samedi ?<\/h3>\n<p>Notre prestation de plomberie est disponible 24h\/24, 7j\/7 et m\u00eame durant les jours f\u00e9ri\u00e9s.<\/p>\n<h3>Nos professionnels interviennent \u00e0 Del\u00e9mont et dans les communes aux environs ?<\/h3>\n<p>Nos plombiers interviennent \u00e0 Del\u00e9mont, \u00e9galement dans les communes aux alentours, telles que : Develier, Bourrignon, Soyhi\u00e8res, Mettembert, Pleigne, Lucelle, Movelier, Ederswiler, Roggenburg, Courroux, Courcelon, Vicques, Courchapoix, Corban, Mervelier, Montsevelier, Vermes, Courrendlin, Vellerat, Rebeuvelier, Rossemaison, Ch\u00e2tillon JU, Court\u00e9telle, Courfaivre, Bassecourt, Glovelier, Bo\u00e9court, Montavon, Undervelier, Soulce, Saulcy.<\/p>\n","protected":false},"excerpt":{"rendered":"<p>Vous habitez \u00e0 Del\u00e9mont et vous rencontrez des probl\u00e8mes avec votre plomberie ? Nos plombiers interviennent en urgence \u00e0 Del\u00e9mont et dans les villes \u00e0 proximit\u00e9s. Pourquoi faire appel \u00e0 Artisanlocal \u00e0 Del\u00e9mont ? Nous sommes ouverts tous les jours de la semaine, y compris les jours f\u00e9ri\u00e9s. Nos devis sont gratuits. Nos artisans utilisent [&hellip;]<\/p>\n","protected":false},"author":4,"featured_media":2758,"parent":0,"menu_order":0,"comment_status":"closed","ping_status":"closed","template":"","meta":{"footnotes":""},"profession":[123],"location":[11],"canton":[111],"class_list":["post-1029","page","type-page","status-publish","has-post-thumbnail","hentry","profession-sanitaire","location-delemont","canton-ju"],"yoast_head":"<!-- This site is optimized with the Yoast SEO Premium plugin v25.7.1 (Yoast SEO v27.3) - https:\/\/yoast.com\/product\/yoast-seo-premium-wordpress\/ -->\n<title>Plombier \u00e0 Del\u00e9mont - Artisanlocal<\/title>\n<meta name=\"robots\" content=\"index, follow, max-snippet:-1, max-image-preview:large, max-video-preview:-1\" \/>\n<link rel=\"canonical\" href=\"https:\/\/www.artisanlocal.ch\/c\/plombier-a-delemont\/\" \/>\n<meta property=\"og:locale\" content=\"fr_FR\" \/>\n<meta property=\"og:type\" content=\"article\" \/>\n<meta property=\"og:title\" content=\"Plombier \u00e0 Del\u00e9mont\" \/>\n<meta property=\"og:description\" content=\"Vous habitez \u00e0 Del\u00e9mont et vous rencontrez des probl\u00e8mes avec votre plomberie ? Nos plombiers interviennent en urgence \u00e0 Del\u00e9mont et dans les villes \u00e0 proximit\u00e9s. Pourquoi faire appel \u00e0 Artisanlocal \u00e0 Del\u00e9mont ? Nous sommes ouverts tous les jours de la semaine, y compris les jours f\u00e9ri\u00e9s. Nos devis sont gratuits. Nos artisans utilisent [&hellip;]\" \/>\n<meta property=\"og:url\" content=\"https:\/\/www.artisanlocal.ch\/c\/plombier-a-delemont\/\" \/>\n<meta property=\"og:site_name\" content=\"Artisanlocal\" \/>\n<meta property=\"article:modified_time\" content=\"2025-08-26T17:27:05+00:00\" \/>\n<meta property=\"og:image\" content=\"https:\/\/www.artisanlocal.ch\/c\/wp-content\/uploads\/2024\/10\/plombier.jpg\" \/>\n\t<meta property=\"og:image:width\" content=\"1920\" \/>\n\t<meta property=\"og:image:height\" content=\"300\" \/>\n\t<meta property=\"og:image:type\" content=\"image\/jpeg\" \/>\n<meta name=\"twitter:card\" content=\"summary_large_image\" \/>\n<meta name=\"twitter:label1\" content=\"Dur\u00e9e de lecture estim\u00e9e\" \/>\n\t<meta name=\"twitter:data1\" content=\"6 minutes\" \/>\n<script type=\"application\/ld+json\" class=\"yoast-schema-graph\">{\"@context\":\"https:\\\/\\\/schema.org\",\"@graph\":[{\"@type\":\"WebPage\",\"@id\":\"https:\\\/\\\/www.artisanlocal.ch\\\/c\\\/plombier-a-delemont\\\/\",\"url\":\"https:\\\/\\\/www.artisanlocal.ch\\\/c\\\/plombier-a-delemont\\\/\",\"name\":\"Plombier \u00e0 Del\u00e9mont - Artisanlocal\",\"isPartOf\":{\"@id\":\"https:\\\/\\\/www.artisanlocal.ch\\\/c\\\/#website\"},\"primaryImageOfPage\":{\"@id\":\"https:\\\/\\\/www.artisanlocal.ch\\\/c\\\/plombier-a-delemont\\\/#primaryimage\"},\"image\":{\"@id\":\"https:\\\/\\\/www.artisanlocal.ch\\\/c\\\/plombier-a-delemont\\\/#primaryimage\"},\"thumbnailUrl\":\"https:\\\/\\\/www.artisanlocal.ch\\\/c\\\/wp-content\\\/uploads\\\/2024\\\/10\\\/plombier.jpg\",\"datePublished\":\"2024-05-19T10:28:47+00:00\",\"dateModified\":\"2025-08-26T17:27:05+00:00\",\"breadcrumb\":{\"@id\":\"https:\\\/\\\/www.artisanlocal.ch\\\/c\\\/plombier-a-delemont\\\/#breadcrumb\"},\"inLanguage\":\"fr-FR\",\"potentialAction\":[{\"@type\":\"ReadAction\",\"target\":[\"https:\\\/\\\/www.artisanlocal.ch\\\/c\\\/plombier-a-delemont\\\/\"]}]},{\"@type\":\"ImageObject\",\"inLanguage\":\"fr-FR\",\"@id\":\"https:\\\/\\\/www.artisanlocal.ch\\\/c\\\/plombier-a-delemont\\\/#primaryimage\",\"url\":\"https:\\\/\\\/www.artisanlocal.ch\\\/c\\\/wp-content\\\/uploads\\\/2024\\\/10\\\/plombier.jpg\",\"contentUrl\":\"https:\\\/\\\/www.artisanlocal.ch\\\/c\\\/wp-content\\\/uploads\\\/2024\\\/10\\\/plombier.jpg\",\"width\":1920,\"height\":300},{\"@type\":\"BreadcrumbList\",\"@id\":\"https:\\\/\\\/www.artisanlocal.ch\\\/c\\\/plombier-a-delemont\\\/#breadcrumb\",\"itemListElement\":[{\"@type\":\"ListItem\",\"position\":1,\"name\":\"Accueil\",\"item\":\"https:\\\/\\\/www.artisanlocal.ch\\\/c\\\/\"},{\"@type\":\"ListItem\",\"position\":2,\"name\":\"Plombier \u00e0 Del\u00e9mont\"}]},{\"@type\":\"WebSite\",\"@id\":\"https:\\\/\\\/www.artisanlocal.ch\\\/c\\\/#website\",\"url\":\"https:\\\/\\\/www.artisanlocal.ch\\\/c\\\/\",\"name\":\"Artisanlocal\",\"description\":\"\",\"publisher\":{\"@id\":\"https:\\\/\\\/www.artisanlocal.ch\\\/c\\\/#organization\"},\"potentialAction\":[{\"@type\":\"SearchAction\",\"target\":{\"@type\":\"EntryPoint\",\"urlTemplate\":\"https:\\\/\\\/www.artisanlocal.ch\\\/c\\\/?s={search_term_string}\"},\"query-input\":{\"@type\":\"PropertyValueSpecification\",\"valueRequired\":true,\"valueName\":\"search_term_string\"}}],\"inLanguage\":\"fr-FR\"},{\"@type\":\"Organization\",\"@id\":\"https:\\\/\\\/www.artisanlocal.ch\\\/c\\\/#organization\",\"name\":\"Artisanlocal\",\"url\":\"https:\\\/\\\/www.artisanlocal.ch\\\/c\\\/\",\"logo\":{\"@type\":\"ImageObject\",\"inLanguage\":\"fr-FR\",\"@id\":\"https:\\\/\\\/www.artisanlocal.ch\\\/c\\\/#\\\/schema\\\/logo\\\/image\\\/\",\"url\":\"https:\\\/\\\/www.artisanlocal.ch\\\/c\\\/wp-content\\\/uploads\\\/2024\\\/02\\\/logo-artisanlocal-h.svg\",\"contentUrl\":\"https:\\\/\\\/www.artisanlocal.ch\\\/c\\\/wp-content\\\/uploads\\\/2024\\\/02\\\/logo-artisanlocal-h.svg\",\"caption\":\"Artisanlocal\"},\"image\":{\"@id\":\"https:\\\/\\\/www.artisanlocal.ch\\\/c\\\/#\\\/schema\\\/logo\\\/image\\\/\"}}]}<\/script>\n<!-- \/ Yoast SEO Premium plugin. -->","yoast_head_json":{"title":"Plombier \u00e0 Del\u00e9mont - Artisanlocal","robots":{"index":"index","follow":"follow","max-snippet":"max-snippet:-1","max-image-preview":"max-image-preview:large","max-video-preview":"max-video-preview:-1"},"canonical":"https:\/\/www.artisanlocal.ch\/c\/plombier-a-delemont\/","og_locale":"fr_FR","og_type":"article","og_title":"Plombier \u00e0 Del\u00e9mont","og_description":"Vous habitez \u00e0 Del\u00e9mont et vous rencontrez des probl\u00e8mes avec votre plomberie ? Nos plombiers interviennent en urgence \u00e0 Del\u00e9mont et dans les villes \u00e0 proximit\u00e9s. Pourquoi faire appel \u00e0 Artisanlocal \u00e0 Del\u00e9mont ? Nous sommes ouverts tous les jours de la semaine, y compris les jours f\u00e9ri\u00e9s. Nos devis sont gratuits. Nos artisans utilisent [&hellip;]","og_url":"https:\/\/www.artisanlocal.ch\/c\/plombier-a-delemont\/","og_site_name":"Artisanlocal","article_modified_time":"2025-08-26T17:27:05+00:00","og_image":[{"width":1920,"height":300,"url":"https:\/\/www.artisanlocal.ch\/c\/wp-content\/uploads\/2024\/10\/plombier.jpg","type":"image\/jpeg"}],"twitter_card":"summary_large_image","twitter_misc":{"Dur\u00e9e de lecture estim\u00e9e":"6 minutes"},"schema":{"@context":"https:\/\/schema.org","@graph":[{"@type":"WebPage","@id":"https:\/\/www.artisanlocal.ch\/c\/plombier-a-delemont\/","url":"https:\/\/www.artisanlocal.ch\/c\/plombier-a-delemont\/","name":"Plombier \u00e0 Del\u00e9mont - Artisanlocal","isPartOf":{"@id":"https:\/\/www.artisanlocal.ch\/c\/#website"},"primaryImageOfPage":{"@id":"https:\/\/www.artisanlocal.ch\/c\/plombier-a-delemont\/#primaryimage"},"image":{"@id":"https:\/\/www.artisanlocal.ch\/c\/plombier-a-delemont\/#primaryimage"},"thumbnailUrl":"https:\/\/www.artisanlocal.ch\/c\/wp-content\/uploads\/2024\/10\/plombier.jpg","datePublished":"2024-05-19T10:28:47+00:00","dateModified":"2025-08-26T17:27:05+00:00","breadcrumb":{"@id":"https:\/\/www.artisanlocal.ch\/c\/plombier-a-delemont\/#breadcrumb"},"inLanguage":"fr-FR","potentialAction":[{"@type":"ReadAction","target":["https:\/\/www.artisanlocal.ch\/c\/plombier-a-delemont\/"]}]},{"@type":"ImageObject","inLanguage":"fr-FR","@id":"https:\/\/www.artisanlocal.ch\/c\/plombier-a-delemont\/#primaryimage","url":"https:\/\/www.artisanlocal.ch\/c\/wp-content\/uploads\/2024\/10\/plombier.jpg","contentUrl":"https:\/\/www.artisanlocal.ch\/c\/wp-content\/uploads\/2024\/10\/plombier.jpg","width":1920,"height":300},{"@type":"BreadcrumbList","@id":"https:\/\/www.artisanlocal.ch\/c\/plombier-a-delemont\/#breadcrumb","itemListElement":[{"@type":"ListItem","position":1,"name":"Accueil","item":"https:\/\/www.artisanlocal.ch\/c\/"},{"@type":"ListItem","position":2,"name":"Plombier \u00e0 Del\u00e9mont"}]},{"@type":"WebSite","@id":"https:\/\/www.artisanlocal.ch\/c\/#website","url":"https:\/\/www.artisanlocal.ch\/c\/","name":"Artisanlocal","description":"","publisher":{"@id":"https:\/\/www.artisanlocal.ch\/c\/#organization"},"potentialAction":[{"@type":"SearchAction","target":{"@type":"EntryPoint","urlTemplate":"https:\/\/www.artisanlocal.ch\/c\/?s={search_term_string}"},"query-input":{"@type":"PropertyValueSpecification","valueRequired":true,"valueName":"search_term_string"}}],"inLanguage":"fr-FR"},{"@type":"Organization","@id":"https:\/\/www.artisanlocal.ch\/c\/#organization","name":"Artisanlocal","url":"https:\/\/www.artisanlocal.ch\/c\/","logo":{"@type":"ImageObject","inLanguage":"fr-FR","@id":"https:\/\/www.artisanlocal.ch\/c\/#\/schema\/logo\/image\/","url":"https:\/\/www.artisanlocal.ch\/c\/wp-content\/uploads\/2024\/02\/logo-artisanlocal-h.svg","contentUrl":"https:\/\/www.artisanlocal.ch\/c\/wp-content\/uploads\/2024\/02\/logo-artisanlocal-h.svg","caption":"Artisanlocal"},"image":{"@id":"https:\/\/www.artisanlocal.ch\/c\/#\/schema\/logo\/image\/"}}]}},"_links":{"self":[{"href":"https:\/\/www.artisanlocal.ch\/c\/wp-json\/wp\/v2\/pages\/1029","targetHints":{"allow":["GET"]}}],"collection":[{"href":"https:\/\/www.artisanlocal.ch\/c\/wp-json\/wp\/v2\/pages"}],"about":[{"href":"https:\/\/www.artisanlocal.ch\/c\/wp-json\/wp\/v2\/types\/page"}],"author":[{"embeddable":true,"href":"https:\/\/www.artisanlocal.ch\/c\/wp-json\/wp\/v2\/users\/4"}],"replies":[{"embeddable":true,"href":"https:\/\/www.artisanlocal.ch\/c\/wp-json\/wp\/v2\/comments?post=1029"}],"version-history":[{"count":0,"href":"https:\/\/www.artisanlocal.ch\/c\/wp-json\/wp\/v2\/pages\/1029\/revisions"}],"wp:featuredmedia":[{"embeddable":true,"href":"https:\/\/www.artisanlocal.ch\/c\/wp-json\/wp\/v2\/media\/2758"}],"wp:attachment":[{"href":"https:\/\/www.artisanlocal.ch\/c\/wp-json\/wp\/v2\/media?parent=1029"}],"wp:term":[{"taxonomy":"profession","embeddable":true,"href":"https:\/\/www.artisanlocal.ch\/c\/wp-json\/wp\/v2\/profession?post=1029"},{"taxonomy":"location","embeddable":true,"href":"https:\/\/www.artisanlocal.ch\/c\/wp-json\/wp\/v2\/location?post=1029"},{"taxonomy":"canton","embeddable":true,"href":"https:\/\/www.artisanlocal.ch\/c\/wp-json\/wp\/v2\/canton?post=1029"}],"curies":[{"name":"wp","href":"https:\/\/api.w.org\/{rel}","templated":true}]}}