{"id":1031,"date":"2024-05-18T07:29:16","date_gmt":"2024-05-18T05:29:16","guid":{"rendered":"https:\/\/www.artisanlocal.ch\/c\/vos-experts-en-plomberie-a-porrentruy\/"},"modified":"2025-08-26T19:27:37","modified_gmt":"2025-08-26T17:27:37","slug":"vos-experts-en-plomberie-a-porrentruy","status":"publish","type":"page","link":"https:\/\/www.artisanlocal.ch\/c\/vos-experts-en-plomberie-a-porrentruy\/","title":{"rendered":"Plombier \u00e0 Porrentruy"},"content":{"rendered":"<p>Si vous habitez \u00e0 Porrentruy et que vous rencontrez un probl\u00e8me avec votre plomberie. Nos techniciens se d\u00e9placent en urgence.<br \/>\n\r\n<div class=\"box\">\r\n            <div class=\"company-info\">\r\n            <img decoding=\"async\" class=\"company-info__logo\" src=\"https:\/\/www.artisanlocal.ch\/media\/cache\/thumb\/images\/companies\/668e5613b2bfa992576150.png\" alt=\"Logo\">\r\n            <h2 class=\"company-info__name\">Heusler Serge S\u00e0rl<\/h2>\r\n            <p class=\"company-info__business\">Chauffages - Installations sanitaires<\/p>\r\n        <\/div>\r\n        <div class=\"company-contact\">\r\n            <p class=\"company-info__address\">Pr\u00e9 Genez 17<\/p>\r\n                            <div class=\"links\">\r\n                                            <a class=\"btn has-accent-background-color js-phoneNumber\" href=\"tel:0797599116\" title=\"Appelez\" data-id=\"7620\" data-type=\"11\">079 759 91 16<\/a>\r\n                                                                <a class=\"btn has-accent-background-color\" href=\"https:\/\/www.sergeheusler.ch\/\" target=\"_blank\" title=\"Voir le site internet\" data-id=\"7620\" data-type=\"20\">Site internet<\/a>\r\n                                    <\/div>\r\n                    <\/div>\r\n    \r\n            \r\n<form action=\"https:\/\/www.artisanlocal.ch\/c\/wp-admin\/admin-ajax.php\" method=\"post\" class=\"form-contact\" id=\"artisan_form_contact_company_inline\">\r\n    <div><input type=\"hidden\" name=\"action\" value=\"company_contact\"><\/div>\r\n    <div><input type=\"hidden\" name=\"nonce\" value=\"85ec494698\"><\/div>\r\n    <div><input type=\"hidden\" name=\"company_id\" value=\"7620\"><\/div>\r\n    <div><input type=\"hidden\" name=\"form_id\" value=\"artisan_form_contact_company_inline\"><\/div>\r\n    <div class=\"gglcptch gglcptch_v3 gglcptch_custom\"><input type=\"hidden\" id=\"g-recaptcha-response\" name=\"g-recaptcha-response\" \/><br \/><div class=\"gglcptch_error_text\">La p\u00e9riode de v\u00e9rification reCAPTCHA a expir\u00e9. Veuillez recharger la page.<\/div><\/div>    <div class=\"form-content\">\r\n        <div class=\"form-group\">\r\n            <label for=\"contact_firstName\" class=\"required\">Pr\u00e9nom<\/label>\r\n            <input type=\"text\" name=\"firstName\" class=\"form-control\" required>\r\n        <\/div>\r\n        <div class=\"form-group\">\r\n            <label for=\"contact_lastName\" class=\"required\">Nom<\/label>\r\n            <input type=\"text\" name=\"lastName\" class=\"form-control\" required>\r\n        <\/div>\r\n        <div class=\"form-group\">\r\n            <label for=\"contact_email\" class=\"required\">Email<\/label>\r\n            <input type=\"email\" name=\"email\" class=\"form-control\" required>\r\n        <\/div>\r\n        <div class=\"form-group\">\r\n            <label for=\"contact_phone\" class=\"required\">Num\u00e9ro de t\u00e9l\u00e9phone<\/label>\r\n            <input type=\"tel\" name=\"phone\" class=\"form-control\" placeholder=\"0787117165\" pattern=\"^[0-9]{10}$\" required>\r\n        <\/div>\r\n        <div class=\"form-group\">\r\n            <label for=\"contact_postalCode\" class=\"required\">Code postal et localit\u00e9<\/label>\r\n            <input type=\"text\" name=\"postalCode\" class=\"form-control\" required>\r\n        <\/div>\r\n        <div class=\"form-group\">\r\n            <label for=\"contact_address\" class=\"required\">Adresse<\/label>\r\n            <input type=\"text\" name=\"address\" class=\"form-control\" required>\r\n        <\/div>\r\n        <div class=\"full-width topic\">\r\n            <p class=\"required\">Je souhaite \u00eatre contact\u00e9 pour :<\/p>\r\n            <div class=\"form-check\">\r\n                <input type=\"radio\" name=\"topic\" value=\"D\u00e9pannage\" class=\"form-control\" required>\r\n                <label for=\"d\u00e9pannage\">D\u00e9pannage<\/label>\r\n            <\/div>\r\n            <div class=\"form-check\">\r\n                <input type=\"radio\" name=\"topic\" value=\"Entretien\" class=\"form-control\" required>\r\n                <label for=\"entretien\">Entretien<\/label>\r\n            <\/div>\r\n            <div class=\"form-check\">\r\n                <input type=\"radio\" name=\"topic\" value=\"R\u00e9novation\" class=\"form-control\" required>\r\n                <label for=\"r\u00e9novation\">R\u00e9novation<\/label>\r\n            <\/div>\r\n            <div class=\"form-check\">\r\n                <input type=\"radio\" name=\"topic\" value=\"Autre\" class=\"form-control\" required>\r\n                <label for=\"autre\">Autre<\/label>\r\n            <\/div>\r\n        <\/div>\r\n        <div class=\"form-group full-width\">\r\n            <label for=\"contact_message\">Message<\/label>\r\n            <textarea name=\"message\" rows=\"3\" class=\"form-control\"><\/textarea>\r\n        <\/div>\r\n    <\/div>\r\n    <div class=\"form-actions\">\r\n        <button class=\"wp-block-button__link has-accent-background-color\">Contacter<\/button>\r\n    <\/div>\r\n<\/form>\r\n<div class=\"form-feedback\"><\/div>    <\/div><\/p>\n<h2>Pourquoi faire appel \u00e0 Artisanlocal \u00e0 Porrentruy ?<\/h2>\n<ul>\n<li>Nos artisans plombiers sont joignables tous les jours.<\/li>\n<li>Nous fournissons des devis gratuits.<\/li>\n<li>Nous utilisons les derni\u00e8res m\u00e9thodes de pointes.<\/li>\n<li>Nous sommes implant\u00e9s \u00e0 Porrentruy permettant \u00e0 nos artisans d&rsquo;intervenir en urgence dans votre foyer.<\/li>\n<li>Nous proposons des tarifs comp\u00e9titifs.<\/li>\n<li>Tous nos artisans plombiers sont qualifi\u00e9s et poss\u00e8dent les comp\u00e9tences n\u00e9cessaires.<\/li>\n<li>Avant toute r\u00e9paration, nous examinons votre plomberie.<\/li>\n<li>Nous g\u00e9rons tous types de travaux de plomberie.<\/li>\n<\/ul>\n<h2>Les prestations que nous r\u00e9alisons \u00e0 Porrentruy<\/h2>\n<ul>\n<li>D\u00e9tection des fuites et la r\u00e9paration de vos tuyauteries.<\/li>\n<li>Changement de votre \u00e9quipement sanitaire.<\/li>\n<li>R\u00e9paration de votre sanitaire.<\/li>\n<li>Installation des : tuyauteries, lavabos, robinets et \u00e9viers.<\/li>\n<li>Installation des chaudi\u00e8res et chauffes-eau.<\/li>\n<li>D\u00e9bouchage et l&rsquo;assainissement de vos canalisations.<\/li>\n<li>Restauration des salles de bain.<\/li>\n<li>Vidange de votre fosse septique.<\/li>\n<\/ul>\n<h2>Quel est le fonctionnement d&rsquo;Artisanlocal \u00e0 Porrentruy ?<\/h2>\n<ol>\n<li>Suite \u00e0 votre demande d&rsquo;informations par email ou t\u00e9l\u00e9phone, un de nos artisans vous contacte pour analyser l&rsquo;\u00e9tendue de votre probl\u00e8me de plomberie.<\/li>\n<li>Apr\u00e8s cela, vous recevrez un devis. Avec Artisanlocal, il n&rsquo;y a aucuns frais dissimul\u00e9s, \u00e0 moins que vous ayez besoin de pi\u00e8ces de rechange ou de travaux importants.<\/li>\n<li>Apr\u00e8s la validation de notre devis, notre plombier d\u00e9termine avec vous le jour de l&rsquo;intervention.<\/li>\n<\/ol>\n<h2>Travaux de plomberie pour les particuliers \u00e0 Porrentruy<\/h2>\n<p>Si votre plomberie est d\u00e9fectueuse, il y a un risque de contamination de l&rsquo;eau, ce qui peut mettre votre famille en danger, c&rsquo;est la raison pour laquelle l&rsquo;artisan qui se d\u00e9place \u00e0 votre domicile effectue :<\/p>\n<ul>\n<li>La d\u00e9tection et la r\u00e9paration de fuites dans vos tuyaux.<\/li>\n<li>Le d\u00e9bouchage et le nettoyage de vos tuyaux.<\/li>\n<li>L\u2019entretien de votre chauffe-eau.<\/li>\n<li>Le contr\u00f4le de vos canalisations.<\/li>\n<li>La r\u00e9novation de vos canalisations.<\/li>\n<li>La remise en \u00e9tat apr\u00e8s un d\u00e9g\u00e2t des eaux.<\/li>\n<\/ul>\n<h2>Plombier pour les entreprises \u00e0 Porrentruy<\/h2>\n<p>Si vous avez une soci\u00e9t\u00e9, un commerce de d\u00e9tail ou un restaurant. Les robinets qui coulent, les \u00e9vacuations qui refoulent et les chauffe-eau qui fonctionnent mal sont des probl\u00e8mes qui peuvent entra\u00eener une perte de productivit\u00e9 de vos salari\u00e9s ou encore endommager vos locaux. Notre soci\u00e9t\u00e9 offre des services de plomberie pour votre entreprise \u00e0 Porrentruy, comme :<\/p>\n<ul>\n<li>L&rsquo;\u00e9limination des blocages dans les \u00e9viers et l&rsquo;installation d&rsquo;une nouvelle robinetterie.<\/li>\n<li>L\u2019inspection et la r\u00e9paration de vos tuyaux.<\/li>\n<li>Le nettoyage par jet d&rsquo;eau de vos canalisations.<\/li>\n<li>La pose de nouveaux dispositifs de plomberie.<\/li>\n<li>La maintenance et la r\u00e9novation de votre bac \u00e0 graisse.<\/li>\n<li>La mise en place, l\u2019entretien et la r\u00e9paration de votre chauffe-eau ou chauffage.<\/li>\n<li>La restauration de vos tuyaux de canalisations.<\/li>\n<li>Le d\u00e9pannage de vos \u00e9quipements sanitaires.<\/li>\n<li>L\u2019inspection de vos \u00e9gouts par cam\u00e9ra vid\u00e9o.<\/li>\n<\/ul>\n<h2>Service d&rsquo;entretien de vos tuyaux de canalisations \u00e0 Porrentruy en urgence<\/h2>\n<p>Nos artisans nettoient vos canalisations \u00e0 Porrentruy en urgence dans le but de vous \u00e9pargner des probl\u00e8mes d\u2019\u00e9coulement de vos eaux us\u00e9es, des remont\u00e9es de mauvaises odeurs ou encore du d\u00e9bordement de vos baignoires, toilettes ou \u00e9viers, de plus, nos artisans plombiers op\u00e8rent d\u00e8s que possible sur vos :<\/p>\n<ul>\n<li>Lavabos.<\/li>\n<li>Toilettes.<\/li>\n<li>Toitures.<\/li>\n<li>Syst\u00e8mes d&rsquo;\u00e9gouts.<\/li>\n<li>Tuyauteries.<\/li>\n<\/ul>\n<h2>Service de nettoyage d&rsquo;\u00e9gouts \u00e0 Porrentruy<\/h2>\n<p>Le r\u00e9seau d&rsquo;\u00e9gouts repr\u00e9sente le c\u0153ur de la plomberie. Il \u00e9vacue les eaux us\u00e9es des lavabos, des toilettes et des autres installations sanitaires. Si votre \u00e9gout est bouch\u00e9 ou d\u00e9borde, cela peut causer des d\u00e9g\u00e2ts dans votre logement, et vous mettre en danger.<\/p>\n<p>L&rsquo;entretien fr\u00e9quent de votre \u00e9gout permet de pr\u00e9venir les refoulements dans les canalisations et la formation de bouchons. Nos artisans plombiers \u00e0 Porrentruy associent les techniques classiques et les nouvelles technologies pour \u00e9liminer, inspecter et restaurer le bon \u00e9coulement des eaux dans vos canalisations.<\/p>\n<p>Artisanlocal peut aussi changer votre canalisation d&rsquo;\u00e9gout si elle est trop ab\u00eem\u00e9e. Notre soci\u00e9t\u00e9 peut aussi nettoyer en urgence tout dommage caus\u00e9 par les eaux us\u00e9es dans votre habitation ou soci\u00e9t\u00e9. Nous s\u00e9chons et d\u00e9shumidifions les espaces endommag\u00e9s afin de diminuer les risques de d\u00e9veloppement de champignons.<\/p>\n<h2>Installations et r\u00e9parations de cumulus<\/h2>\n<p>Il n&rsquo;y a que de l&rsquo;eau froide dans votre logement ? Votre chauffe-eau peut rencontrer des soucis techniques. Notre entreprise r\u00e9pare votre cumulus rapidement. Voici les signaux qui indiquent des probl\u00e8mes :<\/p>\n<ul>\n<li>Un faible d\u00e9bit d&rsquo;eau chaude : \u00e7a peut \u00eatre caus\u00e9 par une fuite d&rsquo;eau dans votre cumulus, ou un \u00e9l\u00e9ment chauffant qui ne fonctionne pas ou les d\u00e9p\u00f4ts de s\u00e9diments dans votre r\u00e9servoir.<\/li>\n<li>Une flaque d&rsquo;eau autour de votre cumulus : la pr\u00e9sence d&rsquo;eau \u00e0 la base du r\u00e9servoir peut indiquer une panne, ou possiblement d&rsquo;une fissure dans le chauffe-eau.<\/li>\n<li>Vous percevez des bruits anormaux qui viennent du cumulus : des bruits bizarres peuvent indiquer une accumulation de s\u00e9diments, une d\u00e9faillance de l&rsquo;\u00e9l\u00e9ment chauffant ou d\u2019une fuite d&rsquo;eau.<\/li>\n<li>La d\u00e9coloration de l&rsquo;eau : c&rsquo;est occasionner par l&rsquo;existence de substances nocives et de rouille dans votre chauffe-eau.<\/li>\n<li>Le cumulus reste en fonctionnement : si vous constatez que votre cumulus est tout le temps en marche, cela peut \u00eatre d\u00fb \u00e0 une panne.<\/li>\n<\/ul>\n<p>En sollicitant nos artisans plombiers d\u00e8s les premiers signes, il est possible d&rsquo;\u00e9viter des co\u00fbts \u00e9lev\u00e9s pour vos travaux de r\u00e9parations.<\/p>\n<h2>Prestation de nettoyage apr\u00e8s des d\u00e9g\u00e2ts des eaux<\/h2>\n<p>Nos artisans plombiers nettoient votre logement suite \u00e0 un d\u00e9g\u00e2t des eaux \u00e0 Porrentruy, nous sommes disponibles pour vous apporter une assistance en cas de caves inond\u00e9es, de fortes pluies, d&rsquo;\u00e9clatements de canalisations, de refoulements d&rsquo;\u00e9gouts, et de d\u00e9bordements de baignoires et de w.c. Et d&rsquo;autres probl\u00e8mes de plomberie li\u00e9s \u00e0 un d\u00e9g\u00e2t des eaux.<\/p>\n<h2>R\u00e9ponses aux interrogations courantes<\/h2>\n<h3>Quel tarif pour faire intervenir un plombier \u00e0 Porrentruy ?<\/h3>\n<p>Apr\u00e8s avoir examin\u00e9 votre probl\u00e8me de tuyauterie, les plombiers d&rsquo;Artisanlocal calculent le prix de l&rsquo;intervention. Les prix suivants de nos services sont donn\u00e9s \u00e0 titre indicatif \u00e0 Porrentruy :<\/p>\n<table border=\"1\">\n<tbody>\n<tr>\n<th>Prestations<\/th>\n<th>Prix CHF<\/th>\n<\/tr>\n<tr>\n<td>Mise en place d\u2019un lavabo<\/td>\n<td>280.00<\/td>\n<\/tr>\n<tr>\n<td>Tarif horaire : installation sanitaire<\/td>\n<td>110.00 \u00e0 129.00<\/td>\n<\/tr>\n<tr>\n<td>Mise en place et raccord, d\u2019un siphon \u00e0 un lavabo<\/td>\n<td>70.00<\/td>\n<\/tr>\n<tr>\n<td>Assemblage meuble de salle de bain<\/td>\n<td>95.00<\/td>\n<\/tr>\n<tr>\n<td>Installation et raccordement, d\u2019une douche \u00e0 la robinetterie<\/td>\n<td>86.00<\/td>\n<\/tr>\n<tr>\n<td>Pose d\u2019un r\u00e9servoir ind\u00e9pendant de WC<\/td>\n<td>112.00<\/td>\n<\/tr>\n<tr>\n<td>Fixation d\u2019accessoires de salle de bain<\/td>\n<td>60.00<\/td>\n<\/tr>\n<tr>\n<td>Mise en place d\u2019un toilette suspendu<\/td>\n<td>170.00<\/td>\n<\/tr>\n<tr>\n<td>D\u00e9placement du plombier aller-retour<\/td>\n<td>100.00<\/td>\n<\/tr>\n<\/tbody>\n<\/table>\n<h3>Votre entreprise de plomberie \u00e0 Porrentruy est ouverte le samedi et le dimanche ?<\/h3>\n<p>Artisanlocal offre un service de plomberie en continu, 24\/7 et m\u00eame pendant les jours f\u00e9ri\u00e9s.<\/p>\n<h3>Les artisans plombiers effectuent des interventions \u00e0 Porrentruy et dans les localit\u00e9s voisines ?<\/h3>\n<p>Nos artisans plombiers se d\u00e9placent \u00e0 Porrentruy, mais aussi dans les communes aux environs, comme : St-Ursanne, Montmelon, Montenol, Epauvillers, Epiquerez, Seleute, Ocourt, Fontenais, Villars-sur-Fontenais, Bressaucourt, Courtedoux, Chevenez, Rocourt, Grandfontaine, R\u00e9cl\u00e8re, Roche-d'Or, Damvant, Bure, Fahy, Courchavon, Courtema\u00eeche, Montignez, Buix, Boncourt, Coeuve, Damphreux, Lugnez, Beurnev\u00e9sin, Alle, Vendlincourt, Bonfol, Mi\u00e9court, Charmoille, Courgenay, Courtemautruy, Cornol, Fregi\u00e9court, Pleujouse, Asuel.<\/p>\n","protected":false},"excerpt":{"rendered":"<p>Si vous habitez \u00e0 Porrentruy et que vous rencontrez un probl\u00e8me avec votre plomberie. Nos techniciens se d\u00e9placent en urgence. Pourquoi faire appel \u00e0 Artisanlocal \u00e0 Porrentruy ? Nos artisans plombiers sont joignables tous les jours. Nous fournissons des devis gratuits. Nous utilisons les derni\u00e8res m\u00e9thodes de pointes. Nous sommes implant\u00e9s \u00e0 Porrentruy permettant \u00e0 [&hellip;]<\/p>\n","protected":false},"author":4,"featured_media":2758,"parent":0,"menu_order":0,"comment_status":"closed","ping_status":"closed","template":"","meta":{"footnotes":""},"profession":[123],"location":[72],"canton":[111],"class_list":["post-1031","page","type-page","status-publish","has-post-thumbnail","hentry","profession-sanitaire","location-porrentruy","canton-ju"],"yoast_head":"<!-- This site is optimized with the Yoast SEO Premium plugin v25.7.1 (Yoast SEO v27.3) - https:\/\/yoast.com\/product\/yoast-seo-premium-wordpress\/ -->\n<title>Plombier \u00e0 Porrentruy - Artisanlocal<\/title>\n<meta name=\"robots\" content=\"index, follow, max-snippet:-1, max-image-preview:large, max-video-preview:-1\" \/>\n<link rel=\"canonical\" href=\"https:\/\/www.artisanlocal.ch\/c\/vos-experts-en-plomberie-a-porrentruy\/\" \/>\n<meta property=\"og:locale\" content=\"fr_FR\" \/>\n<meta property=\"og:type\" content=\"article\" \/>\n<meta property=\"og:title\" content=\"Plombier \u00e0 Porrentruy\" \/>\n<meta property=\"og:description\" content=\"Si vous habitez \u00e0 Porrentruy et que vous rencontrez un probl\u00e8me avec votre plomberie. Nos techniciens se d\u00e9placent en urgence. Pourquoi faire appel \u00e0 Artisanlocal \u00e0 Porrentruy ? Nos artisans plombiers sont joignables tous les jours. Nous fournissons des devis gratuits. Nous utilisons les derni\u00e8res m\u00e9thodes de pointes. Nous sommes implant\u00e9s \u00e0 Porrentruy permettant \u00e0 [&hellip;]\" \/>\n<meta property=\"og:url\" content=\"https:\/\/www.artisanlocal.ch\/c\/vos-experts-en-plomberie-a-porrentruy\/\" \/>\n<meta property=\"og:site_name\" content=\"Artisanlocal\" \/>\n<meta property=\"article:modified_time\" content=\"2025-08-26T17:27:37+00:00\" \/>\n<meta property=\"og:image\" content=\"https:\/\/www.artisanlocal.ch\/c\/wp-content\/uploads\/2024\/10\/plombier.jpg\" \/>\n\t<meta property=\"og:image:width\" content=\"1920\" \/>\n\t<meta property=\"og:image:height\" content=\"300\" \/>\n\t<meta property=\"og:image:type\" content=\"image\/jpeg\" \/>\n<meta name=\"twitter:card\" content=\"summary_large_image\" \/>\n<meta name=\"twitter:label1\" content=\"Dur\u00e9e de lecture estim\u00e9e\" \/>\n\t<meta name=\"twitter:data1\" content=\"6 minutes\" \/>\n<script type=\"application\/ld+json\" class=\"yoast-schema-graph\">{\"@context\":\"https:\\\/\\\/schema.org\",\"@graph\":[{\"@type\":\"WebPage\",\"@id\":\"https:\\\/\\\/www.artisanlocal.ch\\\/c\\\/vos-experts-en-plomberie-a-porrentruy\\\/\",\"url\":\"https:\\\/\\\/www.artisanlocal.ch\\\/c\\\/vos-experts-en-plomberie-a-porrentruy\\\/\",\"name\":\"Plombier \u00e0 Porrentruy - Artisanlocal\",\"isPartOf\":{\"@id\":\"https:\\\/\\\/www.artisanlocal.ch\\\/c\\\/#website\"},\"primaryImageOfPage\":{\"@id\":\"https:\\\/\\\/www.artisanlocal.ch\\\/c\\\/vos-experts-en-plomberie-a-porrentruy\\\/#primaryimage\"},\"image\":{\"@id\":\"https:\\\/\\\/www.artisanlocal.ch\\\/c\\\/vos-experts-en-plomberie-a-porrentruy\\\/#primaryimage\"},\"thumbnailUrl\":\"https:\\\/\\\/www.artisanlocal.ch\\\/c\\\/wp-content\\\/uploads\\\/2024\\\/10\\\/plombier.jpg\",\"datePublished\":\"2024-05-18T05:29:16+00:00\",\"dateModified\":\"2025-08-26T17:27:37+00:00\",\"breadcrumb\":{\"@id\":\"https:\\\/\\\/www.artisanlocal.ch\\\/c\\\/vos-experts-en-plomberie-a-porrentruy\\\/#breadcrumb\"},\"inLanguage\":\"fr-FR\",\"potentialAction\":[{\"@type\":\"ReadAction\",\"target\":[\"https:\\\/\\\/www.artisanlocal.ch\\\/c\\\/vos-experts-en-plomberie-a-porrentruy\\\/\"]}]},{\"@type\":\"ImageObject\",\"inLanguage\":\"fr-FR\",\"@id\":\"https:\\\/\\\/www.artisanlocal.ch\\\/c\\\/vos-experts-en-plomberie-a-porrentruy\\\/#primaryimage\",\"url\":\"https:\\\/\\\/www.artisanlocal.ch\\\/c\\\/wp-content\\\/uploads\\\/2024\\\/10\\\/plombier.jpg\",\"contentUrl\":\"https:\\\/\\\/www.artisanlocal.ch\\\/c\\\/wp-content\\\/uploads\\\/2024\\\/10\\\/plombier.jpg\",\"width\":1920,\"height\":300},{\"@type\":\"BreadcrumbList\",\"@id\":\"https:\\\/\\\/www.artisanlocal.ch\\\/c\\\/vos-experts-en-plomberie-a-porrentruy\\\/#breadcrumb\",\"itemListElement\":[{\"@type\":\"ListItem\",\"position\":1,\"name\":\"Accueil\",\"item\":\"https:\\\/\\\/www.artisanlocal.ch\\\/c\\\/\"},{\"@type\":\"ListItem\",\"position\":2,\"name\":\"Plombier \u00e0 Porrentruy\"}]},{\"@type\":\"WebSite\",\"@id\":\"https:\\\/\\\/www.artisanlocal.ch\\\/c\\\/#website\",\"url\":\"https:\\\/\\\/www.artisanlocal.ch\\\/c\\\/\",\"name\":\"Artisanlocal\",\"description\":\"\",\"publisher\":{\"@id\":\"https:\\\/\\\/www.artisanlocal.ch\\\/c\\\/#organization\"},\"potentialAction\":[{\"@type\":\"SearchAction\",\"target\":{\"@type\":\"EntryPoint\",\"urlTemplate\":\"https:\\\/\\\/www.artisanlocal.ch\\\/c\\\/?s={search_term_string}\"},\"query-input\":{\"@type\":\"PropertyValueSpecification\",\"valueRequired\":true,\"valueName\":\"search_term_string\"}}],\"inLanguage\":\"fr-FR\"},{\"@type\":\"Organization\",\"@id\":\"https:\\\/\\\/www.artisanlocal.ch\\\/c\\\/#organization\",\"name\":\"Artisanlocal\",\"url\":\"https:\\\/\\\/www.artisanlocal.ch\\\/c\\\/\",\"logo\":{\"@type\":\"ImageObject\",\"inLanguage\":\"fr-FR\",\"@id\":\"https:\\\/\\\/www.artisanlocal.ch\\\/c\\\/#\\\/schema\\\/logo\\\/image\\\/\",\"url\":\"https:\\\/\\\/www.artisanlocal.ch\\\/c\\\/wp-content\\\/uploads\\\/2024\\\/02\\\/logo-artisanlocal-h.svg\",\"contentUrl\":\"https:\\\/\\\/www.artisanlocal.ch\\\/c\\\/wp-content\\\/uploads\\\/2024\\\/02\\\/logo-artisanlocal-h.svg\",\"caption\":\"Artisanlocal\"},\"image\":{\"@id\":\"https:\\\/\\\/www.artisanlocal.ch\\\/c\\\/#\\\/schema\\\/logo\\\/image\\\/\"}}]}<\/script>\n<!-- \/ Yoast SEO Premium plugin. -->","yoast_head_json":{"title":"Plombier \u00e0 Porrentruy - Artisanlocal","robots":{"index":"index","follow":"follow","max-snippet":"max-snippet:-1","max-image-preview":"max-image-preview:large","max-video-preview":"max-video-preview:-1"},"canonical":"https:\/\/www.artisanlocal.ch\/c\/vos-experts-en-plomberie-a-porrentruy\/","og_locale":"fr_FR","og_type":"article","og_title":"Plombier \u00e0 Porrentruy","og_description":"Si vous habitez \u00e0 Porrentruy et que vous rencontrez un probl\u00e8me avec votre plomberie. Nos techniciens se d\u00e9placent en urgence. Pourquoi faire appel \u00e0 Artisanlocal \u00e0 Porrentruy ? Nos artisans plombiers sont joignables tous les jours. Nous fournissons des devis gratuits. Nous utilisons les derni\u00e8res m\u00e9thodes de pointes. Nous sommes implant\u00e9s \u00e0 Porrentruy permettant \u00e0 [&hellip;]","og_url":"https:\/\/www.artisanlocal.ch\/c\/vos-experts-en-plomberie-a-porrentruy\/","og_site_name":"Artisanlocal","article_modified_time":"2025-08-26T17:27:37+00:00","og_image":[{"width":1920,"height":300,"url":"https:\/\/www.artisanlocal.ch\/c\/wp-content\/uploads\/2024\/10\/plombier.jpg","type":"image\/jpeg"}],"twitter_card":"summary_large_image","twitter_misc":{"Dur\u00e9e de lecture estim\u00e9e":"6 minutes"},"schema":{"@context":"https:\/\/schema.org","@graph":[{"@type":"WebPage","@id":"https:\/\/www.artisanlocal.ch\/c\/vos-experts-en-plomberie-a-porrentruy\/","url":"https:\/\/www.artisanlocal.ch\/c\/vos-experts-en-plomberie-a-porrentruy\/","name":"Plombier \u00e0 Porrentruy - Artisanlocal","isPartOf":{"@id":"https:\/\/www.artisanlocal.ch\/c\/#website"},"primaryImageOfPage":{"@id":"https:\/\/www.artisanlocal.ch\/c\/vos-experts-en-plomberie-a-porrentruy\/#primaryimage"},"image":{"@id":"https:\/\/www.artisanlocal.ch\/c\/vos-experts-en-plomberie-a-porrentruy\/#primaryimage"},"thumbnailUrl":"https:\/\/www.artisanlocal.ch\/c\/wp-content\/uploads\/2024\/10\/plombier.jpg","datePublished":"2024-05-18T05:29:16+00:00","dateModified":"2025-08-26T17:27:37+00:00","breadcrumb":{"@id":"https:\/\/www.artisanlocal.ch\/c\/vos-experts-en-plomberie-a-porrentruy\/#breadcrumb"},"inLanguage":"fr-FR","potentialAction":[{"@type":"ReadAction","target":["https:\/\/www.artisanlocal.ch\/c\/vos-experts-en-plomberie-a-porrentruy\/"]}]},{"@type":"ImageObject","inLanguage":"fr-FR","@id":"https:\/\/www.artisanlocal.ch\/c\/vos-experts-en-plomberie-a-porrentruy\/#primaryimage","url":"https:\/\/www.artisanlocal.ch\/c\/wp-content\/uploads\/2024\/10\/plombier.jpg","contentUrl":"https:\/\/www.artisanlocal.ch\/c\/wp-content\/uploads\/2024\/10\/plombier.jpg","width":1920,"height":300},{"@type":"BreadcrumbList","@id":"https:\/\/www.artisanlocal.ch\/c\/vos-experts-en-plomberie-a-porrentruy\/#breadcrumb","itemListElement":[{"@type":"ListItem","position":1,"name":"Accueil","item":"https:\/\/www.artisanlocal.ch\/c\/"},{"@type":"ListItem","position":2,"name":"Plombier \u00e0 Porrentruy"}]},{"@type":"WebSite","@id":"https:\/\/www.artisanlocal.ch\/c\/#website","url":"https:\/\/www.artisanlocal.ch\/c\/","name":"Artisanlocal","description":"","publisher":{"@id":"https:\/\/www.artisanlocal.ch\/c\/#organization"},"potentialAction":[{"@type":"SearchAction","target":{"@type":"EntryPoint","urlTemplate":"https:\/\/www.artisanlocal.ch\/c\/?s={search_term_string}"},"query-input":{"@type":"PropertyValueSpecification","valueRequired":true,"valueName":"search_term_string"}}],"inLanguage":"fr-FR"},{"@type":"Organization","@id":"https:\/\/www.artisanlocal.ch\/c\/#organization","name":"Artisanlocal","url":"https:\/\/www.artisanlocal.ch\/c\/","logo":{"@type":"ImageObject","inLanguage":"fr-FR","@id":"https:\/\/www.artisanlocal.ch\/c\/#\/schema\/logo\/image\/","url":"https:\/\/www.artisanlocal.ch\/c\/wp-content\/uploads\/2024\/02\/logo-artisanlocal-h.svg","contentUrl":"https:\/\/www.artisanlocal.ch\/c\/wp-content\/uploads\/2024\/02\/logo-artisanlocal-h.svg","caption":"Artisanlocal"},"image":{"@id":"https:\/\/www.artisanlocal.ch\/c\/#\/schema\/logo\/image\/"}}]}},"_links":{"self":[{"href":"https:\/\/www.artisanlocal.ch\/c\/wp-json\/wp\/v2\/pages\/1031","targetHints":{"allow":["GET"]}}],"collection":[{"href":"https:\/\/www.artisanlocal.ch\/c\/wp-json\/wp\/v2\/pages"}],"about":[{"href":"https:\/\/www.artisanlocal.ch\/c\/wp-json\/wp\/v2\/types\/page"}],"author":[{"embeddable":true,"href":"https:\/\/www.artisanlocal.ch\/c\/wp-json\/wp\/v2\/users\/4"}],"replies":[{"embeddable":true,"href":"https:\/\/www.artisanlocal.ch\/c\/wp-json\/wp\/v2\/comments?post=1031"}],"version-history":[{"count":0,"href":"https:\/\/www.artisanlocal.ch\/c\/wp-json\/wp\/v2\/pages\/1031\/revisions"}],"wp:featuredmedia":[{"embeddable":true,"href":"https:\/\/www.artisanlocal.ch\/c\/wp-json\/wp\/v2\/media\/2758"}],"wp:attachment":[{"href":"https:\/\/www.artisanlocal.ch\/c\/wp-json\/wp\/v2\/media?parent=1031"}],"wp:term":[{"taxonomy":"profession","embeddable":true,"href":"https:\/\/www.artisanlocal.ch\/c\/wp-json\/wp\/v2\/profession?post=1031"},{"taxonomy":"location","embeddable":true,"href":"https:\/\/www.artisanlocal.ch\/c\/wp-json\/wp\/v2\/location?post=1031"},{"taxonomy":"canton","embeddable":true,"href":"https:\/\/www.artisanlocal.ch\/c\/wp-json\/wp\/v2\/canton?post=1031"}],"curies":[{"name":"wp","href":"https:\/\/api.w.org\/{rel}","templated":true}]}}