{"id":1034,"date":"2024-05-19T14:40:50","date_gmt":"2024-05-19T12:40:50","guid":{"rendered":"https:\/\/www.artisanlocal.ch\/c\/plombier-a-canton-du-jura\/"},"modified":"2025-11-06T12:39:46","modified_gmt":"2025-11-06T11:39:46","slug":"plombier-a-canton-du-jura","status":"publish","type":"page","link":"https:\/\/www.artisanlocal.ch\/c\/plombier-a-canton-du-jura\/","title":{"rendered":"Plombier dans le canton du Jura"},"content":{"rendered":"<p>Si vous \u00eates domicili\u00e9 dans le canton du Jura, Artisanlocal se d\u00e9place dans votre foyer rapidement.<\/p>\n<h2>Pourquoi faire appel \u00e0 notre soci\u00e9t\u00e9 de plombier dans le canton du Jura ?<\/h2>\n<ul>\n<li>Nous sommes ouverts 24 heures sur 24, tous les jours de la semaine, y compris les jours f\u00e9ri\u00e9s.<\/li>\n<li>Nous fournissons des estimations gratuites.<\/li>\n<li>Nous employons les derni\u00e8res techniques de pointes.<\/li>\n<li>Notre soci\u00e9t\u00e9 est situ\u00e9e dans le canton du Jura permettant \u00e0 nos artisans d&rsquo;intervenir en urgence dans votre foyer.<\/li>\n<li>Nous avons des tarifs comp\u00e9titifs.<\/li>\n<li>Nos artisans plombiers sont assur\u00e9s et exp\u00e9riment\u00e9s.<\/li>\n<li>Nous contr\u00f4lons votre plomberie avant les travaux.<\/li>\n<li>Nous r\u00e9parons tous les types de plomberie.<\/li>\n<\/ul>\n<h2>Les prestations que nous proposons dans le canton du Jura<\/h2>\n<ul>\n<li>Nous d\u00e9tectons les fuites et ensuite, nous r\u00e9novons vos canalisations.<\/li>\n<li>Nos artisans plombiers remplacent vos installations sanitaires.<\/li>\n<li>La r\u00e9paration de votre sanitaire.<\/li>\n<li>Les travaux de plomberie, tels que : l&rsquo;installation de robinet, \u00e9vier, lavabo et de la tuyauterie.<\/li>\n<li>Nous posons les chaudi\u00e8res et les chauffes-eau.<\/li>\n<li>Nous accomplissons l&rsquo;assainissement et le d\u00e9bouchage de vos canalisations.<\/li>\n<li>Nous r\u00e9novons totalement les salles d&rsquo;eau.<\/li>\n<li>Nous pouvons aussi r\u00e9aliser aussi la vidange de votre fosse septique.<\/li>\n<\/ul>\n<h2>Quel est le fonctionnement d&rsquo;Artisanlocal dans le canton du Jura ?<\/h2>\n<ol>\n<li>Une fois que vous nous avez contact\u00e9s par email ou par t\u00e9l\u00e9phone, nous vous appelons pour \u00e9valuer vos besoins.<\/li>\n<li>Apr\u00e8s cela, vous obtiendrez de notre part une estimation gratuite pour vos travaux. Vous ne r\u00e8glerez aucuns frais suppl\u00e9mentaires, sauf si vous ayez besoin d&rsquo;\u00e9l\u00e9ments de remplacement ou de gros travaux.<\/li>\n<li>Apr\u00e8s la validation de notre estimation, notre artisan plombier fixe avec vous une date d\u2019intervention.<\/li>\n<\/ol>\n<h2>Plombier pour les particuliers dans le canton du Jura<\/h2>\n<p>Si votre syst\u00e8me de plomberie est d\u00e9fectueux, votre eau peut-\u00eatre contamin\u00e9e et vous pouvez mettre en p\u00e9ril la sant\u00e9 vos proches, c&rsquo;est pour cela que l&rsquo;artisan plombier qui op\u00e8re \u00e0 votre domicile r\u00e9alise :<\/p>\n<ul>\n<li>La r\u00e9paration de fuites.<\/li>\n<li>Le d\u00e9bouchage et l&rsquo;entretien de vos canalisations.<\/li>\n<li>La maintenance de votre chauffe-eau.<\/li>\n<li>Le contr\u00f4le de vos tuyaux de canalisations.<\/li>\n<li>La r\u00e9paration de vos tuyaux de canalisations.<\/li>\n<li>Le nettoyage de votre maison apr\u00e8s les d\u00e9g\u00e2ts des eaux.<\/li>\n<\/ul>\n<h2>Artisanlocal aux services des entreprises dans le canton du Jura<\/h2>\n<p>Dans le canton du Jura, il y a des soci\u00e9t\u00e9s, restaurants et commerces de d\u00e9tail. Une fuite dans un robinet, un reflux dans un tuyau de canalisation ou encore un probl\u00e8me de chauffe-eau sont des probl\u00e8mes fr\u00e9quents qui peuvent diminuer l&rsquo;efficacit\u00e9 de vos salari\u00e9s. Artisanlocal assiste votre soci\u00e9t\u00e9 pour :<\/p>\n<ul>\n<li>Le d\u00e9bouchage de vos lavabos et le remplacement de vos mitigeurs de cuisine.<\/li>\n<li>La r\u00e9novation et la v\u00e9rification de vos tuyaux.<\/li>\n<li>L\u2019hydrocurage de vos tuyaux de canalisations.<\/li>\n<li>La mise en place de nouveaux appareils dans votre installation de plomberie.<\/li>\n<li>La maintenance et la remise en \u00e9tat de votre bac \u00e0 graisse.<\/li>\n<li>La mise en place, l\u2019entretien et la r\u00e9paration de votre chauffage ou chauffe-eau.<\/li>\n<li>La r\u00e9novation de vos canalisations.<\/li>\n<li>Le service de d\u00e9pannage de vos installations sanitaires.<\/li>\n<li>L\u2019inspection de vos \u00e9gouts par vid\u00e9o.<\/li>\n<\/ul>\n<h2>Service d&rsquo;entretien de vos canalisations dans le canton du Jura en urgence<\/h2>\n<p>Nos plombiers artisans nettoient vos tuyaux de canalisations dans le canton du Jura en urgence afin de vous \u00e9pargner des probl\u00e8mes d\u2019\u00e9coulement de vos eaux us\u00e9es, des remont\u00e9es de mauvaises odeurs ou encore du d\u00e9bordement de vos toilettes, \u00e9viers ou baignoires, de plus, nos plombiers op\u00e8rent d\u00e8s que possible sur vos :<\/p>\n<ul>\n<li>\u00c9viers.<\/li>\n<li>WC.<\/li>\n<li>Toitures.<\/li>\n<li>\u00c9gouts.<\/li>\n<li>Canalisations.<\/li>\n<\/ul>\n<h2>Nettoyage et entretien des r\u00e9seaux d&rsquo;\u00e9gouts dans le canton du Jura<\/h2>\n<p>Les \u00e9gouts sont le syst\u00e8me principal de la plomberie. Il assure l&rsquo;\u00e9vacuation des eaux us\u00e9es des lavabos, des toilettes et des autres \u00e9quipements sanitaires. Lorsque l\u2019\u00e9gout est bouch\u00e9 ou d\u00e9borde, cela peut d\u00e9grader votre propri\u00e9t\u00e9, et compromettre votre s\u00e9curit\u00e9.<\/p>\n<p>L&rsquo;entretien fr\u00e9quent de votre \u00e9gout permet d&rsquo;\u00e9viter les refoulements ou encore la formation de bouchons. Nos plombiers dans le canton du Jura utilisent les derni\u00e8res technologies pour inspecter, \u00e9liminer et r\u00e9tablir l&rsquo;\u00e9coulement des eaux dans vos canalisations.<\/p>\n<p>Artisanlocal peut aussi changer votre canalisation d&rsquo;\u00e9gout si elle est trop ab\u00eem\u00e9e. Notre soci\u00e9t\u00e9 offre aussi le nettoyage de votre entreprise ou de votre domicile \u00e0 la suite d&rsquo;un dommage provoqu\u00e9 par l&rsquo;eau. Nous d\u00e9shumidifions et s\u00e9chons les zones touch\u00e9es pour diminuer les risques d&rsquo;apparition de champignons.<\/p>\n<h2>Services de d\u00e9pannage et de mise en place de chauffe-eau dans le canton du Jura<\/h2>\n<p>Il n&rsquo;y a que de l&rsquo;eau froide dans votre logement ? Il est probable que vous ayez des probl\u00e8mes de chauffe-eau. Artisanlocal r\u00e9alise la remise en \u00e9tat de votre chauffe-eau en express. Voici les signes qui indiquent des probl\u00e8mes :<\/p>\n<ul>\n<li>La baisse de la pression de l\u2019eau chaude : vous avez possiblement une fuite d&rsquo;eau dans votre cumulus, ou un \u00e9l\u00e9ment chauffant en panne ou l&rsquo;accumulation de s\u00e9diments dans votre r\u00e9servoir.<\/li>\n<li>Une flaque d&rsquo;eau \u00e0 proximit\u00e9 de votre chauffe-eau : la pr\u00e9sence d&rsquo;humidit\u00e9 au pied du r\u00e9servoir peut indiquer un probl\u00e8me, ou la pr\u00e9sence d&rsquo;un trou dans votre cumulus.<\/li>\n<li>Des bruits bizarres sortent du chauffe-eau : des bruits \u00e9tranges peuvent r\u00e9v\u00e9ler un d\u00e9p\u00f4t de s\u00e9diments, une fuite d&rsquo;eau ou un probl\u00e8me de l&rsquo;\u00e9l\u00e9ment chauffant.<\/li>\n<li>La d\u00e9coloration de l&rsquo;eau : cela peut \u00eatre provoqu\u00e9 par la rouille ou \u00e0 d&rsquo;autres contaminants pr\u00e9sents dans le cumulus.<\/li>\n<li>Le cumulus est tout le temps en marche : si vous remarquez que votre chauffe-eau est tout le temps en marche, cela peut \u00eatre d\u00fb \u00e0 une panne.<\/li>\n<\/ul>\n<p>En engageant notre soci\u00e9t\u00e9 d\u00e8s le premier signal d&rsquo;alerte, vous pouvez \u00e9chapper \u00e0 des travaux de r\u00e9parations on\u00e9reuses.<\/p>\n<h2>Nettoyage apr\u00e8s un d\u00e9g\u00e2t des eaux<\/h2>\n<p>Nos plombiers nettoient votre logement suite \u00e0 une inondation dans le canton du Jura, Artisanlocal vous aide, en cas de caves submerg\u00e9es, de ruptures de canalisations, de d\u00e9bordements de w.c. Et de douches, d&rsquo;importantes pr\u00e9cipitations, de refoulements d&rsquo;\u00e9gouts et d&rsquo;autres probl\u00e8mes de plomberie li\u00e9s \u00e0 un dommages engendr\u00e9s par l&rsquo;eau.<\/p>\n<h2>Foire aux questions<\/h2>\n<h3>Quel est le prix d\u2019un plombier dans le canton du Jura ?<\/h3>\n<p>Apr\u00e8s \u00e9tude de votre souci de plomberie, notre entreprise vous fournit un devis gratuit. Les prix suivants de nos services sont donn\u00e9s \u00e0 titre indicatif dans le canton du Jura :<\/p>\n<table border=\"1\">\n<tbody>\n<tr>\n<th>Prestations<\/th>\n<th>Prix CHF<\/th>\n<\/tr>\n<tr>\n<td>Mise en place d\u2019un lavabo<\/td>\n<td>280.00<\/td>\n<\/tr>\n<tr>\n<td>Taux horaire : pose sanitaire<\/td>\n<td>110.00 \u00e0 129.00<\/td>\n<\/tr>\n<tr>\n<td>Pose et raccordement, d\u2019un siphon \u00e0 un \u00e9vier<\/td>\n<td>70.00<\/td>\n<\/tr>\n<tr>\n<td>Assemblage meuble de salle d&rsquo;eau<\/td>\n<td>95.00<\/td>\n<\/tr>\n<tr>\n<td>Pose et raccordement, d\u2019une douche \u00e0 la robinetterie<\/td>\n<td>86.00<\/td>\n<\/tr>\n<tr>\n<td>Installation d\u2019un r\u00e9servoir ind\u00e9pendant de toilette<\/td>\n<td>112.00<\/td>\n<\/tr>\n<tr>\n<td>Fixation d\u2019accessoires de salle de bain<\/td>\n<td>60.00<\/td>\n<\/tr>\n<tr>\n<td>Mise en place d\u2019un toilette suspendu<\/td>\n<td>170.00<\/td>\n<\/tr>\n<tr>\n<td>D\u00e9placement du plombier aller-retour<\/td>\n<td>100.00<\/td>\n<\/tr>\n<\/tbody>\n<\/table>\n<h3>La soci\u00e9t\u00e9 Artisanlocal est-elle ouverte les dimanches et samedis ?<\/h3>\n<p>Notre entreprise propose un service de plomberie en continu, 24\/7 et m\u00eame pendant les jours f\u00e9ri\u00e9s.<\/p>\n<h3>Les plombiers r\u00e9alisent des interventions dans le canton du Jura et dans les communes proches ?<\/h3>\n<p>Oui, les plombiers de notre soci\u00e9t\u00e9 interviennent dans le canton du Jura, mais aussi dans les communes \u00e0 proximit\u00e9, comme : Biel\/Bienne, T\u00fcscherz-Alferm\u00e9e, Twann, Ligerz, Ligni\u00e8res, Le Landeron, Magglingen\/Macolin, Evilard, Les Pr\u00e9s-d'Orvin, Pieterlen, Lengnau BE, Orpund, Safnern, Meinisberg, Br\u00fcgg BE, Scheuren, Schwadernau, Studen BE, Aegerten, Nidau, Port, Ipsach, Bellmund, Jens, M\u00f6rigen, Sutz, Hagneck, Gerolfingen, T\u00e4uffelen, L\u00fcscherz, Finsterhennen, Siselen BE, La Ferri\u00e8re, Pr\u00eales, Lamboing, Diesse, Nods, La Neuveville, Orvin, Frinvillier, Plagne, Vauffelin, Romont BE, P\u00e9ry, La Heutte, Sonceboz-Sombeval, Corg\u00e9mont, Cort\u00e9bert, Courtelary, Montagne-de-Courtelary, Mont-Crosin, Les Pontins, Mont-Soleil, St-Imier, Cormoret, Villeret, Montagne-de-Sonvilier, Sonvilier, Renan BE, Tavannes, Le Fuet, Bellelay, Ch\u00e2telat, Monible, Sornetan, Fornet-Dessous, Reb\u00e9velier, Tramelan, La Tanne, Les Reussilles, Mont-Tramelan, Loveresse, Reconvilier, Saicourt, Saules BE, Pontenet, B\u00e9vilard, Champoz, Malleray, Sorvilier, Court, Moutier, Perrefitte, Eschert, Belprahon, Grandval, Cr\u00e9mines, Corcelles BE, Seehof, Les Ecorcheresses, Souboz, Roches BE, Schelten, Zweisimmen, Blankenburg, St. Stephan, Matten (St. Stephan), Lenk im Simmental, Oeschseite, Saanenm\u00f6ser, Sch\u00f6nried, Gstaad, Turbach, Lauenen b. Gstaad, Grund b. Gstaad, Feutersoey, Gsteig b. Gstaad, Saanen.<\/p>\n","protected":false},"excerpt":{"rendered":"<p>Si vous \u00eates domicili\u00e9 dans le canton du Jura, Artisanlocal se d\u00e9place dans votre foyer rapidement. Pourquoi faire appel \u00e0 notre soci\u00e9t\u00e9 de plombier dans le canton du Jura ? Nous sommes ouverts 24 heures sur 24, tous les jours de la semaine, y compris les jours f\u00e9ri\u00e9s. Nous fournissons des estimations gratuites. Nous employons [&hellip;]<\/p>\n","protected":false},"author":4,"featured_media":2758,"parent":0,"menu_order":0,"comment_status":"closed","ping_status":"closed","template":"wp-custom-template-page-canton","meta":{"footnotes":""},"profession":[123],"location":[],"canton":[111],"class_list":["post-1034","page","type-page","status-publish","has-post-thumbnail","hentry","profession-sanitaire","canton-ju"],"yoast_head":"<!-- This site is optimized with the Yoast SEO Premium plugin v25.7.1 (Yoast SEO v27.3) - https:\/\/yoast.com\/product\/yoast-seo-premium-wordpress\/ -->\n<title>Plombier dans le canton du Jura - Artisanlocal<\/title>\n<meta name=\"robots\" content=\"index, follow, max-snippet:-1, max-image-preview:large, max-video-preview:-1\" \/>\n<link rel=\"canonical\" href=\"https:\/\/www.artisanlocal.ch\/c\/plombier-a-canton-du-jura\/\" \/>\n<meta property=\"og:locale\" content=\"fr_FR\" \/>\n<meta property=\"og:type\" content=\"article\" \/>\n<meta property=\"og:title\" content=\"Plombier dans le canton du Jura\" \/>\n<meta property=\"og:description\" content=\"Si vous \u00eates domicili\u00e9 dans le canton du Jura, Artisanlocal se d\u00e9place dans votre foyer rapidement. Pourquoi faire appel \u00e0 notre soci\u00e9t\u00e9 de plombier dans le canton du Jura ? Nous sommes ouverts 24 heures sur 24, tous les jours de la semaine, y compris les jours f\u00e9ri\u00e9s. Nous fournissons des estimations gratuites. Nous employons [&hellip;]\" \/>\n<meta property=\"og:url\" content=\"https:\/\/www.artisanlocal.ch\/c\/plombier-a-canton-du-jura\/\" \/>\n<meta property=\"og:site_name\" content=\"Artisanlocal\" \/>\n<meta property=\"article:modified_time\" content=\"2025-11-06T11:39:46+00:00\" \/>\n<meta property=\"og:image\" content=\"https:\/\/www.artisanlocal.ch\/c\/wp-content\/uploads\/2024\/10\/plombier.jpg\" \/>\n\t<meta property=\"og:image:width\" content=\"1920\" \/>\n\t<meta property=\"og:image:height\" content=\"300\" \/>\n\t<meta property=\"og:image:type\" content=\"image\/jpeg\" \/>\n<meta name=\"twitter:card\" content=\"summary_large_image\" \/>\n<meta name=\"twitter:label1\" content=\"Dur\u00e9e de lecture estim\u00e9e\" \/>\n\t<meta name=\"twitter:data1\" content=\"6 minutes\" \/>\n<script type=\"application\/ld+json\" class=\"yoast-schema-graph\">{\"@context\":\"https:\\\/\\\/schema.org\",\"@graph\":[{\"@type\":\"WebPage\",\"@id\":\"https:\\\/\\\/www.artisanlocal.ch\\\/c\\\/plombier-a-canton-du-jura\\\/\",\"url\":\"https:\\\/\\\/www.artisanlocal.ch\\\/c\\\/plombier-a-canton-du-jura\\\/\",\"name\":\"Plombier dans le canton du Jura - Artisanlocal\",\"isPartOf\":{\"@id\":\"https:\\\/\\\/www.artisanlocal.ch\\\/c\\\/#website\"},\"primaryImageOfPage\":{\"@id\":\"https:\\\/\\\/www.artisanlocal.ch\\\/c\\\/plombier-a-canton-du-jura\\\/#primaryimage\"},\"image\":{\"@id\":\"https:\\\/\\\/www.artisanlocal.ch\\\/c\\\/plombier-a-canton-du-jura\\\/#primaryimage\"},\"thumbnailUrl\":\"https:\\\/\\\/www.artisanlocal.ch\\\/c\\\/wp-content\\\/uploads\\\/2024\\\/10\\\/plombier.jpg\",\"datePublished\":\"2024-05-19T12:40:50+00:00\",\"dateModified\":\"2025-11-06T11:39:46+00:00\",\"breadcrumb\":{\"@id\":\"https:\\\/\\\/www.artisanlocal.ch\\\/c\\\/plombier-a-canton-du-jura\\\/#breadcrumb\"},\"inLanguage\":\"fr-FR\",\"potentialAction\":[{\"@type\":\"ReadAction\",\"target\":[\"https:\\\/\\\/www.artisanlocal.ch\\\/c\\\/plombier-a-canton-du-jura\\\/\"]}]},{\"@type\":\"ImageObject\",\"inLanguage\":\"fr-FR\",\"@id\":\"https:\\\/\\\/www.artisanlocal.ch\\\/c\\\/plombier-a-canton-du-jura\\\/#primaryimage\",\"url\":\"https:\\\/\\\/www.artisanlocal.ch\\\/c\\\/wp-content\\\/uploads\\\/2024\\\/10\\\/plombier.jpg\",\"contentUrl\":\"https:\\\/\\\/www.artisanlocal.ch\\\/c\\\/wp-content\\\/uploads\\\/2024\\\/10\\\/plombier.jpg\",\"width\":1920,\"height\":300},{\"@type\":\"BreadcrumbList\",\"@id\":\"https:\\\/\\\/www.artisanlocal.ch\\\/c\\\/plombier-a-canton-du-jura\\\/#breadcrumb\",\"itemListElement\":[{\"@type\":\"ListItem\",\"position\":1,\"name\":\"Accueil\",\"item\":\"https:\\\/\\\/www.artisanlocal.ch\\\/c\\\/\"},{\"@type\":\"ListItem\",\"position\":2,\"name\":\"Plombier dans le canton du Jura\"}]},{\"@type\":\"WebSite\",\"@id\":\"https:\\\/\\\/www.artisanlocal.ch\\\/c\\\/#website\",\"url\":\"https:\\\/\\\/www.artisanlocal.ch\\\/c\\\/\",\"name\":\"Artisanlocal\",\"description\":\"\",\"publisher\":{\"@id\":\"https:\\\/\\\/www.artisanlocal.ch\\\/c\\\/#organization\"},\"potentialAction\":[{\"@type\":\"SearchAction\",\"target\":{\"@type\":\"EntryPoint\",\"urlTemplate\":\"https:\\\/\\\/www.artisanlocal.ch\\\/c\\\/?s={search_term_string}\"},\"query-input\":{\"@type\":\"PropertyValueSpecification\",\"valueRequired\":true,\"valueName\":\"search_term_string\"}}],\"inLanguage\":\"fr-FR\"},{\"@type\":\"Organization\",\"@id\":\"https:\\\/\\\/www.artisanlocal.ch\\\/c\\\/#organization\",\"name\":\"Artisanlocal\",\"url\":\"https:\\\/\\\/www.artisanlocal.ch\\\/c\\\/\",\"logo\":{\"@type\":\"ImageObject\",\"inLanguage\":\"fr-FR\",\"@id\":\"https:\\\/\\\/www.artisanlocal.ch\\\/c\\\/#\\\/schema\\\/logo\\\/image\\\/\",\"url\":\"https:\\\/\\\/www.artisanlocal.ch\\\/c\\\/wp-content\\\/uploads\\\/2024\\\/02\\\/logo-artisanlocal-h.svg\",\"contentUrl\":\"https:\\\/\\\/www.artisanlocal.ch\\\/c\\\/wp-content\\\/uploads\\\/2024\\\/02\\\/logo-artisanlocal-h.svg\",\"caption\":\"Artisanlocal\"},\"image\":{\"@id\":\"https:\\\/\\\/www.artisanlocal.ch\\\/c\\\/#\\\/schema\\\/logo\\\/image\\\/\"}}]}<\/script>\n<!-- \/ Yoast SEO Premium plugin. -->","yoast_head_json":{"title":"Plombier dans le canton du Jura - Artisanlocal","robots":{"index":"index","follow":"follow","max-snippet":"max-snippet:-1","max-image-preview":"max-image-preview:large","max-video-preview":"max-video-preview:-1"},"canonical":"https:\/\/www.artisanlocal.ch\/c\/plombier-a-canton-du-jura\/","og_locale":"fr_FR","og_type":"article","og_title":"Plombier dans le canton du Jura","og_description":"Si vous \u00eates domicili\u00e9 dans le canton du Jura, Artisanlocal se d\u00e9place dans votre foyer rapidement. Pourquoi faire appel \u00e0 notre soci\u00e9t\u00e9 de plombier dans le canton du Jura ? Nous sommes ouverts 24 heures sur 24, tous les jours de la semaine, y compris les jours f\u00e9ri\u00e9s. Nous fournissons des estimations gratuites. Nous employons [&hellip;]","og_url":"https:\/\/www.artisanlocal.ch\/c\/plombier-a-canton-du-jura\/","og_site_name":"Artisanlocal","article_modified_time":"2025-11-06T11:39:46+00:00","og_image":[{"width":1920,"height":300,"url":"https:\/\/www.artisanlocal.ch\/c\/wp-content\/uploads\/2024\/10\/plombier.jpg","type":"image\/jpeg"}],"twitter_card":"summary_large_image","twitter_misc":{"Dur\u00e9e de lecture estim\u00e9e":"6 minutes"},"schema":{"@context":"https:\/\/schema.org","@graph":[{"@type":"WebPage","@id":"https:\/\/www.artisanlocal.ch\/c\/plombier-a-canton-du-jura\/","url":"https:\/\/www.artisanlocal.ch\/c\/plombier-a-canton-du-jura\/","name":"Plombier dans le canton du Jura - Artisanlocal","isPartOf":{"@id":"https:\/\/www.artisanlocal.ch\/c\/#website"},"primaryImageOfPage":{"@id":"https:\/\/www.artisanlocal.ch\/c\/plombier-a-canton-du-jura\/#primaryimage"},"image":{"@id":"https:\/\/www.artisanlocal.ch\/c\/plombier-a-canton-du-jura\/#primaryimage"},"thumbnailUrl":"https:\/\/www.artisanlocal.ch\/c\/wp-content\/uploads\/2024\/10\/plombier.jpg","datePublished":"2024-05-19T12:40:50+00:00","dateModified":"2025-11-06T11:39:46+00:00","breadcrumb":{"@id":"https:\/\/www.artisanlocal.ch\/c\/plombier-a-canton-du-jura\/#breadcrumb"},"inLanguage":"fr-FR","potentialAction":[{"@type":"ReadAction","target":["https:\/\/www.artisanlocal.ch\/c\/plombier-a-canton-du-jura\/"]}]},{"@type":"ImageObject","inLanguage":"fr-FR","@id":"https:\/\/www.artisanlocal.ch\/c\/plombier-a-canton-du-jura\/#primaryimage","url":"https:\/\/www.artisanlocal.ch\/c\/wp-content\/uploads\/2024\/10\/plombier.jpg","contentUrl":"https:\/\/www.artisanlocal.ch\/c\/wp-content\/uploads\/2024\/10\/plombier.jpg","width":1920,"height":300},{"@type":"BreadcrumbList","@id":"https:\/\/www.artisanlocal.ch\/c\/plombier-a-canton-du-jura\/#breadcrumb","itemListElement":[{"@type":"ListItem","position":1,"name":"Accueil","item":"https:\/\/www.artisanlocal.ch\/c\/"},{"@type":"ListItem","position":2,"name":"Plombier dans le canton du Jura"}]},{"@type":"WebSite","@id":"https:\/\/www.artisanlocal.ch\/c\/#website","url":"https:\/\/www.artisanlocal.ch\/c\/","name":"Artisanlocal","description":"","publisher":{"@id":"https:\/\/www.artisanlocal.ch\/c\/#organization"},"potentialAction":[{"@type":"SearchAction","target":{"@type":"EntryPoint","urlTemplate":"https:\/\/www.artisanlocal.ch\/c\/?s={search_term_string}"},"query-input":{"@type":"PropertyValueSpecification","valueRequired":true,"valueName":"search_term_string"}}],"inLanguage":"fr-FR"},{"@type":"Organization","@id":"https:\/\/www.artisanlocal.ch\/c\/#organization","name":"Artisanlocal","url":"https:\/\/www.artisanlocal.ch\/c\/","logo":{"@type":"ImageObject","inLanguage":"fr-FR","@id":"https:\/\/www.artisanlocal.ch\/c\/#\/schema\/logo\/image\/","url":"https:\/\/www.artisanlocal.ch\/c\/wp-content\/uploads\/2024\/02\/logo-artisanlocal-h.svg","contentUrl":"https:\/\/www.artisanlocal.ch\/c\/wp-content\/uploads\/2024\/02\/logo-artisanlocal-h.svg","caption":"Artisanlocal"},"image":{"@id":"https:\/\/www.artisanlocal.ch\/c\/#\/schema\/logo\/image\/"}}]}},"_links":{"self":[{"href":"https:\/\/www.artisanlocal.ch\/c\/wp-json\/wp\/v2\/pages\/1034","targetHints":{"allow":["GET"]}}],"collection":[{"href":"https:\/\/www.artisanlocal.ch\/c\/wp-json\/wp\/v2\/pages"}],"about":[{"href":"https:\/\/www.artisanlocal.ch\/c\/wp-json\/wp\/v2\/types\/page"}],"author":[{"embeddable":true,"href":"https:\/\/www.artisanlocal.ch\/c\/wp-json\/wp\/v2\/users\/4"}],"replies":[{"embeddable":true,"href":"https:\/\/www.artisanlocal.ch\/c\/wp-json\/wp\/v2\/comments?post=1034"}],"version-history":[{"count":0,"href":"https:\/\/www.artisanlocal.ch\/c\/wp-json\/wp\/v2\/pages\/1034\/revisions"}],"wp:featuredmedia":[{"embeddable":true,"href":"https:\/\/www.artisanlocal.ch\/c\/wp-json\/wp\/v2\/media\/2758"}],"wp:attachment":[{"href":"https:\/\/www.artisanlocal.ch\/c\/wp-json\/wp\/v2\/media?parent=1034"}],"wp:term":[{"taxonomy":"profession","embeddable":true,"href":"https:\/\/www.artisanlocal.ch\/c\/wp-json\/wp\/v2\/profession?post=1034"},{"taxonomy":"location","embeddable":true,"href":"https:\/\/www.artisanlocal.ch\/c\/wp-json\/wp\/v2\/location?post=1034"},{"taxonomy":"canton","embeddable":true,"href":"https:\/\/www.artisanlocal.ch\/c\/wp-json\/wp\/v2\/canton?post=1034"}],"curies":[{"name":"wp","href":"https:\/\/api.w.org\/{rel}","templated":true}]}}