{"id":1036,"date":"2024-05-19T23:58:51","date_gmt":"2024-05-19T21:58:51","guid":{"rendered":"https:\/\/www.artisanlocal.ch\/c\/plombier-a-canton-du-valais\/"},"modified":"2025-11-06T12:39:47","modified_gmt":"2025-11-06T11:39:47","slug":"plombier-a-canton-du-valais","status":"publish","type":"page","link":"https:\/\/www.artisanlocal.ch\/c\/plombier-a-canton-du-valais\/","title":{"rendered":"Plombier dans le canton du Valais"},"content":{"rendered":"<p>Si vous \u00eates un Valais, nos artisans plombiers se d\u00e9placent \u00e0 votre logement.<\/p>\n<h2>Quels sont les avantages de choisir Artisanlocal dans le canton du Valais ?<\/h2>\n<ul>\n<li>Nos artisans plombiers sont disponibles tous les jours.<\/li>\n<li>Nos devis sont gratuits.<\/li>\n<li>Nous utilisons les derni\u00e8res techniques de pointes.<\/li>\n<li>Notre entreprise est situ\u00e9e dans le canton du Valais ce qui nous permet d&rsquo;intervenir rapidement \u00e0 votre domicile.<\/li>\n<li>Nos prix sont comp\u00e9titifs.<\/li>\n<li>Tous nos artisans plombiers sont qualifi\u00e9s et poss\u00e8dent les comp\u00e9tences n\u00e9cessaires.<\/li>\n<li>Nous examinons votre syst\u00e8me de plomberie avant les travaux.<\/li>\n<li>Nous g\u00e9rons tous les travaux de plomberie possibles.<\/li>\n<\/ul>\n<h2>Quels sont les prestations propos\u00e9es par Artisanlocal ?<\/h2>\n<ul>\n<li>Nous proposons la d\u00e9tection des fuites et la r\u00e9paration de vos canalisations.<\/li>\n<li>Le changement de votre \u00e9quipement sanitaire.<\/li>\n<li>Nos artisans r\u00e9novent tous vos \u00e9quipements sanitaires.<\/li>\n<li>Les travaux de plomberie, pour : l\u2019installation de robinet, \u00e9vier, lavabo et de la tuyauterie.<\/li>\n<li>La pose de ballons d&rsquo;eau chaude ou de chaudi\u00e8res.<\/li>\n<li>L\u2019assainissement et le d\u00e9bouchage de vos canalisations.<\/li>\n<li>Nous r\u00e9novons compl\u00e8tement les salles de bain.<\/li>\n<li>Notre soci\u00e9t\u00e9 r\u00e9alise aussi la vidange de votre fosse septique.<\/li>\n<\/ul>\n<h2>Quel est le fonctionnement d&rsquo;Artisanlocal dans le canton du Valais ?<\/h2>\n<ol>\n<li>Suite \u00e0 votre prise de contact par t\u00e9l\u00e9phone ou mail, un de nos artisans plombiers vous contacte pour \u00e9tudier l&rsquo;\u00e9tendue de votre probl\u00e8me.<\/li>\n<li>Apr\u00e8s cela, vous obtiendrez de notre part une \u00e9valuation gratuite pour vos travaux. Avec Artisanlocal, il n&rsquo;y a pas de frais dissimul\u00e9s, \u00e0 moins que vous ayez besoin d&rsquo;\u00e9l\u00e9ments de remplacement ou de gros travaux.<\/li>\n<li>Une fois que vous avez valid\u00e9 notre devis, notre artisan plombier fixe avec vous une date d\u2019intervention.<\/li>\n<\/ol>\n<h2>Entreprise de plomberie pour les particuliers dans le canton du Valais<\/h2>\n<p>Si votre syst\u00e8me de plomberie est d\u00e9fectueux, il y a un risque de contamination de l&rsquo;eau, ce qui peut occasionner un danger pour votre famille, c&rsquo;est pour cela que l&rsquo;artisan plombier qui op\u00e8re chez vous r\u00e9alise :<\/p>\n<ul>\n<li>La d\u00e9tection et la r\u00e9paration de fuites dans vos tuyaux.<\/li>\n<li>Le d\u00e9bouchage et le nettoyage de vos canalisations.<\/li>\n<li>La maintenance de votre chauffe-eau.<\/li>\n<li>L\u2019Inspection de vos canalisations.<\/li>\n<li>La restauration de vos tuyaux de canalisations.<\/li>\n<li>La remise en \u00e9tat apr\u00e8s un sinistre.<\/li>\n<\/ul>\n<h2>Artisanlocal aux services des entreprises dans le canton du Valais<\/h2>\n<p>Dans le canton du Valais, il y a des entreprises, restaurants et commerces de d\u00e9tail. Les robinets qui fuient, les canalisations bouch\u00e9es et les chauffe-eau qui fonctionnent mal sont autant de probl\u00e8mes qui peuvent conduire \u00e0 une perte de productivit\u00e9 de vos employ\u00e9s ou encore d\u00e9t\u00e9riorer vos locaux. Artisanlocal aide votre soci\u00e9t\u00e9 pour :<\/p>\n<ul>\n<li>Le d\u00e9gorgement de vos \u00e9viers et le remplacement de vos mitigeurs de cuisine.<\/li>\n<li>L&rsquo;inspection par vid\u00e9o et la r\u00e9paration de vos tuyaux d&rsquo;\u00e9vacuations.<\/li>\n<li>Le nettoyage par jet d&rsquo;eau de vos canalisations.<\/li>\n<li>La mise en place de nouveaux dispositifs de plomberie.<\/li>\n<li>La maintenance et la remise en \u00e9tat de votre bac \u00e0 graisse.<\/li>\n<li>L\u2019installation, la r\u00e9paration et l&rsquo;entretien de votre chauffage ou chauffe-eau.<\/li>\n<li>La r\u00e9paration de vos canalisations.<\/li>\n<li>Le service de d\u00e9pannage de vos \u00e9quipements sanitaires.<\/li>\n<li>L&rsquo;inspection de vos canalisations par cam\u00e9ra.<\/li>\n<\/ul>\n<h2>Service de nettoyage de vos tuyaux de canalisations dans le canton du Valais en urgence<\/h2>\n<p>Nos plombiers artisans nettoient vos canalisations dans le canton du Valais en urgence dans le but de vous pr\u00e9server des probl\u00e8mes d\u2019\u00e9vacuation de vos eaux us\u00e9es, des remont\u00e9es de mauvaises odeurs ou encore du d\u00e9bordement de vos toilettes, \u00e9viers ou baignoires, d&rsquo;autre part, nos artisans plombiers interviennent d\u00e8s que possible sur vos :<\/p>\n<ul>\n<li>\u00c9viers.<\/li>\n<li>Toilettes.<\/li>\n<li>Toitures.<\/li>\n<li>\u00c9gouts.<\/li>\n<li>Canalisations.<\/li>\n<\/ul>\n<h2>Nettoyage et entretien des r\u00e9seaux d&rsquo;\u00e9gouts dans le canton du Valais<\/h2>\n<p>Le syst\u00e8me d&rsquo;\u00e9gouts repr\u00e9sente le c\u0153ur de la plomberie. Il \u00e9vacue les eaux us\u00e9es des WC, des lavabos et des autres \u00e9quipements sanitaires. Lorsque l\u2019\u00e9gout est plein ou \u00e0 des fuites, cela peut provoquer des d\u00e9g\u00e2ts dans votre habitat, et vous mettre en danger.<\/p>\n<p>L&rsquo;entretien r\u00e9gulier de votre \u00e9gout permet de pr\u00e9venir la formation de bouchons et les remont\u00e9es dans vos canalisations. Nos artisans plombiers dans le canton du Valais combinent les technologies de pointes et les techniques classiques pour \u00e9liminer, inspecter et restaurer le bon \u00e9coulement des eaux dans vos canalisations.<\/p>\n<p>Notre entreprise peut aussi remplacer votre canalisation d&rsquo;\u00e9gout si elle est trop endommag\u00e9e. Notre \u00e9quipe peut aussi nettoyer rapidement tout dommage caus\u00e9 par les eaux us\u00e9es dans votre maison ou soci\u00e9t\u00e9. Nous s\u00e9chons et d\u00e9shumidifions les espaces endommag\u00e9s pour minimiser les risques d&rsquo;apparition de moisissures.<\/p>\n<h2>R\u00e9parations et installations de chauffe-eau<\/h2>\n<p>Tout ce que vous avez, c&rsquo;est de l\u2019eau froide dans vos conduits ? Il se peut que vous ayez des soucis avec votre cumulus. Notre entreprise r\u00e9pare votre chauffe-eau en urgence. Voici les signaux qui indiquent des soucis :<\/p>\n<ul>\n<li>Un \u00e9coulement r\u00e9duit d&rsquo;eau chaude : \u00e7a peut-\u00eatre d\u00fb \u00e0 une fuite de votre chauffe-eau, ou un syst\u00e8me chauffant qui ne marche pas ou la pr\u00e9sence de s\u00e9diments dans votre r\u00e9servoir.<\/li>\n<li>De l&rsquo;eau \u00e0 proximit\u00e9 de votre r\u00e9servoir : la pr\u00e9sence d&rsquo;eau au pied du chauffe-eau peut-\u00eatre le signe d&rsquo;un probl\u00e8me grave, ou la pr\u00e9sence d&rsquo;une fissure dans le r\u00e9servoir.<\/li>\n<li>Des bruits bizarres proviennent du chauffe-eau : si vous entendez des bruits bizarres, cela peut \u00eatre d\u00fb \u00e0 la pr\u00e9sence de s\u00e9diments, une fuite d&rsquo;eau ou une panne de l&rsquo;\u00e9l\u00e9ment de chauffage.<\/li>\n<li>La d\u00e9coloration de l&rsquo;eau : c&rsquo;est causer par l&rsquo;existence de substances nocives et de rouille dans votre chauffe-eau.<\/li>\n<li>Le chauffe-eau reste en fonctionnement : si vous constatez que votre cumulus est tout le temps en marche, il est possible que votre chauffe-eau \u00e0 un probl\u00e8me.<\/li>\n<\/ul>\n<p>En engageant Artisanlocal au premier signe d\u2019alerte, il est possible d&rsquo;\u00e9viter des frais \u00e9lev\u00e9s pour vos travaux de r\u00e9parations.<\/p>\n<h2>Nettoyage apr\u00e8s un d\u00e9g\u00e2t des eaux<\/h2>\n<p>Nos plombiers ont la capacit\u00e9 de nettoyer votre logement apr\u00e8s un d\u00e9g\u00e2t des eaux dans le canton du Valais, nos plombiers sont disponibles pour vous aider en cas de caves submerg\u00e9es, de fortes pluies, d&rsquo;\u00e9clatements de tuyaux de canalisations, de reflux d&rsquo;\u00e9gouts, et de d\u00e9bordements de toilettes et de baignoires et d&rsquo;autres probl\u00e8mes de canalisation qui peuvent entra\u00eener des dommages.<\/p>\n<h2>Foire aux questions<\/h2>\n<h3>Quel tarif pour faire intervenir un plombier dans le canton du Valais ?<\/h3>\n<p>Apr\u00e8s analyse de votre souci de plomberie, Artisanlocal vous offre un devis gratuit. Les tarifs de nos services sont fournis \u00e0 titre indicatif dans le canton du Valais :<\/p>\n<table border=\"1\">\n<tbody>\n<tr>\n<th>Prestations<\/th>\n<th>Prix CHF<\/th>\n<\/tr>\n<tr>\n<td>Mise en place d\u2019un lavabo<\/td>\n<td>280.00<\/td>\n<\/tr>\n<tr>\n<td>Tarif horaire : pose sanitaire<\/td>\n<td>110.00 \u00e0 129.00<\/td>\n<\/tr>\n<tr>\n<td>Installation et raccordement, d\u2019un siphon \u00e0 un \u00e9vier<\/td>\n<td>70.00<\/td>\n<\/tr>\n<tr>\n<td>Assemblage meuble de salle d&rsquo;eau<\/td>\n<td>95.00<\/td>\n<\/tr>\n<tr>\n<td>Installation et raccordement, d\u2019une douche \u00e0 la robinetterie<\/td>\n<td>86.00<\/td>\n<\/tr>\n<tr>\n<td>Mise en place d\u2019un r\u00e9servoir ind\u00e9pendant de toilette<\/td>\n<td>112.00<\/td>\n<\/tr>\n<tr>\n<td>Fixation d\u2019accessoires de salle de bain<\/td>\n<td>60.00<\/td>\n<\/tr>\n<tr>\n<td>Pose d\u2019un toilette suspendu<\/td>\n<td>170.00<\/td>\n<\/tr>\n<tr>\n<td>D\u00e9placement aller-retour<\/td>\n<td>100.00<\/td>\n<\/tr>\n<\/tbody>\n<\/table>\n<h3>Votre entreprise de plomberie dans le canton du Valais est ouverte le samedi et le dimanche ?<\/h3>\n<p>Notre prestation de plomberie est disponible 24h\/24, 7j\/7 et m\u00eame les jours f\u00e9ri\u00e9s.<\/p>\n<h3>Nos artisans plombiers interviennent dans le canton du Valais et dans les municipalit\u00e9s alentours ?<\/h3>\n<p>Oui, les plombiers de notre soci\u00e9t\u00e9 interviennent dans le canton du Valais, \u00e9galement dans les villes \u00e0 proximit\u00e9, comme : Charrat, Saxon, Riddes, Mayens-de-Chamoson, Ovronnaz, Dugny (Leytron), Leytron, Montagnon (Leytron), Produit (Leytron), Saillon, Is\u00e9rables, Auddes-sur-Riddes, La Tzoumaz, Martigny, Martigny-Croix, Fully, Chemin, Ravoire, Trient, Bovernier, Les Valettes (Bovernier), Chamoille (Sembrancher), La Garde (Sembrancher), Sembrancher, Vens (Sembrancher), Bruson, Le Ch\u00e2ble VS, Verbier, Orsi\u00e8res, Champex-Lac, Cries (Voll\u00e8ges), Voll\u00e8ges, Levron, Praz-de-Fort, La Fouly VS, Chandonne (Liddes), Chez Petit (Liddes), Dranse (Liddes), Fontaine Dessous (Liddes), Fontaine Dessus (Liddes), Fornex (Liddes), Les Moulins VS (Liddes), Liddes, Palasuit (Liddes), Petit Vich\u00e8res (Liddes), Rive Haute (Liddes), Vich\u00e8res (Liddes), Bourg-St-Pierre, Champsec, Verseg\u00e8res, Fionnay, Lourtier, Sarreyer, Collombey, Massongex, Monthey, Cho\u00ebx, Les Giettes, Troistorrents, Champoussin, Les Crosets, Val-d'Illiez, Champ\u00e9ry, Morgins, Mex VS, St-Maurice, V\u00e9rossaz, Morcles, Muraz (Collombey), Vionnaz, Miex, Vouvry, Bouveret, Les Evouettes, St-Gingolph, Torgon, Evionnaz, Collonges, Vernayaz, Dor\u00e9naz, Les Granges (Salvan), Salvan, Le Tr\u00e9tien, Les Mar\u00e9cottes, Finhaut, Le Ch\u00e2telard VS, Sion, Chamoson, Grugnay (Chamoson), Les V\u00e9rines (Chamoson), N\u00e9miaz (Chamoson), St-Pierre-de-Clages, Ardon, St-L\u00e9onard, Uvrier, Vernami\u00e8ge, Pont-de-la-Morge (Sion), V\u00e9troz, Conthey, Savi\u00e8se, Bramois, Mase, Eison (St-Martin), Liez (St-Martin), St-Martin VS, Suen (St-Martin), Trogne (St-Martin), Champlan (Grimisuat), Grimisuat, Nax, Arbaz, St-S\u00e9verin, Aven, Daillon, Erde, Vex, Euseigne, Evol\u00e8ne, Lanna, La Tour VS, Les Haud\u00e8res, La Forclaz VS, La Sage, Villa (Evol\u00e8ne), Arolla, H\u00e9r\u00e9mence, Les Collons, Thyon, Arvillard (Salins), Mis\u00e9riez (Salins), Pravidondaz (Salins), Salins, Turin (Salins), Cr\u00eate-\u00e0-l'Oeil (Les Agettes), La Vernaz (Les Agettes), Les Agettes, Les Mayens-de-Sion, Cl\u00e8bes (Nendaz), Veysonnaz, Aproz (Nendaz), Baar (Nendaz), Basse-Nendaz, Beuson (Nendaz), Bieudron (Nendaz), Brignon (Nendaz), Cond\u00e9mines (Nendaz), Fey (Nendaz), Saclentse, Haute-Nendaz, Siviez (Nendaz), Sornard (Nendaz), Argnou (Ayent), Blignou (Ayent), Botyre (Ayent), Fortunau (Ayent), La Place (Ayent), Luc (Ayent), Saxonne (Ayent), Sign\u00e8se (Ayent), St-Romain (Ayent), Villa (Ayent), Anz\u00e8re, Icogne, Lens, Corin-de-la-Cr\u00eate, Loc, Muraz (Sierre), Sierre, Niouc, Ayer, Chandolin, Grimentz, St-Jean VS, St-Luc, Vissoie, Zinal, Aminona, Crans-Montana, Montana, Chippis, Chalais, R\u00e9chy, Vercorin, Veyras, Chermignon, Chermignon-d'en-Bas, Ollon VS, Mi\u00e8ge, Venth\u00f4ne, Mollens VS, Randogne, Champzab\u00e9, No\u00ebs, Granges VS, Flanthey, Gr\u00f4ne, Saas-Almagell, Saas-Fee, Saas-Balen, Saas-Grund, Ferden, Goppenstein, Kippel, Wiler (L\u00f6tschen), Blatten (L\u00f6tschen), Zermatt, Eisten, Kalpetran, Stalden VS, T\u00f6rbel, St. Niklaus VS, Gr\u00e4chen, Embd, Herbriggen, Randa, T\u00e4sch, Eyholz, Visp, Lalden, Visperterminen, Staldenried, Zeneggen, B\u00fcrchen, Baltschieder, Ausserberg, Steg VS, Niedergesteln, Raron, St. German, Eischoll, Unterb\u00e4ch VS, Gampel, Niedergampel, Gruben, Turtmann, Ergisch, Oberems, Unterems, Hohtenn, Agarn, Susten, Inden, Leuk Stadt, Varen, Leukerbad, Albinen, Guttet-Feschel, Erschmatt, Bratsch, Salgesch, Brig, Brigerbad, Gamsen, Rothwald, Glis, Birgisch, Mund, Naters, Gabi (Simplon), Simplon Dorf, Simplon Hospiz, Gondo, Ried-Brig, Termen, Rosswald, Belalp, Blatten b. Naters, Eggerberg, Bitsch, Bister, Goppisberg, Greich, Filet, M\u00f6rel, Fiesch, Fieschertal, Geschinen, M\u00fcnster VS, Ried-M\u00f6rel, Riederalp, Obergesteln, Ulrichen, Blitzingen, Niederwald, Biel VS, Ritzingen, Selkingen, Betten, Bettmeralp, Grengiols, Lax, Martisberg, Ausserbinn, Ernen, M\u00fchlebach (Goms), Steinhaus, Binn, Bellwald, Gluringen, Reckingen VS, Oberwald.<\/p>\n","protected":false},"excerpt":{"rendered":"<p>Si vous \u00eates un Valais, nos artisans plombiers se d\u00e9placent \u00e0 votre logement. Quels sont les avantages de choisir Artisanlocal dans le canton du Valais ? Nos artisans plombiers sont disponibles tous les jours. Nos devis sont gratuits. Nous utilisons les derni\u00e8res techniques de pointes. Notre entreprise est situ\u00e9e dans le canton du Valais ce [&hellip;]<\/p>\n","protected":false},"author":4,"featured_media":2758,"parent":0,"menu_order":0,"comment_status":"closed","ping_status":"closed","template":"wp-custom-template-page-canton","meta":{"footnotes":""},"profession":[123],"location":[],"canton":[110],"class_list":["post-1036","page","type-page","status-publish","has-post-thumbnail","hentry","profession-sanitaire","canton-vs"],"yoast_head":"<!-- This site is optimized with the Yoast SEO Premium plugin v25.7.1 (Yoast SEO v27.4) - https:\/\/yoast.com\/product\/yoast-seo-premium-wordpress\/ -->\n<title>Plombier dans le canton du Valais - Artisanlocal<\/title>\n<meta name=\"robots\" content=\"index, follow, max-snippet:-1, max-image-preview:large, max-video-preview:-1\" \/>\n<link rel=\"canonical\" href=\"https:\/\/www.artisanlocal.ch\/c\/plombier-a-canton-du-valais\/\" \/>\n<meta property=\"og:locale\" content=\"fr_FR\" \/>\n<meta property=\"og:type\" content=\"article\" \/>\n<meta property=\"og:title\" content=\"Plombier dans le canton du Valais\" \/>\n<meta property=\"og:description\" content=\"Si vous \u00eates un Valais, nos artisans plombiers se d\u00e9placent \u00e0 votre logement. Quels sont les avantages de choisir Artisanlocal dans le canton du Valais ? Nos artisans plombiers sont disponibles tous les jours. Nos devis sont gratuits. Nous utilisons les derni\u00e8res techniques de pointes. Notre entreprise est situ\u00e9e dans le canton du Valais ce [&hellip;]\" \/>\n<meta property=\"og:url\" content=\"https:\/\/www.artisanlocal.ch\/c\/plombier-a-canton-du-valais\/\" \/>\n<meta property=\"og:site_name\" content=\"Artisanlocal\" \/>\n<meta property=\"article:modified_time\" content=\"2025-11-06T11:39:47+00:00\" \/>\n<meta property=\"og:image\" content=\"https:\/\/www.artisanlocal.ch\/c\/wp-content\/uploads\/2024\/10\/plombier.jpg\" \/>\n\t<meta property=\"og:image:width\" content=\"1920\" \/>\n\t<meta property=\"og:image:height\" content=\"300\" \/>\n\t<meta property=\"og:image:type\" content=\"image\/jpeg\" \/>\n<meta name=\"twitter:card\" content=\"summary_large_image\" \/>\n<meta name=\"twitter:label1\" content=\"Dur\u00e9e de lecture estim\u00e9e\" \/>\n\t<meta name=\"twitter:data1\" content=\"6 minutes\" \/>\n<script type=\"application\/ld+json\" class=\"yoast-schema-graph\">{\"@context\":\"https:\\\/\\\/schema.org\",\"@graph\":[{\"@type\":\"WebPage\",\"@id\":\"https:\\\/\\\/www.artisanlocal.ch\\\/c\\\/plombier-a-canton-du-valais\\\/\",\"url\":\"https:\\\/\\\/www.artisanlocal.ch\\\/c\\\/plombier-a-canton-du-valais\\\/\",\"name\":\"Plombier dans le canton du Valais - Artisanlocal\",\"isPartOf\":{\"@id\":\"https:\\\/\\\/www.artisanlocal.ch\\\/c\\\/#website\"},\"primaryImageOfPage\":{\"@id\":\"https:\\\/\\\/www.artisanlocal.ch\\\/c\\\/plombier-a-canton-du-valais\\\/#primaryimage\"},\"image\":{\"@id\":\"https:\\\/\\\/www.artisanlocal.ch\\\/c\\\/plombier-a-canton-du-valais\\\/#primaryimage\"},\"thumbnailUrl\":\"https:\\\/\\\/www.artisanlocal.ch\\\/c\\\/wp-content\\\/uploads\\\/2024\\\/10\\\/plombier.jpg\",\"datePublished\":\"2024-05-19T21:58:51+00:00\",\"dateModified\":\"2025-11-06T11:39:47+00:00\",\"breadcrumb\":{\"@id\":\"https:\\\/\\\/www.artisanlocal.ch\\\/c\\\/plombier-a-canton-du-valais\\\/#breadcrumb\"},\"inLanguage\":\"fr-FR\",\"potentialAction\":[{\"@type\":\"ReadAction\",\"target\":[\"https:\\\/\\\/www.artisanlocal.ch\\\/c\\\/plombier-a-canton-du-valais\\\/\"]}]},{\"@type\":\"ImageObject\",\"inLanguage\":\"fr-FR\",\"@id\":\"https:\\\/\\\/www.artisanlocal.ch\\\/c\\\/plombier-a-canton-du-valais\\\/#primaryimage\",\"url\":\"https:\\\/\\\/www.artisanlocal.ch\\\/c\\\/wp-content\\\/uploads\\\/2024\\\/10\\\/plombier.jpg\",\"contentUrl\":\"https:\\\/\\\/www.artisanlocal.ch\\\/c\\\/wp-content\\\/uploads\\\/2024\\\/10\\\/plombier.jpg\",\"width\":1920,\"height\":300},{\"@type\":\"BreadcrumbList\",\"@id\":\"https:\\\/\\\/www.artisanlocal.ch\\\/c\\\/plombier-a-canton-du-valais\\\/#breadcrumb\",\"itemListElement\":[{\"@type\":\"ListItem\",\"position\":1,\"name\":\"Accueil\",\"item\":\"https:\\\/\\\/www.artisanlocal.ch\\\/c\\\/\"},{\"@type\":\"ListItem\",\"position\":2,\"name\":\"Plombier dans le canton du Valais\"}]},{\"@type\":\"WebSite\",\"@id\":\"https:\\\/\\\/www.artisanlocal.ch\\\/c\\\/#website\",\"url\":\"https:\\\/\\\/www.artisanlocal.ch\\\/c\\\/\",\"name\":\"Artisanlocal\",\"description\":\"\",\"publisher\":{\"@id\":\"https:\\\/\\\/www.artisanlocal.ch\\\/c\\\/#organization\"},\"potentialAction\":[{\"@type\":\"SearchAction\",\"target\":{\"@type\":\"EntryPoint\",\"urlTemplate\":\"https:\\\/\\\/www.artisanlocal.ch\\\/c\\\/?s={search_term_string}\"},\"query-input\":{\"@type\":\"PropertyValueSpecification\",\"valueRequired\":true,\"valueName\":\"search_term_string\"}}],\"inLanguage\":\"fr-FR\"},{\"@type\":\"Organization\",\"@id\":\"https:\\\/\\\/www.artisanlocal.ch\\\/c\\\/#organization\",\"name\":\"Artisanlocal\",\"url\":\"https:\\\/\\\/www.artisanlocal.ch\\\/c\\\/\",\"logo\":{\"@type\":\"ImageObject\",\"inLanguage\":\"fr-FR\",\"@id\":\"https:\\\/\\\/www.artisanlocal.ch\\\/c\\\/#\\\/schema\\\/logo\\\/image\\\/\",\"url\":\"https:\\\/\\\/www.artisanlocal.ch\\\/c\\\/wp-content\\\/uploads\\\/2024\\\/02\\\/logo-artisanlocal-h.svg\",\"contentUrl\":\"https:\\\/\\\/www.artisanlocal.ch\\\/c\\\/wp-content\\\/uploads\\\/2024\\\/02\\\/logo-artisanlocal-h.svg\",\"caption\":\"Artisanlocal\"},\"image\":{\"@id\":\"https:\\\/\\\/www.artisanlocal.ch\\\/c\\\/#\\\/schema\\\/logo\\\/image\\\/\"}}]}<\/script>\n<!-- \/ Yoast SEO Premium plugin. -->","yoast_head_json":{"title":"Plombier dans le canton du Valais - Artisanlocal","robots":{"index":"index","follow":"follow","max-snippet":"max-snippet:-1","max-image-preview":"max-image-preview:large","max-video-preview":"max-video-preview:-1"},"canonical":"https:\/\/www.artisanlocal.ch\/c\/plombier-a-canton-du-valais\/","og_locale":"fr_FR","og_type":"article","og_title":"Plombier dans le canton du Valais","og_description":"Si vous \u00eates un Valais, nos artisans plombiers se d\u00e9placent \u00e0 votre logement. Quels sont les avantages de choisir Artisanlocal dans le canton du Valais ? Nos artisans plombiers sont disponibles tous les jours. Nos devis sont gratuits. Nous utilisons les derni\u00e8res techniques de pointes. Notre entreprise est situ\u00e9e dans le canton du Valais ce [&hellip;]","og_url":"https:\/\/www.artisanlocal.ch\/c\/plombier-a-canton-du-valais\/","og_site_name":"Artisanlocal","article_modified_time":"2025-11-06T11:39:47+00:00","og_image":[{"width":1920,"height":300,"url":"https:\/\/www.artisanlocal.ch\/c\/wp-content\/uploads\/2024\/10\/plombier.jpg","type":"image\/jpeg"}],"twitter_card":"summary_large_image","twitter_misc":{"Dur\u00e9e de lecture estim\u00e9e":"6 minutes"},"schema":{"@context":"https:\/\/schema.org","@graph":[{"@type":"WebPage","@id":"https:\/\/www.artisanlocal.ch\/c\/plombier-a-canton-du-valais\/","url":"https:\/\/www.artisanlocal.ch\/c\/plombier-a-canton-du-valais\/","name":"Plombier dans le canton du Valais - Artisanlocal","isPartOf":{"@id":"https:\/\/www.artisanlocal.ch\/c\/#website"},"primaryImageOfPage":{"@id":"https:\/\/www.artisanlocal.ch\/c\/plombier-a-canton-du-valais\/#primaryimage"},"image":{"@id":"https:\/\/www.artisanlocal.ch\/c\/plombier-a-canton-du-valais\/#primaryimage"},"thumbnailUrl":"https:\/\/www.artisanlocal.ch\/c\/wp-content\/uploads\/2024\/10\/plombier.jpg","datePublished":"2024-05-19T21:58:51+00:00","dateModified":"2025-11-06T11:39:47+00:00","breadcrumb":{"@id":"https:\/\/www.artisanlocal.ch\/c\/plombier-a-canton-du-valais\/#breadcrumb"},"inLanguage":"fr-FR","potentialAction":[{"@type":"ReadAction","target":["https:\/\/www.artisanlocal.ch\/c\/plombier-a-canton-du-valais\/"]}]},{"@type":"ImageObject","inLanguage":"fr-FR","@id":"https:\/\/www.artisanlocal.ch\/c\/plombier-a-canton-du-valais\/#primaryimage","url":"https:\/\/www.artisanlocal.ch\/c\/wp-content\/uploads\/2024\/10\/plombier.jpg","contentUrl":"https:\/\/www.artisanlocal.ch\/c\/wp-content\/uploads\/2024\/10\/plombier.jpg","width":1920,"height":300},{"@type":"BreadcrumbList","@id":"https:\/\/www.artisanlocal.ch\/c\/plombier-a-canton-du-valais\/#breadcrumb","itemListElement":[{"@type":"ListItem","position":1,"name":"Accueil","item":"https:\/\/www.artisanlocal.ch\/c\/"},{"@type":"ListItem","position":2,"name":"Plombier dans le canton du Valais"}]},{"@type":"WebSite","@id":"https:\/\/www.artisanlocal.ch\/c\/#website","url":"https:\/\/www.artisanlocal.ch\/c\/","name":"Artisanlocal","description":"","publisher":{"@id":"https:\/\/www.artisanlocal.ch\/c\/#organization"},"potentialAction":[{"@type":"SearchAction","target":{"@type":"EntryPoint","urlTemplate":"https:\/\/www.artisanlocal.ch\/c\/?s={search_term_string}"},"query-input":{"@type":"PropertyValueSpecification","valueRequired":true,"valueName":"search_term_string"}}],"inLanguage":"fr-FR"},{"@type":"Organization","@id":"https:\/\/www.artisanlocal.ch\/c\/#organization","name":"Artisanlocal","url":"https:\/\/www.artisanlocal.ch\/c\/","logo":{"@type":"ImageObject","inLanguage":"fr-FR","@id":"https:\/\/www.artisanlocal.ch\/c\/#\/schema\/logo\/image\/","url":"https:\/\/www.artisanlocal.ch\/c\/wp-content\/uploads\/2024\/02\/logo-artisanlocal-h.svg","contentUrl":"https:\/\/www.artisanlocal.ch\/c\/wp-content\/uploads\/2024\/02\/logo-artisanlocal-h.svg","caption":"Artisanlocal"},"image":{"@id":"https:\/\/www.artisanlocal.ch\/c\/#\/schema\/logo\/image\/"}}]}},"_links":{"self":[{"href":"https:\/\/www.artisanlocal.ch\/c\/wp-json\/wp\/v2\/pages\/1036","targetHints":{"allow":["GET"]}}],"collection":[{"href":"https:\/\/www.artisanlocal.ch\/c\/wp-json\/wp\/v2\/pages"}],"about":[{"href":"https:\/\/www.artisanlocal.ch\/c\/wp-json\/wp\/v2\/types\/page"}],"author":[{"embeddable":true,"href":"https:\/\/www.artisanlocal.ch\/c\/wp-json\/wp\/v2\/users\/4"}],"replies":[{"embeddable":true,"href":"https:\/\/www.artisanlocal.ch\/c\/wp-json\/wp\/v2\/comments?post=1036"}],"version-history":[{"count":0,"href":"https:\/\/www.artisanlocal.ch\/c\/wp-json\/wp\/v2\/pages\/1036\/revisions"}],"wp:featuredmedia":[{"embeddable":true,"href":"https:\/\/www.artisanlocal.ch\/c\/wp-json\/wp\/v2\/media\/2758"}],"wp:attachment":[{"href":"https:\/\/www.artisanlocal.ch\/c\/wp-json\/wp\/v2\/media?parent=1036"}],"wp:term":[{"taxonomy":"profession","embeddable":true,"href":"https:\/\/www.artisanlocal.ch\/c\/wp-json\/wp\/v2\/profession?post=1036"},{"taxonomy":"location","embeddable":true,"href":"https:\/\/www.artisanlocal.ch\/c\/wp-json\/wp\/v2\/location?post=1036"},{"taxonomy":"canton","embeddable":true,"href":"https:\/\/www.artisanlocal.ch\/c\/wp-json\/wp\/v2\/canton?post=1036"}],"curies":[{"name":"wp","href":"https:\/\/api.w.org\/{rel}","templated":true}]}}