{"id":1421,"date":"2024-08-12T23:50:58","date_gmt":"2024-08-12T21:50:58","guid":{"rendered":"https:\/\/www.artisanlocal.ch\/c\/?page_id=1421"},"modified":"2025-10-23T12:56:40","modified_gmt":"2025-10-23T10:56:40","slug":"plombier-a-saignelegier","status":"publish","type":"page","link":"https:\/\/www.artisanlocal.ch\/c\/plombier-a-saignelegier\/","title":{"rendered":"Plombier \u00e0 Saignel\u00e9gier"},"content":{"rendered":"\n<p>Besoin d&rsquo;un plombier \u00e0 Saignel\u00e9gier ? Artisanlocal.ch intervient en urgence pour r\u00e9parer vos fuites.<\/p>\n\n\n\r\n<div class=\"box\">\r\n    <h2 class=\"text-dark\">Nous cherchons un <em class=\"text-primary\">Sanitaire<\/em> dans la r\u00e9gion de <em class=\"text-primary\">Saignel\u00e9gier<\/em>  en exclusivit\u00e9, afin de proposer vos services \u00e0 nos clients propri\u00e9taires.<\/h2>\r\n    <p>Une opportunit\u00e9 unique pour booster votre activit\u00e9 \u00e0 <strong>Saignel\u00e9gier<\/strong> et aux alentours dans votre domaine (Sanitaire).<\/p>\r\n    <p>Nous travaillons en exclusivit\u00e9 avec qu'une soci\u00e9t\u00e9 par m\u00e9tier et par r\u00e9gion. <br>Votre entreprise est pr\u00e9sente sur tous les documents immobiliers. Afin d'\u00eatre mieux vu sur le net, vous \u00eates \u00e9galement visible sur nos deux sites et sur les pages de r\u00e9f\u00e9rencement de votre r\u00e9gion.<\/p>\r\n    <a href=\"\/contact\" class=\"wp-block-button__link has-accent-background-color has-text-align-center wp-element-button\">R\u00e9server<\/a>\r\n<\/div>\n\n\n<ul class=\"wp-block-list\">\n<li>Plombiers disponibles 7j\/7.<\/li>\n\n\n\n<li>Devis gratuits.<\/li>\n\n\n\n<li>Artisans form\u00e9s aux derni\u00e8res techniques.<\/li>\n\n\n\n<li>Situ\u00e9e \u00e0 Saignel\u00e9gier, notre entreprise intervient rapidement \u00e0 votre domicile.<\/li>\n\n\n\n<li>Tarifs comp\u00e9titifs et transparents.<\/li>\n\n\n\n<li>Plombiers qualifi\u00e9s et exp\u00e9riment\u00e9s.<\/li>\n\n\n\n<li>Inspection de votre plomberie avant intervention.<\/li>\n\n\n\n<li>Aucun probl\u00e8me est trop compliqu\u00e9 : nous r\u00e9alisons tous types d&rsquo;interventions.<\/li>\n<\/ul>\n\n\n<h2 class=\"wp-block-heading\" id=\"h-quels-sont-les-services-proposes-par-artisanlocal\">Quels sont les services propos\u00e9s par Artisanlocal ?<\/h2>\n\n\n<ul class=\"wp-block-list\">\n<li>Localisation des fuites.<\/li>\n\n\n\n<li>Remise en \u00e9tat de vos tuyaux.<\/li>\n\n\n\n<li>Remplacent de vos installations.<\/li>\n\n\n\n<li>R\u00e9novation de vos sanitaires.<\/li>\n\n\n\n<li>Installation : tuyauteries, lavabos, robinets et \u00e9viers.<\/li>\n\n\n\n<li>Installation : ballons d\u2019eau chaude et chaudi\u00e8res.<\/li>\n\n\n\n<li>Assainissement et d\u00e9bouchage de canalisations.<\/li>\n\n\n\n<li>R\u00e9novation de salle de bain.<\/li>\n\n\n\n<li>Vidange de fosse septique.<\/li>\n<\/ul>\n\n\n<h2 class=\"wp-block-heading\" id=\"h-comment-prendre-rendez-vous-avec-artisanlocal-a-saignelegier\">Comment prendre rendez-vous avec Artisanlocal \u00e0 Saignel\u00e9gier ?<\/h2>\n\n\n<ol class=\"wp-block-list\">\n<li>Dans un premier temps, vous devez nous contacter par email ou t\u00e9l\u00e9phone, <\/li>\n\n\n\n<li>Un plombier vous recontacte pour analyser votre situation et trouver une solution.<\/li>\n\n\n\n<li>Ensuite, vous recevrez un devis (gratuit et sans engament).<\/li>\n\n\n\n<li>Une fois que vous avez valid\u00e9 le devis, le plombier fixe avec vous le jour de l\u2019intervention.<\/li>\n<\/ol>\n\n\n<h2 class=\"wp-block-heading\" id=\"h-artisanlocal-intervient-chez-les-particuliers-et-professionnels-a-saignelegier\">Artisanlocal intervient chez les particuliers et professionnels \u00e0 Saignel\u00e9gier ?<\/h2>\n\n\n<p>Oui, nos plombiers interviennent chez les particuliers et les professionnels. En effet, une fuite ou une panne peut diminuer la productivit\u00e9 de vos collaborateurs. <\/p>\n\n\n<h2 class=\"wp-block-heading\" id=\"h-nettoyage-de-tuyaux-de-canalisation-en-urgence-a-saignelegier\">Nettoyage de tuyaux de canalisation en urgence \u00e0 Saignel\u00e9gier<\/h2>\n\n\n<p>Nos plombiers interviennent \u00e0 Saignel\u00e9gier en urgence pour \u00e9liminer les bouchons, les remont\u00e9es d\u2019odeurs d\u00e9sagr\u00e9ables ou le d\u00e9bordement de vos baignoires, toilettes ou \u00e9viers. De plus, nos plombiers interviennent pour d\u00e9boucher et assainir, vos&nbsp; :<\/p>\n\n\n\n<ul class=\"wp-block-list\">\n<li>\u00c9viers.<\/li>\n\n\n\n<li>WC.<\/li>\n\n\n\n<li>Toits.<\/li>\n\n\n\n<li>Et canalisations.<\/li>\n<\/ul>\n\n\n<h2 class=\"wp-block-heading\" id=\"h-nettoyage-et-entretien-de-vos-egouts-a-saignelegier\">Nettoyage et entretien de vos \u00e9gouts \u00e0 Saignel\u00e9gier<\/h2>\n\n\n<p>Vos \u00e9gouts sont le syst\u00e8me central de votre plomberie, ils permettent l\u2019\u00e9vacuation des eaux us\u00e9es. Lorsque l\u2019\u00e9gout est plein ou d\u00e9borde, cela peut endommager votre maison, et compromettre votre s\u00e9curit\u00e9. Pour \u00e9viter ces probl\u00e8mes, nos plombiers \u00e0 Saignel\u00e9gier r\u00e9alisent les prestations suivantes :<\/p>\n\n\n\n<ul class=\"wp-block-list\">\n<li>Le nettoyage r\u00e9gulier de vos \u00e9gouts.<\/li>\n\n\n\n<li>L\u2019inspection, l&rsquo;assainissement pour vous garantir un bon d\u00e9bit de l\u2019eau dans vos tuyaux.<\/li>\n\n\n\n<li>Le remplacement de vos canalisations d&rsquo;\u00e9gouts en cas de fissures.<\/li>\n\n\n\n<li>Le nettoyage de votre int\u00e9rieur caus\u00e9 par les d\u00e9g\u00e2ts des eaux.<\/li>\n\n\n\n<li>La d\u00e9shumidification et le s\u00e9chage pour \u00e9viter les moisissures.<\/li>\n<\/ul>\n\n\n<h2 class=\"wp-block-heading\" id=\"h-services-de-depannage-et-installation-de-chauffe-eau-a-saignelegier\">Services de d\u00e9pannage et installation de chauffe-eau \u00e0 Saignel\u00e9gier<\/h2>\n\n\n<p>Il n\u2019y a que de l\u2019eau froide chez vous ? Votre cumulus peut avoir des probl\u00e8mes. Artisanlocal.ch effectue le d\u00e9pannage de votre chauffe-eau en urgence. Voici les indices qui peuvent indiquer des probl\u00e8mes :<\/p>\n\n\n\n<ul class=\"wp-block-list\">\n<li>Un faible d\u00e9bit d\u2019eau chaude.<\/li>\n\n\n\n<li>Pr\u00e9sence d\u2019eau pr\u00e8s de votre r\u00e9servoir.<\/li>\n\n\n\n<li>Bruits inhabituels venant du chauffe-eau.<\/li>\n\n\n\n<li>Coloration de l\u2019eau.<\/li>\n\n\n\n<li>Le chauffe-eau fonctionne en continu.<\/li>\n<\/ul>\n\n\n\n<p>En faisant appel \u00e0 notre entreprise d\u00e8s les premiers signaux, vous \u00e9conomisez de l\u2019argent en \u00e9vitant des r\u00e9parations en urgence.<\/p>\n\n\n<h2 class=\"wp-block-heading\" id=\"h-services-de-nettoyage-apres-un-degat-des-eaux\">Services de nettoyage apr\u00e8s un d\u00e9g\u00e2t des eaux<\/h2>\n\n\n<p>Nos plombiers peuvent nettoyer votre int\u00e9rieur apr\u00e8s un d\u00e9g\u00e2t des eaux \u00e0 Saignel\u00e9gier, nos plombiers sont disponibles pour vous aider, pour nettoyer, les :\u00a0<\/p>\n\n\n\n<ul class=\"wp-block-list\">\n<li>caves inond\u00e9es,<\/li>\n\n\n\n<li>ruptures de tuyaux,&nbsp;<\/li>\n\n\n\n<li>refoulements d\u2019\u00e9gouts,&nbsp;<\/li>\n\n\n\n<li>d\u00e9bordements de w.c,<\/li>\n\n\n\n<li>autres probl\u00e8mes de canalisation li\u00e9s \u00e0 un d\u00e9g\u00e2t des eaux.<\/li>\n<\/ul>\n\n\n<h2 class=\"wp-block-heading\" id=\"h-faq\">FAQ<\/h2>\n\n<h3 class=\"wp-block-heading\" id=\"h-quel-est-le-prix-d-un-plombier-a-saignelegier\">Quel est le prix d\u2019un plombier \u00e0 Saignel\u00e9gier ?<\/h3>\n\n\n<p>Apr\u00e8s avoir votre probl\u00e8me, un plombier estime le prix des travaux. Voici les prix \u00e0 titre indicatif \u00e0 Saignel\u00e9gier :<\/p>\n\n\n\n<figure class=\"wp-block-table\"><table class=\"has-fixed-layout\"><tbody><tr><td><strong>Prestations<\/strong><\/td><td><strong>Prix CHF<\/strong><\/td><\/tr><tr><td>Pose de lavabo<\/td><td>280.00<\/td><\/tr><tr><td>Prix horaire : pose sanitaire<\/td><td>110.00 \u00e0 129.00<\/td><\/tr><tr><td>Mise en place et raccordement, d\u2019un siphon \u00e0 un lavabo<\/td><td>70.00<\/td><\/tr><tr><td>Installation mobilier de salle d\u2019eau<\/td><td>95.00<\/td><\/tr><tr><td>Pose et raccordement, d\u2019une douche \u00e0 la tuyauterie<\/td><td>86.00<\/td><\/tr><tr><td>Installation d\u2019un r\u00e9servoir pour les WC<\/td><td>112.00<\/td><\/tr><tr><td>Fixation d\u2019accessoires dans votre salle d\u2019eau<\/td><td>60.00<\/td><\/tr><tr><td>Installation d\u2019un WC suspendu<\/td><td>170.00<\/td><\/tr><tr><td>D\u00e9placement aller-retour<\/td><td>100.00<\/td><\/tr><\/tbody><\/table><\/figure>\n\n\n<h3 class=\"wp-block-heading\" id=\"h-artisanlocal-ch-est-ouvert-les-dimanches-et-samedis\">Artisanlocal.ch est ouvert les dimanches et samedis ?<\/h3>\n\n\n<p>Oui, nous sommes disponibles 24 heures sur 24 et 7 jours sur 7 et m\u00eame les jours f\u00e9ri\u00e9s.<\/p>\n\n\n<h3 class=\"wp-block-heading\" id=\"h-artisanlocal-intervient-a-saignelegier-et-dans-les-villes-a-proximite\">Artisanlocal intervient \u00e0 Saignel\u00e9gier et dans les villes \u00e0 proximit\u00e9 ?<\/h3>\n\n\n<p>Oui, nos plombiers interviennent \u00e0 Saignel\u00e9gier, et aussi dans les villes \u00e0 proximit\u00e9, comme :<\/p>\n\n\nLes Bois, Muriaux, Le Noirmont, Les Breuleux, La Chaux-des-Breuleux, Le B\u00e9mont JU, Montfaucon, Les Enfers, St-Brais, Le Pr\u00e9dame, Les Genevez JU, Fornet-Dessus, Lajoux JU, Soubey.\n","protected":false},"excerpt":{"rendered":"<p>Besoin d&rsquo;un plombier \u00e0 Saignel\u00e9gier ? Artisanlocal.ch intervient en urgence pour r\u00e9parer vos fuites. Pourquoi faire appel \u00e0 notre entreprise de plomberie \u00e0 Saignel\u00e9gier ? Quels sont les services propos\u00e9s par Artisanlocal ? Comment prendre rendez-vous avec Artisanlocal \u00e0 Saignel\u00e9gier ? Artisanlocal intervient chez les particuliers et professionnels \u00e0 Saignel\u00e9gier ? Oui, nos plombiers interviennent [&hellip;]<\/p>\n","protected":false},"author":4,"featured_media":2758,"parent":0,"menu_order":0,"comment_status":"closed","ping_status":"closed","template":"","meta":{"footnotes":""},"profession":[123],"location":[125],"canton":[111],"class_list":["post-1421","page","type-page","status-publish","has-post-thumbnail","hentry","profession-sanitaire","location-saignelegier","canton-ju"],"yoast_head":"<!-- This site is optimized with the Yoast SEO Premium plugin v25.7.1 (Yoast SEO v27.3) - https:\/\/yoast.com\/product\/yoast-seo-premium-wordpress\/ -->\n<title>Plombier \u00e0 Saignel\u00e9gier - Artisanlocal<\/title>\n<meta name=\"robots\" content=\"index, follow, max-snippet:-1, max-image-preview:large, max-video-preview:-1\" \/>\n<link rel=\"canonical\" href=\"https:\/\/www.artisanlocal.ch\/c\/plombier-a-saignelegier\/\" \/>\n<meta property=\"og:locale\" content=\"fr_FR\" \/>\n<meta property=\"og:type\" content=\"article\" \/>\n<meta property=\"og:title\" content=\"Plombier \u00e0 Saignel\u00e9gier\" \/>\n<meta property=\"og:description\" content=\"Besoin d&rsquo;un plombier \u00e0 Saignel\u00e9gier ? Artisanlocal.ch intervient en urgence pour r\u00e9parer vos fuites. Pourquoi faire appel \u00e0 notre entreprise de plomberie \u00e0 Saignel\u00e9gier ? Quels sont les services propos\u00e9s par Artisanlocal ? Comment prendre rendez-vous avec Artisanlocal \u00e0 Saignel\u00e9gier ? Artisanlocal intervient chez les particuliers et professionnels \u00e0 Saignel\u00e9gier ? Oui, nos plombiers interviennent [&hellip;]\" \/>\n<meta property=\"og:url\" content=\"https:\/\/www.artisanlocal.ch\/c\/plombier-a-saignelegier\/\" \/>\n<meta property=\"og:site_name\" content=\"Artisanlocal\" \/>\n<meta property=\"article:modified_time\" content=\"2025-10-23T10:56:40+00:00\" \/>\n<meta property=\"og:image\" content=\"https:\/\/www.artisanlocal.ch\/c\/wp-content\/uploads\/2024\/10\/plombier.jpg\" \/>\n\t<meta property=\"og:image:width\" content=\"1920\" \/>\n\t<meta property=\"og:image:height\" content=\"300\" \/>\n\t<meta property=\"og:image:type\" content=\"image\/jpeg\" \/>\n<meta name=\"twitter:card\" content=\"summary_large_image\" \/>\n<meta name=\"twitter:label1\" content=\"Dur\u00e9e de lecture estim\u00e9e\" \/>\n\t<meta name=\"twitter:data1\" content=\"4 minutes\" \/>\n<script type=\"application\/ld+json\" class=\"yoast-schema-graph\">{\"@context\":\"https:\\\/\\\/schema.org\",\"@graph\":[{\"@type\":\"WebPage\",\"@id\":\"https:\\\/\\\/www.artisanlocal.ch\\\/c\\\/plombier-a-saignelegier\\\/\",\"url\":\"https:\\\/\\\/www.artisanlocal.ch\\\/c\\\/plombier-a-saignelegier\\\/\",\"name\":\"Plombier \u00e0 Saignel\u00e9gier - Artisanlocal\",\"isPartOf\":{\"@id\":\"https:\\\/\\\/www.artisanlocal.ch\\\/c\\\/#website\"},\"primaryImageOfPage\":{\"@id\":\"https:\\\/\\\/www.artisanlocal.ch\\\/c\\\/plombier-a-saignelegier\\\/#primaryimage\"},\"image\":{\"@id\":\"https:\\\/\\\/www.artisanlocal.ch\\\/c\\\/plombier-a-saignelegier\\\/#primaryimage\"},\"thumbnailUrl\":\"https:\\\/\\\/www.artisanlocal.ch\\\/c\\\/wp-content\\\/uploads\\\/2024\\\/10\\\/plombier.jpg\",\"datePublished\":\"2024-08-12T21:50:58+00:00\",\"dateModified\":\"2025-10-23T10:56:40+00:00\",\"breadcrumb\":{\"@id\":\"https:\\\/\\\/www.artisanlocal.ch\\\/c\\\/plombier-a-saignelegier\\\/#breadcrumb\"},\"inLanguage\":\"fr-FR\",\"potentialAction\":[{\"@type\":\"ReadAction\",\"target\":[\"https:\\\/\\\/www.artisanlocal.ch\\\/c\\\/plombier-a-saignelegier\\\/\"]}]},{\"@type\":\"ImageObject\",\"inLanguage\":\"fr-FR\",\"@id\":\"https:\\\/\\\/www.artisanlocal.ch\\\/c\\\/plombier-a-saignelegier\\\/#primaryimage\",\"url\":\"https:\\\/\\\/www.artisanlocal.ch\\\/c\\\/wp-content\\\/uploads\\\/2024\\\/10\\\/plombier.jpg\",\"contentUrl\":\"https:\\\/\\\/www.artisanlocal.ch\\\/c\\\/wp-content\\\/uploads\\\/2024\\\/10\\\/plombier.jpg\",\"width\":1920,\"height\":300},{\"@type\":\"BreadcrumbList\",\"@id\":\"https:\\\/\\\/www.artisanlocal.ch\\\/c\\\/plombier-a-saignelegier\\\/#breadcrumb\",\"itemListElement\":[{\"@type\":\"ListItem\",\"position\":1,\"name\":\"Accueil\",\"item\":\"https:\\\/\\\/www.artisanlocal.ch\\\/c\\\/\"},{\"@type\":\"ListItem\",\"position\":2,\"name\":\"Plombier \u00e0 Saignel\u00e9gier\"}]},{\"@type\":\"WebSite\",\"@id\":\"https:\\\/\\\/www.artisanlocal.ch\\\/c\\\/#website\",\"url\":\"https:\\\/\\\/www.artisanlocal.ch\\\/c\\\/\",\"name\":\"Artisanlocal\",\"description\":\"\",\"publisher\":{\"@id\":\"https:\\\/\\\/www.artisanlocal.ch\\\/c\\\/#organization\"},\"potentialAction\":[{\"@type\":\"SearchAction\",\"target\":{\"@type\":\"EntryPoint\",\"urlTemplate\":\"https:\\\/\\\/www.artisanlocal.ch\\\/c\\\/?s={search_term_string}\"},\"query-input\":{\"@type\":\"PropertyValueSpecification\",\"valueRequired\":true,\"valueName\":\"search_term_string\"}}],\"inLanguage\":\"fr-FR\"},{\"@type\":\"Organization\",\"@id\":\"https:\\\/\\\/www.artisanlocal.ch\\\/c\\\/#organization\",\"name\":\"Artisanlocal\",\"url\":\"https:\\\/\\\/www.artisanlocal.ch\\\/c\\\/\",\"logo\":{\"@type\":\"ImageObject\",\"inLanguage\":\"fr-FR\",\"@id\":\"https:\\\/\\\/www.artisanlocal.ch\\\/c\\\/#\\\/schema\\\/logo\\\/image\\\/\",\"url\":\"https:\\\/\\\/www.artisanlocal.ch\\\/c\\\/wp-content\\\/uploads\\\/2024\\\/02\\\/logo-artisanlocal-h.svg\",\"contentUrl\":\"https:\\\/\\\/www.artisanlocal.ch\\\/c\\\/wp-content\\\/uploads\\\/2024\\\/02\\\/logo-artisanlocal-h.svg\",\"caption\":\"Artisanlocal\"},\"image\":{\"@id\":\"https:\\\/\\\/www.artisanlocal.ch\\\/c\\\/#\\\/schema\\\/logo\\\/image\\\/\"}}]}<\/script>\n<!-- \/ Yoast SEO Premium plugin. -->","yoast_head_json":{"title":"Plombier \u00e0 Saignel\u00e9gier - Artisanlocal","robots":{"index":"index","follow":"follow","max-snippet":"max-snippet:-1","max-image-preview":"max-image-preview:large","max-video-preview":"max-video-preview:-1"},"canonical":"https:\/\/www.artisanlocal.ch\/c\/plombier-a-saignelegier\/","og_locale":"fr_FR","og_type":"article","og_title":"Plombier \u00e0 Saignel\u00e9gier","og_description":"Besoin d&rsquo;un plombier \u00e0 Saignel\u00e9gier ? Artisanlocal.ch intervient en urgence pour r\u00e9parer vos fuites. Pourquoi faire appel \u00e0 notre entreprise de plomberie \u00e0 Saignel\u00e9gier ? Quels sont les services propos\u00e9s par Artisanlocal ? Comment prendre rendez-vous avec Artisanlocal \u00e0 Saignel\u00e9gier ? Artisanlocal intervient chez les particuliers et professionnels \u00e0 Saignel\u00e9gier ? Oui, nos plombiers interviennent [&hellip;]","og_url":"https:\/\/www.artisanlocal.ch\/c\/plombier-a-saignelegier\/","og_site_name":"Artisanlocal","article_modified_time":"2025-10-23T10:56:40+00:00","og_image":[{"width":1920,"height":300,"url":"https:\/\/www.artisanlocal.ch\/c\/wp-content\/uploads\/2024\/10\/plombier.jpg","type":"image\/jpeg"}],"twitter_card":"summary_large_image","twitter_misc":{"Dur\u00e9e de lecture estim\u00e9e":"4 minutes"},"schema":{"@context":"https:\/\/schema.org","@graph":[{"@type":"WebPage","@id":"https:\/\/www.artisanlocal.ch\/c\/plombier-a-saignelegier\/","url":"https:\/\/www.artisanlocal.ch\/c\/plombier-a-saignelegier\/","name":"Plombier \u00e0 Saignel\u00e9gier - Artisanlocal","isPartOf":{"@id":"https:\/\/www.artisanlocal.ch\/c\/#website"},"primaryImageOfPage":{"@id":"https:\/\/www.artisanlocal.ch\/c\/plombier-a-saignelegier\/#primaryimage"},"image":{"@id":"https:\/\/www.artisanlocal.ch\/c\/plombier-a-saignelegier\/#primaryimage"},"thumbnailUrl":"https:\/\/www.artisanlocal.ch\/c\/wp-content\/uploads\/2024\/10\/plombier.jpg","datePublished":"2024-08-12T21:50:58+00:00","dateModified":"2025-10-23T10:56:40+00:00","breadcrumb":{"@id":"https:\/\/www.artisanlocal.ch\/c\/plombier-a-saignelegier\/#breadcrumb"},"inLanguage":"fr-FR","potentialAction":[{"@type":"ReadAction","target":["https:\/\/www.artisanlocal.ch\/c\/plombier-a-saignelegier\/"]}]},{"@type":"ImageObject","inLanguage":"fr-FR","@id":"https:\/\/www.artisanlocal.ch\/c\/plombier-a-saignelegier\/#primaryimage","url":"https:\/\/www.artisanlocal.ch\/c\/wp-content\/uploads\/2024\/10\/plombier.jpg","contentUrl":"https:\/\/www.artisanlocal.ch\/c\/wp-content\/uploads\/2024\/10\/plombier.jpg","width":1920,"height":300},{"@type":"BreadcrumbList","@id":"https:\/\/www.artisanlocal.ch\/c\/plombier-a-saignelegier\/#breadcrumb","itemListElement":[{"@type":"ListItem","position":1,"name":"Accueil","item":"https:\/\/www.artisanlocal.ch\/c\/"},{"@type":"ListItem","position":2,"name":"Plombier \u00e0 Saignel\u00e9gier"}]},{"@type":"WebSite","@id":"https:\/\/www.artisanlocal.ch\/c\/#website","url":"https:\/\/www.artisanlocal.ch\/c\/","name":"Artisanlocal","description":"","publisher":{"@id":"https:\/\/www.artisanlocal.ch\/c\/#organization"},"potentialAction":[{"@type":"SearchAction","target":{"@type":"EntryPoint","urlTemplate":"https:\/\/www.artisanlocal.ch\/c\/?s={search_term_string}"},"query-input":{"@type":"PropertyValueSpecification","valueRequired":true,"valueName":"search_term_string"}}],"inLanguage":"fr-FR"},{"@type":"Organization","@id":"https:\/\/www.artisanlocal.ch\/c\/#organization","name":"Artisanlocal","url":"https:\/\/www.artisanlocal.ch\/c\/","logo":{"@type":"ImageObject","inLanguage":"fr-FR","@id":"https:\/\/www.artisanlocal.ch\/c\/#\/schema\/logo\/image\/","url":"https:\/\/www.artisanlocal.ch\/c\/wp-content\/uploads\/2024\/02\/logo-artisanlocal-h.svg","contentUrl":"https:\/\/www.artisanlocal.ch\/c\/wp-content\/uploads\/2024\/02\/logo-artisanlocal-h.svg","caption":"Artisanlocal"},"image":{"@id":"https:\/\/www.artisanlocal.ch\/c\/#\/schema\/logo\/image\/"}}]}},"_links":{"self":[{"href":"https:\/\/www.artisanlocal.ch\/c\/wp-json\/wp\/v2\/pages\/1421","targetHints":{"allow":["GET"]}}],"collection":[{"href":"https:\/\/www.artisanlocal.ch\/c\/wp-json\/wp\/v2\/pages"}],"about":[{"href":"https:\/\/www.artisanlocal.ch\/c\/wp-json\/wp\/v2\/types\/page"}],"author":[{"embeddable":true,"href":"https:\/\/www.artisanlocal.ch\/c\/wp-json\/wp\/v2\/users\/4"}],"replies":[{"embeddable":true,"href":"https:\/\/www.artisanlocal.ch\/c\/wp-json\/wp\/v2\/comments?post=1421"}],"version-history":[{"count":0,"href":"https:\/\/www.artisanlocal.ch\/c\/wp-json\/wp\/v2\/pages\/1421\/revisions"}],"wp:featuredmedia":[{"embeddable":true,"href":"https:\/\/www.artisanlocal.ch\/c\/wp-json\/wp\/v2\/media\/2758"}],"wp:attachment":[{"href":"https:\/\/www.artisanlocal.ch\/c\/wp-json\/wp\/v2\/media?parent=1421"}],"wp:term":[{"taxonomy":"profession","embeddable":true,"href":"https:\/\/www.artisanlocal.ch\/c\/wp-json\/wp\/v2\/profession?post=1421"},{"taxonomy":"location","embeddable":true,"href":"https:\/\/www.artisanlocal.ch\/c\/wp-json\/wp\/v2\/location?post=1421"},{"taxonomy":"canton","embeddable":true,"href":"https:\/\/www.artisanlocal.ch\/c\/wp-json\/wp\/v2\/canton?post=1421"}],"curies":[{"name":"wp","href":"https:\/\/api.w.org\/{rel}","templated":true}]}}