{"id":1432,"date":"2024-08-13T17:13:27","date_gmt":"2024-08-13T15:13:27","guid":{"rendered":"https:\/\/www.artisanlocal.ch\/c\/?page_id=1432"},"modified":"2025-08-26T19:26:50","modified_gmt":"2025-08-26T17:26:50","slug":"chauffagiste-a-saignelegier","status":"publish","type":"page","link":"https:\/\/www.artisanlocal.ch\/c\/chauffagiste-a-saignelegier\/","title":{"rendered":"Chauffagiste \u00e0 Saignel\u00e9gier"},"content":{"rendered":"\n<p>Besoin d\u2019un chauffagiste \u00e0 Saignel\u00e9gier ? Notre entreprise est situ\u00e9e \u00e0 Saignel\u00e9gier, nous nous occupons de la r\u00e9paration et de l\u2019installation de votre syst\u00e8me de chauffage. En choisissant notre entreprise, vous profitez :<\/p>\n\n\n\n<ul class=\"wp-block-list\">\n<li>De prestations de qualit\u00e9.\u00a0<\/li>\n\n\n\n<li>De prix transparent.<\/li>\n\n\n\n<li>D\u2019une \u00e9quipe disponible du lundi au samedi.<\/li>\n\n\n\n<li>D\u2019artisan exp\u00e9riment\u00e9.<\/li>\n\n\n\n<li>De devis gratuits.<\/li>\n\n\n\n<li>D\u2019intervention \u00e0 Saignel\u00e9gier et dans les villes aux alentours.<\/li>\n<\/ul>\n\n\n\r\n<div class=\"box\">\r\n            <div class=\"company-info\">\r\n            <img decoding=\"async\" class=\"company-info__logo\" src=\"https:\/\/www.artisanlocal.ch\/media\/cache\/thumb\/images\/companies\/65a6592226d55813397990.png\" alt=\"Logo\">\r\n            <h2 class=\"company-info__name\">Eau Design S\u00e0rl<\/h2>\r\n            <p class=\"company-info__business\">Installations sanitaires - Chauffages - D\u00e9pannage<\/p>\r\n        <\/div>\r\n        <div class=\"company-contact\">\r\n            <p class=\"company-info__address\">Le Cr\u00e2tat-Loviat 115<\/p>\r\n                            <div class=\"links\">\r\n                                            <a class=\"btn has-accent-background-color js-phoneNumber\" href=\"tel:0792536498\" title=\"Appelez\" data-id=\"7646\" data-type=\"11\">079 253 64 98<\/a>\r\n                                                                <a class=\"btn has-accent-background-color\" href=\"https:\/\/www.eaudesign.ch\/\" target=\"_blank\" title=\"Voir le site internet\" data-id=\"7646\" data-type=\"20\">Site internet<\/a>\r\n                                    <\/div>\r\n                    <\/div>\r\n    \r\n            \r\n<form action=\"https:\/\/www.artisanlocal.ch\/c\/wp-admin\/admin-ajax.php\" method=\"post\" class=\"form-contact\" id=\"artisan_form_contact_company_inline\">\r\n    <div><input type=\"hidden\" name=\"action\" value=\"company_contact\"><\/div>\r\n    <div><input type=\"hidden\" name=\"nonce\" value=\"22a15c7617\"><\/div>\r\n    <div><input type=\"hidden\" name=\"company_id\" value=\"7646\"><\/div>\r\n    <div><input type=\"hidden\" name=\"form_id\" value=\"artisan_form_contact_company_inline\"><\/div>\r\n    <div class=\"gglcptch gglcptch_v3 gglcptch_custom\"><input type=\"hidden\" id=\"g-recaptcha-response\" name=\"g-recaptcha-response\" \/><br \/><div class=\"gglcptch_error_text\">La p\u00e9riode de v\u00e9rification reCAPTCHA a expir\u00e9. Veuillez recharger la page.<\/div><\/div>    <div class=\"form-content\">\r\n        <div class=\"form-group\">\r\n            <label for=\"contact_firstName\" class=\"required\">Pr\u00e9nom<\/label>\r\n            <input type=\"text\" name=\"firstName\" class=\"form-control\" required>\r\n        <\/div>\r\n        <div class=\"form-group\">\r\n            <label for=\"contact_lastName\" class=\"required\">Nom<\/label>\r\n            <input type=\"text\" name=\"lastName\" class=\"form-control\" required>\r\n        <\/div>\r\n        <div class=\"form-group\">\r\n            <label for=\"contact_email\" class=\"required\">Email<\/label>\r\n            <input type=\"email\" name=\"email\" class=\"form-control\" required>\r\n        <\/div>\r\n        <div class=\"form-group\">\r\n            <label for=\"contact_phone\" class=\"required\">Num\u00e9ro de t\u00e9l\u00e9phone<\/label>\r\n            <input type=\"tel\" name=\"phone\" class=\"form-control\" placeholder=\"0787117165\" pattern=\"^[0-9]{10}$\" required>\r\n        <\/div>\r\n        <div class=\"form-group\">\r\n            <label for=\"contact_postalCode\" class=\"required\">Code postal et localit\u00e9<\/label>\r\n            <input type=\"text\" name=\"postalCode\" class=\"form-control\" required>\r\n        <\/div>\r\n        <div class=\"form-group\">\r\n            <label for=\"contact_address\" class=\"required\">Adresse<\/label>\r\n            <input type=\"text\" name=\"address\" class=\"form-control\" required>\r\n        <\/div>\r\n        <div class=\"full-width topic\">\r\n            <p class=\"required\">Je souhaite \u00eatre contact\u00e9 pour :<\/p>\r\n            <div class=\"form-check\">\r\n                <input type=\"radio\" name=\"topic\" value=\"D\u00e9pannage\" class=\"form-control\" required>\r\n                <label for=\"d\u00e9pannage\">D\u00e9pannage<\/label>\r\n            <\/div>\r\n            <div class=\"form-check\">\r\n                <input type=\"radio\" name=\"topic\" value=\"Entretien\" class=\"form-control\" required>\r\n                <label for=\"entretien\">Entretien<\/label>\r\n            <\/div>\r\n            <div class=\"form-check\">\r\n                <input type=\"radio\" name=\"topic\" value=\"R\u00e9novation\" class=\"form-control\" required>\r\n                <label for=\"r\u00e9novation\">R\u00e9novation<\/label>\r\n            <\/div>\r\n            <div class=\"form-check\">\r\n                <input type=\"radio\" name=\"topic\" value=\"Autre\" class=\"form-control\" required>\r\n                <label for=\"autre\">Autre<\/label>\r\n            <\/div>\r\n        <\/div>\r\n        <div class=\"form-group full-width\">\r\n            <label for=\"contact_message\">Message<\/label>\r\n            <textarea name=\"message\" rows=\"3\" class=\"form-control\"><\/textarea>\r\n        <\/div>\r\n    <\/div>\r\n    <div class=\"form-actions\">\r\n        <button class=\"wp-block-button__link has-accent-background-color\">Contacter<\/button>\r\n    <\/div>\r\n<\/form>\r\n<div class=\"form-feedback\"><\/div>    <\/div>\n\n\n<ul class=\"wp-block-list\">\n<li>Estimation rapide : apr\u00e8s nous avoir contact\u00e9, nous analysons votre demande et vous recevez ensuite un devis.<\/li>\n\n\n\n<li>Prise de contact rapide : notre chauffagiste \u00e0 Saignel\u00e9gier vous contacte le jour m\u00eame.<\/li>\n\n\n\n<li>D\u00e9placement de notre chauffagiste : un chauffagiste peut se rendre \u00e0 votre domicile pour \u00e9valuer le prix exact de votre proje et vous pourrez poser toutes vos questions.<\/li>\n\n\n\n<li>Installation de votre chauffage en moins de 48 heures : une fois le devis valid\u00e9, nous planifions avec vous la date d\u2019installation.<\/li>\n\n\n\n<li>D\u00e9pannage et entretien : si votre chauffage, chaudi\u00e8re ou chauffe-eau ne fonctionne plus, un de nos techniciens intervient en urgence \u00e0 Saignel\u00e9gier.<\/li>\n<\/ul>\n\n\n<h2 class=\"wp-block-heading\" id=\"h-pourquoi-est-il-important-d-entretenir-votre-systeme-de-chauffage\">Pourquoi est-il important d\u2019entretenir votre syst\u00e8me de chauffage ?<\/h2>\n\n\n<p>Avoir un chauffage qui fonctionne est important, surtout si vous avez de jeunes enfants. Nos chauffagistes vous aident \u00e0 ajuster la temp\u00e9rature et \u00e0 surveiller les \u00e9missions de monoxyde de carbone produit par votre syst\u00e8me de chauffage. Nos sp\u00e9cialistes s\u2019occupent de l\u2019entretien de votre chauffage, quel que soit son type : \u00e0 accumulation, basse temp\u00e9rature, fioul, condensation, \u00e9lectrique ou \u00e0 gaz.<\/p>\n\n\n<h2 class=\"wp-block-heading\" id=\"h-est-il-possible-d-avoir-des-conseils-par-telephone\">Est-il possible d\u2019avoir des conseils par t\u00e9l\u00e9phone ?<\/h2>\n\n\n<p>Oui, nous pouvons vous aider par t\u00e9l\u00e9phone. En nous expliquant votre probl\u00e8me, nous identifierons la meilleure solution. Il est important de noter que, dans la majorit\u00e9 des cas, un expert doit se d\u00e9placer chez pour diagnostiquer et corriger le probl\u00e8me.<\/p>\n\n\n<h2 class=\"wp-block-heading\" id=\"h-comment-fonctionne-artisanlocal-ch\">Comment fonctionne Artisanlocal.ch ?<\/h2>\n\n\n<ol class=\"wp-block-list\">\n<li><strong>Premier contact : <\/strong>vous devez nous contacter par t\u00e9l\u00e9phone ou par email depuis notre site.<\/li>\n\n\n\n<li><strong>D\u00e9placement : <\/strong>un chauffagiste se rend \u00e0 votre domicile.<\/li>\n\n\n\n<li><strong>Estimation : <\/strong>le technicien \u00e9value la situation\u00a0<\/li>\n\n\n\n<li><strong>Solution : <\/strong>Une solution vous sera propos\u00e9e en fonction de votre budget et attentes.<\/li>\n\n\n\n<li><strong>Devis : <\/strong>nous vous proposons un devis d\u00e9taill\u00e9 et gratuit avec les diff\u00e9rents co\u00fbts.<\/li>\n\n\n\n<li><strong>Installation :<\/strong> apr\u00e8s avoir sign\u00e9 le devis et selon vos disponibilit\u00e9s, nous installons votre chauffage et r\u00e9glons le thermostat.<\/li>\n<\/ol>\n\n\n<h2 class=\"wp-block-heading\" id=\"h-quelle-est-la-solution-la-plus-adaptee-pour-votre-maison\">Quelle est la solution la plus adapt\u00e9e pour votre maison ?<\/h2>\n\n\n<ul class=\"wp-block-list\">\n<li>Conseil personnalis\u00e9 : le chauffagiste qui se d\u00e9place \u00e0 votre domicile vous conseille pour choisir le meilleur chauffage possible, qu&rsquo;il soit \u00e0 gaz, \u00e9lectrique, fioul, classique, \u00e0 condensation ou \u00e0 basse temp\u00e9rature.<\/li>\n\n\n\n<li>\u00c9conomies : les chauffages \u00e0 condensation ou \u00e0 basse temp\u00e9rature, bien qu&rsquo;ayant un co\u00fbt d\u2019achat plus \u00e9lev\u00e9 que la moyenne, permettent de r\u00e9aliser des \u00e9conomies sur le long terme.<\/li>\n\n\n\n<li>Choix du thermostat : avant d\u2019installer votre chauffage, il est crucial de choisir le bon thermostat. L\u2019artisan qui se rend chez vous poss\u00e8de l\u2019expertise pour r\u00e9gler votre thermostat.<\/li>\n\n\n\n<li>Devis d\u00e9taill\u00e9 : notre devis comprend tous les \u00e9l\u00e9ments importants li\u00e9s \u00e0 notre intervention.<\/li>\n<\/ul>\n\n\n<h2 class=\"wp-block-heading\" id=\"h-assistance-pour-votre-chauffage-a-saignelegier\">Assistance pour votre chauffage \u00e0 Saignel\u00e9gier<\/h2>\n\n\n<p>Vous devez r\u00e9aliser la maintenance de votre chauffage chaque ann\u00e9e, qu\u2019il soit au gaz ou au fioul. L\u2019entretien de votre syst\u00e8me de chauffage permet d\u2019\u00e9viter l\u2019\u00e9mission de monoxyde de carbone. En effet, si votre chauffage produit trop de monoxyde de carbone, cela peut intoxiquer les membres de votre famille.&nbsp;<\/p>\n\n\n<h2 class=\"wp-block-heading\" id=\"h-maintenance-pour-votre-chauffage-a-saignelegier\">Maintenance pour votre chauffage \u00e0 Saignel\u00e9gier<\/h2>\n\n\n<p>Nous proposons des contrats de maintenance pour votre chauffage afin d\u2019assurer son fonctionnement. Un entretien r\u00e9gulier vous permet d\u2019\u00e9viter les pannes et donc les d\u00e9penses inutiles.<\/p>\n\n\n\n<p>En cas de sinistre, l\u2019assurance peut aussi demander le contrat de maintenance dans le but de v\u00e9rifier l\u2019\u00e9tat g\u00e9n\u00e9ral de votre chauffage avant le sinistre. Nous proposons des contrats d\u2019assistance annuels ou pluriannuels.<\/p>\n\n\n<h2 class=\"wp-block-heading\" id=\"h-pourquoi-avoir-un-contrat-d-entretien\">Pourquoi avoir un contrat d\u2019entretien ?<\/h2>\n\n\n<p>Si votre chauffage arr\u00eate de fonctionner et que vous avez souscrit \u00e0 un contrat d\u2019entretien, nous le changeons en urgence. Nous nous engageons \u00e0 v\u00e9rifier l&rsquo;ensemble de votre syst\u00e8me de chauffage, y compris :<\/p>\n\n\n\n<ul class=\"wp-block-list\">\n<li>La tension dans vos conduits.<\/li>\n\n\n\n<li>Le nettoyage des conduits et des \u00e9l\u00e9ments chauffants.<\/li>\n<\/ul>\n\n\n<h2 class=\"wp-block-heading\" id=\"h-quels-sont-les-differents-services-proposes-par-artisanlocal\">Quels sont les diff\u00e9rents services propos\u00e9s par Artisanlocal ?<\/h2>\n\n\n<p>Nos techniciens interviennent chez vous, pour r\u00e9aliser :<\/p>\n\n\n\n<ul class=\"wp-block-list\">\n<li>La maintenance de votre chauffe-eau et chaudi\u00e8re.<\/li>\n\n\n\n<li>La r\u00e9paration de votre chaudi\u00e8re, r\u00e9parer la fuite de canalisation, r\u00e9parer votre radiateur qui ne chauffe plus, etc.<\/li>\n\n\n\n<li>L\u2019entretien des chaudi\u00e8res \u00e0 condensation, basses temp\u00e9ratures, \u00e0 gaz, \u00e0 fioul, \u00e0 accumulation et \u00e9lectriques.<\/li>\n\n\n\n<li>L\u2019installation de radiateurs \u00e9lectriques, planchers chauffants, pompes \u00e0 chaleur, chauffages, chaudi\u00e8res, etc.<\/li>\n\n\n\n<li>Le r\u00e9glage de votre thermostat.<\/li>\n\n\n\n<li>Le d\u00e9tartrage et le d\u00e9sembouage de radiateurs.<\/li>\n\n\n\n<li>La purge de l\u2019air de vos radiateurs.<\/li>\n\n\n\n<li>La r\u00e9paration de la vanne de purge.<\/li>\n<\/ul>\n\n\n<h2 class=\"wp-block-heading\" id=\"h-faq\"><strong>FAQ<\/strong><\/h2>\n\n<h3 class=\"wp-block-heading\" id=\"h-pourquoi-faire-appel-a-un-chauffagiste\">Pourquoi faire appel \u00e0 un chauffagiste ?<\/h3>\n\n\n<p><strong>Pour stabiliser la temp\u00e9rature ambiante : <\/strong>un chauffage bien r\u00e9gl\u00e9 permet de maintenir une temp\u00e9rature constante.<\/p>\n\n\n\n<p><strong>\u00c9conomiser de l\u2019argent : <\/strong>en investissant dans des \u00e9quipements de qualit\u00e9 (chauffage et l\u2019isolation), vous limitez vos \u00e9missions de carbone et vous faites des \u00e9conomies.<\/p>\n\n\n\n<p><strong>Prot\u00e9ger la s\u00e9curit\u00e9 de votre chauffage : <\/strong>un chauffage bien permet d\u2019\u00e9viter les \u00e9missions de monoxyde de carbone.<\/p>\n\n\n\n<p><strong>Anticiper les incidents : <\/strong>un bon chauffagiste peut anticiper vos futurs probl\u00e8mes en observant les installations.<\/p>\n\n\n<h3 class=\"wp-block-heading\" id=\"h-comment-choisir-le-meilleur-chauffagiste-a-saignelegier\">Comment choisir le meilleur chauffagiste \u00e0 Saignel\u00e9gier ?<\/h3>\n\n\n<p><strong>Les comp\u00e9tences : <\/strong>contr\u00f4lez les comp\u00e9tences des artisans avant d\u2019engager (vous pouvez regarder les avis sur internet).<\/p>\n\n\n\n<p><strong>Les garanties : <\/strong>v\u00e9rifiez que l\u2019entreprise est assur\u00e9e.<\/p>\n\n\n<h3 class=\"wp-block-heading\" id=\"h-quels-sont-les-delais-d-interventions\">Quels sont les d\u00e9lais d\u2019interventions ?<\/h3>\n\n\n<p><strong>Urgence : <\/strong>si vous avez une demande urgente, nous intervenons dans un d\u00e9lai de deux heures.<\/p>\n\n\n\n<p><strong>Non urgent : <\/strong>si votre demande n\u2019est pas urgente, nous pouvons intervenir sous 48h.<\/p>\n\n\n<h3 class=\"wp-block-heading\" id=\"h-intervenez-vous-a-saignelegier-et-dans-les-villes-proches\">Intervenez-vous \u00e0 Saignel\u00e9gier et dans les villes proches ?<\/h3>\n\n\n<p>Oui, nous intervenons \u00e0 Saignel\u00e9gier et dans les villes aux alentours, telles que :<\/p>\n\n\nLes Bois, Muriaux, Le Noirmont, Les Breuleux, La Chaux-des-Breuleux, Le B\u00e9mont JU, Montfaucon, Les Enfers, St-Brais, Le Pr\u00e9dame, Les Genevez JU, Fornet-Dessus, Lajoux JU, Soubey.\n","protected":false},"excerpt":{"rendered":"<p>Besoin d\u2019un chauffagiste \u00e0 Saignel\u00e9gier ? Notre entreprise est situ\u00e9e \u00e0 Saignel\u00e9gier, nous nous occupons de la r\u00e9paration et de l\u2019installation de votre syst\u00e8me de chauffage. En choisissant notre entreprise, vous profitez : Pourquoi travailler avec notre Artisanlocal.ch ? Pourquoi est-il important d\u2019entretenir votre syst\u00e8me de chauffage ? Avoir un chauffage qui fonctionne est important, [&hellip;]<\/p>\n","protected":false},"author":4,"featured_media":2757,"parent":0,"menu_order":0,"comment_status":"closed","ping_status":"closed","template":"","meta":{"footnotes":""},"profession":[120],"location":[125],"canton":[111],"class_list":["post-1432","page","type-page","status-publish","has-post-thumbnail","hentry","profession-chauffagiste","location-saignelegier","canton-ju"],"yoast_head":"<!-- This site is optimized with the Yoast SEO Premium plugin v25.7.1 (Yoast SEO v27.3) - https:\/\/yoast.com\/product\/yoast-seo-premium-wordpress\/ -->\n<title>Chauffagiste \u00e0 Saignel\u00e9gier - Artisanlocal<\/title>\n<meta name=\"robots\" content=\"index, follow, max-snippet:-1, max-image-preview:large, max-video-preview:-1\" \/>\n<link rel=\"canonical\" href=\"https:\/\/www.artisanlocal.ch\/c\/chauffagiste-a-saignelegier\/\" \/>\n<meta property=\"og:locale\" content=\"fr_FR\" \/>\n<meta property=\"og:type\" content=\"article\" \/>\n<meta property=\"og:title\" content=\"Chauffagiste \u00e0 Saignel\u00e9gier\" \/>\n<meta property=\"og:description\" content=\"Besoin d\u2019un chauffagiste \u00e0 Saignel\u00e9gier ? Notre entreprise est situ\u00e9e \u00e0 Saignel\u00e9gier, nous nous occupons de la r\u00e9paration et de l\u2019installation de votre syst\u00e8me de chauffage. En choisissant notre entreprise, vous profitez : Pourquoi travailler avec notre Artisanlocal.ch ? Pourquoi est-il important d\u2019entretenir votre syst\u00e8me de chauffage ? Avoir un chauffage qui fonctionne est important, [&hellip;]\" \/>\n<meta property=\"og:url\" content=\"https:\/\/www.artisanlocal.ch\/c\/chauffagiste-a-saignelegier\/\" \/>\n<meta property=\"og:site_name\" content=\"Artisanlocal\" \/>\n<meta property=\"article:modified_time\" content=\"2025-08-26T17:26:50+00:00\" \/>\n<meta property=\"og:image\" content=\"https:\/\/www.artisanlocal.ch\/c\/wp-content\/uploads\/2024\/10\/chauffagiste.jpg\" \/>\n\t<meta property=\"og:image:width\" content=\"1920\" \/>\n\t<meta property=\"og:image:height\" content=\"300\" \/>\n\t<meta property=\"og:image:type\" content=\"image\/jpeg\" \/>\n<meta name=\"twitter:card\" content=\"summary_large_image\" \/>\n<meta name=\"twitter:label1\" content=\"Dur\u00e9e de lecture estim\u00e9e\" \/>\n\t<meta name=\"twitter:data1\" content=\"5 minutes\" \/>\n<script type=\"application\/ld+json\" class=\"yoast-schema-graph\">{\"@context\":\"https:\\\/\\\/schema.org\",\"@graph\":[{\"@type\":\"WebPage\",\"@id\":\"https:\\\/\\\/www.artisanlocal.ch\\\/c\\\/chauffagiste-a-saignelegier\\\/\",\"url\":\"https:\\\/\\\/www.artisanlocal.ch\\\/c\\\/chauffagiste-a-saignelegier\\\/\",\"name\":\"Chauffagiste \u00e0 Saignel\u00e9gier - Artisanlocal\",\"isPartOf\":{\"@id\":\"https:\\\/\\\/www.artisanlocal.ch\\\/c\\\/#website\"},\"primaryImageOfPage\":{\"@id\":\"https:\\\/\\\/www.artisanlocal.ch\\\/c\\\/chauffagiste-a-saignelegier\\\/#primaryimage\"},\"image\":{\"@id\":\"https:\\\/\\\/www.artisanlocal.ch\\\/c\\\/chauffagiste-a-saignelegier\\\/#primaryimage\"},\"thumbnailUrl\":\"https:\\\/\\\/www.artisanlocal.ch\\\/c\\\/wp-content\\\/uploads\\\/2024\\\/10\\\/chauffagiste.jpg\",\"datePublished\":\"2024-08-13T15:13:27+00:00\",\"dateModified\":\"2025-08-26T17:26:50+00:00\",\"breadcrumb\":{\"@id\":\"https:\\\/\\\/www.artisanlocal.ch\\\/c\\\/chauffagiste-a-saignelegier\\\/#breadcrumb\"},\"inLanguage\":\"fr-FR\",\"potentialAction\":[{\"@type\":\"ReadAction\",\"target\":[\"https:\\\/\\\/www.artisanlocal.ch\\\/c\\\/chauffagiste-a-saignelegier\\\/\"]}]},{\"@type\":\"ImageObject\",\"inLanguage\":\"fr-FR\",\"@id\":\"https:\\\/\\\/www.artisanlocal.ch\\\/c\\\/chauffagiste-a-saignelegier\\\/#primaryimage\",\"url\":\"https:\\\/\\\/www.artisanlocal.ch\\\/c\\\/wp-content\\\/uploads\\\/2024\\\/10\\\/chauffagiste.jpg\",\"contentUrl\":\"https:\\\/\\\/www.artisanlocal.ch\\\/c\\\/wp-content\\\/uploads\\\/2024\\\/10\\\/chauffagiste.jpg\",\"width\":1920,\"height\":300},{\"@type\":\"BreadcrumbList\",\"@id\":\"https:\\\/\\\/www.artisanlocal.ch\\\/c\\\/chauffagiste-a-saignelegier\\\/#breadcrumb\",\"itemListElement\":[{\"@type\":\"ListItem\",\"position\":1,\"name\":\"Accueil\",\"item\":\"https:\\\/\\\/www.artisanlocal.ch\\\/c\\\/\"},{\"@type\":\"ListItem\",\"position\":2,\"name\":\"Chauffagiste \u00e0 Saignel\u00e9gier\"}]},{\"@type\":\"WebSite\",\"@id\":\"https:\\\/\\\/www.artisanlocal.ch\\\/c\\\/#website\",\"url\":\"https:\\\/\\\/www.artisanlocal.ch\\\/c\\\/\",\"name\":\"Artisanlocal\",\"description\":\"\",\"publisher\":{\"@id\":\"https:\\\/\\\/www.artisanlocal.ch\\\/c\\\/#organization\"},\"potentialAction\":[{\"@type\":\"SearchAction\",\"target\":{\"@type\":\"EntryPoint\",\"urlTemplate\":\"https:\\\/\\\/www.artisanlocal.ch\\\/c\\\/?s={search_term_string}\"},\"query-input\":{\"@type\":\"PropertyValueSpecification\",\"valueRequired\":true,\"valueName\":\"search_term_string\"}}],\"inLanguage\":\"fr-FR\"},{\"@type\":\"Organization\",\"@id\":\"https:\\\/\\\/www.artisanlocal.ch\\\/c\\\/#organization\",\"name\":\"Artisanlocal\",\"url\":\"https:\\\/\\\/www.artisanlocal.ch\\\/c\\\/\",\"logo\":{\"@type\":\"ImageObject\",\"inLanguage\":\"fr-FR\",\"@id\":\"https:\\\/\\\/www.artisanlocal.ch\\\/c\\\/#\\\/schema\\\/logo\\\/image\\\/\",\"url\":\"https:\\\/\\\/www.artisanlocal.ch\\\/c\\\/wp-content\\\/uploads\\\/2024\\\/02\\\/logo-artisanlocal-h.svg\",\"contentUrl\":\"https:\\\/\\\/www.artisanlocal.ch\\\/c\\\/wp-content\\\/uploads\\\/2024\\\/02\\\/logo-artisanlocal-h.svg\",\"caption\":\"Artisanlocal\"},\"image\":{\"@id\":\"https:\\\/\\\/www.artisanlocal.ch\\\/c\\\/#\\\/schema\\\/logo\\\/image\\\/\"}}]}<\/script>\n<!-- \/ Yoast SEO Premium plugin. -->","yoast_head_json":{"title":"Chauffagiste \u00e0 Saignel\u00e9gier - Artisanlocal","robots":{"index":"index","follow":"follow","max-snippet":"max-snippet:-1","max-image-preview":"max-image-preview:large","max-video-preview":"max-video-preview:-1"},"canonical":"https:\/\/www.artisanlocal.ch\/c\/chauffagiste-a-saignelegier\/","og_locale":"fr_FR","og_type":"article","og_title":"Chauffagiste \u00e0 Saignel\u00e9gier","og_description":"Besoin d\u2019un chauffagiste \u00e0 Saignel\u00e9gier ? Notre entreprise est situ\u00e9e \u00e0 Saignel\u00e9gier, nous nous occupons de la r\u00e9paration et de l\u2019installation de votre syst\u00e8me de chauffage. En choisissant notre entreprise, vous profitez : Pourquoi travailler avec notre Artisanlocal.ch ? Pourquoi est-il important d\u2019entretenir votre syst\u00e8me de chauffage ? Avoir un chauffage qui fonctionne est important, [&hellip;]","og_url":"https:\/\/www.artisanlocal.ch\/c\/chauffagiste-a-saignelegier\/","og_site_name":"Artisanlocal","article_modified_time":"2025-08-26T17:26:50+00:00","og_image":[{"width":1920,"height":300,"url":"https:\/\/www.artisanlocal.ch\/c\/wp-content\/uploads\/2024\/10\/chauffagiste.jpg","type":"image\/jpeg"}],"twitter_card":"summary_large_image","twitter_misc":{"Dur\u00e9e de lecture estim\u00e9e":"5 minutes"},"schema":{"@context":"https:\/\/schema.org","@graph":[{"@type":"WebPage","@id":"https:\/\/www.artisanlocal.ch\/c\/chauffagiste-a-saignelegier\/","url":"https:\/\/www.artisanlocal.ch\/c\/chauffagiste-a-saignelegier\/","name":"Chauffagiste \u00e0 Saignel\u00e9gier - Artisanlocal","isPartOf":{"@id":"https:\/\/www.artisanlocal.ch\/c\/#website"},"primaryImageOfPage":{"@id":"https:\/\/www.artisanlocal.ch\/c\/chauffagiste-a-saignelegier\/#primaryimage"},"image":{"@id":"https:\/\/www.artisanlocal.ch\/c\/chauffagiste-a-saignelegier\/#primaryimage"},"thumbnailUrl":"https:\/\/www.artisanlocal.ch\/c\/wp-content\/uploads\/2024\/10\/chauffagiste.jpg","datePublished":"2024-08-13T15:13:27+00:00","dateModified":"2025-08-26T17:26:50+00:00","breadcrumb":{"@id":"https:\/\/www.artisanlocal.ch\/c\/chauffagiste-a-saignelegier\/#breadcrumb"},"inLanguage":"fr-FR","potentialAction":[{"@type":"ReadAction","target":["https:\/\/www.artisanlocal.ch\/c\/chauffagiste-a-saignelegier\/"]}]},{"@type":"ImageObject","inLanguage":"fr-FR","@id":"https:\/\/www.artisanlocal.ch\/c\/chauffagiste-a-saignelegier\/#primaryimage","url":"https:\/\/www.artisanlocal.ch\/c\/wp-content\/uploads\/2024\/10\/chauffagiste.jpg","contentUrl":"https:\/\/www.artisanlocal.ch\/c\/wp-content\/uploads\/2024\/10\/chauffagiste.jpg","width":1920,"height":300},{"@type":"BreadcrumbList","@id":"https:\/\/www.artisanlocal.ch\/c\/chauffagiste-a-saignelegier\/#breadcrumb","itemListElement":[{"@type":"ListItem","position":1,"name":"Accueil","item":"https:\/\/www.artisanlocal.ch\/c\/"},{"@type":"ListItem","position":2,"name":"Chauffagiste \u00e0 Saignel\u00e9gier"}]},{"@type":"WebSite","@id":"https:\/\/www.artisanlocal.ch\/c\/#website","url":"https:\/\/www.artisanlocal.ch\/c\/","name":"Artisanlocal","description":"","publisher":{"@id":"https:\/\/www.artisanlocal.ch\/c\/#organization"},"potentialAction":[{"@type":"SearchAction","target":{"@type":"EntryPoint","urlTemplate":"https:\/\/www.artisanlocal.ch\/c\/?s={search_term_string}"},"query-input":{"@type":"PropertyValueSpecification","valueRequired":true,"valueName":"search_term_string"}}],"inLanguage":"fr-FR"},{"@type":"Organization","@id":"https:\/\/www.artisanlocal.ch\/c\/#organization","name":"Artisanlocal","url":"https:\/\/www.artisanlocal.ch\/c\/","logo":{"@type":"ImageObject","inLanguage":"fr-FR","@id":"https:\/\/www.artisanlocal.ch\/c\/#\/schema\/logo\/image\/","url":"https:\/\/www.artisanlocal.ch\/c\/wp-content\/uploads\/2024\/02\/logo-artisanlocal-h.svg","contentUrl":"https:\/\/www.artisanlocal.ch\/c\/wp-content\/uploads\/2024\/02\/logo-artisanlocal-h.svg","caption":"Artisanlocal"},"image":{"@id":"https:\/\/www.artisanlocal.ch\/c\/#\/schema\/logo\/image\/"}}]}},"_links":{"self":[{"href":"https:\/\/www.artisanlocal.ch\/c\/wp-json\/wp\/v2\/pages\/1432","targetHints":{"allow":["GET"]}}],"collection":[{"href":"https:\/\/www.artisanlocal.ch\/c\/wp-json\/wp\/v2\/pages"}],"about":[{"href":"https:\/\/www.artisanlocal.ch\/c\/wp-json\/wp\/v2\/types\/page"}],"author":[{"embeddable":true,"href":"https:\/\/www.artisanlocal.ch\/c\/wp-json\/wp\/v2\/users\/4"}],"replies":[{"embeddable":true,"href":"https:\/\/www.artisanlocal.ch\/c\/wp-json\/wp\/v2\/comments?post=1432"}],"version-history":[{"count":0,"href":"https:\/\/www.artisanlocal.ch\/c\/wp-json\/wp\/v2\/pages\/1432\/revisions"}],"wp:featuredmedia":[{"embeddable":true,"href":"https:\/\/www.artisanlocal.ch\/c\/wp-json\/wp\/v2\/media\/2757"}],"wp:attachment":[{"href":"https:\/\/www.artisanlocal.ch\/c\/wp-json\/wp\/v2\/media?parent=1432"}],"wp:term":[{"taxonomy":"profession","embeddable":true,"href":"https:\/\/www.artisanlocal.ch\/c\/wp-json\/wp\/v2\/profession?post=1432"},{"taxonomy":"location","embeddable":true,"href":"https:\/\/www.artisanlocal.ch\/c\/wp-json\/wp\/v2\/location?post=1432"},{"taxonomy":"canton","embeddable":true,"href":"https:\/\/www.artisanlocal.ch\/c\/wp-json\/wp\/v2\/canton?post=1432"}],"curies":[{"name":"wp","href":"https:\/\/api.w.org\/{rel}","templated":true}]}}