{"id":1436,"date":"2024-08-13T17:18:57","date_gmt":"2024-08-13T15:18:57","guid":{"rendered":"https:\/\/www.artisanlocal.ch\/c\/?page_id=1436"},"modified":"2025-08-26T19:26:49","modified_gmt":"2025-08-26T17:26:49","slug":"service-de-nettoyage-a-saignelegier","status":"publish","type":"page","link":"https:\/\/www.artisanlocal.ch\/c\/service-de-nettoyage-a-saignelegier\/","title":{"rendered":"Entreprise de nettoyage \u00e0 Saignel\u00e9gier"},"content":{"rendered":"\n<p>Artisanlocal.ch votre soci\u00e9t\u00e9 de nettoyage \u00e0 Saignel\u00e9gier. Nous proposons des services de nettoyage de haute qualit\u00e9 pour les professionnels et les particuliers.<\/p>\n\n\n\r\n<div class=\"box\">\r\n    <h2 class=\"text-dark\">Nous cherchons un <em class=\"text-primary\">Agent de propret\u00e9<\/em> dans la r\u00e9gion de <em class=\"text-primary\">Saignel\u00e9gier<\/em>  en exclusivit\u00e9, afin de proposer vos services \u00e0 nos clients propri\u00e9taires.<\/h2>\r\n    <p>Une opportunit\u00e9 unique pour booster votre activit\u00e9 \u00e0 <strong>Saignel\u00e9gier<\/strong> et aux alentours dans votre domaine (Agent de propret\u00e9).<\/p>\r\n    <p>Nous travaillons en exclusivit\u00e9 avec qu'une soci\u00e9t\u00e9 par m\u00e9tier et par r\u00e9gion. <br>Votre entreprise est pr\u00e9sente sur tous les documents immobiliers. Afin d'\u00eatre mieux vu sur le net, vous \u00eates \u00e9galement visible sur nos deux sites et sur les pages de r\u00e9f\u00e9rencement de votre r\u00e9gion.<\/p>\r\n    <a href=\"\/contact\" class=\"wp-block-button__link has-accent-background-color has-text-align-center wp-element-button\">R\u00e9server<\/a>\r\n<\/div>\n\n\n<ul class=\"wp-block-list\">\n<li>Vous pouvez prendre un rendez-vous d\u00e8s aujourd&rsquo;hui.<\/li>\n\n\n\n<li>Nos devis sont gratuits.<\/li>\n\n\n\n<li>Nos techniciens sont familiaris\u00e9s avec les derni\u00e8res techniques<\/li>\n\n\n\n<li>Nous utilisons des produits \u00e9coresponsables.<\/li>\n<\/ul>\n\n\n<h2 class=\"wp-block-heading\" id=\"h-services-de-menage-a-saignelegier\">Services de m\u00e9nage \u00e0 Saignel\u00e9gier<\/h2>\n\n\n<p>Nous proposons des services de m\u00e9nage sur mesure pour r\u00e9pondre \u00e0 vos attentes. Pour un nettoyage complet, occasionnel ou un entretien r\u00e9gulier. Voici les prestations que nous r\u00e9alisons \u00e0 Saignel\u00e9gier :&nbsp;<\/p>\n\n\n\n<ul class=\"wp-block-list\">\n<li>M\u00e9nage de bureaux et locaux commerciaux.<\/li>\n\n\n\n<li>M\u00e9nage des locations Airbnb.<\/li>\n\n\n\n<li>Nettoyage apr\u00e8s une r\u00e9novation.<\/li>\n\n\n\n<li>M\u00e9nage apr\u00e8s d\u00e9m\u00e9nagement\/avant emm\u00e9nagement.<\/li>\n<\/ul>\n\n\n<h2 class=\"wp-block-heading\" id=\"h-quelles-sont-les-solutions-que-proposent-d-artisanlocal\">Quelles sont les solutions que proposent d\u2019artisanlocal\u202f?<\/h2>\n\n\n<ul class=\"wp-block-list\">\n<li>M\u00e9nage pour les locations courtes dur\u00e9es.<\/li>\n\n\n\n<li>Nettoyage complet de votre logement.<\/li>\n\n\n\n<li>Entretien de vos sols.<\/li>\n\n\n\n<li>Entretien du jardin.<\/li>\n\n\n\n<li>Nettoyage des salles de gym.<\/li>\n\n\n\n<li>Nettoyage des caves.<\/li>\n\n\n\n<li>Entretien et nettoyage des appareils m\u00e9nagers.<\/li>\n\n\n\n<li>\u00c9limination des virus sur les surfaces et objets.<\/li>\n\n\n\n<li>Nettoyage apr\u00e8s une r\u00e9novation.<\/li>\n\n\n\n<li>Nettoyage en milieu m\u00e9dical.<\/li>\n\n\n\n<li>Nettoyage apr\u00e8s un changement de logement.<\/li>\n\n\n\n<li>Entretien de salles de bains.<\/li>\n\n\n\n<li>Nettoyage des espaces de coworking.<\/li>\n\n\n\n<li>Nettoyage de magasins de proximit\u00e9.<\/li>\n\n\n\n<li>Nettoyage des \u00e9coles.<\/li>\n\n\n\n<li>Service de lavage de la vaisselle.<\/li>\n\n\n\n<li>Lavage de vitres.<\/li>\n<\/ul>\n\n\n<h2 class=\"wp-block-heading\" id=\"h-une-societe-de-confiance-a-saignelegier\">Une soci\u00e9t\u00e9 de confiance \u00e0 Saignel\u00e9gier<\/h2>\n\n<h3 class=\"wp-block-heading\" id=\"h-menage-pour-appartement-a-saignelegier\">M\u00e9nage pour appartement \u00e0 Saignel\u00e9gier<\/h3>\n\n\n<p>Nous r\u00e9alisons le m\u00e9nage d\u2019appartements \u00e0 Saignel\u00e9gier. Par exemple, nous nettoyons l\u2019int\u00e9rieur de votre appartement avant la remise des cl\u00e9s. Il est important de savoir que si le m\u00e9nage n\u2019est pas effectu\u00e9 correctement, le bailleur peut faire appel \u00e0 une entreprise de nettoyage et retenir une part de votre d\u00e9p\u00f4t de garantie. Le m\u00e9nage avant la remise des cl\u00e9s inclut les services suivants :<\/p>\n\n\n\n<ul class=\"wp-block-list\">\n<li>L\u2019entretien et votre salle d\u2019eau et de vos WC.<\/li>\n\n\n\n<li>Le d\u00e9poussi\u00e9rage de vos meubles.<\/li>\n\n\n\n<li>Le nettoyage de la cuisine et de la hotte de cuisson.<\/li>\n\n\n\n<li>Le lavage des vitres et fen\u00eatres.<\/li>\n\n\n\n<li>Le nettoyage des surfaces, comme : les murs, les sols, les parquets, les tapis et les carrelages.<\/li>\n<\/ul>\n\n\n<h3 class=\"wp-block-heading\" id=\"h-besoin-d-un-nettoyage-regulier-de-votre-habitation\">Besoin d\u2019un nettoyage r\u00e9gulier de votre habitation ?<\/h3>\n\n\n<p>Artisanlocal propose des solutions de nettoyage adapt\u00e9es \u00e0 vos attentes, nous pouvons intervenir chaque semaine, ou de mani\u00e8re bihebdomadaire ou mensuelle.<\/p>\n\n\n<h3 class=\"wp-block-heading\" id=\"h-nettoyage-en-profondeur-de-votre-maison-a-saignelegier\">Nettoyage en profondeur de votre maison \u00e0 Saignel\u00e9gier<\/h3>\n\n\n<p>Artisanlocal propose des services de nettoyage en profondeur de votre maison, en plus de notre m\u00e9nage classique.<\/p>\n\n\n<h3 class=\"wp-block-heading\" id=\"h-quels-sont-les-avantages-d-un-menage-en-profondeur\">Quels sont les avantages d\u2019un m\u00e9nage en profondeur ?<\/h3>\n\n\n<p>L\u2019avantage d\u2019un m\u00e9nage en profondeur permet d\u2019enlever la salet\u00e9, la poussi\u00e8re et la crasse accumul\u00e9es au fil du temps. Le m\u00e9nage en profondeur permet d\u2019am\u00e9liorer la qualit\u00e9 de l\u2019air int\u00e9rieur de votre logement. De plus, un nettoyage en profondeur permet de supprimer les odeurs d\u00e9sagr\u00e9ables pr\u00e9sentes chez vous.<\/p>\n\n\n<h3 class=\"wp-block-heading\" id=\"h-menage-de-locaux-professionnels-a-saignelegier\">M\u00e9nage de locaux professionnels \u00e0 Saignel\u00e9gier<\/h3>\n\n\n<p>Artisanlocal peut r\u00e9aliser le m\u00e9nage de vos locaux professionnels. Avec nos services, vous gagnerez du temps et de l\u2019\u00e9nergie. D\u00e9couvrez nos services d\u2019entretien :<\/p>\n\n\n\n<ul class=\"wp-block-list\">\n<li>Pour le nettoyage de vos moquettes et de vos vitres.<\/li>\n\n\n\n<li>Pour le nettoyage de vos fauteuils, si\u00e8ges de bureau, canap\u00e9s.<\/li>\n\n\n\n<li>L\u2019enl\u00e8vement de vos d\u00e9chets.<\/li>\n\n\n\n<li>Le d\u00e9poussi\u00e9rage.<\/li>\n\n\n\n<li>Le nettoyage de vos sols.<\/li>\n<\/ul>\n\n\n<h3 class=\"wp-block-heading\" id=\"h-menage-de-votre-maison-a-saignelegier\">M\u00e9nage de votre maison \u00e0 Saignel\u00e9gier<\/h3>\n\n\n<p>Pour que votre maison reste propre, vous devez nettoyer fr\u00e9quemment votre int\u00e9rieur. De nombreux Suisse ont des emplois du temps charg\u00e9s et rendre cette t\u00e2che impossible. Si vous avez besoin de gagner du temps, vous pouvez nous confier le m\u00e9nage de votre logement.<\/p>\n\n\n<h3 class=\"wp-block-heading\" id=\"h-entreprise-qui-intervient-a-saignelegier-et-dans-les-villes-proches\">Entreprise qui intervient \u00e0 Saignel\u00e9gier et dans les villes proches<\/h3>\n\n\n<p>Nous intervenons \u00e0 Saignel\u00e9gier et dans toutes les villes proches, comme :&nbsp;<\/p>\n\n\nLes Bois, Muriaux, Le Noirmont, Les Breuleux, La Chaux-des-Breuleux, Le B\u00e9mont JU, Montfaucon, Les Enfers, St-Brais, Le Pr\u00e9dame, Les Genevez JU, Fornet-Dessus, Lajoux JU, Soubey.\n\n\n<h2 class=\"wp-block-heading\" id=\"h-pourquoi-faire-appel-a-artisanlocal-a-saignelegier\">Pourquoi faire appel \u00e0 Artisanlocal \u00e0 Saignel\u00e9gier ?<\/h2>\n\n\n<p>Si vous vivez \u00e0 Saignel\u00e9gier, il peut \u00eatre compliqu\u00e9 de garder votre int\u00e9rieur propre. Nos prestations sont adapt\u00e9es, pour que vous&nbsp; :<\/p>\n\n\n<h3 class=\"wp-block-heading\" id=\"h-gerer-mieux-votre-espace\">G\u00e9rer mieux votre espace<\/h3>\n\n\n<p>Si votre habitation est d\u00e9sorganis\u00e9e, il est difficile de se sentir bien chez soi. Artisanlocal.ch, vous propose des services de nettoyage afin de vous aider \u00e0 mieux ranger votre espace.&nbsp;<\/p>\n\n\n<h3 class=\"wp-block-heading\" id=\"h-vous-sentir-a-l-aise\">Vous sentir \u00e0 l\u2019aise<\/h3>\n\n\n<p>Une maison propre et organis\u00e9e, vous permet de vous sentir plus \u00e0 l\u2019aise.<\/p>\n\n\n<h3 class=\"wp-block-heading\" id=\"h-vivre-en-bonne-forme-nbsp\">Vivre en bonne forme <\/h3>\n\n\n<p>Trop de poussi\u00e8re et de salet\u00e9 dans votre int\u00e9rieur peuvent nuire \u00e0 votre sant\u00e9, ce qui provoque des r\u00e9actions allergiques ou aggrave celles d\u00e9j\u00e0 pr\u00e9sentes.&nbsp;<\/p>\n\n\n<h3 class=\"wp-block-heading\" id=\"h-ameliorer-la-disposition-de-votre-interieur\">Am\u00e9liorer la disposition de votre int\u00e9rieur<\/h3>\n\n\n<p>Un int\u00e9rieur mal rang\u00e9 peut rendre la vie quotidienne plus difficile. Nos services peuvent vous aider \u00e0 mieux ranger l\u2019int\u00e9rieur de votre habitation.<\/p>\n","protected":false},"excerpt":{"rendered":"<p>Artisanlocal.ch votre soci\u00e9t\u00e9 de nettoyage \u00e0 Saignel\u00e9gier. Nous proposons des services de nettoyage de haute qualit\u00e9 pour les professionnels et les particuliers. Pourquoi travailler avec Artisanlocal ? Services de m\u00e9nage \u00e0 Saignel\u00e9gier Nous proposons des services de m\u00e9nage sur mesure pour r\u00e9pondre \u00e0 vos attentes. Pour un nettoyage complet, occasionnel ou un entretien r\u00e9gulier. Voici [&hellip;]<\/p>\n","protected":false},"author":4,"featured_media":2754,"parent":0,"menu_order":0,"comment_status":"closed","ping_status":"closed","template":"","meta":{"footnotes":""},"profession":[108],"location":[125],"canton":[111],"class_list":["post-1436","page","type-page","status-publish","has-post-thumbnail","hentry","profession-agent-de-proprete","location-saignelegier","canton-ju"],"yoast_head":"<!-- This site is optimized with the Yoast SEO Premium plugin v25.7.1 (Yoast SEO v27.3) - https:\/\/yoast.com\/product\/yoast-seo-premium-wordpress\/ -->\n<title>Entreprise de nettoyage \u00e0 Saignel\u00e9gier - Artisanlocal<\/title>\n<meta name=\"robots\" content=\"index, follow, max-snippet:-1, max-image-preview:large, max-video-preview:-1\" \/>\n<link rel=\"canonical\" href=\"https:\/\/www.artisanlocal.ch\/c\/service-de-nettoyage-a-saignelegier\/\" \/>\n<meta property=\"og:locale\" content=\"fr_FR\" \/>\n<meta property=\"og:type\" content=\"article\" \/>\n<meta property=\"og:title\" content=\"Entreprise de nettoyage \u00e0 Saignel\u00e9gier\" \/>\n<meta property=\"og:description\" content=\"Artisanlocal.ch votre soci\u00e9t\u00e9 de nettoyage \u00e0 Saignel\u00e9gier. Nous proposons des services de nettoyage de haute qualit\u00e9 pour les professionnels et les particuliers. Pourquoi travailler avec Artisanlocal ? Services de m\u00e9nage \u00e0 Saignel\u00e9gier Nous proposons des services de m\u00e9nage sur mesure pour r\u00e9pondre \u00e0 vos attentes. Pour un nettoyage complet, occasionnel ou un entretien r\u00e9gulier. Voici [&hellip;]\" \/>\n<meta property=\"og:url\" content=\"https:\/\/www.artisanlocal.ch\/c\/service-de-nettoyage-a-saignelegier\/\" \/>\n<meta property=\"og:site_name\" content=\"Artisanlocal\" \/>\n<meta property=\"article:modified_time\" content=\"2025-08-26T17:26:49+00:00\" \/>\n<meta property=\"og:image\" content=\"https:\/\/www.artisanlocal.ch\/c\/wp-content\/uploads\/2024\/10\/agent-proprete.jpg\" \/>\n\t<meta property=\"og:image:width\" content=\"1920\" \/>\n\t<meta property=\"og:image:height\" content=\"300\" \/>\n\t<meta property=\"og:image:type\" content=\"image\/jpeg\" \/>\n<meta name=\"twitter:card\" content=\"summary_large_image\" \/>\n<meta name=\"twitter:label1\" content=\"Dur\u00e9e de lecture estim\u00e9e\" \/>\n\t<meta name=\"twitter:data1\" content=\"4 minutes\" \/>\n<script type=\"application\/ld+json\" class=\"yoast-schema-graph\">{\"@context\":\"https:\\\/\\\/schema.org\",\"@graph\":[{\"@type\":\"WebPage\",\"@id\":\"https:\\\/\\\/www.artisanlocal.ch\\\/c\\\/service-de-nettoyage-a-saignelegier\\\/\",\"url\":\"https:\\\/\\\/www.artisanlocal.ch\\\/c\\\/service-de-nettoyage-a-saignelegier\\\/\",\"name\":\"Entreprise de nettoyage \u00e0 Saignel\u00e9gier - Artisanlocal\",\"isPartOf\":{\"@id\":\"https:\\\/\\\/www.artisanlocal.ch\\\/c\\\/#website\"},\"primaryImageOfPage\":{\"@id\":\"https:\\\/\\\/www.artisanlocal.ch\\\/c\\\/service-de-nettoyage-a-saignelegier\\\/#primaryimage\"},\"image\":{\"@id\":\"https:\\\/\\\/www.artisanlocal.ch\\\/c\\\/service-de-nettoyage-a-saignelegier\\\/#primaryimage\"},\"thumbnailUrl\":\"https:\\\/\\\/www.artisanlocal.ch\\\/c\\\/wp-content\\\/uploads\\\/2024\\\/10\\\/agent-proprete.jpg\",\"datePublished\":\"2024-08-13T15:18:57+00:00\",\"dateModified\":\"2025-08-26T17:26:49+00:00\",\"breadcrumb\":{\"@id\":\"https:\\\/\\\/www.artisanlocal.ch\\\/c\\\/service-de-nettoyage-a-saignelegier\\\/#breadcrumb\"},\"inLanguage\":\"fr-FR\",\"potentialAction\":[{\"@type\":\"ReadAction\",\"target\":[\"https:\\\/\\\/www.artisanlocal.ch\\\/c\\\/service-de-nettoyage-a-saignelegier\\\/\"]}]},{\"@type\":\"ImageObject\",\"inLanguage\":\"fr-FR\",\"@id\":\"https:\\\/\\\/www.artisanlocal.ch\\\/c\\\/service-de-nettoyage-a-saignelegier\\\/#primaryimage\",\"url\":\"https:\\\/\\\/www.artisanlocal.ch\\\/c\\\/wp-content\\\/uploads\\\/2024\\\/10\\\/agent-proprete.jpg\",\"contentUrl\":\"https:\\\/\\\/www.artisanlocal.ch\\\/c\\\/wp-content\\\/uploads\\\/2024\\\/10\\\/agent-proprete.jpg\",\"width\":1920,\"height\":300},{\"@type\":\"BreadcrumbList\",\"@id\":\"https:\\\/\\\/www.artisanlocal.ch\\\/c\\\/service-de-nettoyage-a-saignelegier\\\/#breadcrumb\",\"itemListElement\":[{\"@type\":\"ListItem\",\"position\":1,\"name\":\"Accueil\",\"item\":\"https:\\\/\\\/www.artisanlocal.ch\\\/c\\\/\"},{\"@type\":\"ListItem\",\"position\":2,\"name\":\"Entreprise de nettoyage \u00e0 Saignel\u00e9gier\"}]},{\"@type\":\"WebSite\",\"@id\":\"https:\\\/\\\/www.artisanlocal.ch\\\/c\\\/#website\",\"url\":\"https:\\\/\\\/www.artisanlocal.ch\\\/c\\\/\",\"name\":\"Artisanlocal\",\"description\":\"\",\"publisher\":{\"@id\":\"https:\\\/\\\/www.artisanlocal.ch\\\/c\\\/#organization\"},\"potentialAction\":[{\"@type\":\"SearchAction\",\"target\":{\"@type\":\"EntryPoint\",\"urlTemplate\":\"https:\\\/\\\/www.artisanlocal.ch\\\/c\\\/?s={search_term_string}\"},\"query-input\":{\"@type\":\"PropertyValueSpecification\",\"valueRequired\":true,\"valueName\":\"search_term_string\"}}],\"inLanguage\":\"fr-FR\"},{\"@type\":\"Organization\",\"@id\":\"https:\\\/\\\/www.artisanlocal.ch\\\/c\\\/#organization\",\"name\":\"Artisanlocal\",\"url\":\"https:\\\/\\\/www.artisanlocal.ch\\\/c\\\/\",\"logo\":{\"@type\":\"ImageObject\",\"inLanguage\":\"fr-FR\",\"@id\":\"https:\\\/\\\/www.artisanlocal.ch\\\/c\\\/#\\\/schema\\\/logo\\\/image\\\/\",\"url\":\"https:\\\/\\\/www.artisanlocal.ch\\\/c\\\/wp-content\\\/uploads\\\/2024\\\/02\\\/logo-artisanlocal-h.svg\",\"contentUrl\":\"https:\\\/\\\/www.artisanlocal.ch\\\/c\\\/wp-content\\\/uploads\\\/2024\\\/02\\\/logo-artisanlocal-h.svg\",\"caption\":\"Artisanlocal\"},\"image\":{\"@id\":\"https:\\\/\\\/www.artisanlocal.ch\\\/c\\\/#\\\/schema\\\/logo\\\/image\\\/\"}}]}<\/script>\n<!-- \/ Yoast SEO Premium plugin. -->","yoast_head_json":{"title":"Entreprise de nettoyage \u00e0 Saignel\u00e9gier - Artisanlocal","robots":{"index":"index","follow":"follow","max-snippet":"max-snippet:-1","max-image-preview":"max-image-preview:large","max-video-preview":"max-video-preview:-1"},"canonical":"https:\/\/www.artisanlocal.ch\/c\/service-de-nettoyage-a-saignelegier\/","og_locale":"fr_FR","og_type":"article","og_title":"Entreprise de nettoyage \u00e0 Saignel\u00e9gier","og_description":"Artisanlocal.ch votre soci\u00e9t\u00e9 de nettoyage \u00e0 Saignel\u00e9gier. Nous proposons des services de nettoyage de haute qualit\u00e9 pour les professionnels et les particuliers. Pourquoi travailler avec Artisanlocal ? Services de m\u00e9nage \u00e0 Saignel\u00e9gier Nous proposons des services de m\u00e9nage sur mesure pour r\u00e9pondre \u00e0 vos attentes. Pour un nettoyage complet, occasionnel ou un entretien r\u00e9gulier. Voici [&hellip;]","og_url":"https:\/\/www.artisanlocal.ch\/c\/service-de-nettoyage-a-saignelegier\/","og_site_name":"Artisanlocal","article_modified_time":"2025-08-26T17:26:49+00:00","og_image":[{"width":1920,"height":300,"url":"https:\/\/www.artisanlocal.ch\/c\/wp-content\/uploads\/2024\/10\/agent-proprete.jpg","type":"image\/jpeg"}],"twitter_card":"summary_large_image","twitter_misc":{"Dur\u00e9e de lecture estim\u00e9e":"4 minutes"},"schema":{"@context":"https:\/\/schema.org","@graph":[{"@type":"WebPage","@id":"https:\/\/www.artisanlocal.ch\/c\/service-de-nettoyage-a-saignelegier\/","url":"https:\/\/www.artisanlocal.ch\/c\/service-de-nettoyage-a-saignelegier\/","name":"Entreprise de nettoyage \u00e0 Saignel\u00e9gier - Artisanlocal","isPartOf":{"@id":"https:\/\/www.artisanlocal.ch\/c\/#website"},"primaryImageOfPage":{"@id":"https:\/\/www.artisanlocal.ch\/c\/service-de-nettoyage-a-saignelegier\/#primaryimage"},"image":{"@id":"https:\/\/www.artisanlocal.ch\/c\/service-de-nettoyage-a-saignelegier\/#primaryimage"},"thumbnailUrl":"https:\/\/www.artisanlocal.ch\/c\/wp-content\/uploads\/2024\/10\/agent-proprete.jpg","datePublished":"2024-08-13T15:18:57+00:00","dateModified":"2025-08-26T17:26:49+00:00","breadcrumb":{"@id":"https:\/\/www.artisanlocal.ch\/c\/service-de-nettoyage-a-saignelegier\/#breadcrumb"},"inLanguage":"fr-FR","potentialAction":[{"@type":"ReadAction","target":["https:\/\/www.artisanlocal.ch\/c\/service-de-nettoyage-a-saignelegier\/"]}]},{"@type":"ImageObject","inLanguage":"fr-FR","@id":"https:\/\/www.artisanlocal.ch\/c\/service-de-nettoyage-a-saignelegier\/#primaryimage","url":"https:\/\/www.artisanlocal.ch\/c\/wp-content\/uploads\/2024\/10\/agent-proprete.jpg","contentUrl":"https:\/\/www.artisanlocal.ch\/c\/wp-content\/uploads\/2024\/10\/agent-proprete.jpg","width":1920,"height":300},{"@type":"BreadcrumbList","@id":"https:\/\/www.artisanlocal.ch\/c\/service-de-nettoyage-a-saignelegier\/#breadcrumb","itemListElement":[{"@type":"ListItem","position":1,"name":"Accueil","item":"https:\/\/www.artisanlocal.ch\/c\/"},{"@type":"ListItem","position":2,"name":"Entreprise de nettoyage \u00e0 Saignel\u00e9gier"}]},{"@type":"WebSite","@id":"https:\/\/www.artisanlocal.ch\/c\/#website","url":"https:\/\/www.artisanlocal.ch\/c\/","name":"Artisanlocal","description":"","publisher":{"@id":"https:\/\/www.artisanlocal.ch\/c\/#organization"},"potentialAction":[{"@type":"SearchAction","target":{"@type":"EntryPoint","urlTemplate":"https:\/\/www.artisanlocal.ch\/c\/?s={search_term_string}"},"query-input":{"@type":"PropertyValueSpecification","valueRequired":true,"valueName":"search_term_string"}}],"inLanguage":"fr-FR"},{"@type":"Organization","@id":"https:\/\/www.artisanlocal.ch\/c\/#organization","name":"Artisanlocal","url":"https:\/\/www.artisanlocal.ch\/c\/","logo":{"@type":"ImageObject","inLanguage":"fr-FR","@id":"https:\/\/www.artisanlocal.ch\/c\/#\/schema\/logo\/image\/","url":"https:\/\/www.artisanlocal.ch\/c\/wp-content\/uploads\/2024\/02\/logo-artisanlocal-h.svg","contentUrl":"https:\/\/www.artisanlocal.ch\/c\/wp-content\/uploads\/2024\/02\/logo-artisanlocal-h.svg","caption":"Artisanlocal"},"image":{"@id":"https:\/\/www.artisanlocal.ch\/c\/#\/schema\/logo\/image\/"}}]}},"_links":{"self":[{"href":"https:\/\/www.artisanlocal.ch\/c\/wp-json\/wp\/v2\/pages\/1436","targetHints":{"allow":["GET"]}}],"collection":[{"href":"https:\/\/www.artisanlocal.ch\/c\/wp-json\/wp\/v2\/pages"}],"about":[{"href":"https:\/\/www.artisanlocal.ch\/c\/wp-json\/wp\/v2\/types\/page"}],"author":[{"embeddable":true,"href":"https:\/\/www.artisanlocal.ch\/c\/wp-json\/wp\/v2\/users\/4"}],"replies":[{"embeddable":true,"href":"https:\/\/www.artisanlocal.ch\/c\/wp-json\/wp\/v2\/comments?post=1436"}],"version-history":[{"count":0,"href":"https:\/\/www.artisanlocal.ch\/c\/wp-json\/wp\/v2\/pages\/1436\/revisions"}],"wp:featuredmedia":[{"embeddable":true,"href":"https:\/\/www.artisanlocal.ch\/c\/wp-json\/wp\/v2\/media\/2754"}],"wp:attachment":[{"href":"https:\/\/www.artisanlocal.ch\/c\/wp-json\/wp\/v2\/media?parent=1436"}],"wp:term":[{"taxonomy":"profession","embeddable":true,"href":"https:\/\/www.artisanlocal.ch\/c\/wp-json\/wp\/v2\/profession?post=1436"},{"taxonomy":"location","embeddable":true,"href":"https:\/\/www.artisanlocal.ch\/c\/wp-json\/wp\/v2\/location?post=1436"},{"taxonomy":"canton","embeddable":true,"href":"https:\/\/www.artisanlocal.ch\/c\/wp-json\/wp\/v2\/canton?post=1436"}],"curies":[{"name":"wp","href":"https:\/\/api.w.org\/{rel}","templated":true}]}}