{"id":2526,"date":"2024-10-01T04:56:50","date_gmt":"2024-10-01T02:56:50","guid":{"rendered":"https:\/\/www.artisanlocal.ch\/c\/energies-renouvelables-a-bulle-et-dans-les-villes-proches\/"},"modified":"2025-08-26T19:26:16","modified_gmt":"2025-08-26T17:26:16","slug":"energies-renouvelables-a-bulle-et-dans-les-villes-proches","status":"publish","type":"page","link":"https:\/\/www.artisanlocal.ch\/c\/energies-renouvelables-a-bulle-et-dans-les-villes-proches\/","title":{"rendered":"\u00c9nergies renouvelables \u00e0 Bulle et dans les villes proches"},"content":{"rendered":"\r\n<div class=\"box\">\r\n            <div class=\"company-info\">\r\n            <img decoding=\"async\" class=\"company-info__logo\" src=\"https:\/\/www.artisanlocal.ch\/media\/cache\/thumb\/images\/companies\/66bf0b815fe61376813991.png\" alt=\"Logo\">\r\n            <h2 class=\"company-info__name\">ProWatt S\u00e0rl<\/h2>\r\n            <p class=\"company-info__business\">Installations solaires - Batteries - Bornes de recharge - Maintenance<\/p>\r\n        <\/div>\r\n        <div class=\"company-contact\">\r\n            <p class=\"company-info__address\">Rue Pierre-Sciob\u00e9ret 11<\/p>\r\n                            <div class=\"links\">\r\n                                            <a class=\"btn has-accent-background-color js-phoneNumber\" href=\"tel:0264206060\" title=\"Appelez\" data-id=\"25227\" data-type=\"11\">026 420 60 60<\/a>\r\n                                                                <a class=\"btn has-accent-background-color\" href=\"https:\/\/pro-watt.ch\/\" target=\"_blank\" title=\"Voir le site internet\" data-id=\"25227\" data-type=\"20\">Site internet<\/a>\r\n                                    <\/div>\r\n                    <\/div>\r\n    \r\n            \r\n<form action=\"https:\/\/www.artisanlocal.ch\/c\/wp-admin\/admin-ajax.php\" method=\"post\" class=\"form-contact\" id=\"artisan_form_contact_company_inline\">\r\n    <div><input type=\"hidden\" name=\"action\" value=\"company_contact\"><\/div>\r\n    <div><input type=\"hidden\" name=\"nonce\" value=\"972bc58192\"><\/div>\r\n    <div><input type=\"hidden\" name=\"company_id\" value=\"25227\"><\/div>\r\n    <div><input type=\"hidden\" name=\"form_id\" value=\"artisan_form_contact_company_inline\"><\/div>\r\n    <div class=\"gglcptch gglcptch_v3 gglcptch_custom\"><input type=\"hidden\" id=\"g-recaptcha-response\" name=\"g-recaptcha-response\" \/><br \/><div class=\"gglcptch_error_text\">La p\u00e9riode de v\u00e9rification reCAPTCHA a expir\u00e9. Veuillez recharger la page.<\/div><\/div>    <div class=\"form-content\">\r\n        <div class=\"form-group\">\r\n            <label for=\"contact_firstName\" class=\"required\">Pr\u00e9nom<\/label>\r\n            <input type=\"text\" name=\"firstName\" class=\"form-control\" required>\r\n        <\/div>\r\n        <div class=\"form-group\">\r\n            <label for=\"contact_lastName\" class=\"required\">Nom<\/label>\r\n            <input type=\"text\" name=\"lastName\" class=\"form-control\" required>\r\n        <\/div>\r\n        <div class=\"form-group\">\r\n            <label for=\"contact_email\" class=\"required\">Email<\/label>\r\n            <input type=\"email\" name=\"email\" class=\"form-control\" required>\r\n        <\/div>\r\n        <div class=\"form-group\">\r\n            <label for=\"contact_phone\" class=\"required\">Num\u00e9ro de t\u00e9l\u00e9phone<\/label>\r\n            <input type=\"tel\" name=\"phone\" class=\"form-control\" placeholder=\"0787117165\" pattern=\"^[0-9]{10}$\" required>\r\n        <\/div>\r\n        <div class=\"form-group\">\r\n            <label for=\"contact_postalCode\" class=\"required\">Code postal et localit\u00e9<\/label>\r\n            <input type=\"text\" name=\"postalCode\" class=\"form-control\" required>\r\n        <\/div>\r\n        <div class=\"form-group\">\r\n            <label for=\"contact_address\" class=\"required\">Adresse<\/label>\r\n            <input type=\"text\" name=\"address\" class=\"form-control\" required>\r\n        <\/div>\r\n        <div class=\"full-width topic\">\r\n            <p class=\"required\">Je souhaite \u00eatre contact\u00e9 pour :<\/p>\r\n            <div class=\"form-check\">\r\n                <input type=\"radio\" name=\"topic\" value=\"D\u00e9pannage\" class=\"form-control\" required>\r\n                <label for=\"d\u00e9pannage\">D\u00e9pannage<\/label>\r\n            <\/div>\r\n            <div class=\"form-check\">\r\n                <input type=\"radio\" name=\"topic\" value=\"Entretien\" class=\"form-control\" required>\r\n                <label for=\"entretien\">Entretien<\/label>\r\n            <\/div>\r\n            <div class=\"form-check\">\r\n                <input type=\"radio\" name=\"topic\" value=\"R\u00e9novation\" class=\"form-control\" required>\r\n                <label for=\"r\u00e9novation\">R\u00e9novation<\/label>\r\n            <\/div>\r\n            <div class=\"form-check\">\r\n                <input type=\"radio\" name=\"topic\" value=\"Autre\" class=\"form-control\" required>\r\n                <label for=\"autre\">Autre<\/label>\r\n            <\/div>\r\n        <\/div>\r\n        <div class=\"form-group full-width\">\r\n            <label for=\"contact_message\">Message<\/label>\r\n            <textarea name=\"message\" rows=\"3\" class=\"form-control\"><\/textarea>\r\n        <\/div>\r\n    <\/div>\r\n    <div class=\"form-actions\">\r\n        <button class=\"wp-block-button__link has-accent-background-color\">Contacter<\/button>\r\n    <\/div>\r\n<\/form>\r\n<div class=\"form-feedback\"><\/div>    <\/div>\n<h2>Pourquoi choisir les services de notre entreprise pour vos solutions d&rsquo;\u00e9nergies renouvelables \u00e0 Bulle ?<\/h2>\n<ul>\n<li>Nos devis sont gratuits.<\/li>\n<li>Nos artisans emploient les derni\u00e8res technologies.<\/li>\n<li>Nos bureaux sont install\u00e9s \u00e0 Bulle pour vous contacter rapidement.<\/li>\n<li>Les tarifs de nos travaux sont attractifs.<\/li>\n<li>Les techniciens qui op\u00e8rent chez vous sont exp\u00e9riment\u00e9s.<\/li>\n<li>Nous offrons des services sur mesure.<\/li>\n<li>Nous r\u00e9alisons la gestion compl\u00e8te de votre projet.<\/li>\n<li>Artisanlocal propose une assistance personnalis\u00e9e.<\/li>\n<\/ul>\n<h2>Quels sont les types d\u2019installations d&rsquo;\u00e9nergies renouvelables que vous offrez ?<\/h2>\n<ul>\n<li>Chaudi\u00e8re bois : granul\u00e9, b\u00fbche ou mixte.<\/li>\n<li>Pompe \u00e0 chaleur g\u00e9othermique&nbsp;: captage vertical ou captage horizontal<\/li>\n<li>Chaleur \u00e0 distance fossile : par r\u00e9cup\u00e9ration, thermodynamique, fossile ou renouvelable.<\/li>\n<li>Pompe \u00e0 chaleur : hydrothermique, a\u00e9rothermique, g\u00e9othermique ou hybride.<\/li>\n<li>Panneau solaire photovolta\u00efque : silicium, avec couche mince, concentration, bifaciaux ou int\u00e9gr\u00e9 au b\u00e2timent.<\/li>\n<li>Panneau \u00e0 \u00e9nergie solaire thermique : plan vitr\u00e9, concentration, tube sous vide, thermosiphon (stockage passif) ou solaire hybride.<\/li>\n<li>Stockage d&rsquo;\u00e9nergie : \u00e9lectrochimique, m\u00e9canique, thermique, gravitationnel, chimique ou supercondensateur.<\/li>\n<li>Notre soci\u00e9t\u00e9 propose d&rsquo;autres solutions d&rsquo;\u00e9nergies renouvelables : \u00e9olien, r\u00e9seau de distribution et hydraulique.&nbsp;<\/li>\n<\/ul>\n<h2>Quels sont les services que vous proposez ?<\/h2>\n<ul>\n<li>Audit \u00e9nerg\u00e9tique : examen de vos d\u00e9penses \u00e9nerg\u00e9tiques.<\/li>\n<li>Conseil : adapt\u00e9 et en fonction de votre situation.<\/li>\n<li>Mise en place : pompes \u00e0 chaleur, panneaux solaires, etc.<\/li>\n<li>Maintenance de vos installations : suivi et entretien.<\/li>\n<li>Supervision de votre projet : phase de planification \u00e0 l\u2019installation.<\/li>\n<li>Formation et sensibilisation : \u00e9nergies renouvelables pour les soci\u00e9t\u00e9s et les propri\u00e9taires.<\/li>\n<li>Syst\u00e8me : stockage \u00e9nerg\u00e9tique.<\/li>\n<\/ul>\n<h3>Entreprise sp\u00e9cialis\u00e9e dans les \u00e9nergies durables et qui intervient \u00e0 Bulle et dans les alentours&nbsp;<\/h3>\n<p>Nous r\u00e9alisons tous vos travaux d\u2019installations d\u2019\u00e9nergies renouvelables \u00e0 Bulle et aussi dans les villes aux alentours, comme : Maules, S\u00e2les (Gruy\u00e8re), Romanens, Rueyres-Treyfayes, Treyfayes, Vaulruz, Vuadens, Riaz, Marsens, Vuippens, La Roche FR, La Tour-de-Tr\u00eame, Broc, Charmey (Gruy\u00e8re), Morlon, Sorens, Gumefens, Avry-devant-Pont, Le Bry, Echarlens, Corbi\u00e8res, Hauteville, Pont-la-Ville, Villarvolard, Botterens, Villarbeney, Ch\u00e2tel-sur-Montsalvens, Cr\u00e9suz, Im Fang, Jaun, Abl\u00e4ndschen, Le P\u00e2quier-Montbarry, Epagny, Gruy\u00e8res, Mol\u00e9son-sur-Gruy\u00e8res, Pringy, Estavannens, Grandvillard, Villars-sous-Mont, Enney, Albeuve, Lessoc, Montbovon, Neirivue, Les Sciernes-d'Albeuve..&nbsp;<\/p>\n<h2>Questions fr\u00e9quentes<\/h2>\n<h3>Est-il possible de poser un syst\u00e8me de pompe \u00e0 chaleur avec des panneaux photovolta\u00efques\u202f?<\/h3>\n<p>Oui, c&rsquo;est envisageable de poser des panneaux solaires et une pompe \u00e0 chaleur en m\u00eame temps. Dans cette configuration, vous am\u00e9liorez la gestion et la conservation de l&rsquo;\u00e9nergie fabriqu\u00e9e. Il est possible de configurer votre pompe \u00e0 chaleur pour fonctionner avec l&rsquo;\u00e9lectricit\u00e9 produite par les panneaux photovolta\u00efques et ensuite emmagasiner la chaleur sous forme d&rsquo;eau chaude.<\/p>\n<h3>Quels sont les dispositifs financiers pr\u00e9vus pour les chauffages fonctionnant aux \u00e9nergies durables \u202f?<\/h3>\n<p>En fonction de votre canton, on trouve diff\u00e9rents subventions et programmes pour financer votre chauffage.<\/p>\n<h3>Les capteurs solaires thermiques sont-ils rentables alors que la chaleur est principalement g\u00e9n\u00e9r\u00e9e en p\u00e9riode estivale\u202f?<\/h3>\n<p>Oui, parce que vous avez continuellement besoins de chauffer votre eau tout au long de l&rsquo;ann\u00e9e. Une solution solaire thermique peut produire une partie significative de cette consommation, couvrant en g\u00e9n\u00e9ral vos besoins en saison chaude, tandis qu&rsquo;en p\u00e9riode froide, c\u2019est une solution d\u2019appoint qui favorise la r\u00e9duction de votre consommation.<\/p>\n<h3>Les mat\u00e9riaux utilis\u00e9s dans la fabrication des panneaux solaires sont-ils pr\u00e9cieux\u202f?<\/h3>\n<p>La solution solaire photovolta\u00efque fonctionne avec des modules \u00e9labor\u00e9s avec du verre, de l&rsquo;aluminium, du silicium et des mati\u00e8res synth\u00e9tiques, dont la ressource est abondante. Cependant, ces modules ont besoin d&rsquo;argent pour marcher. Les nouvelles techniques de fabrication permettent de baisser l&#8217;emploi de l&rsquo;argent, voire \u00e0 le remplacer int\u00e9gralement par du cuivre. Pour l&rsquo;instant, la portion d&rsquo;argent dans les modules a d\u00e9j\u00e0 diminu\u00e9 d&rsquo;environ 80 %.&nbsp;<\/p>\n<h3>Quel est le co\u00fbt d&rsquo;une batterie pour stocker l&rsquo;\u00e9nergie solaire\u202f?<\/h3>\n<p>Les co\u00fbts des batteries pour les logements fluctuent selon la technologie de l\u2019accumulateur, le canton et les subventions.<\/p>\n","protected":false},"excerpt":{"rendered":"<p>Pourquoi choisir les services de notre entreprise pour vos solutions d&rsquo;\u00e9nergies renouvelables \u00e0 Bulle ? Nos devis sont gratuits. Nos artisans emploient les derni\u00e8res technologies. Nos bureaux sont install\u00e9s \u00e0 Bulle pour vous contacter rapidement. Les tarifs de nos travaux sont attractifs. Les techniciens qui op\u00e8rent chez vous sont exp\u00e9riment\u00e9s. Nous offrons des services sur [&hellip;]<\/p>\n","protected":false},"author":4,"featured_media":2755,"parent":0,"menu_order":0,"comment_status":"closed","ping_status":"closed","template":"","meta":{"footnotes":""},"profession":[126],"location":[58],"canton":[109],"class_list":["post-2526","page","type-page","status-publish","has-post-thumbnail","hentry","profession-energies-renouvelables-specialiste","location-bulle","canton-fr"],"yoast_head":"<!-- This site is optimized with the Yoast SEO Premium plugin v25.7.1 (Yoast SEO v27.4) - https:\/\/yoast.com\/product\/yoast-seo-premium-wordpress\/ -->\n<title>\u00c9nergies renouvelables \u00e0 Bulle et dans les villes proches - Artisanlocal<\/title>\n<meta name=\"robots\" content=\"index, follow, max-snippet:-1, max-image-preview:large, max-video-preview:-1\" \/>\n<link rel=\"canonical\" href=\"https:\/\/www.artisanlocal.ch\/c\/energies-renouvelables-a-bulle-et-dans-les-villes-proches\/\" \/>\n<meta property=\"og:locale\" content=\"fr_FR\" \/>\n<meta property=\"og:type\" content=\"article\" \/>\n<meta property=\"og:title\" content=\"\u00c9nergies renouvelables \u00e0 Bulle et dans les villes proches\" \/>\n<meta property=\"og:description\" content=\"Pourquoi choisir les services de notre entreprise pour vos solutions d&rsquo;\u00e9nergies renouvelables \u00e0 Bulle ? Nos devis sont gratuits. Nos artisans emploient les derni\u00e8res technologies. Nos bureaux sont install\u00e9s \u00e0 Bulle pour vous contacter rapidement. Les tarifs de nos travaux sont attractifs. Les techniciens qui op\u00e8rent chez vous sont exp\u00e9riment\u00e9s. Nous offrons des services sur [&hellip;]\" \/>\n<meta property=\"og:url\" content=\"https:\/\/www.artisanlocal.ch\/c\/energies-renouvelables-a-bulle-et-dans-les-villes-proches\/\" \/>\n<meta property=\"og:site_name\" content=\"Artisanlocal\" \/>\n<meta property=\"article:modified_time\" content=\"2025-08-26T17:26:16+00:00\" \/>\n<meta property=\"og:image\" content=\"https:\/\/www.artisanlocal.ch\/c\/wp-content\/uploads\/2024\/10\/energiere-nouvelable.jpg\" \/>\n\t<meta property=\"og:image:width\" content=\"1920\" \/>\n\t<meta property=\"og:image:height\" content=\"300\" \/>\n\t<meta property=\"og:image:type\" content=\"image\/jpeg\" \/>\n<meta name=\"twitter:card\" content=\"summary_large_image\" \/>\n<meta name=\"twitter:label1\" content=\"Dur\u00e9e de lecture estim\u00e9e\" \/>\n\t<meta name=\"twitter:data1\" content=\"3 minutes\" \/>\n<script type=\"application\/ld+json\" class=\"yoast-schema-graph\">{\"@context\":\"https:\\\/\\\/schema.org\",\"@graph\":[{\"@type\":\"WebPage\",\"@id\":\"https:\\\/\\\/www.artisanlocal.ch\\\/c\\\/energies-renouvelables-a-bulle-et-dans-les-villes-proches\\\/\",\"url\":\"https:\\\/\\\/www.artisanlocal.ch\\\/c\\\/energies-renouvelables-a-bulle-et-dans-les-villes-proches\\\/\",\"name\":\"\u00c9nergies renouvelables \u00e0 Bulle et dans les villes proches - Artisanlocal\",\"isPartOf\":{\"@id\":\"https:\\\/\\\/www.artisanlocal.ch\\\/c\\\/#website\"},\"primaryImageOfPage\":{\"@id\":\"https:\\\/\\\/www.artisanlocal.ch\\\/c\\\/energies-renouvelables-a-bulle-et-dans-les-villes-proches\\\/#primaryimage\"},\"image\":{\"@id\":\"https:\\\/\\\/www.artisanlocal.ch\\\/c\\\/energies-renouvelables-a-bulle-et-dans-les-villes-proches\\\/#primaryimage\"},\"thumbnailUrl\":\"https:\\\/\\\/www.artisanlocal.ch\\\/c\\\/wp-content\\\/uploads\\\/2024\\\/10\\\/energiere-nouvelable.jpg\",\"datePublished\":\"2024-10-01T02:56:50+00:00\",\"dateModified\":\"2025-08-26T17:26:16+00:00\",\"breadcrumb\":{\"@id\":\"https:\\\/\\\/www.artisanlocal.ch\\\/c\\\/energies-renouvelables-a-bulle-et-dans-les-villes-proches\\\/#breadcrumb\"},\"inLanguage\":\"fr-FR\",\"potentialAction\":[{\"@type\":\"ReadAction\",\"target\":[\"https:\\\/\\\/www.artisanlocal.ch\\\/c\\\/energies-renouvelables-a-bulle-et-dans-les-villes-proches\\\/\"]}]},{\"@type\":\"ImageObject\",\"inLanguage\":\"fr-FR\",\"@id\":\"https:\\\/\\\/www.artisanlocal.ch\\\/c\\\/energies-renouvelables-a-bulle-et-dans-les-villes-proches\\\/#primaryimage\",\"url\":\"https:\\\/\\\/www.artisanlocal.ch\\\/c\\\/wp-content\\\/uploads\\\/2024\\\/10\\\/energiere-nouvelable.jpg\",\"contentUrl\":\"https:\\\/\\\/www.artisanlocal.ch\\\/c\\\/wp-content\\\/uploads\\\/2024\\\/10\\\/energiere-nouvelable.jpg\",\"width\":1920,\"height\":300},{\"@type\":\"BreadcrumbList\",\"@id\":\"https:\\\/\\\/www.artisanlocal.ch\\\/c\\\/energies-renouvelables-a-bulle-et-dans-les-villes-proches\\\/#breadcrumb\",\"itemListElement\":[{\"@type\":\"ListItem\",\"position\":1,\"name\":\"Accueil\",\"item\":\"https:\\\/\\\/www.artisanlocal.ch\\\/c\\\/\"},{\"@type\":\"ListItem\",\"position\":2,\"name\":\"\u00c9nergies renouvelables \u00e0 Bulle et dans les villes proches\"}]},{\"@type\":\"WebSite\",\"@id\":\"https:\\\/\\\/www.artisanlocal.ch\\\/c\\\/#website\",\"url\":\"https:\\\/\\\/www.artisanlocal.ch\\\/c\\\/\",\"name\":\"Artisanlocal\",\"description\":\"\",\"publisher\":{\"@id\":\"https:\\\/\\\/www.artisanlocal.ch\\\/c\\\/#organization\"},\"potentialAction\":[{\"@type\":\"SearchAction\",\"target\":{\"@type\":\"EntryPoint\",\"urlTemplate\":\"https:\\\/\\\/www.artisanlocal.ch\\\/c\\\/?s={search_term_string}\"},\"query-input\":{\"@type\":\"PropertyValueSpecification\",\"valueRequired\":true,\"valueName\":\"search_term_string\"}}],\"inLanguage\":\"fr-FR\"},{\"@type\":\"Organization\",\"@id\":\"https:\\\/\\\/www.artisanlocal.ch\\\/c\\\/#organization\",\"name\":\"Artisanlocal\",\"url\":\"https:\\\/\\\/www.artisanlocal.ch\\\/c\\\/\",\"logo\":{\"@type\":\"ImageObject\",\"inLanguage\":\"fr-FR\",\"@id\":\"https:\\\/\\\/www.artisanlocal.ch\\\/c\\\/#\\\/schema\\\/logo\\\/image\\\/\",\"url\":\"https:\\\/\\\/www.artisanlocal.ch\\\/c\\\/wp-content\\\/uploads\\\/2024\\\/02\\\/logo-artisanlocal-h.svg\",\"contentUrl\":\"https:\\\/\\\/www.artisanlocal.ch\\\/c\\\/wp-content\\\/uploads\\\/2024\\\/02\\\/logo-artisanlocal-h.svg\",\"caption\":\"Artisanlocal\"},\"image\":{\"@id\":\"https:\\\/\\\/www.artisanlocal.ch\\\/c\\\/#\\\/schema\\\/logo\\\/image\\\/\"}}]}<\/script>\n<!-- \/ Yoast SEO Premium plugin. -->","yoast_head_json":{"title":"\u00c9nergies renouvelables \u00e0 Bulle et dans les villes proches - Artisanlocal","robots":{"index":"index","follow":"follow","max-snippet":"max-snippet:-1","max-image-preview":"max-image-preview:large","max-video-preview":"max-video-preview:-1"},"canonical":"https:\/\/www.artisanlocal.ch\/c\/energies-renouvelables-a-bulle-et-dans-les-villes-proches\/","og_locale":"fr_FR","og_type":"article","og_title":"\u00c9nergies renouvelables \u00e0 Bulle et dans les villes proches","og_description":"Pourquoi choisir les services de notre entreprise pour vos solutions d&rsquo;\u00e9nergies renouvelables \u00e0 Bulle ? Nos devis sont gratuits. Nos artisans emploient les derni\u00e8res technologies. Nos bureaux sont install\u00e9s \u00e0 Bulle pour vous contacter rapidement. Les tarifs de nos travaux sont attractifs. Les techniciens qui op\u00e8rent chez vous sont exp\u00e9riment\u00e9s. Nous offrons des services sur [&hellip;]","og_url":"https:\/\/www.artisanlocal.ch\/c\/energies-renouvelables-a-bulle-et-dans-les-villes-proches\/","og_site_name":"Artisanlocal","article_modified_time":"2025-08-26T17:26:16+00:00","og_image":[{"width":1920,"height":300,"url":"https:\/\/www.artisanlocal.ch\/c\/wp-content\/uploads\/2024\/10\/energiere-nouvelable.jpg","type":"image\/jpeg"}],"twitter_card":"summary_large_image","twitter_misc":{"Dur\u00e9e de lecture estim\u00e9e":"3 minutes"},"schema":{"@context":"https:\/\/schema.org","@graph":[{"@type":"WebPage","@id":"https:\/\/www.artisanlocal.ch\/c\/energies-renouvelables-a-bulle-et-dans-les-villes-proches\/","url":"https:\/\/www.artisanlocal.ch\/c\/energies-renouvelables-a-bulle-et-dans-les-villes-proches\/","name":"\u00c9nergies renouvelables \u00e0 Bulle et dans les villes proches - Artisanlocal","isPartOf":{"@id":"https:\/\/www.artisanlocal.ch\/c\/#website"},"primaryImageOfPage":{"@id":"https:\/\/www.artisanlocal.ch\/c\/energies-renouvelables-a-bulle-et-dans-les-villes-proches\/#primaryimage"},"image":{"@id":"https:\/\/www.artisanlocal.ch\/c\/energies-renouvelables-a-bulle-et-dans-les-villes-proches\/#primaryimage"},"thumbnailUrl":"https:\/\/www.artisanlocal.ch\/c\/wp-content\/uploads\/2024\/10\/energiere-nouvelable.jpg","datePublished":"2024-10-01T02:56:50+00:00","dateModified":"2025-08-26T17:26:16+00:00","breadcrumb":{"@id":"https:\/\/www.artisanlocal.ch\/c\/energies-renouvelables-a-bulle-et-dans-les-villes-proches\/#breadcrumb"},"inLanguage":"fr-FR","potentialAction":[{"@type":"ReadAction","target":["https:\/\/www.artisanlocal.ch\/c\/energies-renouvelables-a-bulle-et-dans-les-villes-proches\/"]}]},{"@type":"ImageObject","inLanguage":"fr-FR","@id":"https:\/\/www.artisanlocal.ch\/c\/energies-renouvelables-a-bulle-et-dans-les-villes-proches\/#primaryimage","url":"https:\/\/www.artisanlocal.ch\/c\/wp-content\/uploads\/2024\/10\/energiere-nouvelable.jpg","contentUrl":"https:\/\/www.artisanlocal.ch\/c\/wp-content\/uploads\/2024\/10\/energiere-nouvelable.jpg","width":1920,"height":300},{"@type":"BreadcrumbList","@id":"https:\/\/www.artisanlocal.ch\/c\/energies-renouvelables-a-bulle-et-dans-les-villes-proches\/#breadcrumb","itemListElement":[{"@type":"ListItem","position":1,"name":"Accueil","item":"https:\/\/www.artisanlocal.ch\/c\/"},{"@type":"ListItem","position":2,"name":"\u00c9nergies renouvelables \u00e0 Bulle et dans les villes proches"}]},{"@type":"WebSite","@id":"https:\/\/www.artisanlocal.ch\/c\/#website","url":"https:\/\/www.artisanlocal.ch\/c\/","name":"Artisanlocal","description":"","publisher":{"@id":"https:\/\/www.artisanlocal.ch\/c\/#organization"},"potentialAction":[{"@type":"SearchAction","target":{"@type":"EntryPoint","urlTemplate":"https:\/\/www.artisanlocal.ch\/c\/?s={search_term_string}"},"query-input":{"@type":"PropertyValueSpecification","valueRequired":true,"valueName":"search_term_string"}}],"inLanguage":"fr-FR"},{"@type":"Organization","@id":"https:\/\/www.artisanlocal.ch\/c\/#organization","name":"Artisanlocal","url":"https:\/\/www.artisanlocal.ch\/c\/","logo":{"@type":"ImageObject","inLanguage":"fr-FR","@id":"https:\/\/www.artisanlocal.ch\/c\/#\/schema\/logo\/image\/","url":"https:\/\/www.artisanlocal.ch\/c\/wp-content\/uploads\/2024\/02\/logo-artisanlocal-h.svg","contentUrl":"https:\/\/www.artisanlocal.ch\/c\/wp-content\/uploads\/2024\/02\/logo-artisanlocal-h.svg","caption":"Artisanlocal"},"image":{"@id":"https:\/\/www.artisanlocal.ch\/c\/#\/schema\/logo\/image\/"}}]}},"_links":{"self":[{"href":"https:\/\/www.artisanlocal.ch\/c\/wp-json\/wp\/v2\/pages\/2526","targetHints":{"allow":["GET"]}}],"collection":[{"href":"https:\/\/www.artisanlocal.ch\/c\/wp-json\/wp\/v2\/pages"}],"about":[{"href":"https:\/\/www.artisanlocal.ch\/c\/wp-json\/wp\/v2\/types\/page"}],"author":[{"embeddable":true,"href":"https:\/\/www.artisanlocal.ch\/c\/wp-json\/wp\/v2\/users\/4"}],"replies":[{"embeddable":true,"href":"https:\/\/www.artisanlocal.ch\/c\/wp-json\/wp\/v2\/comments?post=2526"}],"version-history":[{"count":0,"href":"https:\/\/www.artisanlocal.ch\/c\/wp-json\/wp\/v2\/pages\/2526\/revisions"}],"wp:featuredmedia":[{"embeddable":true,"href":"https:\/\/www.artisanlocal.ch\/c\/wp-json\/wp\/v2\/media\/2755"}],"wp:attachment":[{"href":"https:\/\/www.artisanlocal.ch\/c\/wp-json\/wp\/v2\/media?parent=2526"}],"wp:term":[{"taxonomy":"profession","embeddable":true,"href":"https:\/\/www.artisanlocal.ch\/c\/wp-json\/wp\/v2\/profession?post=2526"},{"taxonomy":"location","embeddable":true,"href":"https:\/\/www.artisanlocal.ch\/c\/wp-json\/wp\/v2\/location?post=2526"},{"taxonomy":"canton","embeddable":true,"href":"https:\/\/www.artisanlocal.ch\/c\/wp-json\/wp\/v2\/canton?post=2526"}],"curies":[{"name":"wp","href":"https:\/\/api.w.org\/{rel}","templated":true}]}}