{"id":2527,"date":"2024-10-01T22:54:04","date_gmt":"2024-10-01T20:54:04","guid":{"rendered":"https:\/\/www.artisanlocal.ch\/c\/energies-renouvelables-a-siviriez-et-dans-les-villes-aux-alentours\/"},"modified":"2025-08-26T19:26:05","modified_gmt":"2025-08-26T17:26:05","slug":"energies-renouvelables-a-siviriez-et-dans-les-villes-aux-alentours","status":"publish","type":"page","link":"https:\/\/www.artisanlocal.ch\/c\/energies-renouvelables-a-siviriez-et-dans-les-villes-aux-alentours\/","title":{"rendered":"\u00c9nergies renouvelables \u00e0 Siviriez et dans les villes aux alentours"},"content":{"rendered":"\r\n<div class=\"box\">\r\n    <h2 class=\"text-dark\">Nous cherchons un <em class=\"text-primary\">Energies renouvelables (sp\u00e9cialiste)<\/em> dans la r\u00e9gion de <em class=\"text-primary\">Siviriez<\/em>  en exclusivit\u00e9, afin de proposer vos services \u00e0 nos clients propri\u00e9taires.<\/h2>\r\n    <p>Une opportunit\u00e9 unique pour booster votre activit\u00e9 \u00e0 <strong>Siviriez<\/strong> et aux alentours dans votre domaine (Energies renouvelables (sp\u00e9cialiste)).<\/p>\r\n    <p>Nous travaillons en exclusivit\u00e9 avec qu'une soci\u00e9t\u00e9 par m\u00e9tier et par r\u00e9gion. <br>Votre entreprise est pr\u00e9sente sur tous les documents immobiliers. Afin d'\u00eatre mieux vu sur le net, vous \u00eates \u00e9galement visible sur nos deux sites et sur les pages de r\u00e9f\u00e9rencement de votre r\u00e9gion.<\/p>\r\n    <a href=\"\/contact\" class=\"wp-block-button__link has-accent-background-color has-text-align-center wp-element-button\">R\u00e9server<\/a>\r\n<\/div>\n<h2>Pourquoi choisir Artisanlocal pour vos sources d&rsquo;\u00e9nergies renouvelables \u00e0 Siviriez ?<\/h2>\n<ul>\n<li>Nos \u00e9valuations sont gratuites.<\/li>\n<li>Nos techniciens emploient les technologies les plus r\u00e9centes.<\/li>\n<li>Notre soci\u00e9t\u00e9 est localis\u00e9e \u00e0 Siviriez, pour vous contacter rapidement \u00e0 votre logement.<\/li>\n<li>Nos prix sont attractifs et concurrentiels.<\/li>\n<li>Nos techniciens sont qualifi\u00e9s.<\/li>\n<li>Nos services sont sur mesure.<\/li>\n<li>Gestion de votre projet, de la pr\u00e9paration \u00e0 la mise en place.<\/li>\n<li>Notre soci\u00e9t\u00e9 offre une assistance particularis\u00e9e.<\/li>\n<\/ul>\n<h2>Quels types d&rsquo;installations d&rsquo;\u00e9nergies renouvelables Artisanlocal propose ?<\/h2>\n<ul>\n<li>Chaudi\u00e8re bois : granul\u00e9, b\u00fbche ou mixte.<\/li>\n<li>Pompe \u00e0 chaleur g\u00e9othermique&nbsp;: captage horizontal ou captage vertical<\/li>\n<li>Chaleur \u00e0 distance fossile : fossile, renouvelable, par r\u00e9cup\u00e9ration ou thermodynamique.<\/li>\n<li>Pompe \u00e0 chaleur : hydrothermique, a\u00e9rothermique, g\u00e9othermique ou hybride.<\/li>\n<li>Panneau solaire photovolta\u00efque : int\u00e9gr\u00e9 au b\u00e2timent, concentration, silicium, avec couche mince ou bifaciaux.<\/li>\n<li>Panneau solaire thermique : plan vitr\u00e9, concentration, tube sous vide, thermosiphon (stockage passif) ou solaire hybride.<\/li>\n<li>Stockage d&rsquo;\u00e9nergie : chimique, supercondensateur, thermique, m\u00e9canique, gravitationnel ou \u00e9lectrochimique.<\/li>\n<li>Notre entreprise propose d&rsquo;autres solutions d&rsquo;\u00e9nergies renouvelables : hydraulique, \u00e9olien ou r\u00e9seau de distribution.&nbsp;<\/li>\n<\/ul>\n<h2>Quelles sont les prestations de votre soci\u00e9t\u00e9 ?<\/h2>\n<ul>\n<li>Audit \u00e9nerg\u00e9tique : \u00e9valuation de vos habitudes de consommation d&rsquo;\u00e9nergie.<\/li>\n<li>Conseil : sur mesure et en fonction de votre cas.<\/li>\n<li>Mise en place : panneaux solaires, pompes \u00e0 chaleur, etc.<\/li>\n<li>Maintenance : gestion et entretien pr\u00e9ventif de vos installations d&rsquo;\u00e9nergies renouvelables.<\/li>\n<li>Supervision de votre projet : phase de planification \u00e0 la mise en place.<\/li>\n<li>Sensibilisation et formation : \u00e9nergies renouvelables pour particuliers et entreprises.<\/li>\n<li>Syst\u00e8me : stockage d&rsquo;\u00e9nergie.<\/li>\n<\/ul>\n<h3>Artisanlocal, sp\u00e9cialiste des \u00e9nergies renouvelables \u00e0 Siviriez et dans les communes aux environs&nbsp;<\/h3>\n<p>Nous effectuons tous vos travaux d&rsquo;installations d\u2019\u00e9nergies renouvelables \u00e0 Siviriez et aussi dans les communes aux alentours, comme : Bionnens, Esmonts, Ursy, Auboranges, Ecublens FR, Gillarens, Promasens, Rue, Montet (Gl\u00e2ne), Morlens, Vuarmarens, Blessens, Mossel, Vauderens, Chavannes-les-Forts, Prez-vers-Siviriez, Villaraboud, Berlens, Romont FR, Billens, Hennens, M\u00e9zi\u00e8res FR, Villariaz, Grangettes-pr\u00e8s-Romont, La Neirigue, Est\u00e9venens, La Magne, Vuisternens-devant-Romont, Lieffrens, Sommentier, Le Ch\u00e2telard-pr\u00e8s-Romont, Villaz-St-Pierre, Lussy FR, Villarimboud, Massonnens, Chavannes-sous-Orsonnens, Orsonnens, Villargiroud, Villarsiviriaux, La Joux FR, Les Ecasseys, Torny-le-Grand..&nbsp;<\/p>\n<h2>Questions et r\u00e9ponses<\/h2>\n<h3>Peut-on installer des panneaux solaires photovolta\u00efques et une pompe \u00e0 chaleur en m\u00eame temps\u202f?<\/h3>\n<p>Absolument, vous pouvez poser des panneaux photovolta\u00efques et une pompe \u00e0 chaleur en m\u00eame temps. Dans cette disposition, vous am\u00e9liorez la gestion et la conservation de l&rsquo;\u00e9nergie produite. La pompe \u00e0 chaleur peut-\u00eatre param\u00e9tr\u00e9e pour marcher avec l&rsquo;\u00e9lectricit\u00e9 fabriqu\u00e9e par les panneaux photovolta\u00efques et aussi conserver la chaleur sous forme d&rsquo;eau chaude.<\/p>\n<h3>Quelles sont les subventions existantes pour les chauffages aux \u00e9nergies durables\u202f?<\/h3>\n<p>Il existe plusieurs programmes de financements et de subventions pour votre chauffage, en particulier sur le plan cantonal.<\/p>\n<h3>Est-il judicieux de choisir des capteurs solaires thermiques si la chaleur est surtout cr\u00e9\u00e9e durant l&rsquo;\u00e9t\u00e9\u202f?<\/h3>\n<p>Oui, ils sont indispensables, la demande en eau chaude, qu&rsquo;il s&rsquo;agisse de la cuisine ou la salle d&rsquo;eau, restent constants durant toute l&rsquo;ann\u00e9e. Le thermique et le solaire remplissent vos besoins en \u00e9nergie pendant les beaux jours et permettent de diminuer vos factures d&rsquo;\u00e9lectricit\u00e9 en hiver.<\/p>\n<h3>Les panneaux solaires photovolta\u00efques sont-ils cr\u00e9\u00e9s de mati\u00e8res premi\u00e8res rares, qui pourraient venir \u00e0 manquer \u00e0 l\u2019avenir\u202f?<\/h3>\n<p>La solution photovolta\u00efque fonctionne avec des modules \u00e9labor\u00e9s avec des mati\u00e8res synth\u00e9tiques, de l&rsquo;alu, du verre et du silicium, dont la ressource est \u00e9lev\u00e9e. Cependant, ces modules fonctionnement avec de l&rsquo;argent. Les derni\u00e8res techniques de fabrication permettent de r\u00e9duire l&rsquo;usage de l&rsquo;argent, voire \u00e0 le remplacer enti\u00e8rement par du cuivre. Pour l&rsquo;instant, la quantit\u00e9 d&rsquo;argent dans les modules a d\u00e9j\u00e0 diminu\u00e9 de pr\u00e8s de 80 %.&nbsp;<\/p>\n<h3>Quel est le prix d&rsquo;une batterie de stockage d\u2019\u00e9lectricit\u00e9 solaire\u202f?<\/h3>\n<p>Les montants des batteries pour les logements fluctuent suivant la technologie de l\u2019accumulateur, le canton et les subventions.<\/p>\n","protected":false},"excerpt":{"rendered":"<p>Pourquoi choisir Artisanlocal pour vos sources d&rsquo;\u00e9nergies renouvelables \u00e0 Siviriez ? Nos \u00e9valuations sont gratuites. Nos techniciens emploient les technologies les plus r\u00e9centes. Notre soci\u00e9t\u00e9 est localis\u00e9e \u00e0 Siviriez, pour vous contacter rapidement \u00e0 votre logement. Nos prix sont attractifs et concurrentiels. Nos techniciens sont qualifi\u00e9s. Nos services sont sur mesure. Gestion de votre projet, [&hellip;]<\/p>\n","protected":false},"author":4,"featured_media":2755,"parent":0,"menu_order":0,"comment_status":"closed","ping_status":"closed","template":"","meta":{"footnotes":""},"profession":[126],"location":[101],"canton":[109],"class_list":["post-2527","page","type-page","status-publish","has-post-thumbnail","hentry","profession-energies-renouvelables-specialiste","location-siviriez","canton-fr"],"yoast_head":"<!-- This site is optimized with the Yoast SEO Premium plugin v25.7.1 (Yoast SEO v27.4) - https:\/\/yoast.com\/product\/yoast-seo-premium-wordpress\/ -->\n<title>\u00c9nergies renouvelables \u00e0 Siviriez et dans les villes aux alentours - Artisanlocal<\/title>\n<meta name=\"robots\" content=\"index, follow, max-snippet:-1, max-image-preview:large, max-video-preview:-1\" \/>\n<link rel=\"canonical\" href=\"https:\/\/www.artisanlocal.ch\/c\/energies-renouvelables-a-siviriez-et-dans-les-villes-aux-alentours\/\" \/>\n<meta property=\"og:locale\" content=\"fr_FR\" \/>\n<meta property=\"og:type\" content=\"article\" \/>\n<meta property=\"og:title\" content=\"\u00c9nergies renouvelables \u00e0 Siviriez et dans les villes aux alentours\" \/>\n<meta property=\"og:description\" content=\"Pourquoi choisir Artisanlocal pour vos sources d&rsquo;\u00e9nergies renouvelables \u00e0 Siviriez ? Nos \u00e9valuations sont gratuites. Nos techniciens emploient les technologies les plus r\u00e9centes. Notre soci\u00e9t\u00e9 est localis\u00e9e \u00e0 Siviriez, pour vous contacter rapidement \u00e0 votre logement. Nos prix sont attractifs et concurrentiels. Nos techniciens sont qualifi\u00e9s. Nos services sont sur mesure. Gestion de votre projet, [&hellip;]\" \/>\n<meta property=\"og:url\" content=\"https:\/\/www.artisanlocal.ch\/c\/energies-renouvelables-a-siviriez-et-dans-les-villes-aux-alentours\/\" \/>\n<meta property=\"og:site_name\" content=\"Artisanlocal\" \/>\n<meta property=\"article:modified_time\" content=\"2025-08-26T17:26:05+00:00\" \/>\n<meta property=\"og:image\" content=\"https:\/\/www.artisanlocal.ch\/c\/wp-content\/uploads\/2024\/10\/energiere-nouvelable.jpg\" \/>\n\t<meta property=\"og:image:width\" content=\"1920\" \/>\n\t<meta property=\"og:image:height\" content=\"300\" \/>\n\t<meta property=\"og:image:type\" content=\"image\/jpeg\" \/>\n<meta name=\"twitter:card\" content=\"summary_large_image\" \/>\n<meta name=\"twitter:label1\" content=\"Dur\u00e9e de lecture estim\u00e9e\" \/>\n\t<meta name=\"twitter:data1\" content=\"3 minutes\" \/>\n<script type=\"application\/ld+json\" class=\"yoast-schema-graph\">{\"@context\":\"https:\\\/\\\/schema.org\",\"@graph\":[{\"@type\":\"WebPage\",\"@id\":\"https:\\\/\\\/www.artisanlocal.ch\\\/c\\\/energies-renouvelables-a-siviriez-et-dans-les-villes-aux-alentours\\\/\",\"url\":\"https:\\\/\\\/www.artisanlocal.ch\\\/c\\\/energies-renouvelables-a-siviriez-et-dans-les-villes-aux-alentours\\\/\",\"name\":\"\u00c9nergies renouvelables \u00e0 Siviriez et dans les villes aux alentours - Artisanlocal\",\"isPartOf\":{\"@id\":\"https:\\\/\\\/www.artisanlocal.ch\\\/c\\\/#website\"},\"primaryImageOfPage\":{\"@id\":\"https:\\\/\\\/www.artisanlocal.ch\\\/c\\\/energies-renouvelables-a-siviriez-et-dans-les-villes-aux-alentours\\\/#primaryimage\"},\"image\":{\"@id\":\"https:\\\/\\\/www.artisanlocal.ch\\\/c\\\/energies-renouvelables-a-siviriez-et-dans-les-villes-aux-alentours\\\/#primaryimage\"},\"thumbnailUrl\":\"https:\\\/\\\/www.artisanlocal.ch\\\/c\\\/wp-content\\\/uploads\\\/2024\\\/10\\\/energiere-nouvelable.jpg\",\"datePublished\":\"2024-10-01T20:54:04+00:00\",\"dateModified\":\"2025-08-26T17:26:05+00:00\",\"breadcrumb\":{\"@id\":\"https:\\\/\\\/www.artisanlocal.ch\\\/c\\\/energies-renouvelables-a-siviriez-et-dans-les-villes-aux-alentours\\\/#breadcrumb\"},\"inLanguage\":\"fr-FR\",\"potentialAction\":[{\"@type\":\"ReadAction\",\"target\":[\"https:\\\/\\\/www.artisanlocal.ch\\\/c\\\/energies-renouvelables-a-siviriez-et-dans-les-villes-aux-alentours\\\/\"]}]},{\"@type\":\"ImageObject\",\"inLanguage\":\"fr-FR\",\"@id\":\"https:\\\/\\\/www.artisanlocal.ch\\\/c\\\/energies-renouvelables-a-siviriez-et-dans-les-villes-aux-alentours\\\/#primaryimage\",\"url\":\"https:\\\/\\\/www.artisanlocal.ch\\\/c\\\/wp-content\\\/uploads\\\/2024\\\/10\\\/energiere-nouvelable.jpg\",\"contentUrl\":\"https:\\\/\\\/www.artisanlocal.ch\\\/c\\\/wp-content\\\/uploads\\\/2024\\\/10\\\/energiere-nouvelable.jpg\",\"width\":1920,\"height\":300},{\"@type\":\"BreadcrumbList\",\"@id\":\"https:\\\/\\\/www.artisanlocal.ch\\\/c\\\/energies-renouvelables-a-siviriez-et-dans-les-villes-aux-alentours\\\/#breadcrumb\",\"itemListElement\":[{\"@type\":\"ListItem\",\"position\":1,\"name\":\"Accueil\",\"item\":\"https:\\\/\\\/www.artisanlocal.ch\\\/c\\\/\"},{\"@type\":\"ListItem\",\"position\":2,\"name\":\"\u00c9nergies renouvelables \u00e0 Siviriez et dans les villes aux alentours\"}]},{\"@type\":\"WebSite\",\"@id\":\"https:\\\/\\\/www.artisanlocal.ch\\\/c\\\/#website\",\"url\":\"https:\\\/\\\/www.artisanlocal.ch\\\/c\\\/\",\"name\":\"Artisanlocal\",\"description\":\"\",\"publisher\":{\"@id\":\"https:\\\/\\\/www.artisanlocal.ch\\\/c\\\/#organization\"},\"potentialAction\":[{\"@type\":\"SearchAction\",\"target\":{\"@type\":\"EntryPoint\",\"urlTemplate\":\"https:\\\/\\\/www.artisanlocal.ch\\\/c\\\/?s={search_term_string}\"},\"query-input\":{\"@type\":\"PropertyValueSpecification\",\"valueRequired\":true,\"valueName\":\"search_term_string\"}}],\"inLanguage\":\"fr-FR\"},{\"@type\":\"Organization\",\"@id\":\"https:\\\/\\\/www.artisanlocal.ch\\\/c\\\/#organization\",\"name\":\"Artisanlocal\",\"url\":\"https:\\\/\\\/www.artisanlocal.ch\\\/c\\\/\",\"logo\":{\"@type\":\"ImageObject\",\"inLanguage\":\"fr-FR\",\"@id\":\"https:\\\/\\\/www.artisanlocal.ch\\\/c\\\/#\\\/schema\\\/logo\\\/image\\\/\",\"url\":\"https:\\\/\\\/www.artisanlocal.ch\\\/c\\\/wp-content\\\/uploads\\\/2024\\\/02\\\/logo-artisanlocal-h.svg\",\"contentUrl\":\"https:\\\/\\\/www.artisanlocal.ch\\\/c\\\/wp-content\\\/uploads\\\/2024\\\/02\\\/logo-artisanlocal-h.svg\",\"caption\":\"Artisanlocal\"},\"image\":{\"@id\":\"https:\\\/\\\/www.artisanlocal.ch\\\/c\\\/#\\\/schema\\\/logo\\\/image\\\/\"}}]}<\/script>\n<!-- \/ Yoast SEO Premium plugin. -->","yoast_head_json":{"title":"\u00c9nergies renouvelables \u00e0 Siviriez et dans les villes aux alentours - Artisanlocal","robots":{"index":"index","follow":"follow","max-snippet":"max-snippet:-1","max-image-preview":"max-image-preview:large","max-video-preview":"max-video-preview:-1"},"canonical":"https:\/\/www.artisanlocal.ch\/c\/energies-renouvelables-a-siviriez-et-dans-les-villes-aux-alentours\/","og_locale":"fr_FR","og_type":"article","og_title":"\u00c9nergies renouvelables \u00e0 Siviriez et dans les villes aux alentours","og_description":"Pourquoi choisir Artisanlocal pour vos sources d&rsquo;\u00e9nergies renouvelables \u00e0 Siviriez ? Nos \u00e9valuations sont gratuites. Nos techniciens emploient les technologies les plus r\u00e9centes. Notre soci\u00e9t\u00e9 est localis\u00e9e \u00e0 Siviriez, pour vous contacter rapidement \u00e0 votre logement. Nos prix sont attractifs et concurrentiels. Nos techniciens sont qualifi\u00e9s. Nos services sont sur mesure. Gestion de votre projet, [&hellip;]","og_url":"https:\/\/www.artisanlocal.ch\/c\/energies-renouvelables-a-siviriez-et-dans-les-villes-aux-alentours\/","og_site_name":"Artisanlocal","article_modified_time":"2025-08-26T17:26:05+00:00","og_image":[{"width":1920,"height":300,"url":"https:\/\/www.artisanlocal.ch\/c\/wp-content\/uploads\/2024\/10\/energiere-nouvelable.jpg","type":"image\/jpeg"}],"twitter_card":"summary_large_image","twitter_misc":{"Dur\u00e9e de lecture estim\u00e9e":"3 minutes"},"schema":{"@context":"https:\/\/schema.org","@graph":[{"@type":"WebPage","@id":"https:\/\/www.artisanlocal.ch\/c\/energies-renouvelables-a-siviriez-et-dans-les-villes-aux-alentours\/","url":"https:\/\/www.artisanlocal.ch\/c\/energies-renouvelables-a-siviriez-et-dans-les-villes-aux-alentours\/","name":"\u00c9nergies renouvelables \u00e0 Siviriez et dans les villes aux alentours - Artisanlocal","isPartOf":{"@id":"https:\/\/www.artisanlocal.ch\/c\/#website"},"primaryImageOfPage":{"@id":"https:\/\/www.artisanlocal.ch\/c\/energies-renouvelables-a-siviriez-et-dans-les-villes-aux-alentours\/#primaryimage"},"image":{"@id":"https:\/\/www.artisanlocal.ch\/c\/energies-renouvelables-a-siviriez-et-dans-les-villes-aux-alentours\/#primaryimage"},"thumbnailUrl":"https:\/\/www.artisanlocal.ch\/c\/wp-content\/uploads\/2024\/10\/energiere-nouvelable.jpg","datePublished":"2024-10-01T20:54:04+00:00","dateModified":"2025-08-26T17:26:05+00:00","breadcrumb":{"@id":"https:\/\/www.artisanlocal.ch\/c\/energies-renouvelables-a-siviriez-et-dans-les-villes-aux-alentours\/#breadcrumb"},"inLanguage":"fr-FR","potentialAction":[{"@type":"ReadAction","target":["https:\/\/www.artisanlocal.ch\/c\/energies-renouvelables-a-siviriez-et-dans-les-villes-aux-alentours\/"]}]},{"@type":"ImageObject","inLanguage":"fr-FR","@id":"https:\/\/www.artisanlocal.ch\/c\/energies-renouvelables-a-siviriez-et-dans-les-villes-aux-alentours\/#primaryimage","url":"https:\/\/www.artisanlocal.ch\/c\/wp-content\/uploads\/2024\/10\/energiere-nouvelable.jpg","contentUrl":"https:\/\/www.artisanlocal.ch\/c\/wp-content\/uploads\/2024\/10\/energiere-nouvelable.jpg","width":1920,"height":300},{"@type":"BreadcrumbList","@id":"https:\/\/www.artisanlocal.ch\/c\/energies-renouvelables-a-siviriez-et-dans-les-villes-aux-alentours\/#breadcrumb","itemListElement":[{"@type":"ListItem","position":1,"name":"Accueil","item":"https:\/\/www.artisanlocal.ch\/c\/"},{"@type":"ListItem","position":2,"name":"\u00c9nergies renouvelables \u00e0 Siviriez et dans les villes aux alentours"}]},{"@type":"WebSite","@id":"https:\/\/www.artisanlocal.ch\/c\/#website","url":"https:\/\/www.artisanlocal.ch\/c\/","name":"Artisanlocal","description":"","publisher":{"@id":"https:\/\/www.artisanlocal.ch\/c\/#organization"},"potentialAction":[{"@type":"SearchAction","target":{"@type":"EntryPoint","urlTemplate":"https:\/\/www.artisanlocal.ch\/c\/?s={search_term_string}"},"query-input":{"@type":"PropertyValueSpecification","valueRequired":true,"valueName":"search_term_string"}}],"inLanguage":"fr-FR"},{"@type":"Organization","@id":"https:\/\/www.artisanlocal.ch\/c\/#organization","name":"Artisanlocal","url":"https:\/\/www.artisanlocal.ch\/c\/","logo":{"@type":"ImageObject","inLanguage":"fr-FR","@id":"https:\/\/www.artisanlocal.ch\/c\/#\/schema\/logo\/image\/","url":"https:\/\/www.artisanlocal.ch\/c\/wp-content\/uploads\/2024\/02\/logo-artisanlocal-h.svg","contentUrl":"https:\/\/www.artisanlocal.ch\/c\/wp-content\/uploads\/2024\/02\/logo-artisanlocal-h.svg","caption":"Artisanlocal"},"image":{"@id":"https:\/\/www.artisanlocal.ch\/c\/#\/schema\/logo\/image\/"}}]}},"_links":{"self":[{"href":"https:\/\/www.artisanlocal.ch\/c\/wp-json\/wp\/v2\/pages\/2527","targetHints":{"allow":["GET"]}}],"collection":[{"href":"https:\/\/www.artisanlocal.ch\/c\/wp-json\/wp\/v2\/pages"}],"about":[{"href":"https:\/\/www.artisanlocal.ch\/c\/wp-json\/wp\/v2\/types\/page"}],"author":[{"embeddable":true,"href":"https:\/\/www.artisanlocal.ch\/c\/wp-json\/wp\/v2\/users\/4"}],"replies":[{"embeddable":true,"href":"https:\/\/www.artisanlocal.ch\/c\/wp-json\/wp\/v2\/comments?post=2527"}],"version-history":[{"count":0,"href":"https:\/\/www.artisanlocal.ch\/c\/wp-json\/wp\/v2\/pages\/2527\/revisions"}],"wp:featuredmedia":[{"embeddable":true,"href":"https:\/\/www.artisanlocal.ch\/c\/wp-json\/wp\/v2\/media\/2755"}],"wp:attachment":[{"href":"https:\/\/www.artisanlocal.ch\/c\/wp-json\/wp\/v2\/media?parent=2527"}],"wp:term":[{"taxonomy":"profession","embeddable":true,"href":"https:\/\/www.artisanlocal.ch\/c\/wp-json\/wp\/v2\/profession?post=2527"},{"taxonomy":"location","embeddable":true,"href":"https:\/\/www.artisanlocal.ch\/c\/wp-json\/wp\/v2\/location?post=2527"},{"taxonomy":"canton","embeddable":true,"href":"https:\/\/www.artisanlocal.ch\/c\/wp-json\/wp\/v2\/canton?post=2527"}],"curies":[{"name":"wp","href":"https:\/\/api.w.org\/{rel}","templated":true}]}}