{"id":2529,"date":"2024-10-01T11:42:25","date_gmt":"2024-10-01T09:42:25","guid":{"rendered":"https:\/\/www.artisanlocal.ch\/c\/energies-renouvelables-a-fribourg-et-dans-les-villes-a-proximite\/"},"modified":"2025-08-26T19:26:13","modified_gmt":"2025-08-26T17:26:13","slug":"energies-renouvelables-a-fribourg-et-dans-les-villes-a-proximite","status":"publish","type":"page","link":"https:\/\/www.artisanlocal.ch\/c\/energies-renouvelables-a-fribourg-et-dans-les-villes-a-proximite\/","title":{"rendered":"\u00c9nergies renouvelables \u00e0 Fribourg et dans les villes \u00e0 proximit\u00e9"},"content":{"rendered":"\r\n<div class=\"box\">\r\n    <h2 class=\"text-dark\">Nous cherchons un <em class=\"text-primary\">Energies renouvelables (sp\u00e9cialiste)<\/em> dans la r\u00e9gion de <em class=\"text-primary\">Fribourg<\/em>  en exclusivit\u00e9, afin de proposer vos services \u00e0 nos clients propri\u00e9taires.<\/h2>\r\n    <p>Une opportunit\u00e9 unique pour booster votre activit\u00e9 \u00e0 <strong>Fribourg<\/strong> et aux alentours dans votre domaine (Energies renouvelables (sp\u00e9cialiste)).<\/p>\r\n    <p>Nous travaillons en exclusivit\u00e9 avec qu'une soci\u00e9t\u00e9 par m\u00e9tier et par r\u00e9gion. <br>Votre entreprise est pr\u00e9sente sur tous les documents immobiliers. Afin d'\u00eatre mieux vu sur le net, vous \u00eates \u00e9galement visible sur nos deux sites et sur les pages de r\u00e9f\u00e9rencement de votre r\u00e9gion.<\/p>\r\n    <a href=\"\/contact\" class=\"wp-block-button__link has-accent-background-color has-text-align-center wp-element-button\">R\u00e9server<\/a>\r\n<\/div>\n<h2>Pourquoi choisir Artisanlocal pour vos sources d&rsquo;\u00e9nergies renouvelables \u00e0 Fribourg ?<\/h2>\n<ul>\n<li>Nos devis sont gratuits.<\/li>\n<li>Nos techniciens emploient les technologies les plus modernes.<\/li>\n<li>Nos bureaux sont localis\u00e9s \u00e0 Fribourg pour vous rencontrer d\u00e8s que possible.<\/li>\n<li>Nos tarifs sont attractifs et concurrentiels.<\/li>\n<li>Les artisans qui op\u00e8rent chez vous sont exp\u00e9riment\u00e9s.<\/li>\n<li>Nous proposons des conseils sur mesure.<\/li>\n<li>Nous r\u00e9alisons la gestion du d\u00e9but \u00e0 la fin de vos travaux d&rsquo;\u00e9nergie renouvelables.<\/li>\n<li>Nous vous offrons une assistance technique.<\/li>\n<\/ul>\n<h2>Quels sont les types de solutions d&rsquo;\u00e9nergies renouvelables que vous offrez ?<\/h2>\n<ul>\n<li>Chaudi\u00e8re bois : b\u00fbche, mixte ou granul\u00e9.<\/li>\n<li>Pompe \u00e0 chaleur g\u00e9othermique&nbsp;: captage horizontal ou captage vertical<\/li>\n<li>Chaleur \u00e0 distance avec \u00e9nergie : fossile, renouvelable, par r\u00e9cup\u00e9ration ou thermodynamique.<\/li>\n<li>Pompe \u00e0 chaleur : hydrothermique, a\u00e9rothermique, g\u00e9othermique ou hybride.<\/li>\n<li>Photovolta\u00efque : silicium, avec couche mince, concentration, bifaciaux ou int\u00e9gr\u00e9 au b\u00e2timent.<\/li>\n<li>Panneau solaire thermique : concentration, tube sous vide, plan vitr\u00e9, solaire hybride ou thermosiphon (stockage passif).<\/li>\n<li>Syst\u00e8me de stockage d&rsquo;\u00e9nergie : thermique, gravitationnel, m\u00e9canique, \u00e9lectrochimique, supercondensateur ou chimique.<\/li>\n<li>Artisanlocal propose d&rsquo;autres installations d&rsquo;\u00e9nergies renouvelables : hydraulique, \u00e9olien ou r\u00e9seau de distribution.&nbsp;<\/li>\n<\/ul>\n<h2>Quelles sont les prestations de votre soci\u00e9t\u00e9 ?<\/h2>\n<ul>\n<li>Audit \u00e9nerg\u00e9tique : \u00e9valuation de vos habitudes de consommation d&rsquo;\u00e9nergie.<\/li>\n<li>Conseil : personnalis\u00e9 et en fonction de votre projet.<\/li>\n<li>Pose : pompes \u00e0 chaleur, panneaux photovolta\u00efques solaires, etc.<\/li>\n<li>Maintenance : suivi et entretien de vos \u00e9quipements.<\/li>\n<li>Pilotage de votre objectif : conception \u00e0 la mise en place.<\/li>\n<li>Sensibilisation et formation : \u00e9nergies renouvelables pour entreprises et particuliers.<\/li>\n<li>Dispositif : stockage \u00e9nerg\u00e9tique.<\/li>\n<\/ul>\n<h3>Artisanlocal, professionnel des \u00e9nergies renouvelables \u00e0 Fribourg et dans les localit\u00e9s aux environs&nbsp;<\/h3>\n<p>Nous effectuons toutes vos installations en \u00e9nergies renouvelables \u00e0 Fribourg et aussi dans toutes les villes \u00e0 proximit\u00e9, comme : ..&nbsp;<\/p>\n<h2>FAQ<\/h2>\n<h3>Est-il possible d&rsquo;installer une pompe \u00e0 chaleur avec des panneaux photovolta\u00efques\u202f?<\/h3>\n<p>Oui, c&rsquo;est envisageable d&rsquo;installer des panneaux photovolta\u00efques et une pompe \u00e0 chaleur en m\u00eame temps. Cette configuration permet d&rsquo;exploiter et de stocker efficacement l&rsquo;\u00e9nergie g\u00e9n\u00e9r\u00e9e. La pompe \u00e0 chaleur peut-\u00eatre param\u00e9tr\u00e9e pour marcher avec l&rsquo;\u00e9lectricit\u00e9 cr\u00e9\u00e9e par les panneaux solaires et aussi conserver la chaleur sous forme d&rsquo;eau chaude.<\/p>\n<h3>Quels financements sont pr\u00e9vus pour les chauffages fonctionnant aux \u00e9nergies renouvelables \u00e0 Fribourg\u202f?<\/h3>\n<p>Il existe plusieurs programmes de subventions et de financements pour votre chauffage, en particulier \u00e0 l&rsquo;\u00e9chelle cantonal.<\/p>\n<h3>Les panneaux solaires thermiques sont-ils rentables alors que la chaleur est surtout g\u00e9n\u00e9r\u00e9e en p\u00e9riode estivale\u202f?<\/h3>\n<p>Oui, car vous avez continuellement besoins d&rsquo;eau chaude tout au long des diff\u00e9rentes p\u00e9riodes de l&rsquo;ann\u00e9e. Un syst\u00e8me solaire thermique peut produire une partie significative de cette consommation, couvrant en g\u00e9n\u00e9ral vos besoins en \u00e9t\u00e9, tandis qu&rsquo;en p\u00e9riode froide, c\u2019est une solution d\u2019appoint qui permet de r\u00e9duire votre consommation.<\/p>\n<h3>Les panneaux photovolta\u00efques sont-ils constitu\u00e9s de mat\u00e9riaux pr\u00e9cieux, qui pourraient venir \u00e0 manquer \u00e0 l\u2019avenir\u202f?<\/h3>\n<p>La solution photovolta\u00efque marche avec des modules \u00e9labor\u00e9s avec des mati\u00e8res synth\u00e9tiques, de l&rsquo;alu, du verre et du silicium, dont la disponibilit\u00e9 est abondante. N\u00e9anmoins, ces modules n\u00e9cessitent de l&rsquo;argent pour marcher, dont la r\u00e9serve est r\u00e9duite. Les derni\u00e8res technologies permettent de baisser l&#8217;emploi de l&rsquo;argent, voire \u00e0 le remplacer enti\u00e8rement par du cuivre. Actuellement, la part d&rsquo;argent us\u00e9e dans les nouveaux modules a d\u00e9j\u00e0 r\u00e9duit de 80 %.&nbsp;<\/p>\n<h3>\u00c0 combien se montent les prix d\u2019une batterie de stockage pour l\u2019\u00e9nergie solaire\u202f?<\/h3>\n<p>Les montants des batteries pour maisons individuelles changent selon le canton, les subventions et la technologie de l\u2019accumulateur.<\/p>\n","protected":false},"excerpt":{"rendered":"<p>Pourquoi choisir Artisanlocal pour vos sources d&rsquo;\u00e9nergies renouvelables \u00e0 Fribourg ? Nos devis sont gratuits. Nos techniciens emploient les technologies les plus modernes. Nos bureaux sont localis\u00e9s \u00e0 Fribourg pour vous rencontrer d\u00e8s que possible. Nos tarifs sont attractifs et concurrentiels. Les artisans qui op\u00e8rent chez vous sont exp\u00e9riment\u00e9s. Nous proposons des conseils sur mesure. [&hellip;]<\/p>\n","protected":false},"author":4,"featured_media":2755,"parent":0,"menu_order":0,"comment_status":"closed","ping_status":"closed","template":"","meta":{"footnotes":""},"profession":[126],"location":[10],"canton":[109],"class_list":["post-2529","page","type-page","status-publish","has-post-thumbnail","hentry","profession-energies-renouvelables-specialiste","location-fribourg","canton-fr"],"yoast_head":"<!-- This site is optimized with the Yoast SEO Premium plugin v25.7.1 (Yoast SEO v27.4) - https:\/\/yoast.com\/product\/yoast-seo-premium-wordpress\/ -->\n<title>\u00c9nergies renouvelables \u00e0 Fribourg et dans les villes \u00e0 proximit\u00e9 - Artisanlocal<\/title>\n<meta name=\"robots\" content=\"index, follow, max-snippet:-1, max-image-preview:large, max-video-preview:-1\" \/>\n<link rel=\"canonical\" href=\"https:\/\/www.artisanlocal.ch\/c\/energies-renouvelables-a-fribourg-et-dans-les-villes-a-proximite\/\" \/>\n<meta property=\"og:locale\" content=\"fr_FR\" \/>\n<meta property=\"og:type\" content=\"article\" \/>\n<meta property=\"og:title\" content=\"\u00c9nergies renouvelables \u00e0 Fribourg et dans les villes \u00e0 proximit\u00e9\" \/>\n<meta property=\"og:description\" content=\"Pourquoi choisir Artisanlocal pour vos sources d&rsquo;\u00e9nergies renouvelables \u00e0 Fribourg ? Nos devis sont gratuits. Nos techniciens emploient les technologies les plus modernes. Nos bureaux sont localis\u00e9s \u00e0 Fribourg pour vous rencontrer d\u00e8s que possible. Nos tarifs sont attractifs et concurrentiels. Les artisans qui op\u00e8rent chez vous sont exp\u00e9riment\u00e9s. Nous proposons des conseils sur mesure. [&hellip;]\" \/>\n<meta property=\"og:url\" content=\"https:\/\/www.artisanlocal.ch\/c\/energies-renouvelables-a-fribourg-et-dans-les-villes-a-proximite\/\" \/>\n<meta property=\"og:site_name\" content=\"Artisanlocal\" \/>\n<meta property=\"article:modified_time\" content=\"2025-08-26T17:26:13+00:00\" \/>\n<meta property=\"og:image\" content=\"https:\/\/www.artisanlocal.ch\/c\/wp-content\/uploads\/2024\/10\/energiere-nouvelable.jpg\" \/>\n\t<meta property=\"og:image:width\" content=\"1920\" \/>\n\t<meta property=\"og:image:height\" content=\"300\" \/>\n\t<meta property=\"og:image:type\" content=\"image\/jpeg\" \/>\n<meta name=\"twitter:card\" content=\"summary_large_image\" \/>\n<meta name=\"twitter:label1\" content=\"Dur\u00e9e de lecture estim\u00e9e\" \/>\n\t<meta name=\"twitter:data1\" content=\"3 minutes\" \/>\n<script type=\"application\/ld+json\" class=\"yoast-schema-graph\">{\"@context\":\"https:\\\/\\\/schema.org\",\"@graph\":[{\"@type\":\"WebPage\",\"@id\":\"https:\\\/\\\/www.artisanlocal.ch\\\/c\\\/energies-renouvelables-a-fribourg-et-dans-les-villes-a-proximite\\\/\",\"url\":\"https:\\\/\\\/www.artisanlocal.ch\\\/c\\\/energies-renouvelables-a-fribourg-et-dans-les-villes-a-proximite\\\/\",\"name\":\"\u00c9nergies renouvelables \u00e0 Fribourg et dans les villes \u00e0 proximit\u00e9 - Artisanlocal\",\"isPartOf\":{\"@id\":\"https:\\\/\\\/www.artisanlocal.ch\\\/c\\\/#website\"},\"primaryImageOfPage\":{\"@id\":\"https:\\\/\\\/www.artisanlocal.ch\\\/c\\\/energies-renouvelables-a-fribourg-et-dans-les-villes-a-proximite\\\/#primaryimage\"},\"image\":{\"@id\":\"https:\\\/\\\/www.artisanlocal.ch\\\/c\\\/energies-renouvelables-a-fribourg-et-dans-les-villes-a-proximite\\\/#primaryimage\"},\"thumbnailUrl\":\"https:\\\/\\\/www.artisanlocal.ch\\\/c\\\/wp-content\\\/uploads\\\/2024\\\/10\\\/energiere-nouvelable.jpg\",\"datePublished\":\"2024-10-01T09:42:25+00:00\",\"dateModified\":\"2025-08-26T17:26:13+00:00\",\"breadcrumb\":{\"@id\":\"https:\\\/\\\/www.artisanlocal.ch\\\/c\\\/energies-renouvelables-a-fribourg-et-dans-les-villes-a-proximite\\\/#breadcrumb\"},\"inLanguage\":\"fr-FR\",\"potentialAction\":[{\"@type\":\"ReadAction\",\"target\":[\"https:\\\/\\\/www.artisanlocal.ch\\\/c\\\/energies-renouvelables-a-fribourg-et-dans-les-villes-a-proximite\\\/\"]}]},{\"@type\":\"ImageObject\",\"inLanguage\":\"fr-FR\",\"@id\":\"https:\\\/\\\/www.artisanlocal.ch\\\/c\\\/energies-renouvelables-a-fribourg-et-dans-les-villes-a-proximite\\\/#primaryimage\",\"url\":\"https:\\\/\\\/www.artisanlocal.ch\\\/c\\\/wp-content\\\/uploads\\\/2024\\\/10\\\/energiere-nouvelable.jpg\",\"contentUrl\":\"https:\\\/\\\/www.artisanlocal.ch\\\/c\\\/wp-content\\\/uploads\\\/2024\\\/10\\\/energiere-nouvelable.jpg\",\"width\":1920,\"height\":300},{\"@type\":\"BreadcrumbList\",\"@id\":\"https:\\\/\\\/www.artisanlocal.ch\\\/c\\\/energies-renouvelables-a-fribourg-et-dans-les-villes-a-proximite\\\/#breadcrumb\",\"itemListElement\":[{\"@type\":\"ListItem\",\"position\":1,\"name\":\"Accueil\",\"item\":\"https:\\\/\\\/www.artisanlocal.ch\\\/c\\\/\"},{\"@type\":\"ListItem\",\"position\":2,\"name\":\"\u00c9nergies renouvelables \u00e0 Fribourg et dans les villes \u00e0 proximit\u00e9\"}]},{\"@type\":\"WebSite\",\"@id\":\"https:\\\/\\\/www.artisanlocal.ch\\\/c\\\/#website\",\"url\":\"https:\\\/\\\/www.artisanlocal.ch\\\/c\\\/\",\"name\":\"Artisanlocal\",\"description\":\"\",\"publisher\":{\"@id\":\"https:\\\/\\\/www.artisanlocal.ch\\\/c\\\/#organization\"},\"potentialAction\":[{\"@type\":\"SearchAction\",\"target\":{\"@type\":\"EntryPoint\",\"urlTemplate\":\"https:\\\/\\\/www.artisanlocal.ch\\\/c\\\/?s={search_term_string}\"},\"query-input\":{\"@type\":\"PropertyValueSpecification\",\"valueRequired\":true,\"valueName\":\"search_term_string\"}}],\"inLanguage\":\"fr-FR\"},{\"@type\":\"Organization\",\"@id\":\"https:\\\/\\\/www.artisanlocal.ch\\\/c\\\/#organization\",\"name\":\"Artisanlocal\",\"url\":\"https:\\\/\\\/www.artisanlocal.ch\\\/c\\\/\",\"logo\":{\"@type\":\"ImageObject\",\"inLanguage\":\"fr-FR\",\"@id\":\"https:\\\/\\\/www.artisanlocal.ch\\\/c\\\/#\\\/schema\\\/logo\\\/image\\\/\",\"url\":\"https:\\\/\\\/www.artisanlocal.ch\\\/c\\\/wp-content\\\/uploads\\\/2024\\\/02\\\/logo-artisanlocal-h.svg\",\"contentUrl\":\"https:\\\/\\\/www.artisanlocal.ch\\\/c\\\/wp-content\\\/uploads\\\/2024\\\/02\\\/logo-artisanlocal-h.svg\",\"caption\":\"Artisanlocal\"},\"image\":{\"@id\":\"https:\\\/\\\/www.artisanlocal.ch\\\/c\\\/#\\\/schema\\\/logo\\\/image\\\/\"}}]}<\/script>\n<!-- \/ Yoast SEO Premium plugin. -->","yoast_head_json":{"title":"\u00c9nergies renouvelables \u00e0 Fribourg et dans les villes \u00e0 proximit\u00e9 - Artisanlocal","robots":{"index":"index","follow":"follow","max-snippet":"max-snippet:-1","max-image-preview":"max-image-preview:large","max-video-preview":"max-video-preview:-1"},"canonical":"https:\/\/www.artisanlocal.ch\/c\/energies-renouvelables-a-fribourg-et-dans-les-villes-a-proximite\/","og_locale":"fr_FR","og_type":"article","og_title":"\u00c9nergies renouvelables \u00e0 Fribourg et dans les villes \u00e0 proximit\u00e9","og_description":"Pourquoi choisir Artisanlocal pour vos sources d&rsquo;\u00e9nergies renouvelables \u00e0 Fribourg ? Nos devis sont gratuits. Nos techniciens emploient les technologies les plus modernes. Nos bureaux sont localis\u00e9s \u00e0 Fribourg pour vous rencontrer d\u00e8s que possible. Nos tarifs sont attractifs et concurrentiels. Les artisans qui op\u00e8rent chez vous sont exp\u00e9riment\u00e9s. Nous proposons des conseils sur mesure. [&hellip;]","og_url":"https:\/\/www.artisanlocal.ch\/c\/energies-renouvelables-a-fribourg-et-dans-les-villes-a-proximite\/","og_site_name":"Artisanlocal","article_modified_time":"2025-08-26T17:26:13+00:00","og_image":[{"width":1920,"height":300,"url":"https:\/\/www.artisanlocal.ch\/c\/wp-content\/uploads\/2024\/10\/energiere-nouvelable.jpg","type":"image\/jpeg"}],"twitter_card":"summary_large_image","twitter_misc":{"Dur\u00e9e de lecture estim\u00e9e":"3 minutes"},"schema":{"@context":"https:\/\/schema.org","@graph":[{"@type":"WebPage","@id":"https:\/\/www.artisanlocal.ch\/c\/energies-renouvelables-a-fribourg-et-dans-les-villes-a-proximite\/","url":"https:\/\/www.artisanlocal.ch\/c\/energies-renouvelables-a-fribourg-et-dans-les-villes-a-proximite\/","name":"\u00c9nergies renouvelables \u00e0 Fribourg et dans les villes \u00e0 proximit\u00e9 - Artisanlocal","isPartOf":{"@id":"https:\/\/www.artisanlocal.ch\/c\/#website"},"primaryImageOfPage":{"@id":"https:\/\/www.artisanlocal.ch\/c\/energies-renouvelables-a-fribourg-et-dans-les-villes-a-proximite\/#primaryimage"},"image":{"@id":"https:\/\/www.artisanlocal.ch\/c\/energies-renouvelables-a-fribourg-et-dans-les-villes-a-proximite\/#primaryimage"},"thumbnailUrl":"https:\/\/www.artisanlocal.ch\/c\/wp-content\/uploads\/2024\/10\/energiere-nouvelable.jpg","datePublished":"2024-10-01T09:42:25+00:00","dateModified":"2025-08-26T17:26:13+00:00","breadcrumb":{"@id":"https:\/\/www.artisanlocal.ch\/c\/energies-renouvelables-a-fribourg-et-dans-les-villes-a-proximite\/#breadcrumb"},"inLanguage":"fr-FR","potentialAction":[{"@type":"ReadAction","target":["https:\/\/www.artisanlocal.ch\/c\/energies-renouvelables-a-fribourg-et-dans-les-villes-a-proximite\/"]}]},{"@type":"ImageObject","inLanguage":"fr-FR","@id":"https:\/\/www.artisanlocal.ch\/c\/energies-renouvelables-a-fribourg-et-dans-les-villes-a-proximite\/#primaryimage","url":"https:\/\/www.artisanlocal.ch\/c\/wp-content\/uploads\/2024\/10\/energiere-nouvelable.jpg","contentUrl":"https:\/\/www.artisanlocal.ch\/c\/wp-content\/uploads\/2024\/10\/energiere-nouvelable.jpg","width":1920,"height":300},{"@type":"BreadcrumbList","@id":"https:\/\/www.artisanlocal.ch\/c\/energies-renouvelables-a-fribourg-et-dans-les-villes-a-proximite\/#breadcrumb","itemListElement":[{"@type":"ListItem","position":1,"name":"Accueil","item":"https:\/\/www.artisanlocal.ch\/c\/"},{"@type":"ListItem","position":2,"name":"\u00c9nergies renouvelables \u00e0 Fribourg et dans les villes \u00e0 proximit\u00e9"}]},{"@type":"WebSite","@id":"https:\/\/www.artisanlocal.ch\/c\/#website","url":"https:\/\/www.artisanlocal.ch\/c\/","name":"Artisanlocal","description":"","publisher":{"@id":"https:\/\/www.artisanlocal.ch\/c\/#organization"},"potentialAction":[{"@type":"SearchAction","target":{"@type":"EntryPoint","urlTemplate":"https:\/\/www.artisanlocal.ch\/c\/?s={search_term_string}"},"query-input":{"@type":"PropertyValueSpecification","valueRequired":true,"valueName":"search_term_string"}}],"inLanguage":"fr-FR"},{"@type":"Organization","@id":"https:\/\/www.artisanlocal.ch\/c\/#organization","name":"Artisanlocal","url":"https:\/\/www.artisanlocal.ch\/c\/","logo":{"@type":"ImageObject","inLanguage":"fr-FR","@id":"https:\/\/www.artisanlocal.ch\/c\/#\/schema\/logo\/image\/","url":"https:\/\/www.artisanlocal.ch\/c\/wp-content\/uploads\/2024\/02\/logo-artisanlocal-h.svg","contentUrl":"https:\/\/www.artisanlocal.ch\/c\/wp-content\/uploads\/2024\/02\/logo-artisanlocal-h.svg","caption":"Artisanlocal"},"image":{"@id":"https:\/\/www.artisanlocal.ch\/c\/#\/schema\/logo\/image\/"}}]}},"_links":{"self":[{"href":"https:\/\/www.artisanlocal.ch\/c\/wp-json\/wp\/v2\/pages\/2529","targetHints":{"allow":["GET"]}}],"collection":[{"href":"https:\/\/www.artisanlocal.ch\/c\/wp-json\/wp\/v2\/pages"}],"about":[{"href":"https:\/\/www.artisanlocal.ch\/c\/wp-json\/wp\/v2\/types\/page"}],"author":[{"embeddable":true,"href":"https:\/\/www.artisanlocal.ch\/c\/wp-json\/wp\/v2\/users\/4"}],"replies":[{"embeddable":true,"href":"https:\/\/www.artisanlocal.ch\/c\/wp-json\/wp\/v2\/comments?post=2529"}],"version-history":[{"count":0,"href":"https:\/\/www.artisanlocal.ch\/c\/wp-json\/wp\/v2\/pages\/2529\/revisions"}],"wp:featuredmedia":[{"embeddable":true,"href":"https:\/\/www.artisanlocal.ch\/c\/wp-json\/wp\/v2\/media\/2755"}],"wp:attachment":[{"href":"https:\/\/www.artisanlocal.ch\/c\/wp-json\/wp\/v2\/media?parent=2529"}],"wp:term":[{"taxonomy":"profession","embeddable":true,"href":"https:\/\/www.artisanlocal.ch\/c\/wp-json\/wp\/v2\/profession?post=2529"},{"taxonomy":"location","embeddable":true,"href":"https:\/\/www.artisanlocal.ch\/c\/wp-json\/wp\/v2\/location?post=2529"},{"taxonomy":"canton","embeddable":true,"href":"https:\/\/www.artisanlocal.ch\/c\/wp-json\/wp\/v2\/canton?post=2529"}],"curies":[{"name":"wp","href":"https:\/\/api.w.org\/{rel}","templated":true}]}}