{"id":2530,"date":"2024-10-02T03:50:42","date_gmt":"2024-10-02T01:50:42","guid":{"rendered":"https:\/\/www.artisanlocal.ch\/c\/energies-renouvelables-a-villars-sur-glane-et-dans-les-villes-proches\/"},"modified":"2025-08-26T19:26:01","modified_gmt":"2025-08-26T17:26:01","slug":"energies-renouvelables-a-villars-sur-glane-et-dans-les-villes-proches","status":"publish","type":"page","link":"https:\/\/www.artisanlocal.ch\/c\/energies-renouvelables-a-villars-sur-glane-et-dans-les-villes-proches\/","title":{"rendered":"\u00c9nergies renouvelables \u00e0 Villars-sur-Gl\u00e2ne et dans les villes proches"},"content":{"rendered":"\r\n<div class=\"box\">\r\n    <h2 class=\"text-dark\">Nous cherchons un <em class=\"text-primary\">Energies renouvelables (sp\u00e9cialiste)<\/em> dans la r\u00e9gion de <em class=\"text-primary\">Villars-sur-Gl\u00e2ne<\/em>  en exclusivit\u00e9, afin de proposer vos services \u00e0 nos clients propri\u00e9taires.<\/h2>\r\n    <p>Une opportunit\u00e9 unique pour booster votre activit\u00e9 \u00e0 <strong>Villars-sur-Gl\u00e2ne<\/strong> et aux alentours dans votre domaine (Energies renouvelables (sp\u00e9cialiste)).<\/p>\r\n    <p>Nous travaillons en exclusivit\u00e9 avec qu'une soci\u00e9t\u00e9 par m\u00e9tier et par r\u00e9gion. <br>Votre entreprise est pr\u00e9sente sur tous les documents immobiliers. Afin d'\u00eatre mieux vu sur le net, vous \u00eates \u00e9galement visible sur nos deux sites et sur les pages de r\u00e9f\u00e9rencement de votre r\u00e9gion.<\/p>\r\n    <a href=\"\/contact\" class=\"wp-block-button__link has-accent-background-color has-text-align-center wp-element-button\">R\u00e9server<\/a>\r\n<\/div>\n<h2>Pourquoi choisir Artisanlocal pour vos \u00e9nergies renouvelables \u00e0 Villars-sur-Gl\u00e2ne ?<\/h2>\n<ul>\n<li>Nos \u00e9valuations sont gratuites.<\/li>\n<li>Nos artisans emploient les derni\u00e8res technologies.<\/li>\n<li>Nous sommes situ\u00e9s \u00e0 Villars-sur-Gl\u00e2ne, ce qui nous permet d&rsquo;intervenir rapidement chez vous.<\/li>\n<li>Nos tarifs sont attractifs.<\/li>\n<li>Les artisans qui op\u00e8rent chez vous sont aguerris.<\/li>\n<li>Nos services sont sur mesure.<\/li>\n<li>Nous effectuons la gestion compl\u00e8te de vos travaux d&rsquo;\u00e9nergie renouvelables.<\/li>\n<li>Artisanlocal propose une assistance sur mesure.<\/li>\n<\/ul>\n<h2>Quels sont les diff\u00e9rents types de solutions d&rsquo;\u00e9nergies renouvelables que vous proposez ?<\/h2>\n<ul>\n<li>Chaudi\u00e8re bois : mixte, b\u00fbche ou granul\u00e9.<\/li>\n<li>Pompe \u00e0 chaleur g\u00e9othermique&nbsp;: captage vertical ou captage horizontal<\/li>\n<li>Chaleur \u00e0 distance fossile : thermodynamique, fossile, par r\u00e9cup\u00e9ration ou fossile.<\/li>\n<li>Syst\u00e8me pompe \u00e0 chaleur : hybride, hydrothermique, a\u00e9rothermique ou g\u00e9othermique.<\/li>\n<li>Panneau solaire photovolta\u00efque : int\u00e9gr\u00e9 au b\u00e2timent, concentration, silicium, avec couche mince ou bifaciaux.<\/li>\n<li>Panneau \u00e0 \u00e9nergie solaire thermique : plan vitr\u00e9, tube sous vide, concentration, thermosiphon (stockage passif) ou solaire hybride.<\/li>\n<li>Syst\u00e8me de stockage d&rsquo;\u00e9nergie : \u00e9lectrochimique, m\u00e9canique, thermique, gravitationnel, chimique ou supercondensateur.<\/li>\n<li>Nous proposons aussi d&rsquo;autres installations d&rsquo;\u00e9nergies renouvelables : \u00e9olien, r\u00e9seau de distribution et hydraulique.&nbsp;<\/li>\n<\/ul>\n<h2>Quels sont les types de services que vous offrez ?<\/h2>\n<ul>\n<li>Audit \u00e9nerg\u00e9tique : \u00e9valuation de votre consommation d&rsquo;\u00e9nergie.<\/li>\n<li>Conseil : personnalis\u00e9 et en fonction de votre situation.<\/li>\n<li>Mise en place : panneaux solaires, pompes \u00e0 chaleur, etc.<\/li>\n<li>Service de maintenance : contr\u00f4le et entretien de vos installations.<\/li>\n<li>Pilotage de votre projet : phase de conception \u00e0 la mise en place.<\/li>\n<li>Sensibilisation et formation : \u00e9nergies renouvelables pour particuliers et entreprises.<\/li>\n<li>Dispositif : stockage \u00e9nerg\u00e9tique.<\/li>\n<\/ul>\n<h3>Sp\u00e9cialiste en solutions \u00e9nerg\u00e9tiques renouvelables, nous intervenons \u00e0 Villars-sur-Gl\u00e2ne et dans les localit\u00e9 s \u00e0 proximit\u00e9&nbsp;<\/h3>\n<p>Nous effectuons toutes vos installations d\u2019\u00e9nergies renouvelables \u00e0 Villars-sur-Gl\u00e2ne et dans les villes aux alentours, comme : Estavayer-le-Gibloux, Rueyres-St-Laurent, Villarlod, Villarsel-le-Gibloux, Vuisternens-en-Ogoz, Ch\u00e9sopelloz, Corminboeuf, Bourguillon, Marly, Pierrafortscha, Villarsel-sur-Marly, Ferpicloz, Bonnefontaine, Essert FR, Le Mouret, Mont\u00e9vraz, Oberried FR, Z\u00e9nauva, Sen\u00e8des, Posieux, Farvagny-le-Grand, Farvagny-le-Petit, Grenilles, Posat, Corpataux, Magnedens, Rossens FR, Ecuvillens, Ependes FR, Arconciel, Treyvaux, Neyruz FR, Cottens FR, Autigny, Ch\u00e9nens, Lentigny, Prez-vers-Nor\u00e9az, Corserey, Matran, Avry-sur-Matran, Corjolens, Lovens, Onnens FR, Nor\u00e9az, Givisiez, Granges-Paccot, Grolley, Nierlet-les-Bois, Ponthaux, Autafond, Belfaux, Cormagens, Formangueires, La Corbaz, Lossy, Pensier, Barber\u00eache..&nbsp;<\/p>\n<h2>FAQ<\/h2>\n<h3>Peut-on combiner des panneaux photovolta\u00efques avec une pompe \u00e0 chaleur\u202f?<\/h3>\n<p>Oui, il est possible d\u2019installer une pompe \u00e0 chaleur avec des panneaux photovolta\u00efques. Cette combinaison facilite l&rsquo;utilisation et le stockage de l&rsquo;\u00e9nergie cr\u00e9\u00e9e. La pompe \u00e0 chaleur peut-\u00eatre configur\u00e9e pour fonctionner avec l&rsquo;\u00e9lectricit\u00e9 g\u00e9n\u00e9r\u00e9e par les panneaux solaires et aussi stocker la chaleur sous forme d&rsquo;eau chaude, notamment durant les p\u00e9riodes ensoleill\u00e9es.<\/p>\n<h3>Quelles sont les aides disponibles pour les chauffages aux \u00e9nergies renouvelables en Suisse\u202f?<\/h3>\n<p>Il existe plusieurs programmes de financements et de subventions pour votre chauffage, notamment sur le plan cantonal.<\/p>\n<h3>Est-il pertinent de choisir des capteurs solaires thermiques si la chaleur est surtout cr\u00e9\u00e9e durant l&rsquo;\u00e9t\u00e9\u202f?<\/h3>\n<p>Oui, car vous avez sans arr\u00eat besoins de chauffer votre eau tout au long de l&rsquo;ann\u00e9e. Le thermique et le solaire remplissent vos besoins en \u00e9nergie l&rsquo;\u00e9t\u00e9 et permettent de diminuer vos factures d&rsquo;\u00e9lectricit\u00e9 au cours de l&rsquo;hiver.<\/p>\n<h3>Les mat\u00e9riaux utilis\u00e9s dans la production des panneaux solaires sont-ils chers\u202f?<\/h3>\n<p>Les panneaux photovolta\u00efques sont fabriqu\u00e9s avec des modules compos\u00e9s de mati\u00e8res synth\u00e9tiques, verre, silicium et aluminium, qui sont disponibles en quantit\u00e9. Cependant, ces modules ont besoin d&rsquo;argent pour marcher. Les nouvelles technologies permettent de diminuer l&rsquo;usage de l&rsquo;argent, voire \u00e0 le remplacer totalement par du cuivre. Pour le moment, la quantit\u00e9 d&rsquo;argent dans les modules a d\u00e9j\u00e0 baiss\u00e9 d&rsquo;environ 80 %.&nbsp;<\/p>\n<h3>\u00c0 combien se montent les prix d\u2019une batterie solaire de stockage\u202f?<\/h3>\n<p>Les montants des batteries pour maisons individuelles changent suivant le canton, les subventions et la technologie de l\u2019accumulateur.<\/p>\n","protected":false},"excerpt":{"rendered":"<p>Pourquoi choisir Artisanlocal pour vos \u00e9nergies renouvelables \u00e0 Villars-sur-Gl\u00e2ne ? Nos \u00e9valuations sont gratuites. Nos artisans emploient les derni\u00e8res technologies. Nous sommes situ\u00e9s \u00e0 Villars-sur-Gl\u00e2ne, ce qui nous permet d&rsquo;intervenir rapidement chez vous. Nos tarifs sont attractifs. Les artisans qui op\u00e8rent chez vous sont aguerris. Nos services sont sur mesure. Nous effectuons la gestion compl\u00e8te [&hellip;]<\/p>\n","protected":false},"author":4,"featured_media":2755,"parent":0,"menu_order":0,"comment_status":"closed","ping_status":"closed","template":"","meta":{"footnotes":""},"profession":[126],"location":[92],"canton":[109],"class_list":["post-2530","page","type-page","status-publish","has-post-thumbnail","hentry","profession-energies-renouvelables-specialiste","location-villars-sur-glane","canton-fr"],"yoast_head":"<!-- This site is optimized with the Yoast SEO Premium plugin v25.7.1 (Yoast SEO v27.4) - https:\/\/yoast.com\/product\/yoast-seo-premium-wordpress\/ -->\n<title>\u00c9nergies renouvelables \u00e0 Villars-sur-Gl\u00e2ne et dans les villes proches - Artisanlocal<\/title>\n<meta name=\"robots\" content=\"index, follow, max-snippet:-1, max-image-preview:large, max-video-preview:-1\" \/>\n<link rel=\"canonical\" href=\"https:\/\/www.artisanlocal.ch\/c\/energies-renouvelables-a-villars-sur-glane-et-dans-les-villes-proches\/\" \/>\n<meta property=\"og:locale\" content=\"fr_FR\" \/>\n<meta property=\"og:type\" content=\"article\" \/>\n<meta property=\"og:title\" content=\"\u00c9nergies renouvelables \u00e0 Villars-sur-Gl\u00e2ne et dans les villes proches\" \/>\n<meta property=\"og:description\" content=\"Pourquoi choisir Artisanlocal pour vos \u00e9nergies renouvelables \u00e0 Villars-sur-Gl\u00e2ne ? Nos \u00e9valuations sont gratuites. Nos artisans emploient les derni\u00e8res technologies. Nous sommes situ\u00e9s \u00e0 Villars-sur-Gl\u00e2ne, ce qui nous permet d&rsquo;intervenir rapidement chez vous. Nos tarifs sont attractifs. Les artisans qui op\u00e8rent chez vous sont aguerris. Nos services sont sur mesure. Nous effectuons la gestion compl\u00e8te [&hellip;]\" \/>\n<meta property=\"og:url\" content=\"https:\/\/www.artisanlocal.ch\/c\/energies-renouvelables-a-villars-sur-glane-et-dans-les-villes-proches\/\" \/>\n<meta property=\"og:site_name\" content=\"Artisanlocal\" \/>\n<meta property=\"article:modified_time\" content=\"2025-08-26T17:26:01+00:00\" \/>\n<meta property=\"og:image\" content=\"https:\/\/www.artisanlocal.ch\/c\/wp-content\/uploads\/2024\/10\/energiere-nouvelable.jpg\" \/>\n\t<meta property=\"og:image:width\" content=\"1920\" \/>\n\t<meta property=\"og:image:height\" content=\"300\" \/>\n\t<meta property=\"og:image:type\" content=\"image\/jpeg\" \/>\n<meta name=\"twitter:card\" content=\"summary_large_image\" \/>\n<meta name=\"twitter:label1\" content=\"Dur\u00e9e de lecture estim\u00e9e\" \/>\n\t<meta name=\"twitter:data1\" content=\"3 minutes\" \/>\n<script type=\"application\/ld+json\" class=\"yoast-schema-graph\">{\"@context\":\"https:\\\/\\\/schema.org\",\"@graph\":[{\"@type\":\"WebPage\",\"@id\":\"https:\\\/\\\/www.artisanlocal.ch\\\/c\\\/energies-renouvelables-a-villars-sur-glane-et-dans-les-villes-proches\\\/\",\"url\":\"https:\\\/\\\/www.artisanlocal.ch\\\/c\\\/energies-renouvelables-a-villars-sur-glane-et-dans-les-villes-proches\\\/\",\"name\":\"\u00c9nergies renouvelables \u00e0 Villars-sur-Gl\u00e2ne et dans les villes proches - Artisanlocal\",\"isPartOf\":{\"@id\":\"https:\\\/\\\/www.artisanlocal.ch\\\/c\\\/#website\"},\"primaryImageOfPage\":{\"@id\":\"https:\\\/\\\/www.artisanlocal.ch\\\/c\\\/energies-renouvelables-a-villars-sur-glane-et-dans-les-villes-proches\\\/#primaryimage\"},\"image\":{\"@id\":\"https:\\\/\\\/www.artisanlocal.ch\\\/c\\\/energies-renouvelables-a-villars-sur-glane-et-dans-les-villes-proches\\\/#primaryimage\"},\"thumbnailUrl\":\"https:\\\/\\\/www.artisanlocal.ch\\\/c\\\/wp-content\\\/uploads\\\/2024\\\/10\\\/energiere-nouvelable.jpg\",\"datePublished\":\"2024-10-02T01:50:42+00:00\",\"dateModified\":\"2025-08-26T17:26:01+00:00\",\"breadcrumb\":{\"@id\":\"https:\\\/\\\/www.artisanlocal.ch\\\/c\\\/energies-renouvelables-a-villars-sur-glane-et-dans-les-villes-proches\\\/#breadcrumb\"},\"inLanguage\":\"fr-FR\",\"potentialAction\":[{\"@type\":\"ReadAction\",\"target\":[\"https:\\\/\\\/www.artisanlocal.ch\\\/c\\\/energies-renouvelables-a-villars-sur-glane-et-dans-les-villes-proches\\\/\"]}]},{\"@type\":\"ImageObject\",\"inLanguage\":\"fr-FR\",\"@id\":\"https:\\\/\\\/www.artisanlocal.ch\\\/c\\\/energies-renouvelables-a-villars-sur-glane-et-dans-les-villes-proches\\\/#primaryimage\",\"url\":\"https:\\\/\\\/www.artisanlocal.ch\\\/c\\\/wp-content\\\/uploads\\\/2024\\\/10\\\/energiere-nouvelable.jpg\",\"contentUrl\":\"https:\\\/\\\/www.artisanlocal.ch\\\/c\\\/wp-content\\\/uploads\\\/2024\\\/10\\\/energiere-nouvelable.jpg\",\"width\":1920,\"height\":300},{\"@type\":\"BreadcrumbList\",\"@id\":\"https:\\\/\\\/www.artisanlocal.ch\\\/c\\\/energies-renouvelables-a-villars-sur-glane-et-dans-les-villes-proches\\\/#breadcrumb\",\"itemListElement\":[{\"@type\":\"ListItem\",\"position\":1,\"name\":\"Accueil\",\"item\":\"https:\\\/\\\/www.artisanlocal.ch\\\/c\\\/\"},{\"@type\":\"ListItem\",\"position\":2,\"name\":\"\u00c9nergies renouvelables \u00e0 Villars-sur-Gl\u00e2ne et dans les villes proches\"}]},{\"@type\":\"WebSite\",\"@id\":\"https:\\\/\\\/www.artisanlocal.ch\\\/c\\\/#website\",\"url\":\"https:\\\/\\\/www.artisanlocal.ch\\\/c\\\/\",\"name\":\"Artisanlocal\",\"description\":\"\",\"publisher\":{\"@id\":\"https:\\\/\\\/www.artisanlocal.ch\\\/c\\\/#organization\"},\"potentialAction\":[{\"@type\":\"SearchAction\",\"target\":{\"@type\":\"EntryPoint\",\"urlTemplate\":\"https:\\\/\\\/www.artisanlocal.ch\\\/c\\\/?s={search_term_string}\"},\"query-input\":{\"@type\":\"PropertyValueSpecification\",\"valueRequired\":true,\"valueName\":\"search_term_string\"}}],\"inLanguage\":\"fr-FR\"},{\"@type\":\"Organization\",\"@id\":\"https:\\\/\\\/www.artisanlocal.ch\\\/c\\\/#organization\",\"name\":\"Artisanlocal\",\"url\":\"https:\\\/\\\/www.artisanlocal.ch\\\/c\\\/\",\"logo\":{\"@type\":\"ImageObject\",\"inLanguage\":\"fr-FR\",\"@id\":\"https:\\\/\\\/www.artisanlocal.ch\\\/c\\\/#\\\/schema\\\/logo\\\/image\\\/\",\"url\":\"https:\\\/\\\/www.artisanlocal.ch\\\/c\\\/wp-content\\\/uploads\\\/2024\\\/02\\\/logo-artisanlocal-h.svg\",\"contentUrl\":\"https:\\\/\\\/www.artisanlocal.ch\\\/c\\\/wp-content\\\/uploads\\\/2024\\\/02\\\/logo-artisanlocal-h.svg\",\"caption\":\"Artisanlocal\"},\"image\":{\"@id\":\"https:\\\/\\\/www.artisanlocal.ch\\\/c\\\/#\\\/schema\\\/logo\\\/image\\\/\"}}]}<\/script>\n<!-- \/ Yoast SEO Premium plugin. -->","yoast_head_json":{"title":"\u00c9nergies renouvelables \u00e0 Villars-sur-Gl\u00e2ne et dans les villes proches - Artisanlocal","robots":{"index":"index","follow":"follow","max-snippet":"max-snippet:-1","max-image-preview":"max-image-preview:large","max-video-preview":"max-video-preview:-1"},"canonical":"https:\/\/www.artisanlocal.ch\/c\/energies-renouvelables-a-villars-sur-glane-et-dans-les-villes-proches\/","og_locale":"fr_FR","og_type":"article","og_title":"\u00c9nergies renouvelables \u00e0 Villars-sur-Gl\u00e2ne et dans les villes proches","og_description":"Pourquoi choisir Artisanlocal pour vos \u00e9nergies renouvelables \u00e0 Villars-sur-Gl\u00e2ne ? Nos \u00e9valuations sont gratuites. Nos artisans emploient les derni\u00e8res technologies. Nous sommes situ\u00e9s \u00e0 Villars-sur-Gl\u00e2ne, ce qui nous permet d&rsquo;intervenir rapidement chez vous. Nos tarifs sont attractifs. Les artisans qui op\u00e8rent chez vous sont aguerris. Nos services sont sur mesure. Nous effectuons la gestion compl\u00e8te [&hellip;]","og_url":"https:\/\/www.artisanlocal.ch\/c\/energies-renouvelables-a-villars-sur-glane-et-dans-les-villes-proches\/","og_site_name":"Artisanlocal","article_modified_time":"2025-08-26T17:26:01+00:00","og_image":[{"width":1920,"height":300,"url":"https:\/\/www.artisanlocal.ch\/c\/wp-content\/uploads\/2024\/10\/energiere-nouvelable.jpg","type":"image\/jpeg"}],"twitter_card":"summary_large_image","twitter_misc":{"Dur\u00e9e de lecture estim\u00e9e":"3 minutes"},"schema":{"@context":"https:\/\/schema.org","@graph":[{"@type":"WebPage","@id":"https:\/\/www.artisanlocal.ch\/c\/energies-renouvelables-a-villars-sur-glane-et-dans-les-villes-proches\/","url":"https:\/\/www.artisanlocal.ch\/c\/energies-renouvelables-a-villars-sur-glane-et-dans-les-villes-proches\/","name":"\u00c9nergies renouvelables \u00e0 Villars-sur-Gl\u00e2ne et dans les villes proches - Artisanlocal","isPartOf":{"@id":"https:\/\/www.artisanlocal.ch\/c\/#website"},"primaryImageOfPage":{"@id":"https:\/\/www.artisanlocal.ch\/c\/energies-renouvelables-a-villars-sur-glane-et-dans-les-villes-proches\/#primaryimage"},"image":{"@id":"https:\/\/www.artisanlocal.ch\/c\/energies-renouvelables-a-villars-sur-glane-et-dans-les-villes-proches\/#primaryimage"},"thumbnailUrl":"https:\/\/www.artisanlocal.ch\/c\/wp-content\/uploads\/2024\/10\/energiere-nouvelable.jpg","datePublished":"2024-10-02T01:50:42+00:00","dateModified":"2025-08-26T17:26:01+00:00","breadcrumb":{"@id":"https:\/\/www.artisanlocal.ch\/c\/energies-renouvelables-a-villars-sur-glane-et-dans-les-villes-proches\/#breadcrumb"},"inLanguage":"fr-FR","potentialAction":[{"@type":"ReadAction","target":["https:\/\/www.artisanlocal.ch\/c\/energies-renouvelables-a-villars-sur-glane-et-dans-les-villes-proches\/"]}]},{"@type":"ImageObject","inLanguage":"fr-FR","@id":"https:\/\/www.artisanlocal.ch\/c\/energies-renouvelables-a-villars-sur-glane-et-dans-les-villes-proches\/#primaryimage","url":"https:\/\/www.artisanlocal.ch\/c\/wp-content\/uploads\/2024\/10\/energiere-nouvelable.jpg","contentUrl":"https:\/\/www.artisanlocal.ch\/c\/wp-content\/uploads\/2024\/10\/energiere-nouvelable.jpg","width":1920,"height":300},{"@type":"BreadcrumbList","@id":"https:\/\/www.artisanlocal.ch\/c\/energies-renouvelables-a-villars-sur-glane-et-dans-les-villes-proches\/#breadcrumb","itemListElement":[{"@type":"ListItem","position":1,"name":"Accueil","item":"https:\/\/www.artisanlocal.ch\/c\/"},{"@type":"ListItem","position":2,"name":"\u00c9nergies renouvelables \u00e0 Villars-sur-Gl\u00e2ne et dans les villes proches"}]},{"@type":"WebSite","@id":"https:\/\/www.artisanlocal.ch\/c\/#website","url":"https:\/\/www.artisanlocal.ch\/c\/","name":"Artisanlocal","description":"","publisher":{"@id":"https:\/\/www.artisanlocal.ch\/c\/#organization"},"potentialAction":[{"@type":"SearchAction","target":{"@type":"EntryPoint","urlTemplate":"https:\/\/www.artisanlocal.ch\/c\/?s={search_term_string}"},"query-input":{"@type":"PropertyValueSpecification","valueRequired":true,"valueName":"search_term_string"}}],"inLanguage":"fr-FR"},{"@type":"Organization","@id":"https:\/\/www.artisanlocal.ch\/c\/#organization","name":"Artisanlocal","url":"https:\/\/www.artisanlocal.ch\/c\/","logo":{"@type":"ImageObject","inLanguage":"fr-FR","@id":"https:\/\/www.artisanlocal.ch\/c\/#\/schema\/logo\/image\/","url":"https:\/\/www.artisanlocal.ch\/c\/wp-content\/uploads\/2024\/02\/logo-artisanlocal-h.svg","contentUrl":"https:\/\/www.artisanlocal.ch\/c\/wp-content\/uploads\/2024\/02\/logo-artisanlocal-h.svg","caption":"Artisanlocal"},"image":{"@id":"https:\/\/www.artisanlocal.ch\/c\/#\/schema\/logo\/image\/"}}]}},"_links":{"self":[{"href":"https:\/\/www.artisanlocal.ch\/c\/wp-json\/wp\/v2\/pages\/2530","targetHints":{"allow":["GET"]}}],"collection":[{"href":"https:\/\/www.artisanlocal.ch\/c\/wp-json\/wp\/v2\/pages"}],"about":[{"href":"https:\/\/www.artisanlocal.ch\/c\/wp-json\/wp\/v2\/types\/page"}],"author":[{"embeddable":true,"href":"https:\/\/www.artisanlocal.ch\/c\/wp-json\/wp\/v2\/users\/4"}],"replies":[{"embeddable":true,"href":"https:\/\/www.artisanlocal.ch\/c\/wp-json\/wp\/v2\/comments?post=2530"}],"version-history":[{"count":0,"href":"https:\/\/www.artisanlocal.ch\/c\/wp-json\/wp\/v2\/pages\/2530\/revisions"}],"wp:featuredmedia":[{"embeddable":true,"href":"https:\/\/www.artisanlocal.ch\/c\/wp-json\/wp\/v2\/media\/2755"}],"wp:attachment":[{"href":"https:\/\/www.artisanlocal.ch\/c\/wp-json\/wp\/v2\/media?parent=2530"}],"wp:term":[{"taxonomy":"profession","embeddable":true,"href":"https:\/\/www.artisanlocal.ch\/c\/wp-json\/wp\/v2\/profession?post=2530"},{"taxonomy":"location","embeddable":true,"href":"https:\/\/www.artisanlocal.ch\/c\/wp-json\/wp\/v2\/location?post=2530"},{"taxonomy":"canton","embeddable":true,"href":"https:\/\/www.artisanlocal.ch\/c\/wp-json\/wp\/v2\/canton?post=2530"}],"curies":[{"name":"wp","href":"https:\/\/api.w.org\/{rel}","templated":true}]}}