{"id":2538,"date":"2024-10-03T11:39:48","date_gmt":"2024-10-03T09:39:48","guid":{"rendered":"https:\/\/www.artisanlocal.ch\/c\/energies-renouvelables-a-coppet-et-dans-les-villes-aux-environs\/"},"modified":"2025-08-26T19:25:30","modified_gmt":"2025-08-26T17:25:30","slug":"energies-renouvelables-a-coppet-et-dans-les-villes-aux-environs","status":"publish","type":"page","link":"https:\/\/www.artisanlocal.ch\/c\/energies-renouvelables-a-coppet-et-dans-les-villes-aux-environs\/","title":{"rendered":"\u00c9nergies renouvelables \u00e0 Coppet et dans les villes aux environs"},"content":{"rendered":"\r\n<div class=\"box\">\r\n            <div class=\"company-info\">\r\n            <img decoding=\"async\" class=\"company-info__logo\" src=\"https:\/\/www.artisanlocal.ch\/media\/cache\/thumb\/images\/companies\/6569b98e38738633810901.png\" alt=\"Logo\">\r\n            <h2 class=\"company-info__name\">CP Cipriano SA<\/h2>\r\n            <p class=\"company-info__business\">Installateurs \u00e9lectriciens - D\u00e9pannage - Installation de t\u00e9l\u00e9phones - Contr\u00f4le d'\u00e9lectricit\u00e9 OIBT - \u00c9nergie solaire photovolta\u00efque<\/p>\r\n        <\/div>\r\n        <div class=\"company-contact\">\r\n            <p class=\"company-info__address\">Rue de Lyon 32<\/p>\r\n                            <div class=\"links\">\r\n                                            <a class=\"btn has-accent-background-color js-phoneNumber\" href=\"tel:0229491010\" title=\"Appelez\" data-id=\"4271\" data-type=\"11\">022 949 10 10<\/a>\r\n                                                                <a class=\"btn has-accent-background-color\" href=\"https:\/\/www.cipriano-electricite-geneve.ch\/\" target=\"_blank\" title=\"Voir le site internet\" data-id=\"4271\" data-type=\"20\">Site internet<\/a>\r\n                                    <\/div>\r\n                    <\/div>\r\n    \r\n            \r\n<form action=\"https:\/\/www.artisanlocal.ch\/c\/wp-admin\/admin-ajax.php\" method=\"post\" class=\"form-contact\" id=\"artisan_form_contact_company_inline\">\r\n    <div><input type=\"hidden\" name=\"action\" value=\"company_contact\"><\/div>\r\n    <div><input type=\"hidden\" name=\"nonce\" value=\"04de2cd502\"><\/div>\r\n    <div><input type=\"hidden\" name=\"company_id\" value=\"4271\"><\/div>\r\n    <div><input type=\"hidden\" name=\"form_id\" value=\"artisan_form_contact_company_inline\"><\/div>\r\n    <div class=\"gglcptch gglcptch_v3 gglcptch_custom\"><input type=\"hidden\" id=\"g-recaptcha-response\" name=\"g-recaptcha-response\" \/><br \/><div class=\"gglcptch_error_text\">La p\u00e9riode de v\u00e9rification reCAPTCHA a expir\u00e9. Veuillez recharger la page.<\/div><\/div>    <div class=\"form-content\">\r\n        <div class=\"form-group\">\r\n            <label for=\"contact_firstName\" class=\"required\">Pr\u00e9nom<\/label>\r\n            <input type=\"text\" name=\"firstName\" class=\"form-control\" required>\r\n        <\/div>\r\n        <div class=\"form-group\">\r\n            <label for=\"contact_lastName\" class=\"required\">Nom<\/label>\r\n            <input type=\"text\" name=\"lastName\" class=\"form-control\" required>\r\n        <\/div>\r\n        <div class=\"form-group\">\r\n            <label for=\"contact_email\" class=\"required\">Email<\/label>\r\n            <input type=\"email\" name=\"email\" class=\"form-control\" required>\r\n        <\/div>\r\n        <div class=\"form-group\">\r\n            <label for=\"contact_phone\" class=\"required\">Num\u00e9ro de t\u00e9l\u00e9phone<\/label>\r\n            <input type=\"tel\" name=\"phone\" class=\"form-control\" placeholder=\"0787117165\" pattern=\"^[0-9]{10}$\" required>\r\n        <\/div>\r\n        <div class=\"form-group\">\r\n            <label for=\"contact_postalCode\" class=\"required\">Code postal et localit\u00e9<\/label>\r\n            <input type=\"text\" name=\"postalCode\" class=\"form-control\" required>\r\n        <\/div>\r\n        <div class=\"form-group\">\r\n            <label for=\"contact_address\" class=\"required\">Adresse<\/label>\r\n            <input type=\"text\" name=\"address\" class=\"form-control\" required>\r\n        <\/div>\r\n        <div class=\"full-width topic\">\r\n            <p class=\"required\">Je souhaite \u00eatre contact\u00e9 pour :<\/p>\r\n            <div class=\"form-check\">\r\n                <input type=\"radio\" name=\"topic\" value=\"D\u00e9pannage\" class=\"form-control\" required>\r\n                <label for=\"d\u00e9pannage\">D\u00e9pannage<\/label>\r\n            <\/div>\r\n            <div class=\"form-check\">\r\n                <input type=\"radio\" name=\"topic\" value=\"Entretien\" class=\"form-control\" required>\r\n                <label for=\"entretien\">Entretien<\/label>\r\n            <\/div>\r\n            <div class=\"form-check\">\r\n                <input type=\"radio\" name=\"topic\" value=\"R\u00e9novation\" class=\"form-control\" required>\r\n                <label for=\"r\u00e9novation\">R\u00e9novation<\/label>\r\n            <\/div>\r\n            <div class=\"form-check\">\r\n                <input type=\"radio\" name=\"topic\" value=\"Autre\" class=\"form-control\" required>\r\n                <label for=\"autre\">Autre<\/label>\r\n            <\/div>\r\n        <\/div>\r\n        <div class=\"form-group full-width\">\r\n            <label for=\"contact_message\">Message<\/label>\r\n            <textarea name=\"message\" rows=\"3\" class=\"form-control\"><\/textarea>\r\n        <\/div>\r\n    <\/div>\r\n    <div class=\"form-actions\">\r\n        <button class=\"wp-block-button__link has-accent-background-color\">Contacter<\/button>\r\n    <\/div>\r\n<\/form>\r\n<div class=\"form-feedback\"><\/div>    <\/div>\n<h2>Pourquoi choisir Artisanlocal pour vos sources d&rsquo;\u00e9nergies renouvelables \u00e0 Coppet ?<\/h2>\n<ul>\n<li>Nos devis sont gratuits.<\/li>\n<li>Nos artisans emploient les derni\u00e8res technologies.<\/li>\n<li>Notre entreprise est situ\u00e9e \u00e0 Coppet, pour vous rencontrer d\u00e8s que possible \u00e0 votre logement.<\/li>\n<li>Nos prix sont comp\u00e9titifs.<\/li>\n<li>Les techniciens qui op\u00e8rent \u00e0 votre domicile sont exp\u00e9riment\u00e9s.<\/li>\n<li>Nos solutions sont adapt\u00e9es \u00e0 votre projet.<\/li>\n<li>Nous r\u00e9alisons la gestion du d\u00e9but \u00e0 la fin de vos travaux d&rsquo;\u00e9nergie renouvelables.<\/li>\n<li>Notre \u00e9quipe fournit une assistance technique d\u00e9di\u00e9e.<\/li>\n<\/ul>\n<h2>Quels sont les types d&rsquo;installations d&rsquo;\u00e9nergies renouvelables que vous offrez ?<\/h2>\n<ul>\n<li>Chaudi\u00e8re \u00e0 bois : mixte, b\u00fbche ou granul\u00e9.<\/li>\n<li>Pompe \u00e0 chaleur g\u00e9othermique avec captage : horizontale ou verticale<\/li>\n<li>Chaleur \u00e0 distance fossile : renouvelable, fossile, par r\u00e9cup\u00e9ration ou thermodynamique.<\/li>\n<li>Pompe \u00e0 chaleur : hydrothermique, a\u00e9rothermique, g\u00e9othermique ou hybride.<\/li>\n<li>Photovolta\u00efque : silicium, avec couche mince, concentration, bifaciaux ou int\u00e9gr\u00e9 au b\u00e2timent.<\/li>\n<li>Solaire thermique : concentration, tube sous vide, plan vitr\u00e9, solaire hybride ou thermosiphon (stockage passif).<\/li>\n<li>Dispositif de stockage d&rsquo;\u00e9nergie : \u00e9lectrochimique, m\u00e9canique, thermique, gravitationnel, chimique ou supercondensateur.<\/li>\n<li>Nous proposons aussi d\u2019autres installations d&rsquo;\u00e9nergies renouvelables : \u00e9olien, r\u00e9seau de distribution et hydraulique.&nbsp;<\/li>\n<\/ul>\n<h2>Quels sont les types de services que vous proposez ?<\/h2>\n<ul>\n<li>Audit \u00e9nerg\u00e9tique : examen de vos d\u00e9penses \u00e9nerg\u00e9tiques.<\/li>\n<li>Conseil : personnalis\u00e9 et en fonction de votre projet.<\/li>\n<li>Pose : pompes \u00e0 chaleur, panneaux solaires, etc.<\/li>\n<li>Maintenance : gestion et entretien pr\u00e9ventif de vos installations d&rsquo;\u00e9nergies renouvelables.<\/li>\n<li>Supervision de votre objectif : planification \u00e0 l\u2019installation.<\/li>\n<li>Formation et sensibilisation : \u00e9nergies renouvelables pour les entreprises et les particuliers.<\/li>\n<li>Syst\u00e8me : stockage d&rsquo;\u00e9nergie.<\/li>\n<\/ul>\n<h3>Soci\u00e9t\u00e9 sp\u00e9cialis\u00e9e dans les \u00e9nergies renouvelables et qui intervient \u00e0 Coppet et dans les alentours&nbsp;<\/h3>\n<p>Nous effectuons toutes vos installations en \u00e9nergies renouvelables \u00e0 Coppet et aussi dans les communes proches, comme : Bogis-Bossey, Chavannes-de-Bogis, Chavannes-des-Bois, Versoix, Commugny, Bellevue, Genthod, Mies, Tannay, Founex, C\u00e9ligny..&nbsp;<\/p>\n<h2>Questions fr\u00e9quentes<\/h2>\n<h3>Est-il possible d&rsquo;installer un syst\u00e8me de pompe \u00e0 chaleur avec des panneaux solaires photovolta\u00efques\u202f?<\/h3>\n<p>Absolument, c&rsquo;est envisageable de poser des panneaux photovolta\u00efques et une pompe \u00e0 chaleur parall\u00e8lement. Cette configuration, vous permet de g\u00e9rer et de stocker l&rsquo;\u00e9nergie cr\u00e9\u00e9e. La pompe \u00e0 chaleur peut-\u00eatre param\u00e9tr\u00e9e pour fonctionner avec l&rsquo;\u00e9lectricit\u00e9 fabriqu\u00e9e par les panneaux photovolta\u00efques et aussi conserver la chaleur sous forme d&rsquo;eau chaude.<\/p>\n<h3>Quels sont les dispositifs financiers pr\u00e9vus pour les chauffages fonctionnant aux \u00e9nergies durables en Suisse\u202f?<\/h3>\n<p>Il existe diff\u00e9rents programmes de financements et de subventions pour votre chauffage, notamment au niveau cantonal.<\/p>\n<h3>Les capteurs solaires thermiques sont-ils utiles alors que la chaleur est principalement fabriqu\u00e9e en \u00e9t\u00e9\u202f?<\/h3>\n<p>Oui, ils sont indispensables, la consommation en eau chaude, qu&rsquo;il s&rsquo;agisse de la salle de bain ou la cuisine, restent constants pendant toute l&rsquo;ann\u00e9e. Le thermique et le solaire remplissent vos besoins en \u00e9nergie pendant les beaux jours et permettent de baisser votre consommation d&rsquo;\u00e9lectricit\u00e9 au cours de l&rsquo;hiver.<\/p>\n<h3>Les \u00e9l\u00e9ments utilis\u00e9s dans la cr\u00e9ation des panneaux solaires sont-ils rares\u202f?<\/h3>\n<p>Les panneaux photovolta\u00efques sont fabriqu\u00e9s avec des modules en verre, aluminium, silicium et de mati\u00e8res synth\u00e9tiques, qui sont disponibles en abondance. Cependant, ces modules requi\u00e8rent de l&rsquo;argent pour fonctionner, dont la disponibilit\u00e9 est limit\u00e9e. Les derni\u00e8res technologies permettent de diminuer l&#8217;emploi de l&rsquo;argent, voire \u00e0 le remplacer compl\u00e8tement par du cuivre. Actuellement, la quantit\u00e9 d&rsquo;argent utilis\u00e9e dans les modules a d\u00e9j\u00e0 r\u00e9duit de 80 %.&nbsp;<\/p>\n<h3>Quel est le tarif d&rsquo;une batterie pour stocker l&rsquo;\u00e9nergie solaire\u202f?<\/h3>\n<p>Les prix des batteries pour maisons individuelles fluctuent suivant le canton, les subventions et la technologie de l\u2019accumulateur.<\/p>\n","protected":false},"excerpt":{"rendered":"<p>Pourquoi choisir Artisanlocal pour vos sources d&rsquo;\u00e9nergies renouvelables \u00e0 Coppet ? Nos devis sont gratuits. Nos artisans emploient les derni\u00e8res technologies. Notre entreprise est situ\u00e9e \u00e0 Coppet, pour vous rencontrer d\u00e8s que possible \u00e0 votre logement. Nos prix sont comp\u00e9titifs. Les techniciens qui op\u00e8rent \u00e0 votre domicile sont exp\u00e9riment\u00e9s. Nos solutions sont adapt\u00e9es \u00e0 votre [&hellip;]<\/p>\n","protected":false},"author":4,"featured_media":2755,"parent":0,"menu_order":0,"comment_status":"closed","ping_status":"closed","template":"","meta":{"footnotes":""},"profession":[126],"location":[45],"canton":[113],"class_list":["post-2538","page","type-page","status-publish","has-post-thumbnail","hentry","profession-energies-renouvelables-specialiste","location-coppet","canton-vd"],"yoast_head":"<!-- This site is optimized with the Yoast SEO Premium plugin v25.7.1 (Yoast SEO v27.3) - https:\/\/yoast.com\/product\/yoast-seo-premium-wordpress\/ -->\n<title>\u00c9nergies renouvelables \u00e0 Coppet et dans les villes aux environs - Artisanlocal<\/title>\n<meta name=\"robots\" content=\"index, follow, max-snippet:-1, max-image-preview:large, max-video-preview:-1\" \/>\n<link rel=\"canonical\" href=\"https:\/\/www.artisanlocal.ch\/c\/energies-renouvelables-a-coppet-et-dans-les-villes-aux-environs\/\" \/>\n<meta property=\"og:locale\" content=\"fr_FR\" \/>\n<meta property=\"og:type\" content=\"article\" \/>\n<meta property=\"og:title\" content=\"\u00c9nergies renouvelables \u00e0 Coppet et dans les villes aux environs\" \/>\n<meta property=\"og:description\" content=\"Pourquoi choisir Artisanlocal pour vos sources d&rsquo;\u00e9nergies renouvelables \u00e0 Coppet ? Nos devis sont gratuits. Nos artisans emploient les derni\u00e8res technologies. Notre entreprise est situ\u00e9e \u00e0 Coppet, pour vous rencontrer d\u00e8s que possible \u00e0 votre logement. Nos prix sont comp\u00e9titifs. Les techniciens qui op\u00e8rent \u00e0 votre domicile sont exp\u00e9riment\u00e9s. Nos solutions sont adapt\u00e9es \u00e0 votre [&hellip;]\" \/>\n<meta property=\"og:url\" content=\"https:\/\/www.artisanlocal.ch\/c\/energies-renouvelables-a-coppet-et-dans-les-villes-aux-environs\/\" \/>\n<meta property=\"og:site_name\" content=\"Artisanlocal\" \/>\n<meta property=\"article:modified_time\" content=\"2025-08-26T17:25:30+00:00\" \/>\n<meta property=\"og:image\" content=\"https:\/\/www.artisanlocal.ch\/c\/wp-content\/uploads\/2024\/10\/energiere-nouvelable.jpg\" \/>\n\t<meta property=\"og:image:width\" content=\"1920\" \/>\n\t<meta property=\"og:image:height\" content=\"300\" \/>\n\t<meta property=\"og:image:type\" content=\"image\/jpeg\" \/>\n<meta name=\"twitter:card\" content=\"summary_large_image\" \/>\n<meta name=\"twitter:label1\" content=\"Dur\u00e9e de lecture estim\u00e9e\" \/>\n\t<meta name=\"twitter:data1\" content=\"3 minutes\" \/>\n<script type=\"application\/ld+json\" class=\"yoast-schema-graph\">{\"@context\":\"https:\\\/\\\/schema.org\",\"@graph\":[{\"@type\":\"WebPage\",\"@id\":\"https:\\\/\\\/www.artisanlocal.ch\\\/c\\\/energies-renouvelables-a-coppet-et-dans-les-villes-aux-environs\\\/\",\"url\":\"https:\\\/\\\/www.artisanlocal.ch\\\/c\\\/energies-renouvelables-a-coppet-et-dans-les-villes-aux-environs\\\/\",\"name\":\"\u00c9nergies renouvelables \u00e0 Coppet et dans les villes aux environs - Artisanlocal\",\"isPartOf\":{\"@id\":\"https:\\\/\\\/www.artisanlocal.ch\\\/c\\\/#website\"},\"primaryImageOfPage\":{\"@id\":\"https:\\\/\\\/www.artisanlocal.ch\\\/c\\\/energies-renouvelables-a-coppet-et-dans-les-villes-aux-environs\\\/#primaryimage\"},\"image\":{\"@id\":\"https:\\\/\\\/www.artisanlocal.ch\\\/c\\\/energies-renouvelables-a-coppet-et-dans-les-villes-aux-environs\\\/#primaryimage\"},\"thumbnailUrl\":\"https:\\\/\\\/www.artisanlocal.ch\\\/c\\\/wp-content\\\/uploads\\\/2024\\\/10\\\/energiere-nouvelable.jpg\",\"datePublished\":\"2024-10-03T09:39:48+00:00\",\"dateModified\":\"2025-08-26T17:25:30+00:00\",\"breadcrumb\":{\"@id\":\"https:\\\/\\\/www.artisanlocal.ch\\\/c\\\/energies-renouvelables-a-coppet-et-dans-les-villes-aux-environs\\\/#breadcrumb\"},\"inLanguage\":\"fr-FR\",\"potentialAction\":[{\"@type\":\"ReadAction\",\"target\":[\"https:\\\/\\\/www.artisanlocal.ch\\\/c\\\/energies-renouvelables-a-coppet-et-dans-les-villes-aux-environs\\\/\"]}]},{\"@type\":\"ImageObject\",\"inLanguage\":\"fr-FR\",\"@id\":\"https:\\\/\\\/www.artisanlocal.ch\\\/c\\\/energies-renouvelables-a-coppet-et-dans-les-villes-aux-environs\\\/#primaryimage\",\"url\":\"https:\\\/\\\/www.artisanlocal.ch\\\/c\\\/wp-content\\\/uploads\\\/2024\\\/10\\\/energiere-nouvelable.jpg\",\"contentUrl\":\"https:\\\/\\\/www.artisanlocal.ch\\\/c\\\/wp-content\\\/uploads\\\/2024\\\/10\\\/energiere-nouvelable.jpg\",\"width\":1920,\"height\":300},{\"@type\":\"BreadcrumbList\",\"@id\":\"https:\\\/\\\/www.artisanlocal.ch\\\/c\\\/energies-renouvelables-a-coppet-et-dans-les-villes-aux-environs\\\/#breadcrumb\",\"itemListElement\":[{\"@type\":\"ListItem\",\"position\":1,\"name\":\"Accueil\",\"item\":\"https:\\\/\\\/www.artisanlocal.ch\\\/c\\\/\"},{\"@type\":\"ListItem\",\"position\":2,\"name\":\"\u00c9nergies renouvelables \u00e0 Coppet et dans les villes aux environs\"}]},{\"@type\":\"WebSite\",\"@id\":\"https:\\\/\\\/www.artisanlocal.ch\\\/c\\\/#website\",\"url\":\"https:\\\/\\\/www.artisanlocal.ch\\\/c\\\/\",\"name\":\"Artisanlocal\",\"description\":\"\",\"publisher\":{\"@id\":\"https:\\\/\\\/www.artisanlocal.ch\\\/c\\\/#organization\"},\"potentialAction\":[{\"@type\":\"SearchAction\",\"target\":{\"@type\":\"EntryPoint\",\"urlTemplate\":\"https:\\\/\\\/www.artisanlocal.ch\\\/c\\\/?s={search_term_string}\"},\"query-input\":{\"@type\":\"PropertyValueSpecification\",\"valueRequired\":true,\"valueName\":\"search_term_string\"}}],\"inLanguage\":\"fr-FR\"},{\"@type\":\"Organization\",\"@id\":\"https:\\\/\\\/www.artisanlocal.ch\\\/c\\\/#organization\",\"name\":\"Artisanlocal\",\"url\":\"https:\\\/\\\/www.artisanlocal.ch\\\/c\\\/\",\"logo\":{\"@type\":\"ImageObject\",\"inLanguage\":\"fr-FR\",\"@id\":\"https:\\\/\\\/www.artisanlocal.ch\\\/c\\\/#\\\/schema\\\/logo\\\/image\\\/\",\"url\":\"https:\\\/\\\/www.artisanlocal.ch\\\/c\\\/wp-content\\\/uploads\\\/2024\\\/02\\\/logo-artisanlocal-h.svg\",\"contentUrl\":\"https:\\\/\\\/www.artisanlocal.ch\\\/c\\\/wp-content\\\/uploads\\\/2024\\\/02\\\/logo-artisanlocal-h.svg\",\"caption\":\"Artisanlocal\"},\"image\":{\"@id\":\"https:\\\/\\\/www.artisanlocal.ch\\\/c\\\/#\\\/schema\\\/logo\\\/image\\\/\"}}]}<\/script>\n<!-- \/ Yoast SEO Premium plugin. -->","yoast_head_json":{"title":"\u00c9nergies renouvelables \u00e0 Coppet et dans les villes aux environs - Artisanlocal","robots":{"index":"index","follow":"follow","max-snippet":"max-snippet:-1","max-image-preview":"max-image-preview:large","max-video-preview":"max-video-preview:-1"},"canonical":"https:\/\/www.artisanlocal.ch\/c\/energies-renouvelables-a-coppet-et-dans-les-villes-aux-environs\/","og_locale":"fr_FR","og_type":"article","og_title":"\u00c9nergies renouvelables \u00e0 Coppet et dans les villes aux environs","og_description":"Pourquoi choisir Artisanlocal pour vos sources d&rsquo;\u00e9nergies renouvelables \u00e0 Coppet ? Nos devis sont gratuits. Nos artisans emploient les derni\u00e8res technologies. Notre entreprise est situ\u00e9e \u00e0 Coppet, pour vous rencontrer d\u00e8s que possible \u00e0 votre logement. Nos prix sont comp\u00e9titifs. Les techniciens qui op\u00e8rent \u00e0 votre domicile sont exp\u00e9riment\u00e9s. Nos solutions sont adapt\u00e9es \u00e0 votre [&hellip;]","og_url":"https:\/\/www.artisanlocal.ch\/c\/energies-renouvelables-a-coppet-et-dans-les-villes-aux-environs\/","og_site_name":"Artisanlocal","article_modified_time":"2025-08-26T17:25:30+00:00","og_image":[{"width":1920,"height":300,"url":"https:\/\/www.artisanlocal.ch\/c\/wp-content\/uploads\/2024\/10\/energiere-nouvelable.jpg","type":"image\/jpeg"}],"twitter_card":"summary_large_image","twitter_misc":{"Dur\u00e9e de lecture estim\u00e9e":"3 minutes"},"schema":{"@context":"https:\/\/schema.org","@graph":[{"@type":"WebPage","@id":"https:\/\/www.artisanlocal.ch\/c\/energies-renouvelables-a-coppet-et-dans-les-villes-aux-environs\/","url":"https:\/\/www.artisanlocal.ch\/c\/energies-renouvelables-a-coppet-et-dans-les-villes-aux-environs\/","name":"\u00c9nergies renouvelables \u00e0 Coppet et dans les villes aux environs - Artisanlocal","isPartOf":{"@id":"https:\/\/www.artisanlocal.ch\/c\/#website"},"primaryImageOfPage":{"@id":"https:\/\/www.artisanlocal.ch\/c\/energies-renouvelables-a-coppet-et-dans-les-villes-aux-environs\/#primaryimage"},"image":{"@id":"https:\/\/www.artisanlocal.ch\/c\/energies-renouvelables-a-coppet-et-dans-les-villes-aux-environs\/#primaryimage"},"thumbnailUrl":"https:\/\/www.artisanlocal.ch\/c\/wp-content\/uploads\/2024\/10\/energiere-nouvelable.jpg","datePublished":"2024-10-03T09:39:48+00:00","dateModified":"2025-08-26T17:25:30+00:00","breadcrumb":{"@id":"https:\/\/www.artisanlocal.ch\/c\/energies-renouvelables-a-coppet-et-dans-les-villes-aux-environs\/#breadcrumb"},"inLanguage":"fr-FR","potentialAction":[{"@type":"ReadAction","target":["https:\/\/www.artisanlocal.ch\/c\/energies-renouvelables-a-coppet-et-dans-les-villes-aux-environs\/"]}]},{"@type":"ImageObject","inLanguage":"fr-FR","@id":"https:\/\/www.artisanlocal.ch\/c\/energies-renouvelables-a-coppet-et-dans-les-villes-aux-environs\/#primaryimage","url":"https:\/\/www.artisanlocal.ch\/c\/wp-content\/uploads\/2024\/10\/energiere-nouvelable.jpg","contentUrl":"https:\/\/www.artisanlocal.ch\/c\/wp-content\/uploads\/2024\/10\/energiere-nouvelable.jpg","width":1920,"height":300},{"@type":"BreadcrumbList","@id":"https:\/\/www.artisanlocal.ch\/c\/energies-renouvelables-a-coppet-et-dans-les-villes-aux-environs\/#breadcrumb","itemListElement":[{"@type":"ListItem","position":1,"name":"Accueil","item":"https:\/\/www.artisanlocal.ch\/c\/"},{"@type":"ListItem","position":2,"name":"\u00c9nergies renouvelables \u00e0 Coppet et dans les villes aux environs"}]},{"@type":"WebSite","@id":"https:\/\/www.artisanlocal.ch\/c\/#website","url":"https:\/\/www.artisanlocal.ch\/c\/","name":"Artisanlocal","description":"","publisher":{"@id":"https:\/\/www.artisanlocal.ch\/c\/#organization"},"potentialAction":[{"@type":"SearchAction","target":{"@type":"EntryPoint","urlTemplate":"https:\/\/www.artisanlocal.ch\/c\/?s={search_term_string}"},"query-input":{"@type":"PropertyValueSpecification","valueRequired":true,"valueName":"search_term_string"}}],"inLanguage":"fr-FR"},{"@type":"Organization","@id":"https:\/\/www.artisanlocal.ch\/c\/#organization","name":"Artisanlocal","url":"https:\/\/www.artisanlocal.ch\/c\/","logo":{"@type":"ImageObject","inLanguage":"fr-FR","@id":"https:\/\/www.artisanlocal.ch\/c\/#\/schema\/logo\/image\/","url":"https:\/\/www.artisanlocal.ch\/c\/wp-content\/uploads\/2024\/02\/logo-artisanlocal-h.svg","contentUrl":"https:\/\/www.artisanlocal.ch\/c\/wp-content\/uploads\/2024\/02\/logo-artisanlocal-h.svg","caption":"Artisanlocal"},"image":{"@id":"https:\/\/www.artisanlocal.ch\/c\/#\/schema\/logo\/image\/"}}]}},"_links":{"self":[{"href":"https:\/\/www.artisanlocal.ch\/c\/wp-json\/wp\/v2\/pages\/2538","targetHints":{"allow":["GET"]}}],"collection":[{"href":"https:\/\/www.artisanlocal.ch\/c\/wp-json\/wp\/v2\/pages"}],"about":[{"href":"https:\/\/www.artisanlocal.ch\/c\/wp-json\/wp\/v2\/types\/page"}],"author":[{"embeddable":true,"href":"https:\/\/www.artisanlocal.ch\/c\/wp-json\/wp\/v2\/users\/4"}],"replies":[{"embeddable":true,"href":"https:\/\/www.artisanlocal.ch\/c\/wp-json\/wp\/v2\/comments?post=2538"}],"version-history":[{"count":0,"href":"https:\/\/www.artisanlocal.ch\/c\/wp-json\/wp\/v2\/pages\/2538\/revisions"}],"wp:featuredmedia":[{"embeddable":true,"href":"https:\/\/www.artisanlocal.ch\/c\/wp-json\/wp\/v2\/media\/2755"}],"wp:attachment":[{"href":"https:\/\/www.artisanlocal.ch\/c\/wp-json\/wp\/v2\/media?parent=2538"}],"wp:term":[{"taxonomy":"profession","embeddable":true,"href":"https:\/\/www.artisanlocal.ch\/c\/wp-json\/wp\/v2\/profession?post=2538"},{"taxonomy":"location","embeddable":true,"href":"https:\/\/www.artisanlocal.ch\/c\/wp-json\/wp\/v2\/location?post=2538"},{"taxonomy":"canton","embeddable":true,"href":"https:\/\/www.artisanlocal.ch\/c\/wp-json\/wp\/v2\/canton?post=2538"}],"curies":[{"name":"wp","href":"https:\/\/api.w.org\/{rel}","templated":true}]}}