{"id":2540,"date":"2024-10-03T06:56:06","date_gmt":"2024-10-03T04:56:06","guid":{"rendered":"https:\/\/www.artisanlocal.ch\/c\/energies-renouvelables-a-echallens-et-dans-les-villes-a-proximite\/"},"modified":"2025-08-26T19:25:35","modified_gmt":"2025-08-26T17:25:35","slug":"energies-renouvelables-a-echallens-et-dans-les-villes-a-proximite","status":"publish","type":"page","link":"https:\/\/www.artisanlocal.ch\/c\/energies-renouvelables-a-echallens-et-dans-les-villes-a-proximite\/","title":{"rendered":"\u00c9nergies renouvelables \u00e0 Echallens et dans les villes \u00e0 proximit\u00e9"},"content":{"rendered":"\r\n<div class=\"box\">\r\n            <div class=\"company-info\">\r\n            <img decoding=\"async\" class=\"company-info__logo\" src=\"https:\/\/www.artisanlocal.ch\/media\/cache\/thumb\/images\/companies\/66e0580b0e518460764310.png\" alt=\"Logo\">\r\n            <h2 class=\"company-info__name\">Tech-Elec SA<\/h2>\r\n            <p class=\"company-info__business\">Installations \u00e9lectriques - Installations photovolta\u00efques - Contr\u00f4les \u00e9lectriques - Bilan de consommation<\/p>\r\n        <\/div>\r\n        <div class=\"company-contact\">\r\n            <p class=\"company-info__address\">Route de Bercher 7<\/p>\r\n                            <div class=\"links\">\r\n                                            <a class=\"btn has-accent-background-color js-phoneNumber\" href=\"tel:0218811414\" title=\"Appelez\" data-id=\"653\" data-type=\"11\">021 881 14 14<\/a>\r\n                                                                <a class=\"btn has-accent-background-color\" href=\"https:\/\/tech-elec.ch\/\" target=\"_blank\" title=\"Voir le site internet\" data-id=\"653\" data-type=\"20\">Site internet<\/a>\r\n                                    <\/div>\r\n                    <\/div>\r\n    \r\n            \r\n<form action=\"https:\/\/www.artisanlocal.ch\/c\/wp-admin\/admin-ajax.php\" method=\"post\" class=\"form-contact\" id=\"artisan_form_contact_company_inline\">\r\n    <div><input type=\"hidden\" name=\"action\" value=\"company_contact\"><\/div>\r\n    <div><input type=\"hidden\" name=\"nonce\" value=\"04de2cd502\"><\/div>\r\n    <div><input type=\"hidden\" name=\"company_id\" value=\"653\"><\/div>\r\n    <div><input type=\"hidden\" name=\"form_id\" value=\"artisan_form_contact_company_inline\"><\/div>\r\n    <div class=\"gglcptch gglcptch_v3 gglcptch_custom\"><input type=\"hidden\" id=\"g-recaptcha-response\" name=\"g-recaptcha-response\" \/><br \/><div class=\"gglcptch_error_text\">La p\u00e9riode de v\u00e9rification reCAPTCHA a expir\u00e9. Veuillez recharger la page.<\/div><\/div>    <div class=\"form-content\">\r\n        <div class=\"form-group\">\r\n            <label for=\"contact_firstName\" class=\"required\">Pr\u00e9nom<\/label>\r\n            <input type=\"text\" name=\"firstName\" class=\"form-control\" required>\r\n        <\/div>\r\n        <div class=\"form-group\">\r\n            <label for=\"contact_lastName\" class=\"required\">Nom<\/label>\r\n            <input type=\"text\" name=\"lastName\" class=\"form-control\" required>\r\n        <\/div>\r\n        <div class=\"form-group\">\r\n            <label for=\"contact_email\" class=\"required\">Email<\/label>\r\n            <input type=\"email\" name=\"email\" class=\"form-control\" required>\r\n        <\/div>\r\n        <div class=\"form-group\">\r\n            <label for=\"contact_phone\" class=\"required\">Num\u00e9ro de t\u00e9l\u00e9phone<\/label>\r\n            <input type=\"tel\" name=\"phone\" class=\"form-control\" placeholder=\"0787117165\" pattern=\"^[0-9]{10}$\" required>\r\n        <\/div>\r\n        <div class=\"form-group\">\r\n            <label for=\"contact_postalCode\" class=\"required\">Code postal et localit\u00e9<\/label>\r\n            <input type=\"text\" name=\"postalCode\" class=\"form-control\" required>\r\n        <\/div>\r\n        <div class=\"form-group\">\r\n            <label for=\"contact_address\" class=\"required\">Adresse<\/label>\r\n            <input type=\"text\" name=\"address\" class=\"form-control\" required>\r\n        <\/div>\r\n        <div class=\"full-width topic\">\r\n            <p class=\"required\">Je souhaite \u00eatre contact\u00e9 pour :<\/p>\r\n            <div class=\"form-check\">\r\n                <input type=\"radio\" name=\"topic\" value=\"D\u00e9pannage\" class=\"form-control\" required>\r\n                <label for=\"d\u00e9pannage\">D\u00e9pannage<\/label>\r\n            <\/div>\r\n            <div class=\"form-check\">\r\n                <input type=\"radio\" name=\"topic\" value=\"Entretien\" class=\"form-control\" required>\r\n                <label for=\"entretien\">Entretien<\/label>\r\n            <\/div>\r\n            <div class=\"form-check\">\r\n                <input type=\"radio\" name=\"topic\" value=\"R\u00e9novation\" class=\"form-control\" required>\r\n                <label for=\"r\u00e9novation\">R\u00e9novation<\/label>\r\n            <\/div>\r\n            <div class=\"form-check\">\r\n                <input type=\"radio\" name=\"topic\" value=\"Autre\" class=\"form-control\" required>\r\n                <label for=\"autre\">Autre<\/label>\r\n            <\/div>\r\n        <\/div>\r\n        <div class=\"form-group full-width\">\r\n            <label for=\"contact_message\">Message<\/label>\r\n            <textarea name=\"message\" rows=\"3\" class=\"form-control\"><\/textarea>\r\n        <\/div>\r\n    <\/div>\r\n    <div class=\"form-actions\">\r\n        <button class=\"wp-block-button__link has-accent-background-color\">Contacter<\/button>\r\n    <\/div>\r\n<\/form>\r\n<div class=\"form-feedback\"><\/div>    <\/div>\n<h2>Pourquoi choisir les services d&rsquo;Artisanlocal pour vos installations d&rsquo;\u00e9nergies renouvelables \u00e0 Echallens ?<\/h2>\n<ul>\n<li>Devis 100% gratuit.<\/li>\n<li>Nous utilisons les technologies les plus avanc\u00e9es.<\/li>\n<li>Nos locaux sont localis\u00e9s \u00e0 Echallens pour vous contacter d\u00e8s que possible.<\/li>\n<li>Nos prix sont attractifs.<\/li>\n<li>Nos artisans sont qualifi\u00e9s.<\/li>\n<li>Nos services sont personnalis\u00e9s.<\/li>\n<li>Nous effectuons la gestion du d\u00e9but \u00e0 la fin de votre projet.<\/li>\n<li>Artisanlocal propose une assistance individualis\u00e9e.<\/li>\n<\/ul>\n<h2>Quels sont les diff\u00e9rents types d\u2019installations d&rsquo;\u00e9nergies renouvelables que vous proposez ?<\/h2>\n<ul>\n<li>Chaudi\u00e8re bois : granul\u00e9, b\u00fbche ou mixte.<\/li>\n<li>Pompe \u00e0 chaleur g\u00e9othermique&nbsp;: captage vertical ou captage horizontal<\/li>\n<li>Chaleur \u00e0 distance fossile : par r\u00e9cup\u00e9ration, thermodynamique, fossile ou renouvelable.<\/li>\n<li>Pompe \u00e0 chaleur : hydrothermique, a\u00e9rothermique, g\u00e9othermique ou hybride.<\/li>\n<li>Photovolta\u00efque : int\u00e9gr\u00e9 au b\u00e2timent, silicium, concentration, avec couche mince ou bifaciaux.<\/li>\n<li>Panneau \u00e0 \u00e9nergie solaire thermique : concentration, tube sous vide, plan vitr\u00e9, solaire hybride ou thermosiphon (stockage passif).<\/li>\n<li>Stockage d&rsquo;\u00e9nergie : \u00e9lectrochimique, m\u00e9canique, thermique, gravitationnel, chimique ou supercondensateur.<\/li>\n<li>Artisanlocal offre d&rsquo;autres solutions d&rsquo;\u00e9nergies renouvelables : \u00e9olien, r\u00e9seau de distribution et hydraulique.&nbsp;<\/li>\n<\/ul>\n<h2>Quelles sont les prestations de votre soci\u00e9t\u00e9 ?<\/h2>\n<ul>\n<li>Audit \u00e9nerg\u00e9tique : examen de votre consommation d&rsquo;\u00e9nergie.<\/li>\n<li>Conseil : personnalis\u00e9 selon votre projet.<\/li>\n<li>Mise en place : panneaux photovolta\u00efques solaires, pompes \u00e0 chaleur, etc.<\/li>\n<li>Maintenance : contr\u00f4le et entretien de vos \u00e9quipements.<\/li>\n<li>Pilotage de votre projet : phase de conception \u00e0 l\u2019installation.<\/li>\n<li>Formation et sensibilisation : \u00e9nergies renouvelables pour les entreprises et les particuliers.<\/li>\n<li>Solution : stockage d&rsquo;\u00e9nergie.<\/li>\n<\/ul>\n<h3>Sp\u00e9cialiste en solutions \u00e9nerg\u00e9tiques renouvelables, nous op\u00e9rons \u00e0 Echallens et dans les communes proches&nbsp;<\/h3>\n<p>Nous effectuons tous vos travaux d\u2019installations d\u2019\u00e9nergies renouvelables \u00e0 Echallens et aussi dans toutes les localit\u00e9s aux alentours, comme : Etagni\u00e8res, Bercher, St-Barth\u00e9lemy VD, Villars-le-Terroir, Bottens, Poliez-Pittet, Dommartin, Naz, Poliez-le-Grand, Montaubion-Chardonney, Assens, Bioley-Orjulaz, Sugnens, Fey, Rueyres, Villars-Tiercelin, Penth\u00e9r\u00e9az, Eclagnens, Goumoens-la-Ville, Goumoens-le-Jux, Oulens-sous-Echallens, Pailly, Vuarrens..&nbsp;<\/p>\n<h2>Questions fr\u00e9quentes<\/h2>\n<h3>Peut-on installer des panneaux photovolta\u00efques et un syst\u00e8me de pompe \u00e0 chaleur en m\u00eame temps\u202f?<\/h3>\n<p>Oui, il est possible d\u2019installer des panneaux photovolta\u00efques avec une pompe \u00e0 chaleur. Dans cette configuration, vous am\u00e9liorez la gestion et le stockage de l&rsquo;\u00e9nergie fabriqu\u00e9e. Il est possible de param\u00e9trer votre pompe \u00e0 chaleur pour fonctionner avec l&rsquo;\u00e9lectricit\u00e9 cr\u00e9\u00e9e par les panneaux solaires et ensuite emmagasiner la chaleur sous forme d&rsquo;eau chaude.<\/p>\n<h3>Quelles sont les aides \u00e9conomiques disponibles pour les chauffages aux \u00e9nergies renouvelables \u00e0 Echallens\u202f?<\/h3>\n<p>Il existe plusieurs programmes de financements et de subventions pour votre chauffage, en particulier au niveau cantonal.<\/p>\n<h3>Est-il pertinent de choisir des capteurs solaires thermiques si la chaleur est principalement cr\u00e9\u00e9e lors de l&rsquo;\u00e9t\u00e9\u202f?<\/h3>\n<p>Oui, parce que vous avez continuellement besoins d&rsquo;eau chaude tout au long des diff\u00e9rentes p\u00e9riodes de l&rsquo;ann\u00e9e. Une solution solaire thermique peut apporter une partie significative de cette consommation, couvrant en g\u00e9n\u00e9ral vos besoins en \u00e9t\u00e9, tandis qu&rsquo;en hiver, c\u2019est une solution d\u2019appoint qui permet de r\u00e9duire votre consommation.<\/p>\n<h3>Les panneaux photovolta\u00efques sont-ils constitu\u00e9s de mati\u00e8res premi\u00e8res rares, qui pourraient devenir rare dans un futur proche\u202f?<\/h3>\n<p>La solution photovolta\u00efque marche avec des modules compos\u00e9s avec du verre, de l&rsquo;aluminium, du silicium et des mati\u00e8res synth\u00e9tiques, dont la disponibilit\u00e9 est \u00e9lev\u00e9e. Toutefois, ces modules requi\u00e8rent de l&rsquo;argent pour marcher, dont la disponibilit\u00e9 est r\u00e9duite. Des recherches sont en cours pour limiter l&#8217;emploi de l&rsquo;argent, voire pour le supplanter par du cuivre, qui est abondant et r\u00e9utilisable \u00e0 100 %. Pour l&rsquo;instant, la quantit\u00e9 d&rsquo;argent utilis\u00e9e dans les modules a d\u00e9j\u00e0 diminu\u00e9 de 80 %.&nbsp;<\/p>\n<h3>\u00c0 combien s&rsquo;\u00e9l\u00e8vent les prix d\u2019une batterie solaire de stockage\u202f?<\/h3>\n<p>Les tarifs des batteries varient en fonction de votre canton, des aides financi\u00e8res et de la technologie choisie.<\/p>\n","protected":false},"excerpt":{"rendered":"<p>Pourquoi choisir les services d&rsquo;Artisanlocal pour vos installations d&rsquo;\u00e9nergies renouvelables \u00e0 Echallens ? Devis 100% gratuit. Nous utilisons les technologies les plus avanc\u00e9es. Nos locaux sont localis\u00e9s \u00e0 Echallens pour vous contacter d\u00e8s que possible. Nos prix sont attractifs. Nos artisans sont qualifi\u00e9s. Nos services sont personnalis\u00e9s. Nous effectuons la gestion du d\u00e9but \u00e0 la [&hellip;]<\/p>\n","protected":false},"author":4,"featured_media":2755,"parent":0,"menu_order":0,"comment_status":"closed","ping_status":"closed","template":"","meta":{"footnotes":""},"profession":[126],"location":[57],"canton":[113],"class_list":["post-2540","page","type-page","status-publish","has-post-thumbnail","hentry","profession-energies-renouvelables-specialiste","location-echallens","canton-vd"],"yoast_head":"<!-- This site is optimized with the Yoast SEO Premium plugin v25.7.1 (Yoast SEO v27.3) - https:\/\/yoast.com\/product\/yoast-seo-premium-wordpress\/ -->\n<title>\u00c9nergies renouvelables \u00e0 Echallens et dans les villes \u00e0 proximit\u00e9 - Artisanlocal<\/title>\n<meta name=\"robots\" content=\"index, follow, max-snippet:-1, max-image-preview:large, max-video-preview:-1\" \/>\n<link rel=\"canonical\" href=\"https:\/\/www.artisanlocal.ch\/c\/energies-renouvelables-a-echallens-et-dans-les-villes-a-proximite\/\" \/>\n<meta property=\"og:locale\" content=\"fr_FR\" \/>\n<meta property=\"og:type\" content=\"article\" \/>\n<meta property=\"og:title\" content=\"\u00c9nergies renouvelables \u00e0 Echallens et dans les villes \u00e0 proximit\u00e9\" \/>\n<meta property=\"og:description\" content=\"Pourquoi choisir les services d&rsquo;Artisanlocal pour vos installations d&rsquo;\u00e9nergies renouvelables \u00e0 Echallens ? Devis 100% gratuit. Nous utilisons les technologies les plus avanc\u00e9es. Nos locaux sont localis\u00e9s \u00e0 Echallens pour vous contacter d\u00e8s que possible. Nos prix sont attractifs. Nos artisans sont qualifi\u00e9s. Nos services sont personnalis\u00e9s. Nous effectuons la gestion du d\u00e9but \u00e0 la [&hellip;]\" \/>\n<meta property=\"og:url\" content=\"https:\/\/www.artisanlocal.ch\/c\/energies-renouvelables-a-echallens-et-dans-les-villes-a-proximite\/\" \/>\n<meta property=\"og:site_name\" content=\"Artisanlocal\" \/>\n<meta property=\"article:modified_time\" content=\"2025-08-26T17:25:35+00:00\" \/>\n<meta property=\"og:image\" content=\"https:\/\/www.artisanlocal.ch\/c\/wp-content\/uploads\/2024\/10\/energiere-nouvelable.jpg\" \/>\n\t<meta property=\"og:image:width\" content=\"1920\" \/>\n\t<meta property=\"og:image:height\" content=\"300\" \/>\n\t<meta property=\"og:image:type\" content=\"image\/jpeg\" \/>\n<meta name=\"twitter:card\" content=\"summary_large_image\" \/>\n<meta name=\"twitter:label1\" content=\"Dur\u00e9e de lecture estim\u00e9e\" \/>\n\t<meta name=\"twitter:data1\" content=\"3 minutes\" \/>\n<script type=\"application\/ld+json\" class=\"yoast-schema-graph\">{\"@context\":\"https:\\\/\\\/schema.org\",\"@graph\":[{\"@type\":\"WebPage\",\"@id\":\"https:\\\/\\\/www.artisanlocal.ch\\\/c\\\/energies-renouvelables-a-echallens-et-dans-les-villes-a-proximite\\\/\",\"url\":\"https:\\\/\\\/www.artisanlocal.ch\\\/c\\\/energies-renouvelables-a-echallens-et-dans-les-villes-a-proximite\\\/\",\"name\":\"\u00c9nergies renouvelables \u00e0 Echallens et dans les villes \u00e0 proximit\u00e9 - Artisanlocal\",\"isPartOf\":{\"@id\":\"https:\\\/\\\/www.artisanlocal.ch\\\/c\\\/#website\"},\"primaryImageOfPage\":{\"@id\":\"https:\\\/\\\/www.artisanlocal.ch\\\/c\\\/energies-renouvelables-a-echallens-et-dans-les-villes-a-proximite\\\/#primaryimage\"},\"image\":{\"@id\":\"https:\\\/\\\/www.artisanlocal.ch\\\/c\\\/energies-renouvelables-a-echallens-et-dans-les-villes-a-proximite\\\/#primaryimage\"},\"thumbnailUrl\":\"https:\\\/\\\/www.artisanlocal.ch\\\/c\\\/wp-content\\\/uploads\\\/2024\\\/10\\\/energiere-nouvelable.jpg\",\"datePublished\":\"2024-10-03T04:56:06+00:00\",\"dateModified\":\"2025-08-26T17:25:35+00:00\",\"breadcrumb\":{\"@id\":\"https:\\\/\\\/www.artisanlocal.ch\\\/c\\\/energies-renouvelables-a-echallens-et-dans-les-villes-a-proximite\\\/#breadcrumb\"},\"inLanguage\":\"fr-FR\",\"potentialAction\":[{\"@type\":\"ReadAction\",\"target\":[\"https:\\\/\\\/www.artisanlocal.ch\\\/c\\\/energies-renouvelables-a-echallens-et-dans-les-villes-a-proximite\\\/\"]}]},{\"@type\":\"ImageObject\",\"inLanguage\":\"fr-FR\",\"@id\":\"https:\\\/\\\/www.artisanlocal.ch\\\/c\\\/energies-renouvelables-a-echallens-et-dans-les-villes-a-proximite\\\/#primaryimage\",\"url\":\"https:\\\/\\\/www.artisanlocal.ch\\\/c\\\/wp-content\\\/uploads\\\/2024\\\/10\\\/energiere-nouvelable.jpg\",\"contentUrl\":\"https:\\\/\\\/www.artisanlocal.ch\\\/c\\\/wp-content\\\/uploads\\\/2024\\\/10\\\/energiere-nouvelable.jpg\",\"width\":1920,\"height\":300},{\"@type\":\"BreadcrumbList\",\"@id\":\"https:\\\/\\\/www.artisanlocal.ch\\\/c\\\/energies-renouvelables-a-echallens-et-dans-les-villes-a-proximite\\\/#breadcrumb\",\"itemListElement\":[{\"@type\":\"ListItem\",\"position\":1,\"name\":\"Accueil\",\"item\":\"https:\\\/\\\/www.artisanlocal.ch\\\/c\\\/\"},{\"@type\":\"ListItem\",\"position\":2,\"name\":\"\u00c9nergies renouvelables \u00e0 Echallens et dans les villes \u00e0 proximit\u00e9\"}]},{\"@type\":\"WebSite\",\"@id\":\"https:\\\/\\\/www.artisanlocal.ch\\\/c\\\/#website\",\"url\":\"https:\\\/\\\/www.artisanlocal.ch\\\/c\\\/\",\"name\":\"Artisanlocal\",\"description\":\"\",\"publisher\":{\"@id\":\"https:\\\/\\\/www.artisanlocal.ch\\\/c\\\/#organization\"},\"potentialAction\":[{\"@type\":\"SearchAction\",\"target\":{\"@type\":\"EntryPoint\",\"urlTemplate\":\"https:\\\/\\\/www.artisanlocal.ch\\\/c\\\/?s={search_term_string}\"},\"query-input\":{\"@type\":\"PropertyValueSpecification\",\"valueRequired\":true,\"valueName\":\"search_term_string\"}}],\"inLanguage\":\"fr-FR\"},{\"@type\":\"Organization\",\"@id\":\"https:\\\/\\\/www.artisanlocal.ch\\\/c\\\/#organization\",\"name\":\"Artisanlocal\",\"url\":\"https:\\\/\\\/www.artisanlocal.ch\\\/c\\\/\",\"logo\":{\"@type\":\"ImageObject\",\"inLanguage\":\"fr-FR\",\"@id\":\"https:\\\/\\\/www.artisanlocal.ch\\\/c\\\/#\\\/schema\\\/logo\\\/image\\\/\",\"url\":\"https:\\\/\\\/www.artisanlocal.ch\\\/c\\\/wp-content\\\/uploads\\\/2024\\\/02\\\/logo-artisanlocal-h.svg\",\"contentUrl\":\"https:\\\/\\\/www.artisanlocal.ch\\\/c\\\/wp-content\\\/uploads\\\/2024\\\/02\\\/logo-artisanlocal-h.svg\",\"caption\":\"Artisanlocal\"},\"image\":{\"@id\":\"https:\\\/\\\/www.artisanlocal.ch\\\/c\\\/#\\\/schema\\\/logo\\\/image\\\/\"}}]}<\/script>\n<!-- \/ Yoast SEO Premium plugin. -->","yoast_head_json":{"title":"\u00c9nergies renouvelables \u00e0 Echallens et dans les villes \u00e0 proximit\u00e9 - Artisanlocal","robots":{"index":"index","follow":"follow","max-snippet":"max-snippet:-1","max-image-preview":"max-image-preview:large","max-video-preview":"max-video-preview:-1"},"canonical":"https:\/\/www.artisanlocal.ch\/c\/energies-renouvelables-a-echallens-et-dans-les-villes-a-proximite\/","og_locale":"fr_FR","og_type":"article","og_title":"\u00c9nergies renouvelables \u00e0 Echallens et dans les villes \u00e0 proximit\u00e9","og_description":"Pourquoi choisir les services d&rsquo;Artisanlocal pour vos installations d&rsquo;\u00e9nergies renouvelables \u00e0 Echallens ? Devis 100% gratuit. Nous utilisons les technologies les plus avanc\u00e9es. Nos locaux sont localis\u00e9s \u00e0 Echallens pour vous contacter d\u00e8s que possible. Nos prix sont attractifs. Nos artisans sont qualifi\u00e9s. Nos services sont personnalis\u00e9s. Nous effectuons la gestion du d\u00e9but \u00e0 la [&hellip;]","og_url":"https:\/\/www.artisanlocal.ch\/c\/energies-renouvelables-a-echallens-et-dans-les-villes-a-proximite\/","og_site_name":"Artisanlocal","article_modified_time":"2025-08-26T17:25:35+00:00","og_image":[{"width":1920,"height":300,"url":"https:\/\/www.artisanlocal.ch\/c\/wp-content\/uploads\/2024\/10\/energiere-nouvelable.jpg","type":"image\/jpeg"}],"twitter_card":"summary_large_image","twitter_misc":{"Dur\u00e9e de lecture estim\u00e9e":"3 minutes"},"schema":{"@context":"https:\/\/schema.org","@graph":[{"@type":"WebPage","@id":"https:\/\/www.artisanlocal.ch\/c\/energies-renouvelables-a-echallens-et-dans-les-villes-a-proximite\/","url":"https:\/\/www.artisanlocal.ch\/c\/energies-renouvelables-a-echallens-et-dans-les-villes-a-proximite\/","name":"\u00c9nergies renouvelables \u00e0 Echallens et dans les villes \u00e0 proximit\u00e9 - Artisanlocal","isPartOf":{"@id":"https:\/\/www.artisanlocal.ch\/c\/#website"},"primaryImageOfPage":{"@id":"https:\/\/www.artisanlocal.ch\/c\/energies-renouvelables-a-echallens-et-dans-les-villes-a-proximite\/#primaryimage"},"image":{"@id":"https:\/\/www.artisanlocal.ch\/c\/energies-renouvelables-a-echallens-et-dans-les-villes-a-proximite\/#primaryimage"},"thumbnailUrl":"https:\/\/www.artisanlocal.ch\/c\/wp-content\/uploads\/2024\/10\/energiere-nouvelable.jpg","datePublished":"2024-10-03T04:56:06+00:00","dateModified":"2025-08-26T17:25:35+00:00","breadcrumb":{"@id":"https:\/\/www.artisanlocal.ch\/c\/energies-renouvelables-a-echallens-et-dans-les-villes-a-proximite\/#breadcrumb"},"inLanguage":"fr-FR","potentialAction":[{"@type":"ReadAction","target":["https:\/\/www.artisanlocal.ch\/c\/energies-renouvelables-a-echallens-et-dans-les-villes-a-proximite\/"]}]},{"@type":"ImageObject","inLanguage":"fr-FR","@id":"https:\/\/www.artisanlocal.ch\/c\/energies-renouvelables-a-echallens-et-dans-les-villes-a-proximite\/#primaryimage","url":"https:\/\/www.artisanlocal.ch\/c\/wp-content\/uploads\/2024\/10\/energiere-nouvelable.jpg","contentUrl":"https:\/\/www.artisanlocal.ch\/c\/wp-content\/uploads\/2024\/10\/energiere-nouvelable.jpg","width":1920,"height":300},{"@type":"BreadcrumbList","@id":"https:\/\/www.artisanlocal.ch\/c\/energies-renouvelables-a-echallens-et-dans-les-villes-a-proximite\/#breadcrumb","itemListElement":[{"@type":"ListItem","position":1,"name":"Accueil","item":"https:\/\/www.artisanlocal.ch\/c\/"},{"@type":"ListItem","position":2,"name":"\u00c9nergies renouvelables \u00e0 Echallens et dans les villes \u00e0 proximit\u00e9"}]},{"@type":"WebSite","@id":"https:\/\/www.artisanlocal.ch\/c\/#website","url":"https:\/\/www.artisanlocal.ch\/c\/","name":"Artisanlocal","description":"","publisher":{"@id":"https:\/\/www.artisanlocal.ch\/c\/#organization"},"potentialAction":[{"@type":"SearchAction","target":{"@type":"EntryPoint","urlTemplate":"https:\/\/www.artisanlocal.ch\/c\/?s={search_term_string}"},"query-input":{"@type":"PropertyValueSpecification","valueRequired":true,"valueName":"search_term_string"}}],"inLanguage":"fr-FR"},{"@type":"Organization","@id":"https:\/\/www.artisanlocal.ch\/c\/#organization","name":"Artisanlocal","url":"https:\/\/www.artisanlocal.ch\/c\/","logo":{"@type":"ImageObject","inLanguage":"fr-FR","@id":"https:\/\/www.artisanlocal.ch\/c\/#\/schema\/logo\/image\/","url":"https:\/\/www.artisanlocal.ch\/c\/wp-content\/uploads\/2024\/02\/logo-artisanlocal-h.svg","contentUrl":"https:\/\/www.artisanlocal.ch\/c\/wp-content\/uploads\/2024\/02\/logo-artisanlocal-h.svg","caption":"Artisanlocal"},"image":{"@id":"https:\/\/www.artisanlocal.ch\/c\/#\/schema\/logo\/image\/"}}]}},"_links":{"self":[{"href":"https:\/\/www.artisanlocal.ch\/c\/wp-json\/wp\/v2\/pages\/2540","targetHints":{"allow":["GET"]}}],"collection":[{"href":"https:\/\/www.artisanlocal.ch\/c\/wp-json\/wp\/v2\/pages"}],"about":[{"href":"https:\/\/www.artisanlocal.ch\/c\/wp-json\/wp\/v2\/types\/page"}],"author":[{"embeddable":true,"href":"https:\/\/www.artisanlocal.ch\/c\/wp-json\/wp\/v2\/users\/4"}],"replies":[{"embeddable":true,"href":"https:\/\/www.artisanlocal.ch\/c\/wp-json\/wp\/v2\/comments?post=2540"}],"version-history":[{"count":0,"href":"https:\/\/www.artisanlocal.ch\/c\/wp-json\/wp\/v2\/pages\/2540\/revisions"}],"wp:featuredmedia":[{"embeddable":true,"href":"https:\/\/www.artisanlocal.ch\/c\/wp-json\/wp\/v2\/media\/2755"}],"wp:attachment":[{"href":"https:\/\/www.artisanlocal.ch\/c\/wp-json\/wp\/v2\/media?parent=2540"}],"wp:term":[{"taxonomy":"profession","embeddable":true,"href":"https:\/\/www.artisanlocal.ch\/c\/wp-json\/wp\/v2\/profession?post=2540"},{"taxonomy":"location","embeddable":true,"href":"https:\/\/www.artisanlocal.ch\/c\/wp-json\/wp\/v2\/location?post=2540"},{"taxonomy":"canton","embeddable":true,"href":"https:\/\/www.artisanlocal.ch\/c\/wp-json\/wp\/v2\/canton?post=2540"}],"curies":[{"name":"wp","href":"https:\/\/api.w.org\/{rel}","templated":true}]}}