{"id":2565,"date":"2024-10-01T15:50:40","date_gmt":"2024-10-01T13:50:40","guid":{"rendered":"https:\/\/www.artisanlocal.ch\/c\/energies-renouvelables-a-villeneuve-et-dans-les-villes-a-proximite\/"},"modified":"2025-08-26T19:26:10","modified_gmt":"2025-08-26T17:26:10","slug":"energies-renouvelables-a-villeneuve-et-dans-les-villes-a-proximite","status":"publish","type":"page","link":"https:\/\/www.artisanlocal.ch\/c\/energies-renouvelables-a-villeneuve-et-dans-les-villes-a-proximite\/","title":{"rendered":"\u00c9nergies renouvelables \u00e0 Villeneuve VD et dans les villes \u00e0 proximit\u00e9"},"content":{"rendered":"\r\n<div class=\"box\">\r\n            <div class=\"company-info\">\r\n            <img decoding=\"async\" class=\"company-info__logo\" src=\"https:\/\/www.artisanlocal.ch\/media\/cache\/thumb\/images\/companies\/66338cfd4b499019091007.png\" alt=\"Logo\">\r\n            <h2 class=\"company-info__name\">Ammann Solaire<\/h2>\r\n            <p class=\"company-info__business\">Photovolta\u00efque - Energies renouvelables - Energie solaire - Ing\u00e9nierie solaire - Installations solaires<\/p>\r\n        <\/div>\r\n        <div class=\"company-contact\">\r\n            <p class=\"company-info__address\">Chemin du Clos de la Theilaz 3<\/p>\r\n                            <div class=\"links\">\r\n                                            <a class=\"btn has-accent-background-color js-phoneNumber\" href=\"tel:0764419197\" title=\"Appelez\" data-id=\"9291\" data-type=\"11\">076 441 91 97<\/a>\r\n                                                                <a class=\"btn has-accent-background-color\" href=\"http:\/\/as-energie.ch\/index.php\" target=\"_blank\" title=\"Voir le site internet\" data-id=\"9291\" data-type=\"20\">Site internet<\/a>\r\n                                    <\/div>\r\n                    <\/div>\r\n    \r\n            \r\n<form action=\"https:\/\/www.artisanlocal.ch\/c\/wp-admin\/admin-ajax.php\" method=\"post\" class=\"form-contact\" id=\"artisan_form_contact_company_inline\">\r\n    <div><input type=\"hidden\" name=\"action\" value=\"company_contact\"><\/div>\r\n    <div><input type=\"hidden\" name=\"nonce\" value=\"f071462bb9\"><\/div>\r\n    <div><input type=\"hidden\" name=\"company_id\" value=\"9291\"><\/div>\r\n    <div><input type=\"hidden\" name=\"form_id\" value=\"artisan_form_contact_company_inline\"><\/div>\r\n    <div class=\"gglcptch gglcptch_v3 gglcptch_custom\"><input type=\"hidden\" id=\"g-recaptcha-response\" name=\"g-recaptcha-response\" \/><br \/><div class=\"gglcptch_error_text\">La p\u00e9riode de v\u00e9rification reCAPTCHA a expir\u00e9. Veuillez recharger la page.<\/div><\/div>    <div class=\"form-content\">\r\n        <div class=\"form-group\">\r\n            <label for=\"contact_firstName\" class=\"required\">Pr\u00e9nom<\/label>\r\n            <input type=\"text\" name=\"firstName\" class=\"form-control\" required>\r\n        <\/div>\r\n        <div class=\"form-group\">\r\n            <label for=\"contact_lastName\" class=\"required\">Nom<\/label>\r\n            <input type=\"text\" name=\"lastName\" class=\"form-control\" required>\r\n        <\/div>\r\n        <div class=\"form-group\">\r\n            <label for=\"contact_email\" class=\"required\">Email<\/label>\r\n            <input type=\"email\" name=\"email\" class=\"form-control\" required>\r\n        <\/div>\r\n        <div class=\"form-group\">\r\n            <label for=\"contact_phone\" class=\"required\">Num\u00e9ro de t\u00e9l\u00e9phone<\/label>\r\n            <input type=\"tel\" name=\"phone\" class=\"form-control\" placeholder=\"0787117165\" pattern=\"^[0-9]{10}$\" required>\r\n        <\/div>\r\n        <div class=\"form-group\">\r\n            <label for=\"contact_postalCode\" class=\"required\">Code postal et localit\u00e9<\/label>\r\n            <input type=\"text\" name=\"postalCode\" class=\"form-control\" required>\r\n        <\/div>\r\n        <div class=\"form-group\">\r\n            <label for=\"contact_address\" class=\"required\">Adresse<\/label>\r\n            <input type=\"text\" name=\"address\" class=\"form-control\" required>\r\n        <\/div>\r\n        <div class=\"full-width topic\">\r\n            <p class=\"required\">Je souhaite \u00eatre contact\u00e9 pour :<\/p>\r\n            <div class=\"form-check\">\r\n                <input type=\"radio\" name=\"topic\" value=\"D\u00e9pannage\" class=\"form-control\" required>\r\n                <label for=\"d\u00e9pannage\">D\u00e9pannage<\/label>\r\n            <\/div>\r\n            <div class=\"form-check\">\r\n                <input type=\"radio\" name=\"topic\" value=\"Entretien\" class=\"form-control\" required>\r\n                <label for=\"entretien\">Entretien<\/label>\r\n            <\/div>\r\n            <div class=\"form-check\">\r\n                <input type=\"radio\" name=\"topic\" value=\"R\u00e9novation\" class=\"form-control\" required>\r\n                <label for=\"r\u00e9novation\">R\u00e9novation<\/label>\r\n            <\/div>\r\n            <div class=\"form-check\">\r\n                <input type=\"radio\" name=\"topic\" value=\"Autre\" class=\"form-control\" required>\r\n                <label for=\"autre\">Autre<\/label>\r\n            <\/div>\r\n        <\/div>\r\n        <div class=\"form-group full-width\">\r\n            <label for=\"contact_message\">Message<\/label>\r\n            <textarea name=\"message\" rows=\"3\" class=\"form-control\"><\/textarea>\r\n        <\/div>\r\n    <\/div>\r\n    <div class=\"form-actions\">\r\n        <button class=\"wp-block-button__link has-accent-background-color\">Contacter<\/button>\r\n    <\/div>\r\n<\/form>\r\n<div class=\"form-feedback\"><\/div>    <\/div>\n<h2>Pourquoi choisir Artisanlocal pour vos sources d&rsquo;\u00e9nergies renouvelables \u00e0 Villeneuve VD ?<\/h2>\n<ul>\n<li>Nos \u00e9valuations sont gratuites.<\/li>\n<li>Nos artisans utilisent les derni\u00e8res technologies.<\/li>\n<li>Notre entreprise est localis\u00e9e \u00e0 Villeneuve VD, pour vous rencontrer rapidement \u00e0 votre domicile.<\/li>\n<li>Les tarifs de nos installations sont avantageux.<\/li>\n<li>Les techniciens qui op\u00e8rent chez vous sont aguerris.<\/li>\n<li>Nos solutions sont adapt\u00e9es \u00e0 votre projet.<\/li>\n<li>Nous effectuons la gestion compl\u00e8te de votre projet.<\/li>\n<li>Notre entreprise offre une assistance sur mesure.<\/li>\n<\/ul>\n<h2>Quels sont les diff\u00e9rents types de solutions d&rsquo;\u00e9nergies renouvelables que vous proposez ?<\/h2>\n<ul>\n<li>Chaudi\u00e8re bois : mixte, b\u00fbche ou granul\u00e9.<\/li>\n<li>Pompe \u00e0 chaleur g\u00e9othermique&nbsp;: captage horizontal ou captage vertical<\/li>\n<li>Chaleur \u00e0 distance fossile : par r\u00e9cup\u00e9ration, thermodynamique, fossile ou renouvelable.<\/li>\n<li>Pompe \u00e0 chaleur : hybride, hydrothermique, a\u00e9rothermique ou g\u00e9othermique.<\/li>\n<li>Panneau solaire photovolta\u00efque : silicium, avec couche mince, concentration, bifaciaux ou int\u00e9gr\u00e9 au b\u00e2timent.<\/li>\n<li>Panneau \u00e0 \u00e9nergie solaire thermique : concentration, tube sous vide, solaire hybride, plan vitr\u00e9 ou thermosiphon (stockage passif).<\/li>\n<li>Stockage d&rsquo;\u00e9nergie : chimique, supercondensateur, thermique, m\u00e9canique, gravitationnel ou \u00e9lectrochimique.<\/li>\n<li>Notre soci\u00e9t\u00e9 propose d&rsquo;autres solutions d&rsquo;\u00e9nergies renouvelables : hydraulique, \u00e9olien ou r\u00e9seau de distribution.&nbsp;<\/li>\n<\/ul>\n<h2>Quelles sont les prestations de votre soci\u00e9t\u00e9 ?<\/h2>\n<ul>\n<li>Audit \u00e9nerg\u00e9tique : \u00e9valuation de vos habitudes de consommation d&rsquo;\u00e9nergie.<\/li>\n<li>Conseil : sur mesure et en fonction de votre cas.<\/li>\n<li>Mise en place : panneaux photovolta\u00efques solaires, pompes \u00e0 chaleur, etc.<\/li>\n<li>Service de maintenance : suivi et entretien de vos \u00e9quipements.<\/li>\n<li>Supervision de votre objectif : phase de conception \u00e0 l&rsquo;installation.<\/li>\n<li>Sensibilisation et formation : \u00e9nergies renouvelables pour entreprises et particuliers.<\/li>\n<li>Dispositif : stockage \u00e9nerg\u00e9tique.<\/li>\n<\/ul>\n<h3>Artisanlocal, sp\u00e9cialiste des \u00e9nergies renouvelables \u00e0 Villeneuve VD et dans les villes proches&nbsp;<\/h3>\n<p>Nous effectuons toutes vos installations d\u2019\u00e9nergies renouvelables \u00e0 Villeneuve VD et dans les communes aux alentours, tels que : La Tine, Rossini\u00e8re, Flendruz, Rougemont, Ch\u00e2teau-d'Oex, L'Etivaz, La L\u00e9cherette, Les Moulins, Noville, Chessel, Rennaz, Roche VD, Yvorne, Leysin, Corbeyrier, Aigle, La Comballaz, Les Mosses, Le S\u00e9pey, Vers-l'Eglise, Les Diablerets, La Forclaz VD, Ollon VD, Panex, St-Triphon, Bex, Fenalet-sur-Bex, Freni\u00e8res-sur-Bex, Les Plans-sur-Bex, Gryon, Les Posses-sur-Bex, Arveyes, Hu\u00e9moz, Villars-sur-Ollon, Chesi\u00e8res, Lavey-les-Bains, Lavey-Village..&nbsp;<\/p>\n<h2>Questions et r\u00e9ponses<\/h2>\n<h3>Peut-on installer des panneaux photovolta\u00efques et une pompe \u00e0 chaleur en m\u00eame temps\u202f?<\/h3>\n<p>Oui, il est possible d\u2019installer des panneaux photovolta\u00efques avec une pompe \u00e0 chaleur. Dans cette disposition, vous maximisez la gestion et la conservation de l&rsquo;\u00e9nergie fabriqu\u00e9e. Il est possible de configurer votre pompe \u00e0 chaleur pour fonctionner avec l&rsquo;\u00e9lectricit\u00e9 cr\u00e9\u00e9e par les panneaux solaires et ensuite accumuler la chaleur sous forme d&rsquo;eau chaude.<\/p>\n<h3>Quelles sont les aides disponibles pour les chauffages aux \u00e9nergies renouvelables en Suisse\u202f?<\/h3>\n<p>Il existe diff\u00e9rents programmes de subventions et de financements pour votre chauffage, en particulier \u00e0 l&rsquo;\u00e9chelle cantonal.<\/p>\n<h3>Est-il pertinent de choisir des capteurs solaires thermiques si la chaleur est surtout cr\u00e9\u00e9e au cours de l&rsquo;\u00e9t\u00e9\u202f?<\/h3>\n<p>Oui, parce que vous avez sans arr\u00eat besoins de chauffer votre eau tout au long de l&rsquo;ann\u00e9e. Un syst\u00e8me solaire thermique peut apporter une portion significative de cette consommation, couvrant g\u00e9n\u00e9ralement vos besoins en \u00e9t\u00e9, tandis qu&rsquo;en p\u00e9riode froide, c\u2019est une solution d\u2019appoint qui favorise la r\u00e9duction de votre consommation.<\/p>\n<h3>Les \u00e9l\u00e9ments utilis\u00e9s dans la cr\u00e9ation des panneaux solaires sont-ils rares\u202f?<\/h3>\n<p>Les panneaux photovolta\u00efques utilisent des modules en mati\u00e8res synth\u00e9tiques, verre, silicium et aluminium, qui sont disponibles en abondance. Cependant, ces modules ont besoin d&rsquo;argent pour fonctionner. Les nouvelles technologies permettent de r\u00e9duire l&#8217;emploi de l&rsquo;argent, voire \u00e0 le remplacer compl\u00e8tement par du cuivre. Pour le moment, la quantit\u00e9 d&rsquo;argent au sein des modules a d\u00e9j\u00e0 diminu\u00e9 d&rsquo;environ 80 %.&nbsp;<\/p>\n<h3>Quel est le tarif d&rsquo;une batterie pour stocker l&rsquo;\u00e9nergie solaire\u202f?<\/h3>\n<p>Les montants des batteries changent en fonction de la technologie des batteries et des aides financi\u00e8res disponibles dans votre canton.<\/p>\n","protected":false},"excerpt":{"rendered":"<p>Pourquoi choisir Artisanlocal pour vos sources d&rsquo;\u00e9nergies renouvelables \u00e0 Villeneuve VD ? Nos \u00e9valuations sont gratuites. Nos artisans utilisent les derni\u00e8res technologies. Notre entreprise est localis\u00e9e \u00e0 Villeneuve VD, pour vous rencontrer rapidement \u00e0 votre domicile. Les tarifs de nos installations sont avantageux. Les techniciens qui op\u00e8rent chez vous sont aguerris. Nos solutions sont adapt\u00e9es [&hellip;]<\/p>\n","protected":false},"author":4,"featured_media":2755,"parent":0,"menu_order":0,"comment_status":"closed","ping_status":"closed","template":"","meta":{"footnotes":""},"profession":[126],"location":[6],"canton":[113],"class_list":["post-2565","page","type-page","status-publish","has-post-thumbnail","hentry","profession-energies-renouvelables-specialiste","location-villeneuve-vd","canton-vd"],"yoast_head":"<!-- This site is optimized with the Yoast SEO Premium plugin v25.7.1 (Yoast SEO v27.4) - https:\/\/yoast.com\/product\/yoast-seo-premium-wordpress\/ -->\n<title>\u00c9nergies renouvelables \u00e0 Villeneuve VD et dans les villes \u00e0 proximit\u00e9 - Artisanlocal<\/title>\n<meta name=\"robots\" content=\"index, follow, max-snippet:-1, max-image-preview:large, max-video-preview:-1\" \/>\n<link rel=\"canonical\" href=\"https:\/\/www.artisanlocal.ch\/c\/energies-renouvelables-a-villeneuve-et-dans-les-villes-a-proximite\/\" \/>\n<meta property=\"og:locale\" content=\"fr_FR\" \/>\n<meta property=\"og:type\" content=\"article\" \/>\n<meta property=\"og:title\" content=\"\u00c9nergies renouvelables \u00e0 Villeneuve VD et dans les villes \u00e0 proximit\u00e9\" \/>\n<meta property=\"og:description\" content=\"Pourquoi choisir Artisanlocal pour vos sources d&rsquo;\u00e9nergies renouvelables \u00e0 Villeneuve VD ? Nos \u00e9valuations sont gratuites. Nos artisans utilisent les derni\u00e8res technologies. Notre entreprise est localis\u00e9e \u00e0 Villeneuve VD, pour vous rencontrer rapidement \u00e0 votre domicile. Les tarifs de nos installations sont avantageux. Les techniciens qui op\u00e8rent chez vous sont aguerris. Nos solutions sont adapt\u00e9es [&hellip;]\" \/>\n<meta property=\"og:url\" content=\"https:\/\/www.artisanlocal.ch\/c\/energies-renouvelables-a-villeneuve-et-dans-les-villes-a-proximite\/\" \/>\n<meta property=\"og:site_name\" content=\"Artisanlocal\" \/>\n<meta property=\"article:modified_time\" content=\"2025-08-26T17:26:10+00:00\" \/>\n<meta property=\"og:image\" content=\"https:\/\/www.artisanlocal.ch\/c\/wp-content\/uploads\/2024\/10\/energiere-nouvelable.jpg\" \/>\n\t<meta property=\"og:image:width\" content=\"1920\" \/>\n\t<meta property=\"og:image:height\" content=\"300\" \/>\n\t<meta property=\"og:image:type\" content=\"image\/jpeg\" \/>\n<meta name=\"twitter:card\" content=\"summary_large_image\" \/>\n<meta name=\"twitter:label1\" content=\"Dur\u00e9e de lecture estim\u00e9e\" \/>\n\t<meta name=\"twitter:data1\" content=\"3 minutes\" \/>\n<script type=\"application\/ld+json\" class=\"yoast-schema-graph\">{\"@context\":\"https:\\\/\\\/schema.org\",\"@graph\":[{\"@type\":\"WebPage\",\"@id\":\"https:\\\/\\\/www.artisanlocal.ch\\\/c\\\/energies-renouvelables-a-villeneuve-et-dans-les-villes-a-proximite\\\/\",\"url\":\"https:\\\/\\\/www.artisanlocal.ch\\\/c\\\/energies-renouvelables-a-villeneuve-et-dans-les-villes-a-proximite\\\/\",\"name\":\"\u00c9nergies renouvelables \u00e0 Villeneuve VD et dans les villes \u00e0 proximit\u00e9 - Artisanlocal\",\"isPartOf\":{\"@id\":\"https:\\\/\\\/www.artisanlocal.ch\\\/c\\\/#website\"},\"primaryImageOfPage\":{\"@id\":\"https:\\\/\\\/www.artisanlocal.ch\\\/c\\\/energies-renouvelables-a-villeneuve-et-dans-les-villes-a-proximite\\\/#primaryimage\"},\"image\":{\"@id\":\"https:\\\/\\\/www.artisanlocal.ch\\\/c\\\/energies-renouvelables-a-villeneuve-et-dans-les-villes-a-proximite\\\/#primaryimage\"},\"thumbnailUrl\":\"https:\\\/\\\/www.artisanlocal.ch\\\/c\\\/wp-content\\\/uploads\\\/2024\\\/10\\\/energiere-nouvelable.jpg\",\"datePublished\":\"2024-10-01T13:50:40+00:00\",\"dateModified\":\"2025-08-26T17:26:10+00:00\",\"breadcrumb\":{\"@id\":\"https:\\\/\\\/www.artisanlocal.ch\\\/c\\\/energies-renouvelables-a-villeneuve-et-dans-les-villes-a-proximite\\\/#breadcrumb\"},\"inLanguage\":\"fr-FR\",\"potentialAction\":[{\"@type\":\"ReadAction\",\"target\":[\"https:\\\/\\\/www.artisanlocal.ch\\\/c\\\/energies-renouvelables-a-villeneuve-et-dans-les-villes-a-proximite\\\/\"]}]},{\"@type\":\"ImageObject\",\"inLanguage\":\"fr-FR\",\"@id\":\"https:\\\/\\\/www.artisanlocal.ch\\\/c\\\/energies-renouvelables-a-villeneuve-et-dans-les-villes-a-proximite\\\/#primaryimage\",\"url\":\"https:\\\/\\\/www.artisanlocal.ch\\\/c\\\/wp-content\\\/uploads\\\/2024\\\/10\\\/energiere-nouvelable.jpg\",\"contentUrl\":\"https:\\\/\\\/www.artisanlocal.ch\\\/c\\\/wp-content\\\/uploads\\\/2024\\\/10\\\/energiere-nouvelable.jpg\",\"width\":1920,\"height\":300},{\"@type\":\"BreadcrumbList\",\"@id\":\"https:\\\/\\\/www.artisanlocal.ch\\\/c\\\/energies-renouvelables-a-villeneuve-et-dans-les-villes-a-proximite\\\/#breadcrumb\",\"itemListElement\":[{\"@type\":\"ListItem\",\"position\":1,\"name\":\"Accueil\",\"item\":\"https:\\\/\\\/www.artisanlocal.ch\\\/c\\\/\"},{\"@type\":\"ListItem\",\"position\":2,\"name\":\"\u00c9nergies renouvelables \u00e0 Villeneuve et dans les villes \u00e0 proximit\u00e9\"}]},{\"@type\":\"WebSite\",\"@id\":\"https:\\\/\\\/www.artisanlocal.ch\\\/c\\\/#website\",\"url\":\"https:\\\/\\\/www.artisanlocal.ch\\\/c\\\/\",\"name\":\"Artisanlocal\",\"description\":\"\",\"publisher\":{\"@id\":\"https:\\\/\\\/www.artisanlocal.ch\\\/c\\\/#organization\"},\"potentialAction\":[{\"@type\":\"SearchAction\",\"target\":{\"@type\":\"EntryPoint\",\"urlTemplate\":\"https:\\\/\\\/www.artisanlocal.ch\\\/c\\\/?s={search_term_string}\"},\"query-input\":{\"@type\":\"PropertyValueSpecification\",\"valueRequired\":true,\"valueName\":\"search_term_string\"}}],\"inLanguage\":\"fr-FR\"},{\"@type\":\"Organization\",\"@id\":\"https:\\\/\\\/www.artisanlocal.ch\\\/c\\\/#organization\",\"name\":\"Artisanlocal\",\"url\":\"https:\\\/\\\/www.artisanlocal.ch\\\/c\\\/\",\"logo\":{\"@type\":\"ImageObject\",\"inLanguage\":\"fr-FR\",\"@id\":\"https:\\\/\\\/www.artisanlocal.ch\\\/c\\\/#\\\/schema\\\/logo\\\/image\\\/\",\"url\":\"https:\\\/\\\/www.artisanlocal.ch\\\/c\\\/wp-content\\\/uploads\\\/2024\\\/02\\\/logo-artisanlocal-h.svg\",\"contentUrl\":\"https:\\\/\\\/www.artisanlocal.ch\\\/c\\\/wp-content\\\/uploads\\\/2024\\\/02\\\/logo-artisanlocal-h.svg\",\"caption\":\"Artisanlocal\"},\"image\":{\"@id\":\"https:\\\/\\\/www.artisanlocal.ch\\\/c\\\/#\\\/schema\\\/logo\\\/image\\\/\"}}]}<\/script>\n<!-- \/ Yoast SEO Premium plugin. -->","yoast_head_json":{"title":"\u00c9nergies renouvelables \u00e0 Villeneuve VD et dans les villes \u00e0 proximit\u00e9 - Artisanlocal","robots":{"index":"index","follow":"follow","max-snippet":"max-snippet:-1","max-image-preview":"max-image-preview:large","max-video-preview":"max-video-preview:-1"},"canonical":"https:\/\/www.artisanlocal.ch\/c\/energies-renouvelables-a-villeneuve-et-dans-les-villes-a-proximite\/","og_locale":"fr_FR","og_type":"article","og_title":"\u00c9nergies renouvelables \u00e0 Villeneuve VD et dans les villes \u00e0 proximit\u00e9","og_description":"Pourquoi choisir Artisanlocal pour vos sources d&rsquo;\u00e9nergies renouvelables \u00e0 Villeneuve VD ? Nos \u00e9valuations sont gratuites. Nos artisans utilisent les derni\u00e8res technologies. Notre entreprise est localis\u00e9e \u00e0 Villeneuve VD, pour vous rencontrer rapidement \u00e0 votre domicile. Les tarifs de nos installations sont avantageux. Les techniciens qui op\u00e8rent chez vous sont aguerris. Nos solutions sont adapt\u00e9es [&hellip;]","og_url":"https:\/\/www.artisanlocal.ch\/c\/energies-renouvelables-a-villeneuve-et-dans-les-villes-a-proximite\/","og_site_name":"Artisanlocal","article_modified_time":"2025-08-26T17:26:10+00:00","og_image":[{"width":1920,"height":300,"url":"https:\/\/www.artisanlocal.ch\/c\/wp-content\/uploads\/2024\/10\/energiere-nouvelable.jpg","type":"image\/jpeg"}],"twitter_card":"summary_large_image","twitter_misc":{"Dur\u00e9e de lecture estim\u00e9e":"3 minutes"},"schema":{"@context":"https:\/\/schema.org","@graph":[{"@type":"WebPage","@id":"https:\/\/www.artisanlocal.ch\/c\/energies-renouvelables-a-villeneuve-et-dans-les-villes-a-proximite\/","url":"https:\/\/www.artisanlocal.ch\/c\/energies-renouvelables-a-villeneuve-et-dans-les-villes-a-proximite\/","name":"\u00c9nergies renouvelables \u00e0 Villeneuve VD et dans les villes \u00e0 proximit\u00e9 - Artisanlocal","isPartOf":{"@id":"https:\/\/www.artisanlocal.ch\/c\/#website"},"primaryImageOfPage":{"@id":"https:\/\/www.artisanlocal.ch\/c\/energies-renouvelables-a-villeneuve-et-dans-les-villes-a-proximite\/#primaryimage"},"image":{"@id":"https:\/\/www.artisanlocal.ch\/c\/energies-renouvelables-a-villeneuve-et-dans-les-villes-a-proximite\/#primaryimage"},"thumbnailUrl":"https:\/\/www.artisanlocal.ch\/c\/wp-content\/uploads\/2024\/10\/energiere-nouvelable.jpg","datePublished":"2024-10-01T13:50:40+00:00","dateModified":"2025-08-26T17:26:10+00:00","breadcrumb":{"@id":"https:\/\/www.artisanlocal.ch\/c\/energies-renouvelables-a-villeneuve-et-dans-les-villes-a-proximite\/#breadcrumb"},"inLanguage":"fr-FR","potentialAction":[{"@type":"ReadAction","target":["https:\/\/www.artisanlocal.ch\/c\/energies-renouvelables-a-villeneuve-et-dans-les-villes-a-proximite\/"]}]},{"@type":"ImageObject","inLanguage":"fr-FR","@id":"https:\/\/www.artisanlocal.ch\/c\/energies-renouvelables-a-villeneuve-et-dans-les-villes-a-proximite\/#primaryimage","url":"https:\/\/www.artisanlocal.ch\/c\/wp-content\/uploads\/2024\/10\/energiere-nouvelable.jpg","contentUrl":"https:\/\/www.artisanlocal.ch\/c\/wp-content\/uploads\/2024\/10\/energiere-nouvelable.jpg","width":1920,"height":300},{"@type":"BreadcrumbList","@id":"https:\/\/www.artisanlocal.ch\/c\/energies-renouvelables-a-villeneuve-et-dans-les-villes-a-proximite\/#breadcrumb","itemListElement":[{"@type":"ListItem","position":1,"name":"Accueil","item":"https:\/\/www.artisanlocal.ch\/c\/"},{"@type":"ListItem","position":2,"name":"\u00c9nergies renouvelables \u00e0 Villeneuve et dans les villes \u00e0 proximit\u00e9"}]},{"@type":"WebSite","@id":"https:\/\/www.artisanlocal.ch\/c\/#website","url":"https:\/\/www.artisanlocal.ch\/c\/","name":"Artisanlocal","description":"","publisher":{"@id":"https:\/\/www.artisanlocal.ch\/c\/#organization"},"potentialAction":[{"@type":"SearchAction","target":{"@type":"EntryPoint","urlTemplate":"https:\/\/www.artisanlocal.ch\/c\/?s={search_term_string}"},"query-input":{"@type":"PropertyValueSpecification","valueRequired":true,"valueName":"search_term_string"}}],"inLanguage":"fr-FR"},{"@type":"Organization","@id":"https:\/\/www.artisanlocal.ch\/c\/#organization","name":"Artisanlocal","url":"https:\/\/www.artisanlocal.ch\/c\/","logo":{"@type":"ImageObject","inLanguage":"fr-FR","@id":"https:\/\/www.artisanlocal.ch\/c\/#\/schema\/logo\/image\/","url":"https:\/\/www.artisanlocal.ch\/c\/wp-content\/uploads\/2024\/02\/logo-artisanlocal-h.svg","contentUrl":"https:\/\/www.artisanlocal.ch\/c\/wp-content\/uploads\/2024\/02\/logo-artisanlocal-h.svg","caption":"Artisanlocal"},"image":{"@id":"https:\/\/www.artisanlocal.ch\/c\/#\/schema\/logo\/image\/"}}]}},"_links":{"self":[{"href":"https:\/\/www.artisanlocal.ch\/c\/wp-json\/wp\/v2\/pages\/2565","targetHints":{"allow":["GET"]}}],"collection":[{"href":"https:\/\/www.artisanlocal.ch\/c\/wp-json\/wp\/v2\/pages"}],"about":[{"href":"https:\/\/www.artisanlocal.ch\/c\/wp-json\/wp\/v2\/types\/page"}],"author":[{"embeddable":true,"href":"https:\/\/www.artisanlocal.ch\/c\/wp-json\/wp\/v2\/users\/4"}],"replies":[{"embeddable":true,"href":"https:\/\/www.artisanlocal.ch\/c\/wp-json\/wp\/v2\/comments?post=2565"}],"version-history":[{"count":0,"href":"https:\/\/www.artisanlocal.ch\/c\/wp-json\/wp\/v2\/pages\/2565\/revisions"}],"wp:featuredmedia":[{"embeddable":true,"href":"https:\/\/www.artisanlocal.ch\/c\/wp-json\/wp\/v2\/media\/2755"}],"wp:attachment":[{"href":"https:\/\/www.artisanlocal.ch\/c\/wp-json\/wp\/v2\/media?parent=2565"}],"wp:term":[{"taxonomy":"profession","embeddable":true,"href":"https:\/\/www.artisanlocal.ch\/c\/wp-json\/wp\/v2\/profession?post=2565"},{"taxonomy":"location","embeddable":true,"href":"https:\/\/www.artisanlocal.ch\/c\/wp-json\/wp\/v2\/location?post=2565"},{"taxonomy":"canton","embeddable":true,"href":"https:\/\/www.artisanlocal.ch\/c\/wp-json\/wp\/v2\/canton?post=2565"}],"curies":[{"name":"wp","href":"https:\/\/api.w.org\/{rel}","templated":true}]}}