{"id":2575,"date":"2024-10-02T11:19:05","date_gmt":"2024-10-02T09:19:05","guid":{"rendered":"https:\/\/www.artisanlocal.ch\/c\/energies-renouvelables-a-savigny-et-dans-les-villes-proches\/"},"modified":"2025-08-26T19:25:55","modified_gmt":"2025-08-26T17:25:55","slug":"energies-renouvelables-a-savigny-et-dans-les-villes-proches","status":"publish","type":"page","link":"https:\/\/www.artisanlocal.ch\/c\/energies-renouvelables-a-savigny-et-dans-les-villes-proches\/","title":{"rendered":"\u00c9nergies renouvelables \u00e0 Savigny et dans les villes proches"},"content":{"rendered":"\r\n<div class=\"box\">\r\n            <div class=\"company-info\">\r\n            <img decoding=\"async\" class=\"company-info__logo\" src=\"https:\/\/www.artisanlocal.ch\/media\/cache\/thumb\/images\/companies\/66fd6dbe2289a374706141.png\" alt=\"Logo\">\r\n            <h2 class=\"company-info__name\">ECO Technologies<\/h2>\r\n            <p class=\"company-info__business\">Chauffage - Panneaux photovolta\u00efques - Pompe \u00e0 chaleur - Conseils<\/p>\r\n        <\/div>\r\n        <div class=\"company-contact\">\r\n            <p class=\"company-info__address\">Chemin des Humberts 15<\/p>\r\n                            <div class=\"links\">\r\n                                            <a class=\"btn has-accent-background-color js-phoneNumber\" href=\"tel:0793085181\" title=\"Appelez\" data-id=\"25275\" data-type=\"11\">079 308 51 81<\/a>\r\n                                                                <a class=\"btn has-accent-background-color\" href=\"https:\/\/www.ecotechnologies.ch\/\" target=\"_blank\" title=\"Voir le site internet\" data-id=\"25275\" data-type=\"20\">Site internet<\/a>\r\n                                    <\/div>\r\n                    <\/div>\r\n    \r\n            \r\n<form action=\"https:\/\/www.artisanlocal.ch\/c\/wp-admin\/admin-ajax.php\" method=\"post\" class=\"form-contact\" id=\"artisan_form_contact_company_inline\">\r\n    <div><input type=\"hidden\" name=\"action\" value=\"company_contact\"><\/div>\r\n    <div><input type=\"hidden\" name=\"nonce\" value=\"04de2cd502\"><\/div>\r\n    <div><input type=\"hidden\" name=\"company_id\" value=\"25275\"><\/div>\r\n    <div><input type=\"hidden\" name=\"form_id\" value=\"artisan_form_contact_company_inline\"><\/div>\r\n    <div class=\"gglcptch gglcptch_v3 gglcptch_custom\"><input type=\"hidden\" id=\"g-recaptcha-response\" name=\"g-recaptcha-response\" \/><br \/><div class=\"gglcptch_error_text\">La p\u00e9riode de v\u00e9rification reCAPTCHA a expir\u00e9. Veuillez recharger la page.<\/div><\/div>    <div class=\"form-content\">\r\n        <div class=\"form-group\">\r\n            <label for=\"contact_firstName\" class=\"required\">Pr\u00e9nom<\/label>\r\n            <input type=\"text\" name=\"firstName\" class=\"form-control\" required>\r\n        <\/div>\r\n        <div class=\"form-group\">\r\n            <label for=\"contact_lastName\" class=\"required\">Nom<\/label>\r\n            <input type=\"text\" name=\"lastName\" class=\"form-control\" required>\r\n        <\/div>\r\n        <div class=\"form-group\">\r\n            <label for=\"contact_email\" class=\"required\">Email<\/label>\r\n            <input type=\"email\" name=\"email\" class=\"form-control\" required>\r\n        <\/div>\r\n        <div class=\"form-group\">\r\n            <label for=\"contact_phone\" class=\"required\">Num\u00e9ro de t\u00e9l\u00e9phone<\/label>\r\n            <input type=\"tel\" name=\"phone\" class=\"form-control\" placeholder=\"0787117165\" pattern=\"^[0-9]{10}$\" required>\r\n        <\/div>\r\n        <div class=\"form-group\">\r\n            <label for=\"contact_postalCode\" class=\"required\">Code postal et localit\u00e9<\/label>\r\n            <input type=\"text\" name=\"postalCode\" class=\"form-control\" required>\r\n        <\/div>\r\n        <div class=\"form-group\">\r\n            <label for=\"contact_address\" class=\"required\">Adresse<\/label>\r\n            <input type=\"text\" name=\"address\" class=\"form-control\" required>\r\n        <\/div>\r\n        <div class=\"full-width topic\">\r\n            <p class=\"required\">Je souhaite \u00eatre contact\u00e9 pour :<\/p>\r\n            <div class=\"form-check\">\r\n                <input type=\"radio\" name=\"topic\" value=\"D\u00e9pannage\" class=\"form-control\" required>\r\n                <label for=\"d\u00e9pannage\">D\u00e9pannage<\/label>\r\n            <\/div>\r\n            <div class=\"form-check\">\r\n                <input type=\"radio\" name=\"topic\" value=\"Entretien\" class=\"form-control\" required>\r\n                <label for=\"entretien\">Entretien<\/label>\r\n            <\/div>\r\n            <div class=\"form-check\">\r\n                <input type=\"radio\" name=\"topic\" value=\"R\u00e9novation\" class=\"form-control\" required>\r\n                <label for=\"r\u00e9novation\">R\u00e9novation<\/label>\r\n            <\/div>\r\n            <div class=\"form-check\">\r\n                <input type=\"radio\" name=\"topic\" value=\"Autre\" class=\"form-control\" required>\r\n                <label for=\"autre\">Autre<\/label>\r\n            <\/div>\r\n        <\/div>\r\n        <div class=\"form-group full-width\">\r\n            <label for=\"contact_message\">Message<\/label>\r\n            <textarea name=\"message\" rows=\"3\" class=\"form-control\"><\/textarea>\r\n        <\/div>\r\n    <\/div>\r\n    <div class=\"form-actions\">\r\n        <button class=\"wp-block-button__link has-accent-background-color\">Contacter<\/button>\r\n    <\/div>\r\n<\/form>\r\n<div class=\"form-feedback\"><\/div>    <\/div>\n<h2>Pourquoi faire confiance \u00e0 Artisanlocal pour vos sources d&rsquo;\u00e9nergies renouvelables \u00e0 Savigny ?<\/h2>\n<ul>\n<li>Nos \u00e9valuations sont gratuites.<\/li>\n<li>Nos artisans utilisent les derni\u00e8res technologies.<\/li>\n<li>Nous sommes localis\u00e9s \u00e0 Savigny, ce qui nous permet d&rsquo;intervenir rapidement chez vous.<\/li>\n<li>Les prix de nos travaux sont attractifs.<\/li>\n<li>Nos \u00e9quipes sont compos\u00e9es d&rsquo;artisans qualifi\u00e9s.<\/li>\n<li>Nos services sont personnalis\u00e9s.<\/li>\n<li>Gestion de votre projet, de la pr\u00e9paration \u00e0 la pose.<\/li>\n<li>Notre soci\u00e9t\u00e9 fournit une assistance technique d\u00e9di\u00e9e.<\/li>\n<\/ul>\n<h2>Quels sont les types de solutions d&rsquo;\u00e9nergies renouvelables que vous offrez ?<\/h2>\n<ul>\n<li>Chaudi\u00e8re bois : mixte, b\u00fbche ou granul\u00e9.<\/li>\n<li>Pompe \u00e0 chaleur g\u00e9othermique&nbsp;: captage vertical ou captage horizontal<\/li>\n<li>Chaleur \u00e0 distance fossile : renouvelable, fossile, par r\u00e9cup\u00e9ration ou thermodynamique.<\/li>\n<li>Syst\u00e8me pompe \u00e0 chaleur : hydrothermique, a\u00e9rothermique, g\u00e9othermique ou hybride.<\/li>\n<li>Photovolta\u00efque : int\u00e9gr\u00e9 au b\u00e2timent, silicium, concentration, avec couche mince ou bifaciaux.<\/li>\n<li>Panneau \u00e0 \u00e9nergie solaire thermique : concentration, tube sous vide, plan vitr\u00e9, solaire hybride ou thermosiphon (stockage passif).<\/li>\n<li>Dispositif de stockage d&rsquo;\u00e9nergie : \u00e9lectrochimique, m\u00e9canique, thermique, gravitationnel, chimique ou supercondensateur.<\/li>\n<li>Nous offrons aussi d&rsquo;autres installations d&rsquo;\u00e9nergies renouvelables : \u00e9olien, r\u00e9seau de distribution et hydraulique.&nbsp;<\/li>\n<\/ul>\n<h2>Quels sont les types de services que vous offrez ?<\/h2>\n<ul>\n<li>Audit \u00e9nerg\u00e9tique : contr\u00f4le de vos d\u00e9penses \u00e9nerg\u00e9tiques.<\/li>\n<li>Conseil : sur mesure et en fonction de votre projet.<\/li>\n<li>Pose : pompes \u00e0 chaleur, panneaux photovolta\u00efques solaires, etc.<\/li>\n<li>Maintenance : gestion et entretien pr\u00e9ventif de vos installations.<\/li>\n<li>Pilotage de votre objectif : conception \u00e0 la mise en place.<\/li>\n<li>Sensibilisation et formation : \u00e9nergies renouvelables pour particuliers et entreprises.<\/li>\n<li>Dispositif : stockage \u00e9nerg\u00e9tique.<\/li>\n<\/ul>\n<h3>Sp\u00e9cialiste en solutions \u00e9nerg\u00e9tiques renouvelables, nous intervenons \u00e0 Savigny et dans les localit\u00e9 s proches&nbsp;<\/h3>\n<p>Nous effectuons toutes vos installations en \u00e9nergies renouvelables \u00e0 Savigny et aussi dans toutes les communes \u00e0 proximit\u00e9, comme : Peney-le-Jorat, Forel (Lavaux), Mollie-Margot, Ferlens VD, Servion, Essertes, Les Cullayes, Montpreveyres, Corcelles-le-Jorat, M\u00e9zi\u00e8res VD, Carrouge VD, Vulliens, Ropraz, Les Tavernes, Les Thioleyres, Pal\u00e9zieux, Pal\u00e9zieux-Village, Oron-le-Ch\u00e2tel, Chapelle (Gl\u00e2ne), Bussigny-sur-Oron, Chesalles-sur-Oron, Ch\u00e2tillens, Oron-la-Ville, Vuibroye, Le Cr\u00eat-pr\u00e8s-Semsales, Ecoteaux, Maracon..&nbsp;<\/p>\n<h2>Questions fr\u00e9quentes<\/h2>\n<h3>Peut-on installer et utiliser des panneaux photovolta\u00efques et une pompe \u00e0 chaleur en m\u00eame temps\u202f?<\/h3>\n<p>Oui, c&rsquo;est envisageable de poser des panneaux solaires et une pompe \u00e0 chaleur simultan\u00e9ment. Dans cette disposition, vous maximisez la gestion et la conservation de l&rsquo;\u00e9nergie produite. Il est possible de param\u00e9trer votre pompe \u00e0 chaleur pour marcher avec l&rsquo;\u00e9lectricit\u00e9 produite par les panneaux photovolta\u00efques et ensuite cumuler la chaleur sous forme d&rsquo;eau chaude.<\/p>\n<h3>Quelles sont les aides pr\u00e9vues pour les chauffages aux \u00e9nergies renouvelables\u202f?<\/h3>\n<p>Il existe diff\u00e9rents programmes de subventions et de financements pour votre chauffage, en particulier sur le plan cantonal.<\/p>\n<h3>Les syst\u00e8mes solaires thermiques sont-ils rentables alors que la chaleur est surtout fabriqu\u00e9e en \u00e9t\u00e9\u202f?<\/h3>\n<p>Oui, parce que vous avez toujours besoins d&rsquo;eau chaude tout au long de l&rsquo;ann\u00e9e. Le thermique et le solaire remplissent vos besoins en \u00e9nergie pendant les beaux jours et permettent de r\u00e9duire vos factures d&rsquo;\u00e9lectricit\u00e9 en hiver.<\/p>\n<h3>Les panneaux photovolta\u00efques sont-ils constitu\u00e9s de mat\u00e9riaux pr\u00e9cieux, qui pourraient venir \u00e0 manquer \u00e0 l\u2019avenir\u202f?<\/h3>\n<p>La technologie photovolta\u00efque fonctionne avec des modules \u00e9labor\u00e9s avec du verre, de l&rsquo;aluminium, du silicium et des mati\u00e8res synth\u00e9tiques, dont la ressource est \u00e9lev\u00e9e. N\u00e9anmoins, ces modules ont besoin d&rsquo;argent pour fonctionner. Des recherches sont actuellement men\u00e9es pour limiter l\u2019utilisation de l&rsquo;argent, voire pour le remplacer par du cuivre, qui est presque in\u00e9puisable et recyclable \u00e0 100 %. Actuellement, la part d&rsquo;argent us\u00e9e dans les modules a d\u00e9j\u00e0 r\u00e9duit de 80 %.&nbsp;<\/p>\n<h3>Quel est le prix d&rsquo;une batterie de stockage d\u2019\u00e9lectricit\u00e9 solaire\u202f?<\/h3>\n<p>Les prix des batteries changent en fonction de votre canton, des aides financi\u00e8res disponibles et de la technologie choisie.<\/p>\n","protected":false},"excerpt":{"rendered":"<p>Pourquoi faire confiance \u00e0 Artisanlocal pour vos sources d&rsquo;\u00e9nergies renouvelables \u00e0 Savigny ? Nos \u00e9valuations sont gratuites. Nos artisans utilisent les derni\u00e8res technologies. Nous sommes localis\u00e9s \u00e0 Savigny, ce qui nous permet d&rsquo;intervenir rapidement chez vous. Les prix de nos travaux sont attractifs. Nos \u00e9quipes sont compos\u00e9es d&rsquo;artisans qualifi\u00e9s. Nos services sont personnalis\u00e9s. Gestion de [&hellip;]<\/p>\n","protected":false},"author":4,"featured_media":2755,"parent":0,"menu_order":0,"comment_status":"closed","ping_status":"closed","template":"","meta":{"footnotes":""},"profession":[126],"location":[94],"canton":[113],"class_list":["post-2575","page","type-page","status-publish","has-post-thumbnail","hentry","profession-energies-renouvelables-specialiste","location-savigny","canton-vd"],"yoast_head":"<!-- This site is optimized with the Yoast SEO Premium plugin v25.7.1 (Yoast SEO v27.3) - https:\/\/yoast.com\/product\/yoast-seo-premium-wordpress\/ -->\n<title>\u00c9nergies renouvelables \u00e0 Savigny et dans les villes proches - Artisanlocal<\/title>\n<meta name=\"robots\" content=\"index, follow, max-snippet:-1, max-image-preview:large, max-video-preview:-1\" \/>\n<link rel=\"canonical\" href=\"https:\/\/www.artisanlocal.ch\/c\/energies-renouvelables-a-savigny-et-dans-les-villes-proches\/\" \/>\n<meta property=\"og:locale\" content=\"fr_FR\" \/>\n<meta property=\"og:type\" content=\"article\" \/>\n<meta property=\"og:title\" content=\"\u00c9nergies renouvelables \u00e0 Savigny et dans les villes proches\" \/>\n<meta property=\"og:description\" content=\"Pourquoi faire confiance \u00e0 Artisanlocal pour vos sources d&rsquo;\u00e9nergies renouvelables \u00e0 Savigny ? Nos \u00e9valuations sont gratuites. Nos artisans utilisent les derni\u00e8res technologies. Nous sommes localis\u00e9s \u00e0 Savigny, ce qui nous permet d&rsquo;intervenir rapidement chez vous. Les prix de nos travaux sont attractifs. Nos \u00e9quipes sont compos\u00e9es d&rsquo;artisans qualifi\u00e9s. Nos services sont personnalis\u00e9s. Gestion de [&hellip;]\" \/>\n<meta property=\"og:url\" content=\"https:\/\/www.artisanlocal.ch\/c\/energies-renouvelables-a-savigny-et-dans-les-villes-proches\/\" \/>\n<meta property=\"og:site_name\" content=\"Artisanlocal\" \/>\n<meta property=\"article:modified_time\" content=\"2025-08-26T17:25:55+00:00\" \/>\n<meta property=\"og:image\" content=\"https:\/\/www.artisanlocal.ch\/c\/wp-content\/uploads\/2024\/10\/energiere-nouvelable.jpg\" \/>\n\t<meta property=\"og:image:width\" content=\"1920\" \/>\n\t<meta property=\"og:image:height\" content=\"300\" \/>\n\t<meta property=\"og:image:type\" content=\"image\/jpeg\" \/>\n<meta name=\"twitter:card\" content=\"summary_large_image\" \/>\n<meta name=\"twitter:label1\" content=\"Dur\u00e9e de lecture estim\u00e9e\" \/>\n\t<meta name=\"twitter:data1\" content=\"3 minutes\" \/>\n<script type=\"application\/ld+json\" class=\"yoast-schema-graph\">{\"@context\":\"https:\\\/\\\/schema.org\",\"@graph\":[{\"@type\":\"WebPage\",\"@id\":\"https:\\\/\\\/www.artisanlocal.ch\\\/c\\\/energies-renouvelables-a-savigny-et-dans-les-villes-proches\\\/\",\"url\":\"https:\\\/\\\/www.artisanlocal.ch\\\/c\\\/energies-renouvelables-a-savigny-et-dans-les-villes-proches\\\/\",\"name\":\"\u00c9nergies renouvelables \u00e0 Savigny et dans les villes proches - Artisanlocal\",\"isPartOf\":{\"@id\":\"https:\\\/\\\/www.artisanlocal.ch\\\/c\\\/#website\"},\"primaryImageOfPage\":{\"@id\":\"https:\\\/\\\/www.artisanlocal.ch\\\/c\\\/energies-renouvelables-a-savigny-et-dans-les-villes-proches\\\/#primaryimage\"},\"image\":{\"@id\":\"https:\\\/\\\/www.artisanlocal.ch\\\/c\\\/energies-renouvelables-a-savigny-et-dans-les-villes-proches\\\/#primaryimage\"},\"thumbnailUrl\":\"https:\\\/\\\/www.artisanlocal.ch\\\/c\\\/wp-content\\\/uploads\\\/2024\\\/10\\\/energiere-nouvelable.jpg\",\"datePublished\":\"2024-10-02T09:19:05+00:00\",\"dateModified\":\"2025-08-26T17:25:55+00:00\",\"breadcrumb\":{\"@id\":\"https:\\\/\\\/www.artisanlocal.ch\\\/c\\\/energies-renouvelables-a-savigny-et-dans-les-villes-proches\\\/#breadcrumb\"},\"inLanguage\":\"fr-FR\",\"potentialAction\":[{\"@type\":\"ReadAction\",\"target\":[\"https:\\\/\\\/www.artisanlocal.ch\\\/c\\\/energies-renouvelables-a-savigny-et-dans-les-villes-proches\\\/\"]}]},{\"@type\":\"ImageObject\",\"inLanguage\":\"fr-FR\",\"@id\":\"https:\\\/\\\/www.artisanlocal.ch\\\/c\\\/energies-renouvelables-a-savigny-et-dans-les-villes-proches\\\/#primaryimage\",\"url\":\"https:\\\/\\\/www.artisanlocal.ch\\\/c\\\/wp-content\\\/uploads\\\/2024\\\/10\\\/energiere-nouvelable.jpg\",\"contentUrl\":\"https:\\\/\\\/www.artisanlocal.ch\\\/c\\\/wp-content\\\/uploads\\\/2024\\\/10\\\/energiere-nouvelable.jpg\",\"width\":1920,\"height\":300},{\"@type\":\"BreadcrumbList\",\"@id\":\"https:\\\/\\\/www.artisanlocal.ch\\\/c\\\/energies-renouvelables-a-savigny-et-dans-les-villes-proches\\\/#breadcrumb\",\"itemListElement\":[{\"@type\":\"ListItem\",\"position\":1,\"name\":\"Accueil\",\"item\":\"https:\\\/\\\/www.artisanlocal.ch\\\/c\\\/\"},{\"@type\":\"ListItem\",\"position\":2,\"name\":\"\u00c9nergies renouvelables \u00e0 Savigny et dans les villes proches\"}]},{\"@type\":\"WebSite\",\"@id\":\"https:\\\/\\\/www.artisanlocal.ch\\\/c\\\/#website\",\"url\":\"https:\\\/\\\/www.artisanlocal.ch\\\/c\\\/\",\"name\":\"Artisanlocal\",\"description\":\"\",\"publisher\":{\"@id\":\"https:\\\/\\\/www.artisanlocal.ch\\\/c\\\/#organization\"},\"potentialAction\":[{\"@type\":\"SearchAction\",\"target\":{\"@type\":\"EntryPoint\",\"urlTemplate\":\"https:\\\/\\\/www.artisanlocal.ch\\\/c\\\/?s={search_term_string}\"},\"query-input\":{\"@type\":\"PropertyValueSpecification\",\"valueRequired\":true,\"valueName\":\"search_term_string\"}}],\"inLanguage\":\"fr-FR\"},{\"@type\":\"Organization\",\"@id\":\"https:\\\/\\\/www.artisanlocal.ch\\\/c\\\/#organization\",\"name\":\"Artisanlocal\",\"url\":\"https:\\\/\\\/www.artisanlocal.ch\\\/c\\\/\",\"logo\":{\"@type\":\"ImageObject\",\"inLanguage\":\"fr-FR\",\"@id\":\"https:\\\/\\\/www.artisanlocal.ch\\\/c\\\/#\\\/schema\\\/logo\\\/image\\\/\",\"url\":\"https:\\\/\\\/www.artisanlocal.ch\\\/c\\\/wp-content\\\/uploads\\\/2024\\\/02\\\/logo-artisanlocal-h.svg\",\"contentUrl\":\"https:\\\/\\\/www.artisanlocal.ch\\\/c\\\/wp-content\\\/uploads\\\/2024\\\/02\\\/logo-artisanlocal-h.svg\",\"caption\":\"Artisanlocal\"},\"image\":{\"@id\":\"https:\\\/\\\/www.artisanlocal.ch\\\/c\\\/#\\\/schema\\\/logo\\\/image\\\/\"}}]}<\/script>\n<!-- \/ Yoast SEO Premium plugin. -->","yoast_head_json":{"title":"\u00c9nergies renouvelables \u00e0 Savigny et dans les villes proches - Artisanlocal","robots":{"index":"index","follow":"follow","max-snippet":"max-snippet:-1","max-image-preview":"max-image-preview:large","max-video-preview":"max-video-preview:-1"},"canonical":"https:\/\/www.artisanlocal.ch\/c\/energies-renouvelables-a-savigny-et-dans-les-villes-proches\/","og_locale":"fr_FR","og_type":"article","og_title":"\u00c9nergies renouvelables \u00e0 Savigny et dans les villes proches","og_description":"Pourquoi faire confiance \u00e0 Artisanlocal pour vos sources d&rsquo;\u00e9nergies renouvelables \u00e0 Savigny ? Nos \u00e9valuations sont gratuites. Nos artisans utilisent les derni\u00e8res technologies. Nous sommes localis\u00e9s \u00e0 Savigny, ce qui nous permet d&rsquo;intervenir rapidement chez vous. Les prix de nos travaux sont attractifs. Nos \u00e9quipes sont compos\u00e9es d&rsquo;artisans qualifi\u00e9s. Nos services sont personnalis\u00e9s. Gestion de [&hellip;]","og_url":"https:\/\/www.artisanlocal.ch\/c\/energies-renouvelables-a-savigny-et-dans-les-villes-proches\/","og_site_name":"Artisanlocal","article_modified_time":"2025-08-26T17:25:55+00:00","og_image":[{"width":1920,"height":300,"url":"https:\/\/www.artisanlocal.ch\/c\/wp-content\/uploads\/2024\/10\/energiere-nouvelable.jpg","type":"image\/jpeg"}],"twitter_card":"summary_large_image","twitter_misc":{"Dur\u00e9e de lecture estim\u00e9e":"3 minutes"},"schema":{"@context":"https:\/\/schema.org","@graph":[{"@type":"WebPage","@id":"https:\/\/www.artisanlocal.ch\/c\/energies-renouvelables-a-savigny-et-dans-les-villes-proches\/","url":"https:\/\/www.artisanlocal.ch\/c\/energies-renouvelables-a-savigny-et-dans-les-villes-proches\/","name":"\u00c9nergies renouvelables \u00e0 Savigny et dans les villes proches - Artisanlocal","isPartOf":{"@id":"https:\/\/www.artisanlocal.ch\/c\/#website"},"primaryImageOfPage":{"@id":"https:\/\/www.artisanlocal.ch\/c\/energies-renouvelables-a-savigny-et-dans-les-villes-proches\/#primaryimage"},"image":{"@id":"https:\/\/www.artisanlocal.ch\/c\/energies-renouvelables-a-savigny-et-dans-les-villes-proches\/#primaryimage"},"thumbnailUrl":"https:\/\/www.artisanlocal.ch\/c\/wp-content\/uploads\/2024\/10\/energiere-nouvelable.jpg","datePublished":"2024-10-02T09:19:05+00:00","dateModified":"2025-08-26T17:25:55+00:00","breadcrumb":{"@id":"https:\/\/www.artisanlocal.ch\/c\/energies-renouvelables-a-savigny-et-dans-les-villes-proches\/#breadcrumb"},"inLanguage":"fr-FR","potentialAction":[{"@type":"ReadAction","target":["https:\/\/www.artisanlocal.ch\/c\/energies-renouvelables-a-savigny-et-dans-les-villes-proches\/"]}]},{"@type":"ImageObject","inLanguage":"fr-FR","@id":"https:\/\/www.artisanlocal.ch\/c\/energies-renouvelables-a-savigny-et-dans-les-villes-proches\/#primaryimage","url":"https:\/\/www.artisanlocal.ch\/c\/wp-content\/uploads\/2024\/10\/energiere-nouvelable.jpg","contentUrl":"https:\/\/www.artisanlocal.ch\/c\/wp-content\/uploads\/2024\/10\/energiere-nouvelable.jpg","width":1920,"height":300},{"@type":"BreadcrumbList","@id":"https:\/\/www.artisanlocal.ch\/c\/energies-renouvelables-a-savigny-et-dans-les-villes-proches\/#breadcrumb","itemListElement":[{"@type":"ListItem","position":1,"name":"Accueil","item":"https:\/\/www.artisanlocal.ch\/c\/"},{"@type":"ListItem","position":2,"name":"\u00c9nergies renouvelables \u00e0 Savigny et dans les villes proches"}]},{"@type":"WebSite","@id":"https:\/\/www.artisanlocal.ch\/c\/#website","url":"https:\/\/www.artisanlocal.ch\/c\/","name":"Artisanlocal","description":"","publisher":{"@id":"https:\/\/www.artisanlocal.ch\/c\/#organization"},"potentialAction":[{"@type":"SearchAction","target":{"@type":"EntryPoint","urlTemplate":"https:\/\/www.artisanlocal.ch\/c\/?s={search_term_string}"},"query-input":{"@type":"PropertyValueSpecification","valueRequired":true,"valueName":"search_term_string"}}],"inLanguage":"fr-FR"},{"@type":"Organization","@id":"https:\/\/www.artisanlocal.ch\/c\/#organization","name":"Artisanlocal","url":"https:\/\/www.artisanlocal.ch\/c\/","logo":{"@type":"ImageObject","inLanguage":"fr-FR","@id":"https:\/\/www.artisanlocal.ch\/c\/#\/schema\/logo\/image\/","url":"https:\/\/www.artisanlocal.ch\/c\/wp-content\/uploads\/2024\/02\/logo-artisanlocal-h.svg","contentUrl":"https:\/\/www.artisanlocal.ch\/c\/wp-content\/uploads\/2024\/02\/logo-artisanlocal-h.svg","caption":"Artisanlocal"},"image":{"@id":"https:\/\/www.artisanlocal.ch\/c\/#\/schema\/logo\/image\/"}}]}},"_links":{"self":[{"href":"https:\/\/www.artisanlocal.ch\/c\/wp-json\/wp\/v2\/pages\/2575","targetHints":{"allow":["GET"]}}],"collection":[{"href":"https:\/\/www.artisanlocal.ch\/c\/wp-json\/wp\/v2\/pages"}],"about":[{"href":"https:\/\/www.artisanlocal.ch\/c\/wp-json\/wp\/v2\/types\/page"}],"author":[{"embeddable":true,"href":"https:\/\/www.artisanlocal.ch\/c\/wp-json\/wp\/v2\/users\/4"}],"replies":[{"embeddable":true,"href":"https:\/\/www.artisanlocal.ch\/c\/wp-json\/wp\/v2\/comments?post=2575"}],"version-history":[{"count":0,"href":"https:\/\/www.artisanlocal.ch\/c\/wp-json\/wp\/v2\/pages\/2575\/revisions"}],"wp:featuredmedia":[{"embeddable":true,"href":"https:\/\/www.artisanlocal.ch\/c\/wp-json\/wp\/v2\/media\/2755"}],"wp:attachment":[{"href":"https:\/\/www.artisanlocal.ch\/c\/wp-json\/wp\/v2\/media?parent=2575"}],"wp:term":[{"taxonomy":"profession","embeddable":true,"href":"https:\/\/www.artisanlocal.ch\/c\/wp-json\/wp\/v2\/profession?post=2575"},{"taxonomy":"location","embeddable":true,"href":"https:\/\/www.artisanlocal.ch\/c\/wp-json\/wp\/v2\/location?post=2575"},{"taxonomy":"canton","embeddable":true,"href":"https:\/\/www.artisanlocal.ch\/c\/wp-json\/wp\/v2\/canton?post=2575"}],"curies":[{"name":"wp","href":"https:\/\/api.w.org\/{rel}","templated":true}]}}