{"id":2578,"date":"2024-10-03T03:40:30","date_gmt":"2024-10-03T01:40:30","guid":{"rendered":"https:\/\/www.artisanlocal.ch\/c\/energies-renouvelables-a-saxon-et-dans-les-villes-a-proximite\/"},"modified":"2025-08-26T19:25:40","modified_gmt":"2025-08-26T17:25:40","slug":"energies-renouvelables-a-saxon-et-dans-les-villes-a-proximite","status":"publish","type":"page","link":"https:\/\/www.artisanlocal.ch\/c\/energies-renouvelables-a-saxon-et-dans-les-villes-a-proximite\/","title":{"rendered":"\u00c9nergies renouvelables \u00e0 Saxon et dans les villes \u00e0 proximit\u00e9"},"content":{"rendered":"\r\n<div class=\"box\">\r\n            <div class=\"company-info\">\r\n            <img decoding=\"async\" class=\"company-info__logo\" src=\"https:\/\/www.artisanlocal.ch\/media\/cache\/thumb\/images\/companies\/651fcc7fa2d33105437403.png\" alt=\"Logo\">\r\n            <h2 class=\"company-info__name\">Pellouchoud & Cie<\/h2>\r\n            <p class=\"company-info__business\">Installateurs \u00e9lectriciens - Pompes \u00e0 chaleur - Energie solaire - Electrom\u00e9nager - D\u00e9pannage - Contr\u00f4le d'\u00e9lectricit\u00e9 - Installations d'Informatique<\/p>\r\n        <\/div>\r\n        <div class=\"company-contact\">\r\n            <p class=\"company-info__address\">Rue de la Poste 29<\/p>\r\n                            <div class=\"links\">\r\n                                            <a class=\"btn has-accent-background-color js-phoneNumber\" href=\"tel:0793711973\" title=\"Appelez\" data-id=\"9166\" data-type=\"11\">079 371 19 73<\/a>\r\n                                                                <a class=\"btn has-accent-background-color\" href=\"https:\/\/www.pellouchoud.ch\/\" target=\"_blank\" title=\"Voir le site internet\" data-id=\"9166\" data-type=\"20\">Site internet<\/a>\r\n                                    <\/div>\r\n                    <\/div>\r\n    \r\n            \r\n<form action=\"https:\/\/www.artisanlocal.ch\/c\/wp-admin\/admin-ajax.php\" method=\"post\" class=\"form-contact\" id=\"artisan_form_contact_company_inline\">\r\n    <div><input type=\"hidden\" name=\"action\" value=\"company_contact\"><\/div>\r\n    <div><input type=\"hidden\" name=\"nonce\" value=\"bee5a54407\"><\/div>\r\n    <div><input type=\"hidden\" name=\"company_id\" value=\"9166\"><\/div>\r\n    <div><input type=\"hidden\" name=\"form_id\" value=\"artisan_form_contact_company_inline\"><\/div>\r\n    <div class=\"gglcptch gglcptch_v3 gglcptch_custom\"><input type=\"hidden\" id=\"g-recaptcha-response\" name=\"g-recaptcha-response\" \/><br \/><div class=\"gglcptch_error_text\">La p\u00e9riode de v\u00e9rification reCAPTCHA a expir\u00e9. Veuillez recharger la page.<\/div><\/div>    <div class=\"form-content\">\r\n        <div class=\"form-group\">\r\n            <label for=\"contact_firstName\" class=\"required\">Pr\u00e9nom<\/label>\r\n            <input type=\"text\" name=\"firstName\" class=\"form-control\" required>\r\n        <\/div>\r\n        <div class=\"form-group\">\r\n            <label for=\"contact_lastName\" class=\"required\">Nom<\/label>\r\n            <input type=\"text\" name=\"lastName\" class=\"form-control\" required>\r\n        <\/div>\r\n        <div class=\"form-group\">\r\n            <label for=\"contact_email\" class=\"required\">Email<\/label>\r\n            <input type=\"email\" name=\"email\" class=\"form-control\" required>\r\n        <\/div>\r\n        <div class=\"form-group\">\r\n            <label for=\"contact_phone\" class=\"required\">Num\u00e9ro de t\u00e9l\u00e9phone<\/label>\r\n            <input type=\"tel\" name=\"phone\" class=\"form-control\" placeholder=\"0787117165\" pattern=\"^[0-9]{10}$\" required>\r\n        <\/div>\r\n        <div class=\"form-group\">\r\n            <label for=\"contact_postalCode\" class=\"required\">Code postal et localit\u00e9<\/label>\r\n            <input type=\"text\" name=\"postalCode\" class=\"form-control\" required>\r\n        <\/div>\r\n        <div class=\"form-group\">\r\n            <label for=\"contact_address\" class=\"required\">Adresse<\/label>\r\n            <input type=\"text\" name=\"address\" class=\"form-control\" required>\r\n        <\/div>\r\n        <div class=\"full-width topic\">\r\n            <p class=\"required\">Je souhaite \u00eatre contact\u00e9 pour :<\/p>\r\n            <div class=\"form-check\">\r\n                <input type=\"radio\" name=\"topic\" value=\"D\u00e9pannage\" class=\"form-control\" required>\r\n                <label for=\"d\u00e9pannage\">D\u00e9pannage<\/label>\r\n            <\/div>\r\n            <div class=\"form-check\">\r\n                <input type=\"radio\" name=\"topic\" value=\"Entretien\" class=\"form-control\" required>\r\n                <label for=\"entretien\">Entretien<\/label>\r\n            <\/div>\r\n            <div class=\"form-check\">\r\n                <input type=\"radio\" name=\"topic\" value=\"R\u00e9novation\" class=\"form-control\" required>\r\n                <label for=\"r\u00e9novation\">R\u00e9novation<\/label>\r\n            <\/div>\r\n            <div class=\"form-check\">\r\n                <input type=\"radio\" name=\"topic\" value=\"Autre\" class=\"form-control\" required>\r\n                <label for=\"autre\">Autre<\/label>\r\n            <\/div>\r\n        <\/div>\r\n        <div class=\"form-group full-width\">\r\n            <label for=\"contact_message\">Message<\/label>\r\n            <textarea name=\"message\" rows=\"3\" class=\"form-control\"><\/textarea>\r\n        <\/div>\r\n    <\/div>\r\n    <div class=\"form-actions\">\r\n        <button class=\"wp-block-button__link has-accent-background-color\">Contacter<\/button>\r\n    <\/div>\r\n<\/form>\r\n<div class=\"form-feedback\"><\/div>    <\/div>\n<h2>Pourquoi choisir Artisanlocal pour vos \u00e9nergies renouvelables \u00e0 Saxon ?<\/h2>\n<ul>\n<li>Nos devis sont gratuits.<\/li>\n<li>Nos artisans emploient les derni\u00e8res technologies.<\/li>\n<li>Notre soci\u00e9t\u00e9 est install\u00e9e \u00e0 Saxon, pour vous contacter d\u00e8s que possible \u00e0 votre domicile.<\/li>\n<li>Nos prix sont comp\u00e9titifs.<\/li>\n<li>Nos techniciens sont qualifi\u00e9s.<\/li>\n<li>Nous proposons des travaux sur mesure.<\/li>\n<li>Nous g\u00e9rons votre projet de A \u00e0 Z, de l&rsquo;analyse de votre objectif \u00e0 l\u2019installation.<\/li>\n<li>Notre \u00e9quipe offre une assistance technique d\u00e9di\u00e9e.<\/li>\n<\/ul>\n<h2>Quels types d&rsquo;installations d&rsquo;\u00e9nergies renouvelables votre entreprise propose ?<\/h2>\n<ul>\n<li>Chaudi\u00e8re bois : mixte, b\u00fbche ou granul\u00e9.<\/li>\n<li>Pompe \u00e0 chaleur g\u00e9othermique avec captage : horizontale ou verticale<\/li>\n<li>Chaleur \u00e0 distance fossile : par r\u00e9cup\u00e9ration, thermodynamique, fossile ou renouvelable.<\/li>\n<li>Syst\u00e8me pompe \u00e0 chaleur : hydrothermique, a\u00e9rothermique, g\u00e9othermique ou hybride.<\/li>\n<li>Panneau photovolta\u00efque : silicium, avec couche mince, concentration, bifaciaux ou int\u00e9gr\u00e9 au b\u00e2timent.<\/li>\n<li>Panneau \u00e0 \u00e9nergie solaire thermique : concentration, tube sous vide, solaire hybride, plan vitr\u00e9 ou thermosiphon (stockage passif).<\/li>\n<li>Syst\u00e8me de stockage d&rsquo;\u00e9nergie : thermique, gravitationnel, m\u00e9canique, \u00e9lectrochimique, supercondensateur ou chimique.<\/li>\n<li>Notre entreprise offre d&rsquo;autres solutions d&rsquo;\u00e9nergies renouvelables : \u00e9olien, r\u00e9seau de distribution et hydraulique.&nbsp;<\/li>\n<\/ul>\n<h2>Quels sont les types de services que vous offrez ?<\/h2>\n<ul>\n<li>Audit \u00e9nerg\u00e9tique : \u00e9valuation de vos habitudes de consommation d&rsquo;\u00e9nergie.<\/li>\n<li>Conseil : adapt\u00e9 et en fonction de votre projet.<\/li>\n<li>Installation : pompes \u00e0 chaleur, panneaux photovolta\u00efques solaires, etc.<\/li>\n<li>Maintenance : contr\u00f4le et entretien de vos installations.<\/li>\n<li>Supervision de votre projet : conception \u00e0 la mise en place.<\/li>\n<li>Formation et sensibilisation : \u00e9nergies durables pour les soci\u00e9t\u00e9s et les particuliers.<\/li>\n<li>Syst\u00e8me : stockage d&rsquo;\u00e9nergie.<\/li>\n<\/ul>\n<h3>Artisanlocal, professionnel des \u00e9nergies renouvelables \u00e0 Saxon et dans les communes aux environs&nbsp;<\/h3>\n<p>Nous r\u00e9alisons vos installations d\u2019\u00e9nergies durables \u00e0 Saxon et dans les villes aux alentours, tels que : Charrat, Riddes, Dugny (Leytron), Leytron, Montagnon (Leytron), Produit (Leytron), Saillon, Is\u00e9rables, Auddes-sur-Riddes, La Tzoumaz, Martigny, Martigny-Croix, Fully, Chemin, Ravoire, Trient, Bovernier, Les Valettes (Bovernier), Chamoille (Sembrancher), La Garde (Sembrancher), Sembrancher, Vens (Sembrancher), Bruson, Le Ch\u00e2ble VS, Verbier, Orsi\u00e8res, Champex-Lac, Cries (Voll\u00e8ges), Voll\u00e8ges, Levron, Praz-de-Fort, La Fouly VS, Chandonne (Liddes), Chez Petit (Liddes), Dranse (Liddes), Fontaine Dessous (Liddes), Fontaine Dessus (Liddes), Fornex (Liddes), Les Moulins VS (Liddes), Liddes, Palasuit (Liddes), Petit Vich\u00e8res (Liddes), Rive Haute (Liddes), Vich\u00e8res (Liddes), Bourg-St-Pierre, Champsec, Verseg\u00e8res, Fionnay, Lourtier, Sarreyer, Mayens-de-Chamoson, Ovronnaz..&nbsp;<\/p>\n<h2>Questions fr\u00e9quentes<\/h2>\n<h3>Peut-on installer des panneaux solaires photovolta\u00efques avec une pompe \u00e0 chaleur\u202f?<\/h3>\n<p>Absolument, c&rsquo;est envisageable de poser des panneaux photovolta\u00efques et une pompe \u00e0 chaleur simultan\u00e9ment. Cette configuration, vous permet de g\u00e9rer et de stocker l&rsquo;\u00e9nergie produite de mani\u00e8re optimale. La pompe \u00e0 chaleur peut-\u00eatre configur\u00e9e pour fonctionner avec l&rsquo;\u00e9lectricit\u00e9 produite par les panneaux solaires et aussi conserver la chaleur sous forme d&rsquo;eau chaude.<\/p>\n<h3>Quels sont les soutiens financiers pr\u00e9vus pour les chauffages utilisant les \u00e9nergies renouvelables \u202f?<\/h3>\n<p>Il existe diff\u00e9rents programmes de subventions et de financements pour votre chauffage, en particulier sur le plan cantonal.<\/p>\n<h3>Est-il judicieux de choisir des panneaux solaires thermiques si la chaleur est notamment produite lors de l&rsquo;\u00e9t\u00e9\u202f?<\/h3>\n<p>Oui, parce que vous avez toujours besoins d&rsquo;eau chaude tout au long des diff\u00e9rentes p\u00e9riodes de l&rsquo;ann\u00e9e. Un syst\u00e8me solaire thermique peut produire une part significative de cette demande, couvrant g\u00e9n\u00e9ralement vos besoins en \u00e9t\u00e9, tandis qu&rsquo;en p\u00e9riode froide, c\u2019est une solution d\u2019appoint qui favorise la r\u00e9duction de votre consommation.<\/p>\n<h3>Les mat\u00e9riaux utilis\u00e9s dans la fabrication des panneaux solaires sont-ils rares\u202f?<\/h3>\n<p>Les panneaux photovolta\u00efques utilisent des modules en verre, aluminium, silicium et de mati\u00e8res synth\u00e9tiques, qui sont disponibles en abondance. N\u00e9anmoins, ces modules requi\u00e8rent de l&rsquo;argent pour marcher, dont la r\u00e9serve est r\u00e9duite. Des recherches sont actuellement men\u00e9es pour diminuer l&rsquo;usage de l&rsquo;argent, voire pour le supplanter par du cuivre, qui est presque in\u00e9puisable et recyclable \u00e0 100 %. Pour l&rsquo;heure, la portion d&rsquo;argent au sein des modules a d\u00e9j\u00e0 baiss\u00e9 d&rsquo;environ 80 %.&nbsp;<\/p>\n<h3>Quel est le tarif d&rsquo;une batterie pour stocker l&rsquo;\u00e9nergie solaire\u202f?<\/h3>\n<p>Les montants des batteries \u00e9voluent en fonction de votre canton, des aides financi\u00e8res disponibles et de la technologie choisie.<\/p>\n","protected":false},"excerpt":{"rendered":"<p>Pourquoi choisir Artisanlocal pour vos \u00e9nergies renouvelables \u00e0 Saxon ? Nos devis sont gratuits. Nos artisans emploient les derni\u00e8res technologies. Notre soci\u00e9t\u00e9 est install\u00e9e \u00e0 Saxon, pour vous contacter d\u00e8s que possible \u00e0 votre domicile. Nos prix sont comp\u00e9titifs. Nos techniciens sont qualifi\u00e9s. Nous proposons des travaux sur mesure. Nous g\u00e9rons votre projet de A [&hellip;]<\/p>\n","protected":false},"author":4,"featured_media":2755,"parent":0,"menu_order":0,"comment_status":"closed","ping_status":"closed","template":"","meta":{"footnotes":""},"profession":[126],"location":[39],"canton":[110],"class_list":["post-2578","page","type-page","status-publish","has-post-thumbnail","hentry","profession-energies-renouvelables-specialiste","location-saxon","canton-vs"],"yoast_head":"<!-- This site is optimized with the Yoast SEO Premium plugin v25.7.1 (Yoast SEO v27.3) - https:\/\/yoast.com\/product\/yoast-seo-premium-wordpress\/ -->\n<title>\u00c9nergies renouvelables \u00e0 Saxon et dans les villes \u00e0 proximit\u00e9 - Artisanlocal<\/title>\n<meta name=\"robots\" content=\"index, follow, max-snippet:-1, max-image-preview:large, max-video-preview:-1\" \/>\n<link rel=\"canonical\" href=\"https:\/\/www.artisanlocal.ch\/c\/energies-renouvelables-a-saxon-et-dans-les-villes-a-proximite\/\" \/>\n<meta property=\"og:locale\" content=\"fr_FR\" \/>\n<meta property=\"og:type\" content=\"article\" \/>\n<meta property=\"og:title\" content=\"\u00c9nergies renouvelables \u00e0 Saxon et dans les villes \u00e0 proximit\u00e9\" \/>\n<meta property=\"og:description\" content=\"Pourquoi choisir Artisanlocal pour vos \u00e9nergies renouvelables \u00e0 Saxon ? Nos devis sont gratuits. Nos artisans emploient les derni\u00e8res technologies. Notre soci\u00e9t\u00e9 est install\u00e9e \u00e0 Saxon, pour vous contacter d\u00e8s que possible \u00e0 votre domicile. Nos prix sont comp\u00e9titifs. Nos techniciens sont qualifi\u00e9s. Nous proposons des travaux sur mesure. Nous g\u00e9rons votre projet de A [&hellip;]\" \/>\n<meta property=\"og:url\" content=\"https:\/\/www.artisanlocal.ch\/c\/energies-renouvelables-a-saxon-et-dans-les-villes-a-proximite\/\" \/>\n<meta property=\"og:site_name\" content=\"Artisanlocal\" \/>\n<meta property=\"article:modified_time\" content=\"2025-08-26T17:25:40+00:00\" \/>\n<meta property=\"og:image\" content=\"https:\/\/www.artisanlocal.ch\/c\/wp-content\/uploads\/2024\/10\/energiere-nouvelable.jpg\" \/>\n\t<meta property=\"og:image:width\" content=\"1920\" \/>\n\t<meta property=\"og:image:height\" content=\"300\" \/>\n\t<meta property=\"og:image:type\" content=\"image\/jpeg\" \/>\n<meta name=\"twitter:card\" content=\"summary_large_image\" \/>\n<meta name=\"twitter:label1\" content=\"Dur\u00e9e de lecture estim\u00e9e\" \/>\n\t<meta name=\"twitter:data1\" content=\"3 minutes\" \/>\n<script type=\"application\/ld+json\" class=\"yoast-schema-graph\">{\"@context\":\"https:\\\/\\\/schema.org\",\"@graph\":[{\"@type\":\"WebPage\",\"@id\":\"https:\\\/\\\/www.artisanlocal.ch\\\/c\\\/energies-renouvelables-a-saxon-et-dans-les-villes-a-proximite\\\/\",\"url\":\"https:\\\/\\\/www.artisanlocal.ch\\\/c\\\/energies-renouvelables-a-saxon-et-dans-les-villes-a-proximite\\\/\",\"name\":\"\u00c9nergies renouvelables \u00e0 Saxon et dans les villes \u00e0 proximit\u00e9 - Artisanlocal\",\"isPartOf\":{\"@id\":\"https:\\\/\\\/www.artisanlocal.ch\\\/c\\\/#website\"},\"primaryImageOfPage\":{\"@id\":\"https:\\\/\\\/www.artisanlocal.ch\\\/c\\\/energies-renouvelables-a-saxon-et-dans-les-villes-a-proximite\\\/#primaryimage\"},\"image\":{\"@id\":\"https:\\\/\\\/www.artisanlocal.ch\\\/c\\\/energies-renouvelables-a-saxon-et-dans-les-villes-a-proximite\\\/#primaryimage\"},\"thumbnailUrl\":\"https:\\\/\\\/www.artisanlocal.ch\\\/c\\\/wp-content\\\/uploads\\\/2024\\\/10\\\/energiere-nouvelable.jpg\",\"datePublished\":\"2024-10-03T01:40:30+00:00\",\"dateModified\":\"2025-08-26T17:25:40+00:00\",\"breadcrumb\":{\"@id\":\"https:\\\/\\\/www.artisanlocal.ch\\\/c\\\/energies-renouvelables-a-saxon-et-dans-les-villes-a-proximite\\\/#breadcrumb\"},\"inLanguage\":\"fr-FR\",\"potentialAction\":[{\"@type\":\"ReadAction\",\"target\":[\"https:\\\/\\\/www.artisanlocal.ch\\\/c\\\/energies-renouvelables-a-saxon-et-dans-les-villes-a-proximite\\\/\"]}]},{\"@type\":\"ImageObject\",\"inLanguage\":\"fr-FR\",\"@id\":\"https:\\\/\\\/www.artisanlocal.ch\\\/c\\\/energies-renouvelables-a-saxon-et-dans-les-villes-a-proximite\\\/#primaryimage\",\"url\":\"https:\\\/\\\/www.artisanlocal.ch\\\/c\\\/wp-content\\\/uploads\\\/2024\\\/10\\\/energiere-nouvelable.jpg\",\"contentUrl\":\"https:\\\/\\\/www.artisanlocal.ch\\\/c\\\/wp-content\\\/uploads\\\/2024\\\/10\\\/energiere-nouvelable.jpg\",\"width\":1920,\"height\":300},{\"@type\":\"BreadcrumbList\",\"@id\":\"https:\\\/\\\/www.artisanlocal.ch\\\/c\\\/energies-renouvelables-a-saxon-et-dans-les-villes-a-proximite\\\/#breadcrumb\",\"itemListElement\":[{\"@type\":\"ListItem\",\"position\":1,\"name\":\"Accueil\",\"item\":\"https:\\\/\\\/www.artisanlocal.ch\\\/c\\\/\"},{\"@type\":\"ListItem\",\"position\":2,\"name\":\"\u00c9nergies renouvelables \u00e0 Saxon et dans les villes \u00e0 proximit\u00e9\"}]},{\"@type\":\"WebSite\",\"@id\":\"https:\\\/\\\/www.artisanlocal.ch\\\/c\\\/#website\",\"url\":\"https:\\\/\\\/www.artisanlocal.ch\\\/c\\\/\",\"name\":\"Artisanlocal\",\"description\":\"\",\"publisher\":{\"@id\":\"https:\\\/\\\/www.artisanlocal.ch\\\/c\\\/#organization\"},\"potentialAction\":[{\"@type\":\"SearchAction\",\"target\":{\"@type\":\"EntryPoint\",\"urlTemplate\":\"https:\\\/\\\/www.artisanlocal.ch\\\/c\\\/?s={search_term_string}\"},\"query-input\":{\"@type\":\"PropertyValueSpecification\",\"valueRequired\":true,\"valueName\":\"search_term_string\"}}],\"inLanguage\":\"fr-FR\"},{\"@type\":\"Organization\",\"@id\":\"https:\\\/\\\/www.artisanlocal.ch\\\/c\\\/#organization\",\"name\":\"Artisanlocal\",\"url\":\"https:\\\/\\\/www.artisanlocal.ch\\\/c\\\/\",\"logo\":{\"@type\":\"ImageObject\",\"inLanguage\":\"fr-FR\",\"@id\":\"https:\\\/\\\/www.artisanlocal.ch\\\/c\\\/#\\\/schema\\\/logo\\\/image\\\/\",\"url\":\"https:\\\/\\\/www.artisanlocal.ch\\\/c\\\/wp-content\\\/uploads\\\/2024\\\/02\\\/logo-artisanlocal-h.svg\",\"contentUrl\":\"https:\\\/\\\/www.artisanlocal.ch\\\/c\\\/wp-content\\\/uploads\\\/2024\\\/02\\\/logo-artisanlocal-h.svg\",\"caption\":\"Artisanlocal\"},\"image\":{\"@id\":\"https:\\\/\\\/www.artisanlocal.ch\\\/c\\\/#\\\/schema\\\/logo\\\/image\\\/\"}}]}<\/script>\n<!-- \/ Yoast SEO Premium plugin. -->","yoast_head_json":{"title":"\u00c9nergies renouvelables \u00e0 Saxon et dans les villes \u00e0 proximit\u00e9 - Artisanlocal","robots":{"index":"index","follow":"follow","max-snippet":"max-snippet:-1","max-image-preview":"max-image-preview:large","max-video-preview":"max-video-preview:-1"},"canonical":"https:\/\/www.artisanlocal.ch\/c\/energies-renouvelables-a-saxon-et-dans-les-villes-a-proximite\/","og_locale":"fr_FR","og_type":"article","og_title":"\u00c9nergies renouvelables \u00e0 Saxon et dans les villes \u00e0 proximit\u00e9","og_description":"Pourquoi choisir Artisanlocal pour vos \u00e9nergies renouvelables \u00e0 Saxon ? Nos devis sont gratuits. Nos artisans emploient les derni\u00e8res technologies. Notre soci\u00e9t\u00e9 est install\u00e9e \u00e0 Saxon, pour vous contacter d\u00e8s que possible \u00e0 votre domicile. Nos prix sont comp\u00e9titifs. Nos techniciens sont qualifi\u00e9s. Nous proposons des travaux sur mesure. Nous g\u00e9rons votre projet de A [&hellip;]","og_url":"https:\/\/www.artisanlocal.ch\/c\/energies-renouvelables-a-saxon-et-dans-les-villes-a-proximite\/","og_site_name":"Artisanlocal","article_modified_time":"2025-08-26T17:25:40+00:00","og_image":[{"width":1920,"height":300,"url":"https:\/\/www.artisanlocal.ch\/c\/wp-content\/uploads\/2024\/10\/energiere-nouvelable.jpg","type":"image\/jpeg"}],"twitter_card":"summary_large_image","twitter_misc":{"Dur\u00e9e de lecture estim\u00e9e":"3 minutes"},"schema":{"@context":"https:\/\/schema.org","@graph":[{"@type":"WebPage","@id":"https:\/\/www.artisanlocal.ch\/c\/energies-renouvelables-a-saxon-et-dans-les-villes-a-proximite\/","url":"https:\/\/www.artisanlocal.ch\/c\/energies-renouvelables-a-saxon-et-dans-les-villes-a-proximite\/","name":"\u00c9nergies renouvelables \u00e0 Saxon et dans les villes \u00e0 proximit\u00e9 - Artisanlocal","isPartOf":{"@id":"https:\/\/www.artisanlocal.ch\/c\/#website"},"primaryImageOfPage":{"@id":"https:\/\/www.artisanlocal.ch\/c\/energies-renouvelables-a-saxon-et-dans-les-villes-a-proximite\/#primaryimage"},"image":{"@id":"https:\/\/www.artisanlocal.ch\/c\/energies-renouvelables-a-saxon-et-dans-les-villes-a-proximite\/#primaryimage"},"thumbnailUrl":"https:\/\/www.artisanlocal.ch\/c\/wp-content\/uploads\/2024\/10\/energiere-nouvelable.jpg","datePublished":"2024-10-03T01:40:30+00:00","dateModified":"2025-08-26T17:25:40+00:00","breadcrumb":{"@id":"https:\/\/www.artisanlocal.ch\/c\/energies-renouvelables-a-saxon-et-dans-les-villes-a-proximite\/#breadcrumb"},"inLanguage":"fr-FR","potentialAction":[{"@type":"ReadAction","target":["https:\/\/www.artisanlocal.ch\/c\/energies-renouvelables-a-saxon-et-dans-les-villes-a-proximite\/"]}]},{"@type":"ImageObject","inLanguage":"fr-FR","@id":"https:\/\/www.artisanlocal.ch\/c\/energies-renouvelables-a-saxon-et-dans-les-villes-a-proximite\/#primaryimage","url":"https:\/\/www.artisanlocal.ch\/c\/wp-content\/uploads\/2024\/10\/energiere-nouvelable.jpg","contentUrl":"https:\/\/www.artisanlocal.ch\/c\/wp-content\/uploads\/2024\/10\/energiere-nouvelable.jpg","width":1920,"height":300},{"@type":"BreadcrumbList","@id":"https:\/\/www.artisanlocal.ch\/c\/energies-renouvelables-a-saxon-et-dans-les-villes-a-proximite\/#breadcrumb","itemListElement":[{"@type":"ListItem","position":1,"name":"Accueil","item":"https:\/\/www.artisanlocal.ch\/c\/"},{"@type":"ListItem","position":2,"name":"\u00c9nergies renouvelables \u00e0 Saxon et dans les villes \u00e0 proximit\u00e9"}]},{"@type":"WebSite","@id":"https:\/\/www.artisanlocal.ch\/c\/#website","url":"https:\/\/www.artisanlocal.ch\/c\/","name":"Artisanlocal","description":"","publisher":{"@id":"https:\/\/www.artisanlocal.ch\/c\/#organization"},"potentialAction":[{"@type":"SearchAction","target":{"@type":"EntryPoint","urlTemplate":"https:\/\/www.artisanlocal.ch\/c\/?s={search_term_string}"},"query-input":{"@type":"PropertyValueSpecification","valueRequired":true,"valueName":"search_term_string"}}],"inLanguage":"fr-FR"},{"@type":"Organization","@id":"https:\/\/www.artisanlocal.ch\/c\/#organization","name":"Artisanlocal","url":"https:\/\/www.artisanlocal.ch\/c\/","logo":{"@type":"ImageObject","inLanguage":"fr-FR","@id":"https:\/\/www.artisanlocal.ch\/c\/#\/schema\/logo\/image\/","url":"https:\/\/www.artisanlocal.ch\/c\/wp-content\/uploads\/2024\/02\/logo-artisanlocal-h.svg","contentUrl":"https:\/\/www.artisanlocal.ch\/c\/wp-content\/uploads\/2024\/02\/logo-artisanlocal-h.svg","caption":"Artisanlocal"},"image":{"@id":"https:\/\/www.artisanlocal.ch\/c\/#\/schema\/logo\/image\/"}}]}},"_links":{"self":[{"href":"https:\/\/www.artisanlocal.ch\/c\/wp-json\/wp\/v2\/pages\/2578","targetHints":{"allow":["GET"]}}],"collection":[{"href":"https:\/\/www.artisanlocal.ch\/c\/wp-json\/wp\/v2\/pages"}],"about":[{"href":"https:\/\/www.artisanlocal.ch\/c\/wp-json\/wp\/v2\/types\/page"}],"author":[{"embeddable":true,"href":"https:\/\/www.artisanlocal.ch\/c\/wp-json\/wp\/v2\/users\/4"}],"replies":[{"embeddable":true,"href":"https:\/\/www.artisanlocal.ch\/c\/wp-json\/wp\/v2\/comments?post=2578"}],"version-history":[{"count":0,"href":"https:\/\/www.artisanlocal.ch\/c\/wp-json\/wp\/v2\/pages\/2578\/revisions"}],"wp:featuredmedia":[{"embeddable":true,"href":"https:\/\/www.artisanlocal.ch\/c\/wp-json\/wp\/v2\/media\/2755"}],"wp:attachment":[{"href":"https:\/\/www.artisanlocal.ch\/c\/wp-json\/wp\/v2\/media?parent=2578"}],"wp:term":[{"taxonomy":"profession","embeddable":true,"href":"https:\/\/www.artisanlocal.ch\/c\/wp-json\/wp\/v2\/profession?post=2578"},{"taxonomy":"location","embeddable":true,"href":"https:\/\/www.artisanlocal.ch\/c\/wp-json\/wp\/v2\/location?post=2578"},{"taxonomy":"canton","embeddable":true,"href":"https:\/\/www.artisanlocal.ch\/c\/wp-json\/wp\/v2\/canton?post=2578"}],"curies":[{"name":"wp","href":"https:\/\/api.w.org\/{rel}","templated":true}]}}