{"id":2592,"date":"2024-10-02T05:12:34","date_gmt":"2024-10-02T03:12:34","guid":{"rendered":"https:\/\/www.artisanlocal.ch\/c\/energies-renouvelables-a-delemont-et-dans-les-villes-proches\/"},"modified":"2025-08-26T19:26:00","modified_gmt":"2025-08-26T17:26:00","slug":"energies-renouvelables-a-delemont-et-dans-les-villes-proches","status":"publish","type":"page","link":"https:\/\/www.artisanlocal.ch\/c\/energies-renouvelables-a-delemont-et-dans-les-villes-proches\/","title":{"rendered":"\u00c9nergies renouvelables \u00e0 Del\u00e9mont et dans les villes proches"},"content":{"rendered":"\r\n<div class=\"box\">\r\n            <div class=\"company-info\">\r\n            <img decoding=\"async\" class=\"company-info__logo\" src=\"https:\/\/www.artisanlocal.ch\/media\/cache\/thumb\/images\/companies\/67d845c67bbd8410891731.png\" alt=\"Logo\">\r\n            <h2 class=\"company-info__name\">Solartech Group<\/h2>\r\n            <p class=\"company-info__business\">Energies renouvelables - Photovolta\u00efque - Energie solaire - Pompes \u00e0 chaleur - Nettoyage de panneaux solaires<\/p>\r\n        <\/div>\r\n        <div class=\"company-contact\">\r\n            <p class=\"company-info__address\">Pr\u00e9 au Maire 10<\/p>\r\n                            <div class=\"links\">\r\n                                            <a class=\"btn has-accent-background-color js-phoneNumber\" href=\"tel:0329511000\" title=\"Appelez\" data-id=\"9264\" data-type=\"11\">032 951 10 00<\/a>\r\n                                                                <a class=\"btn has-accent-background-color\" href=\"https:\/\/solartech-group.ch\/\" target=\"_blank\" title=\"Voir le site internet\" data-id=\"9264\" data-type=\"20\">Site internet<\/a>\r\n                                    <\/div>\r\n                    <\/div>\r\n    \r\n            \r\n<form action=\"https:\/\/www.artisanlocal.ch\/c\/wp-admin\/admin-ajax.php\" method=\"post\" class=\"form-contact\" id=\"artisan_form_contact_company_inline\">\r\n    <div><input type=\"hidden\" name=\"action\" value=\"company_contact\"><\/div>\r\n    <div><input type=\"hidden\" name=\"nonce\" value=\"04de2cd502\"><\/div>\r\n    <div><input type=\"hidden\" name=\"company_id\" value=\"9264\"><\/div>\r\n    <div><input type=\"hidden\" name=\"form_id\" value=\"artisan_form_contact_company_inline\"><\/div>\r\n    <div class=\"gglcptch gglcptch_v3 gglcptch_custom\"><input type=\"hidden\" id=\"g-recaptcha-response\" name=\"g-recaptcha-response\" \/><br \/><div class=\"gglcptch_error_text\">La p\u00e9riode de v\u00e9rification reCAPTCHA a expir\u00e9. Veuillez recharger la page.<\/div><\/div>    <div class=\"form-content\">\r\n        <div class=\"form-group\">\r\n            <label for=\"contact_firstName\" class=\"required\">Pr\u00e9nom<\/label>\r\n            <input type=\"text\" name=\"firstName\" class=\"form-control\" required>\r\n        <\/div>\r\n        <div class=\"form-group\">\r\n            <label for=\"contact_lastName\" class=\"required\">Nom<\/label>\r\n            <input type=\"text\" name=\"lastName\" class=\"form-control\" required>\r\n        <\/div>\r\n        <div class=\"form-group\">\r\n            <label for=\"contact_email\" class=\"required\">Email<\/label>\r\n            <input type=\"email\" name=\"email\" class=\"form-control\" required>\r\n        <\/div>\r\n        <div class=\"form-group\">\r\n            <label for=\"contact_phone\" class=\"required\">Num\u00e9ro de t\u00e9l\u00e9phone<\/label>\r\n            <input type=\"tel\" name=\"phone\" class=\"form-control\" placeholder=\"0787117165\" pattern=\"^[0-9]{10}$\" required>\r\n        <\/div>\r\n        <div class=\"form-group\">\r\n            <label for=\"contact_postalCode\" class=\"required\">Code postal et localit\u00e9<\/label>\r\n            <input type=\"text\" name=\"postalCode\" class=\"form-control\" required>\r\n        <\/div>\r\n        <div class=\"form-group\">\r\n            <label for=\"contact_address\" class=\"required\">Adresse<\/label>\r\n            <input type=\"text\" name=\"address\" class=\"form-control\" required>\r\n        <\/div>\r\n        <div class=\"full-width topic\">\r\n            <p class=\"required\">Je souhaite \u00eatre contact\u00e9 pour :<\/p>\r\n            <div class=\"form-check\">\r\n                <input type=\"radio\" name=\"topic\" value=\"D\u00e9pannage\" class=\"form-control\" required>\r\n                <label for=\"d\u00e9pannage\">D\u00e9pannage<\/label>\r\n            <\/div>\r\n            <div class=\"form-check\">\r\n                <input type=\"radio\" name=\"topic\" value=\"Entretien\" class=\"form-control\" required>\r\n                <label for=\"entretien\">Entretien<\/label>\r\n            <\/div>\r\n            <div class=\"form-check\">\r\n                <input type=\"radio\" name=\"topic\" value=\"R\u00e9novation\" class=\"form-control\" required>\r\n                <label for=\"r\u00e9novation\">R\u00e9novation<\/label>\r\n            <\/div>\r\n            <div class=\"form-check\">\r\n                <input type=\"radio\" name=\"topic\" value=\"Autre\" class=\"form-control\" required>\r\n                <label for=\"autre\">Autre<\/label>\r\n            <\/div>\r\n        <\/div>\r\n        <div class=\"form-group full-width\">\r\n            <label for=\"contact_message\">Message<\/label>\r\n            <textarea name=\"message\" rows=\"3\" class=\"form-control\"><\/textarea>\r\n        <\/div>\r\n    <\/div>\r\n    <div class=\"form-actions\">\r\n        <button class=\"wp-block-button__link has-accent-background-color\">Contacter<\/button>\r\n    <\/div>\r\n<\/form>\r\n<div class=\"form-feedback\"><\/div>    <\/div>\n<h2>Pourquoi choisir Artisanlocal pour vos sources d&rsquo;\u00e9nergies renouvelables \u00e0 Del\u00e9mont ?<\/h2>\n<ul>\n<li>Devis 100% gratuit.<\/li>\n<li>Nos techniciens emploient les technologies les plus modernes.<\/li>\n<li>Nos locaux sont situ\u00e9s \u00e0 Del\u00e9mont pour vous rencontrer rapidement.<\/li>\n<li>Les prix de nos travaux sont attractifs.<\/li>\n<li>Nos \u00e9quipes sont constitu\u00e9es d&rsquo;artisans confirm\u00e9s.<\/li>\n<li>Nos prestations sont adapt\u00e9es \u00e0 votre projet.<\/li>\n<li>Nous r\u00e9alisons la gestion du d\u00e9but \u00e0 la fin de vos travaux d&rsquo;\u00e9nergie renouvelables.<\/li>\n<li>Notre soci\u00e9t\u00e9 fournit une assistance personnalis\u00e9e.<\/li>\n<\/ul>\n<h2>Quels sont les diff\u00e9rents types d&rsquo;installations d&rsquo;\u00e9nergies renouvelables que vous proposez ?<\/h2>\n<ul>\n<li>Chaudi\u00e8re \u00e0 bois : granul\u00e9, b\u00fbche ou mixte.<\/li>\n<li>Pompe \u00e0 chaleur g\u00e9othermique avec captage : horizontale ou verticale<\/li>\n<li>Chaleur \u00e0 distance fossile : renouvelable, fossile, par r\u00e9cup\u00e9ration ou thermodynamique.<\/li>\n<li>Pompe \u00e0 chaleur : hydrothermique, a\u00e9rothermique, g\u00e9othermique ou hybride.<\/li>\n<li>Panneau solaire photovolta\u00efque : int\u00e9gr\u00e9 au b\u00e2timent, concentration, silicium, avec couche mince ou bifaciaux.<\/li>\n<li>Solaire thermique : plan vitr\u00e9, concentration, tube sous vide, thermosiphon (stockage passif) ou solaire hybride.<\/li>\n<li>Stockage d&rsquo;\u00e9nergie : \u00e9lectrochimique, m\u00e9canique, thermique, gravitationnel, chimique ou supercondensateur.<\/li>\n<li>Artisanlocal offre d&rsquo;autres installations d&rsquo;\u00e9nergies renouvelables : hydraulique, \u00e9olien ou r\u00e9seau de distribution.&nbsp;<\/li>\n<\/ul>\n<h2>Quelles sont les prestations de votre soci\u00e9t\u00e9 ?<\/h2>\n<ul>\n<li>Audit \u00e9nerg\u00e9tique : examen de votre consommation d&rsquo;\u00e9nergie.<\/li>\n<li>Conseil : personnalis\u00e9 et en fonction de votre cas.<\/li>\n<li>Pose : panneaux solaires, pompes \u00e0 chaleur, etc.<\/li>\n<li>Service de maintenance : suivi et entretien de vos installations.<\/li>\n<li>Pilotage de votre projet : conception \u00e0 la mise en place.<\/li>\n<li>Sensibilisation et formation : \u00e9nergies renouvelables pour particuliers et entreprises.<\/li>\n<li>Dispositif : stockage \u00e9nerg\u00e9tique.<\/li>\n<\/ul>\n<h3>Artisanlocal, sp\u00e9cialiste des \u00e9nergies renouvelables \u00e0 Del\u00e9mont et dans les communes aux environs&nbsp;<\/h3>\n<p>Nos techniciens r\u00e9alisent l\u2019installation de vos \u00e9nergies durables \u00e0 Del\u00e9mont et aussi dans les localit\u00e9s \u00e0 proximit\u00e9, tels que : Develier, Bourrignon, Soyhi\u00e8res, Mettembert, Pleigne, Lucelle, Movelier, Ederswiler, Roggenburg, Courroux, Courcelon, Vicques, Courchapoix, Corban, Mervelier, Montsevelier, Vermes, Courrendlin, Vellerat, Rebeuvelier, Rossemaison, Ch\u00e2tillon JU, Court\u00e9telle, Courfaivre, Bassecourt, Glovelier, Bo\u00e9court, Montavon, Undervelier, Soulce, Saulcy..&nbsp;<\/p>\n<h2>FAQ<\/h2>\n<h3>Peut-on installer des panneaux solaires photovolta\u00efques avec une pompe \u00e0 chaleur\u202f?<\/h3>\n<p>Oui, il est possible d\u2019installer une pompe \u00e0 chaleur avec des panneaux photovolta\u00efques. Cette disposition, vous permet de contr\u00f4ler et de stocker l&rsquo;\u00e9nergie produite. Il est possible de configurer votre pompe \u00e0 chaleur pour fonctionner avec l&rsquo;\u00e9lectricit\u00e9 cr\u00e9\u00e9e par les panneaux solaires et ensuite accumuler la chaleur sous forme d&rsquo;eau chaude.<\/p>\n<h3>Quelles sont les aides financi\u00e8res disponibles pour les chauffages aux \u00e9nergies renouvelables \u00e0 Del\u00e9mont\u202f?<\/h3>\n<p>Il existe diff\u00e9rents programmes de subventions et de financements pour votre chauffage, en particulier au niveau cantonal.<\/p>\n<h3>Est-il judicieux de choisir des capteurs solaires thermiques si la chaleur est principalement produite lors de l&rsquo;\u00e9t\u00e9\u202f?<\/h3>\n<p>Oui, ils sont utiles, la consommation en eau chaude, que ce soit pour la cuisine ou la salle d&rsquo;eau, restent r\u00e9guliers tout au long de l&rsquo;ann\u00e9e. Une solution solaire thermique peut alimenter une portion significative de cette consommation, couvrant g\u00e9n\u00e9ralement vos besoins en saison chaude, tandis qu&rsquo;en p\u00e9riode froide, c\u2019est une solution d\u2019appoint qui favorise la r\u00e9duction de votre consommation.<\/p>\n<h3>Les panneaux photovolta\u00efques sont-ils constitu\u00e9s de mati\u00e8res premi\u00e8res rares, qui pourraient venir \u00e0 manquer \u00e0 l\u2019avenir\u202f?<\/h3>\n<p>Les panneaux solaires photovolta\u00efques sont fabriqu\u00e9s avec des modules compos\u00e9s de verre, aluminium, silicium et de mati\u00e8res synth\u00e9tiques, qui sont trouvables facilement. Toutefois, ces modules n\u00e9cessitent de l&rsquo;argent pour marcher, dont la disponibilit\u00e9 est faible. Des recherches sont actuellement men\u00e9es pour r\u00e9duire l\u2019utilisation de l&rsquo;argent, voire pour le supplanter par du cuivre, qui est abondant et r\u00e9utilisable \u00e0 100 %. Pour l&rsquo;heure, la portion d&rsquo;argent au sein des modules a d\u00e9j\u00e0 diminu\u00e9 d&rsquo;environ 80 %.&nbsp;<\/p>\n<h3>\u00c0 combien s&rsquo;\u00e9l\u00e8vent les co\u00fbts d\u2019une batterie solaire de stockage\u202f?<\/h3>\n<p>Les co\u00fbts des batteries pour les maisons changent suivant la technologie de l\u2019accumulateur, le canton et les subventions.<\/p>\n","protected":false},"excerpt":{"rendered":"<p>Pourquoi choisir Artisanlocal pour vos sources d&rsquo;\u00e9nergies renouvelables \u00e0 Del\u00e9mont ? Devis 100% gratuit. Nos techniciens emploient les technologies les plus modernes. Nos locaux sont situ\u00e9s \u00e0 Del\u00e9mont pour vous rencontrer rapidement. Les prix de nos travaux sont attractifs. Nos \u00e9quipes sont constitu\u00e9es d&rsquo;artisans confirm\u00e9s. Nos prestations sont adapt\u00e9es \u00e0 votre projet. Nous r\u00e9alisons la [&hellip;]<\/p>\n","protected":false},"author":4,"featured_media":2755,"parent":0,"menu_order":0,"comment_status":"closed","ping_status":"closed","template":"","meta":{"footnotes":""},"profession":[126],"location":[11],"canton":[111],"class_list":["post-2592","page","type-page","status-publish","has-post-thumbnail","hentry","profession-energies-renouvelables-specialiste","location-delemont","canton-ju"],"yoast_head":"<!-- This site is optimized with the Yoast SEO Premium plugin v25.7.1 (Yoast SEO v27.3) - https:\/\/yoast.com\/product\/yoast-seo-premium-wordpress\/ -->\n<title>\u00c9nergies renouvelables \u00e0 Del\u00e9mont et dans les villes proches - Artisanlocal<\/title>\n<meta name=\"robots\" content=\"index, follow, max-snippet:-1, max-image-preview:large, max-video-preview:-1\" \/>\n<link rel=\"canonical\" href=\"https:\/\/www.artisanlocal.ch\/c\/energies-renouvelables-a-delemont-et-dans-les-villes-proches\/\" \/>\n<meta property=\"og:locale\" content=\"fr_FR\" \/>\n<meta property=\"og:type\" content=\"article\" \/>\n<meta property=\"og:title\" content=\"\u00c9nergies renouvelables \u00e0 Del\u00e9mont et dans les villes proches\" \/>\n<meta property=\"og:description\" content=\"Pourquoi choisir Artisanlocal pour vos sources d&rsquo;\u00e9nergies renouvelables \u00e0 Del\u00e9mont ? Devis 100% gratuit. Nos techniciens emploient les technologies les plus modernes. Nos locaux sont situ\u00e9s \u00e0 Del\u00e9mont pour vous rencontrer rapidement. Les prix de nos travaux sont attractifs. Nos \u00e9quipes sont constitu\u00e9es d&rsquo;artisans confirm\u00e9s. Nos prestations sont adapt\u00e9es \u00e0 votre projet. Nous r\u00e9alisons la [&hellip;]\" \/>\n<meta property=\"og:url\" content=\"https:\/\/www.artisanlocal.ch\/c\/energies-renouvelables-a-delemont-et-dans-les-villes-proches\/\" \/>\n<meta property=\"og:site_name\" content=\"Artisanlocal\" \/>\n<meta property=\"article:modified_time\" content=\"2025-08-26T17:26:00+00:00\" \/>\n<meta property=\"og:image\" content=\"https:\/\/www.artisanlocal.ch\/c\/wp-content\/uploads\/2024\/10\/energiere-nouvelable.jpg\" \/>\n\t<meta property=\"og:image:width\" content=\"1920\" \/>\n\t<meta property=\"og:image:height\" content=\"300\" \/>\n\t<meta property=\"og:image:type\" content=\"image\/jpeg\" \/>\n<meta name=\"twitter:card\" content=\"summary_large_image\" \/>\n<meta name=\"twitter:label1\" content=\"Dur\u00e9e de lecture estim\u00e9e\" \/>\n\t<meta name=\"twitter:data1\" content=\"3 minutes\" \/>\n<script type=\"application\/ld+json\" class=\"yoast-schema-graph\">{\"@context\":\"https:\\\/\\\/schema.org\",\"@graph\":[{\"@type\":\"WebPage\",\"@id\":\"https:\\\/\\\/www.artisanlocal.ch\\\/c\\\/energies-renouvelables-a-delemont-et-dans-les-villes-proches\\\/\",\"url\":\"https:\\\/\\\/www.artisanlocal.ch\\\/c\\\/energies-renouvelables-a-delemont-et-dans-les-villes-proches\\\/\",\"name\":\"\u00c9nergies renouvelables \u00e0 Del\u00e9mont et dans les villes proches - Artisanlocal\",\"isPartOf\":{\"@id\":\"https:\\\/\\\/www.artisanlocal.ch\\\/c\\\/#website\"},\"primaryImageOfPage\":{\"@id\":\"https:\\\/\\\/www.artisanlocal.ch\\\/c\\\/energies-renouvelables-a-delemont-et-dans-les-villes-proches\\\/#primaryimage\"},\"image\":{\"@id\":\"https:\\\/\\\/www.artisanlocal.ch\\\/c\\\/energies-renouvelables-a-delemont-et-dans-les-villes-proches\\\/#primaryimage\"},\"thumbnailUrl\":\"https:\\\/\\\/www.artisanlocal.ch\\\/c\\\/wp-content\\\/uploads\\\/2024\\\/10\\\/energiere-nouvelable.jpg\",\"datePublished\":\"2024-10-02T03:12:34+00:00\",\"dateModified\":\"2025-08-26T17:26:00+00:00\",\"breadcrumb\":{\"@id\":\"https:\\\/\\\/www.artisanlocal.ch\\\/c\\\/energies-renouvelables-a-delemont-et-dans-les-villes-proches\\\/#breadcrumb\"},\"inLanguage\":\"fr-FR\",\"potentialAction\":[{\"@type\":\"ReadAction\",\"target\":[\"https:\\\/\\\/www.artisanlocal.ch\\\/c\\\/energies-renouvelables-a-delemont-et-dans-les-villes-proches\\\/\"]}]},{\"@type\":\"ImageObject\",\"inLanguage\":\"fr-FR\",\"@id\":\"https:\\\/\\\/www.artisanlocal.ch\\\/c\\\/energies-renouvelables-a-delemont-et-dans-les-villes-proches\\\/#primaryimage\",\"url\":\"https:\\\/\\\/www.artisanlocal.ch\\\/c\\\/wp-content\\\/uploads\\\/2024\\\/10\\\/energiere-nouvelable.jpg\",\"contentUrl\":\"https:\\\/\\\/www.artisanlocal.ch\\\/c\\\/wp-content\\\/uploads\\\/2024\\\/10\\\/energiere-nouvelable.jpg\",\"width\":1920,\"height\":300},{\"@type\":\"BreadcrumbList\",\"@id\":\"https:\\\/\\\/www.artisanlocal.ch\\\/c\\\/energies-renouvelables-a-delemont-et-dans-les-villes-proches\\\/#breadcrumb\",\"itemListElement\":[{\"@type\":\"ListItem\",\"position\":1,\"name\":\"Accueil\",\"item\":\"https:\\\/\\\/www.artisanlocal.ch\\\/c\\\/\"},{\"@type\":\"ListItem\",\"position\":2,\"name\":\"\u00c9nergies renouvelables \u00e0 Del\u00e9mont et dans les villes proches\"}]},{\"@type\":\"WebSite\",\"@id\":\"https:\\\/\\\/www.artisanlocal.ch\\\/c\\\/#website\",\"url\":\"https:\\\/\\\/www.artisanlocal.ch\\\/c\\\/\",\"name\":\"Artisanlocal\",\"description\":\"\",\"publisher\":{\"@id\":\"https:\\\/\\\/www.artisanlocal.ch\\\/c\\\/#organization\"},\"potentialAction\":[{\"@type\":\"SearchAction\",\"target\":{\"@type\":\"EntryPoint\",\"urlTemplate\":\"https:\\\/\\\/www.artisanlocal.ch\\\/c\\\/?s={search_term_string}\"},\"query-input\":{\"@type\":\"PropertyValueSpecification\",\"valueRequired\":true,\"valueName\":\"search_term_string\"}}],\"inLanguage\":\"fr-FR\"},{\"@type\":\"Organization\",\"@id\":\"https:\\\/\\\/www.artisanlocal.ch\\\/c\\\/#organization\",\"name\":\"Artisanlocal\",\"url\":\"https:\\\/\\\/www.artisanlocal.ch\\\/c\\\/\",\"logo\":{\"@type\":\"ImageObject\",\"inLanguage\":\"fr-FR\",\"@id\":\"https:\\\/\\\/www.artisanlocal.ch\\\/c\\\/#\\\/schema\\\/logo\\\/image\\\/\",\"url\":\"https:\\\/\\\/www.artisanlocal.ch\\\/c\\\/wp-content\\\/uploads\\\/2024\\\/02\\\/logo-artisanlocal-h.svg\",\"contentUrl\":\"https:\\\/\\\/www.artisanlocal.ch\\\/c\\\/wp-content\\\/uploads\\\/2024\\\/02\\\/logo-artisanlocal-h.svg\",\"caption\":\"Artisanlocal\"},\"image\":{\"@id\":\"https:\\\/\\\/www.artisanlocal.ch\\\/c\\\/#\\\/schema\\\/logo\\\/image\\\/\"}}]}<\/script>\n<!-- \/ Yoast SEO Premium plugin. -->","yoast_head_json":{"title":"\u00c9nergies renouvelables \u00e0 Del\u00e9mont et dans les villes proches - Artisanlocal","robots":{"index":"index","follow":"follow","max-snippet":"max-snippet:-1","max-image-preview":"max-image-preview:large","max-video-preview":"max-video-preview:-1"},"canonical":"https:\/\/www.artisanlocal.ch\/c\/energies-renouvelables-a-delemont-et-dans-les-villes-proches\/","og_locale":"fr_FR","og_type":"article","og_title":"\u00c9nergies renouvelables \u00e0 Del\u00e9mont et dans les villes proches","og_description":"Pourquoi choisir Artisanlocal pour vos sources d&rsquo;\u00e9nergies renouvelables \u00e0 Del\u00e9mont ? Devis 100% gratuit. Nos techniciens emploient les technologies les plus modernes. Nos locaux sont situ\u00e9s \u00e0 Del\u00e9mont pour vous rencontrer rapidement. Les prix de nos travaux sont attractifs. Nos \u00e9quipes sont constitu\u00e9es d&rsquo;artisans confirm\u00e9s. Nos prestations sont adapt\u00e9es \u00e0 votre projet. Nous r\u00e9alisons la [&hellip;]","og_url":"https:\/\/www.artisanlocal.ch\/c\/energies-renouvelables-a-delemont-et-dans-les-villes-proches\/","og_site_name":"Artisanlocal","article_modified_time":"2025-08-26T17:26:00+00:00","og_image":[{"width":1920,"height":300,"url":"https:\/\/www.artisanlocal.ch\/c\/wp-content\/uploads\/2024\/10\/energiere-nouvelable.jpg","type":"image\/jpeg"}],"twitter_card":"summary_large_image","twitter_misc":{"Dur\u00e9e de lecture estim\u00e9e":"3 minutes"},"schema":{"@context":"https:\/\/schema.org","@graph":[{"@type":"WebPage","@id":"https:\/\/www.artisanlocal.ch\/c\/energies-renouvelables-a-delemont-et-dans-les-villes-proches\/","url":"https:\/\/www.artisanlocal.ch\/c\/energies-renouvelables-a-delemont-et-dans-les-villes-proches\/","name":"\u00c9nergies renouvelables \u00e0 Del\u00e9mont et dans les villes proches - Artisanlocal","isPartOf":{"@id":"https:\/\/www.artisanlocal.ch\/c\/#website"},"primaryImageOfPage":{"@id":"https:\/\/www.artisanlocal.ch\/c\/energies-renouvelables-a-delemont-et-dans-les-villes-proches\/#primaryimage"},"image":{"@id":"https:\/\/www.artisanlocal.ch\/c\/energies-renouvelables-a-delemont-et-dans-les-villes-proches\/#primaryimage"},"thumbnailUrl":"https:\/\/www.artisanlocal.ch\/c\/wp-content\/uploads\/2024\/10\/energiere-nouvelable.jpg","datePublished":"2024-10-02T03:12:34+00:00","dateModified":"2025-08-26T17:26:00+00:00","breadcrumb":{"@id":"https:\/\/www.artisanlocal.ch\/c\/energies-renouvelables-a-delemont-et-dans-les-villes-proches\/#breadcrumb"},"inLanguage":"fr-FR","potentialAction":[{"@type":"ReadAction","target":["https:\/\/www.artisanlocal.ch\/c\/energies-renouvelables-a-delemont-et-dans-les-villes-proches\/"]}]},{"@type":"ImageObject","inLanguage":"fr-FR","@id":"https:\/\/www.artisanlocal.ch\/c\/energies-renouvelables-a-delemont-et-dans-les-villes-proches\/#primaryimage","url":"https:\/\/www.artisanlocal.ch\/c\/wp-content\/uploads\/2024\/10\/energiere-nouvelable.jpg","contentUrl":"https:\/\/www.artisanlocal.ch\/c\/wp-content\/uploads\/2024\/10\/energiere-nouvelable.jpg","width":1920,"height":300},{"@type":"BreadcrumbList","@id":"https:\/\/www.artisanlocal.ch\/c\/energies-renouvelables-a-delemont-et-dans-les-villes-proches\/#breadcrumb","itemListElement":[{"@type":"ListItem","position":1,"name":"Accueil","item":"https:\/\/www.artisanlocal.ch\/c\/"},{"@type":"ListItem","position":2,"name":"\u00c9nergies renouvelables \u00e0 Del\u00e9mont et dans les villes proches"}]},{"@type":"WebSite","@id":"https:\/\/www.artisanlocal.ch\/c\/#website","url":"https:\/\/www.artisanlocal.ch\/c\/","name":"Artisanlocal","description":"","publisher":{"@id":"https:\/\/www.artisanlocal.ch\/c\/#organization"},"potentialAction":[{"@type":"SearchAction","target":{"@type":"EntryPoint","urlTemplate":"https:\/\/www.artisanlocal.ch\/c\/?s={search_term_string}"},"query-input":{"@type":"PropertyValueSpecification","valueRequired":true,"valueName":"search_term_string"}}],"inLanguage":"fr-FR"},{"@type":"Organization","@id":"https:\/\/www.artisanlocal.ch\/c\/#organization","name":"Artisanlocal","url":"https:\/\/www.artisanlocal.ch\/c\/","logo":{"@type":"ImageObject","inLanguage":"fr-FR","@id":"https:\/\/www.artisanlocal.ch\/c\/#\/schema\/logo\/image\/","url":"https:\/\/www.artisanlocal.ch\/c\/wp-content\/uploads\/2024\/02\/logo-artisanlocal-h.svg","contentUrl":"https:\/\/www.artisanlocal.ch\/c\/wp-content\/uploads\/2024\/02\/logo-artisanlocal-h.svg","caption":"Artisanlocal"},"image":{"@id":"https:\/\/www.artisanlocal.ch\/c\/#\/schema\/logo\/image\/"}}]}},"_links":{"self":[{"href":"https:\/\/www.artisanlocal.ch\/c\/wp-json\/wp\/v2\/pages\/2592","targetHints":{"allow":["GET"]}}],"collection":[{"href":"https:\/\/www.artisanlocal.ch\/c\/wp-json\/wp\/v2\/pages"}],"about":[{"href":"https:\/\/www.artisanlocal.ch\/c\/wp-json\/wp\/v2\/types\/page"}],"author":[{"embeddable":true,"href":"https:\/\/www.artisanlocal.ch\/c\/wp-json\/wp\/v2\/users\/4"}],"replies":[{"embeddable":true,"href":"https:\/\/www.artisanlocal.ch\/c\/wp-json\/wp\/v2\/comments?post=2592"}],"version-history":[{"count":0,"href":"https:\/\/www.artisanlocal.ch\/c\/wp-json\/wp\/v2\/pages\/2592\/revisions"}],"wp:featuredmedia":[{"embeddable":true,"href":"https:\/\/www.artisanlocal.ch\/c\/wp-json\/wp\/v2\/media\/2755"}],"wp:attachment":[{"href":"https:\/\/www.artisanlocal.ch\/c\/wp-json\/wp\/v2\/media?parent=2592"}],"wp:term":[{"taxonomy":"profession","embeddable":true,"href":"https:\/\/www.artisanlocal.ch\/c\/wp-json\/wp\/v2\/profession?post=2592"},{"taxonomy":"location","embeddable":true,"href":"https:\/\/www.artisanlocal.ch\/c\/wp-json\/wp\/v2\/location?post=2592"},{"taxonomy":"canton","embeddable":true,"href":"https:\/\/www.artisanlocal.ch\/c\/wp-json\/wp\/v2\/canton?post=2592"}],"curies":[{"name":"wp","href":"https:\/\/api.w.org\/{rel}","templated":true}]}}