{"id":2594,"date":"2024-10-02T09:25:59","date_gmt":"2024-10-02T07:25:59","guid":{"rendered":"https:\/\/www.artisanlocal.ch\/c\/energies-renouvelables-a-porrentruy-et-dans-les-villes-proches\/"},"modified":"2025-08-26T19:25:56","modified_gmt":"2025-08-26T17:25:56","slug":"energies-renouvelables-a-porrentruy-et-dans-les-villes-proches","status":"publish","type":"page","link":"https:\/\/www.artisanlocal.ch\/c\/energies-renouvelables-a-porrentruy-et-dans-les-villes-proches\/","title":{"rendered":"\u00c9nergies renouvelables \u00e0 Porrentruy et dans les villes proches"},"content":{"rendered":"\r\n<div class=\"box\">\r\n            <div class=\"company-info\">\r\n            <img decoding=\"async\" class=\"company-info__logo\" src=\"https:\/\/www.artisanlocal.ch\/media\/cache\/thumb\/images\/companies\/67d845c67bbd8410891731.png\" alt=\"Logo\">\r\n            <h2 class=\"company-info__name\">Solartech Group<\/h2>\r\n            <p class=\"company-info__business\">Energies renouvelables - Photovolta\u00efque - Energie solaire - Pompes \u00e0 chaleur - Nettoyage de panneaux solaires<\/p>\r\n        <\/div>\r\n        <div class=\"company-contact\">\r\n            <p class=\"company-info__address\">Pr\u00e9 au Maire 10<\/p>\r\n                            <div class=\"links\">\r\n                                            <a class=\"btn has-accent-background-color js-phoneNumber\" href=\"tel:0329511000\" title=\"Appelez\" data-id=\"9264\" data-type=\"11\">032 951 10 00<\/a>\r\n                                                                <a class=\"btn has-accent-background-color\" href=\"https:\/\/solartech-group.ch\/\" target=\"_blank\" title=\"Voir le site internet\" data-id=\"9264\" data-type=\"20\">Site internet<\/a>\r\n                                    <\/div>\r\n                    <\/div>\r\n    \r\n            \r\n<form action=\"https:\/\/www.artisanlocal.ch\/c\/wp-admin\/admin-ajax.php\" method=\"post\" class=\"form-contact\" id=\"artisan_form_contact_company_inline\">\r\n    <div><input type=\"hidden\" name=\"action\" value=\"company_contact\"><\/div>\r\n    <div><input type=\"hidden\" name=\"nonce\" value=\"04de2cd502\"><\/div>\r\n    <div><input type=\"hidden\" name=\"company_id\" value=\"9264\"><\/div>\r\n    <div><input type=\"hidden\" name=\"form_id\" value=\"artisan_form_contact_company_inline\"><\/div>\r\n    <div class=\"gglcptch gglcptch_v3 gglcptch_custom\"><input type=\"hidden\" id=\"g-recaptcha-response\" name=\"g-recaptcha-response\" \/><br \/><div class=\"gglcptch_error_text\">La p\u00e9riode de v\u00e9rification reCAPTCHA a expir\u00e9. Veuillez recharger la page.<\/div><\/div>    <div class=\"form-content\">\r\n        <div class=\"form-group\">\r\n            <label for=\"contact_firstName\" class=\"required\">Pr\u00e9nom<\/label>\r\n            <input type=\"text\" name=\"firstName\" class=\"form-control\" required>\r\n        <\/div>\r\n        <div class=\"form-group\">\r\n            <label for=\"contact_lastName\" class=\"required\">Nom<\/label>\r\n            <input type=\"text\" name=\"lastName\" class=\"form-control\" required>\r\n        <\/div>\r\n        <div class=\"form-group\">\r\n            <label for=\"contact_email\" class=\"required\">Email<\/label>\r\n            <input type=\"email\" name=\"email\" class=\"form-control\" required>\r\n        <\/div>\r\n        <div class=\"form-group\">\r\n            <label for=\"contact_phone\" class=\"required\">Num\u00e9ro de t\u00e9l\u00e9phone<\/label>\r\n            <input type=\"tel\" name=\"phone\" class=\"form-control\" placeholder=\"0787117165\" pattern=\"^[0-9]{10}$\" required>\r\n        <\/div>\r\n        <div class=\"form-group\">\r\n            <label for=\"contact_postalCode\" class=\"required\">Code postal et localit\u00e9<\/label>\r\n            <input type=\"text\" name=\"postalCode\" class=\"form-control\" required>\r\n        <\/div>\r\n        <div class=\"form-group\">\r\n            <label for=\"contact_address\" class=\"required\">Adresse<\/label>\r\n            <input type=\"text\" name=\"address\" class=\"form-control\" required>\r\n        <\/div>\r\n        <div class=\"full-width topic\">\r\n            <p class=\"required\">Je souhaite \u00eatre contact\u00e9 pour :<\/p>\r\n            <div class=\"form-check\">\r\n                <input type=\"radio\" name=\"topic\" value=\"D\u00e9pannage\" class=\"form-control\" required>\r\n                <label for=\"d\u00e9pannage\">D\u00e9pannage<\/label>\r\n            <\/div>\r\n            <div class=\"form-check\">\r\n                <input type=\"radio\" name=\"topic\" value=\"Entretien\" class=\"form-control\" required>\r\n                <label for=\"entretien\">Entretien<\/label>\r\n            <\/div>\r\n            <div class=\"form-check\">\r\n                <input type=\"radio\" name=\"topic\" value=\"R\u00e9novation\" class=\"form-control\" required>\r\n                <label for=\"r\u00e9novation\">R\u00e9novation<\/label>\r\n            <\/div>\r\n            <div class=\"form-check\">\r\n                <input type=\"radio\" name=\"topic\" value=\"Autre\" class=\"form-control\" required>\r\n                <label for=\"autre\">Autre<\/label>\r\n            <\/div>\r\n        <\/div>\r\n        <div class=\"form-group full-width\">\r\n            <label for=\"contact_message\">Message<\/label>\r\n            <textarea name=\"message\" rows=\"3\" class=\"form-control\"><\/textarea>\r\n        <\/div>\r\n    <\/div>\r\n    <div class=\"form-actions\">\r\n        <button class=\"wp-block-button__link has-accent-background-color\">Contacter<\/button>\r\n    <\/div>\r\n<\/form>\r\n<div class=\"form-feedback\"><\/div>    <\/div>\n<h2>Pourquoi choisir Artisanlocal pour vos \u00e9nergies renouvelables \u00e0 Porrentruy ?<\/h2>\n<ul>\n<li>Nos devis sont gratuits.<\/li>\n<li>Nos techniciens utilisent les technologies les plus r\u00e9centes.<\/li>\n<li>Nos bureaux sont situ\u00e9s \u00e0 Porrentruy pour vous contacter d\u00e8s que possible.<\/li>\n<li>Nos prix sont comp\u00e9titifs.<\/li>\n<li>Nos artisans sont qualifi\u00e9s.<\/li>\n<li>Nos prestations sont adapt\u00e9es \u00e0 votre objectif.<\/li>\n<li>Nous vous accompagnons dans votre projet de A \u00e0 Z, de l&rsquo;\u00e9valuation de votre projet \u00e0 la mise en place.<\/li>\n<li>Artisanlocal offre une assistance personnalis\u00e9e.<\/li>\n<\/ul>\n<h2>Quels types d&rsquo;installations d&rsquo;\u00e9nergies renouvelables votre soci\u00e9t\u00e9 offre ?<\/h2>\n<ul>\n<li>Chaudi\u00e8re \u00e0 bois : b\u00fbche, mixte ou granul\u00e9.<\/li>\n<li>Pompe \u00e0 chaleur g\u00e9othermique avec captage : horizontale ou verticale<\/li>\n<li>Chaleur \u00e0 distance fossile : renouvelable, fossile, par r\u00e9cup\u00e9ration ou thermodynamique.<\/li>\n<li>Syst\u00e8me pompe \u00e0 chaleur : hydrothermique, a\u00e9rothermique, g\u00e9othermique ou hybride.<\/li>\n<li>Photovolta\u00efque : silicium, avec couche mince, concentration, bifaciaux ou int\u00e9gr\u00e9 au b\u00e2timent.<\/li>\n<li>Panneau \u00e0 \u00e9nergie solaire thermique : concentration, tube sous vide, plan vitr\u00e9, solaire hybride ou thermosiphon (stockage passif).<\/li>\n<li>Dispositif de stockage d&rsquo;\u00e9nergie : chimique, supercondensateur, thermique, m\u00e9canique, gravitationnel ou \u00e9lectrochimique.<\/li>\n<li>Notre entreprise offre d&rsquo;autres installations d&rsquo;\u00e9nergies renouvelables : hydraulique, \u00e9olien ou r\u00e9seau de distribution.&nbsp;<\/li>\n<\/ul>\n<h2>Quels sont les services que vous proposez ?<\/h2>\n<ul>\n<li>Audit \u00e9nerg\u00e9tique : examen de votre consommation d&rsquo;\u00e9nergie.<\/li>\n<li>Conseil : personnalis\u00e9 selon votre projet.<\/li>\n<li>Pose : pompes \u00e0 chaleur, panneaux solaires, etc.<\/li>\n<li>Maintenance de vos \u00e9quipements : suivi et entretien.<\/li>\n<li>Supervision de votre projet : conception \u00e0 l&rsquo;installation.<\/li>\n<li>Formation et sensibilisation : \u00e9nergies renouvelables pour les soci\u00e9t\u00e9s et les particuliers.<\/li>\n<li>Syst\u00e8me : stockage d&rsquo;\u00e9nergie.<\/li>\n<\/ul>\n<h3>Artisanlocal, sp\u00e9cialiste des \u00e9nergies renouvelables \u00e0 Porrentruy et dans les localit\u00e9s proches&nbsp;<\/h3>\n<p>Nous effectuons toutes vos installations d\u2019\u00e9nergies renouvelables \u00e0 Porrentruy et dans les localit\u00e9s proches, comme : St-Ursanne, Montmelon, Montenol, Epauvillers, Epiquerez, Seleute, Ocourt, Fontenais, Villars-sur-Fontenais, Bressaucourt, Courtedoux, Chevenez, Rocourt, Grandfontaine, R\u00e9cl\u00e8re, Roche-d'Or, Damvant, Bure, Fahy, Courchavon, Courtema\u00eeche, Montignez, Buix, Boncourt, Coeuve, Damphreux, Lugnez, Beurnev\u00e9sin, Alle, Vendlincourt, Bonfol, Mi\u00e9court, Charmoille, Courgenay, Courtemautruy, Cornol, Fregi\u00e9court, Pleujouse, Asuel..&nbsp;<\/p>\n<h2>Questions et r\u00e9ponses<\/h2>\n<h3>Peut-on mettre en place et utiliser des panneaux photovolta\u00efques et un syst\u00e8me de pompe \u00e0 chaleur parall\u00e8lement\u202f?<\/h3>\n<p>Oui, il est possible de poser des panneaux photovolta\u00efques avec une pompe \u00e0 chaleur. Cette disposition, vous permet de g\u00e9rer et de stocker l&rsquo;\u00e9nergie cr\u00e9\u00e9e de mani\u00e8re optimale. La pompe \u00e0 chaleur peut-\u00eatre configur\u00e9e pour fonctionner avec l&rsquo;\u00e9lectricit\u00e9 fabriqu\u00e9e par les panneaux solaires et aussi conserver la chaleur sous forme d&rsquo;eau chaude.<\/p>\n<h3>Quelles sont les subventions pr\u00e9vues pour les chauffages aux \u00e9nergies durables\u202f?<\/h3>\n<p>Il existe plusieurs programmes de subventions et de financements pour votre chauffage, notamment au niveau cantonal.<\/p>\n<h3>Les capteurs solaires thermiques sont-ils utiles alors que la chaleur est principalement produite en \u00e9t\u00e9\u202f?<\/h3>\n<p>Oui, ils sont utiles, les besoins en eau chaude, que ce soit pour la salle de bain ou la cuisine, restent fixes tout au long de l&rsquo;ann\u00e9e. Le thermique et le solaire couvrent vos besoins en \u00e9nergie pendant les beaux jours et permettent de diminuer votre consommation d&rsquo;\u00e9lectricit\u00e9 au cours de l&rsquo;hiver.<\/p>\n<h3>Les mat\u00e9riaux employ\u00e9s dans la production des panneaux photovolta\u00efques sont-ils pr\u00e9cieux\u202f?<\/h3>\n<p>La solution photovolta\u00efque utilise des modules \u00e9labor\u00e9s avec du verre, de l&rsquo;aluminium, du silicium et des mati\u00e8res synth\u00e9tiques, dont la ressource est abondante. Cependant, ces modules ont besoin d&rsquo;argent pour marcher. Des recherches sont en cours pour r\u00e9duire l&rsquo;usage de l&rsquo;argent, voire pour le supplanter par du cuivre, qui est presque in\u00e9puisable et recyclable \u00e0 100 %. Pour l&rsquo;instant, la portion d&rsquo;argent au sein des modules a d\u00e9j\u00e0 diminu\u00e9 d&rsquo;environ 80 %.&nbsp;<\/p>\n<h3>\u00c0 combien s&rsquo;\u00e9l\u00e8vent les prix d\u2019une batterie de stockage pour le solaire\u202f?<\/h3>\n<p>Les prix des batteries pour les habitations varient selon la technologie de l\u2019accumulateur, le canton et les subventions.<\/p>\n","protected":false},"excerpt":{"rendered":"<p>Pourquoi choisir Artisanlocal pour vos \u00e9nergies renouvelables \u00e0 Porrentruy ? Nos devis sont gratuits. Nos techniciens utilisent les technologies les plus r\u00e9centes. Nos bureaux sont situ\u00e9s \u00e0 Porrentruy pour vous contacter d\u00e8s que possible. Nos prix sont comp\u00e9titifs. Nos artisans sont qualifi\u00e9s. Nos prestations sont adapt\u00e9es \u00e0 votre objectif. Nous vous accompagnons dans votre projet [&hellip;]<\/p>\n","protected":false},"author":4,"featured_media":2755,"parent":0,"menu_order":0,"comment_status":"closed","ping_status":"closed","template":"","meta":{"footnotes":""},"profession":[126],"location":[72],"canton":[111],"class_list":["post-2594","page","type-page","status-publish","has-post-thumbnail","hentry","profession-energies-renouvelables-specialiste","location-porrentruy","canton-ju"],"yoast_head":"<!-- This site is optimized with the Yoast SEO Premium plugin v25.7.1 (Yoast SEO v27.3) - https:\/\/yoast.com\/product\/yoast-seo-premium-wordpress\/ -->\n<title>\u00c9nergies renouvelables \u00e0 Porrentruy et dans les villes proches - Artisanlocal<\/title>\n<meta name=\"robots\" content=\"index, follow, max-snippet:-1, max-image-preview:large, max-video-preview:-1\" \/>\n<link rel=\"canonical\" href=\"https:\/\/www.artisanlocal.ch\/c\/energies-renouvelables-a-porrentruy-et-dans-les-villes-proches\/\" \/>\n<meta property=\"og:locale\" content=\"fr_FR\" \/>\n<meta property=\"og:type\" content=\"article\" \/>\n<meta property=\"og:title\" content=\"\u00c9nergies renouvelables \u00e0 Porrentruy et dans les villes proches\" \/>\n<meta property=\"og:description\" content=\"Pourquoi choisir Artisanlocal pour vos \u00e9nergies renouvelables \u00e0 Porrentruy ? Nos devis sont gratuits. Nos techniciens utilisent les technologies les plus r\u00e9centes. Nos bureaux sont situ\u00e9s \u00e0 Porrentruy pour vous contacter d\u00e8s que possible. Nos prix sont comp\u00e9titifs. Nos artisans sont qualifi\u00e9s. Nos prestations sont adapt\u00e9es \u00e0 votre objectif. Nous vous accompagnons dans votre projet [&hellip;]\" \/>\n<meta property=\"og:url\" content=\"https:\/\/www.artisanlocal.ch\/c\/energies-renouvelables-a-porrentruy-et-dans-les-villes-proches\/\" \/>\n<meta property=\"og:site_name\" content=\"Artisanlocal\" \/>\n<meta property=\"article:modified_time\" content=\"2025-08-26T17:25:56+00:00\" \/>\n<meta property=\"og:image\" content=\"https:\/\/www.artisanlocal.ch\/c\/wp-content\/uploads\/2024\/10\/energiere-nouvelable.jpg\" \/>\n\t<meta property=\"og:image:width\" content=\"1920\" \/>\n\t<meta property=\"og:image:height\" content=\"300\" \/>\n\t<meta property=\"og:image:type\" content=\"image\/jpeg\" \/>\n<meta name=\"twitter:card\" content=\"summary_large_image\" \/>\n<meta name=\"twitter:label1\" content=\"Dur\u00e9e de lecture estim\u00e9e\" \/>\n\t<meta name=\"twitter:data1\" content=\"3 minutes\" \/>\n<script type=\"application\/ld+json\" class=\"yoast-schema-graph\">{\"@context\":\"https:\\\/\\\/schema.org\",\"@graph\":[{\"@type\":\"WebPage\",\"@id\":\"https:\\\/\\\/www.artisanlocal.ch\\\/c\\\/energies-renouvelables-a-porrentruy-et-dans-les-villes-proches\\\/\",\"url\":\"https:\\\/\\\/www.artisanlocal.ch\\\/c\\\/energies-renouvelables-a-porrentruy-et-dans-les-villes-proches\\\/\",\"name\":\"\u00c9nergies renouvelables \u00e0 Porrentruy et dans les villes proches - Artisanlocal\",\"isPartOf\":{\"@id\":\"https:\\\/\\\/www.artisanlocal.ch\\\/c\\\/#website\"},\"primaryImageOfPage\":{\"@id\":\"https:\\\/\\\/www.artisanlocal.ch\\\/c\\\/energies-renouvelables-a-porrentruy-et-dans-les-villes-proches\\\/#primaryimage\"},\"image\":{\"@id\":\"https:\\\/\\\/www.artisanlocal.ch\\\/c\\\/energies-renouvelables-a-porrentruy-et-dans-les-villes-proches\\\/#primaryimage\"},\"thumbnailUrl\":\"https:\\\/\\\/www.artisanlocal.ch\\\/c\\\/wp-content\\\/uploads\\\/2024\\\/10\\\/energiere-nouvelable.jpg\",\"datePublished\":\"2024-10-02T07:25:59+00:00\",\"dateModified\":\"2025-08-26T17:25:56+00:00\",\"breadcrumb\":{\"@id\":\"https:\\\/\\\/www.artisanlocal.ch\\\/c\\\/energies-renouvelables-a-porrentruy-et-dans-les-villes-proches\\\/#breadcrumb\"},\"inLanguage\":\"fr-FR\",\"potentialAction\":[{\"@type\":\"ReadAction\",\"target\":[\"https:\\\/\\\/www.artisanlocal.ch\\\/c\\\/energies-renouvelables-a-porrentruy-et-dans-les-villes-proches\\\/\"]}]},{\"@type\":\"ImageObject\",\"inLanguage\":\"fr-FR\",\"@id\":\"https:\\\/\\\/www.artisanlocal.ch\\\/c\\\/energies-renouvelables-a-porrentruy-et-dans-les-villes-proches\\\/#primaryimage\",\"url\":\"https:\\\/\\\/www.artisanlocal.ch\\\/c\\\/wp-content\\\/uploads\\\/2024\\\/10\\\/energiere-nouvelable.jpg\",\"contentUrl\":\"https:\\\/\\\/www.artisanlocal.ch\\\/c\\\/wp-content\\\/uploads\\\/2024\\\/10\\\/energiere-nouvelable.jpg\",\"width\":1920,\"height\":300},{\"@type\":\"BreadcrumbList\",\"@id\":\"https:\\\/\\\/www.artisanlocal.ch\\\/c\\\/energies-renouvelables-a-porrentruy-et-dans-les-villes-proches\\\/#breadcrumb\",\"itemListElement\":[{\"@type\":\"ListItem\",\"position\":1,\"name\":\"Accueil\",\"item\":\"https:\\\/\\\/www.artisanlocal.ch\\\/c\\\/\"},{\"@type\":\"ListItem\",\"position\":2,\"name\":\"\u00c9nergies renouvelables \u00e0 Porrentruy et dans les villes proches\"}]},{\"@type\":\"WebSite\",\"@id\":\"https:\\\/\\\/www.artisanlocal.ch\\\/c\\\/#website\",\"url\":\"https:\\\/\\\/www.artisanlocal.ch\\\/c\\\/\",\"name\":\"Artisanlocal\",\"description\":\"\",\"publisher\":{\"@id\":\"https:\\\/\\\/www.artisanlocal.ch\\\/c\\\/#organization\"},\"potentialAction\":[{\"@type\":\"SearchAction\",\"target\":{\"@type\":\"EntryPoint\",\"urlTemplate\":\"https:\\\/\\\/www.artisanlocal.ch\\\/c\\\/?s={search_term_string}\"},\"query-input\":{\"@type\":\"PropertyValueSpecification\",\"valueRequired\":true,\"valueName\":\"search_term_string\"}}],\"inLanguage\":\"fr-FR\"},{\"@type\":\"Organization\",\"@id\":\"https:\\\/\\\/www.artisanlocal.ch\\\/c\\\/#organization\",\"name\":\"Artisanlocal\",\"url\":\"https:\\\/\\\/www.artisanlocal.ch\\\/c\\\/\",\"logo\":{\"@type\":\"ImageObject\",\"inLanguage\":\"fr-FR\",\"@id\":\"https:\\\/\\\/www.artisanlocal.ch\\\/c\\\/#\\\/schema\\\/logo\\\/image\\\/\",\"url\":\"https:\\\/\\\/www.artisanlocal.ch\\\/c\\\/wp-content\\\/uploads\\\/2024\\\/02\\\/logo-artisanlocal-h.svg\",\"contentUrl\":\"https:\\\/\\\/www.artisanlocal.ch\\\/c\\\/wp-content\\\/uploads\\\/2024\\\/02\\\/logo-artisanlocal-h.svg\",\"caption\":\"Artisanlocal\"},\"image\":{\"@id\":\"https:\\\/\\\/www.artisanlocal.ch\\\/c\\\/#\\\/schema\\\/logo\\\/image\\\/\"}}]}<\/script>\n<!-- \/ Yoast SEO Premium plugin. -->","yoast_head_json":{"title":"\u00c9nergies renouvelables \u00e0 Porrentruy et dans les villes proches - Artisanlocal","robots":{"index":"index","follow":"follow","max-snippet":"max-snippet:-1","max-image-preview":"max-image-preview:large","max-video-preview":"max-video-preview:-1"},"canonical":"https:\/\/www.artisanlocal.ch\/c\/energies-renouvelables-a-porrentruy-et-dans-les-villes-proches\/","og_locale":"fr_FR","og_type":"article","og_title":"\u00c9nergies renouvelables \u00e0 Porrentruy et dans les villes proches","og_description":"Pourquoi choisir Artisanlocal pour vos \u00e9nergies renouvelables \u00e0 Porrentruy ? Nos devis sont gratuits. Nos techniciens utilisent les technologies les plus r\u00e9centes. Nos bureaux sont situ\u00e9s \u00e0 Porrentruy pour vous contacter d\u00e8s que possible. Nos prix sont comp\u00e9titifs. Nos artisans sont qualifi\u00e9s. Nos prestations sont adapt\u00e9es \u00e0 votre objectif. Nous vous accompagnons dans votre projet [&hellip;]","og_url":"https:\/\/www.artisanlocal.ch\/c\/energies-renouvelables-a-porrentruy-et-dans-les-villes-proches\/","og_site_name":"Artisanlocal","article_modified_time":"2025-08-26T17:25:56+00:00","og_image":[{"width":1920,"height":300,"url":"https:\/\/www.artisanlocal.ch\/c\/wp-content\/uploads\/2024\/10\/energiere-nouvelable.jpg","type":"image\/jpeg"}],"twitter_card":"summary_large_image","twitter_misc":{"Dur\u00e9e de lecture estim\u00e9e":"3 minutes"},"schema":{"@context":"https:\/\/schema.org","@graph":[{"@type":"WebPage","@id":"https:\/\/www.artisanlocal.ch\/c\/energies-renouvelables-a-porrentruy-et-dans-les-villes-proches\/","url":"https:\/\/www.artisanlocal.ch\/c\/energies-renouvelables-a-porrentruy-et-dans-les-villes-proches\/","name":"\u00c9nergies renouvelables \u00e0 Porrentruy et dans les villes proches - Artisanlocal","isPartOf":{"@id":"https:\/\/www.artisanlocal.ch\/c\/#website"},"primaryImageOfPage":{"@id":"https:\/\/www.artisanlocal.ch\/c\/energies-renouvelables-a-porrentruy-et-dans-les-villes-proches\/#primaryimage"},"image":{"@id":"https:\/\/www.artisanlocal.ch\/c\/energies-renouvelables-a-porrentruy-et-dans-les-villes-proches\/#primaryimage"},"thumbnailUrl":"https:\/\/www.artisanlocal.ch\/c\/wp-content\/uploads\/2024\/10\/energiere-nouvelable.jpg","datePublished":"2024-10-02T07:25:59+00:00","dateModified":"2025-08-26T17:25:56+00:00","breadcrumb":{"@id":"https:\/\/www.artisanlocal.ch\/c\/energies-renouvelables-a-porrentruy-et-dans-les-villes-proches\/#breadcrumb"},"inLanguage":"fr-FR","potentialAction":[{"@type":"ReadAction","target":["https:\/\/www.artisanlocal.ch\/c\/energies-renouvelables-a-porrentruy-et-dans-les-villes-proches\/"]}]},{"@type":"ImageObject","inLanguage":"fr-FR","@id":"https:\/\/www.artisanlocal.ch\/c\/energies-renouvelables-a-porrentruy-et-dans-les-villes-proches\/#primaryimage","url":"https:\/\/www.artisanlocal.ch\/c\/wp-content\/uploads\/2024\/10\/energiere-nouvelable.jpg","contentUrl":"https:\/\/www.artisanlocal.ch\/c\/wp-content\/uploads\/2024\/10\/energiere-nouvelable.jpg","width":1920,"height":300},{"@type":"BreadcrumbList","@id":"https:\/\/www.artisanlocal.ch\/c\/energies-renouvelables-a-porrentruy-et-dans-les-villes-proches\/#breadcrumb","itemListElement":[{"@type":"ListItem","position":1,"name":"Accueil","item":"https:\/\/www.artisanlocal.ch\/c\/"},{"@type":"ListItem","position":2,"name":"\u00c9nergies renouvelables \u00e0 Porrentruy et dans les villes proches"}]},{"@type":"WebSite","@id":"https:\/\/www.artisanlocal.ch\/c\/#website","url":"https:\/\/www.artisanlocal.ch\/c\/","name":"Artisanlocal","description":"","publisher":{"@id":"https:\/\/www.artisanlocal.ch\/c\/#organization"},"potentialAction":[{"@type":"SearchAction","target":{"@type":"EntryPoint","urlTemplate":"https:\/\/www.artisanlocal.ch\/c\/?s={search_term_string}"},"query-input":{"@type":"PropertyValueSpecification","valueRequired":true,"valueName":"search_term_string"}}],"inLanguage":"fr-FR"},{"@type":"Organization","@id":"https:\/\/www.artisanlocal.ch\/c\/#organization","name":"Artisanlocal","url":"https:\/\/www.artisanlocal.ch\/c\/","logo":{"@type":"ImageObject","inLanguage":"fr-FR","@id":"https:\/\/www.artisanlocal.ch\/c\/#\/schema\/logo\/image\/","url":"https:\/\/www.artisanlocal.ch\/c\/wp-content\/uploads\/2024\/02\/logo-artisanlocal-h.svg","contentUrl":"https:\/\/www.artisanlocal.ch\/c\/wp-content\/uploads\/2024\/02\/logo-artisanlocal-h.svg","caption":"Artisanlocal"},"image":{"@id":"https:\/\/www.artisanlocal.ch\/c\/#\/schema\/logo\/image\/"}}]}},"_links":{"self":[{"href":"https:\/\/www.artisanlocal.ch\/c\/wp-json\/wp\/v2\/pages\/2594","targetHints":{"allow":["GET"]}}],"collection":[{"href":"https:\/\/www.artisanlocal.ch\/c\/wp-json\/wp\/v2\/pages"}],"about":[{"href":"https:\/\/www.artisanlocal.ch\/c\/wp-json\/wp\/v2\/types\/page"}],"author":[{"embeddable":true,"href":"https:\/\/www.artisanlocal.ch\/c\/wp-json\/wp\/v2\/users\/4"}],"replies":[{"embeddable":true,"href":"https:\/\/www.artisanlocal.ch\/c\/wp-json\/wp\/v2\/comments?post=2594"}],"version-history":[{"count":0,"href":"https:\/\/www.artisanlocal.ch\/c\/wp-json\/wp\/v2\/pages\/2594\/revisions"}],"wp:featuredmedia":[{"embeddable":true,"href":"https:\/\/www.artisanlocal.ch\/c\/wp-json\/wp\/v2\/media\/2755"}],"wp:attachment":[{"href":"https:\/\/www.artisanlocal.ch\/c\/wp-json\/wp\/v2\/media?parent=2594"}],"wp:term":[{"taxonomy":"profession","embeddable":true,"href":"https:\/\/www.artisanlocal.ch\/c\/wp-json\/wp\/v2\/profession?post=2594"},{"taxonomy":"location","embeddable":true,"href":"https:\/\/www.artisanlocal.ch\/c\/wp-json\/wp\/v2\/location?post=2594"},{"taxonomy":"canton","embeddable":true,"href":"https:\/\/www.artisanlocal.ch\/c\/wp-json\/wp\/v2\/canton?post=2594"}],"curies":[{"name":"wp","href":"https:\/\/api.w.org\/{rel}","templated":true}]}}