{"id":2597,"date":"2024-10-01T15:05:20","date_gmt":"2024-10-01T13:05:20","guid":{"rendered":"https:\/\/www.artisanlocal.ch\/c\/energies-renouvelables-a-canton-du-jura-et-dans-les-villes-a-proximite\/"},"modified":"2025-11-06T12:35:45","modified_gmt":"2025-11-06T11:35:45","slug":"energies-renouvelables-a-canton-du-jura-et-dans-les-villes-a-proximite","status":"publish","type":"page","link":"https:\/\/www.artisanlocal.ch\/c\/energies-renouvelables-a-canton-du-jura-et-dans-les-villes-a-proximite\/","title":{"rendered":"\u00c9nergies renouvelables \u00e0 canton du Jura et dans les villes \u00e0 proximit\u00e9"},"content":{"rendered":"<h2>Pourquoi choisir les services de notre entreprise pour vos solutions d&rsquo;\u00e9nergies renouvelables \u00e0 canton du Jura ?<\/h2>\n<ul>\n<li>Nos devis sont gratuits.<\/li>\n<li>Nos techniciens utilisent les technologies les plus r\u00e9centes.<\/li>\n<li>Nos locaux sont situ\u00e9s \u00e0 canton du Jura pour vous rencontrer rapidement.<\/li>\n<li>Nos prix sont attractifs.<\/li>\n<li>Nos \u00e9quipes sont compos\u00e9es d&rsquo;artisans confirm\u00e9s.<\/li>\n<li>Nos prestations sont adapt\u00e9es \u00e0 votre objectif.<\/li>\n<li>Nous vous accompagnons dans votre projet de A \u00e0 Z, de l\u2019analyse de votre objectif \u00e0 la mise en place.<\/li>\n<li>Artisanlocal offre une assistance sur mesure.<\/li>\n<\/ul>\n<h2>Quels types d&rsquo;installations d&rsquo;\u00e9nergies renouvelables votre entreprise offre ?<\/h2>\n<ul>\n<li>Chaudi\u00e8re bois : b\u00fbche, mixte ou granul\u00e9.<\/li>\n<li>Pompe \u00e0 chaleur g\u00e9othermique&nbsp;: captage vertical ou captage horizontal<\/li>\n<li>Chaleur \u00e0 distance fossile : thermodynamique, fossile, par r\u00e9cup\u00e9ration ou fossile.<\/li>\n<li>Syst\u00e8me pompe \u00e0 chaleur : hydrothermique, a\u00e9rothermique, g\u00e9othermique ou hybride.<\/li>\n<li>Panneau solaire photovolta\u00efque : silicium, avec couche mince, concentration, bifaciaux ou int\u00e9gr\u00e9 au b\u00e2timent.<\/li>\n<li>Panneau \u00e0 \u00e9nergie solaire thermique : plan vitr\u00e9, concentration, tube sous vide, thermosiphon (stockage passif) ou solaire hybride.<\/li>\n<li>Syst\u00e8me de stockage d&rsquo;\u00e9nergie : \u00e9lectrochimique, m\u00e9canique, thermique, gravitationnel, chimique ou supercondensateur.<\/li>\n<li>Nous offrons aussi d\u2019autres installations d&rsquo;\u00e9nergies renouvelables : \u00e9olien, r\u00e9seau de distribution et hydraulique.&nbsp;<\/li>\n<\/ul>\n<h2>Quelles sont les prestations de votre entreprise ?<\/h2>\n<ul>\n<li>Audit \u00e9nerg\u00e9tique : analyse de vos habitudes de consommation d&rsquo;\u00e9nergie.<\/li>\n<li>Conseil : adapt\u00e9 et en fonction de votre cas.<\/li>\n<li>Pose : pompes \u00e0 chaleur, panneaux solaires, etc.<\/li>\n<li>Maintenance : contr\u00f4le et entretien de vos installations.<\/li>\n<li>Supervision de votre objectif : phase de conception \u00e0 l\u2019installation.<\/li>\n<li>Sensibilisation et formation : \u00e9nergies renouvelables pour particuliers et entreprises.<\/li>\n<li>Dispositif : stockage \u00e9nerg\u00e9tique.<\/li>\n<\/ul>\n<h3>Entreprise sp\u00e9cialis\u00e9e dans les \u00e9nergies durables et qui op\u00e8re \u00e0 canton du Jura et dans les alentours&nbsp;<\/h3>\n<p>Nos artisans r\u00e9alisent l\u2019installation de vos \u00e9nergies renouvelables \u00e0 canton du Jura et \u00e9galement dans les localit\u00e9s \u00e0 proximit\u00e9, tels que : Biel\/Bienne, T\u00fcscherz-Alferm\u00e9e, Twann, Ligerz, Ligni\u00e8res, Le Landeron, Magglingen\/Macolin, Evilard, Les Pr\u00e9s-d'Orvin, Pieterlen, Lengnau BE, Orpund, Safnern, Meinisberg, Br\u00fcgg BE, Scheuren, Schwadernau, Studen BE, Aegerten, Nidau, Port, Ipsach, Bellmund, Jens, M\u00f6rigen, Sutz, Hagneck, Gerolfingen, T\u00e4uffelen, L\u00fcscherz, Finsterhennen, Siselen BE, La Ferri\u00e8re, Pr\u00eales, Lamboing, Diesse, Nods, La Neuveville, Orvin, Frinvillier, Plagne, Vauffelin, Romont BE, P\u00e9ry, La Heutte, Sonceboz-Sombeval, Corg\u00e9mont, Cort\u00e9bert, Courtelary, Montagne-de-Courtelary, Mont-Crosin, Les Pontins, Mont-Soleil, St-Imier, Cormoret, Villeret, Montagne-de-Sonvilier, Sonvilier, Renan BE, Tavannes, Le Fuet, Bellelay, Ch\u00e2telat, Monible, Sornetan, Fornet-Dessous, Reb\u00e9velier, Tramelan, La Tanne, Les Reussilles, Mont-Tramelan, Loveresse, Reconvilier, Saicourt, Saules BE, Pontenet, B\u00e9vilard, Champoz, Malleray, Sorvilier, Court, Moutier, Perrefitte, Eschert, Belprahon, Grandval, Cr\u00e9mines, Corcelles BE, Seehof, Les Ecorcheresses, Souboz, Roches BE, Schelten, Zweisimmen, Blankenburg, St. Stephan, Matten (St. Stephan), Lenk im Simmental, Oeschseite, Saanenm\u00f6ser, Sch\u00f6nried, Gstaad, Turbach, Lauenen b. Gstaad, Grund b. Gstaad, Feutersoey, Gsteig b. Gstaad, Saanen..&nbsp;<\/p>\n<h2>Questions et r\u00e9ponses<\/h2>\n<h3>Peut-on installer des panneaux solaires photovolta\u00efques et une pompe \u00e0 chaleur en m\u00eame temps\u202f?<\/h3>\n<p>Absolument, vous pouvez mettre en place des panneaux photovolta\u00efques et une pompe \u00e0 chaleur parall\u00e8lement. Cette disposition, vous permet de g\u00e9rer et de conserver l&rsquo;\u00e9nergie cr\u00e9\u00e9e de mani\u00e8re optimale. Il est possible de param\u00e9trer votre pompe \u00e0 chaleur pour fonctionner avec l&rsquo;\u00e9lectricit\u00e9 cr\u00e9\u00e9e par les panneaux solaires et ensuite accumuler la chaleur sous forme d&rsquo;eau chaude.<\/p>\n<h3>Quels financements sont pr\u00e9vus pour les chauffages utilisant les \u00e9nergies renouvelables \u202f?<\/h3>\n<p>En fonction de votre canton, il existe diff\u00e9rents programmes et subventions pour prendre en charge une partie des co\u00fbts de votre chauffage.<\/p>\n<h3>Est-il pertinent de choisir des capteurs solaires thermiques si la chaleur est notamment produite durant l&rsquo;\u00e9t\u00e9\u202f?<\/h3>\n<p>Oui, ils sont indispensables, les besoins en eau chaude, que ce soit pour la cuisine ou la salle de bain, restent r\u00e9guliers tout au long de l&rsquo;ann\u00e9e. Le solaire et le thermique remplissent vos besoins en \u00e9nergie l&rsquo;\u00e9t\u00e9 et permettent de baisser votre consommation d&rsquo;\u00e9lectricit\u00e9 au cours de l&rsquo;hiver.<\/p>\n<h3>Les panneaux photovolta\u00efques sont-ils cr\u00e9\u00e9s de mat\u00e9riaux rares, qui pourraient devenir rare dans un futur proche\u202f?<\/h3>\n<p>La technologie photovolta\u00efque utilise des modules compos\u00e9s avec des mati\u00e8res synth\u00e9tiques, de l&rsquo;alu, du verre et du silicium, dont la ressource est \u00e9lev\u00e9e. Toutefois, ces modules fonctionnement avec de l&rsquo;argent. Les derni\u00e8res technologies permettent de diminuer l&#8217;emploi de l&rsquo;argent, voire \u00e0 le remplacer totalement par du cuivre. Pour l&rsquo;heure, la part d&rsquo;argent au sein des modules a d\u00e9j\u00e0 diminu\u00e9 de pr\u00e8s de 80 %.&nbsp;<\/p>\n<h3>Quel est le co\u00fbt d&rsquo;une batterie pour stocker l&rsquo;\u00e9nergie solaire\u202f?<\/h3>\n<p>Les co\u00fbts des batteries pour les habitations varient suivant le canton, les subventions et la technologie de l\u2019accumulateur.<\/p>\n","protected":false},"excerpt":{"rendered":"<p>Pourquoi choisir les services de notre entreprise pour vos solutions d&rsquo;\u00e9nergies renouvelables \u00e0 canton du Jura ? Nos devis sont gratuits. Nos techniciens utilisent les technologies les plus r\u00e9centes. Nos locaux sont situ\u00e9s \u00e0 canton du Jura pour vous rencontrer rapidement. Nos prix sont attractifs. Nos \u00e9quipes sont compos\u00e9es d&rsquo;artisans confirm\u00e9s. Nos prestations sont adapt\u00e9es [&hellip;]<\/p>\n","protected":false},"author":4,"featured_media":2755,"parent":0,"menu_order":0,"comment_status":"closed","ping_status":"closed","template":"wp-custom-template-page-canton","meta":{"footnotes":""},"profession":[126],"location":[],"canton":[111],"class_list":["post-2597","page","type-page","status-publish","has-post-thumbnail","hentry","profession-energies-renouvelables-specialiste","canton-ju"],"yoast_head":"<!-- This site is optimized with the Yoast SEO Premium plugin v25.7.1 (Yoast SEO v27.3) - https:\/\/yoast.com\/product\/yoast-seo-premium-wordpress\/ -->\n<title>\u00c9nergies renouvelables \u00e0 canton du Jura et dans les villes \u00e0 proximit\u00e9 - Artisanlocal<\/title>\n<meta name=\"robots\" content=\"index, follow, max-snippet:-1, max-image-preview:large, max-video-preview:-1\" \/>\n<link rel=\"canonical\" href=\"https:\/\/www.artisanlocal.ch\/c\/energies-renouvelables-a-canton-du-jura-et-dans-les-villes-a-proximite\/\" \/>\n<meta property=\"og:locale\" content=\"fr_FR\" \/>\n<meta property=\"og:type\" content=\"article\" \/>\n<meta property=\"og:title\" content=\"\u00c9nergies renouvelables \u00e0 canton du Jura et dans les villes \u00e0 proximit\u00e9\" \/>\n<meta property=\"og:description\" content=\"Pourquoi choisir les services de notre entreprise pour vos solutions d&rsquo;\u00e9nergies renouvelables \u00e0 canton du Jura ? Nos devis sont gratuits. Nos techniciens utilisent les technologies les plus r\u00e9centes. Nos locaux sont situ\u00e9s \u00e0 canton du Jura pour vous rencontrer rapidement. Nos prix sont attractifs. Nos \u00e9quipes sont compos\u00e9es d&rsquo;artisans confirm\u00e9s. Nos prestations sont adapt\u00e9es [&hellip;]\" \/>\n<meta property=\"og:url\" content=\"https:\/\/www.artisanlocal.ch\/c\/energies-renouvelables-a-canton-du-jura-et-dans-les-villes-a-proximite\/\" \/>\n<meta property=\"og:site_name\" content=\"Artisanlocal\" \/>\n<meta property=\"article:modified_time\" content=\"2025-11-06T11:35:45+00:00\" \/>\n<meta property=\"og:image\" content=\"https:\/\/www.artisanlocal.ch\/c\/wp-content\/uploads\/2024\/10\/energiere-nouvelable.jpg\" \/>\n\t<meta property=\"og:image:width\" content=\"1920\" \/>\n\t<meta property=\"og:image:height\" content=\"300\" \/>\n\t<meta property=\"og:image:type\" content=\"image\/jpeg\" \/>\n<meta name=\"twitter:card\" content=\"summary_large_image\" \/>\n<meta name=\"twitter:label1\" content=\"Dur\u00e9e de lecture estim\u00e9e\" \/>\n\t<meta name=\"twitter:data1\" content=\"3 minutes\" \/>\n<script type=\"application\/ld+json\" class=\"yoast-schema-graph\">{\"@context\":\"https:\\\/\\\/schema.org\",\"@graph\":[{\"@type\":\"WebPage\",\"@id\":\"https:\\\/\\\/www.artisanlocal.ch\\\/c\\\/energies-renouvelables-a-canton-du-jura-et-dans-les-villes-a-proximite\\\/\",\"url\":\"https:\\\/\\\/www.artisanlocal.ch\\\/c\\\/energies-renouvelables-a-canton-du-jura-et-dans-les-villes-a-proximite\\\/\",\"name\":\"\u00c9nergies renouvelables \u00e0 canton du Jura et dans les villes \u00e0 proximit\u00e9 - Artisanlocal\",\"isPartOf\":{\"@id\":\"https:\\\/\\\/www.artisanlocal.ch\\\/c\\\/#website\"},\"primaryImageOfPage\":{\"@id\":\"https:\\\/\\\/www.artisanlocal.ch\\\/c\\\/energies-renouvelables-a-canton-du-jura-et-dans-les-villes-a-proximite\\\/#primaryimage\"},\"image\":{\"@id\":\"https:\\\/\\\/www.artisanlocal.ch\\\/c\\\/energies-renouvelables-a-canton-du-jura-et-dans-les-villes-a-proximite\\\/#primaryimage\"},\"thumbnailUrl\":\"https:\\\/\\\/www.artisanlocal.ch\\\/c\\\/wp-content\\\/uploads\\\/2024\\\/10\\\/energiere-nouvelable.jpg\",\"datePublished\":\"2024-10-01T13:05:20+00:00\",\"dateModified\":\"2025-11-06T11:35:45+00:00\",\"breadcrumb\":{\"@id\":\"https:\\\/\\\/www.artisanlocal.ch\\\/c\\\/energies-renouvelables-a-canton-du-jura-et-dans-les-villes-a-proximite\\\/#breadcrumb\"},\"inLanguage\":\"fr-FR\",\"potentialAction\":[{\"@type\":\"ReadAction\",\"target\":[\"https:\\\/\\\/www.artisanlocal.ch\\\/c\\\/energies-renouvelables-a-canton-du-jura-et-dans-les-villes-a-proximite\\\/\"]}]},{\"@type\":\"ImageObject\",\"inLanguage\":\"fr-FR\",\"@id\":\"https:\\\/\\\/www.artisanlocal.ch\\\/c\\\/energies-renouvelables-a-canton-du-jura-et-dans-les-villes-a-proximite\\\/#primaryimage\",\"url\":\"https:\\\/\\\/www.artisanlocal.ch\\\/c\\\/wp-content\\\/uploads\\\/2024\\\/10\\\/energiere-nouvelable.jpg\",\"contentUrl\":\"https:\\\/\\\/www.artisanlocal.ch\\\/c\\\/wp-content\\\/uploads\\\/2024\\\/10\\\/energiere-nouvelable.jpg\",\"width\":1920,\"height\":300},{\"@type\":\"BreadcrumbList\",\"@id\":\"https:\\\/\\\/www.artisanlocal.ch\\\/c\\\/energies-renouvelables-a-canton-du-jura-et-dans-les-villes-a-proximite\\\/#breadcrumb\",\"itemListElement\":[{\"@type\":\"ListItem\",\"position\":1,\"name\":\"Accueil\",\"item\":\"https:\\\/\\\/www.artisanlocal.ch\\\/c\\\/\"},{\"@type\":\"ListItem\",\"position\":2,\"name\":\"\u00c9nergies renouvelables \u00e0 canton du Jura et dans les villes \u00e0 proximit\u00e9\"}]},{\"@type\":\"WebSite\",\"@id\":\"https:\\\/\\\/www.artisanlocal.ch\\\/c\\\/#website\",\"url\":\"https:\\\/\\\/www.artisanlocal.ch\\\/c\\\/\",\"name\":\"Artisanlocal\",\"description\":\"\",\"publisher\":{\"@id\":\"https:\\\/\\\/www.artisanlocal.ch\\\/c\\\/#organization\"},\"potentialAction\":[{\"@type\":\"SearchAction\",\"target\":{\"@type\":\"EntryPoint\",\"urlTemplate\":\"https:\\\/\\\/www.artisanlocal.ch\\\/c\\\/?s={search_term_string}\"},\"query-input\":{\"@type\":\"PropertyValueSpecification\",\"valueRequired\":true,\"valueName\":\"search_term_string\"}}],\"inLanguage\":\"fr-FR\"},{\"@type\":\"Organization\",\"@id\":\"https:\\\/\\\/www.artisanlocal.ch\\\/c\\\/#organization\",\"name\":\"Artisanlocal\",\"url\":\"https:\\\/\\\/www.artisanlocal.ch\\\/c\\\/\",\"logo\":{\"@type\":\"ImageObject\",\"inLanguage\":\"fr-FR\",\"@id\":\"https:\\\/\\\/www.artisanlocal.ch\\\/c\\\/#\\\/schema\\\/logo\\\/image\\\/\",\"url\":\"https:\\\/\\\/www.artisanlocal.ch\\\/c\\\/wp-content\\\/uploads\\\/2024\\\/02\\\/logo-artisanlocal-h.svg\",\"contentUrl\":\"https:\\\/\\\/www.artisanlocal.ch\\\/c\\\/wp-content\\\/uploads\\\/2024\\\/02\\\/logo-artisanlocal-h.svg\",\"caption\":\"Artisanlocal\"},\"image\":{\"@id\":\"https:\\\/\\\/www.artisanlocal.ch\\\/c\\\/#\\\/schema\\\/logo\\\/image\\\/\"}}]}<\/script>\n<!-- \/ Yoast SEO Premium plugin. -->","yoast_head_json":{"title":"\u00c9nergies renouvelables \u00e0 canton du Jura et dans les villes \u00e0 proximit\u00e9 - Artisanlocal","robots":{"index":"index","follow":"follow","max-snippet":"max-snippet:-1","max-image-preview":"max-image-preview:large","max-video-preview":"max-video-preview:-1"},"canonical":"https:\/\/www.artisanlocal.ch\/c\/energies-renouvelables-a-canton-du-jura-et-dans-les-villes-a-proximite\/","og_locale":"fr_FR","og_type":"article","og_title":"\u00c9nergies renouvelables \u00e0 canton du Jura et dans les villes \u00e0 proximit\u00e9","og_description":"Pourquoi choisir les services de notre entreprise pour vos solutions d&rsquo;\u00e9nergies renouvelables \u00e0 canton du Jura ? Nos devis sont gratuits. Nos techniciens utilisent les technologies les plus r\u00e9centes. Nos locaux sont situ\u00e9s \u00e0 canton du Jura pour vous rencontrer rapidement. Nos prix sont attractifs. Nos \u00e9quipes sont compos\u00e9es d&rsquo;artisans confirm\u00e9s. Nos prestations sont adapt\u00e9es [&hellip;]","og_url":"https:\/\/www.artisanlocal.ch\/c\/energies-renouvelables-a-canton-du-jura-et-dans-les-villes-a-proximite\/","og_site_name":"Artisanlocal","article_modified_time":"2025-11-06T11:35:45+00:00","og_image":[{"width":1920,"height":300,"url":"https:\/\/www.artisanlocal.ch\/c\/wp-content\/uploads\/2024\/10\/energiere-nouvelable.jpg","type":"image\/jpeg"}],"twitter_card":"summary_large_image","twitter_misc":{"Dur\u00e9e de lecture estim\u00e9e":"3 minutes"},"schema":{"@context":"https:\/\/schema.org","@graph":[{"@type":"WebPage","@id":"https:\/\/www.artisanlocal.ch\/c\/energies-renouvelables-a-canton-du-jura-et-dans-les-villes-a-proximite\/","url":"https:\/\/www.artisanlocal.ch\/c\/energies-renouvelables-a-canton-du-jura-et-dans-les-villes-a-proximite\/","name":"\u00c9nergies renouvelables \u00e0 canton du Jura et dans les villes \u00e0 proximit\u00e9 - Artisanlocal","isPartOf":{"@id":"https:\/\/www.artisanlocal.ch\/c\/#website"},"primaryImageOfPage":{"@id":"https:\/\/www.artisanlocal.ch\/c\/energies-renouvelables-a-canton-du-jura-et-dans-les-villes-a-proximite\/#primaryimage"},"image":{"@id":"https:\/\/www.artisanlocal.ch\/c\/energies-renouvelables-a-canton-du-jura-et-dans-les-villes-a-proximite\/#primaryimage"},"thumbnailUrl":"https:\/\/www.artisanlocal.ch\/c\/wp-content\/uploads\/2024\/10\/energiere-nouvelable.jpg","datePublished":"2024-10-01T13:05:20+00:00","dateModified":"2025-11-06T11:35:45+00:00","breadcrumb":{"@id":"https:\/\/www.artisanlocal.ch\/c\/energies-renouvelables-a-canton-du-jura-et-dans-les-villes-a-proximite\/#breadcrumb"},"inLanguage":"fr-FR","potentialAction":[{"@type":"ReadAction","target":["https:\/\/www.artisanlocal.ch\/c\/energies-renouvelables-a-canton-du-jura-et-dans-les-villes-a-proximite\/"]}]},{"@type":"ImageObject","inLanguage":"fr-FR","@id":"https:\/\/www.artisanlocal.ch\/c\/energies-renouvelables-a-canton-du-jura-et-dans-les-villes-a-proximite\/#primaryimage","url":"https:\/\/www.artisanlocal.ch\/c\/wp-content\/uploads\/2024\/10\/energiere-nouvelable.jpg","contentUrl":"https:\/\/www.artisanlocal.ch\/c\/wp-content\/uploads\/2024\/10\/energiere-nouvelable.jpg","width":1920,"height":300},{"@type":"BreadcrumbList","@id":"https:\/\/www.artisanlocal.ch\/c\/energies-renouvelables-a-canton-du-jura-et-dans-les-villes-a-proximite\/#breadcrumb","itemListElement":[{"@type":"ListItem","position":1,"name":"Accueil","item":"https:\/\/www.artisanlocal.ch\/c\/"},{"@type":"ListItem","position":2,"name":"\u00c9nergies renouvelables \u00e0 canton du Jura et dans les villes \u00e0 proximit\u00e9"}]},{"@type":"WebSite","@id":"https:\/\/www.artisanlocal.ch\/c\/#website","url":"https:\/\/www.artisanlocal.ch\/c\/","name":"Artisanlocal","description":"","publisher":{"@id":"https:\/\/www.artisanlocal.ch\/c\/#organization"},"potentialAction":[{"@type":"SearchAction","target":{"@type":"EntryPoint","urlTemplate":"https:\/\/www.artisanlocal.ch\/c\/?s={search_term_string}"},"query-input":{"@type":"PropertyValueSpecification","valueRequired":true,"valueName":"search_term_string"}}],"inLanguage":"fr-FR"},{"@type":"Organization","@id":"https:\/\/www.artisanlocal.ch\/c\/#organization","name":"Artisanlocal","url":"https:\/\/www.artisanlocal.ch\/c\/","logo":{"@type":"ImageObject","inLanguage":"fr-FR","@id":"https:\/\/www.artisanlocal.ch\/c\/#\/schema\/logo\/image\/","url":"https:\/\/www.artisanlocal.ch\/c\/wp-content\/uploads\/2024\/02\/logo-artisanlocal-h.svg","contentUrl":"https:\/\/www.artisanlocal.ch\/c\/wp-content\/uploads\/2024\/02\/logo-artisanlocal-h.svg","caption":"Artisanlocal"},"image":{"@id":"https:\/\/www.artisanlocal.ch\/c\/#\/schema\/logo\/image\/"}}]}},"_links":{"self":[{"href":"https:\/\/www.artisanlocal.ch\/c\/wp-json\/wp\/v2\/pages\/2597","targetHints":{"allow":["GET"]}}],"collection":[{"href":"https:\/\/www.artisanlocal.ch\/c\/wp-json\/wp\/v2\/pages"}],"about":[{"href":"https:\/\/www.artisanlocal.ch\/c\/wp-json\/wp\/v2\/types\/page"}],"author":[{"embeddable":true,"href":"https:\/\/www.artisanlocal.ch\/c\/wp-json\/wp\/v2\/users\/4"}],"replies":[{"embeddable":true,"href":"https:\/\/www.artisanlocal.ch\/c\/wp-json\/wp\/v2\/comments?post=2597"}],"version-history":[{"count":0,"href":"https:\/\/www.artisanlocal.ch\/c\/wp-json\/wp\/v2\/pages\/2597\/revisions"}],"wp:featuredmedia":[{"embeddable":true,"href":"https:\/\/www.artisanlocal.ch\/c\/wp-json\/wp\/v2\/media\/2755"}],"wp:attachment":[{"href":"https:\/\/www.artisanlocal.ch\/c\/wp-json\/wp\/v2\/media?parent=2597"}],"wp:term":[{"taxonomy":"profession","embeddable":true,"href":"https:\/\/www.artisanlocal.ch\/c\/wp-json\/wp\/v2\/profession?post=2597"},{"taxonomy":"location","embeddable":true,"href":"https:\/\/www.artisanlocal.ch\/c\/wp-json\/wp\/v2\/location?post=2597"},{"taxonomy":"canton","embeddable":true,"href":"https:\/\/www.artisanlocal.ch\/c\/wp-json\/wp\/v2\/canton?post=2597"}],"curies":[{"name":"wp","href":"https:\/\/api.w.org\/{rel}","templated":true}]}}