{"id":2600,"date":"2024-10-02T11:20:43","date_gmt":"2024-10-02T09:20:43","guid":{"rendered":"https:\/\/www.artisanlocal.ch\/c\/energies-renouvelables-a-canton-de-vaud-et-dans-les-villes-proches\/"},"modified":"2025-11-06T12:35:45","modified_gmt":"2025-11-06T11:35:45","slug":"energies-renouvelables-a-canton-de-vaud-et-dans-les-villes-proches","status":"publish","type":"page","link":"https:\/\/www.artisanlocal.ch\/c\/energies-renouvelables-a-canton-de-vaud-et-dans-les-villes-proches\/","title":{"rendered":"\u00c9nergies renouvelables \u00e0 canton de Vaud et dans les villes proches"},"content":{"rendered":"<h2>Pourquoi choisir notre soci\u00e9t\u00e9 pour vos \u00e9nergies renouvelables \u00e0 canton de Vaud ?<\/h2>\n<ul>\n<li>Devis 100% gratuit.<\/li>\n<li>Nos artisans utilisent les derni\u00e8res technologies.<\/li>\n<li>Nos bureaux sont localis\u00e9s \u00e0 canton de Vaud pour vous rencontrer d\u00e8s que possible.<\/li>\n<li>Nos tarifs sont comp\u00e9titifs.<\/li>\n<li>Les artisans qui interviennent \u00e0 votre logement sont aguerris.<\/li>\n<li>Nos prestations sont adapt\u00e9es \u00e0 votre objectif.<\/li>\n<li>Nous g\u00e9rons votre projet de A \u00e0 Z, de l&rsquo;analyse de votre objectif \u00e0 l\u2019installation.<\/li>\n<li>Artisanlocal offre une assistance personnalis\u00e9e.<\/li>\n<\/ul>\n<h2>Quels types de solutions d&rsquo;\u00e9nergies renouvelables Artisanlocal propose ?<\/h2>\n<ul>\n<li>Chaudi\u00e8re \u00e0 bois : granul\u00e9, b\u00fbche ou mixte.<\/li>\n<li>Pompe \u00e0 chaleur g\u00e9othermique&nbsp;: captage horizontal ou captage vertical<\/li>\n<li>Chaleur \u00e0 distance avec \u00e9nergie : fossile, renouvelable, par r\u00e9cup\u00e9ration ou thermodynamique.<\/li>\n<li>Syst\u00e8me pompe \u00e0 chaleur : hydrothermique, a\u00e9rothermique, g\u00e9othermique ou hybride.<\/li>\n<li>Panneau solaire photovolta\u00efque : int\u00e9gr\u00e9 au b\u00e2timent, silicium, concentration, avec couche mince ou bifaciaux.<\/li>\n<li>Panneau solaire thermique : plan vitr\u00e9, concentration, tube sous vide, thermosiphon (stockage passif) ou solaire hybride.<\/li>\n<li>Syst\u00e8me de stockage d&rsquo;\u00e9nergie : chimique, supercondensateur, thermique, m\u00e9canique, gravitationnel ou \u00e9lectrochimique.<\/li>\n<li>Artisanlocal offre d&rsquo;autres installations d&rsquo;\u00e9nergies renouvelables : hydraulique, \u00e9olien ou r\u00e9seau de distribution.&nbsp;<\/li>\n<\/ul>\n<h2>Quels sont les types de services que vous proposez ?<\/h2>\n<ul>\n<li>Audit \u00e9nerg\u00e9tique : contr\u00f4le de vos d\u00e9penses \u00e9nerg\u00e9tiques.<\/li>\n<li>Conseil : personnalis\u00e9 selon votre projet.<\/li>\n<li>Installation : panneaux solaires, pompes \u00e0 chaleur, etc.<\/li>\n<li>Maintenance : contr\u00f4le et entretien de vos installations.<\/li>\n<li>Gestion de projet de A \u00e0 Z : \u00e9laboration \u00e0 la mise en place.<\/li>\n<li>Sensibilisation et formation : \u00e9nergies renouvelables pour entreprises et particuliers.<\/li>\n<li>Solution : stockage d&rsquo;\u00e9nergie.<\/li>\n<\/ul>\n<h3>Expert en tisanes \u00e9nerg\u00e9tiques renouvelables, nous intervenons \u00e0 canton de Vaud et dans les localit\u00e9 s \u00e0 proximit\u00e9&nbsp;<\/h3>\n<p>Nous r\u00e9alisons tous vos travaux d\u2019installations d\u2019\u00e9nergies renouvelables \u00e0 canton de Vaud et aussi dans les villes proches, comme : Bogis-Bossey, Chavannes-de-Bogis, Chavannes-des-Bois, Versoix, Commugny, Bellevue, Genthod, Mies, Tannay, Coppet, Founex, C\u00e9ligny, Gland, Prangins, Nyon, Le Vaud, Eysins, Crassier, St-Cergue, La Cure, Duillier, Coinsins, Vich, Begnins, Bassins, Tr\u00e9lex, Givrins, Genolier, Arzier-Le Muids, Grens, Signy, Ch\u00e9serex, Gingins, Arnex-sur-Nyon, Borex, La Rippe, Crans VD, Rolle, Tartegnin, Gilly, Bursins, Luins, Vinzel, Mont-sur-Rolle, Essertines-sur-Rolle, St-Oyens, Gimel, St-George, Bursinel, Dully, Longirod, Marchissy, Burtigny, Apples, Ballens, Bi\u00e8re, Mollens VD, Berolle, Etoy, Buchillon, Allaman, Perroy, Villars-sous-Yens, Yens, Aubonne, Bougy-Villars, F\u00e9chy, Pizy, Montherod, Lavigny, St-Livres, Saubraz, Chavannes-pr\u00e8s-Renens, Ecublens VD, St-Sulpice VD, Denges, Echandens, Lonay, Pr\u00e9verenges, Villars-Ste-Croix, Bussigny, Morges, Echichens, St-Saphorin-sur-Morges, Colombier VD, Vullierens, Bremblens, Romanel-sur-Morges, Aclens, Monnaz, Vaux-sur-Morges, Clarmont, Reverolle, Tolochenaz, Lully VD, Chigny, Vufflens-le-Ch\u00e2teau, Denens, Bussy-Chardonney, St-Prex, Lussy-sur-Morges, Mex VD, Boussens, Bournens, Sullens, Bettens, Cottens VD, Grancy, Gollion, S\u00e9very, Pampigny, Montricher, Chavannes-le-Veyron, Cuarnens, L'Isle, La Coudre, Villars-Bozon, Mauraz, Moiry VD, Mont-la-Ville, Vufflens-la-Ville, Penthaz, Allens, Cossonay-Ville, Dizy, Senarclens, Penthalaz, Daillens, Lussery-Villars, La Chaux (Cossonay), Ecl\u00e9pens, Ferreyres, La Sarraz, Chevilly, Orny, Pompaples, Puidoux, Chexbres, Rivaz, St-Saphorin (Lavaux), Aran, Chenaux, Grandvaux, Cully, Villette (Lavaux), Riex, Epesses, Vevey, Le Mont-P\u00e8lerin, Corseaux, Chardonne, Corsier-sur-Vevey, Jongny, St-L\u00e9gier-La Chi\u00e9saz, Blonay, Les Monts-de-Corsier, Fenil-sur-Corsier, La Tour-de-Peilz, Clarens, Chailly-Montreux, Brent, Montreux, Territet, Veytaux, Chernex, Glion, Caux, Chamby, Villard-sur-Chamby, Les Avants, La Tine, Rossini\u00e8re, Flendruz, Rougemont, Ch\u00e2teau-d'Oex, L'Etivaz, La L\u00e9cherette, Les Moulins, Villeneuve VD, Noville, Chessel, Rennaz, Roche VD, Yvorne, Leysin, Corbeyrier, Aigle, La Comballaz, Les Mosses, Le S\u00e9pey, Vers-l'Eglise, Les Diablerets, La Forclaz VD, Ollon VD, Panex, St-Triphon, Bex, Fenalet-sur-Bex, Freni\u00e8res-sur-Bex, Les Plans-sur-Bex, Gryon, Les Posses-sur-Bex, Arveyes, Hu\u00e9moz, Villars-sur-Ollon, Chesi\u00e8res, Lavey-les-Bains, Lavey-Village, Peney-le-Jorat, Forel (Lavaux), Mollie-Margot, Savigny, Ferlens VD, Servion, Essertes, Les Cullayes, Montpreveyres, Corcelles-le-Jorat, M\u00e9zi\u00e8res VD, Carrouge VD, Vulliens, Ropraz, Les Tavernes, Les Thioleyres, Pal\u00e9zieux, Pal\u00e9zieux-Village, Chapelle (Gl\u00e2ne), Bussigny-sur-Oron, Chesalles-sur-Oron, Oron-le-Ch\u00e2tel, Ch\u00e2tillens, Oron-la-Ville, Vuibroye, Le Cr\u00eat-pr\u00e8s-Semsales, Ecoteaux, Maracon, Etagni\u00e8res, Bercher, Echallens, St-Barth\u00e9lemy VD, Villars-le-Terroir, Bottens, Poliez-Pittet, Dommartin, Naz, Poliez-le-Grand, Montaubion-Chardonney, Assens, Bioley-Orjulaz, Sugnens, Fey, Rueyres, Villars-Tiercelin, Penth\u00e9r\u00e9az, Eclagnens, Goumoens-la-Ville, Goumoens-le-Jux, Oulens-sous-Echallens, Pailly, Vuarrens, La Praz, Arnex-sur-Orbe, Croy, Romainm\u00f4tier, Premier, Vaulion, Juriens, Bretonni\u00e8res, Vallorbe, Ballaigues, Orbe, Agiez, Bofflens, Montcherand, L'Abergement, Sergey, La Russille, Les Cl\u00e9es, Lignerolle, Valeyres-sous-Rances, Bavois, Chavornay, Corcelles-sur-Chavornay, Rances, Baulmes, Oppens, Cheseaux-Nor\u00e9az, Yverdon-les-Bains, Cuarny, Villars-Epeney, Pomy, Cronay, Bioley-Magnoux, Donneloye, Gossens, M\u00e9zery-pr\u00e8s-Donneloye, Prahins, Ursins, Valeyres-sous-Ursins, Orzens, D\u00e9moret, Molondin, Epautheyres, Essertines-sur-Yverdon, Belmont-sur-Yverdon, Gressy, Suchy, Ependes VD, Essert-Pittet, Chamblon, Treycovagnes, Susc\u00e9vaz, Mathod, Valeyres-sous-Montagny, Montagny-pr\u00e8s-Yverdon, Champvent, Essert-sous-Champvent, Villars-sous-Champvent, Yvonand, Rovray, Chavannes-le-Ch\u00eane, Ch\u00eane-P\u00e2quier, Ogens, Villars-Mendraz, Sottens, Boulens, Chapelle-sur-Moudon, Martherenges, Peyres-Possens, Chan\u00e9az, Pr\u00e9vondavaux, Correvon, Denezy, St-Cierges, Thierrens, Vuissens, Vucherens, Moudon, Syens, Chavannes-sur-Moudon, Hermenches, Rossenges, Bussy-sur-Moudon, Neyruz-sur-Moudon, Villars-le-Comte, Curtilles, Lucens, Oulens-sur-Lucens, Granges-pr\u00e8s-Marnand, Marnand, Henniez, Seigneux, Cremin, Forel-sur-Lucens, Villeneuve FR, Praratoud, Surpierre, Cheiry, Chapelle (Broye), Sassel, Combremont-le-Grand, Combremont-le-Petit, Champtauroz, Rossens VD, S\u00e9deilles, Villarzel, Dompierre VD, Lovatens, Pr\u00e9vonloup, Cerniaz VD, Villars-Bramard, Brenles, Chesalles-sur-Moudon, Sarzens, Fiez, Fontaines-sur-Grandson, Grandevent, Grandson, Fontanezier, Romairon, Vaugondry, Villars-Burquin, Champagne, Onnens VD, Concise, Corcelles-pr\u00e8s-Concise, Bonvillars, Mutrux, Provence, Giez, Orges, Novalles, Vugelles-La Mothe, Vuiteboeuf, La Sagne (Ste-croix), Le Ch\u00e2teau-de-Ste-Croix, Ste-Croix, Les Rasses, Bullet, Mauborget, L'Auberson, La Vraconnaz, L'Orient, Le Pont, Les Charbonni\u00e8res, L'Abbaye, Le Lieu, Les Bioux, Le Sentier, Le Solliat, Le Brassus, Cheyres, Estavayer-le-Lac, Bollion, Lully FR, Seiry, Ch\u00e2tillon FR, Font, Ch\u00e2bles FR, Autavaux, Forel FR, Montbrelloz, Cugy FR, Vesin, Frasses, Montet (Broye), Aumont, Granges-de-Vesin, Nuvilly, Murist, Payerne, F\u00e9tigny, M\u00e9ni\u00e8res, Treytorrens (Payerne), Bussy FR, Morens FR, S\u00e9vaz, Rueyres-les-Pr\u00e9s, Grandcour, Chevroux, Vers-chez-Perrin, Trey, Ch\u00e2tonnaye, Corcelles-pr\u00e8s-Payerne, Missy, Cerniat FR, Middes, Cousset, Montagny-les-Monts, Grandsivaz, Mannens, Montagny-la-Ville, Gletterens, Dompierre FR, Domdidier, Vallon, Les Friques, St-Aubin FR, Delley, Portalban, Avenches, Oleyres, Donatyre, Villarepos, Villars-le-Grand, Bellerive VD, Cotterd, Salavaux, Vallamand, Constantine, Montmagny, Cudrefin, Chabrey, Clavaleyres, Faoug, Corm\u00e9rod, Courtion, Misery, Chandon, L\u00e9chelles, Russy, Sugiez, Mur (Vully) FR, M\u00f4tier (Vully), Mur (Vully) VD, Praz (Vully), Lugnorre, Pully, Les Monts-de-Pully, La Croix (Lutry), Belmont-sur-Lausanne, La Conversion, Paudex, Lutry, Jouxtens-M\u00e9zery, Prilly, Renens VD, Crissier, Romanel-sur-Lausanne, Cheseaux-sur-Lausanne, Le Mont-sur-Lausanne, Bretigny-sur-Morrens, Cugy VD, Morrens VD, Froideville, Epalinges..&nbsp;<\/p>\n<h2>Questions et r\u00e9ponses<\/h2>\n<h3>Peut-on installer des panneaux solaires photovolta\u00efques et un syst\u00e8me de pompe \u00e0 chaleur parall\u00e8lement\u202f?<\/h3>\n<p>Oui, il est possible d\u2019installer une pompe \u00e0 chaleur avec des panneaux photovolta\u00efques. Cette combinaison, vous permet de g\u00e9rer et de conserver l&rsquo;\u00e9nergie cr\u00e9\u00e9e. La pompe \u00e0 chaleur peut-\u00eatre configur\u00e9e pour marcher avec l&rsquo;\u00e9lectricit\u00e9 cr\u00e9\u00e9e par les panneaux solaires et aussi stocker la chaleur sous forme d&rsquo;eau chaude, notamment durant les p\u00e9riodes ensoleill\u00e9es.<\/p>\n<h3>Quelles sont les aides disponibles pour les chauffages aux \u00e9nergies renouvelables en Suisse\u202f?<\/h3>\n<p>Il existe plusieurs programmes de financements et de subventions pour votre chauffage, notamment au niveau cantonal.<\/p>\n<h3>Les syst\u00e8mes solaires thermiques sont-ils rentables alors que la chaleur est surtout produite en \u00e9t\u00e9\u202f?<\/h3>\n<p>Oui, ils sont indispensables, les besoins en eau chaude, que ce soit pour la cuisine ou la salle de bain, restent r\u00e9guliers pendant toute l&rsquo;ann\u00e9e. Le solaire et le thermique couvrent vos besoins en \u00e9nergie pendant les beaux jours et permettent de r\u00e9duire votre consommation d&rsquo;\u00e9lectricit\u00e9 en hiver.<\/p>\n<h3>Les panneaux photovolta\u00efques sont-ils cr\u00e9\u00e9s de mati\u00e8res premi\u00e8res pr\u00e9cieux, qui pourraient venir \u00e0 manquer \u00e0 l\u2019avenir\u202f?<\/h3>\n<p>Les panneaux photovolta\u00efques utilisent des modules compos\u00e9s de verre, aluminium, silicium et de mati\u00e8res synth\u00e9tiques, qui sont trouvables facilement. Toutefois, ces modules ont besoin d&rsquo;argent pour marcher. Les nouvelles techniques de fabrication permettent de diminuer l&rsquo;usage de l&rsquo;argent, voire \u00e0 le remplacer int\u00e9gralement par du cuivre. \u00c0 l&rsquo;heure actuelle, la quantit\u00e9 d&rsquo;argent employ\u00e9e dans les modules a d\u00e9j\u00e0 diminu\u00e9 de 80 %.&nbsp;<\/p>\n<h3>Quel est le co\u00fbt d&rsquo;une batterie de stockage d\u2019\u00e9lectricit\u00e9 solaire\u202f?<\/h3>\n<p>Les montants des batteries pour les logements varient suivant le canton, les subventions et la technologie de l\u2019accumulateur.<\/p>\n","protected":false},"excerpt":{"rendered":"<p>Pourquoi choisir notre soci\u00e9t\u00e9 pour vos \u00e9nergies renouvelables \u00e0 canton de Vaud ? Devis 100% gratuit. Nos artisans utilisent les derni\u00e8res technologies. Nos bureaux sont localis\u00e9s \u00e0 canton de Vaud pour vous rencontrer d\u00e8s que possible. Nos tarifs sont comp\u00e9titifs. Les artisans qui interviennent \u00e0 votre logement sont aguerris. Nos prestations sont adapt\u00e9es \u00e0 votre [&hellip;]<\/p>\n","protected":false},"author":4,"featured_media":2755,"parent":0,"menu_order":0,"comment_status":"closed","ping_status":"closed","template":"wp-custom-template-page-canton","meta":{"footnotes":""},"profession":[126],"location":[],"canton":[113],"class_list":["post-2600","page","type-page","status-publish","has-post-thumbnail","hentry","profession-energies-renouvelables-specialiste","canton-vd"],"yoast_head":"<!-- This site is optimized with the Yoast SEO Premium plugin v25.7.1 (Yoast SEO v27.3) - https:\/\/yoast.com\/product\/yoast-seo-premium-wordpress\/ -->\n<title>\u00c9nergies renouvelables \u00e0 canton de Vaud et dans les villes proches - Artisanlocal<\/title>\n<meta name=\"robots\" content=\"index, follow, max-snippet:-1, max-image-preview:large, max-video-preview:-1\" \/>\n<link rel=\"canonical\" href=\"https:\/\/www.artisanlocal.ch\/c\/energies-renouvelables-a-canton-de-vaud-et-dans-les-villes-proches\/\" \/>\n<meta property=\"og:locale\" content=\"fr_FR\" \/>\n<meta property=\"og:type\" content=\"article\" \/>\n<meta property=\"og:title\" content=\"\u00c9nergies renouvelables \u00e0 canton de Vaud et dans les villes proches\" \/>\n<meta property=\"og:description\" content=\"Pourquoi choisir notre soci\u00e9t\u00e9 pour vos \u00e9nergies renouvelables \u00e0 canton de Vaud ? Devis 100% gratuit. Nos artisans utilisent les derni\u00e8res technologies. Nos bureaux sont localis\u00e9s \u00e0 canton de Vaud pour vous rencontrer d\u00e8s que possible. Nos tarifs sont comp\u00e9titifs. Les artisans qui interviennent \u00e0 votre logement sont aguerris. Nos prestations sont adapt\u00e9es \u00e0 votre [&hellip;]\" \/>\n<meta property=\"og:url\" content=\"https:\/\/www.artisanlocal.ch\/c\/energies-renouvelables-a-canton-de-vaud-et-dans-les-villes-proches\/\" \/>\n<meta property=\"og:site_name\" content=\"Artisanlocal\" \/>\n<meta property=\"article:modified_time\" content=\"2025-11-06T11:35:45+00:00\" \/>\n<meta property=\"og:image\" content=\"https:\/\/www.artisanlocal.ch\/c\/wp-content\/uploads\/2024\/10\/energiere-nouvelable.jpg\" \/>\n\t<meta property=\"og:image:width\" content=\"1920\" \/>\n\t<meta property=\"og:image:height\" content=\"300\" \/>\n\t<meta property=\"og:image:type\" content=\"image\/jpeg\" \/>\n<meta name=\"twitter:card\" content=\"summary_large_image\" \/>\n<meta name=\"twitter:label1\" content=\"Dur\u00e9e de lecture estim\u00e9e\" \/>\n\t<meta name=\"twitter:data1\" content=\"3 minutes\" \/>\n<script type=\"application\/ld+json\" class=\"yoast-schema-graph\">{\"@context\":\"https:\\\/\\\/schema.org\",\"@graph\":[{\"@type\":\"WebPage\",\"@id\":\"https:\\\/\\\/www.artisanlocal.ch\\\/c\\\/energies-renouvelables-a-canton-de-vaud-et-dans-les-villes-proches\\\/\",\"url\":\"https:\\\/\\\/www.artisanlocal.ch\\\/c\\\/energies-renouvelables-a-canton-de-vaud-et-dans-les-villes-proches\\\/\",\"name\":\"\u00c9nergies renouvelables \u00e0 canton de Vaud et dans les villes proches - Artisanlocal\",\"isPartOf\":{\"@id\":\"https:\\\/\\\/www.artisanlocal.ch\\\/c\\\/#website\"},\"primaryImageOfPage\":{\"@id\":\"https:\\\/\\\/www.artisanlocal.ch\\\/c\\\/energies-renouvelables-a-canton-de-vaud-et-dans-les-villes-proches\\\/#primaryimage\"},\"image\":{\"@id\":\"https:\\\/\\\/www.artisanlocal.ch\\\/c\\\/energies-renouvelables-a-canton-de-vaud-et-dans-les-villes-proches\\\/#primaryimage\"},\"thumbnailUrl\":\"https:\\\/\\\/www.artisanlocal.ch\\\/c\\\/wp-content\\\/uploads\\\/2024\\\/10\\\/energiere-nouvelable.jpg\",\"datePublished\":\"2024-10-02T09:20:43+00:00\",\"dateModified\":\"2025-11-06T11:35:45+00:00\",\"breadcrumb\":{\"@id\":\"https:\\\/\\\/www.artisanlocal.ch\\\/c\\\/energies-renouvelables-a-canton-de-vaud-et-dans-les-villes-proches\\\/#breadcrumb\"},\"inLanguage\":\"fr-FR\",\"potentialAction\":[{\"@type\":\"ReadAction\",\"target\":[\"https:\\\/\\\/www.artisanlocal.ch\\\/c\\\/energies-renouvelables-a-canton-de-vaud-et-dans-les-villes-proches\\\/\"]}]},{\"@type\":\"ImageObject\",\"inLanguage\":\"fr-FR\",\"@id\":\"https:\\\/\\\/www.artisanlocal.ch\\\/c\\\/energies-renouvelables-a-canton-de-vaud-et-dans-les-villes-proches\\\/#primaryimage\",\"url\":\"https:\\\/\\\/www.artisanlocal.ch\\\/c\\\/wp-content\\\/uploads\\\/2024\\\/10\\\/energiere-nouvelable.jpg\",\"contentUrl\":\"https:\\\/\\\/www.artisanlocal.ch\\\/c\\\/wp-content\\\/uploads\\\/2024\\\/10\\\/energiere-nouvelable.jpg\",\"width\":1920,\"height\":300},{\"@type\":\"BreadcrumbList\",\"@id\":\"https:\\\/\\\/www.artisanlocal.ch\\\/c\\\/energies-renouvelables-a-canton-de-vaud-et-dans-les-villes-proches\\\/#breadcrumb\",\"itemListElement\":[{\"@type\":\"ListItem\",\"position\":1,\"name\":\"Accueil\",\"item\":\"https:\\\/\\\/www.artisanlocal.ch\\\/c\\\/\"},{\"@type\":\"ListItem\",\"position\":2,\"name\":\"\u00c9nergies renouvelables \u00e0 canton de Vaud et dans les villes proches\"}]},{\"@type\":\"WebSite\",\"@id\":\"https:\\\/\\\/www.artisanlocal.ch\\\/c\\\/#website\",\"url\":\"https:\\\/\\\/www.artisanlocal.ch\\\/c\\\/\",\"name\":\"Artisanlocal\",\"description\":\"\",\"publisher\":{\"@id\":\"https:\\\/\\\/www.artisanlocal.ch\\\/c\\\/#organization\"},\"potentialAction\":[{\"@type\":\"SearchAction\",\"target\":{\"@type\":\"EntryPoint\",\"urlTemplate\":\"https:\\\/\\\/www.artisanlocal.ch\\\/c\\\/?s={search_term_string}\"},\"query-input\":{\"@type\":\"PropertyValueSpecification\",\"valueRequired\":true,\"valueName\":\"search_term_string\"}}],\"inLanguage\":\"fr-FR\"},{\"@type\":\"Organization\",\"@id\":\"https:\\\/\\\/www.artisanlocal.ch\\\/c\\\/#organization\",\"name\":\"Artisanlocal\",\"url\":\"https:\\\/\\\/www.artisanlocal.ch\\\/c\\\/\",\"logo\":{\"@type\":\"ImageObject\",\"inLanguage\":\"fr-FR\",\"@id\":\"https:\\\/\\\/www.artisanlocal.ch\\\/c\\\/#\\\/schema\\\/logo\\\/image\\\/\",\"url\":\"https:\\\/\\\/www.artisanlocal.ch\\\/c\\\/wp-content\\\/uploads\\\/2024\\\/02\\\/logo-artisanlocal-h.svg\",\"contentUrl\":\"https:\\\/\\\/www.artisanlocal.ch\\\/c\\\/wp-content\\\/uploads\\\/2024\\\/02\\\/logo-artisanlocal-h.svg\",\"caption\":\"Artisanlocal\"},\"image\":{\"@id\":\"https:\\\/\\\/www.artisanlocal.ch\\\/c\\\/#\\\/schema\\\/logo\\\/image\\\/\"}}]}<\/script>\n<!-- \/ Yoast SEO Premium plugin. -->","yoast_head_json":{"title":"\u00c9nergies renouvelables \u00e0 canton de Vaud et dans les villes proches - Artisanlocal","robots":{"index":"index","follow":"follow","max-snippet":"max-snippet:-1","max-image-preview":"max-image-preview:large","max-video-preview":"max-video-preview:-1"},"canonical":"https:\/\/www.artisanlocal.ch\/c\/energies-renouvelables-a-canton-de-vaud-et-dans-les-villes-proches\/","og_locale":"fr_FR","og_type":"article","og_title":"\u00c9nergies renouvelables \u00e0 canton de Vaud et dans les villes proches","og_description":"Pourquoi choisir notre soci\u00e9t\u00e9 pour vos \u00e9nergies renouvelables \u00e0 canton de Vaud ? Devis 100% gratuit. Nos artisans utilisent les derni\u00e8res technologies. Nos bureaux sont localis\u00e9s \u00e0 canton de Vaud pour vous rencontrer d\u00e8s que possible. Nos tarifs sont comp\u00e9titifs. Les artisans qui interviennent \u00e0 votre logement sont aguerris. Nos prestations sont adapt\u00e9es \u00e0 votre [&hellip;]","og_url":"https:\/\/www.artisanlocal.ch\/c\/energies-renouvelables-a-canton-de-vaud-et-dans-les-villes-proches\/","og_site_name":"Artisanlocal","article_modified_time":"2025-11-06T11:35:45+00:00","og_image":[{"width":1920,"height":300,"url":"https:\/\/www.artisanlocal.ch\/c\/wp-content\/uploads\/2024\/10\/energiere-nouvelable.jpg","type":"image\/jpeg"}],"twitter_card":"summary_large_image","twitter_misc":{"Dur\u00e9e de lecture estim\u00e9e":"3 minutes"},"schema":{"@context":"https:\/\/schema.org","@graph":[{"@type":"WebPage","@id":"https:\/\/www.artisanlocal.ch\/c\/energies-renouvelables-a-canton-de-vaud-et-dans-les-villes-proches\/","url":"https:\/\/www.artisanlocal.ch\/c\/energies-renouvelables-a-canton-de-vaud-et-dans-les-villes-proches\/","name":"\u00c9nergies renouvelables \u00e0 canton de Vaud et dans les villes proches - Artisanlocal","isPartOf":{"@id":"https:\/\/www.artisanlocal.ch\/c\/#website"},"primaryImageOfPage":{"@id":"https:\/\/www.artisanlocal.ch\/c\/energies-renouvelables-a-canton-de-vaud-et-dans-les-villes-proches\/#primaryimage"},"image":{"@id":"https:\/\/www.artisanlocal.ch\/c\/energies-renouvelables-a-canton-de-vaud-et-dans-les-villes-proches\/#primaryimage"},"thumbnailUrl":"https:\/\/www.artisanlocal.ch\/c\/wp-content\/uploads\/2024\/10\/energiere-nouvelable.jpg","datePublished":"2024-10-02T09:20:43+00:00","dateModified":"2025-11-06T11:35:45+00:00","breadcrumb":{"@id":"https:\/\/www.artisanlocal.ch\/c\/energies-renouvelables-a-canton-de-vaud-et-dans-les-villes-proches\/#breadcrumb"},"inLanguage":"fr-FR","potentialAction":[{"@type":"ReadAction","target":["https:\/\/www.artisanlocal.ch\/c\/energies-renouvelables-a-canton-de-vaud-et-dans-les-villes-proches\/"]}]},{"@type":"ImageObject","inLanguage":"fr-FR","@id":"https:\/\/www.artisanlocal.ch\/c\/energies-renouvelables-a-canton-de-vaud-et-dans-les-villes-proches\/#primaryimage","url":"https:\/\/www.artisanlocal.ch\/c\/wp-content\/uploads\/2024\/10\/energiere-nouvelable.jpg","contentUrl":"https:\/\/www.artisanlocal.ch\/c\/wp-content\/uploads\/2024\/10\/energiere-nouvelable.jpg","width":1920,"height":300},{"@type":"BreadcrumbList","@id":"https:\/\/www.artisanlocal.ch\/c\/energies-renouvelables-a-canton-de-vaud-et-dans-les-villes-proches\/#breadcrumb","itemListElement":[{"@type":"ListItem","position":1,"name":"Accueil","item":"https:\/\/www.artisanlocal.ch\/c\/"},{"@type":"ListItem","position":2,"name":"\u00c9nergies renouvelables \u00e0 canton de Vaud et dans les villes proches"}]},{"@type":"WebSite","@id":"https:\/\/www.artisanlocal.ch\/c\/#website","url":"https:\/\/www.artisanlocal.ch\/c\/","name":"Artisanlocal","description":"","publisher":{"@id":"https:\/\/www.artisanlocal.ch\/c\/#organization"},"potentialAction":[{"@type":"SearchAction","target":{"@type":"EntryPoint","urlTemplate":"https:\/\/www.artisanlocal.ch\/c\/?s={search_term_string}"},"query-input":{"@type":"PropertyValueSpecification","valueRequired":true,"valueName":"search_term_string"}}],"inLanguage":"fr-FR"},{"@type":"Organization","@id":"https:\/\/www.artisanlocal.ch\/c\/#organization","name":"Artisanlocal","url":"https:\/\/www.artisanlocal.ch\/c\/","logo":{"@type":"ImageObject","inLanguage":"fr-FR","@id":"https:\/\/www.artisanlocal.ch\/c\/#\/schema\/logo\/image\/","url":"https:\/\/www.artisanlocal.ch\/c\/wp-content\/uploads\/2024\/02\/logo-artisanlocal-h.svg","contentUrl":"https:\/\/www.artisanlocal.ch\/c\/wp-content\/uploads\/2024\/02\/logo-artisanlocal-h.svg","caption":"Artisanlocal"},"image":{"@id":"https:\/\/www.artisanlocal.ch\/c\/#\/schema\/logo\/image\/"}}]}},"_links":{"self":[{"href":"https:\/\/www.artisanlocal.ch\/c\/wp-json\/wp\/v2\/pages\/2600","targetHints":{"allow":["GET"]}}],"collection":[{"href":"https:\/\/www.artisanlocal.ch\/c\/wp-json\/wp\/v2\/pages"}],"about":[{"href":"https:\/\/www.artisanlocal.ch\/c\/wp-json\/wp\/v2\/types\/page"}],"author":[{"embeddable":true,"href":"https:\/\/www.artisanlocal.ch\/c\/wp-json\/wp\/v2\/users\/4"}],"replies":[{"embeddable":true,"href":"https:\/\/www.artisanlocal.ch\/c\/wp-json\/wp\/v2\/comments?post=2600"}],"version-history":[{"count":0,"href":"https:\/\/www.artisanlocal.ch\/c\/wp-json\/wp\/v2\/pages\/2600\/revisions"}],"wp:featuredmedia":[{"embeddable":true,"href":"https:\/\/www.artisanlocal.ch\/c\/wp-json\/wp\/v2\/media\/2755"}],"wp:attachment":[{"href":"https:\/\/www.artisanlocal.ch\/c\/wp-json\/wp\/v2\/media?parent=2600"}],"wp:term":[{"taxonomy":"profession","embeddable":true,"href":"https:\/\/www.artisanlocal.ch\/c\/wp-json\/wp\/v2\/profession?post=2600"},{"taxonomy":"location","embeddable":true,"href":"https:\/\/www.artisanlocal.ch\/c\/wp-json\/wp\/v2\/location?post=2600"},{"taxonomy":"canton","embeddable":true,"href":"https:\/\/www.artisanlocal.ch\/c\/wp-json\/wp\/v2\/canton?post=2600"}],"curies":[{"name":"wp","href":"https:\/\/api.w.org\/{rel}","templated":true}]}}