{"id":2888,"date":"2024-09-29T18:02:16","date_gmt":"2024-09-29T16:02:16","guid":{"rendered":"https:\/\/www.artisanlocal.ch\/c\/societe-paysagiste-a-romont\/"},"modified":"2025-08-26T19:26:26","modified_gmt":"2025-08-26T17:26:26","slug":"societe-paysagiste-a-romont","status":"publish","type":"page","link":"https:\/\/www.artisanlocal.ch\/c\/societe-paysagiste-a-romont\/","title":{"rendered":"Soci\u00e9t\u00e9 Paysagiste \u00e0 Romont FR"},"content":{"rendered":"<p>Notre entreprise cr\u00e9e et entretien vos espaces ext\u00e9rieurs et jardins. \u00c0 Romont FR, nos paysagistes op\u00e8rent chez les copropri\u00e9t\u00e9s, les professionnels et les particuliers. Nos paysagistes sont \u00e0 l&rsquo;\u00e9coute pour vous proposer des solutions adapt\u00e9es, et en respectant l&rsquo;environnement.<\/p>\n\r\n<div class=\"box\">\r\n            <div class=\"company-info\">\r\n            <img decoding=\"async\" class=\"company-info__logo\" src=\"https:\/\/www.artisanlocal.ch\/media\/cache\/thumb\/images\/companies\/671773c6f1b98541804482.png\" alt=\"Logo\">\r\n            <h2 class=\"company-info__name\">Richoz Cr\u00e9ations S\u00e0rl<\/h2>\r\n            <p class=\"company-info__business\">Paysagiste - Entretien de jardin - Am\u00e9nagements ext\u00e9rieurs<\/p>\r\n        <\/div>\r\n        <div class=\"company-contact\">\r\n            <p class=\"company-info__address\">Le Roseyres 11<\/p>\r\n                            <div class=\"links\">\r\n                                            <a class=\"btn has-accent-background-color js-phoneNumber\" href=\"tel:0795788389\" title=\"Appelez\" data-id=\"3628\" data-type=\"11\">079 578 83 89<\/a>\r\n                                                                <a class=\"btn has-accent-background-color\" href=\"http:\/\/www.richozcreations.ch\/\" target=\"_blank\" title=\"Voir le site internet\" data-id=\"3628\" data-type=\"20\">Site internet<\/a>\r\n                                    <\/div>\r\n                    <\/div>\r\n    \r\n            \r\n<form action=\"https:\/\/www.artisanlocal.ch\/c\/wp-admin\/admin-ajax.php\" method=\"post\" class=\"form-contact\" id=\"artisan_form_contact_company_inline\">\r\n    <div><input type=\"hidden\" name=\"action\" value=\"company_contact\"><\/div>\r\n    <div><input type=\"hidden\" name=\"nonce\" value=\"f071462bb9\"><\/div>\r\n    <div><input type=\"hidden\" name=\"company_id\" value=\"3628\"><\/div>\r\n    <div><input type=\"hidden\" name=\"form_id\" value=\"artisan_form_contact_company_inline\"><\/div>\r\n    <div class=\"gglcptch gglcptch_v3 gglcptch_custom\"><input type=\"hidden\" id=\"g-recaptcha-response\" name=\"g-recaptcha-response\" \/><br \/><div class=\"gglcptch_error_text\">La p\u00e9riode de v\u00e9rification reCAPTCHA a expir\u00e9. Veuillez recharger la page.<\/div><\/div>    <div class=\"form-content\">\r\n        <div class=\"form-group\">\r\n            <label for=\"contact_firstName\" class=\"required\">Pr\u00e9nom<\/label>\r\n            <input type=\"text\" name=\"firstName\" class=\"form-control\" required>\r\n        <\/div>\r\n        <div class=\"form-group\">\r\n            <label for=\"contact_lastName\" class=\"required\">Nom<\/label>\r\n            <input type=\"text\" name=\"lastName\" class=\"form-control\" required>\r\n        <\/div>\r\n        <div class=\"form-group\">\r\n            <label for=\"contact_email\" class=\"required\">Email<\/label>\r\n            <input type=\"email\" name=\"email\" class=\"form-control\" required>\r\n        <\/div>\r\n        <div class=\"form-group\">\r\n            <label for=\"contact_phone\" class=\"required\">Num\u00e9ro de t\u00e9l\u00e9phone<\/label>\r\n            <input type=\"tel\" name=\"phone\" class=\"form-control\" placeholder=\"0787117165\" pattern=\"^[0-9]{10}$\" required>\r\n        <\/div>\r\n        <div class=\"form-group\">\r\n            <label for=\"contact_postalCode\" class=\"required\">Code postal et localit\u00e9<\/label>\r\n            <input type=\"text\" name=\"postalCode\" class=\"form-control\" required>\r\n        <\/div>\r\n        <div class=\"form-group\">\r\n            <label for=\"contact_address\" class=\"required\">Adresse<\/label>\r\n            <input type=\"text\" name=\"address\" class=\"form-control\" required>\r\n        <\/div>\r\n        <div class=\"full-width topic\">\r\n            <p class=\"required\">Je souhaite \u00eatre contact\u00e9 pour :<\/p>\r\n            <div class=\"form-check\">\r\n                <input type=\"radio\" name=\"topic\" value=\"D\u00e9pannage\" class=\"form-control\" required>\r\n                <label for=\"d\u00e9pannage\">D\u00e9pannage<\/label>\r\n            <\/div>\r\n            <div class=\"form-check\">\r\n                <input type=\"radio\" name=\"topic\" value=\"Entretien\" class=\"form-control\" required>\r\n                <label for=\"entretien\">Entretien<\/label>\r\n            <\/div>\r\n            <div class=\"form-check\">\r\n                <input type=\"radio\" name=\"topic\" value=\"R\u00e9novation\" class=\"form-control\" required>\r\n                <label for=\"r\u00e9novation\">R\u00e9novation<\/label>\r\n            <\/div>\r\n            <div class=\"form-check\">\r\n                <input type=\"radio\" name=\"topic\" value=\"Autre\" class=\"form-control\" required>\r\n                <label for=\"autre\">Autre<\/label>\r\n            <\/div>\r\n        <\/div>\r\n        <div class=\"form-group full-width\">\r\n            <label for=\"contact_message\">Message<\/label>\r\n            <textarea name=\"message\" rows=\"3\" class=\"form-control\"><\/textarea>\r\n        <\/div>\r\n    <\/div>\r\n    <div class=\"form-actions\">\r\n        <button class=\"wp-block-button__link has-accent-background-color\">Contacter<\/button>\r\n    <\/div>\r\n<\/form>\r\n<div class=\"form-feedback\"><\/div>    <\/div>\n<h2>Services de jardinage pour les Romont FRois<\/h2>\n<ul>\n<li>Cr\u00e9ation sur mesure et cr\u00e9ation de votre jardin : en fonction de votre exigence, nous organisons et accomplissons votre projet.<\/li>\n<li>Service d&rsquo;entretien pour vos espaces verts : nous intervenons sous contrat ou \u00e0 la prestation selon vos besoins.<\/li>\n<li> Am\u00e9nagement d&rsquo;espace vert sur votre balcon ou terrasse : nous cr\u00e9ons un espace vert sur votre terrasse ou votre balcon pour le transformer en un lieu de vie.<\/li>\n<li> Cr\u00e9ation et am\u00e9nagement d\u2019espaces verts : nous introduisons de la v\u00e9g\u00e9tation dans votre entreprise, b\u00e2timent, restaurant ou centre commercial. R\u00e9novation des jardins : nous nous occupons de la r\u00e9novation compl\u00e8te de vos espaces verts pour les appartements, immeubles et maisons.<\/li>\n<li> Maintenance et entretien des zones urbaines : nous entretenons les berges, les ruelles, les bords de route, les parcs et les jardins.<\/li>\n<\/ul>\n<h2>Nos prestations en am\u00e9nagement paysager<\/h2>\n<ul>\n<li>Cr\u00e9ation de massif <\/li>\n<li>D\u00e9frichement, fauchage<\/li>\n<li>Mise en place de gazon naturel<\/li>\n<li>Fleurissement et plantations<\/li>\n<li>Coupes de rosiers, haies et arbustes<\/li>\n<li>Coupe du gazon<\/li>\n<li>R\u00e9novation de pelouse<\/li>\n<li>Agencement, installation de v\u00e9g\u00e9taux<\/li>\n<li>Aplanissement de sol<\/li>\n<li>Pr\u00e9paration du terrain<\/li>\n<li>Installation de panneaux et de barri\u00e8res<\/li>\n<li>Mise en place de l&rsquo;arrosage <\/li>\n<li>Mise en place de terrasse en bois<\/li>\n<li>Dallage<\/li>\n<li>\u00c9lagage, abattement d&rsquo;arbre<\/li>\n<li>Arrachage de souches<\/li>\n<li>Broyage et \u00e9vacuation des d\u00e9bris<\/li>\n<\/ul>\n<h2>Pourquoi choisir Artisanlocal ?<\/h2>\n<p>\u00c0 Romont FR, nos jardiniers s&rsquo;engagent \u00e0 respecter l&rsquo;habitat. Nous travaillons avec les professionnels, les propri\u00e9taires et les collectivit\u00e9s. Les produits que nos paysagistes utilisent sont \u00e9coresponsables. Notre soci\u00e9t\u00e9 est implant\u00e9e au c\u0153ur de Romont FR. Nos \u00e9quipes sont qualifi\u00e9es et attachent une importance particuli\u00e8re \u00e0 votre satisfaction. Nous nous effor\u00e7ons de r\u00e9pondre \u00e0 vos demandes d\u00e8s que possible. Notre entreprise propose des tarifs attractifs. L&rsquo;estimation de vos travaux de paysagistes est offerte.<\/p>\n<h2>Une seule soci\u00e9t\u00e9 pour g\u00e9rer tous vos besoins en am\u00e9nagement paysager<\/h2>\n<p>Localis\u00e9e \u00e0 Romont FR, Artisanlocal est sp\u00e9cialis\u00e9e dans l\u2019am\u00e9nagement de jardin et prend en charge la cr\u00e9ation et l\u2019entretien de vos espaces ext\u00e9rieurs. En travaillant avec notre soci\u00e9t\u00e9, vous avez un seul interlocuteur pour vous faire gagner de l&rsquo;argent et du temps.<\/p>\n<h2>Quels types de clients accompagnez-vous ?<\/h2>\n<p>Nous accompagnons:<\/p>\n<ul>\n<li>Les restaurants et caf\u00e9s.<\/li>\n<li>Les chambres d&rsquo;h\u00f4tes et \u00e9tablissements h\u00f4teliers.<\/li>\n<li> Les r\u00e9sidences et copropri\u00e9t\u00e9s.<\/li>\n<li> Les propri\u00e9taires.<\/li>\n<li> Les ch\u00e2teaux et terrains agricoles. <\/li>\n<li>Les entreprises.<\/li>\n<\/ul>\n<h2>Paysagistes \u00e0 Romont FR et dans les communes proches<\/h2>\n<p>Nous cr\u00e9ons votre espace vert. Notre \u00e9quipe s&rsquo;adapte au type de votre espace vert et des contraintes (comme la qualit\u00e9 du sol). Apr\u00e8s \u00e9tude de votre projet et des contraintes, nous r\u00e9alisons l&rsquo;int\u00e9gralit\u00e9 de votre projet. Nos paysagistes interviennent \u00e0 Romont FR, et \u00e9galement dans les villes \u00e0 proximit\u00e9, telles que :&nbsp;<\/p>\nBionnens, Esmonts, Ursy, Auboranges, Ecublens FR, Gillarens, Promasens, Rue, Montet (Gl\u00e2ne), Morlens, Vuarmarens, Blessens, Mossel, Vauderens, Chavannes-les-Forts, Prez-vers-Siviriez, Siviriez, Villaraboud, Berlens, Billens, Hennens, M\u00e9zi\u00e8res FR, Villariaz, Grangettes-pr\u00e8s-Romont, La Neirigue, Est\u00e9venens, La Magne, Vuisternens-devant-Romont, Lieffrens, Sommentier, Le Ch\u00e2telard-pr\u00e8s-Romont, Villaz-St-Pierre, Lussy FR, Villarimboud, Massonnens, Chavannes-sous-Orsonnens, Orsonnens, Villargiroud, Villarsiviriaux, La Joux FR, Les Ecasseys, Torny-le-Grand.\n","protected":false},"excerpt":{"rendered":"<p>Notre entreprise cr\u00e9e et entretien vos espaces ext\u00e9rieurs et jardins. \u00c0 Romont FR, nos paysagistes op\u00e8rent chez les copropri\u00e9t\u00e9s, les professionnels et les particuliers. Nos paysagistes sont \u00e0 l&rsquo;\u00e9coute pour vous proposer des solutions adapt\u00e9es, et en respectant l&rsquo;environnement. Services de jardinage pour les Romont FRois Cr\u00e9ation sur mesure et cr\u00e9ation de votre jardin : [&hellip;]<\/p>\n","protected":false},"author":4,"featured_media":2962,"parent":0,"menu_order":0,"comment_status":"closed","ping_status":"closed","template":"","meta":{"footnotes":""},"profession":[128],"location":[43],"canton":[109],"class_list":["post-2888","page","type-page","status-publish","has-post-thumbnail","hentry","profession-jardinier-paysagiste","location-romont-fr","canton-fr"],"yoast_head":"<!-- This site is optimized with the Yoast SEO Premium plugin v25.7.1 (Yoast SEO v27.4) - https:\/\/yoast.com\/product\/yoast-seo-premium-wordpress\/ -->\n<title>Soci\u00e9t\u00e9 Paysagiste \u00e0 Romont FR - Artisanlocal<\/title>\n<meta name=\"robots\" content=\"index, follow, max-snippet:-1, max-image-preview:large, max-video-preview:-1\" \/>\n<link rel=\"canonical\" href=\"https:\/\/www.artisanlocal.ch\/c\/societe-paysagiste-a-romont\/\" \/>\n<meta property=\"og:locale\" content=\"fr_FR\" \/>\n<meta property=\"og:type\" content=\"article\" \/>\n<meta property=\"og:title\" content=\"Soci\u00e9t\u00e9 Paysagiste \u00e0 Romont FR\" \/>\n<meta property=\"og:description\" content=\"Notre entreprise cr\u00e9e et entretien vos espaces ext\u00e9rieurs et jardins. \u00c0 Romont FR, nos paysagistes op\u00e8rent chez les copropri\u00e9t\u00e9s, les professionnels et les particuliers. Nos paysagistes sont \u00e0 l&rsquo;\u00e9coute pour vous proposer des solutions adapt\u00e9es, et en respectant l&rsquo;environnement. Services de jardinage pour les Romont FRois Cr\u00e9ation sur mesure et cr\u00e9ation de votre jardin : [&hellip;]\" \/>\n<meta property=\"og:url\" content=\"https:\/\/www.artisanlocal.ch\/c\/societe-paysagiste-a-romont\/\" \/>\n<meta property=\"og:site_name\" content=\"Artisanlocal\" \/>\n<meta property=\"article:modified_time\" content=\"2025-08-26T17:26:26+00:00\" \/>\n<meta property=\"og:image\" content=\"https:\/\/www.artisanlocal.ch\/c\/wp-content\/uploads\/2024\/11\/paysagiste-jardinier.jpg\" \/>\n\t<meta property=\"og:image:width\" content=\"1920\" \/>\n\t<meta property=\"og:image:height\" content=\"300\" \/>\n\t<meta property=\"og:image:type\" content=\"image\/jpeg\" \/>\n<meta name=\"twitter:card\" content=\"summary_large_image\" \/>\n<meta name=\"twitter:label1\" content=\"Dur\u00e9e de lecture estim\u00e9e\" \/>\n\t<meta name=\"twitter:data1\" content=\"3 minutes\" \/>\n<script type=\"application\/ld+json\" class=\"yoast-schema-graph\">{\"@context\":\"https:\\\/\\\/schema.org\",\"@graph\":[{\"@type\":\"WebPage\",\"@id\":\"https:\\\/\\\/www.artisanlocal.ch\\\/c\\\/societe-paysagiste-a-romont\\\/\",\"url\":\"https:\\\/\\\/www.artisanlocal.ch\\\/c\\\/societe-paysagiste-a-romont\\\/\",\"name\":\"Soci\u00e9t\u00e9 Paysagiste \u00e0 Romont FR - Artisanlocal\",\"isPartOf\":{\"@id\":\"https:\\\/\\\/www.artisanlocal.ch\\\/c\\\/#website\"},\"primaryImageOfPage\":{\"@id\":\"https:\\\/\\\/www.artisanlocal.ch\\\/c\\\/societe-paysagiste-a-romont\\\/#primaryimage\"},\"image\":{\"@id\":\"https:\\\/\\\/www.artisanlocal.ch\\\/c\\\/societe-paysagiste-a-romont\\\/#primaryimage\"},\"thumbnailUrl\":\"https:\\\/\\\/www.artisanlocal.ch\\\/c\\\/wp-content\\\/uploads\\\/2024\\\/11\\\/paysagiste-jardinier.jpg\",\"datePublished\":\"2024-09-29T16:02:16+00:00\",\"dateModified\":\"2025-08-26T17:26:26+00:00\",\"breadcrumb\":{\"@id\":\"https:\\\/\\\/www.artisanlocal.ch\\\/c\\\/societe-paysagiste-a-romont\\\/#breadcrumb\"},\"inLanguage\":\"fr-FR\",\"potentialAction\":[{\"@type\":\"ReadAction\",\"target\":[\"https:\\\/\\\/www.artisanlocal.ch\\\/c\\\/societe-paysagiste-a-romont\\\/\"]}]},{\"@type\":\"ImageObject\",\"inLanguage\":\"fr-FR\",\"@id\":\"https:\\\/\\\/www.artisanlocal.ch\\\/c\\\/societe-paysagiste-a-romont\\\/#primaryimage\",\"url\":\"https:\\\/\\\/www.artisanlocal.ch\\\/c\\\/wp-content\\\/uploads\\\/2024\\\/11\\\/paysagiste-jardinier.jpg\",\"contentUrl\":\"https:\\\/\\\/www.artisanlocal.ch\\\/c\\\/wp-content\\\/uploads\\\/2024\\\/11\\\/paysagiste-jardinier.jpg\",\"width\":1920,\"height\":300},{\"@type\":\"BreadcrumbList\",\"@id\":\"https:\\\/\\\/www.artisanlocal.ch\\\/c\\\/societe-paysagiste-a-romont\\\/#breadcrumb\",\"itemListElement\":[{\"@type\":\"ListItem\",\"position\":1,\"name\":\"Accueil\",\"item\":\"https:\\\/\\\/www.artisanlocal.ch\\\/c\\\/\"},{\"@type\":\"ListItem\",\"position\":2,\"name\":\"Soci\u00e9t\u00e9 Paysagiste \u00e0 Romont\"}]},{\"@type\":\"WebSite\",\"@id\":\"https:\\\/\\\/www.artisanlocal.ch\\\/c\\\/#website\",\"url\":\"https:\\\/\\\/www.artisanlocal.ch\\\/c\\\/\",\"name\":\"Artisanlocal\",\"description\":\"\",\"publisher\":{\"@id\":\"https:\\\/\\\/www.artisanlocal.ch\\\/c\\\/#organization\"},\"potentialAction\":[{\"@type\":\"SearchAction\",\"target\":{\"@type\":\"EntryPoint\",\"urlTemplate\":\"https:\\\/\\\/www.artisanlocal.ch\\\/c\\\/?s={search_term_string}\"},\"query-input\":{\"@type\":\"PropertyValueSpecification\",\"valueRequired\":true,\"valueName\":\"search_term_string\"}}],\"inLanguage\":\"fr-FR\"},{\"@type\":\"Organization\",\"@id\":\"https:\\\/\\\/www.artisanlocal.ch\\\/c\\\/#organization\",\"name\":\"Artisanlocal\",\"url\":\"https:\\\/\\\/www.artisanlocal.ch\\\/c\\\/\",\"logo\":{\"@type\":\"ImageObject\",\"inLanguage\":\"fr-FR\",\"@id\":\"https:\\\/\\\/www.artisanlocal.ch\\\/c\\\/#\\\/schema\\\/logo\\\/image\\\/\",\"url\":\"https:\\\/\\\/www.artisanlocal.ch\\\/c\\\/wp-content\\\/uploads\\\/2024\\\/02\\\/logo-artisanlocal-h.svg\",\"contentUrl\":\"https:\\\/\\\/www.artisanlocal.ch\\\/c\\\/wp-content\\\/uploads\\\/2024\\\/02\\\/logo-artisanlocal-h.svg\",\"caption\":\"Artisanlocal\"},\"image\":{\"@id\":\"https:\\\/\\\/www.artisanlocal.ch\\\/c\\\/#\\\/schema\\\/logo\\\/image\\\/\"}}]}<\/script>\n<!-- \/ Yoast SEO Premium plugin. -->","yoast_head_json":{"title":"Soci\u00e9t\u00e9 Paysagiste \u00e0 Romont FR - Artisanlocal","robots":{"index":"index","follow":"follow","max-snippet":"max-snippet:-1","max-image-preview":"max-image-preview:large","max-video-preview":"max-video-preview:-1"},"canonical":"https:\/\/www.artisanlocal.ch\/c\/societe-paysagiste-a-romont\/","og_locale":"fr_FR","og_type":"article","og_title":"Soci\u00e9t\u00e9 Paysagiste \u00e0 Romont FR","og_description":"Notre entreprise cr\u00e9e et entretien vos espaces ext\u00e9rieurs et jardins. \u00c0 Romont FR, nos paysagistes op\u00e8rent chez les copropri\u00e9t\u00e9s, les professionnels et les particuliers. Nos paysagistes sont \u00e0 l&rsquo;\u00e9coute pour vous proposer des solutions adapt\u00e9es, et en respectant l&rsquo;environnement. Services de jardinage pour les Romont FRois Cr\u00e9ation sur mesure et cr\u00e9ation de votre jardin : [&hellip;]","og_url":"https:\/\/www.artisanlocal.ch\/c\/societe-paysagiste-a-romont\/","og_site_name":"Artisanlocal","article_modified_time":"2025-08-26T17:26:26+00:00","og_image":[{"width":1920,"height":300,"url":"https:\/\/www.artisanlocal.ch\/c\/wp-content\/uploads\/2024\/11\/paysagiste-jardinier.jpg","type":"image\/jpeg"}],"twitter_card":"summary_large_image","twitter_misc":{"Dur\u00e9e de lecture estim\u00e9e":"3 minutes"},"schema":{"@context":"https:\/\/schema.org","@graph":[{"@type":"WebPage","@id":"https:\/\/www.artisanlocal.ch\/c\/societe-paysagiste-a-romont\/","url":"https:\/\/www.artisanlocal.ch\/c\/societe-paysagiste-a-romont\/","name":"Soci\u00e9t\u00e9 Paysagiste \u00e0 Romont FR - Artisanlocal","isPartOf":{"@id":"https:\/\/www.artisanlocal.ch\/c\/#website"},"primaryImageOfPage":{"@id":"https:\/\/www.artisanlocal.ch\/c\/societe-paysagiste-a-romont\/#primaryimage"},"image":{"@id":"https:\/\/www.artisanlocal.ch\/c\/societe-paysagiste-a-romont\/#primaryimage"},"thumbnailUrl":"https:\/\/www.artisanlocal.ch\/c\/wp-content\/uploads\/2024\/11\/paysagiste-jardinier.jpg","datePublished":"2024-09-29T16:02:16+00:00","dateModified":"2025-08-26T17:26:26+00:00","breadcrumb":{"@id":"https:\/\/www.artisanlocal.ch\/c\/societe-paysagiste-a-romont\/#breadcrumb"},"inLanguage":"fr-FR","potentialAction":[{"@type":"ReadAction","target":["https:\/\/www.artisanlocal.ch\/c\/societe-paysagiste-a-romont\/"]}]},{"@type":"ImageObject","inLanguage":"fr-FR","@id":"https:\/\/www.artisanlocal.ch\/c\/societe-paysagiste-a-romont\/#primaryimage","url":"https:\/\/www.artisanlocal.ch\/c\/wp-content\/uploads\/2024\/11\/paysagiste-jardinier.jpg","contentUrl":"https:\/\/www.artisanlocal.ch\/c\/wp-content\/uploads\/2024\/11\/paysagiste-jardinier.jpg","width":1920,"height":300},{"@type":"BreadcrumbList","@id":"https:\/\/www.artisanlocal.ch\/c\/societe-paysagiste-a-romont\/#breadcrumb","itemListElement":[{"@type":"ListItem","position":1,"name":"Accueil","item":"https:\/\/www.artisanlocal.ch\/c\/"},{"@type":"ListItem","position":2,"name":"Soci\u00e9t\u00e9 Paysagiste \u00e0 Romont"}]},{"@type":"WebSite","@id":"https:\/\/www.artisanlocal.ch\/c\/#website","url":"https:\/\/www.artisanlocal.ch\/c\/","name":"Artisanlocal","description":"","publisher":{"@id":"https:\/\/www.artisanlocal.ch\/c\/#organization"},"potentialAction":[{"@type":"SearchAction","target":{"@type":"EntryPoint","urlTemplate":"https:\/\/www.artisanlocal.ch\/c\/?s={search_term_string}"},"query-input":{"@type":"PropertyValueSpecification","valueRequired":true,"valueName":"search_term_string"}}],"inLanguage":"fr-FR"},{"@type":"Organization","@id":"https:\/\/www.artisanlocal.ch\/c\/#organization","name":"Artisanlocal","url":"https:\/\/www.artisanlocal.ch\/c\/","logo":{"@type":"ImageObject","inLanguage":"fr-FR","@id":"https:\/\/www.artisanlocal.ch\/c\/#\/schema\/logo\/image\/","url":"https:\/\/www.artisanlocal.ch\/c\/wp-content\/uploads\/2024\/02\/logo-artisanlocal-h.svg","contentUrl":"https:\/\/www.artisanlocal.ch\/c\/wp-content\/uploads\/2024\/02\/logo-artisanlocal-h.svg","caption":"Artisanlocal"},"image":{"@id":"https:\/\/www.artisanlocal.ch\/c\/#\/schema\/logo\/image\/"}}]}},"_links":{"self":[{"href":"https:\/\/www.artisanlocal.ch\/c\/wp-json\/wp\/v2\/pages\/2888","targetHints":{"allow":["GET"]}}],"collection":[{"href":"https:\/\/www.artisanlocal.ch\/c\/wp-json\/wp\/v2\/pages"}],"about":[{"href":"https:\/\/www.artisanlocal.ch\/c\/wp-json\/wp\/v2\/types\/page"}],"author":[{"embeddable":true,"href":"https:\/\/www.artisanlocal.ch\/c\/wp-json\/wp\/v2\/users\/4"}],"replies":[{"embeddable":true,"href":"https:\/\/www.artisanlocal.ch\/c\/wp-json\/wp\/v2\/comments?post=2888"}],"version-history":[{"count":0,"href":"https:\/\/www.artisanlocal.ch\/c\/wp-json\/wp\/v2\/pages\/2888\/revisions"}],"wp:featuredmedia":[{"embeddable":true,"href":"https:\/\/www.artisanlocal.ch\/c\/wp-json\/wp\/v2\/media\/2962"}],"wp:attachment":[{"href":"https:\/\/www.artisanlocal.ch\/c\/wp-json\/wp\/v2\/media?parent=2888"}],"wp:term":[{"taxonomy":"profession","embeddable":true,"href":"https:\/\/www.artisanlocal.ch\/c\/wp-json\/wp\/v2\/profession?post=2888"},{"taxonomy":"location","embeddable":true,"href":"https:\/\/www.artisanlocal.ch\/c\/wp-json\/wp\/v2\/location?post=2888"},{"taxonomy":"canton","embeddable":true,"href":"https:\/\/www.artisanlocal.ch\/c\/wp-json\/wp\/v2\/canton?post=2888"}],"curies":[{"name":"wp","href":"https:\/\/api.w.org\/{rel}","templated":true}]}}