{"id":2896,"date":"2024-09-28T20:15:45","date_gmt":"2024-09-28T18:15:45","guid":{"rendered":"https:\/\/www.artisanlocal.ch\/c\/entreprise-paysagiste-a-aubonne\/"},"modified":"2025-08-26T19:26:33","modified_gmt":"2025-08-26T17:26:33","slug":"entreprise-paysagiste-a-aubonne","status":"publish","type":"page","link":"https:\/\/www.artisanlocal.ch\/c\/entreprise-paysagiste-a-aubonne\/","title":{"rendered":"Entreprise Paysagiste \u00e0 Aubonne"},"content":{"rendered":"<p>Artisanlocal cr\u00e9e, adapte et entretien votre jardin. Notre \u00e9quipe de jardiniers paysagistes op\u00e8re \u00e0 Aubonne aupr\u00e8s des particuliers, copropri\u00e9t\u00e9s et professionnels. Nos jardiniers sont \u00e0 l&rsquo;\u00e9coute de vos besoins et vous proposent des travaux adapt\u00e9s tout en respectant la biodiversit\u00e9 locale.<\/p>\n\r\n<div class=\"box\">\r\n            <div class=\"company-info\">\r\n            <img decoding=\"async\" class=\"company-info__logo\" src=\"https:\/\/www.artisanlocal.ch\/media\/cache\/thumb\/images\/companies\/63e4c59ae1f3e427341914.png\" alt=\"Logo\">\r\n            <h2 class=\"company-info__name\">de La Harpe Paysage et Cr\u00e9ation<\/h2>\r\n            <p class=\"company-info__business\">Paysagistes - Entretien de jardin - Am\u00e9nagements ext\u00e9rieurs<\/p>\r\n        <\/div>\r\n        <div class=\"company-contact\">\r\n            <p class=\"company-info__address\">Chemin du Gros-Ch\u00e8vre 9<\/p>\r\n                            <div class=\"links\">\r\n                                            <a class=\"btn has-accent-background-color js-phoneNumber\" href=\"tel:0796737770\" title=\"Appelez\" data-id=\"15431\" data-type=\"11\">079 673 77 70<\/a>\r\n                                                                <a class=\"btn has-accent-background-color\" href=\"https:\/\/dlh-paysage.digitalone.site\/\" target=\"_blank\" title=\"Voir le site internet\" data-id=\"15431\" data-type=\"20\">Site internet<\/a>\r\n                                    <\/div>\r\n                    <\/div>\r\n    \r\n            \r\n<form action=\"https:\/\/www.artisanlocal.ch\/c\/wp-admin\/admin-ajax.php\" method=\"post\" class=\"form-contact\" id=\"artisan_form_contact_company_inline\">\r\n    <div><input type=\"hidden\" name=\"action\" value=\"company_contact\"><\/div>\r\n    <div><input type=\"hidden\" name=\"nonce\" value=\"2ab39f2652\"><\/div>\r\n    <div><input type=\"hidden\" name=\"company_id\" value=\"15431\"><\/div>\r\n    <div><input type=\"hidden\" name=\"form_id\" value=\"artisan_form_contact_company_inline\"><\/div>\r\n    <div class=\"gglcptch gglcptch_v3 gglcptch_custom\"><input type=\"hidden\" id=\"g-recaptcha-response\" name=\"g-recaptcha-response\" \/><br \/><div class=\"gglcptch_error_text\">La p\u00e9riode de v\u00e9rification reCAPTCHA a expir\u00e9. Veuillez recharger la page.<\/div><\/div>    <div class=\"form-content\">\r\n        <div class=\"form-group\">\r\n            <label for=\"contact_firstName\" class=\"required\">Pr\u00e9nom<\/label>\r\n            <input type=\"text\" name=\"firstName\" class=\"form-control\" required>\r\n        <\/div>\r\n        <div class=\"form-group\">\r\n            <label for=\"contact_lastName\" class=\"required\">Nom<\/label>\r\n            <input type=\"text\" name=\"lastName\" class=\"form-control\" required>\r\n        <\/div>\r\n        <div class=\"form-group\">\r\n            <label for=\"contact_email\" class=\"required\">Email<\/label>\r\n            <input type=\"email\" name=\"email\" class=\"form-control\" required>\r\n        <\/div>\r\n        <div class=\"form-group\">\r\n            <label for=\"contact_phone\" class=\"required\">Num\u00e9ro de t\u00e9l\u00e9phone<\/label>\r\n            <input type=\"tel\" name=\"phone\" class=\"form-control\" placeholder=\"0787117165\" pattern=\"^[0-9]{10}$\" required>\r\n        <\/div>\r\n        <div class=\"form-group\">\r\n            <label for=\"contact_postalCode\" class=\"required\">Code postal et localit\u00e9<\/label>\r\n            <input type=\"text\" name=\"postalCode\" class=\"form-control\" required>\r\n        <\/div>\r\n        <div class=\"form-group\">\r\n            <label for=\"contact_address\" class=\"required\">Adresse<\/label>\r\n            <input type=\"text\" name=\"address\" class=\"form-control\" required>\r\n        <\/div>\r\n        <div class=\"full-width topic\">\r\n            <p class=\"required\">Je souhaite \u00eatre contact\u00e9 pour :<\/p>\r\n            <div class=\"form-check\">\r\n                <input type=\"radio\" name=\"topic\" value=\"D\u00e9pannage\" class=\"form-control\" required>\r\n                <label for=\"d\u00e9pannage\">D\u00e9pannage<\/label>\r\n            <\/div>\r\n            <div class=\"form-check\">\r\n                <input type=\"radio\" name=\"topic\" value=\"Entretien\" class=\"form-control\" required>\r\n                <label for=\"entretien\">Entretien<\/label>\r\n            <\/div>\r\n            <div class=\"form-check\">\r\n                <input type=\"radio\" name=\"topic\" value=\"R\u00e9novation\" class=\"form-control\" required>\r\n                <label for=\"r\u00e9novation\">R\u00e9novation<\/label>\r\n            <\/div>\r\n            <div class=\"form-check\">\r\n                <input type=\"radio\" name=\"topic\" value=\"Autre\" class=\"form-control\" required>\r\n                <label for=\"autre\">Autre<\/label>\r\n            <\/div>\r\n        <\/div>\r\n        <div class=\"form-group full-width\">\r\n            <label for=\"contact_message\">Message<\/label>\r\n            <textarea name=\"message\" rows=\"3\" class=\"form-control\"><\/textarea>\r\n        <\/div>\r\n    <\/div>\r\n    <div class=\"form-actions\">\r\n        <button class=\"wp-block-button__link has-accent-background-color\">Contacter<\/button>\r\n    <\/div>\r\n<\/form>\r\n<div class=\"form-feedback\"><\/div>    <\/div>\n<h2>Prestations personnalis\u00e9es en fonction de votre espace vert<\/h2>\n<ul>\n<li>Conception et am\u00e9nagement de votre jardin : en fonction de votre exigence, nous organisons et effectuons votre projet d&rsquo;am\u00e9nagement paysager sur mesure.<\/li>\n<li>Service d&rsquo;entretien pour vos espaces verts : nous intervenons sous contrat ou \u00e0 la prestation en fonction de vos attentes.<\/li>\n<li> Am\u00e9nagement de jardin sur votre terrasse ou balcon : nos jardiniers transforment votre balcon ou votre terrasse en y construisant un jardin.<\/li>\n<li> V\u00e9g\u00e9talisation : nous installons une touche de verdure dans votre entreprise, immeuble, h\u00f4tel ou centre commercial. R\u00e9novation et modernisation des terrains et espaces verts : nous r\u00e9alisons la restauration et de vos espaces verts et jardins pour les b\u00e2timents, maisons et appartements.<\/li>\n<li> Entretien des zones urbaines : nous restaurons les berges, les ruelles, les bords de route, les parcs et les jardins.<\/li>\n<\/ul>\n<h2>Nos services en am\u00e9nagement paysager<\/h2>\n<ul>\n<li>\u00c9lagage, enl\u00e8vement d&rsquo;arbre<\/li>\n<li>Broyage et \u00e9vacuation des d\u00e9chets<\/li>\n<li>D\u00e9broussaillage, fauchage<\/li>\n<li>Am\u00e9nagement, v\u00e9g\u00e9talisation<\/li>\n<li>Cr\u00e9ation de massif de jardin<\/li>\n<li>Pose de pelouse naturelle<\/li>\n<li>Fleurissement et plantations<\/li>\n<li>Pose de panneaux en bois et de cl\u00f4tures<\/li>\n<li>Coupe du gazon<\/li>\n<li>Coupes de haies, arbustes et rosiers<\/li>\n<li>Mise en place de l&rsquo;arrosage automatique<\/li>\n<li>R\u00e9novation de pelouse<\/li>\n<li>D\u00e9racinement de souches<\/li>\n<li>Nivellement de terrain<\/li>\n<li>Terrassement<\/li>\n<li>Installation de terrasse en lames de bois<\/li>\n<li>Dallage<\/li>\n<\/ul>\n<h2>Pourquoi s\u00e9lectionner Artisanlocal ?<\/h2>\n<p>Nos paysagistes \u00e0 Aubonne respectent l&rsquo;environnement. Nous travaillons avec les propri\u00e9taires, les collectivit\u00e9s et les professionnels. Nous employons que des produits \u00e9coresponsables. Notre soci\u00e9t\u00e9 est localis\u00e9e au c\u0153ur de Aubonne. Les jardiniers qui op\u00e8rent chez vous veillent \u00e0 votre satisfaction. Nous nous effor\u00e7ons de r\u00e9pondre \u00e0 vos demandes d\u00e8s que possible. Nos tarifs sont comp\u00e9titifs. L&rsquo;\u00e9valuation de vos travaux est offerte.<\/p>\n<h2>Une entreprise pour g\u00e9rer tous vos besoins <\/h2>\n<p>Localis\u00e9e \u00e0 Aubonne, Artisanlocal est sp\u00e9cialis\u00e9e dans l&rsquo;am\u00e9nagement paysager et r\u00e9alise aussi l\u2019entretien et la cr\u00e9ation de vos ext\u00e9rieurs. Avec notre soci\u00e9t\u00e9, vous un interlocuteur unique, vous permettant ainsi de gagner de l&rsquo;argent et du temps.<\/p>\n<h2>Quels sont les types de clients qu&rsquo;Artisanlocal accompagne ?<\/h2>\n<p>Nous accompagnons:<\/p>\n<ul>\n<li>Les \u00e9tablissements et caf\u00e9s.<\/li>\n<li>Les chambres d&rsquo;h\u00f4tes et h\u00f4tels.<\/li>\n<li> Les copropri\u00e9t\u00e9s et logements.<\/li>\n<li> Les particuliers.<\/li>\n<li> Les ch\u00e2teaux et terrains agricoles. <\/li>\n<li>Les soci\u00e9t\u00e9s.<\/li>\n<\/ul>\n<h2>Jardiniers paysagistes \u00e0 Aubonne et dans les municipalit\u00e9s proches<\/h2>\n<p>Nous cr\u00e9ons le jardin dont vous r\u00eavez. Notre \u00e9quipe s&rsquo;adapte au style de votre espace vert et des contraintes (comme la caract\u00e9ristique du terrain). Apr\u00e8s \u00e9tude de votre projet et des contraintes, nous r\u00e9alisons la totalit\u00e9 de vos travaux. Notre \u00e9quipe op\u00e8re \u00e0 Aubonne, mais aussi dans les villes aux environs comme :&nbsp;<\/p>\nApples, Ballens, Bi\u00e8re, Mollens VD, Berolle, Etoy, Buchillon, Allaman, Perroy, Villars-sous-Yens, Yens, Bougy-Villars, F\u00e9chy, Pizy, Montherod, Lavigny, St-Livres, Saubraz.\n","protected":false},"excerpt":{"rendered":"<p>Artisanlocal cr\u00e9e, adapte et entretien votre jardin. Notre \u00e9quipe de jardiniers paysagistes op\u00e8re \u00e0 Aubonne aupr\u00e8s des particuliers, copropri\u00e9t\u00e9s et professionnels. Nos jardiniers sont \u00e0 l&rsquo;\u00e9coute de vos besoins et vous proposent des travaux adapt\u00e9s tout en respectant la biodiversit\u00e9 locale. Prestations personnalis\u00e9es en fonction de votre espace vert Conception et am\u00e9nagement de votre jardin [&hellip;]<\/p>\n","protected":false},"author":4,"featured_media":2962,"parent":0,"menu_order":0,"comment_status":"closed","ping_status":"closed","template":"","meta":{"footnotes":""},"profession":[128],"location":[27],"canton":[113],"class_list":["post-2896","page","type-page","status-publish","has-post-thumbnail","hentry","profession-jardinier-paysagiste","location-aubonne","canton-vd"],"yoast_head":"<!-- This site is optimized with the Yoast SEO Premium plugin v25.7.1 (Yoast SEO v27.3) - https:\/\/yoast.com\/product\/yoast-seo-premium-wordpress\/ -->\n<title>Entreprise Paysagiste \u00e0 Aubonne - Artisanlocal<\/title>\n<meta name=\"robots\" content=\"index, follow, max-snippet:-1, max-image-preview:large, max-video-preview:-1\" \/>\n<link rel=\"canonical\" href=\"https:\/\/www.artisanlocal.ch\/c\/entreprise-paysagiste-a-aubonne\/\" \/>\n<meta property=\"og:locale\" content=\"fr_FR\" \/>\n<meta property=\"og:type\" content=\"article\" \/>\n<meta property=\"og:title\" content=\"Entreprise Paysagiste \u00e0 Aubonne\" \/>\n<meta property=\"og:description\" content=\"Artisanlocal cr\u00e9e, adapte et entretien votre jardin. Notre \u00e9quipe de jardiniers paysagistes op\u00e8re \u00e0 Aubonne aupr\u00e8s des particuliers, copropri\u00e9t\u00e9s et professionnels. Nos jardiniers sont \u00e0 l&rsquo;\u00e9coute de vos besoins et vous proposent des travaux adapt\u00e9s tout en respectant la biodiversit\u00e9 locale. Prestations personnalis\u00e9es en fonction de votre espace vert Conception et am\u00e9nagement de votre jardin [&hellip;]\" \/>\n<meta property=\"og:url\" content=\"https:\/\/www.artisanlocal.ch\/c\/entreprise-paysagiste-a-aubonne\/\" \/>\n<meta property=\"og:site_name\" content=\"Artisanlocal\" \/>\n<meta property=\"article:modified_time\" content=\"2025-08-26T17:26:33+00:00\" \/>\n<meta property=\"og:image\" content=\"https:\/\/www.artisanlocal.ch\/c\/wp-content\/uploads\/2024\/11\/paysagiste-jardinier.jpg\" \/>\n\t<meta property=\"og:image:width\" content=\"1920\" \/>\n\t<meta property=\"og:image:height\" content=\"300\" \/>\n\t<meta property=\"og:image:type\" content=\"image\/jpeg\" \/>\n<meta name=\"twitter:card\" content=\"summary_large_image\" \/>\n<meta name=\"twitter:label1\" content=\"Dur\u00e9e de lecture estim\u00e9e\" \/>\n\t<meta name=\"twitter:data1\" content=\"3 minutes\" \/>\n<script type=\"application\/ld+json\" class=\"yoast-schema-graph\">{\"@context\":\"https:\\\/\\\/schema.org\",\"@graph\":[{\"@type\":\"WebPage\",\"@id\":\"https:\\\/\\\/www.artisanlocal.ch\\\/c\\\/entreprise-paysagiste-a-aubonne\\\/\",\"url\":\"https:\\\/\\\/www.artisanlocal.ch\\\/c\\\/entreprise-paysagiste-a-aubonne\\\/\",\"name\":\"Entreprise Paysagiste \u00e0 Aubonne - Artisanlocal\",\"isPartOf\":{\"@id\":\"https:\\\/\\\/www.artisanlocal.ch\\\/c\\\/#website\"},\"primaryImageOfPage\":{\"@id\":\"https:\\\/\\\/www.artisanlocal.ch\\\/c\\\/entreprise-paysagiste-a-aubonne\\\/#primaryimage\"},\"image\":{\"@id\":\"https:\\\/\\\/www.artisanlocal.ch\\\/c\\\/entreprise-paysagiste-a-aubonne\\\/#primaryimage\"},\"thumbnailUrl\":\"https:\\\/\\\/www.artisanlocal.ch\\\/c\\\/wp-content\\\/uploads\\\/2024\\\/11\\\/paysagiste-jardinier.jpg\",\"datePublished\":\"2024-09-28T18:15:45+00:00\",\"dateModified\":\"2025-08-26T17:26:33+00:00\",\"breadcrumb\":{\"@id\":\"https:\\\/\\\/www.artisanlocal.ch\\\/c\\\/entreprise-paysagiste-a-aubonne\\\/#breadcrumb\"},\"inLanguage\":\"fr-FR\",\"potentialAction\":[{\"@type\":\"ReadAction\",\"target\":[\"https:\\\/\\\/www.artisanlocal.ch\\\/c\\\/entreprise-paysagiste-a-aubonne\\\/\"]}]},{\"@type\":\"ImageObject\",\"inLanguage\":\"fr-FR\",\"@id\":\"https:\\\/\\\/www.artisanlocal.ch\\\/c\\\/entreprise-paysagiste-a-aubonne\\\/#primaryimage\",\"url\":\"https:\\\/\\\/www.artisanlocal.ch\\\/c\\\/wp-content\\\/uploads\\\/2024\\\/11\\\/paysagiste-jardinier.jpg\",\"contentUrl\":\"https:\\\/\\\/www.artisanlocal.ch\\\/c\\\/wp-content\\\/uploads\\\/2024\\\/11\\\/paysagiste-jardinier.jpg\",\"width\":1920,\"height\":300},{\"@type\":\"BreadcrumbList\",\"@id\":\"https:\\\/\\\/www.artisanlocal.ch\\\/c\\\/entreprise-paysagiste-a-aubonne\\\/#breadcrumb\",\"itemListElement\":[{\"@type\":\"ListItem\",\"position\":1,\"name\":\"Accueil\",\"item\":\"https:\\\/\\\/www.artisanlocal.ch\\\/c\\\/\"},{\"@type\":\"ListItem\",\"position\":2,\"name\":\"Entreprise Paysagiste \u00e0 Aubonne\"}]},{\"@type\":\"WebSite\",\"@id\":\"https:\\\/\\\/www.artisanlocal.ch\\\/c\\\/#website\",\"url\":\"https:\\\/\\\/www.artisanlocal.ch\\\/c\\\/\",\"name\":\"Artisanlocal\",\"description\":\"\",\"publisher\":{\"@id\":\"https:\\\/\\\/www.artisanlocal.ch\\\/c\\\/#organization\"},\"potentialAction\":[{\"@type\":\"SearchAction\",\"target\":{\"@type\":\"EntryPoint\",\"urlTemplate\":\"https:\\\/\\\/www.artisanlocal.ch\\\/c\\\/?s={search_term_string}\"},\"query-input\":{\"@type\":\"PropertyValueSpecification\",\"valueRequired\":true,\"valueName\":\"search_term_string\"}}],\"inLanguage\":\"fr-FR\"},{\"@type\":\"Organization\",\"@id\":\"https:\\\/\\\/www.artisanlocal.ch\\\/c\\\/#organization\",\"name\":\"Artisanlocal\",\"url\":\"https:\\\/\\\/www.artisanlocal.ch\\\/c\\\/\",\"logo\":{\"@type\":\"ImageObject\",\"inLanguage\":\"fr-FR\",\"@id\":\"https:\\\/\\\/www.artisanlocal.ch\\\/c\\\/#\\\/schema\\\/logo\\\/image\\\/\",\"url\":\"https:\\\/\\\/www.artisanlocal.ch\\\/c\\\/wp-content\\\/uploads\\\/2024\\\/02\\\/logo-artisanlocal-h.svg\",\"contentUrl\":\"https:\\\/\\\/www.artisanlocal.ch\\\/c\\\/wp-content\\\/uploads\\\/2024\\\/02\\\/logo-artisanlocal-h.svg\",\"caption\":\"Artisanlocal\"},\"image\":{\"@id\":\"https:\\\/\\\/www.artisanlocal.ch\\\/c\\\/#\\\/schema\\\/logo\\\/image\\\/\"}}]}<\/script>\n<!-- \/ Yoast SEO Premium plugin. -->","yoast_head_json":{"title":"Entreprise Paysagiste \u00e0 Aubonne - Artisanlocal","robots":{"index":"index","follow":"follow","max-snippet":"max-snippet:-1","max-image-preview":"max-image-preview:large","max-video-preview":"max-video-preview:-1"},"canonical":"https:\/\/www.artisanlocal.ch\/c\/entreprise-paysagiste-a-aubonne\/","og_locale":"fr_FR","og_type":"article","og_title":"Entreprise Paysagiste \u00e0 Aubonne","og_description":"Artisanlocal cr\u00e9e, adapte et entretien votre jardin. Notre \u00e9quipe de jardiniers paysagistes op\u00e8re \u00e0 Aubonne aupr\u00e8s des particuliers, copropri\u00e9t\u00e9s et professionnels. Nos jardiniers sont \u00e0 l&rsquo;\u00e9coute de vos besoins et vous proposent des travaux adapt\u00e9s tout en respectant la biodiversit\u00e9 locale. Prestations personnalis\u00e9es en fonction de votre espace vert Conception et am\u00e9nagement de votre jardin [&hellip;]","og_url":"https:\/\/www.artisanlocal.ch\/c\/entreprise-paysagiste-a-aubonne\/","og_site_name":"Artisanlocal","article_modified_time":"2025-08-26T17:26:33+00:00","og_image":[{"width":1920,"height":300,"url":"https:\/\/www.artisanlocal.ch\/c\/wp-content\/uploads\/2024\/11\/paysagiste-jardinier.jpg","type":"image\/jpeg"}],"twitter_card":"summary_large_image","twitter_misc":{"Dur\u00e9e de lecture estim\u00e9e":"3 minutes"},"schema":{"@context":"https:\/\/schema.org","@graph":[{"@type":"WebPage","@id":"https:\/\/www.artisanlocal.ch\/c\/entreprise-paysagiste-a-aubonne\/","url":"https:\/\/www.artisanlocal.ch\/c\/entreprise-paysagiste-a-aubonne\/","name":"Entreprise Paysagiste \u00e0 Aubonne - Artisanlocal","isPartOf":{"@id":"https:\/\/www.artisanlocal.ch\/c\/#website"},"primaryImageOfPage":{"@id":"https:\/\/www.artisanlocal.ch\/c\/entreprise-paysagiste-a-aubonne\/#primaryimage"},"image":{"@id":"https:\/\/www.artisanlocal.ch\/c\/entreprise-paysagiste-a-aubonne\/#primaryimage"},"thumbnailUrl":"https:\/\/www.artisanlocal.ch\/c\/wp-content\/uploads\/2024\/11\/paysagiste-jardinier.jpg","datePublished":"2024-09-28T18:15:45+00:00","dateModified":"2025-08-26T17:26:33+00:00","breadcrumb":{"@id":"https:\/\/www.artisanlocal.ch\/c\/entreprise-paysagiste-a-aubonne\/#breadcrumb"},"inLanguage":"fr-FR","potentialAction":[{"@type":"ReadAction","target":["https:\/\/www.artisanlocal.ch\/c\/entreprise-paysagiste-a-aubonne\/"]}]},{"@type":"ImageObject","inLanguage":"fr-FR","@id":"https:\/\/www.artisanlocal.ch\/c\/entreprise-paysagiste-a-aubonne\/#primaryimage","url":"https:\/\/www.artisanlocal.ch\/c\/wp-content\/uploads\/2024\/11\/paysagiste-jardinier.jpg","contentUrl":"https:\/\/www.artisanlocal.ch\/c\/wp-content\/uploads\/2024\/11\/paysagiste-jardinier.jpg","width":1920,"height":300},{"@type":"BreadcrumbList","@id":"https:\/\/www.artisanlocal.ch\/c\/entreprise-paysagiste-a-aubonne\/#breadcrumb","itemListElement":[{"@type":"ListItem","position":1,"name":"Accueil","item":"https:\/\/www.artisanlocal.ch\/c\/"},{"@type":"ListItem","position":2,"name":"Entreprise Paysagiste \u00e0 Aubonne"}]},{"@type":"WebSite","@id":"https:\/\/www.artisanlocal.ch\/c\/#website","url":"https:\/\/www.artisanlocal.ch\/c\/","name":"Artisanlocal","description":"","publisher":{"@id":"https:\/\/www.artisanlocal.ch\/c\/#organization"},"potentialAction":[{"@type":"SearchAction","target":{"@type":"EntryPoint","urlTemplate":"https:\/\/www.artisanlocal.ch\/c\/?s={search_term_string}"},"query-input":{"@type":"PropertyValueSpecification","valueRequired":true,"valueName":"search_term_string"}}],"inLanguage":"fr-FR"},{"@type":"Organization","@id":"https:\/\/www.artisanlocal.ch\/c\/#organization","name":"Artisanlocal","url":"https:\/\/www.artisanlocal.ch\/c\/","logo":{"@type":"ImageObject","inLanguage":"fr-FR","@id":"https:\/\/www.artisanlocal.ch\/c\/#\/schema\/logo\/image\/","url":"https:\/\/www.artisanlocal.ch\/c\/wp-content\/uploads\/2024\/02\/logo-artisanlocal-h.svg","contentUrl":"https:\/\/www.artisanlocal.ch\/c\/wp-content\/uploads\/2024\/02\/logo-artisanlocal-h.svg","caption":"Artisanlocal"},"image":{"@id":"https:\/\/www.artisanlocal.ch\/c\/#\/schema\/logo\/image\/"}}]}},"_links":{"self":[{"href":"https:\/\/www.artisanlocal.ch\/c\/wp-json\/wp\/v2\/pages\/2896","targetHints":{"allow":["GET"]}}],"collection":[{"href":"https:\/\/www.artisanlocal.ch\/c\/wp-json\/wp\/v2\/pages"}],"about":[{"href":"https:\/\/www.artisanlocal.ch\/c\/wp-json\/wp\/v2\/types\/page"}],"author":[{"embeddable":true,"href":"https:\/\/www.artisanlocal.ch\/c\/wp-json\/wp\/v2\/users\/4"}],"replies":[{"embeddable":true,"href":"https:\/\/www.artisanlocal.ch\/c\/wp-json\/wp\/v2\/comments?post=2896"}],"version-history":[{"count":0,"href":"https:\/\/www.artisanlocal.ch\/c\/wp-json\/wp\/v2\/pages\/2896\/revisions"}],"wp:featuredmedia":[{"embeddable":true,"href":"https:\/\/www.artisanlocal.ch\/c\/wp-json\/wp\/v2\/media\/2962"}],"wp:attachment":[{"href":"https:\/\/www.artisanlocal.ch\/c\/wp-json\/wp\/v2\/media?parent=2896"}],"wp:term":[{"taxonomy":"profession","embeddable":true,"href":"https:\/\/www.artisanlocal.ch\/c\/wp-json\/wp\/v2\/profession?post=2896"},{"taxonomy":"location","embeddable":true,"href":"https:\/\/www.artisanlocal.ch\/c\/wp-json\/wp\/v2\/location?post=2896"},{"taxonomy":"canton","embeddable":true,"href":"https:\/\/www.artisanlocal.ch\/c\/wp-json\/wp\/v2\/canton?post=2896"}],"curies":[{"name":"wp","href":"https:\/\/api.w.org\/{rel}","templated":true}]}}