{"id":2901,"date":"2024-09-27T15:57:16","date_gmt":"2024-09-27T13:57:16","guid":{"rendered":"https:\/\/www.artisanlocal.ch\/c\/artisan-paysagiste-a-lausanne\/"},"modified":"2025-08-26T19:26:39","modified_gmt":"2025-08-26T17:26:39","slug":"artisan-paysagiste-a-lausanne","status":"publish","type":"page","link":"https:\/\/www.artisanlocal.ch\/c\/artisan-paysagiste-a-lausanne\/","title":{"rendered":"Paysagiste \u00e0 Lausanne"},"content":{"rendered":"<p>Besoin d&rsquo;un paysagiste \u00e0 Lausanne ? Les paysagistes d&rsquo;Artisanlocal entretiennent vos jardins et ext\u00e9rieurs. Notre \u00e9quipe de jardiniers paysagistes op\u00e8re \u00e0 Lausanne aupr\u00e8s des professionnels, propri\u00e9taires et copropri\u00e9t\u00e9s.<br \/>\n\r\n<div class=\"company-partners\">\r\n    <h3>Nos soci\u00e9t\u00e9s<\/h3>\r\n    <ul>\r\n                    <li>\r\n                <p class=\"company-partners__name\">\r\n                    <a href=\"https:\/\/www.artisanlocal.ch\/c\/artisan-paysagiste-a-lausanne\/?geo=Est\" target=\"_blank\" class=\"has-accent-color\" title=\"Voir les coordonn\u00e9es de notre partenaire\">ADENIA S\u00e0rl, Jardin & Paysage<\/a>\r\n                <\/p>\r\n                <p class=\"company-partners__address\">1023\u00a0Crissier<\/p>\r\n            <\/li>\r\n                    <li>\r\n                <p class=\"company-partners__name\">\r\n                    <a href=\"https:\/\/www.artisanlocal.ch\/c\/artisan-paysagiste-a-lausanne\/?geo=Nord\" target=\"_blank\" class=\"has-accent-color\" title=\"Voir les coordonn\u00e9es de notre partenaire\">Frustini Espace Vert<\/a>\r\n                <\/p>\r\n                <p class=\"company-partners__address\">1054 Morrens<\/p>\r\n            <\/li>\r\n                    <li>\r\n                <p class=\"company-partners__name\">\r\n                    <a href=\"https:\/\/www.artisanlocal.ch\/c\/artisan-paysagiste-a-lausanne\/?geo=Ouest\" target=\"_blank\" class=\"has-accent-color\" title=\"Voir les coordonn\u00e9es de notre partenaire\">La 5\u00e8me Saison jardinier-paysagiste S\u00e0rl<\/a>\r\n                <\/p>\r\n                <p class=\"company-partners__address\">1510\u00a0Moudon<\/p>\r\n            <\/li>\r\n            <\/ul>\r\n<\/div><\/p>\n<h2>Des services sur mesure<\/h2>\n<ul>\n<li>Conception et organisation de votre jardin : nous r\u00e9alisons la cr\u00e9ation et l&rsquo;am\u00e9nagement de votre jardin par rapport \u00e0 vos attentes.<\/li>\n<li>Maintenance de votre jardin : nous intervenons \u00e0 la journ\u00e9e ou sous contrat selon vos besoins.<\/li>\n<li>Am\u00e9nagement d&rsquo;espace vert sur votre terrasse ou balcon : nous concevons des espaces verts sur les terrasses et balcons.<\/li>\n<li>V\u00e9g\u00e9talisation : nous v\u00e9g\u00e9talisons votre soci\u00e9t\u00e9, b\u00e2timent, restaurant ou centre commercial.<\/li>\n<li>R\u00e9habilitation et r\u00e9novation des espaces verts : nous effectuons la r\u00e9novation de vos espaces verts et des jardins pour les immeubles, maisons et studios.<\/li>\n<li>Entretien des espaces verts : nous effectuons l&rsquo;entretien des jardins, parcs, berges, rues et routes.<\/li>\n<\/ul>\n<h2>Nos services en am\u00e9nagement paysager<\/h2>\n<ul>\n<li>\u00c9lagage, abattage d&rsquo;arbre<\/li>\n<li>Broyage et \u00e9vacuation des d\u00e9chets<\/li>\n<li>D\u00e9broussaillage, fauchage<\/li>\n<li>Am\u00e9nagement, installation de v\u00e9g\u00e9taux<\/li>\n<li>Cr\u00e9ation de massif de jardin<\/li>\n<li>Installation de gazon naturel<\/li>\n<li>Fleurissement et plantations<\/li>\n<li>Installation de panneaux en bois et de barri\u00e8res<\/li>\n<li>Coupe de la pelouse<\/li>\n<li>Tailles de haies, arbustes et rosiers<\/li>\n<li>Mise en place de syst\u00e8mes d&rsquo;arrosage automatique<\/li>\n<li>R\u00e9novation de gazon<\/li>\n<li>D\u00e9racinement de racines<\/li>\n<li>Aplanissement de sol<\/li>\n<li>Terrassement<\/li>\n<li>Mise en place de terrasse en bois<\/li>\n<li>Dallage<\/li>\n<\/ul>\n<h2>Pourquoi choisir Artisanlocal \u00e0 Lausanne ?<\/h2>\n<p>Nos paysagistes \u00e0 Lausanne respectent l&rsquo;environnement. Nous intervenons chez les particuliers, les collectivit\u00e9s et les professionnels. Les produits que nos jardiniers emploient sont \u00e9coresponsables. Notre entreprise est situ\u00e9e au centre de Lausanne et nos paysagistes attachent une grande importance \u00e0 la satisfaction client\u00e8le. Nous faisons tout notre possible pour r\u00e9pondre \u00e0 vos demandes dans les meilleurs d\u00e9lais et pour vous proposer des prix attractifs. De plus, nos devis sont gratuits.<\/p>\n<h2>Nos jardiniers paysagistes effectuent tous vos travaux \u00e0 Lausanne<\/h2>\n<p>Notre entreprise est sp\u00e9cialis\u00e9e dans l\u2019am\u00e9nagement paysager \u00e0 Lausanne, nos paysagistes r\u00e9alisent l\u2019entretien et la cr\u00e9ation de vos espaces ext\u00e9rieurs. Avec notre soci\u00e9t\u00e9, vous n\u2019avez qu\u2019un seul interlocuteur, vous permettant ainsi de gagner du temps et de l&rsquo;argent.<\/p>\n<h2>Quels types de clients accompagnez-vous ?<\/h2>\n<ul>\n<li>Les caf\u00e9s et les restaurants.<\/li>\n<li>Les chambres d&rsquo;h\u00f4tes et \u00e9tablissements h\u00f4teliers.<\/li>\n<li>Les copropri\u00e9t\u00e9s et habitations.<\/li>\n<li>Les particuliers.<\/li>\n<li>Les terrains agricoles et ch\u00e2teaux.<\/li>\n<li>Les entreprises.<\/li>\n<\/ul>\n<h2>Jardiniers paysagistes \u00e0 Lausanne et dans les communes aux alentours<\/h2>\n<p>Nous concevons votre jardin. Nous nous adaptons au type de votre terrain et des exigences (comme la nature du terrain). Apr\u00e8s \u00e9tude de votre projet et des contraintes, nous r\u00e9alisons l&rsquo;int\u00e9gralit\u00e9 de votre projet. Nos jardiniers interviennent \u00e0 Lausanne, et aussi dans les villes proches, telles que : Pully, Les Monts-de-Pully, La Croix (Lutry), Belmont-sur-Lausanne, La Conversion, Paudex, Lutry, Jouxtens-M\u00e9zery, Prilly, Renens VD, Crissier, Romanel-sur-Lausanne, Cheseaux-sur-Lausanne, Le Mont-sur-Lausanne, Bretigny-sur-Morrens, Cugy VD, Morrens VD, Froideville, Epalinges.<\/p>\n","protected":false},"excerpt":{"rendered":"<p>Besoin d&rsquo;un paysagiste \u00e0 Lausanne ? Les paysagistes d&rsquo;Artisanlocal entretiennent vos jardins et ext\u00e9rieurs. Notre \u00e9quipe de jardiniers paysagistes op\u00e8re \u00e0 Lausanne aupr\u00e8s des professionnels, propri\u00e9taires et copropri\u00e9t\u00e9s. Des services sur mesure Conception et organisation de votre jardin : nous r\u00e9alisons la cr\u00e9ation et l&rsquo;am\u00e9nagement de votre jardin par rapport \u00e0 vos attentes. Maintenance de [&hellip;]<\/p>\n","protected":false},"author":4,"featured_media":2962,"parent":0,"menu_order":0,"comment_status":"closed","ping_status":"closed","template":"","meta":{"footnotes":""},"profession":[128],"location":[31],"canton":[113],"class_list":["post-2901","page","type-page","status-publish","has-post-thumbnail","hentry","profession-jardinier-paysagiste","location-lausanne","canton-vd"],"yoast_head":"<!-- This site is optimized with the Yoast SEO Premium plugin v25.7.1 (Yoast SEO v27.4) - https:\/\/yoast.com\/product\/yoast-seo-premium-wordpress\/ -->\n<title>Paysagiste \u00e0 Lausanne - Artisanlocal<\/title>\n<meta name=\"robots\" content=\"index, follow, max-snippet:-1, max-image-preview:large, max-video-preview:-1\" \/>\n<link rel=\"canonical\" href=\"https:\/\/www.artisanlocal.ch\/c\/artisan-paysagiste-a-lausanne\/\" \/>\n<meta property=\"og:locale\" content=\"fr_FR\" \/>\n<meta property=\"og:type\" content=\"article\" \/>\n<meta property=\"og:title\" content=\"Paysagiste \u00e0 Lausanne\" \/>\n<meta property=\"og:description\" content=\"Besoin d&rsquo;un paysagiste \u00e0 Lausanne ? Les paysagistes d&rsquo;Artisanlocal entretiennent vos jardins et ext\u00e9rieurs. Notre \u00e9quipe de jardiniers paysagistes op\u00e8re \u00e0 Lausanne aupr\u00e8s des professionnels, propri\u00e9taires et copropri\u00e9t\u00e9s. Des services sur mesure Conception et organisation de votre jardin : nous r\u00e9alisons la cr\u00e9ation et l&rsquo;am\u00e9nagement de votre jardin par rapport \u00e0 vos attentes. Maintenance de [&hellip;]\" \/>\n<meta property=\"og:url\" content=\"https:\/\/www.artisanlocal.ch\/c\/artisan-paysagiste-a-lausanne\/\" \/>\n<meta property=\"og:site_name\" content=\"Artisanlocal\" \/>\n<meta property=\"article:modified_time\" content=\"2025-08-26T17:26:39+00:00\" \/>\n<meta property=\"og:image\" content=\"https:\/\/www.artisanlocal.ch\/c\/wp-content\/uploads\/2024\/11\/paysagiste-jardinier.jpg\" \/>\n\t<meta property=\"og:image:width\" content=\"1920\" \/>\n\t<meta property=\"og:image:height\" content=\"300\" \/>\n\t<meta property=\"og:image:type\" content=\"image\/jpeg\" \/>\n<meta name=\"twitter:card\" content=\"summary_large_image\" \/>\n<meta name=\"twitter:label1\" content=\"Dur\u00e9e de lecture estim\u00e9e\" \/>\n\t<meta name=\"twitter:data1\" content=\"3 minutes\" \/>\n<script type=\"application\/ld+json\" class=\"yoast-schema-graph\">{\"@context\":\"https:\\\/\\\/schema.org\",\"@graph\":[{\"@type\":\"WebPage\",\"@id\":\"https:\\\/\\\/www.artisanlocal.ch\\\/c\\\/artisan-paysagiste-a-lausanne\\\/\",\"url\":\"https:\\\/\\\/www.artisanlocal.ch\\\/c\\\/artisan-paysagiste-a-lausanne\\\/\",\"name\":\"Paysagiste \u00e0 Lausanne - Artisanlocal\",\"isPartOf\":{\"@id\":\"https:\\\/\\\/www.artisanlocal.ch\\\/c\\\/#website\"},\"primaryImageOfPage\":{\"@id\":\"https:\\\/\\\/www.artisanlocal.ch\\\/c\\\/artisan-paysagiste-a-lausanne\\\/#primaryimage\"},\"image\":{\"@id\":\"https:\\\/\\\/www.artisanlocal.ch\\\/c\\\/artisan-paysagiste-a-lausanne\\\/#primaryimage\"},\"thumbnailUrl\":\"https:\\\/\\\/www.artisanlocal.ch\\\/c\\\/wp-content\\\/uploads\\\/2024\\\/11\\\/paysagiste-jardinier.jpg\",\"datePublished\":\"2024-09-27T13:57:16+00:00\",\"dateModified\":\"2025-08-26T17:26:39+00:00\",\"breadcrumb\":{\"@id\":\"https:\\\/\\\/www.artisanlocal.ch\\\/c\\\/artisan-paysagiste-a-lausanne\\\/#breadcrumb\"},\"inLanguage\":\"fr-FR\",\"potentialAction\":[{\"@type\":\"ReadAction\",\"target\":[\"https:\\\/\\\/www.artisanlocal.ch\\\/c\\\/artisan-paysagiste-a-lausanne\\\/\"]}]},{\"@type\":\"ImageObject\",\"inLanguage\":\"fr-FR\",\"@id\":\"https:\\\/\\\/www.artisanlocal.ch\\\/c\\\/artisan-paysagiste-a-lausanne\\\/#primaryimage\",\"url\":\"https:\\\/\\\/www.artisanlocal.ch\\\/c\\\/wp-content\\\/uploads\\\/2024\\\/11\\\/paysagiste-jardinier.jpg\",\"contentUrl\":\"https:\\\/\\\/www.artisanlocal.ch\\\/c\\\/wp-content\\\/uploads\\\/2024\\\/11\\\/paysagiste-jardinier.jpg\",\"width\":1920,\"height\":300},{\"@type\":\"BreadcrumbList\",\"@id\":\"https:\\\/\\\/www.artisanlocal.ch\\\/c\\\/artisan-paysagiste-a-lausanne\\\/#breadcrumb\",\"itemListElement\":[{\"@type\":\"ListItem\",\"position\":1,\"name\":\"Accueil\",\"item\":\"https:\\\/\\\/www.artisanlocal.ch\\\/c\\\/\"},{\"@type\":\"ListItem\",\"position\":2,\"name\":\"Paysagiste \u00e0 Lausanne\"}]},{\"@type\":\"WebSite\",\"@id\":\"https:\\\/\\\/www.artisanlocal.ch\\\/c\\\/#website\",\"url\":\"https:\\\/\\\/www.artisanlocal.ch\\\/c\\\/\",\"name\":\"Artisanlocal\",\"description\":\"\",\"publisher\":{\"@id\":\"https:\\\/\\\/www.artisanlocal.ch\\\/c\\\/#organization\"},\"potentialAction\":[{\"@type\":\"SearchAction\",\"target\":{\"@type\":\"EntryPoint\",\"urlTemplate\":\"https:\\\/\\\/www.artisanlocal.ch\\\/c\\\/?s={search_term_string}\"},\"query-input\":{\"@type\":\"PropertyValueSpecification\",\"valueRequired\":true,\"valueName\":\"search_term_string\"}}],\"inLanguage\":\"fr-FR\"},{\"@type\":\"Organization\",\"@id\":\"https:\\\/\\\/www.artisanlocal.ch\\\/c\\\/#organization\",\"name\":\"Artisanlocal\",\"url\":\"https:\\\/\\\/www.artisanlocal.ch\\\/c\\\/\",\"logo\":{\"@type\":\"ImageObject\",\"inLanguage\":\"fr-FR\",\"@id\":\"https:\\\/\\\/www.artisanlocal.ch\\\/c\\\/#\\\/schema\\\/logo\\\/image\\\/\",\"url\":\"https:\\\/\\\/www.artisanlocal.ch\\\/c\\\/wp-content\\\/uploads\\\/2024\\\/02\\\/logo-artisanlocal-h.svg\",\"contentUrl\":\"https:\\\/\\\/www.artisanlocal.ch\\\/c\\\/wp-content\\\/uploads\\\/2024\\\/02\\\/logo-artisanlocal-h.svg\",\"caption\":\"Artisanlocal\"},\"image\":{\"@id\":\"https:\\\/\\\/www.artisanlocal.ch\\\/c\\\/#\\\/schema\\\/logo\\\/image\\\/\"}}]}<\/script>\n<!-- \/ Yoast SEO Premium plugin. -->","yoast_head_json":{"title":"Paysagiste \u00e0 Lausanne - Artisanlocal","robots":{"index":"index","follow":"follow","max-snippet":"max-snippet:-1","max-image-preview":"max-image-preview:large","max-video-preview":"max-video-preview:-1"},"canonical":"https:\/\/www.artisanlocal.ch\/c\/artisan-paysagiste-a-lausanne\/","og_locale":"fr_FR","og_type":"article","og_title":"Paysagiste \u00e0 Lausanne","og_description":"Besoin d&rsquo;un paysagiste \u00e0 Lausanne ? Les paysagistes d&rsquo;Artisanlocal entretiennent vos jardins et ext\u00e9rieurs. Notre \u00e9quipe de jardiniers paysagistes op\u00e8re \u00e0 Lausanne aupr\u00e8s des professionnels, propri\u00e9taires et copropri\u00e9t\u00e9s. Des services sur mesure Conception et organisation de votre jardin : nous r\u00e9alisons la cr\u00e9ation et l&rsquo;am\u00e9nagement de votre jardin par rapport \u00e0 vos attentes. Maintenance de [&hellip;]","og_url":"https:\/\/www.artisanlocal.ch\/c\/artisan-paysagiste-a-lausanne\/","og_site_name":"Artisanlocal","article_modified_time":"2025-08-26T17:26:39+00:00","og_image":[{"width":1920,"height":300,"url":"https:\/\/www.artisanlocal.ch\/c\/wp-content\/uploads\/2024\/11\/paysagiste-jardinier.jpg","type":"image\/jpeg"}],"twitter_card":"summary_large_image","twitter_misc":{"Dur\u00e9e de lecture estim\u00e9e":"3 minutes"},"schema":{"@context":"https:\/\/schema.org","@graph":[{"@type":"WebPage","@id":"https:\/\/www.artisanlocal.ch\/c\/artisan-paysagiste-a-lausanne\/","url":"https:\/\/www.artisanlocal.ch\/c\/artisan-paysagiste-a-lausanne\/","name":"Paysagiste \u00e0 Lausanne - Artisanlocal","isPartOf":{"@id":"https:\/\/www.artisanlocal.ch\/c\/#website"},"primaryImageOfPage":{"@id":"https:\/\/www.artisanlocal.ch\/c\/artisan-paysagiste-a-lausanne\/#primaryimage"},"image":{"@id":"https:\/\/www.artisanlocal.ch\/c\/artisan-paysagiste-a-lausanne\/#primaryimage"},"thumbnailUrl":"https:\/\/www.artisanlocal.ch\/c\/wp-content\/uploads\/2024\/11\/paysagiste-jardinier.jpg","datePublished":"2024-09-27T13:57:16+00:00","dateModified":"2025-08-26T17:26:39+00:00","breadcrumb":{"@id":"https:\/\/www.artisanlocal.ch\/c\/artisan-paysagiste-a-lausanne\/#breadcrumb"},"inLanguage":"fr-FR","potentialAction":[{"@type":"ReadAction","target":["https:\/\/www.artisanlocal.ch\/c\/artisan-paysagiste-a-lausanne\/"]}]},{"@type":"ImageObject","inLanguage":"fr-FR","@id":"https:\/\/www.artisanlocal.ch\/c\/artisan-paysagiste-a-lausanne\/#primaryimage","url":"https:\/\/www.artisanlocal.ch\/c\/wp-content\/uploads\/2024\/11\/paysagiste-jardinier.jpg","contentUrl":"https:\/\/www.artisanlocal.ch\/c\/wp-content\/uploads\/2024\/11\/paysagiste-jardinier.jpg","width":1920,"height":300},{"@type":"BreadcrumbList","@id":"https:\/\/www.artisanlocal.ch\/c\/artisan-paysagiste-a-lausanne\/#breadcrumb","itemListElement":[{"@type":"ListItem","position":1,"name":"Accueil","item":"https:\/\/www.artisanlocal.ch\/c\/"},{"@type":"ListItem","position":2,"name":"Paysagiste \u00e0 Lausanne"}]},{"@type":"WebSite","@id":"https:\/\/www.artisanlocal.ch\/c\/#website","url":"https:\/\/www.artisanlocal.ch\/c\/","name":"Artisanlocal","description":"","publisher":{"@id":"https:\/\/www.artisanlocal.ch\/c\/#organization"},"potentialAction":[{"@type":"SearchAction","target":{"@type":"EntryPoint","urlTemplate":"https:\/\/www.artisanlocal.ch\/c\/?s={search_term_string}"},"query-input":{"@type":"PropertyValueSpecification","valueRequired":true,"valueName":"search_term_string"}}],"inLanguage":"fr-FR"},{"@type":"Organization","@id":"https:\/\/www.artisanlocal.ch\/c\/#organization","name":"Artisanlocal","url":"https:\/\/www.artisanlocal.ch\/c\/","logo":{"@type":"ImageObject","inLanguage":"fr-FR","@id":"https:\/\/www.artisanlocal.ch\/c\/#\/schema\/logo\/image\/","url":"https:\/\/www.artisanlocal.ch\/c\/wp-content\/uploads\/2024\/02\/logo-artisanlocal-h.svg","contentUrl":"https:\/\/www.artisanlocal.ch\/c\/wp-content\/uploads\/2024\/02\/logo-artisanlocal-h.svg","caption":"Artisanlocal"},"image":{"@id":"https:\/\/www.artisanlocal.ch\/c\/#\/schema\/logo\/image\/"}}]}},"_links":{"self":[{"href":"https:\/\/www.artisanlocal.ch\/c\/wp-json\/wp\/v2\/pages\/2901","targetHints":{"allow":["GET"]}}],"collection":[{"href":"https:\/\/www.artisanlocal.ch\/c\/wp-json\/wp\/v2\/pages"}],"about":[{"href":"https:\/\/www.artisanlocal.ch\/c\/wp-json\/wp\/v2\/types\/page"}],"author":[{"embeddable":true,"href":"https:\/\/www.artisanlocal.ch\/c\/wp-json\/wp\/v2\/users\/4"}],"replies":[{"embeddable":true,"href":"https:\/\/www.artisanlocal.ch\/c\/wp-json\/wp\/v2\/comments?post=2901"}],"version-history":[{"count":0,"href":"https:\/\/www.artisanlocal.ch\/c\/wp-json\/wp\/v2\/pages\/2901\/revisions"}],"wp:featuredmedia":[{"embeddable":true,"href":"https:\/\/www.artisanlocal.ch\/c\/wp-json\/wp\/v2\/media\/2962"}],"wp:attachment":[{"href":"https:\/\/www.artisanlocal.ch\/c\/wp-json\/wp\/v2\/media?parent=2901"}],"wp:term":[{"taxonomy":"profession","embeddable":true,"href":"https:\/\/www.artisanlocal.ch\/c\/wp-json\/wp\/v2\/profession?post=2901"},{"taxonomy":"location","embeddable":true,"href":"https:\/\/www.artisanlocal.ch\/c\/wp-json\/wp\/v2\/location?post=2901"},{"taxonomy":"canton","embeddable":true,"href":"https:\/\/www.artisanlocal.ch\/c\/wp-json\/wp\/v2\/canton?post=2901"}],"curies":[{"name":"wp","href":"https:\/\/api.w.org\/{rel}","templated":true}]}}