{"id":2905,"date":"2024-09-26T03:45:44","date_gmt":"2024-09-26T01:45:44","guid":{"rendered":"https:\/\/www.artisanlocal.ch\/c\/jardinier-paysagiste-a-orbe\/"},"modified":"2025-08-26T19:26:47","modified_gmt":"2025-08-26T17:26:47","slug":"jardinier-paysagiste-a-orbe","status":"publish","type":"page","link":"https:\/\/www.artisanlocal.ch\/c\/jardinier-paysagiste-a-orbe\/","title":{"rendered":"Jardinier paysagiste \u00e0 Orbe"},"content":{"rendered":"<p>Notre artisan d\u00e9veloppe et entretien vos jardins et espaces ext\u00e9rieurs. \u00c0 Orbe, nos paysagistes op\u00e8rent chez les copropri\u00e9t\u00e9s, les professionnels et les particuliers. Nos artisans restent attentifs pour vous proposer des prestations personnalis\u00e9es, et en respectant la biodiversit\u00e9 locale.<\/p>\n\r\n<div class=\"box\">\r\n            <div class=\"company-info\">\r\n            <img decoding=\"async\" class=\"company-info__logo\" src=\"https:\/\/www.artisanlocal.ch\/media\/cache\/thumb\/images\/companies\/67164f02ba6dd656336971.png\" alt=\"Logo\">\r\n            <h2 class=\"company-info__name\">Terra Amata<\/h2>\r\n            <p class=\"company-info__business\">Paysagiste - Entretien de jardin<\/p>\r\n        <\/div>\r\n        <div class=\"company-contact\">\r\n            <p class=\"company-info__address\">Ruelle des Chevaliers 4<\/p>\r\n                            <div class=\"links\">\r\n                                            <a class=\"btn has-accent-background-color js-phoneNumber\" href=\"tel:0797997988\" title=\"Appelez\" data-id=\"25311\" data-type=\"11\">079 799 79 88<\/a>\r\n                                                        <\/div>\r\n                    <\/div>\r\n    \r\n            \r\n<form action=\"https:\/\/www.artisanlocal.ch\/c\/wp-admin\/admin-ajax.php\" method=\"post\" class=\"form-contact\" id=\"artisan_form_contact_company_inline\">\r\n    <div><input type=\"hidden\" name=\"action\" value=\"company_contact\"><\/div>\r\n    <div><input type=\"hidden\" name=\"nonce\" value=\"2ab39f2652\"><\/div>\r\n    <div><input type=\"hidden\" name=\"company_id\" value=\"25311\"><\/div>\r\n    <div><input type=\"hidden\" name=\"form_id\" value=\"artisan_form_contact_company_inline\"><\/div>\r\n    <div class=\"gglcptch gglcptch_v3 gglcptch_custom\"><input type=\"hidden\" id=\"g-recaptcha-response\" name=\"g-recaptcha-response\" \/><br \/><div class=\"gglcptch_error_text\">La p\u00e9riode de v\u00e9rification reCAPTCHA a expir\u00e9. Veuillez recharger la page.<\/div><\/div>    <div class=\"form-content\">\r\n        <div class=\"form-group\">\r\n            <label for=\"contact_firstName\" class=\"required\">Pr\u00e9nom<\/label>\r\n            <input type=\"text\" name=\"firstName\" class=\"form-control\" required>\r\n        <\/div>\r\n        <div class=\"form-group\">\r\n            <label for=\"contact_lastName\" class=\"required\">Nom<\/label>\r\n            <input type=\"text\" name=\"lastName\" class=\"form-control\" required>\r\n        <\/div>\r\n        <div class=\"form-group\">\r\n            <label for=\"contact_email\" class=\"required\">Email<\/label>\r\n            <input type=\"email\" name=\"email\" class=\"form-control\" required>\r\n        <\/div>\r\n        <div class=\"form-group\">\r\n            <label for=\"contact_phone\" class=\"required\">Num\u00e9ro de t\u00e9l\u00e9phone<\/label>\r\n            <input type=\"tel\" name=\"phone\" class=\"form-control\" placeholder=\"0787117165\" pattern=\"^[0-9]{10}$\" required>\r\n        <\/div>\r\n        <div class=\"form-group\">\r\n            <label for=\"contact_postalCode\" class=\"required\">Code postal et localit\u00e9<\/label>\r\n            <input type=\"text\" name=\"postalCode\" class=\"form-control\" required>\r\n        <\/div>\r\n        <div class=\"form-group\">\r\n            <label for=\"contact_address\" class=\"required\">Adresse<\/label>\r\n            <input type=\"text\" name=\"address\" class=\"form-control\" required>\r\n        <\/div>\r\n        <div class=\"full-width topic\">\r\n            <p class=\"required\">Je souhaite \u00eatre contact\u00e9 pour :<\/p>\r\n            <div class=\"form-check\">\r\n                <input type=\"radio\" name=\"topic\" value=\"D\u00e9pannage\" class=\"form-control\" required>\r\n                <label for=\"d\u00e9pannage\">D\u00e9pannage<\/label>\r\n            <\/div>\r\n            <div class=\"form-check\">\r\n                <input type=\"radio\" name=\"topic\" value=\"Entretien\" class=\"form-control\" required>\r\n                <label for=\"entretien\">Entretien<\/label>\r\n            <\/div>\r\n            <div class=\"form-check\">\r\n                <input type=\"radio\" name=\"topic\" value=\"R\u00e9novation\" class=\"form-control\" required>\r\n                <label for=\"r\u00e9novation\">R\u00e9novation<\/label>\r\n            <\/div>\r\n            <div class=\"form-check\">\r\n                <input type=\"radio\" name=\"topic\" value=\"Autre\" class=\"form-control\" required>\r\n                <label for=\"autre\">Autre<\/label>\r\n            <\/div>\r\n        <\/div>\r\n        <div class=\"form-group full-width\">\r\n            <label for=\"contact_message\">Message<\/label>\r\n            <textarea name=\"message\" rows=\"3\" class=\"form-control\"><\/textarea>\r\n        <\/div>\r\n    <\/div>\r\n    <div class=\"form-actions\">\r\n        <button class=\"wp-block-button__link has-accent-background-color\">Contacter<\/button>\r\n    <\/div>\r\n<\/form>\r\n<div class=\"form-feedback\"><\/div>    <\/div>\n<h2>Prestations sur mesure en fonction de votre jardin<\/h2>\n<ul>\n<li>Cr\u00e9ation et organisation de votre jardin : en fonction de votre attente, nous \u00e9laborons et accomplissons votre projet.<\/li>\n<li>Maintenance de votre jardin : nous intervenons \u00e0 la prestation ou sous contrat selon vos besoins.<\/li>\n<li> Am\u00e9nagement de jardin sur votre terrasse ou balcon : nos jardiniers transforment votre terrasse ou votre balcon en y cr\u00e9ant un espace vert.<\/li>\n<li> V\u00e9g\u00e9talisation : nous introduisons de la v\u00e9g\u00e9tation dans votre soci\u00e9t\u00e9, b\u00e2timent, restaurant ou centre commercial. R\u00e9novation et modernisation des terrains et espaces verts : nous nous chargeons de l&rsquo;int\u00e9gralit\u00e9 de la r\u00e9novation de vos espaces verts pour les appartements, immeubles et maisons.<\/li>\n<li> Entretien des espaces verts en milieu urbain : nous restaurons les berges, les ruelles, les bords de route, les parcs et les jardins.<\/li>\n<\/ul>\n<h2>Nos prestations pour l&rsquo;am\u00e9nagement de votre jardin<\/h2>\n<ul>\n<li>\u00c9lagage, abattage d&rsquo;arbre<\/li>\n<li>Broyage et \u00e9vacuation des d\u00e9bris<\/li>\n<li>D\u00e9frichement, fauchage<\/li>\n<li>Am\u00e9nagement, v\u00e9g\u00e9talisation<\/li>\n<li>Conception de massif <\/li>\n<li>Installation de pelouse naturelle<\/li>\n<li>Plantations et fleurissement<\/li>\n<li>Pose de panneaux en bois et de barri\u00e8res<\/li>\n<li>Tonte de pelouse<\/li>\n<li>Coupes de arbustes, haies et rosiers<\/li>\n<li>Mise en place de l&rsquo;arrosage <\/li>\n<li>R\u00e9novation de pelouse<\/li>\n<li>D\u00e9racinement de souches<\/li>\n<li>Aplanissement de sol<\/li>\n<li>Terrassement<\/li>\n<li>Pose de terrasse en lames de bois<\/li>\n<li>Mise en place de pav\u00e9s<\/li>\n<\/ul>\n<h2>Pourquoi faire confiance \u00e0 Artisanlocal<\/h2>\n<p>Nos paysagistes \u00e0 Orbe respectent l&rsquo;environnement. Nous intervenons chez les particuliers, les collectivit\u00e9s et les professionnels. Les produits que nos paysagistes usent sont \u00e9coresponsables. Artisanlocal est situ\u00e9 au centre de Orbe. Nos jardiniers sont qualifi\u00e9es et attachent une importance particuli\u00e8re \u00e0 la satisfaction client\u00e8le. Nos paysagistes s&rsquo;engagent \u00e0 satisfaire vos d\u00e9sirs dans les plus brefs d\u00e9lais. Nous avons des prix comp\u00e9titifs. Nos devis sont offerts.<\/p>\n<h2>Nos paysagistes effectuent tous vos travaux d&rsquo;am\u00e9nagement \u00e0 Orbe<\/h2>\n<p>Install\u00e9e dans le centre ville de Orbe, Artisanlocal est sp\u00e9cialis\u00e9e dans l&rsquo;am\u00e9nagement de jardin et prend en charge l\u2019entretien et la cr\u00e9ation de vos espaces ext\u00e9rieurs. Avec notre soci\u00e9t\u00e9, vous n\u2019avez qu\u2019un seul interlocuteur, vous permettant ainsi de gagner du temps et de l&rsquo;argent.<\/p>\n<h2>Quels types de clients accompagnez-vous ?<\/h2>\n<p>Notre entreprise assiste:<\/p>\n<ul>\n<li>Les bars et les restaurants.<\/li>\n<li>Les h\u00f4tels et chambres d&rsquo;h\u00f4tes.<\/li>\n<li> Les maisons et copropri\u00e9t\u00e9s.<\/li>\n<li> Les propri\u00e9taires.<\/li>\n<li> Les ch\u00e2teaux et terrains agricoles. <\/li>\n<li>Les entreprises.<\/li>\n<\/ul>\n<h2>Cr\u00e9ateurs de jardins \u00e0 Orbe et dans les villes \u00e0 proximit\u00e9<\/h2>\n<p>Nous concevons votre jardin. Notre \u00e9quipe s&rsquo;adapte au type de votre terrain et des exigences (comme la nature du sol). Nous examinons en premier lieu votre projet, et notre \u00e9quipe s&rsquo;occupe de sa r\u00e9alisation de A \u00e0 Z. Notre \u00e9quipe intervient \u00e0 Orbe, mais aussi dans les villes \u00e0 proximit\u00e9 comme :&nbsp;<\/p>\nLa Praz, Arnex-sur-Orbe, Croy, Romainm\u00f4tier, Premier, Vaulion, Juriens, Bretonni\u00e8res, Vallorbe, Ballaigues, Agiez, Bofflens, Montcherand, L'Abergement, Sergey, La Russille, Les Cl\u00e9es, Lignerolle, Valeyres-sous-Rances, Bavois, Chavornay, Corcelles-sur-Chavornay, Rances, Baulmes.\n","protected":false},"excerpt":{"rendered":"<p>Notre artisan d\u00e9veloppe et entretien vos jardins et espaces ext\u00e9rieurs. \u00c0 Orbe, nos paysagistes op\u00e8rent chez les copropri\u00e9t\u00e9s, les professionnels et les particuliers. Nos artisans restent attentifs pour vous proposer des prestations personnalis\u00e9es, et en respectant la biodiversit\u00e9 locale. Prestations sur mesure en fonction de votre jardin Cr\u00e9ation et organisation de votre jardin : en [&hellip;]<\/p>\n","protected":false},"author":4,"featured_media":2962,"parent":0,"menu_order":0,"comment_status":"closed","ping_status":"closed","template":"","meta":{"footnotes":""},"profession":[128],"location":[16],"canton":[113],"class_list":["post-2905","page","type-page","status-publish","has-post-thumbnail","hentry","profession-jardinier-paysagiste","location-orbe","canton-vd"],"yoast_head":"<!-- This site is optimized with the Yoast SEO Premium plugin v25.7.1 (Yoast SEO v27.3) - https:\/\/yoast.com\/product\/yoast-seo-premium-wordpress\/ -->\n<title>Jardinier paysagiste \u00e0 Orbe - Artisanlocal<\/title>\n<meta name=\"robots\" content=\"index, follow, max-snippet:-1, max-image-preview:large, max-video-preview:-1\" \/>\n<link rel=\"canonical\" href=\"https:\/\/www.artisanlocal.ch\/c\/jardinier-paysagiste-a-orbe\/\" \/>\n<meta property=\"og:locale\" content=\"fr_FR\" \/>\n<meta property=\"og:type\" content=\"article\" \/>\n<meta property=\"og:title\" content=\"Jardinier paysagiste \u00e0 Orbe\" \/>\n<meta property=\"og:description\" content=\"Notre artisan d\u00e9veloppe et entretien vos jardins et espaces ext\u00e9rieurs. \u00c0 Orbe, nos paysagistes op\u00e8rent chez les copropri\u00e9t\u00e9s, les professionnels et les particuliers. Nos artisans restent attentifs pour vous proposer des prestations personnalis\u00e9es, et en respectant la biodiversit\u00e9 locale. Prestations sur mesure en fonction de votre jardin Cr\u00e9ation et organisation de votre jardin : en [&hellip;]\" \/>\n<meta property=\"og:url\" content=\"https:\/\/www.artisanlocal.ch\/c\/jardinier-paysagiste-a-orbe\/\" \/>\n<meta property=\"og:site_name\" content=\"Artisanlocal\" \/>\n<meta property=\"article:modified_time\" content=\"2025-08-26T17:26:47+00:00\" \/>\n<meta property=\"og:image\" content=\"https:\/\/www.artisanlocal.ch\/c\/wp-content\/uploads\/2024\/11\/paysagiste-jardinier.jpg\" \/>\n\t<meta property=\"og:image:width\" content=\"1920\" \/>\n\t<meta property=\"og:image:height\" content=\"300\" \/>\n\t<meta property=\"og:image:type\" content=\"image\/jpeg\" \/>\n<meta name=\"twitter:card\" content=\"summary_large_image\" \/>\n<meta name=\"twitter:label1\" content=\"Dur\u00e9e de lecture estim\u00e9e\" \/>\n\t<meta name=\"twitter:data1\" content=\"2 minutes\" \/>\n<script type=\"application\/ld+json\" class=\"yoast-schema-graph\">{\"@context\":\"https:\\\/\\\/schema.org\",\"@graph\":[{\"@type\":\"WebPage\",\"@id\":\"https:\\\/\\\/www.artisanlocal.ch\\\/c\\\/jardinier-paysagiste-a-orbe\\\/\",\"url\":\"https:\\\/\\\/www.artisanlocal.ch\\\/c\\\/jardinier-paysagiste-a-orbe\\\/\",\"name\":\"Jardinier paysagiste \u00e0 Orbe - Artisanlocal\",\"isPartOf\":{\"@id\":\"https:\\\/\\\/www.artisanlocal.ch\\\/c\\\/#website\"},\"primaryImageOfPage\":{\"@id\":\"https:\\\/\\\/www.artisanlocal.ch\\\/c\\\/jardinier-paysagiste-a-orbe\\\/#primaryimage\"},\"image\":{\"@id\":\"https:\\\/\\\/www.artisanlocal.ch\\\/c\\\/jardinier-paysagiste-a-orbe\\\/#primaryimage\"},\"thumbnailUrl\":\"https:\\\/\\\/www.artisanlocal.ch\\\/c\\\/wp-content\\\/uploads\\\/2024\\\/11\\\/paysagiste-jardinier.jpg\",\"datePublished\":\"2024-09-26T01:45:44+00:00\",\"dateModified\":\"2025-08-26T17:26:47+00:00\",\"breadcrumb\":{\"@id\":\"https:\\\/\\\/www.artisanlocal.ch\\\/c\\\/jardinier-paysagiste-a-orbe\\\/#breadcrumb\"},\"inLanguage\":\"fr-FR\",\"potentialAction\":[{\"@type\":\"ReadAction\",\"target\":[\"https:\\\/\\\/www.artisanlocal.ch\\\/c\\\/jardinier-paysagiste-a-orbe\\\/\"]}]},{\"@type\":\"ImageObject\",\"inLanguage\":\"fr-FR\",\"@id\":\"https:\\\/\\\/www.artisanlocal.ch\\\/c\\\/jardinier-paysagiste-a-orbe\\\/#primaryimage\",\"url\":\"https:\\\/\\\/www.artisanlocal.ch\\\/c\\\/wp-content\\\/uploads\\\/2024\\\/11\\\/paysagiste-jardinier.jpg\",\"contentUrl\":\"https:\\\/\\\/www.artisanlocal.ch\\\/c\\\/wp-content\\\/uploads\\\/2024\\\/11\\\/paysagiste-jardinier.jpg\",\"width\":1920,\"height\":300},{\"@type\":\"BreadcrumbList\",\"@id\":\"https:\\\/\\\/www.artisanlocal.ch\\\/c\\\/jardinier-paysagiste-a-orbe\\\/#breadcrumb\",\"itemListElement\":[{\"@type\":\"ListItem\",\"position\":1,\"name\":\"Accueil\",\"item\":\"https:\\\/\\\/www.artisanlocal.ch\\\/c\\\/\"},{\"@type\":\"ListItem\",\"position\":2,\"name\":\"Jardinier paysagiste \u00e0 Orbe\"}]},{\"@type\":\"WebSite\",\"@id\":\"https:\\\/\\\/www.artisanlocal.ch\\\/c\\\/#website\",\"url\":\"https:\\\/\\\/www.artisanlocal.ch\\\/c\\\/\",\"name\":\"Artisanlocal\",\"description\":\"\",\"publisher\":{\"@id\":\"https:\\\/\\\/www.artisanlocal.ch\\\/c\\\/#organization\"},\"potentialAction\":[{\"@type\":\"SearchAction\",\"target\":{\"@type\":\"EntryPoint\",\"urlTemplate\":\"https:\\\/\\\/www.artisanlocal.ch\\\/c\\\/?s={search_term_string}\"},\"query-input\":{\"@type\":\"PropertyValueSpecification\",\"valueRequired\":true,\"valueName\":\"search_term_string\"}}],\"inLanguage\":\"fr-FR\"},{\"@type\":\"Organization\",\"@id\":\"https:\\\/\\\/www.artisanlocal.ch\\\/c\\\/#organization\",\"name\":\"Artisanlocal\",\"url\":\"https:\\\/\\\/www.artisanlocal.ch\\\/c\\\/\",\"logo\":{\"@type\":\"ImageObject\",\"inLanguage\":\"fr-FR\",\"@id\":\"https:\\\/\\\/www.artisanlocal.ch\\\/c\\\/#\\\/schema\\\/logo\\\/image\\\/\",\"url\":\"https:\\\/\\\/www.artisanlocal.ch\\\/c\\\/wp-content\\\/uploads\\\/2024\\\/02\\\/logo-artisanlocal-h.svg\",\"contentUrl\":\"https:\\\/\\\/www.artisanlocal.ch\\\/c\\\/wp-content\\\/uploads\\\/2024\\\/02\\\/logo-artisanlocal-h.svg\",\"caption\":\"Artisanlocal\"},\"image\":{\"@id\":\"https:\\\/\\\/www.artisanlocal.ch\\\/c\\\/#\\\/schema\\\/logo\\\/image\\\/\"}}]}<\/script>\n<!-- \/ Yoast SEO Premium plugin. -->","yoast_head_json":{"title":"Jardinier paysagiste \u00e0 Orbe - Artisanlocal","robots":{"index":"index","follow":"follow","max-snippet":"max-snippet:-1","max-image-preview":"max-image-preview:large","max-video-preview":"max-video-preview:-1"},"canonical":"https:\/\/www.artisanlocal.ch\/c\/jardinier-paysagiste-a-orbe\/","og_locale":"fr_FR","og_type":"article","og_title":"Jardinier paysagiste \u00e0 Orbe","og_description":"Notre artisan d\u00e9veloppe et entretien vos jardins et espaces ext\u00e9rieurs. \u00c0 Orbe, nos paysagistes op\u00e8rent chez les copropri\u00e9t\u00e9s, les professionnels et les particuliers. Nos artisans restent attentifs pour vous proposer des prestations personnalis\u00e9es, et en respectant la biodiversit\u00e9 locale. Prestations sur mesure en fonction de votre jardin Cr\u00e9ation et organisation de votre jardin : en [&hellip;]","og_url":"https:\/\/www.artisanlocal.ch\/c\/jardinier-paysagiste-a-orbe\/","og_site_name":"Artisanlocal","article_modified_time":"2025-08-26T17:26:47+00:00","og_image":[{"width":1920,"height":300,"url":"https:\/\/www.artisanlocal.ch\/c\/wp-content\/uploads\/2024\/11\/paysagiste-jardinier.jpg","type":"image\/jpeg"}],"twitter_card":"summary_large_image","twitter_misc":{"Dur\u00e9e de lecture estim\u00e9e":"2 minutes"},"schema":{"@context":"https:\/\/schema.org","@graph":[{"@type":"WebPage","@id":"https:\/\/www.artisanlocal.ch\/c\/jardinier-paysagiste-a-orbe\/","url":"https:\/\/www.artisanlocal.ch\/c\/jardinier-paysagiste-a-orbe\/","name":"Jardinier paysagiste \u00e0 Orbe - Artisanlocal","isPartOf":{"@id":"https:\/\/www.artisanlocal.ch\/c\/#website"},"primaryImageOfPage":{"@id":"https:\/\/www.artisanlocal.ch\/c\/jardinier-paysagiste-a-orbe\/#primaryimage"},"image":{"@id":"https:\/\/www.artisanlocal.ch\/c\/jardinier-paysagiste-a-orbe\/#primaryimage"},"thumbnailUrl":"https:\/\/www.artisanlocal.ch\/c\/wp-content\/uploads\/2024\/11\/paysagiste-jardinier.jpg","datePublished":"2024-09-26T01:45:44+00:00","dateModified":"2025-08-26T17:26:47+00:00","breadcrumb":{"@id":"https:\/\/www.artisanlocal.ch\/c\/jardinier-paysagiste-a-orbe\/#breadcrumb"},"inLanguage":"fr-FR","potentialAction":[{"@type":"ReadAction","target":["https:\/\/www.artisanlocal.ch\/c\/jardinier-paysagiste-a-orbe\/"]}]},{"@type":"ImageObject","inLanguage":"fr-FR","@id":"https:\/\/www.artisanlocal.ch\/c\/jardinier-paysagiste-a-orbe\/#primaryimage","url":"https:\/\/www.artisanlocal.ch\/c\/wp-content\/uploads\/2024\/11\/paysagiste-jardinier.jpg","contentUrl":"https:\/\/www.artisanlocal.ch\/c\/wp-content\/uploads\/2024\/11\/paysagiste-jardinier.jpg","width":1920,"height":300},{"@type":"BreadcrumbList","@id":"https:\/\/www.artisanlocal.ch\/c\/jardinier-paysagiste-a-orbe\/#breadcrumb","itemListElement":[{"@type":"ListItem","position":1,"name":"Accueil","item":"https:\/\/www.artisanlocal.ch\/c\/"},{"@type":"ListItem","position":2,"name":"Jardinier paysagiste \u00e0 Orbe"}]},{"@type":"WebSite","@id":"https:\/\/www.artisanlocal.ch\/c\/#website","url":"https:\/\/www.artisanlocal.ch\/c\/","name":"Artisanlocal","description":"","publisher":{"@id":"https:\/\/www.artisanlocal.ch\/c\/#organization"},"potentialAction":[{"@type":"SearchAction","target":{"@type":"EntryPoint","urlTemplate":"https:\/\/www.artisanlocal.ch\/c\/?s={search_term_string}"},"query-input":{"@type":"PropertyValueSpecification","valueRequired":true,"valueName":"search_term_string"}}],"inLanguage":"fr-FR"},{"@type":"Organization","@id":"https:\/\/www.artisanlocal.ch\/c\/#organization","name":"Artisanlocal","url":"https:\/\/www.artisanlocal.ch\/c\/","logo":{"@type":"ImageObject","inLanguage":"fr-FR","@id":"https:\/\/www.artisanlocal.ch\/c\/#\/schema\/logo\/image\/","url":"https:\/\/www.artisanlocal.ch\/c\/wp-content\/uploads\/2024\/02\/logo-artisanlocal-h.svg","contentUrl":"https:\/\/www.artisanlocal.ch\/c\/wp-content\/uploads\/2024\/02\/logo-artisanlocal-h.svg","caption":"Artisanlocal"},"image":{"@id":"https:\/\/www.artisanlocal.ch\/c\/#\/schema\/logo\/image\/"}}]}},"_links":{"self":[{"href":"https:\/\/www.artisanlocal.ch\/c\/wp-json\/wp\/v2\/pages\/2905","targetHints":{"allow":["GET"]}}],"collection":[{"href":"https:\/\/www.artisanlocal.ch\/c\/wp-json\/wp\/v2\/pages"}],"about":[{"href":"https:\/\/www.artisanlocal.ch\/c\/wp-json\/wp\/v2\/types\/page"}],"author":[{"embeddable":true,"href":"https:\/\/www.artisanlocal.ch\/c\/wp-json\/wp\/v2\/users\/4"}],"replies":[{"embeddable":true,"href":"https:\/\/www.artisanlocal.ch\/c\/wp-json\/wp\/v2\/comments?post=2905"}],"version-history":[{"count":0,"href":"https:\/\/www.artisanlocal.ch\/c\/wp-json\/wp\/v2\/pages\/2905\/revisions"}],"wp:featuredmedia":[{"embeddable":true,"href":"https:\/\/www.artisanlocal.ch\/c\/wp-json\/wp\/v2\/media\/2962"}],"wp:attachment":[{"href":"https:\/\/www.artisanlocal.ch\/c\/wp-json\/wp\/v2\/media?parent=2905"}],"wp:term":[{"taxonomy":"profession","embeddable":true,"href":"https:\/\/www.artisanlocal.ch\/c\/wp-json\/wp\/v2\/profession?post=2905"},{"taxonomy":"location","embeddable":true,"href":"https:\/\/www.artisanlocal.ch\/c\/wp-json\/wp\/v2\/location?post=2905"},{"taxonomy":"canton","embeddable":true,"href":"https:\/\/www.artisanlocal.ch\/c\/wp-json\/wp\/v2\/canton?post=2905"}],"curies":[{"name":"wp","href":"https:\/\/api.w.org\/{rel}","templated":true}]}}