{"id":2906,"date":"2024-09-30T19:15:08","date_gmt":"2024-09-30T17:15:08","guid":{"rendered":"https:\/\/www.artisanlocal.ch\/c\/paysagistes-a-oron-la-ville\/"},"modified":"2025-08-26T19:26:19","modified_gmt":"2025-08-26T17:26:19","slug":"paysagistes-a-oron-la-ville","status":"publish","type":"page","link":"https:\/\/www.artisanlocal.ch\/c\/paysagistes-a-oron-la-ville\/","title":{"rendered":"Paysagistes \u00e0 Oron-la-Ville"},"content":{"rendered":"<p>Artisanlocal. Ch con\u00e7oit, agence et entretien vos espaces verts. \u00c0 Oron-la-Ville, nos jardiniers paysagistes interviennent chez les copropri\u00e9t\u00e9s, les professionnels et les particuliers. Nos jardiniers sont \u00e0 l&rsquo;\u00e9coute pour vous offrir des solutions personnalis\u00e9es, et en respectant la biodiversit\u00e9 locale.<\/p>\n\r\n<div class=\"box\">\r\n    <h2 class=\"text-dark\">Nous cherchons un <em class=\"text-primary\">Jardinier - Paysagiste<\/em> dans la r\u00e9gion de <em class=\"text-primary\">Oron-la-Ville<\/em>  en exclusivit\u00e9, afin de proposer vos services \u00e0 nos clients propri\u00e9taires.<\/h2>\r\n    <p>Une opportunit\u00e9 unique pour booster votre activit\u00e9 \u00e0 <strong>Oron-la-Ville<\/strong> et aux alentours dans votre domaine (Jardinier - Paysagiste).<\/p>\r\n    <p>Nous travaillons en exclusivit\u00e9 avec qu'une soci\u00e9t\u00e9 par m\u00e9tier et par r\u00e9gion. <br>Votre entreprise est pr\u00e9sente sur tous les documents immobiliers. Afin d'\u00eatre mieux vu sur le net, vous \u00eates \u00e9galement visible sur nos deux sites et sur les pages de r\u00e9f\u00e9rencement de votre r\u00e9gion.<\/p>\r\n    <a href=\"\/contact\" class=\"wp-block-button__link has-accent-background-color has-text-align-center wp-element-button\">R\u00e9server<\/a>\r\n<\/div>\n<h2>Prestations personnalis\u00e9es en fonction de votre jardin<\/h2>\n<ul>\n<li>Conception et agencement de votre jardin : nous r\u00e9alisons la cr\u00e9ation et l&rsquo;am\u00e9nagement de votre jardin par rapport \u00e0 vos attentes.<\/li>\n<li>Service d&rsquo;entretien pour vos espaces verts : en fonction de vos attentes, nous intervenons sous contrat ou \u00e0 la prestation.<\/li>\n<li> Am\u00e9nagement de votre terrasse : nous cr\u00e9ons un espace vert sur votre terrasse ou votre balcon pour le transformer en un authentique lieu de vie.<\/li>\n<li> Conception-r\u00e9alisation d\u2019espaces verts : nous ajoutons de la v\u00e9g\u00e9tation dans votre entreprise, immeuble, restaurant ou centre commercial. R\u00e9habilitation et r\u00e9novation des espaces verts : nous nous occupons de la r\u00e9novation compl\u00e8te de votre espace vert pour les b\u00e2timents, maisons et studios.<\/li>\n<li> Entretien des espaces verts en ville : nous restaurons les jardins, les parcs, les ruelles, les berges et les bords de route.<\/li>\n<\/ul>\n<h2>Nos prestations en am\u00e9nagement paysager<\/h2>\n<ul>\n<li>\u00c9lagage, abattement d&rsquo;arbre<\/li>\n<li>Broyage et \u00e9vacuation des d\u00e9chets<\/li>\n<li>D\u00e9broussaillage, fauchage<\/li>\n<li>Agencement, installation de v\u00e9g\u00e9taux<\/li>\n<li>Conception de massif <\/li>\n<li>Pose de gazon naturel<\/li>\n<li>Plantations et fleurissement<\/li>\n<li>Installation de panneaux en bois et de barri\u00e8res<\/li>\n<li>Coupe du pelouse<\/li>\n<li>Tailles de haies, arbustes et rosiers<\/li>\n<li>Mise en place de syst\u00e8mes d\u2019arrosage automatique<\/li>\n<li>Restauration de pelouse<\/li>\n<li>Arrachage de racines<\/li>\n<li>Aplanissement de terrain<\/li>\n<li>Pr\u00e9paration du terrain<\/li>\n<li>Installation de terrasse en lames de bois<\/li>\n<li>Mise en place de pav\u00e9s<\/li>\n<\/ul>\n<h2>Pourquoi travailler avec Artisanlocal<\/h2>\n<p>Nos paysagistes \u00e0 Oron-la-Ville respectent l&rsquo;environnement. Nous collaborons avec les propri\u00e9taires, les collectivit\u00e9s et les professionnels. Les produits que nos paysagistes usent sont \u00e9coresponsables. Artisanlocal est localis\u00e9 au centre de Oron-la-Ville. Les paysagistes qui interviennent chez vous veillent \u00e0 votre satisfaction. Nos paysagistes s&rsquo;engagent \u00e0 r\u00e9pondre \u00e0 vos attentes le plus rapidement possible. Notre entreprise propose des prix comp\u00e9titifs. L&rsquo;\u00e9valuation de vos travaux de paysagistes est gratuite.<\/p>\n<h2>Une soci\u00e9t\u00e9 pour r\u00e9pondre \u00e0 tous vos besoins en am\u00e9nagement paysager<\/h2>\n<p>Install\u00e9e \u00e0 Oron-la-Ville, Artisanlocal est sp\u00e9cialis\u00e9e dans l\u2019am\u00e9nagement de jardin et prend en charge la cr\u00e9ation et l\u2019entretien de vos espaces ext\u00e9rieurs. Avec notre soci\u00e9t\u00e9, vous un interlocuteur unique, vous permettant ainsi de gagner de l&rsquo;argent et du temps.<\/p>\n<h2>Quels types de clients votre soci\u00e9t\u00e9 accompagne ?<\/h2>\n<p>Nous accompagnons:<\/p>\n<ul>\n<li>Les \u00e9tablissements et bars.<\/li>\n<li>Les chambres d&rsquo;h\u00f4tes et h\u00f4tels.<\/li>\n<li> Les maisons et copropri\u00e9t\u00e9s.<\/li>\n<li> Les propri\u00e9taires.<\/li>\n<li> Les domaines agricoles et ch\u00e2teaux. <\/li>\n<li>Les soci\u00e9t\u00e9s.<\/li>\n<\/ul>\n<h2>Cr\u00e9ateurs de jardins \u00e0 Oron-la-Ville et dans les villes proches<\/h2>\n<p>Nous cr\u00e9ons votre espace vert. Notre \u00e9quipe s&rsquo;adapte au style de votre jardin et des exigences (comme la nature du sol). Nous \u00e9tudions en amont votre projet, et notre \u00e9quipe s&rsquo;occupe de sa mise en oeuvre de A \u00e0 Z. Nos jardiniers op\u00e8rent \u00e0 Oron-la-Ville, et \u00e9galement dans les villes proches, telles que :&nbsp;<\/p>\nPeney-le-Jorat, Forel (Lavaux), Mollie-Margot, Savigny, Ferlens VD, Servion, Essertes, Les Cullayes, Montpreveyres, Corcelles-le-Jorat, M\u00e9zi\u00e8res VD, Carrouge VD, Vulliens, Ropraz, Les Tavernes, Les Thioleyres, Pal\u00e9zieux, Pal\u00e9zieux-Village, Oron-le-Ch\u00e2tel, Chapelle (Gl\u00e2ne), Bussigny-sur-Oron, Chesalles-sur-Oron, Ch\u00e2tillens, Vuibroye, Le Cr\u00eat-pr\u00e8s-Semsales, Ecoteaux, Maracon.\n","protected":false},"excerpt":{"rendered":"<p>Artisanlocal. Ch con\u00e7oit, agence et entretien vos espaces verts. \u00c0 Oron-la-Ville, nos jardiniers paysagistes interviennent chez les copropri\u00e9t\u00e9s, les professionnels et les particuliers. Nos jardiniers sont \u00e0 l&rsquo;\u00e9coute pour vous offrir des solutions personnalis\u00e9es, et en respectant la biodiversit\u00e9 locale. Prestations personnalis\u00e9es en fonction de votre jardin Conception et agencement de votre jardin : nous [&hellip;]<\/p>\n","protected":false},"author":4,"featured_media":2962,"parent":0,"menu_order":0,"comment_status":"closed","ping_status":"closed","template":"","meta":{"footnotes":""},"profession":[128],"location":[78],"canton":[113],"class_list":["post-2906","page","type-page","status-publish","has-post-thumbnail","hentry","profession-jardinier-paysagiste","location-oron-la-ville","canton-vd"],"yoast_head":"<!-- This site is optimized with the Yoast SEO Premium plugin v25.7.1 (Yoast SEO v27.3) - https:\/\/yoast.com\/product\/yoast-seo-premium-wordpress\/ -->\n<title>Paysagistes \u00e0 Oron-la-Ville - Artisanlocal<\/title>\n<meta name=\"robots\" content=\"index, follow, max-snippet:-1, max-image-preview:large, max-video-preview:-1\" \/>\n<link rel=\"canonical\" href=\"https:\/\/www.artisanlocal.ch\/c\/paysagistes-a-oron-la-ville\/\" \/>\n<meta property=\"og:locale\" content=\"fr_FR\" \/>\n<meta property=\"og:type\" content=\"article\" \/>\n<meta property=\"og:title\" content=\"Paysagistes \u00e0 Oron-la-Ville\" \/>\n<meta property=\"og:description\" content=\"Artisanlocal. Ch con\u00e7oit, agence et entretien vos espaces verts. \u00c0 Oron-la-Ville, nos jardiniers paysagistes interviennent chez les copropri\u00e9t\u00e9s, les professionnels et les particuliers. Nos jardiniers sont \u00e0 l&rsquo;\u00e9coute pour vous offrir des solutions personnalis\u00e9es, et en respectant la biodiversit\u00e9 locale. Prestations personnalis\u00e9es en fonction de votre jardin Conception et agencement de votre jardin : nous [&hellip;]\" \/>\n<meta property=\"og:url\" content=\"https:\/\/www.artisanlocal.ch\/c\/paysagistes-a-oron-la-ville\/\" \/>\n<meta property=\"og:site_name\" content=\"Artisanlocal\" \/>\n<meta property=\"article:modified_time\" content=\"2025-08-26T17:26:19+00:00\" \/>\n<meta property=\"og:image\" content=\"https:\/\/www.artisanlocal.ch\/c\/wp-content\/uploads\/2024\/11\/paysagiste-jardinier.jpg\" \/>\n\t<meta property=\"og:image:width\" content=\"1920\" \/>\n\t<meta property=\"og:image:height\" content=\"300\" \/>\n\t<meta property=\"og:image:type\" content=\"image\/jpeg\" \/>\n<meta name=\"twitter:card\" content=\"summary_large_image\" \/>\n<meta name=\"twitter:label1\" content=\"Dur\u00e9e de lecture estim\u00e9e\" \/>\n\t<meta name=\"twitter:data1\" content=\"3 minutes\" \/>\n<script type=\"application\/ld+json\" class=\"yoast-schema-graph\">{\"@context\":\"https:\\\/\\\/schema.org\",\"@graph\":[{\"@type\":\"WebPage\",\"@id\":\"https:\\\/\\\/www.artisanlocal.ch\\\/c\\\/paysagistes-a-oron-la-ville\\\/\",\"url\":\"https:\\\/\\\/www.artisanlocal.ch\\\/c\\\/paysagistes-a-oron-la-ville\\\/\",\"name\":\"Paysagistes \u00e0 Oron-la-Ville - Artisanlocal\",\"isPartOf\":{\"@id\":\"https:\\\/\\\/www.artisanlocal.ch\\\/c\\\/#website\"},\"primaryImageOfPage\":{\"@id\":\"https:\\\/\\\/www.artisanlocal.ch\\\/c\\\/paysagistes-a-oron-la-ville\\\/#primaryimage\"},\"image\":{\"@id\":\"https:\\\/\\\/www.artisanlocal.ch\\\/c\\\/paysagistes-a-oron-la-ville\\\/#primaryimage\"},\"thumbnailUrl\":\"https:\\\/\\\/www.artisanlocal.ch\\\/c\\\/wp-content\\\/uploads\\\/2024\\\/11\\\/paysagiste-jardinier.jpg\",\"datePublished\":\"2024-09-30T17:15:08+00:00\",\"dateModified\":\"2025-08-26T17:26:19+00:00\",\"breadcrumb\":{\"@id\":\"https:\\\/\\\/www.artisanlocal.ch\\\/c\\\/paysagistes-a-oron-la-ville\\\/#breadcrumb\"},\"inLanguage\":\"fr-FR\",\"potentialAction\":[{\"@type\":\"ReadAction\",\"target\":[\"https:\\\/\\\/www.artisanlocal.ch\\\/c\\\/paysagistes-a-oron-la-ville\\\/\"]}]},{\"@type\":\"ImageObject\",\"inLanguage\":\"fr-FR\",\"@id\":\"https:\\\/\\\/www.artisanlocal.ch\\\/c\\\/paysagistes-a-oron-la-ville\\\/#primaryimage\",\"url\":\"https:\\\/\\\/www.artisanlocal.ch\\\/c\\\/wp-content\\\/uploads\\\/2024\\\/11\\\/paysagiste-jardinier.jpg\",\"contentUrl\":\"https:\\\/\\\/www.artisanlocal.ch\\\/c\\\/wp-content\\\/uploads\\\/2024\\\/11\\\/paysagiste-jardinier.jpg\",\"width\":1920,\"height\":300},{\"@type\":\"BreadcrumbList\",\"@id\":\"https:\\\/\\\/www.artisanlocal.ch\\\/c\\\/paysagistes-a-oron-la-ville\\\/#breadcrumb\",\"itemListElement\":[{\"@type\":\"ListItem\",\"position\":1,\"name\":\"Accueil\",\"item\":\"https:\\\/\\\/www.artisanlocal.ch\\\/c\\\/\"},{\"@type\":\"ListItem\",\"position\":2,\"name\":\"Paysagistes \u00e0 Oron-la-Ville\"}]},{\"@type\":\"WebSite\",\"@id\":\"https:\\\/\\\/www.artisanlocal.ch\\\/c\\\/#website\",\"url\":\"https:\\\/\\\/www.artisanlocal.ch\\\/c\\\/\",\"name\":\"Artisanlocal\",\"description\":\"\",\"publisher\":{\"@id\":\"https:\\\/\\\/www.artisanlocal.ch\\\/c\\\/#organization\"},\"potentialAction\":[{\"@type\":\"SearchAction\",\"target\":{\"@type\":\"EntryPoint\",\"urlTemplate\":\"https:\\\/\\\/www.artisanlocal.ch\\\/c\\\/?s={search_term_string}\"},\"query-input\":{\"@type\":\"PropertyValueSpecification\",\"valueRequired\":true,\"valueName\":\"search_term_string\"}}],\"inLanguage\":\"fr-FR\"},{\"@type\":\"Organization\",\"@id\":\"https:\\\/\\\/www.artisanlocal.ch\\\/c\\\/#organization\",\"name\":\"Artisanlocal\",\"url\":\"https:\\\/\\\/www.artisanlocal.ch\\\/c\\\/\",\"logo\":{\"@type\":\"ImageObject\",\"inLanguage\":\"fr-FR\",\"@id\":\"https:\\\/\\\/www.artisanlocal.ch\\\/c\\\/#\\\/schema\\\/logo\\\/image\\\/\",\"url\":\"https:\\\/\\\/www.artisanlocal.ch\\\/c\\\/wp-content\\\/uploads\\\/2024\\\/02\\\/logo-artisanlocal-h.svg\",\"contentUrl\":\"https:\\\/\\\/www.artisanlocal.ch\\\/c\\\/wp-content\\\/uploads\\\/2024\\\/02\\\/logo-artisanlocal-h.svg\",\"caption\":\"Artisanlocal\"},\"image\":{\"@id\":\"https:\\\/\\\/www.artisanlocal.ch\\\/c\\\/#\\\/schema\\\/logo\\\/image\\\/\"}}]}<\/script>\n<!-- \/ Yoast SEO Premium plugin. -->","yoast_head_json":{"title":"Paysagistes \u00e0 Oron-la-Ville - Artisanlocal","robots":{"index":"index","follow":"follow","max-snippet":"max-snippet:-1","max-image-preview":"max-image-preview:large","max-video-preview":"max-video-preview:-1"},"canonical":"https:\/\/www.artisanlocal.ch\/c\/paysagistes-a-oron-la-ville\/","og_locale":"fr_FR","og_type":"article","og_title":"Paysagistes \u00e0 Oron-la-Ville","og_description":"Artisanlocal. Ch con\u00e7oit, agence et entretien vos espaces verts. \u00c0 Oron-la-Ville, nos jardiniers paysagistes interviennent chez les copropri\u00e9t\u00e9s, les professionnels et les particuliers. Nos jardiniers sont \u00e0 l&rsquo;\u00e9coute pour vous offrir des solutions personnalis\u00e9es, et en respectant la biodiversit\u00e9 locale. Prestations personnalis\u00e9es en fonction de votre jardin Conception et agencement de votre jardin : nous [&hellip;]","og_url":"https:\/\/www.artisanlocal.ch\/c\/paysagistes-a-oron-la-ville\/","og_site_name":"Artisanlocal","article_modified_time":"2025-08-26T17:26:19+00:00","og_image":[{"width":1920,"height":300,"url":"https:\/\/www.artisanlocal.ch\/c\/wp-content\/uploads\/2024\/11\/paysagiste-jardinier.jpg","type":"image\/jpeg"}],"twitter_card":"summary_large_image","twitter_misc":{"Dur\u00e9e de lecture estim\u00e9e":"3 minutes"},"schema":{"@context":"https:\/\/schema.org","@graph":[{"@type":"WebPage","@id":"https:\/\/www.artisanlocal.ch\/c\/paysagistes-a-oron-la-ville\/","url":"https:\/\/www.artisanlocal.ch\/c\/paysagistes-a-oron-la-ville\/","name":"Paysagistes \u00e0 Oron-la-Ville - Artisanlocal","isPartOf":{"@id":"https:\/\/www.artisanlocal.ch\/c\/#website"},"primaryImageOfPage":{"@id":"https:\/\/www.artisanlocal.ch\/c\/paysagistes-a-oron-la-ville\/#primaryimage"},"image":{"@id":"https:\/\/www.artisanlocal.ch\/c\/paysagistes-a-oron-la-ville\/#primaryimage"},"thumbnailUrl":"https:\/\/www.artisanlocal.ch\/c\/wp-content\/uploads\/2024\/11\/paysagiste-jardinier.jpg","datePublished":"2024-09-30T17:15:08+00:00","dateModified":"2025-08-26T17:26:19+00:00","breadcrumb":{"@id":"https:\/\/www.artisanlocal.ch\/c\/paysagistes-a-oron-la-ville\/#breadcrumb"},"inLanguage":"fr-FR","potentialAction":[{"@type":"ReadAction","target":["https:\/\/www.artisanlocal.ch\/c\/paysagistes-a-oron-la-ville\/"]}]},{"@type":"ImageObject","inLanguage":"fr-FR","@id":"https:\/\/www.artisanlocal.ch\/c\/paysagistes-a-oron-la-ville\/#primaryimage","url":"https:\/\/www.artisanlocal.ch\/c\/wp-content\/uploads\/2024\/11\/paysagiste-jardinier.jpg","contentUrl":"https:\/\/www.artisanlocal.ch\/c\/wp-content\/uploads\/2024\/11\/paysagiste-jardinier.jpg","width":1920,"height":300},{"@type":"BreadcrumbList","@id":"https:\/\/www.artisanlocal.ch\/c\/paysagistes-a-oron-la-ville\/#breadcrumb","itemListElement":[{"@type":"ListItem","position":1,"name":"Accueil","item":"https:\/\/www.artisanlocal.ch\/c\/"},{"@type":"ListItem","position":2,"name":"Paysagistes \u00e0 Oron-la-Ville"}]},{"@type":"WebSite","@id":"https:\/\/www.artisanlocal.ch\/c\/#website","url":"https:\/\/www.artisanlocal.ch\/c\/","name":"Artisanlocal","description":"","publisher":{"@id":"https:\/\/www.artisanlocal.ch\/c\/#organization"},"potentialAction":[{"@type":"SearchAction","target":{"@type":"EntryPoint","urlTemplate":"https:\/\/www.artisanlocal.ch\/c\/?s={search_term_string}"},"query-input":{"@type":"PropertyValueSpecification","valueRequired":true,"valueName":"search_term_string"}}],"inLanguage":"fr-FR"},{"@type":"Organization","@id":"https:\/\/www.artisanlocal.ch\/c\/#organization","name":"Artisanlocal","url":"https:\/\/www.artisanlocal.ch\/c\/","logo":{"@type":"ImageObject","inLanguage":"fr-FR","@id":"https:\/\/www.artisanlocal.ch\/c\/#\/schema\/logo\/image\/","url":"https:\/\/www.artisanlocal.ch\/c\/wp-content\/uploads\/2024\/02\/logo-artisanlocal-h.svg","contentUrl":"https:\/\/www.artisanlocal.ch\/c\/wp-content\/uploads\/2024\/02\/logo-artisanlocal-h.svg","caption":"Artisanlocal"},"image":{"@id":"https:\/\/www.artisanlocal.ch\/c\/#\/schema\/logo\/image\/"}}]}},"_links":{"self":[{"href":"https:\/\/www.artisanlocal.ch\/c\/wp-json\/wp\/v2\/pages\/2906","targetHints":{"allow":["GET"]}}],"collection":[{"href":"https:\/\/www.artisanlocal.ch\/c\/wp-json\/wp\/v2\/pages"}],"about":[{"href":"https:\/\/www.artisanlocal.ch\/c\/wp-json\/wp\/v2\/types\/page"}],"author":[{"embeddable":true,"href":"https:\/\/www.artisanlocal.ch\/c\/wp-json\/wp\/v2\/users\/4"}],"replies":[{"embeddable":true,"href":"https:\/\/www.artisanlocal.ch\/c\/wp-json\/wp\/v2\/comments?post=2906"}],"version-history":[{"count":0,"href":"https:\/\/www.artisanlocal.ch\/c\/wp-json\/wp\/v2\/pages\/2906\/revisions"}],"wp:featuredmedia":[{"embeddable":true,"href":"https:\/\/www.artisanlocal.ch\/c\/wp-json\/wp\/v2\/media\/2962"}],"wp:attachment":[{"href":"https:\/\/www.artisanlocal.ch\/c\/wp-json\/wp\/v2\/media?parent=2906"}],"wp:term":[{"taxonomy":"profession","embeddable":true,"href":"https:\/\/www.artisanlocal.ch\/c\/wp-json\/wp\/v2\/profession?post=2906"},{"taxonomy":"location","embeddable":true,"href":"https:\/\/www.artisanlocal.ch\/c\/wp-json\/wp\/v2\/location?post=2906"},{"taxonomy":"canton","embeddable":true,"href":"https:\/\/www.artisanlocal.ch\/c\/wp-json\/wp\/v2\/canton?post=2906"}],"curies":[{"name":"wp","href":"https:\/\/api.w.org\/{rel}","templated":true}]}}