{"id":2908,"date":"2024-09-28T13:56:34","date_gmt":"2024-09-28T11:56:34","guid":{"rendered":"https:\/\/www.artisanlocal.ch\/c\/jardinier-paysagiste-a-vevey\/"},"modified":"2026-04-03T12:58:14","modified_gmt":"2026-04-03T10:58:14","slug":"jardinier-paysagiste-a-vevey","status":"publish","type":"page","link":"https:\/\/www.artisanlocal.ch\/c\/jardinier-paysagiste-a-vevey\/","title":{"rendered":"Jardinier paysagiste \u00e0 Vevey"},"content":{"rendered":"<p>Notre artisan d\u00e9veloppe et entretien vos espaces ext\u00e9rieurs et jardins. \u00c0 Vevey, nos jardiniers paysagistes op\u00e8rent chez les particuliers, les copropri\u00e9t\u00e9s et les professionnels. Nos jardiniers pr\u00eatent attention \u00e0 vos attentes et vous proposent des travaux adapt\u00e9s tout en respectant la biodiversit\u00e9 locale.<\/p>\n\r\n<div class=\"box\">\r\n    <h2 class=\"text-dark\">Nous cherchons un <em class=\"text-primary\">Jardinier - Paysagiste<\/em> dans la r\u00e9gion de <em class=\"text-primary\">Vevey<\/em>  en exclusivit\u00e9, afin de proposer vos services \u00e0 nos clients propri\u00e9taires.<\/h2>\r\n    <p>Une opportunit\u00e9 unique pour booster votre activit\u00e9 \u00e0 <strong>Vevey<\/strong> et aux alentours dans votre domaine (Jardinier - Paysagiste).<\/p>\r\n    <p>Nous travaillons en exclusivit\u00e9 avec qu'une soci\u00e9t\u00e9 par m\u00e9tier et par r\u00e9gion. <br>Votre entreprise est pr\u00e9sente sur tous les documents immobiliers. Afin d'\u00eatre mieux vu sur le net, vous \u00eates \u00e9galement visible sur nos deux sites et sur les pages de r\u00e9f\u00e9rencement de votre r\u00e9gion.<\/p>\r\n    <a href=\"\/contact\" class=\"wp-block-button__link has-accent-background-color has-text-align-center wp-element-button\">R\u00e9server<\/a>\r\n<\/div>\n<h2>Prestations de jardinage pour les Veveysan<\/h2>\n<ul>\n<li>Conception et am\u00e9nagement de votre espace vert : en fonction de votre exigence, nous planifions et r\u00e9alisons votre projet d&rsquo;am\u00e9nagement paysager sur mesure.<\/li>\n<li>Entretien de votre espace vert : nous op\u00e9rons sous contrat ou \u00e0 la prestation par rapport \u00e0 vos besoins.<\/li>\n<li> Am\u00e9nagement d&rsquo;espace vert sur votre terrasse ou balcon : nos paysagistes m\u00e9tamorphosent votre balcon ou votre terrasse en y cr\u00e9ant un espace vert.<\/li>\n<li> Conception-r\u00e9alisation d&rsquo;espaces verts : nous r\u00e9alisons la cr\u00e9ation de vos espaces verts dans votre immeuble, restaurant, centre commercial ou soci\u00e9t\u00e9. R\u00e9habilitation et r\u00e9novation des espaces verts : nous nous occupons de la r\u00e9novation compl\u00e8te de vos espaces verts pour les immeubles, maisons et appartements.<\/li>\n<li> Entretien des espaces urbains : nous r\u00e9alisons l&rsquo;entretien des jardins, parcs, berges, rues et routes.<\/li>\n<\/ul>\n<h2>Nos prestations pour l&rsquo;am\u00e9nagement de votre jardin<\/h2>\n<ul>\n<li>Conception de massif <\/li>\n<li>D\u00e9broussaillage, fauchage<\/li>\n<li>Installation de gazon naturel<\/li>\n<li>Fleurissement et plantations<\/li>\n<li>Tailles de haies, arbustes et rosiers<\/li>\n<li>Tonte de pelouse<\/li>\n<li>R\u00e9novation de pelouse<\/li>\n<li>Am\u00e9nagement, v\u00e9g\u00e9talisation<\/li>\n<li>Aplanissement de terrain<\/li>\n<li>Pr\u00e9paration du terrain<\/li>\n<li>Pose de panneaux en bois et de cl\u00f4tures<\/li>\n<li>Installation de syst\u00e8mes d\u2019arrosage <\/li>\n<li>Installation de terrasse lames de bois<\/li>\n<li>Dallage<\/li>\n<li>\u00c9lagage, enl\u00e8vement d&rsquo;arbre<\/li>\n<li>Arrachage de souches<\/li>\n<li>Broyage et \u00e9vacuation des d\u00e9bris<\/li>\n<\/ul>\n<h2>Pourquoi travailler avec Artisanlocal<\/h2>\n<p>\u00c0 Vevey, nos paysagistes s&rsquo;engagent \u00e0 respecter l&rsquo;habitat. Nous collaborons avec les particuliers, les collectivit\u00e9s et les professionnels. Les produits que nos paysagistes emploient sont \u00e9coresponsables. Artisanlocal est localis\u00e9 au centre de Vevey. Nos \u00e9quipes attachent une grande importance \u00e0 la satisfaction client\u00e8le. Nous faisons tout notre possible pour r\u00e9pondre \u00e0 vos attentes dans les meilleurs d\u00e9lais. Nos prix sont attractifs. L&rsquo;\u00e9valuation de vos travaux de paysagistes est offerte.<\/p>\n<h2>Une soci\u00e9t\u00e9 pour r\u00e9pondre \u00e0 tous vos besoins en am\u00e9nagement paysager<\/h2>\n<p>Artisanlocal est une entreprise experte en solution d&rsquo;am\u00e9nagement paysager \u00e0 Vevey et qui r\u00e9alisent la cr\u00e9ation et l\u2019entretien de vos jardins. En passant par nous, vous avez un interlocuteur unique pour vous simplifier la vie et vous faire gagner du temps.<\/p>\n<h2>Quels sont les types de clients que vous accompagnez ?<\/h2>\n<p>Nous assistons:<\/p>\n<ul>\n<li>Les bars et les restaurants.<\/li>\n<li>Les chambres d&rsquo;h\u00f4tes et h\u00f4tels.<\/li>\n<li> Les copropri\u00e9t\u00e9s et maisons.<\/li>\n<li> Les particuliers.<\/li>\n<li> Les domaines agricoles et ch\u00e2teaux. <\/li>\n<li>Les soci\u00e9t\u00e9s.<\/li>\n<\/ul>\n<h2>Jardiniers paysagistes \u00e0 Vevey et dans les communes proches<\/h2>\n<p>Nous cr\u00e9ons le jardin dont vous r\u00eavez. Nous nous adaptons au style de votre jardin et des exigences (comme la caract\u00e9ristique du sol). Nous analysons au pr\u00e9alable votre objectif, et notre \u00e9quipe s&rsquo;occupe de sa mise en oeuvre de A \u00e0 Z. Nos jardiniers op\u00e8rent \u00e0 Vevey, et aussi dans les localit\u00e9s proches, telles que :&nbsp;<\/p>\nPuidoux, Chexbres, Rivaz, St-Saphorin (Lavaux), Aran, Chenaux, Grandvaux, Cully, Villette (Lavaux), Riex, Epesses, Le Mont-P\u00e8lerin, Corseaux, Chardonne, Corsier-sur-Vevey, Jongny, St-L\u00e9gier-La Chi\u00e9saz, Blonay, Les Monts-de-Corsier, Fenil-sur-Corsier, La Tour-de-Peilz, Clarens, Chailly-Montreux, Brent, Montreux, Territet, Veytaux, Chernex, Glion, Caux, Chamby, Villard-sur-Chamby, Les Avants.\n","protected":false},"excerpt":{"rendered":"<p>Notre artisan d\u00e9veloppe et entretien vos espaces ext\u00e9rieurs et jardins. \u00c0 Vevey, nos jardiniers paysagistes op\u00e8rent chez les particuliers, les copropri\u00e9t\u00e9s et les professionnels. Nos jardiniers pr\u00eatent attention \u00e0 vos attentes et vous proposent des travaux adapt\u00e9s tout en respectant la biodiversit\u00e9 locale. Prestations de jardinage pour les Veveysan Conception et am\u00e9nagement de votre espace [&hellip;]<\/p>\n","protected":false},"author":4,"featured_media":2962,"parent":0,"menu_order":0,"comment_status":"closed","ping_status":"closed","template":"","meta":{"footnotes":""},"profession":[128],"location":[133],"canton":[113],"class_list":["post-2908","page","type-page","status-publish","has-post-thumbnail","hentry","profession-jardinier-paysagiste","location-vevey","canton-vd"],"yoast_head":"<!-- This site is optimized with the Yoast SEO Premium plugin v25.7.1 (Yoast SEO v27.3) - https:\/\/yoast.com\/product\/yoast-seo-premium-wordpress\/ -->\n<title>Jardinier paysagiste \u00e0 Vevey - Artisanlocal<\/title>\n<meta name=\"robots\" content=\"index, follow, max-snippet:-1, max-image-preview:large, max-video-preview:-1\" \/>\n<link rel=\"canonical\" href=\"https:\/\/www.artisanlocal.ch\/c\/jardinier-paysagiste-a-vevey\/\" \/>\n<meta property=\"og:locale\" content=\"fr_FR\" \/>\n<meta property=\"og:type\" content=\"article\" \/>\n<meta property=\"og:title\" content=\"Jardinier paysagiste \u00e0 Vevey\" \/>\n<meta property=\"og:description\" content=\"Notre artisan d\u00e9veloppe et entretien vos espaces ext\u00e9rieurs et jardins. \u00c0 Vevey, nos jardiniers paysagistes op\u00e8rent chez les particuliers, les copropri\u00e9t\u00e9s et les professionnels. Nos jardiniers pr\u00eatent attention \u00e0 vos attentes et vous proposent des travaux adapt\u00e9s tout en respectant la biodiversit\u00e9 locale. Prestations de jardinage pour les Veveysan Conception et am\u00e9nagement de votre espace [&hellip;]\" \/>\n<meta property=\"og:url\" content=\"https:\/\/www.artisanlocal.ch\/c\/jardinier-paysagiste-a-vevey\/\" \/>\n<meta property=\"og:site_name\" content=\"Artisanlocal\" \/>\n<meta property=\"article:modified_time\" content=\"2026-04-03T10:58:14+00:00\" \/>\n<meta property=\"og:image\" content=\"https:\/\/www.artisanlocal.ch\/c\/wp-content\/uploads\/2024\/11\/paysagiste-jardinier.jpg\" \/>\n\t<meta property=\"og:image:width\" content=\"1920\" \/>\n\t<meta property=\"og:image:height\" content=\"300\" \/>\n\t<meta property=\"og:image:type\" content=\"image\/jpeg\" \/>\n<meta name=\"twitter:card\" content=\"summary_large_image\" \/>\n<meta name=\"twitter:label1\" content=\"Dur\u00e9e de lecture estim\u00e9e\" \/>\n\t<meta name=\"twitter:data1\" content=\"3 minutes\" \/>\n<script type=\"application\/ld+json\" class=\"yoast-schema-graph\">{\"@context\":\"https:\\\/\\\/schema.org\",\"@graph\":[{\"@type\":\"WebPage\",\"@id\":\"https:\\\/\\\/www.artisanlocal.ch\\\/c\\\/jardinier-paysagiste-a-vevey\\\/\",\"url\":\"https:\\\/\\\/www.artisanlocal.ch\\\/c\\\/jardinier-paysagiste-a-vevey\\\/\",\"name\":\"Jardinier paysagiste \u00e0 Vevey - Artisanlocal\",\"isPartOf\":{\"@id\":\"https:\\\/\\\/www.artisanlocal.ch\\\/c\\\/#website\"},\"primaryImageOfPage\":{\"@id\":\"https:\\\/\\\/www.artisanlocal.ch\\\/c\\\/jardinier-paysagiste-a-vevey\\\/#primaryimage\"},\"image\":{\"@id\":\"https:\\\/\\\/www.artisanlocal.ch\\\/c\\\/jardinier-paysagiste-a-vevey\\\/#primaryimage\"},\"thumbnailUrl\":\"https:\\\/\\\/www.artisanlocal.ch\\\/c\\\/wp-content\\\/uploads\\\/2024\\\/11\\\/paysagiste-jardinier.jpg\",\"datePublished\":\"2024-09-28T11:56:34+00:00\",\"dateModified\":\"2026-04-03T10:58:14+00:00\",\"breadcrumb\":{\"@id\":\"https:\\\/\\\/www.artisanlocal.ch\\\/c\\\/jardinier-paysagiste-a-vevey\\\/#breadcrumb\"},\"inLanguage\":\"fr-FR\",\"potentialAction\":[{\"@type\":\"ReadAction\",\"target\":[\"https:\\\/\\\/www.artisanlocal.ch\\\/c\\\/jardinier-paysagiste-a-vevey\\\/\"]}]},{\"@type\":\"ImageObject\",\"inLanguage\":\"fr-FR\",\"@id\":\"https:\\\/\\\/www.artisanlocal.ch\\\/c\\\/jardinier-paysagiste-a-vevey\\\/#primaryimage\",\"url\":\"https:\\\/\\\/www.artisanlocal.ch\\\/c\\\/wp-content\\\/uploads\\\/2024\\\/11\\\/paysagiste-jardinier.jpg\",\"contentUrl\":\"https:\\\/\\\/www.artisanlocal.ch\\\/c\\\/wp-content\\\/uploads\\\/2024\\\/11\\\/paysagiste-jardinier.jpg\",\"width\":1920,\"height\":300},{\"@type\":\"BreadcrumbList\",\"@id\":\"https:\\\/\\\/www.artisanlocal.ch\\\/c\\\/jardinier-paysagiste-a-vevey\\\/#breadcrumb\",\"itemListElement\":[{\"@type\":\"ListItem\",\"position\":1,\"name\":\"Accueil\",\"item\":\"https:\\\/\\\/www.artisanlocal.ch\\\/c\\\/\"},{\"@type\":\"ListItem\",\"position\":2,\"name\":\"Jardinier paysagiste \u00e0 Vevey\"}]},{\"@type\":\"WebSite\",\"@id\":\"https:\\\/\\\/www.artisanlocal.ch\\\/c\\\/#website\",\"url\":\"https:\\\/\\\/www.artisanlocal.ch\\\/c\\\/\",\"name\":\"Artisanlocal\",\"description\":\"\",\"publisher\":{\"@id\":\"https:\\\/\\\/www.artisanlocal.ch\\\/c\\\/#organization\"},\"potentialAction\":[{\"@type\":\"SearchAction\",\"target\":{\"@type\":\"EntryPoint\",\"urlTemplate\":\"https:\\\/\\\/www.artisanlocal.ch\\\/c\\\/?s={search_term_string}\"},\"query-input\":{\"@type\":\"PropertyValueSpecification\",\"valueRequired\":true,\"valueName\":\"search_term_string\"}}],\"inLanguage\":\"fr-FR\"},{\"@type\":\"Organization\",\"@id\":\"https:\\\/\\\/www.artisanlocal.ch\\\/c\\\/#organization\",\"name\":\"Artisanlocal\",\"url\":\"https:\\\/\\\/www.artisanlocal.ch\\\/c\\\/\",\"logo\":{\"@type\":\"ImageObject\",\"inLanguage\":\"fr-FR\",\"@id\":\"https:\\\/\\\/www.artisanlocal.ch\\\/c\\\/#\\\/schema\\\/logo\\\/image\\\/\",\"url\":\"https:\\\/\\\/www.artisanlocal.ch\\\/c\\\/wp-content\\\/uploads\\\/2024\\\/02\\\/logo-artisanlocal-h.svg\",\"contentUrl\":\"https:\\\/\\\/www.artisanlocal.ch\\\/c\\\/wp-content\\\/uploads\\\/2024\\\/02\\\/logo-artisanlocal-h.svg\",\"caption\":\"Artisanlocal\"},\"image\":{\"@id\":\"https:\\\/\\\/www.artisanlocal.ch\\\/c\\\/#\\\/schema\\\/logo\\\/image\\\/\"}}]}<\/script>\n<!-- \/ Yoast SEO Premium plugin. -->","yoast_head_json":{"title":"Jardinier paysagiste \u00e0 Vevey - Artisanlocal","robots":{"index":"index","follow":"follow","max-snippet":"max-snippet:-1","max-image-preview":"max-image-preview:large","max-video-preview":"max-video-preview:-1"},"canonical":"https:\/\/www.artisanlocal.ch\/c\/jardinier-paysagiste-a-vevey\/","og_locale":"fr_FR","og_type":"article","og_title":"Jardinier paysagiste \u00e0 Vevey","og_description":"Notre artisan d\u00e9veloppe et entretien vos espaces ext\u00e9rieurs et jardins. \u00c0 Vevey, nos jardiniers paysagistes op\u00e8rent chez les particuliers, les copropri\u00e9t\u00e9s et les professionnels. Nos jardiniers pr\u00eatent attention \u00e0 vos attentes et vous proposent des travaux adapt\u00e9s tout en respectant la biodiversit\u00e9 locale. Prestations de jardinage pour les Veveysan Conception et am\u00e9nagement de votre espace [&hellip;]","og_url":"https:\/\/www.artisanlocal.ch\/c\/jardinier-paysagiste-a-vevey\/","og_site_name":"Artisanlocal","article_modified_time":"2026-04-03T10:58:14+00:00","og_image":[{"width":1920,"height":300,"url":"https:\/\/www.artisanlocal.ch\/c\/wp-content\/uploads\/2024\/11\/paysagiste-jardinier.jpg","type":"image\/jpeg"}],"twitter_card":"summary_large_image","twitter_misc":{"Dur\u00e9e de lecture estim\u00e9e":"3 minutes"},"schema":{"@context":"https:\/\/schema.org","@graph":[{"@type":"WebPage","@id":"https:\/\/www.artisanlocal.ch\/c\/jardinier-paysagiste-a-vevey\/","url":"https:\/\/www.artisanlocal.ch\/c\/jardinier-paysagiste-a-vevey\/","name":"Jardinier paysagiste \u00e0 Vevey - Artisanlocal","isPartOf":{"@id":"https:\/\/www.artisanlocal.ch\/c\/#website"},"primaryImageOfPage":{"@id":"https:\/\/www.artisanlocal.ch\/c\/jardinier-paysagiste-a-vevey\/#primaryimage"},"image":{"@id":"https:\/\/www.artisanlocal.ch\/c\/jardinier-paysagiste-a-vevey\/#primaryimage"},"thumbnailUrl":"https:\/\/www.artisanlocal.ch\/c\/wp-content\/uploads\/2024\/11\/paysagiste-jardinier.jpg","datePublished":"2024-09-28T11:56:34+00:00","dateModified":"2026-04-03T10:58:14+00:00","breadcrumb":{"@id":"https:\/\/www.artisanlocal.ch\/c\/jardinier-paysagiste-a-vevey\/#breadcrumb"},"inLanguage":"fr-FR","potentialAction":[{"@type":"ReadAction","target":["https:\/\/www.artisanlocal.ch\/c\/jardinier-paysagiste-a-vevey\/"]}]},{"@type":"ImageObject","inLanguage":"fr-FR","@id":"https:\/\/www.artisanlocal.ch\/c\/jardinier-paysagiste-a-vevey\/#primaryimage","url":"https:\/\/www.artisanlocal.ch\/c\/wp-content\/uploads\/2024\/11\/paysagiste-jardinier.jpg","contentUrl":"https:\/\/www.artisanlocal.ch\/c\/wp-content\/uploads\/2024\/11\/paysagiste-jardinier.jpg","width":1920,"height":300},{"@type":"BreadcrumbList","@id":"https:\/\/www.artisanlocal.ch\/c\/jardinier-paysagiste-a-vevey\/#breadcrumb","itemListElement":[{"@type":"ListItem","position":1,"name":"Accueil","item":"https:\/\/www.artisanlocal.ch\/c\/"},{"@type":"ListItem","position":2,"name":"Jardinier paysagiste \u00e0 Vevey"}]},{"@type":"WebSite","@id":"https:\/\/www.artisanlocal.ch\/c\/#website","url":"https:\/\/www.artisanlocal.ch\/c\/","name":"Artisanlocal","description":"","publisher":{"@id":"https:\/\/www.artisanlocal.ch\/c\/#organization"},"potentialAction":[{"@type":"SearchAction","target":{"@type":"EntryPoint","urlTemplate":"https:\/\/www.artisanlocal.ch\/c\/?s={search_term_string}"},"query-input":{"@type":"PropertyValueSpecification","valueRequired":true,"valueName":"search_term_string"}}],"inLanguage":"fr-FR"},{"@type":"Organization","@id":"https:\/\/www.artisanlocal.ch\/c\/#organization","name":"Artisanlocal","url":"https:\/\/www.artisanlocal.ch\/c\/","logo":{"@type":"ImageObject","inLanguage":"fr-FR","@id":"https:\/\/www.artisanlocal.ch\/c\/#\/schema\/logo\/image\/","url":"https:\/\/www.artisanlocal.ch\/c\/wp-content\/uploads\/2024\/02\/logo-artisanlocal-h.svg","contentUrl":"https:\/\/www.artisanlocal.ch\/c\/wp-content\/uploads\/2024\/02\/logo-artisanlocal-h.svg","caption":"Artisanlocal"},"image":{"@id":"https:\/\/www.artisanlocal.ch\/c\/#\/schema\/logo\/image\/"}}]}},"_links":{"self":[{"href":"https:\/\/www.artisanlocal.ch\/c\/wp-json\/wp\/v2\/pages\/2908","targetHints":{"allow":["GET"]}}],"collection":[{"href":"https:\/\/www.artisanlocal.ch\/c\/wp-json\/wp\/v2\/pages"}],"about":[{"href":"https:\/\/www.artisanlocal.ch\/c\/wp-json\/wp\/v2\/types\/page"}],"author":[{"embeddable":true,"href":"https:\/\/www.artisanlocal.ch\/c\/wp-json\/wp\/v2\/users\/4"}],"replies":[{"embeddable":true,"href":"https:\/\/www.artisanlocal.ch\/c\/wp-json\/wp\/v2\/comments?post=2908"}],"version-history":[{"count":1,"href":"https:\/\/www.artisanlocal.ch\/c\/wp-json\/wp\/v2\/pages\/2908\/revisions"}],"predecessor-version":[{"id":5351,"href":"https:\/\/www.artisanlocal.ch\/c\/wp-json\/wp\/v2\/pages\/2908\/revisions\/5351"}],"wp:featuredmedia":[{"embeddable":true,"href":"https:\/\/www.artisanlocal.ch\/c\/wp-json\/wp\/v2\/media\/2962"}],"wp:attachment":[{"href":"https:\/\/www.artisanlocal.ch\/c\/wp-json\/wp\/v2\/media?parent=2908"}],"wp:term":[{"taxonomy":"profession","embeddable":true,"href":"https:\/\/www.artisanlocal.ch\/c\/wp-json\/wp\/v2\/profession?post=2908"},{"taxonomy":"location","embeddable":true,"href":"https:\/\/www.artisanlocal.ch\/c\/wp-json\/wp\/v2\/location?post=2908"},{"taxonomy":"canton","embeddable":true,"href":"https:\/\/www.artisanlocal.ch\/c\/wp-json\/wp\/v2\/canton?post=2908"}],"curies":[{"name":"wp","href":"https:\/\/api.w.org\/{rel}","templated":true}]}}