{"id":2920,"date":"2024-09-29T13:54:11","date_gmt":"2024-09-29T11:54:11","guid":{"rendered":"https:\/\/www.artisanlocal.ch\/c\/entreprise-paysagiste-a-ste-croix\/"},"modified":"2025-08-26T19:26:27","modified_gmt":"2025-08-26T17:26:27","slug":"entreprise-paysagiste-a-ste-croix","status":"publish","type":"page","link":"https:\/\/www.artisanlocal.ch\/c\/entreprise-paysagiste-a-ste-croix\/","title":{"rendered":"Entreprise Paysagiste \u00e0 Ste-Croix"},"content":{"rendered":"<p>Artisanlocal. Ch cr\u00e9e, adapte et entretien vos espaces verts. Notre \u00e9quipe de jardiniers intervient \u00e0 Ste-Croix aupr\u00e8s des professionnels, propri\u00e9taires et copropri\u00e9t\u00e9s. Nos jardiniers restent attentifs \u00e0 vos besoins et vous offrent des services sur mesure tout en pr\u00e9servant la biodiversit\u00e9 locale.<\/p>\n\r\n<div class=\"box\">\r\n            <div class=\"company-info\">\r\n            <img decoding=\"async\" class=\"company-info__logo\" src=\"https:\/\/www.artisanlocal.ch\/media\/cache\/thumb\/images\/companies\/d-s-paysages-sarl.jpg\" alt=\"Logo\">\r\n            <h2 class=\"company-info__name\">D & S Paysages s\u00e0rl<\/h2>\r\n            <p class=\"company-info__business\">Paysagistes - Entretien de jardin - Am\u00e9nagements ext\u00e9rieurs<\/p>\r\n        <\/div>\r\n        <div class=\"company-contact\">\r\n            <p class=\"company-info__address\">Chemin de la L\u00e9ch\u00e8re 10<\/p>\r\n                            <div class=\"links\">\r\n                                            <a class=\"btn has-accent-background-color js-phoneNumber\" href=\"tel:0791324400\" title=\"Appelez\" data-id=\"15355\" data-type=\"11\">079 132 44 00<\/a>\r\n                                                                <a class=\"btn has-accent-background-color\" href=\"http:\/\/www.dspaysages.ch\/\" target=\"_blank\" title=\"Voir le site internet\" data-id=\"15355\" data-type=\"20\">Site internet<\/a>\r\n                                    <\/div>\r\n                    <\/div>\r\n    \r\n            \r\n<form action=\"https:\/\/www.artisanlocal.ch\/c\/wp-admin\/admin-ajax.php\" method=\"post\" class=\"form-contact\" id=\"artisan_form_contact_company_inline\">\r\n    <div><input type=\"hidden\" name=\"action\" value=\"company_contact\"><\/div>\r\n    <div><input type=\"hidden\" name=\"nonce\" value=\"2ab39f2652\"><\/div>\r\n    <div><input type=\"hidden\" name=\"company_id\" value=\"15355\"><\/div>\r\n    <div><input type=\"hidden\" name=\"form_id\" value=\"artisan_form_contact_company_inline\"><\/div>\r\n    <div class=\"gglcptch gglcptch_v3 gglcptch_custom\"><input type=\"hidden\" id=\"g-recaptcha-response\" name=\"g-recaptcha-response\" \/><br \/><div class=\"gglcptch_error_text\">La p\u00e9riode de v\u00e9rification reCAPTCHA a expir\u00e9. Veuillez recharger la page.<\/div><\/div>    <div class=\"form-content\">\r\n        <div class=\"form-group\">\r\n            <label for=\"contact_firstName\" class=\"required\">Pr\u00e9nom<\/label>\r\n            <input type=\"text\" name=\"firstName\" class=\"form-control\" required>\r\n        <\/div>\r\n        <div class=\"form-group\">\r\n            <label for=\"contact_lastName\" class=\"required\">Nom<\/label>\r\n            <input type=\"text\" name=\"lastName\" class=\"form-control\" required>\r\n        <\/div>\r\n        <div class=\"form-group\">\r\n            <label for=\"contact_email\" class=\"required\">Email<\/label>\r\n            <input type=\"email\" name=\"email\" class=\"form-control\" required>\r\n        <\/div>\r\n        <div class=\"form-group\">\r\n            <label for=\"contact_phone\" class=\"required\">Num\u00e9ro de t\u00e9l\u00e9phone<\/label>\r\n            <input type=\"tel\" name=\"phone\" class=\"form-control\" placeholder=\"0787117165\" pattern=\"^[0-9]{10}$\" required>\r\n        <\/div>\r\n        <div class=\"form-group\">\r\n            <label for=\"contact_postalCode\" class=\"required\">Code postal et localit\u00e9<\/label>\r\n            <input type=\"text\" name=\"postalCode\" class=\"form-control\" required>\r\n        <\/div>\r\n        <div class=\"form-group\">\r\n            <label for=\"contact_address\" class=\"required\">Adresse<\/label>\r\n            <input type=\"text\" name=\"address\" class=\"form-control\" required>\r\n        <\/div>\r\n        <div class=\"full-width topic\">\r\n            <p class=\"required\">Je souhaite \u00eatre contact\u00e9 pour :<\/p>\r\n            <div class=\"form-check\">\r\n                <input type=\"radio\" name=\"topic\" value=\"D\u00e9pannage\" class=\"form-control\" required>\r\n                <label for=\"d\u00e9pannage\">D\u00e9pannage<\/label>\r\n            <\/div>\r\n            <div class=\"form-check\">\r\n                <input type=\"radio\" name=\"topic\" value=\"Entretien\" class=\"form-control\" required>\r\n                <label for=\"entretien\">Entretien<\/label>\r\n            <\/div>\r\n            <div class=\"form-check\">\r\n                <input type=\"radio\" name=\"topic\" value=\"R\u00e9novation\" class=\"form-control\" required>\r\n                <label for=\"r\u00e9novation\">R\u00e9novation<\/label>\r\n            <\/div>\r\n            <div class=\"form-check\">\r\n                <input type=\"radio\" name=\"topic\" value=\"Autre\" class=\"form-control\" required>\r\n                <label for=\"autre\">Autre<\/label>\r\n            <\/div>\r\n        <\/div>\r\n        <div class=\"form-group full-width\">\r\n            <label for=\"contact_message\">Message<\/label>\r\n            <textarea name=\"message\" rows=\"3\" class=\"form-control\"><\/textarea>\r\n        <\/div>\r\n    <\/div>\r\n    <div class=\"form-actions\">\r\n        <button class=\"wp-block-button__link has-accent-background-color\">Contacter<\/button>\r\n    <\/div>\r\n<\/form>\r\n<div class=\"form-feedback\"><\/div>    <\/div>\n<h2>Prestations de jardinage pour les Saint-Crucien<\/h2>\n<ul>\n<li>Conception sur mesure et cr\u00e9ation de votre jardin : nous r\u00e9alisons la cr\u00e9ation et l&rsquo;am\u00e9nagement de votre jardin par rapport \u00e0 vos demandes.<\/li>\n<li>Service d&rsquo;entretien pour vos espaces verts : nous intervenons \u00e0 la prestation ou sous contrat en fonction de vos besoins.<\/li>\n<li> Conception et am\u00e9nagement de votre balcon : nous \u00e9laborons un espace vert sur votre balcon ou votre terrasse pour le transformer en un authentique lieu de vie.<\/li>\n<li> V\u00e9g\u00e9talisation : nous r\u00e9alisons la cr\u00e9ation de vos espaces verts dans votre entreprise, immeuble, h\u00f4tel ou centre commercial. R\u00e9habilitation et r\u00e9novation des espaces verts : nous r\u00e9alisons la r\u00e9novation et de vos espaces verts et jardins pour les immeubles, maisons et studios.<\/li>\n<li> Entretien des espaces urbains : nous entretenons les jardins, les parcs, les ruelles, les berges et les bords de route.<\/li>\n<\/ul>\n<h2>Nos services en am\u00e9nagement paysager<\/h2>\n<ul>\n<li>Cr\u00e9ation de massif <\/li>\n<li>D\u00e9broussaillage, fauchage<\/li>\n<li>Mise en place de pelouse <\/li>\n<li>Plantations et fleurissement<\/li>\n<li>Tailles de haies, arbustes et rosiers<\/li>\n<li>Coupe du gazon<\/li>\n<li>Restauration de pelouse<\/li>\n<li>Agencement, v\u00e9g\u00e9talisation<\/li>\n<li>Nivellement de sol<\/li>\n<li>Pr\u00e9paration du terrain<\/li>\n<li>Mise en place de panneaux et de barri\u00e8res<\/li>\n<li>Installation de syst\u00e8mes d&rsquo;arrosage automatique<\/li>\n<li>Pose de terrasse en lames de bois<\/li>\n<li>Dallage<\/li>\n<li>\u00c9lagage, abattage d&rsquo;arbre<\/li>\n<li>D\u00e9racinement de racines<\/li>\n<li>Broyage et \u00e9limination des d\u00e9bris<\/li>\n<\/ul>\n<h2>Pourquoi faire confiance \u00e0 Artisanlocal<\/h2>\n<p>Nos paysagistes \u00e0 Ste-Croix respectent l&rsquo;environnement. Nous travaillons avec les particuliers, les collectivit\u00e9s et les professionnels. Nous utilisons que des produits \u00e9coresponsables. Artisanlocal est localis\u00e9 au c\u0153ur de Ste-Croix. Nos jardiniers attachent une importance particuli\u00e8re \u00e0 votre satisfaction. Nous faisons tout notre possible pour r\u00e9pondre \u00e0 vos demandes dans les meilleurs temps. Nous avons des tarifs comp\u00e9titifs. Nos devis sont gratuits.<\/p>\n<h2>Nos paysagistes r\u00e9alisent tous vos travaux d&rsquo;am\u00e9nagement \u00e0 Ste-Croix<\/h2>\n<p>Situ\u00e9e \u00e0 Ste-Croix, Artisanlocal est reconnue dans l\u2019am\u00e9nagement de jardin et r\u00e9alise aussi la cr\u00e9ation et l\u2019entretien de vos ext\u00e9rieurs. En travaillant avec nous, vous avez un interlocuteur unique pour vous simplifier la vie et vous faire gagner du temps.<\/p>\n<h2>Quels types de clients votre soci\u00e9t\u00e9 accompagne ?<\/h2>\n<p>Nous accompagnons:<\/p>\n<ul>\n<li>Les caf\u00e9s et les restaurants.<\/li>\n<li>Les h\u00f4tels et chambres d&rsquo;h\u00f4tes.<\/li>\n<li> Les habitations et copropri\u00e9t\u00e9s.<\/li>\n<li> Les propri\u00e9taires.<\/li>\n<li> Les terrains agricoles et ch\u00e2teaux. <\/li>\n<li>Les soci\u00e9t\u00e9s.<\/li>\n<\/ul>\n<h2>Jardiniers paysagistes \u00e0 Ste-Croix et dans les villes proches<\/h2>\n<p>Nous concevons votre jardin. Notre \u00e9quipe s&rsquo;adapte au style de votre terrain et des exigences (comme la caract\u00e9ristique du terrain). Apr\u00e8s \u00e9tude de votre projet et des contraintes, nous r\u00e9alisons la totalit\u00e9 de votre projet. Nos paysagistes op\u00e8rent \u00e0 Ste-Croix, et \u00e9galement dans les localit\u00e9s \u00e0 proximit\u00e9, telles que :&nbsp;<\/p>\nFiez, Fontaines-sur-Grandson, Grandevent, Grandson, Fontanezier, Romairon, Vaugondry, Villars-Burquin, Champagne, Onnens VD, Concise, Corcelles-pr\u00e8s-Concise, Bonvillars, Mutrux, Provence, Giez, Orges, Novalles, Vugelles-La Mothe, Vuiteboeuf, La Sagne (Ste-croix), Le Ch\u00e2teau-de-Ste-Croix, Les Rasses, Bullet, Mauborget, L'Auberson, La Vraconnaz.\n","protected":false},"excerpt":{"rendered":"<p>Artisanlocal. Ch cr\u00e9e, adapte et entretien vos espaces verts. Notre \u00e9quipe de jardiniers intervient \u00e0 Ste-Croix aupr\u00e8s des professionnels, propri\u00e9taires et copropri\u00e9t\u00e9s. Nos jardiniers restent attentifs \u00e0 vos besoins et vous offrent des services sur mesure tout en pr\u00e9servant la biodiversit\u00e9 locale. Prestations de jardinage pour les Saint-Crucien Conception sur mesure et cr\u00e9ation de votre [&hellip;]<\/p>\n","protected":false},"author":4,"featured_media":2962,"parent":0,"menu_order":0,"comment_status":"closed","ping_status":"closed","template":"","meta":{"footnotes":""},"profession":[128],"location":[29],"canton":[113],"class_list":["post-2920","page","type-page","status-publish","has-post-thumbnail","hentry","profession-jardinier-paysagiste","location-ste-croix","canton-vd"],"yoast_head":"<!-- This site is optimized with the Yoast SEO Premium plugin v25.7.1 (Yoast SEO v27.3) - https:\/\/yoast.com\/product\/yoast-seo-premium-wordpress\/ -->\n<title>Entreprise Paysagiste \u00e0 Ste-Croix - Artisanlocal<\/title>\n<meta name=\"robots\" content=\"index, follow, max-snippet:-1, max-image-preview:large, max-video-preview:-1\" \/>\n<link rel=\"canonical\" href=\"https:\/\/www.artisanlocal.ch\/c\/entreprise-paysagiste-a-ste-croix\/\" \/>\n<meta property=\"og:locale\" content=\"fr_FR\" \/>\n<meta property=\"og:type\" content=\"article\" \/>\n<meta property=\"og:title\" content=\"Entreprise Paysagiste \u00e0 Ste-Croix\" \/>\n<meta property=\"og:description\" content=\"Artisanlocal. Ch cr\u00e9e, adapte et entretien vos espaces verts. Notre \u00e9quipe de jardiniers intervient \u00e0 Ste-Croix aupr\u00e8s des professionnels, propri\u00e9taires et copropri\u00e9t\u00e9s. Nos jardiniers restent attentifs \u00e0 vos besoins et vous offrent des services sur mesure tout en pr\u00e9servant la biodiversit\u00e9 locale. Prestations de jardinage pour les Saint-Crucien Conception sur mesure et cr\u00e9ation de votre [&hellip;]\" \/>\n<meta property=\"og:url\" content=\"https:\/\/www.artisanlocal.ch\/c\/entreprise-paysagiste-a-ste-croix\/\" \/>\n<meta property=\"og:site_name\" content=\"Artisanlocal\" \/>\n<meta property=\"article:modified_time\" content=\"2025-08-26T17:26:27+00:00\" \/>\n<meta property=\"og:image\" content=\"https:\/\/www.artisanlocal.ch\/c\/wp-content\/uploads\/2024\/11\/paysagiste-jardinier.jpg\" \/>\n\t<meta property=\"og:image:width\" content=\"1920\" \/>\n\t<meta property=\"og:image:height\" content=\"300\" \/>\n\t<meta property=\"og:image:type\" content=\"image\/jpeg\" \/>\n<meta name=\"twitter:card\" content=\"summary_large_image\" \/>\n<meta name=\"twitter:label1\" content=\"Dur\u00e9e de lecture estim\u00e9e\" \/>\n\t<meta name=\"twitter:data1\" content=\"3 minutes\" \/>\n<script type=\"application\/ld+json\" class=\"yoast-schema-graph\">{\"@context\":\"https:\\\/\\\/schema.org\",\"@graph\":[{\"@type\":\"WebPage\",\"@id\":\"https:\\\/\\\/www.artisanlocal.ch\\\/c\\\/entreprise-paysagiste-a-ste-croix\\\/\",\"url\":\"https:\\\/\\\/www.artisanlocal.ch\\\/c\\\/entreprise-paysagiste-a-ste-croix\\\/\",\"name\":\"Entreprise Paysagiste \u00e0 Ste-Croix - Artisanlocal\",\"isPartOf\":{\"@id\":\"https:\\\/\\\/www.artisanlocal.ch\\\/c\\\/#website\"},\"primaryImageOfPage\":{\"@id\":\"https:\\\/\\\/www.artisanlocal.ch\\\/c\\\/entreprise-paysagiste-a-ste-croix\\\/#primaryimage\"},\"image\":{\"@id\":\"https:\\\/\\\/www.artisanlocal.ch\\\/c\\\/entreprise-paysagiste-a-ste-croix\\\/#primaryimage\"},\"thumbnailUrl\":\"https:\\\/\\\/www.artisanlocal.ch\\\/c\\\/wp-content\\\/uploads\\\/2024\\\/11\\\/paysagiste-jardinier.jpg\",\"datePublished\":\"2024-09-29T11:54:11+00:00\",\"dateModified\":\"2025-08-26T17:26:27+00:00\",\"breadcrumb\":{\"@id\":\"https:\\\/\\\/www.artisanlocal.ch\\\/c\\\/entreprise-paysagiste-a-ste-croix\\\/#breadcrumb\"},\"inLanguage\":\"fr-FR\",\"potentialAction\":[{\"@type\":\"ReadAction\",\"target\":[\"https:\\\/\\\/www.artisanlocal.ch\\\/c\\\/entreprise-paysagiste-a-ste-croix\\\/\"]}]},{\"@type\":\"ImageObject\",\"inLanguage\":\"fr-FR\",\"@id\":\"https:\\\/\\\/www.artisanlocal.ch\\\/c\\\/entreprise-paysagiste-a-ste-croix\\\/#primaryimage\",\"url\":\"https:\\\/\\\/www.artisanlocal.ch\\\/c\\\/wp-content\\\/uploads\\\/2024\\\/11\\\/paysagiste-jardinier.jpg\",\"contentUrl\":\"https:\\\/\\\/www.artisanlocal.ch\\\/c\\\/wp-content\\\/uploads\\\/2024\\\/11\\\/paysagiste-jardinier.jpg\",\"width\":1920,\"height\":300},{\"@type\":\"BreadcrumbList\",\"@id\":\"https:\\\/\\\/www.artisanlocal.ch\\\/c\\\/entreprise-paysagiste-a-ste-croix\\\/#breadcrumb\",\"itemListElement\":[{\"@type\":\"ListItem\",\"position\":1,\"name\":\"Accueil\",\"item\":\"https:\\\/\\\/www.artisanlocal.ch\\\/c\\\/\"},{\"@type\":\"ListItem\",\"position\":2,\"name\":\"Entreprise Paysagiste \u00e0 Ste-Croix\"}]},{\"@type\":\"WebSite\",\"@id\":\"https:\\\/\\\/www.artisanlocal.ch\\\/c\\\/#website\",\"url\":\"https:\\\/\\\/www.artisanlocal.ch\\\/c\\\/\",\"name\":\"Artisanlocal\",\"description\":\"\",\"publisher\":{\"@id\":\"https:\\\/\\\/www.artisanlocal.ch\\\/c\\\/#organization\"},\"potentialAction\":[{\"@type\":\"SearchAction\",\"target\":{\"@type\":\"EntryPoint\",\"urlTemplate\":\"https:\\\/\\\/www.artisanlocal.ch\\\/c\\\/?s={search_term_string}\"},\"query-input\":{\"@type\":\"PropertyValueSpecification\",\"valueRequired\":true,\"valueName\":\"search_term_string\"}}],\"inLanguage\":\"fr-FR\"},{\"@type\":\"Organization\",\"@id\":\"https:\\\/\\\/www.artisanlocal.ch\\\/c\\\/#organization\",\"name\":\"Artisanlocal\",\"url\":\"https:\\\/\\\/www.artisanlocal.ch\\\/c\\\/\",\"logo\":{\"@type\":\"ImageObject\",\"inLanguage\":\"fr-FR\",\"@id\":\"https:\\\/\\\/www.artisanlocal.ch\\\/c\\\/#\\\/schema\\\/logo\\\/image\\\/\",\"url\":\"https:\\\/\\\/www.artisanlocal.ch\\\/c\\\/wp-content\\\/uploads\\\/2024\\\/02\\\/logo-artisanlocal-h.svg\",\"contentUrl\":\"https:\\\/\\\/www.artisanlocal.ch\\\/c\\\/wp-content\\\/uploads\\\/2024\\\/02\\\/logo-artisanlocal-h.svg\",\"caption\":\"Artisanlocal\"},\"image\":{\"@id\":\"https:\\\/\\\/www.artisanlocal.ch\\\/c\\\/#\\\/schema\\\/logo\\\/image\\\/\"}}]}<\/script>\n<!-- \/ Yoast SEO Premium plugin. -->","yoast_head_json":{"title":"Entreprise Paysagiste \u00e0 Ste-Croix - Artisanlocal","robots":{"index":"index","follow":"follow","max-snippet":"max-snippet:-1","max-image-preview":"max-image-preview:large","max-video-preview":"max-video-preview:-1"},"canonical":"https:\/\/www.artisanlocal.ch\/c\/entreprise-paysagiste-a-ste-croix\/","og_locale":"fr_FR","og_type":"article","og_title":"Entreprise Paysagiste \u00e0 Ste-Croix","og_description":"Artisanlocal. Ch cr\u00e9e, adapte et entretien vos espaces verts. Notre \u00e9quipe de jardiniers intervient \u00e0 Ste-Croix aupr\u00e8s des professionnels, propri\u00e9taires et copropri\u00e9t\u00e9s. Nos jardiniers restent attentifs \u00e0 vos besoins et vous offrent des services sur mesure tout en pr\u00e9servant la biodiversit\u00e9 locale. Prestations de jardinage pour les Saint-Crucien Conception sur mesure et cr\u00e9ation de votre [&hellip;]","og_url":"https:\/\/www.artisanlocal.ch\/c\/entreprise-paysagiste-a-ste-croix\/","og_site_name":"Artisanlocal","article_modified_time":"2025-08-26T17:26:27+00:00","og_image":[{"width":1920,"height":300,"url":"https:\/\/www.artisanlocal.ch\/c\/wp-content\/uploads\/2024\/11\/paysagiste-jardinier.jpg","type":"image\/jpeg"}],"twitter_card":"summary_large_image","twitter_misc":{"Dur\u00e9e de lecture estim\u00e9e":"3 minutes"},"schema":{"@context":"https:\/\/schema.org","@graph":[{"@type":"WebPage","@id":"https:\/\/www.artisanlocal.ch\/c\/entreprise-paysagiste-a-ste-croix\/","url":"https:\/\/www.artisanlocal.ch\/c\/entreprise-paysagiste-a-ste-croix\/","name":"Entreprise Paysagiste \u00e0 Ste-Croix - Artisanlocal","isPartOf":{"@id":"https:\/\/www.artisanlocal.ch\/c\/#website"},"primaryImageOfPage":{"@id":"https:\/\/www.artisanlocal.ch\/c\/entreprise-paysagiste-a-ste-croix\/#primaryimage"},"image":{"@id":"https:\/\/www.artisanlocal.ch\/c\/entreprise-paysagiste-a-ste-croix\/#primaryimage"},"thumbnailUrl":"https:\/\/www.artisanlocal.ch\/c\/wp-content\/uploads\/2024\/11\/paysagiste-jardinier.jpg","datePublished":"2024-09-29T11:54:11+00:00","dateModified":"2025-08-26T17:26:27+00:00","breadcrumb":{"@id":"https:\/\/www.artisanlocal.ch\/c\/entreprise-paysagiste-a-ste-croix\/#breadcrumb"},"inLanguage":"fr-FR","potentialAction":[{"@type":"ReadAction","target":["https:\/\/www.artisanlocal.ch\/c\/entreprise-paysagiste-a-ste-croix\/"]}]},{"@type":"ImageObject","inLanguage":"fr-FR","@id":"https:\/\/www.artisanlocal.ch\/c\/entreprise-paysagiste-a-ste-croix\/#primaryimage","url":"https:\/\/www.artisanlocal.ch\/c\/wp-content\/uploads\/2024\/11\/paysagiste-jardinier.jpg","contentUrl":"https:\/\/www.artisanlocal.ch\/c\/wp-content\/uploads\/2024\/11\/paysagiste-jardinier.jpg","width":1920,"height":300},{"@type":"BreadcrumbList","@id":"https:\/\/www.artisanlocal.ch\/c\/entreprise-paysagiste-a-ste-croix\/#breadcrumb","itemListElement":[{"@type":"ListItem","position":1,"name":"Accueil","item":"https:\/\/www.artisanlocal.ch\/c\/"},{"@type":"ListItem","position":2,"name":"Entreprise Paysagiste \u00e0 Ste-Croix"}]},{"@type":"WebSite","@id":"https:\/\/www.artisanlocal.ch\/c\/#website","url":"https:\/\/www.artisanlocal.ch\/c\/","name":"Artisanlocal","description":"","publisher":{"@id":"https:\/\/www.artisanlocal.ch\/c\/#organization"},"potentialAction":[{"@type":"SearchAction","target":{"@type":"EntryPoint","urlTemplate":"https:\/\/www.artisanlocal.ch\/c\/?s={search_term_string}"},"query-input":{"@type":"PropertyValueSpecification","valueRequired":true,"valueName":"search_term_string"}}],"inLanguage":"fr-FR"},{"@type":"Organization","@id":"https:\/\/www.artisanlocal.ch\/c\/#organization","name":"Artisanlocal","url":"https:\/\/www.artisanlocal.ch\/c\/","logo":{"@type":"ImageObject","inLanguage":"fr-FR","@id":"https:\/\/www.artisanlocal.ch\/c\/#\/schema\/logo\/image\/","url":"https:\/\/www.artisanlocal.ch\/c\/wp-content\/uploads\/2024\/02\/logo-artisanlocal-h.svg","contentUrl":"https:\/\/www.artisanlocal.ch\/c\/wp-content\/uploads\/2024\/02\/logo-artisanlocal-h.svg","caption":"Artisanlocal"},"image":{"@id":"https:\/\/www.artisanlocal.ch\/c\/#\/schema\/logo\/image\/"}}]}},"_links":{"self":[{"href":"https:\/\/www.artisanlocal.ch\/c\/wp-json\/wp\/v2\/pages\/2920","targetHints":{"allow":["GET"]}}],"collection":[{"href":"https:\/\/www.artisanlocal.ch\/c\/wp-json\/wp\/v2\/pages"}],"about":[{"href":"https:\/\/www.artisanlocal.ch\/c\/wp-json\/wp\/v2\/types\/page"}],"author":[{"embeddable":true,"href":"https:\/\/www.artisanlocal.ch\/c\/wp-json\/wp\/v2\/users\/4"}],"replies":[{"embeddable":true,"href":"https:\/\/www.artisanlocal.ch\/c\/wp-json\/wp\/v2\/comments?post=2920"}],"version-history":[{"count":0,"href":"https:\/\/www.artisanlocal.ch\/c\/wp-json\/wp\/v2\/pages\/2920\/revisions"}],"wp:featuredmedia":[{"embeddable":true,"href":"https:\/\/www.artisanlocal.ch\/c\/wp-json\/wp\/v2\/media\/2962"}],"wp:attachment":[{"href":"https:\/\/www.artisanlocal.ch\/c\/wp-json\/wp\/v2\/media?parent=2920"}],"wp:term":[{"taxonomy":"profession","embeddable":true,"href":"https:\/\/www.artisanlocal.ch\/c\/wp-json\/wp\/v2\/profession?post=2920"},{"taxonomy":"location","embeddable":true,"href":"https:\/\/www.artisanlocal.ch\/c\/wp-json\/wp\/v2\/location?post=2920"},{"taxonomy":"canton","embeddable":true,"href":"https:\/\/www.artisanlocal.ch\/c\/wp-json\/wp\/v2\/canton?post=2920"}],"curies":[{"name":"wp","href":"https:\/\/api.w.org\/{rel}","templated":true}]}}