{"id":2921,"date":"2024-10-04T04:30:58","date_gmt":"2024-10-04T02:30:58","guid":{"rendered":"https:\/\/www.artisanlocal.ch\/c\/entreprise-paysagiste-a-payerne\/"},"modified":"2025-08-26T19:25:18","modified_gmt":"2025-08-26T17:25:18","slug":"entreprise-paysagiste-a-payerne","status":"publish","type":"page","link":"https:\/\/www.artisanlocal.ch\/c\/entreprise-paysagiste-a-payerne\/","title":{"rendered":"Entreprise Paysagiste \u00e0 Payerne"},"content":{"rendered":"<p>Notre artisan con\u00e7oit et entretien vos espaces ext\u00e9rieurs et jardins. \u00c0 Payerne, nos jardiniers op\u00e8rent chez les professionnels, les copropri\u00e9t\u00e9s et les particuliers. Nos paysagistes sont \u00e0 l&rsquo;\u00e9coute de vos attentes et vous offrent des services sur mesure tout en respectant l&rsquo;environnement.<\/p>\n\r\n<div class=\"box\">\r\n            <div class=\"company-info\">\r\n            <img decoding=\"async\" class=\"company-info__logo\" src=\"https:\/\/www.artisanlocal.ch\/media\/cache\/thumb\/images\/companies\/67176eaae4d8d546764919.png\" alt=\"Logo\">\r\n            <h2 class=\"company-info__name\">Bourqui Paysages<\/h2>\r\n            <p class=\"company-info__business\">Paysagiste - Entretien de jardin - Am\u00e9nagement ext\u00e9rieur<\/p>\r\n        <\/div>\r\n        <div class=\"company-contact\">\r\n            <p class=\"company-info__address\">Route du Couchon 24<\/p>\r\n                            <div class=\"links\">\r\n                                            <a class=\"btn has-accent-background-color js-phoneNumber\" href=\"tel:0796642336\" title=\"Appelez\" data-id=\"3654\" data-type=\"11\">079 664 23 36<\/a>\r\n                                                                <a class=\"btn has-accent-background-color\" href=\"http:\/\/www.bourquipaysages.ch\/\" target=\"_blank\" title=\"Voir le site internet\" data-id=\"3654\" data-type=\"20\">Site internet<\/a>\r\n                                    <\/div>\r\n                    <\/div>\r\n    \r\n            \r\n<form action=\"https:\/\/www.artisanlocal.ch\/c\/wp-admin\/admin-ajax.php\" method=\"post\" class=\"form-contact\" id=\"artisan_form_contact_company_inline\">\r\n    <div><input type=\"hidden\" name=\"action\" value=\"company_contact\"><\/div>\r\n    <div><input type=\"hidden\" name=\"nonce\" value=\"2ab39f2652\"><\/div>\r\n    <div><input type=\"hidden\" name=\"company_id\" value=\"3654\"><\/div>\r\n    <div><input type=\"hidden\" name=\"form_id\" value=\"artisan_form_contact_company_inline\"><\/div>\r\n    <div class=\"gglcptch gglcptch_v3 gglcptch_custom\"><input type=\"hidden\" id=\"g-recaptcha-response\" name=\"g-recaptcha-response\" \/><br \/><div class=\"gglcptch_error_text\">La p\u00e9riode de v\u00e9rification reCAPTCHA a expir\u00e9. Veuillez recharger la page.<\/div><\/div>    <div class=\"form-content\">\r\n        <div class=\"form-group\">\r\n            <label for=\"contact_firstName\" class=\"required\">Pr\u00e9nom<\/label>\r\n            <input type=\"text\" name=\"firstName\" class=\"form-control\" required>\r\n        <\/div>\r\n        <div class=\"form-group\">\r\n            <label for=\"contact_lastName\" class=\"required\">Nom<\/label>\r\n            <input type=\"text\" name=\"lastName\" class=\"form-control\" required>\r\n        <\/div>\r\n        <div class=\"form-group\">\r\n            <label for=\"contact_email\" class=\"required\">Email<\/label>\r\n            <input type=\"email\" name=\"email\" class=\"form-control\" required>\r\n        <\/div>\r\n        <div class=\"form-group\">\r\n            <label for=\"contact_phone\" class=\"required\">Num\u00e9ro de t\u00e9l\u00e9phone<\/label>\r\n            <input type=\"tel\" name=\"phone\" class=\"form-control\" placeholder=\"0787117165\" pattern=\"^[0-9]{10}$\" required>\r\n        <\/div>\r\n        <div class=\"form-group\">\r\n            <label for=\"contact_postalCode\" class=\"required\">Code postal et localit\u00e9<\/label>\r\n            <input type=\"text\" name=\"postalCode\" class=\"form-control\" required>\r\n        <\/div>\r\n        <div class=\"form-group\">\r\n            <label for=\"contact_address\" class=\"required\">Adresse<\/label>\r\n            <input type=\"text\" name=\"address\" class=\"form-control\" required>\r\n        <\/div>\r\n        <div class=\"full-width topic\">\r\n            <p class=\"required\">Je souhaite \u00eatre contact\u00e9 pour :<\/p>\r\n            <div class=\"form-check\">\r\n                <input type=\"radio\" name=\"topic\" value=\"D\u00e9pannage\" class=\"form-control\" required>\r\n                <label for=\"d\u00e9pannage\">D\u00e9pannage<\/label>\r\n            <\/div>\r\n            <div class=\"form-check\">\r\n                <input type=\"radio\" name=\"topic\" value=\"Entretien\" class=\"form-control\" required>\r\n                <label for=\"entretien\">Entretien<\/label>\r\n            <\/div>\r\n            <div class=\"form-check\">\r\n                <input type=\"radio\" name=\"topic\" value=\"R\u00e9novation\" class=\"form-control\" required>\r\n                <label for=\"r\u00e9novation\">R\u00e9novation<\/label>\r\n            <\/div>\r\n            <div class=\"form-check\">\r\n                <input type=\"radio\" name=\"topic\" value=\"Autre\" class=\"form-control\" required>\r\n                <label for=\"autre\">Autre<\/label>\r\n            <\/div>\r\n        <\/div>\r\n        <div class=\"form-group full-width\">\r\n            <label for=\"contact_message\">Message<\/label>\r\n            <textarea name=\"message\" rows=\"3\" class=\"form-control\"><\/textarea>\r\n        <\/div>\r\n    <\/div>\r\n    <div class=\"form-actions\">\r\n        <button class=\"wp-block-button__link has-accent-background-color\">Contacter<\/button>\r\n    <\/div>\r\n<\/form>\r\n<div class=\"form-feedback\"><\/div>    <\/div>\n<h2>Services de jardinage pour les Payernois<\/h2>\n<ul>\n<li>Conception et am\u00e9nagement de votre espace vert : en fonction de votre exigence, nous concevons et r\u00e9alisons votre projet.<\/li>\n<li>Maintenance de votre jardin : nous op\u00e9rons \u00e0 la prestation ou sous contrat selon vos besoins.<\/li>\n<li> Conception et am\u00e9nagement de votre terrasse : nous cr\u00e9ons un espace vert sur votre balcon ou votre terrasse pour le m\u00e9tamorphoser en un lieu de vie.<\/li>\n<li> Cr\u00e9ation d&rsquo;espaces verts : nous r\u00e9alisons la cr\u00e9ation de vos espaces verts dans votre entreprise, immeuble, h\u00f4tel ou centre commercial. R\u00e9habilitation et r\u00e9novation des espaces verts : nous r\u00e9alisons la r\u00e9novation et de vos espaces verts et jardins pour les b\u00e2timents, maisons et studios.<\/li>\n<li> Entretien espaces verts am\u00e9nag\u00e9s dans les villes : nous r\u00e9alisons l&rsquo;entretien des berges, routes, rues, parcs et jardins.<\/li>\n<\/ul>\n<h2>Nos services pour l&rsquo;am\u00e9nagement de votre espace vert<\/h2>\n<ul>\n<li>Conception de massif de jardin<\/li>\n<li>D\u00e9broussaillage, fauchage<\/li>\n<li>Installation de pelouse naturelle<\/li>\n<li>Plantations et fleurissement<\/li>\n<li>Coupes de haies, arbustes et rosiers<\/li>\n<li>Coupe du pelouse<\/li>\n<li>Restauration de gazon<\/li>\n<li>Agencement, pose de v\u00e9g\u00e9taux<\/li>\n<li>Nivellement de sol<\/li>\n<li>Pr\u00e9paration du terrain<\/li>\n<li>Mise en place de panneaux et de cl\u00f4tures<\/li>\n<li>Mise en place de syst\u00e8mes d\u2019arrosage <\/li>\n<li>Installation de terrasse avec lames de bois<\/li>\n<li>Dallage<\/li>\n<li>\u00c9lagage, abattement d&rsquo;arbre<\/li>\n<li>D\u00e9racinement de racines<\/li>\n<li>Broyage et \u00e9vacuation des d\u00e9bris<\/li>\n<\/ul>\n<h2>Pourquoi faire confiance \u00e0 Artisanlocal<\/h2>\n<p>\u00c0 Payerne, nos paysagistes s&rsquo;engagent \u00e0 respecter l&rsquo;habitat. Nous collaborons avec les professionnels, les particuliers et les maisons communales. Nous employons que des produits \u00e9coresponsables. Artisanlocal est situ\u00e9 au c\u0153ur de Payerne. Les jardiniers qui interviennent chez vous veillent \u00e0 votre satisfaction. Nos paysagistes s&rsquo;engagent \u00e0 satisfaire vos attentes dans les plus brefs d\u00e9lais. Nos tarifs sont attractifs. Nos devis sont offerts.<\/p>\n<h2>Nos jardiniers paysagistes r\u00e9alisent tous vos travaux d&rsquo;am\u00e9nagement \u00e0 Payerne<\/h2>\n<p>Install\u00e9e dans le centre ville de Payerne, Artisanlocal est sp\u00e9cialis\u00e9e dans l\u2019am\u00e9nagement de jardin et prend en charge la cr\u00e9ation et l\u2019entretien de vos ext\u00e9rieurs. Avec notre soci\u00e9t\u00e9, vous un interlocuteur unique, vous permettant ainsi de gagner du temps et de l&rsquo;argent.<\/p>\n<h2>Quels sont les types de clients qu&rsquo;Artisanlocal accompagne ?<\/h2>\n<p>Nous assistons:<\/p>\n<ul>\n<li>Les caf\u00e9s et les restaurants.<\/li>\n<li>Les h\u00f4tels et chambres d&rsquo;h\u00f4tes.<\/li>\n<li> Les maisons et copropri\u00e9t\u00e9s.<\/li>\n<li> Les particuliers.<\/li>\n<li> Les terrains agricoles et ch\u00e2teaux. <\/li>\n<li>Les soci\u00e9t\u00e9s.<\/li>\n<\/ul>\n<h2>Cr\u00e9ateurs d&rsquo;espaces verts \u00e0 Payerne et dans les villes \u00e0 proximit\u00e9<\/h2>\n<p>Nous r\u00e9alisons votre espace vert. Nous nous adaptons au type de votre espace vert et des exigences (comme la nature du terrain). Nous examinons premi\u00e8rement votre objectif, et notre \u00e9quipe s&rsquo;occupe de sa mise en oeuvre. Notre \u00e9quipe intervient \u00e0 Payerne, mais \u00e9galement dans les localit\u00e9s aux environs comme :&nbsp;<\/p>\nCheyres, Estavayer-le-Lac, Bollion, Lully FR, Seiry, Ch\u00e2tillon FR, Font, Ch\u00e2bles FR, Autavaux, Forel FR, Montbrelloz, Cugy FR, Vesin, Frasses, Montet (Broye), Aumont, Granges-de-Vesin, Nuvilly, Murist, F\u00e9tigny, M\u00e9ni\u00e8res, Treytorrens (Payerne), Bussy FR, Morens FR, S\u00e9vaz, Rueyres-les-Pr\u00e9s, Grandcour, Chevroux, Vers-chez-Perrin, Trey, Ch\u00e2tonnaye, Corcelles-pr\u00e8s-Payerne, Missy, Cerniat FR, Middes, Cousset, Montagny-les-Monts, Grandsivaz, Mannens, Montagny-la-Ville.\n","protected":false},"excerpt":{"rendered":"<p>Notre artisan con\u00e7oit et entretien vos espaces ext\u00e9rieurs et jardins. \u00c0 Payerne, nos jardiniers op\u00e8rent chez les professionnels, les copropri\u00e9t\u00e9s et les particuliers. Nos paysagistes sont \u00e0 l&rsquo;\u00e9coute de vos attentes et vous offrent des services sur mesure tout en respectant l&rsquo;environnement. Services de jardinage pour les Payernois Conception et am\u00e9nagement de votre espace vert [&hellip;]<\/p>\n","protected":false},"author":4,"featured_media":2962,"parent":0,"menu_order":0,"comment_status":"closed","ping_status":"closed","template":"","meta":{"footnotes":""},"profession":[128],"location":[13],"canton":[113],"class_list":["post-2921","page","type-page","status-publish","has-post-thumbnail","hentry","profession-jardinier-paysagiste","location-payerne","canton-vd"],"yoast_head":"<!-- This site is optimized with the Yoast SEO Premium plugin v25.7.1 (Yoast SEO v27.3) - https:\/\/yoast.com\/product\/yoast-seo-premium-wordpress\/ -->\n<title>Entreprise Paysagiste \u00e0 Payerne - Artisanlocal<\/title>\n<meta name=\"robots\" content=\"index, follow, max-snippet:-1, max-image-preview:large, max-video-preview:-1\" \/>\n<link rel=\"canonical\" href=\"https:\/\/www.artisanlocal.ch\/c\/entreprise-paysagiste-a-payerne\/\" \/>\n<meta property=\"og:locale\" content=\"fr_FR\" \/>\n<meta property=\"og:type\" content=\"article\" \/>\n<meta property=\"og:title\" content=\"Entreprise Paysagiste \u00e0 Payerne\" \/>\n<meta property=\"og:description\" content=\"Notre artisan con\u00e7oit et entretien vos espaces ext\u00e9rieurs et jardins. \u00c0 Payerne, nos jardiniers op\u00e8rent chez les professionnels, les copropri\u00e9t\u00e9s et les particuliers. Nos paysagistes sont \u00e0 l&rsquo;\u00e9coute de vos attentes et vous offrent des services sur mesure tout en respectant l&rsquo;environnement. Services de jardinage pour les Payernois Conception et am\u00e9nagement de votre espace vert [&hellip;]\" \/>\n<meta property=\"og:url\" content=\"https:\/\/www.artisanlocal.ch\/c\/entreprise-paysagiste-a-payerne\/\" \/>\n<meta property=\"og:site_name\" content=\"Artisanlocal\" \/>\n<meta property=\"article:modified_time\" content=\"2025-08-26T17:25:18+00:00\" \/>\n<meta property=\"og:image\" content=\"https:\/\/www.artisanlocal.ch\/c\/wp-content\/uploads\/2024\/11\/paysagiste-jardinier.jpg\" \/>\n\t<meta property=\"og:image:width\" content=\"1920\" \/>\n\t<meta property=\"og:image:height\" content=\"300\" \/>\n\t<meta property=\"og:image:type\" content=\"image\/jpeg\" \/>\n<meta name=\"twitter:card\" content=\"summary_large_image\" \/>\n<meta name=\"twitter:label1\" content=\"Dur\u00e9e de lecture estim\u00e9e\" \/>\n\t<meta name=\"twitter:data1\" content=\"3 minutes\" \/>\n<script type=\"application\/ld+json\" class=\"yoast-schema-graph\">{\"@context\":\"https:\\\/\\\/schema.org\",\"@graph\":[{\"@type\":\"WebPage\",\"@id\":\"https:\\\/\\\/www.artisanlocal.ch\\\/c\\\/entreprise-paysagiste-a-payerne\\\/\",\"url\":\"https:\\\/\\\/www.artisanlocal.ch\\\/c\\\/entreprise-paysagiste-a-payerne\\\/\",\"name\":\"Entreprise Paysagiste \u00e0 Payerne - Artisanlocal\",\"isPartOf\":{\"@id\":\"https:\\\/\\\/www.artisanlocal.ch\\\/c\\\/#website\"},\"primaryImageOfPage\":{\"@id\":\"https:\\\/\\\/www.artisanlocal.ch\\\/c\\\/entreprise-paysagiste-a-payerne\\\/#primaryimage\"},\"image\":{\"@id\":\"https:\\\/\\\/www.artisanlocal.ch\\\/c\\\/entreprise-paysagiste-a-payerne\\\/#primaryimage\"},\"thumbnailUrl\":\"https:\\\/\\\/www.artisanlocal.ch\\\/c\\\/wp-content\\\/uploads\\\/2024\\\/11\\\/paysagiste-jardinier.jpg\",\"datePublished\":\"2024-10-04T02:30:58+00:00\",\"dateModified\":\"2025-08-26T17:25:18+00:00\",\"breadcrumb\":{\"@id\":\"https:\\\/\\\/www.artisanlocal.ch\\\/c\\\/entreprise-paysagiste-a-payerne\\\/#breadcrumb\"},\"inLanguage\":\"fr-FR\",\"potentialAction\":[{\"@type\":\"ReadAction\",\"target\":[\"https:\\\/\\\/www.artisanlocal.ch\\\/c\\\/entreprise-paysagiste-a-payerne\\\/\"]}]},{\"@type\":\"ImageObject\",\"inLanguage\":\"fr-FR\",\"@id\":\"https:\\\/\\\/www.artisanlocal.ch\\\/c\\\/entreprise-paysagiste-a-payerne\\\/#primaryimage\",\"url\":\"https:\\\/\\\/www.artisanlocal.ch\\\/c\\\/wp-content\\\/uploads\\\/2024\\\/11\\\/paysagiste-jardinier.jpg\",\"contentUrl\":\"https:\\\/\\\/www.artisanlocal.ch\\\/c\\\/wp-content\\\/uploads\\\/2024\\\/11\\\/paysagiste-jardinier.jpg\",\"width\":1920,\"height\":300},{\"@type\":\"BreadcrumbList\",\"@id\":\"https:\\\/\\\/www.artisanlocal.ch\\\/c\\\/entreprise-paysagiste-a-payerne\\\/#breadcrumb\",\"itemListElement\":[{\"@type\":\"ListItem\",\"position\":1,\"name\":\"Accueil\",\"item\":\"https:\\\/\\\/www.artisanlocal.ch\\\/c\\\/\"},{\"@type\":\"ListItem\",\"position\":2,\"name\":\"Entreprise Paysagiste \u00e0 Payerne\"}]},{\"@type\":\"WebSite\",\"@id\":\"https:\\\/\\\/www.artisanlocal.ch\\\/c\\\/#website\",\"url\":\"https:\\\/\\\/www.artisanlocal.ch\\\/c\\\/\",\"name\":\"Artisanlocal\",\"description\":\"\",\"publisher\":{\"@id\":\"https:\\\/\\\/www.artisanlocal.ch\\\/c\\\/#organization\"},\"potentialAction\":[{\"@type\":\"SearchAction\",\"target\":{\"@type\":\"EntryPoint\",\"urlTemplate\":\"https:\\\/\\\/www.artisanlocal.ch\\\/c\\\/?s={search_term_string}\"},\"query-input\":{\"@type\":\"PropertyValueSpecification\",\"valueRequired\":true,\"valueName\":\"search_term_string\"}}],\"inLanguage\":\"fr-FR\"},{\"@type\":\"Organization\",\"@id\":\"https:\\\/\\\/www.artisanlocal.ch\\\/c\\\/#organization\",\"name\":\"Artisanlocal\",\"url\":\"https:\\\/\\\/www.artisanlocal.ch\\\/c\\\/\",\"logo\":{\"@type\":\"ImageObject\",\"inLanguage\":\"fr-FR\",\"@id\":\"https:\\\/\\\/www.artisanlocal.ch\\\/c\\\/#\\\/schema\\\/logo\\\/image\\\/\",\"url\":\"https:\\\/\\\/www.artisanlocal.ch\\\/c\\\/wp-content\\\/uploads\\\/2024\\\/02\\\/logo-artisanlocal-h.svg\",\"contentUrl\":\"https:\\\/\\\/www.artisanlocal.ch\\\/c\\\/wp-content\\\/uploads\\\/2024\\\/02\\\/logo-artisanlocal-h.svg\",\"caption\":\"Artisanlocal\"},\"image\":{\"@id\":\"https:\\\/\\\/www.artisanlocal.ch\\\/c\\\/#\\\/schema\\\/logo\\\/image\\\/\"}}]}<\/script>\n<!-- \/ Yoast SEO Premium plugin. -->","yoast_head_json":{"title":"Entreprise Paysagiste \u00e0 Payerne - Artisanlocal","robots":{"index":"index","follow":"follow","max-snippet":"max-snippet:-1","max-image-preview":"max-image-preview:large","max-video-preview":"max-video-preview:-1"},"canonical":"https:\/\/www.artisanlocal.ch\/c\/entreprise-paysagiste-a-payerne\/","og_locale":"fr_FR","og_type":"article","og_title":"Entreprise Paysagiste \u00e0 Payerne","og_description":"Notre artisan con\u00e7oit et entretien vos espaces ext\u00e9rieurs et jardins. \u00c0 Payerne, nos jardiniers op\u00e8rent chez les professionnels, les copropri\u00e9t\u00e9s et les particuliers. Nos paysagistes sont \u00e0 l&rsquo;\u00e9coute de vos attentes et vous offrent des services sur mesure tout en respectant l&rsquo;environnement. Services de jardinage pour les Payernois Conception et am\u00e9nagement de votre espace vert [&hellip;]","og_url":"https:\/\/www.artisanlocal.ch\/c\/entreprise-paysagiste-a-payerne\/","og_site_name":"Artisanlocal","article_modified_time":"2025-08-26T17:25:18+00:00","og_image":[{"width":1920,"height":300,"url":"https:\/\/www.artisanlocal.ch\/c\/wp-content\/uploads\/2024\/11\/paysagiste-jardinier.jpg","type":"image\/jpeg"}],"twitter_card":"summary_large_image","twitter_misc":{"Dur\u00e9e de lecture estim\u00e9e":"3 minutes"},"schema":{"@context":"https:\/\/schema.org","@graph":[{"@type":"WebPage","@id":"https:\/\/www.artisanlocal.ch\/c\/entreprise-paysagiste-a-payerne\/","url":"https:\/\/www.artisanlocal.ch\/c\/entreprise-paysagiste-a-payerne\/","name":"Entreprise Paysagiste \u00e0 Payerne - Artisanlocal","isPartOf":{"@id":"https:\/\/www.artisanlocal.ch\/c\/#website"},"primaryImageOfPage":{"@id":"https:\/\/www.artisanlocal.ch\/c\/entreprise-paysagiste-a-payerne\/#primaryimage"},"image":{"@id":"https:\/\/www.artisanlocal.ch\/c\/entreprise-paysagiste-a-payerne\/#primaryimage"},"thumbnailUrl":"https:\/\/www.artisanlocal.ch\/c\/wp-content\/uploads\/2024\/11\/paysagiste-jardinier.jpg","datePublished":"2024-10-04T02:30:58+00:00","dateModified":"2025-08-26T17:25:18+00:00","breadcrumb":{"@id":"https:\/\/www.artisanlocal.ch\/c\/entreprise-paysagiste-a-payerne\/#breadcrumb"},"inLanguage":"fr-FR","potentialAction":[{"@type":"ReadAction","target":["https:\/\/www.artisanlocal.ch\/c\/entreprise-paysagiste-a-payerne\/"]}]},{"@type":"ImageObject","inLanguage":"fr-FR","@id":"https:\/\/www.artisanlocal.ch\/c\/entreprise-paysagiste-a-payerne\/#primaryimage","url":"https:\/\/www.artisanlocal.ch\/c\/wp-content\/uploads\/2024\/11\/paysagiste-jardinier.jpg","contentUrl":"https:\/\/www.artisanlocal.ch\/c\/wp-content\/uploads\/2024\/11\/paysagiste-jardinier.jpg","width":1920,"height":300},{"@type":"BreadcrumbList","@id":"https:\/\/www.artisanlocal.ch\/c\/entreprise-paysagiste-a-payerne\/#breadcrumb","itemListElement":[{"@type":"ListItem","position":1,"name":"Accueil","item":"https:\/\/www.artisanlocal.ch\/c\/"},{"@type":"ListItem","position":2,"name":"Entreprise Paysagiste \u00e0 Payerne"}]},{"@type":"WebSite","@id":"https:\/\/www.artisanlocal.ch\/c\/#website","url":"https:\/\/www.artisanlocal.ch\/c\/","name":"Artisanlocal","description":"","publisher":{"@id":"https:\/\/www.artisanlocal.ch\/c\/#organization"},"potentialAction":[{"@type":"SearchAction","target":{"@type":"EntryPoint","urlTemplate":"https:\/\/www.artisanlocal.ch\/c\/?s={search_term_string}"},"query-input":{"@type":"PropertyValueSpecification","valueRequired":true,"valueName":"search_term_string"}}],"inLanguage":"fr-FR"},{"@type":"Organization","@id":"https:\/\/www.artisanlocal.ch\/c\/#organization","name":"Artisanlocal","url":"https:\/\/www.artisanlocal.ch\/c\/","logo":{"@type":"ImageObject","inLanguage":"fr-FR","@id":"https:\/\/www.artisanlocal.ch\/c\/#\/schema\/logo\/image\/","url":"https:\/\/www.artisanlocal.ch\/c\/wp-content\/uploads\/2024\/02\/logo-artisanlocal-h.svg","contentUrl":"https:\/\/www.artisanlocal.ch\/c\/wp-content\/uploads\/2024\/02\/logo-artisanlocal-h.svg","caption":"Artisanlocal"},"image":{"@id":"https:\/\/www.artisanlocal.ch\/c\/#\/schema\/logo\/image\/"}}]}},"_links":{"self":[{"href":"https:\/\/www.artisanlocal.ch\/c\/wp-json\/wp\/v2\/pages\/2921","targetHints":{"allow":["GET"]}}],"collection":[{"href":"https:\/\/www.artisanlocal.ch\/c\/wp-json\/wp\/v2\/pages"}],"about":[{"href":"https:\/\/www.artisanlocal.ch\/c\/wp-json\/wp\/v2\/types\/page"}],"author":[{"embeddable":true,"href":"https:\/\/www.artisanlocal.ch\/c\/wp-json\/wp\/v2\/users\/4"}],"replies":[{"embeddable":true,"href":"https:\/\/www.artisanlocal.ch\/c\/wp-json\/wp\/v2\/comments?post=2921"}],"version-history":[{"count":0,"href":"https:\/\/www.artisanlocal.ch\/c\/wp-json\/wp\/v2\/pages\/2921\/revisions"}],"wp:featuredmedia":[{"embeddable":true,"href":"https:\/\/www.artisanlocal.ch\/c\/wp-json\/wp\/v2\/media\/2962"}],"wp:attachment":[{"href":"https:\/\/www.artisanlocal.ch\/c\/wp-json\/wp\/v2\/media?parent=2921"}],"wp:term":[{"taxonomy":"profession","embeddable":true,"href":"https:\/\/www.artisanlocal.ch\/c\/wp-json\/wp\/v2\/profession?post=2921"},{"taxonomy":"location","embeddable":true,"href":"https:\/\/www.artisanlocal.ch\/c\/wp-json\/wp\/v2\/location?post=2921"},{"taxonomy":"canton","embeddable":true,"href":"https:\/\/www.artisanlocal.ch\/c\/wp-json\/wp\/v2\/canton?post=2921"}],"curies":[{"name":"wp","href":"https:\/\/api.w.org\/{rel}","templated":true}]}}