{"id":2924,"date":"2024-10-03T11:47:16","date_gmt":"2024-10-03T09:47:16","guid":{"rendered":"https:\/\/www.artisanlocal.ch\/c\/paysagistes-a-carouge\/"},"modified":"2025-08-26T19:25:30","modified_gmt":"2025-08-26T17:25:30","slug":"paysagistes-a-carouge","status":"publish","type":"page","link":"https:\/\/www.artisanlocal.ch\/c\/paysagistes-a-carouge\/","title":{"rendered":"Paysagistes \u00e0 Carouge GE"},"content":{"rendered":"<p>Notre entreprise de paysagiste \u00e9labore et entretien vos espaces ext\u00e9rieurs et jardins. Notre \u00e9quipe de paysagistes op\u00e8re \u00e0 Carouge GE aupr\u00e8s des professionnels, propri\u00e9taires et copropri\u00e9t\u00e9s. Nos \u00e9quipes sont \u00e0 l&rsquo;\u00e9coute de vos attentes et vous proposent des services adapt\u00e9s tout en respectant la biodiversit\u00e9 locale.<\/p>\n\r\n<div class=\"box\">\r\n            <div class=\"company-info\">\r\n            <img decoding=\"async\" class=\"company-info__logo\" src=\"https:\/\/www.artisanlocal.ch\/media\/cache\/thumb\/images\/companies\/entre-terre-et-ciel-sarl.jpg\" alt=\"Logo\">\r\n            <h2 class=\"company-info__name\">Entre Terre et Ciel S\u00e0rl<\/h2>\r\n            <p class=\"company-info__business\">Soins aux arbres - Travaux d'abattage - Cr\u00e9ation de terrasse bois - Entretien de jardin<\/p>\r\n        <\/div>\r\n        <div class=\"company-contact\">\r\n            <p class=\"company-info__address\">Chemin des Blessonniers 6<\/p>\r\n                            <div class=\"links\">\r\n                                            <a class=\"btn has-accent-background-color js-phoneNumber\" href=\"tel:0792418912\" title=\"Appelez\" data-id=\"15133\" data-type=\"11\">079 241 89 12<\/a>\r\n                                                                <a class=\"btn has-accent-background-color\" href=\"http:\/\/www.etc-sarl.ch\/\" target=\"_blank\" title=\"Voir le site internet\" data-id=\"15133\" data-type=\"20\">Site internet<\/a>\r\n                                    <\/div>\r\n                    <\/div>\r\n    \r\n            \r\n<form action=\"https:\/\/www.artisanlocal.ch\/c\/wp-admin\/admin-ajax.php\" method=\"post\" class=\"form-contact\" id=\"artisan_form_contact_company_inline\">\r\n    <div><input type=\"hidden\" name=\"action\" value=\"company_contact\"><\/div>\r\n    <div><input type=\"hidden\" name=\"nonce\" value=\"f071462bb9\"><\/div>\r\n    <div><input type=\"hidden\" name=\"company_id\" value=\"15133\"><\/div>\r\n    <div><input type=\"hidden\" name=\"form_id\" value=\"artisan_form_contact_company_inline\"><\/div>\r\n    <div class=\"gglcptch gglcptch_v3 gglcptch_custom\"><input type=\"hidden\" id=\"g-recaptcha-response\" name=\"g-recaptcha-response\" \/><br \/><div class=\"gglcptch_error_text\">La p\u00e9riode de v\u00e9rification reCAPTCHA a expir\u00e9. Veuillez recharger la page.<\/div><\/div>    <div class=\"form-content\">\r\n        <div class=\"form-group\">\r\n            <label for=\"contact_firstName\" class=\"required\">Pr\u00e9nom<\/label>\r\n            <input type=\"text\" name=\"firstName\" class=\"form-control\" required>\r\n        <\/div>\r\n        <div class=\"form-group\">\r\n            <label for=\"contact_lastName\" class=\"required\">Nom<\/label>\r\n            <input type=\"text\" name=\"lastName\" class=\"form-control\" required>\r\n        <\/div>\r\n        <div class=\"form-group\">\r\n            <label for=\"contact_email\" class=\"required\">Email<\/label>\r\n            <input type=\"email\" name=\"email\" class=\"form-control\" required>\r\n        <\/div>\r\n        <div class=\"form-group\">\r\n            <label for=\"contact_phone\" class=\"required\">Num\u00e9ro de t\u00e9l\u00e9phone<\/label>\r\n            <input type=\"tel\" name=\"phone\" class=\"form-control\" placeholder=\"0787117165\" pattern=\"^[0-9]{10}$\" required>\r\n        <\/div>\r\n        <div class=\"form-group\">\r\n            <label for=\"contact_postalCode\" class=\"required\">Code postal et localit\u00e9<\/label>\r\n            <input type=\"text\" name=\"postalCode\" class=\"form-control\" required>\r\n        <\/div>\r\n        <div class=\"form-group\">\r\n            <label for=\"contact_address\" class=\"required\">Adresse<\/label>\r\n            <input type=\"text\" name=\"address\" class=\"form-control\" required>\r\n        <\/div>\r\n        <div class=\"full-width topic\">\r\n            <p class=\"required\">Je souhaite \u00eatre contact\u00e9 pour :<\/p>\r\n            <div class=\"form-check\">\r\n                <input type=\"radio\" name=\"topic\" value=\"D\u00e9pannage\" class=\"form-control\" required>\r\n                <label for=\"d\u00e9pannage\">D\u00e9pannage<\/label>\r\n            <\/div>\r\n            <div class=\"form-check\">\r\n                <input type=\"radio\" name=\"topic\" value=\"Entretien\" class=\"form-control\" required>\r\n                <label for=\"entretien\">Entretien<\/label>\r\n            <\/div>\r\n            <div class=\"form-check\">\r\n                <input type=\"radio\" name=\"topic\" value=\"R\u00e9novation\" class=\"form-control\" required>\r\n                <label for=\"r\u00e9novation\">R\u00e9novation<\/label>\r\n            <\/div>\r\n            <div class=\"form-check\">\r\n                <input type=\"radio\" name=\"topic\" value=\"Autre\" class=\"form-control\" required>\r\n                <label for=\"autre\">Autre<\/label>\r\n            <\/div>\r\n        <\/div>\r\n        <div class=\"form-group full-width\">\r\n            <label for=\"contact_message\">Message<\/label>\r\n            <textarea name=\"message\" rows=\"3\" class=\"form-control\"><\/textarea>\r\n        <\/div>\r\n    <\/div>\r\n    <div class=\"form-actions\">\r\n        <button class=\"wp-block-button__link has-accent-background-color\">Contacter<\/button>\r\n    <\/div>\r\n<\/form>\r\n<div class=\"form-feedback\"><\/div>    <\/div>\n<h2>Services de jardinage pour les Carouge GEois<\/h2>\n<ul>\n<li>Conception personnalis\u00e9e et cr\u00e9ation de votre jardin : en fonction de votre demande, nous planifions et r\u00e9alisons votre projet d&rsquo;am\u00e9nagement paysager sur mesure.<\/li>\n<li>Entretien de votre espace vert : nous op\u00e9rons sous contrat ou \u00e0 la prestation par rapport \u00e0 vos besoins.<\/li>\n<li> Am\u00e9nagement de votre balcon : nous cr\u00e9ons un espace vert sur votre terrasse ou votre balcon pour le transformer en un lieu de vie.<\/li>\n<li> V\u00e9g\u00e9talisation : nous r\u00e9alisons la cr\u00e9ation de vos espaces verts dans votre entreprise, immeuble, h\u00f4tel ou centre commercial. R\u00e9habilitation et r\u00e9novation des espaces verts : nous nous chargeons de l&rsquo;int\u00e9gralit\u00e9 de la r\u00e9novation de votre espace vert pour les b\u00e2timents, maisons et appartements.<\/li>\n<li> Entretien des espaces verts en ville : nous r\u00e9alisons l&rsquo;entretien des berges, routes, ruelles, parcs et jardins.<\/li>\n<\/ul>\n<h2>Nos services en am\u00e9nagement paysager<\/h2>\n<ul>\n<li>Cr\u00e9ation de massif de jardin<\/li>\n<li>D\u00e9broussaillage, fauchage<\/li>\n<li>Installation de pelouse <\/li>\n<li>Plantations et fleurissement<\/li>\n<li>Coupes de rosiers, haies et arbustes<\/li>\n<li>Coupe du gazon<\/li>\n<li>Restauration de gazon<\/li>\n<li>Am\u00e9nagement, v\u00e9g\u00e9talisation<\/li>\n<li>Nivellement de terrain<\/li>\n<li>Pr\u00e9paration du terrain<\/li>\n<li>Pose de panneaux et de barri\u00e8res<\/li>\n<li>Mise en place de syst\u00e8mes d&rsquo;arrosage automatique<\/li>\n<li>Pose de terrasse lames de bois<\/li>\n<li>Pose de pav\u00e9s<\/li>\n<li>\u00c9lagage, abattement d&rsquo;arbre<\/li>\n<li>D\u00e9racinement de racines<\/li>\n<li>Broyage et \u00e9vacuation des d\u00e9chets<\/li>\n<\/ul>\n<h2>Pourquoi faire confiance \u00e0 Artisanlocal<\/h2>\n<p>Nos paysagistes \u00e0 Carouge GE respectent l&rsquo;environnement. Nous op\u00e9rons chez les particuliers, les collectivit\u00e9s et les professionnels. Nous employons que des produits \u00e9cologiques. Artisanlocal est situ\u00e9 au centre de Carouge GE. Les jardiniers qui op\u00e8rent \u00e0 votre domicile ou dans votre entreprise veillent \u00e0 votre satisfaction. Nous faisons tout notre possible pour r\u00e9pondre \u00e0 vos attentes dans les meilleurs temps. Nos tarifs sont comp\u00e9titifs. L&rsquo;estimation de vos travaux de paysagistes est gratuite.<\/p>\n<h2>Une seule entreprise pour r\u00e9pondre \u00e0 tous vos besoins <\/h2>\n<p>Artisanlocal est une entreprise experte dans l\u2019am\u00e9nagement paysager \u00e0 Carouge GE et qui r\u00e9alisent l\u2019entretien et la cr\u00e9ation de vos jardins. En travaillant avec Artisanlocal, vous avez un interlocuteur unique pour vous faire gagner du temps.<\/p>\n<h2>Quels types de clients accompagnez-vous ?<\/h2>\n<p>Nous accompagnons:<\/p>\n<ul>\n<li>Les \u00e9tablissements et caf\u00e9s.<\/li>\n<li>Les chambres d&rsquo;h\u00f4tes et h\u00f4tels.<\/li>\n<li> Les copropri\u00e9t\u00e9s et maisons.<\/li>\n<li> Les propri\u00e9taires.<\/li>\n<li> Les ch\u00e2teaux et domaines agricoles. <\/li>\n<li>Les entreprises.<\/li>\n<\/ul>\n<h2>Paysagistes \u00e0 Carouge GE et dans les villes aux alentours<\/h2>\n<p>Nous cr\u00e9ons l&rsquo;espace vert dont vous r\u00eavez. En fonction des contraintes de votre terrain et de vos objectifs de votre jardin, nous ajustons notre prestation. Nous examinons au pr\u00e9alable votre objectif, et notre \u00e9quipe s&rsquo;occupe de sa r\u00e9alisation de A \u00e0 Z. Notre \u00e9quipe intervient \u00e0 Carouge GE, mais aussi dans les localit\u00e9s proches comme :&nbsp;<\/p>\nGen\u00e8ve, Grand-Lancy, Petit-Lancy, Onex, A\u00efre, V\u00e9senaz, Cologny, Ch\u00eane-Bougeries, Ch\u00eane-Bourg, Th\u00f4nex, Les Acacias, Plan-les-Ouates, Conches, Confignon, Bernex, Vessy, Cartigny, Avully, Puplinge, Presinge, Choulex, Collonge-Bellerive, Corsier GE, Ani\u00e8res, Hermance, Gy, Meinier, Vandoeuvres, Jussy, Veyrier, Troinex, La Croix-de-Rozon, Perly, Chancy, Athenaz (Avusy), Soral, Laconnex, Aire-la-Ville.\n","protected":false},"excerpt":{"rendered":"<p>Notre entreprise de paysagiste \u00e9labore et entretien vos espaces ext\u00e9rieurs et jardins. Notre \u00e9quipe de paysagistes op\u00e8re \u00e0 Carouge GE aupr\u00e8s des professionnels, propri\u00e9taires et copropri\u00e9t\u00e9s. Nos \u00e9quipes sont \u00e0 l&rsquo;\u00e9coute de vos attentes et vous proposent des services adapt\u00e9s tout en respectant la biodiversit\u00e9 locale. Services de jardinage pour les Carouge GEois Conception personnalis\u00e9e [&hellip;]<\/p>\n","protected":false},"author":4,"featured_media":2962,"parent":0,"menu_order":0,"comment_status":"closed","ping_status":"closed","template":"","meta":{"footnotes":""},"profession":[128],"location":[96],"canton":[112],"class_list":["post-2924","page","type-page","status-publish","has-post-thumbnail","hentry","profession-jardinier-paysagiste","location-carouge-ge","canton-ge"],"yoast_head":"<!-- This site is optimized with the Yoast SEO Premium plugin v25.7.1 (Yoast SEO v27.4) - https:\/\/yoast.com\/product\/yoast-seo-premium-wordpress\/ -->\n<title>Paysagistes \u00e0 Carouge GE - Artisanlocal<\/title>\n<meta name=\"robots\" content=\"index, follow, max-snippet:-1, max-image-preview:large, max-video-preview:-1\" \/>\n<link rel=\"canonical\" href=\"https:\/\/www.artisanlocal.ch\/c\/paysagistes-a-carouge\/\" \/>\n<meta property=\"og:locale\" content=\"fr_FR\" \/>\n<meta property=\"og:type\" content=\"article\" \/>\n<meta property=\"og:title\" content=\"Paysagistes \u00e0 Carouge GE\" \/>\n<meta property=\"og:description\" content=\"Notre entreprise de paysagiste \u00e9labore et entretien vos espaces ext\u00e9rieurs et jardins. Notre \u00e9quipe de paysagistes op\u00e8re \u00e0 Carouge GE aupr\u00e8s des professionnels, propri\u00e9taires et copropri\u00e9t\u00e9s. Nos \u00e9quipes sont \u00e0 l&rsquo;\u00e9coute de vos attentes et vous proposent des services adapt\u00e9s tout en respectant la biodiversit\u00e9 locale. Services de jardinage pour les Carouge GEois Conception personnalis\u00e9e [&hellip;]\" \/>\n<meta property=\"og:url\" content=\"https:\/\/www.artisanlocal.ch\/c\/paysagistes-a-carouge\/\" \/>\n<meta property=\"og:site_name\" content=\"Artisanlocal\" \/>\n<meta property=\"article:modified_time\" content=\"2025-08-26T17:25:30+00:00\" \/>\n<meta property=\"og:image\" content=\"https:\/\/www.artisanlocal.ch\/c\/wp-content\/uploads\/2024\/11\/paysagiste-jardinier.jpg\" \/>\n\t<meta property=\"og:image:width\" content=\"1920\" \/>\n\t<meta property=\"og:image:height\" content=\"300\" \/>\n\t<meta property=\"og:image:type\" content=\"image\/jpeg\" \/>\n<meta name=\"twitter:card\" content=\"summary_large_image\" \/>\n<meta name=\"twitter:label1\" content=\"Dur\u00e9e de lecture estim\u00e9e\" \/>\n\t<meta name=\"twitter:data1\" content=\"3 minutes\" \/>\n<script type=\"application\/ld+json\" class=\"yoast-schema-graph\">{\"@context\":\"https:\\\/\\\/schema.org\",\"@graph\":[{\"@type\":\"WebPage\",\"@id\":\"https:\\\/\\\/www.artisanlocal.ch\\\/c\\\/paysagistes-a-carouge\\\/\",\"url\":\"https:\\\/\\\/www.artisanlocal.ch\\\/c\\\/paysagistes-a-carouge\\\/\",\"name\":\"Paysagistes \u00e0 Carouge GE - Artisanlocal\",\"isPartOf\":{\"@id\":\"https:\\\/\\\/www.artisanlocal.ch\\\/c\\\/#website\"},\"primaryImageOfPage\":{\"@id\":\"https:\\\/\\\/www.artisanlocal.ch\\\/c\\\/paysagistes-a-carouge\\\/#primaryimage\"},\"image\":{\"@id\":\"https:\\\/\\\/www.artisanlocal.ch\\\/c\\\/paysagistes-a-carouge\\\/#primaryimage\"},\"thumbnailUrl\":\"https:\\\/\\\/www.artisanlocal.ch\\\/c\\\/wp-content\\\/uploads\\\/2024\\\/11\\\/paysagiste-jardinier.jpg\",\"datePublished\":\"2024-10-03T09:47:16+00:00\",\"dateModified\":\"2025-08-26T17:25:30+00:00\",\"breadcrumb\":{\"@id\":\"https:\\\/\\\/www.artisanlocal.ch\\\/c\\\/paysagistes-a-carouge\\\/#breadcrumb\"},\"inLanguage\":\"fr-FR\",\"potentialAction\":[{\"@type\":\"ReadAction\",\"target\":[\"https:\\\/\\\/www.artisanlocal.ch\\\/c\\\/paysagistes-a-carouge\\\/\"]}]},{\"@type\":\"ImageObject\",\"inLanguage\":\"fr-FR\",\"@id\":\"https:\\\/\\\/www.artisanlocal.ch\\\/c\\\/paysagistes-a-carouge\\\/#primaryimage\",\"url\":\"https:\\\/\\\/www.artisanlocal.ch\\\/c\\\/wp-content\\\/uploads\\\/2024\\\/11\\\/paysagiste-jardinier.jpg\",\"contentUrl\":\"https:\\\/\\\/www.artisanlocal.ch\\\/c\\\/wp-content\\\/uploads\\\/2024\\\/11\\\/paysagiste-jardinier.jpg\",\"width\":1920,\"height\":300},{\"@type\":\"BreadcrumbList\",\"@id\":\"https:\\\/\\\/www.artisanlocal.ch\\\/c\\\/paysagistes-a-carouge\\\/#breadcrumb\",\"itemListElement\":[{\"@type\":\"ListItem\",\"position\":1,\"name\":\"Accueil\",\"item\":\"https:\\\/\\\/www.artisanlocal.ch\\\/c\\\/\"},{\"@type\":\"ListItem\",\"position\":2,\"name\":\"Paysagistes \u00e0 Carouge\"}]},{\"@type\":\"WebSite\",\"@id\":\"https:\\\/\\\/www.artisanlocal.ch\\\/c\\\/#website\",\"url\":\"https:\\\/\\\/www.artisanlocal.ch\\\/c\\\/\",\"name\":\"Artisanlocal\",\"description\":\"\",\"publisher\":{\"@id\":\"https:\\\/\\\/www.artisanlocal.ch\\\/c\\\/#organization\"},\"potentialAction\":[{\"@type\":\"SearchAction\",\"target\":{\"@type\":\"EntryPoint\",\"urlTemplate\":\"https:\\\/\\\/www.artisanlocal.ch\\\/c\\\/?s={search_term_string}\"},\"query-input\":{\"@type\":\"PropertyValueSpecification\",\"valueRequired\":true,\"valueName\":\"search_term_string\"}}],\"inLanguage\":\"fr-FR\"},{\"@type\":\"Organization\",\"@id\":\"https:\\\/\\\/www.artisanlocal.ch\\\/c\\\/#organization\",\"name\":\"Artisanlocal\",\"url\":\"https:\\\/\\\/www.artisanlocal.ch\\\/c\\\/\",\"logo\":{\"@type\":\"ImageObject\",\"inLanguage\":\"fr-FR\",\"@id\":\"https:\\\/\\\/www.artisanlocal.ch\\\/c\\\/#\\\/schema\\\/logo\\\/image\\\/\",\"url\":\"https:\\\/\\\/www.artisanlocal.ch\\\/c\\\/wp-content\\\/uploads\\\/2024\\\/02\\\/logo-artisanlocal-h.svg\",\"contentUrl\":\"https:\\\/\\\/www.artisanlocal.ch\\\/c\\\/wp-content\\\/uploads\\\/2024\\\/02\\\/logo-artisanlocal-h.svg\",\"caption\":\"Artisanlocal\"},\"image\":{\"@id\":\"https:\\\/\\\/www.artisanlocal.ch\\\/c\\\/#\\\/schema\\\/logo\\\/image\\\/\"}}]}<\/script>\n<!-- \/ Yoast SEO Premium plugin. -->","yoast_head_json":{"title":"Paysagistes \u00e0 Carouge GE - Artisanlocal","robots":{"index":"index","follow":"follow","max-snippet":"max-snippet:-1","max-image-preview":"max-image-preview:large","max-video-preview":"max-video-preview:-1"},"canonical":"https:\/\/www.artisanlocal.ch\/c\/paysagistes-a-carouge\/","og_locale":"fr_FR","og_type":"article","og_title":"Paysagistes \u00e0 Carouge GE","og_description":"Notre entreprise de paysagiste \u00e9labore et entretien vos espaces ext\u00e9rieurs et jardins. Notre \u00e9quipe de paysagistes op\u00e8re \u00e0 Carouge GE aupr\u00e8s des professionnels, propri\u00e9taires et copropri\u00e9t\u00e9s. Nos \u00e9quipes sont \u00e0 l&rsquo;\u00e9coute de vos attentes et vous proposent des services adapt\u00e9s tout en respectant la biodiversit\u00e9 locale. Services de jardinage pour les Carouge GEois Conception personnalis\u00e9e [&hellip;]","og_url":"https:\/\/www.artisanlocal.ch\/c\/paysagistes-a-carouge\/","og_site_name":"Artisanlocal","article_modified_time":"2025-08-26T17:25:30+00:00","og_image":[{"width":1920,"height":300,"url":"https:\/\/www.artisanlocal.ch\/c\/wp-content\/uploads\/2024\/11\/paysagiste-jardinier.jpg","type":"image\/jpeg"}],"twitter_card":"summary_large_image","twitter_misc":{"Dur\u00e9e de lecture estim\u00e9e":"3 minutes"},"schema":{"@context":"https:\/\/schema.org","@graph":[{"@type":"WebPage","@id":"https:\/\/www.artisanlocal.ch\/c\/paysagistes-a-carouge\/","url":"https:\/\/www.artisanlocal.ch\/c\/paysagistes-a-carouge\/","name":"Paysagistes \u00e0 Carouge GE - Artisanlocal","isPartOf":{"@id":"https:\/\/www.artisanlocal.ch\/c\/#website"},"primaryImageOfPage":{"@id":"https:\/\/www.artisanlocal.ch\/c\/paysagistes-a-carouge\/#primaryimage"},"image":{"@id":"https:\/\/www.artisanlocal.ch\/c\/paysagistes-a-carouge\/#primaryimage"},"thumbnailUrl":"https:\/\/www.artisanlocal.ch\/c\/wp-content\/uploads\/2024\/11\/paysagiste-jardinier.jpg","datePublished":"2024-10-03T09:47:16+00:00","dateModified":"2025-08-26T17:25:30+00:00","breadcrumb":{"@id":"https:\/\/www.artisanlocal.ch\/c\/paysagistes-a-carouge\/#breadcrumb"},"inLanguage":"fr-FR","potentialAction":[{"@type":"ReadAction","target":["https:\/\/www.artisanlocal.ch\/c\/paysagistes-a-carouge\/"]}]},{"@type":"ImageObject","inLanguage":"fr-FR","@id":"https:\/\/www.artisanlocal.ch\/c\/paysagistes-a-carouge\/#primaryimage","url":"https:\/\/www.artisanlocal.ch\/c\/wp-content\/uploads\/2024\/11\/paysagiste-jardinier.jpg","contentUrl":"https:\/\/www.artisanlocal.ch\/c\/wp-content\/uploads\/2024\/11\/paysagiste-jardinier.jpg","width":1920,"height":300},{"@type":"BreadcrumbList","@id":"https:\/\/www.artisanlocal.ch\/c\/paysagistes-a-carouge\/#breadcrumb","itemListElement":[{"@type":"ListItem","position":1,"name":"Accueil","item":"https:\/\/www.artisanlocal.ch\/c\/"},{"@type":"ListItem","position":2,"name":"Paysagistes \u00e0 Carouge"}]},{"@type":"WebSite","@id":"https:\/\/www.artisanlocal.ch\/c\/#website","url":"https:\/\/www.artisanlocal.ch\/c\/","name":"Artisanlocal","description":"","publisher":{"@id":"https:\/\/www.artisanlocal.ch\/c\/#organization"},"potentialAction":[{"@type":"SearchAction","target":{"@type":"EntryPoint","urlTemplate":"https:\/\/www.artisanlocal.ch\/c\/?s={search_term_string}"},"query-input":{"@type":"PropertyValueSpecification","valueRequired":true,"valueName":"search_term_string"}}],"inLanguage":"fr-FR"},{"@type":"Organization","@id":"https:\/\/www.artisanlocal.ch\/c\/#organization","name":"Artisanlocal","url":"https:\/\/www.artisanlocal.ch\/c\/","logo":{"@type":"ImageObject","inLanguage":"fr-FR","@id":"https:\/\/www.artisanlocal.ch\/c\/#\/schema\/logo\/image\/","url":"https:\/\/www.artisanlocal.ch\/c\/wp-content\/uploads\/2024\/02\/logo-artisanlocal-h.svg","contentUrl":"https:\/\/www.artisanlocal.ch\/c\/wp-content\/uploads\/2024\/02\/logo-artisanlocal-h.svg","caption":"Artisanlocal"},"image":{"@id":"https:\/\/www.artisanlocal.ch\/c\/#\/schema\/logo\/image\/"}}]}},"_links":{"self":[{"href":"https:\/\/www.artisanlocal.ch\/c\/wp-json\/wp\/v2\/pages\/2924","targetHints":{"allow":["GET"]}}],"collection":[{"href":"https:\/\/www.artisanlocal.ch\/c\/wp-json\/wp\/v2\/pages"}],"about":[{"href":"https:\/\/www.artisanlocal.ch\/c\/wp-json\/wp\/v2\/types\/page"}],"author":[{"embeddable":true,"href":"https:\/\/www.artisanlocal.ch\/c\/wp-json\/wp\/v2\/users\/4"}],"replies":[{"embeddable":true,"href":"https:\/\/www.artisanlocal.ch\/c\/wp-json\/wp\/v2\/comments?post=2924"}],"version-history":[{"count":0,"href":"https:\/\/www.artisanlocal.ch\/c\/wp-json\/wp\/v2\/pages\/2924\/revisions"}],"wp:featuredmedia":[{"embeddable":true,"href":"https:\/\/www.artisanlocal.ch\/c\/wp-json\/wp\/v2\/media\/2962"}],"wp:attachment":[{"href":"https:\/\/www.artisanlocal.ch\/c\/wp-json\/wp\/v2\/media?parent=2924"}],"wp:term":[{"taxonomy":"profession","embeddable":true,"href":"https:\/\/www.artisanlocal.ch\/c\/wp-json\/wp\/v2\/profession?post=2924"},{"taxonomy":"location","embeddable":true,"href":"https:\/\/www.artisanlocal.ch\/c\/wp-json\/wp\/v2\/location?post=2924"},{"taxonomy":"canton","embeddable":true,"href":"https:\/\/www.artisanlocal.ch\/c\/wp-json\/wp\/v2\/canton?post=2924"}],"curies":[{"name":"wp","href":"https:\/\/api.w.org\/{rel}","templated":true}]}}